{"id":73722,"date":"2026-03-23T08:55:18","date_gmt":"2026-03-23T08:55:18","guid":{"rendered":"https:\/\/shop.verlag.uni-potsdam.de\/shop\/empty-product-container\/"},"modified":"2026-03-23T11:56:18","modified_gmt":"2026-03-23T10:56:18","slug":"schire-simroh","status":"publish","type":"product","link":"https:\/\/shop.verlag.uni-potsdam.de\/en\/shop\/schire-simroh\/","title":{"rendered":"Schire Simroh"},"content":{"rendered":"<p class=\"qtranxs-available-languages-message qtranxs-available-languages-message-en\">Sorry, this entry is only available in <a href=\"https:\/\/shop.verlag.uni-potsdam.de\/de\/wp-json\/wp\/v2\/product\/73722\" class=\"qtranxs-available-language-link qtranxs-available-language-link-de\" title=\"Deutsch\">Deutsch<\/a>.<\/p><p>F\u00fcr diese CD-Produktion wurden f\u00fcnf Kompositionen f\u00fcr Chasan, Chor und Orgel f\u00fcr den Freitagabend-Gottesdienst eingespielt, die urspr\u00fcnglich in dem Sammelband \u201eSchire Simroh\u201d erschienen sind, der synagogale Kompositionen zeitgen\u00f6ssischer Autoren zusammentrug. Sie sind f\u00fcr den Wettbewerb des Allgemeinen Deutschen Kantoren-Verbandes e. V. im Jahre 1926 geschrieben worden und im Verlag J. Kau\ufb00mann in Frankfurt am Main publiziert worden. 1930 wurde ein weiterer Sonderdruck ver\u00f6ffentlicht. Diese \u00e4u\u00dferst seltene Ausgabe wurde 1968 im Journal of Synagogue Music reproduziert. Dazu z\u00e4hlt auch das St\u00fcck \u201cW\u2019schomru\u201d, das \u2013 ebenso wie die anderen vier publizierten St\u00fccke \u2013 zum Kompendium geh\u00f6rte. Diese Komposition gibt einen Eindruck von Nadels expressivem Stil, der \u201cdie \u00f6stliche Freiheit des Ausdrucks mit dem westlichen Instrumentarium, einen weitgehend traditionellen j\u00fcdischen Melodieaufbau mit europ\u00e4ischer Polyphonie und harmonischer K\u00fchnheit verbindet\u201d. (Vgl. Jascha Nemtsov: Arno Nadel. Sein Beitrag zur j\u00fcdischen Musikkultur. Berlin 2008.)<br \/>Zus\u00e4tzlich be\ufb01ndet sich das St\u00fcck \u201cJ\u2019hi Scholom\u201d auf der CD, ein St\u00fcck f\u00fcr Chasan, Chor und Orgel, das Arno Nadel zur Einweihung des Friedenstempels in Berlin komponiert hat.<br \/>Der Psalm 24, herausgegeben zum 70. Geburtstag von Moritz Schaefer, am 21. Mai 1927 mit der Widmung \u201cHerrn Prof. Moritz Schaefer, dem Freunde aller gro\u00dfen j\u00fcdischen Bestrebungen\u201d ist eine A-Capella-Komposition f\u00fcr M\u00e4nnerchor mit Kantor-Solo, die f\u00fcr die Liturgie der Torahlesung geschrieben wurde.<br \/>Drei Solo-Orgelvorspiele umrahmen diese Aufnahme. Das erste ist f\u00fcr die Hohen Feiertage komponiert und wurde nach den repr\u00e4sentativsten liturgischen Motiven von \u201cBar\u2019chu\u201d und \u201cHamelech\u201d f\u00fcr das Abend- und Morgengebet komponiert.<br \/>Das mittlere Orgelvorspiel hat Arno Nadel f\u00fcr die drei Wochen vor dem Tisch\u2019a B\u2019Av geschrieben, die traurigsten Wochen des j\u00fcdischen Volkes, in deren Verlauf an die Zerst\u00f6rung beider Tempel in Jerusalem erinnert wird. Dieses Vorspiel basiert auf den Motiven der Liturgie f\u00fcr die Tage, an denen zum einen die \u201cKinnot\u201d rezitiert werden, liturgische Gedichte, die die Leiden des Volkes Israels im Exil beschreiben, und zum anderen die Klagelieder von Jeremia, die die Trauer und den Schrecken der Zerst\u00f6rung des Tempels beschreiben. Das abschlie\u00dfende St\u00fcck dieser CD er\u00f6\ufb00net den letzten Teil des Gottesdienstes am Jom Kippur, dem Vers\u00f6hnungstag. Es tr\u00e4gt den Namen \u201eNe\u2019ilah\u201c und entspricht dem Gebet, das vor dem Schlie\u00dfen der Tempeltore in Jerusalem am Ende des Tages gesprochen wurde.<\/p>","protected":false},"excerpt":{"rendered":"<p class=\"qtranxs-available-languages-message qtranxs-available-languages-message-en\">Sorry, this entry is only available in <a href=\"https:\/\/shop.verlag.uni-potsdam.de\/de\/wp-json\/wp\/v2\/product\/73722\" class=\"qtranxs-available-language-link qtranxs-available-language-link-de\" title=\"Deutsch\">Deutsch<\/a>.<\/p>\n<p>F\u00fcr diese CD-Produktion wurden f\u00fcnf Kompositionen f\u00fcr Chasan, Chor und Orgel f\u00fcr den Freitagabend-Gottesdienst eingespielt, die urspr\u00fcnglich in dem Sammelband \u201eSchire Simroh\u201d erschienen sind, der synagogale Kompositionen zeitgen\u00f6ssischer Autoren zusammentrug. Sie sind f\u00fcr den Wettbewerb des Allgemeinen Deutschen Kantoren-Verbandes e. V. im Jahre 1926 geschrieben worden und im Verlag J. Kau\ufb00mann in Frankfurt am Main publiziert worden. 1930 wurde ein weiterer Sonderdruck ver\u00f6ffentlicht. Diese \u00e4u\u00dferst seltene Ausgabe wurde 1968 im Journal of Synagogue Music reproduziert. Dazu z\u00e4hlt auch das St\u00fcck \u201cW\u2019schomru\u201d, das \u2013 ebenso wie die anderen vier publizierten St\u00fccke \u2013 zum Kompendium geh\u00f6rte. Diese Komposition gibt einen Eindruck von Nadels expressivem Stil, der \u201cdie \u00f6stliche Freiheit des Ausdrucks mit dem westlichen Instrumentarium, einen weitgehend traditionellen j\u00fcdischen Melodieaufbau mit europ\u00e4ischer Polyphonie und harmonischer K\u00fchnheit verbindet\u201d. (Vgl. Jascha Nemtsov: Arno Nadel. Sein Beitrag zur j\u00fcdischen Musikkultur. Berlin 2008.)<br \/>Zus\u00e4tzlich be\ufb01ndet sich das St\u00fcck \u201cJ\u2019hi Scholom\u201d auf der CD, ein St\u00fcck f\u00fcr Chasan, Chor und Orgel, das Arno Nadel zur Einweihung des Friedenstempels in Berlin komponiert hat.<br \/>Der Psalm 24, herausgegeben zum 70. Geburtstag von Moritz Schaefer, am 21. Mai 1927 mit der Widmung \u201cHerrn Prof. Moritz Schaefer, dem Freunde aller gro\u00dfen j\u00fcdischen Bestrebungen\u201d ist eine A-Capella-Komposition f\u00fcr M\u00e4nnerchor mit Kantor-Solo, die f\u00fcr die Liturgie der Torahlesung geschrieben wurde.<br \/>Drei Solo-Orgelvorspiele umrahmen diese Aufnahme. Das erste ist f\u00fcr die Hohen Feiertage komponiert und wurde nach den repr\u00e4sentativsten liturgischen Motiven von \u201cBar\u2019chu\u201d und \u201cHamelech\u201d f\u00fcr das Abend- und Morgengebet komponiert.<br \/>Das mittlere Orgelvorspiel hat Arno Nadel f\u00fcr die drei Wochen vor dem Tisch\u2019a B\u2019Av geschrieben, die traurigsten Wochen des j\u00fcdischen Volkes, in deren Verlauf an die Zerst\u00f6rung beider Tempel in Jerusalem erinnert wird. Dieses Vorspiel basiert auf den Motiven der Liturgie f\u00fcr die Tage, an denen zum einen die \u201cKinnot\u201d rezitiert werden, liturgische Gedichte, die die Leiden des Volkes Israels im Exil beschreiben, und zum anderen die Klagelieder von Jeremia, die die Trauer und den Schrecken der Zerst\u00f6rung des Tempels beschreiben. Das abschlie\u00dfende St\u00fcck dieser CD er\u00f6\ufb00net den letzten Teil des Gottesdienstes am Jom Kippur, dem Vers\u00f6hnungstag. Es tr\u00e4gt den Namen \u201eNe\u2019ilah\u201c und entspricht dem Gebet, das vor dem Schlie\u00dfen der Tempeltore in Jerusalem am Ende des Tages gesprochen wurde.<\/p>\n","protected":false},"featured_media":73723,"template":"","meta":{"_acf_changed":false},"product_brand":[],"product_cat":[6218,6226],"product_tag":[5112],"class_list":{"0":"post-73722","1":"product","2":"type-product","3":"status-publish","4":"has-post-thumbnail","6":"product_cat-musik-web-kategorie","7":"product_cat-religion-theologie","8":"product_tag-arno-nadel-synagogale-musik-juedische-liturgie-juedisches-berlin-kantor","9":"autor-arno-nadel","10":"autor-chor-der-synagoge-pestalozzistrasse","11":"autor-isidoro-abramowicz","12":"autor-jakub-stefek","13":"autor-thomas-boessl","15":"first","16":"instock","17":"shipping-taxable","18":"purchasable","19":"product-type-simple"},"acf":[],"yoast_head":"<!-- This site is optimized with the Yoast SEO plugin v27.1.1 - https:\/\/yoast.com\/product\/yoast-seo-wordpress\/ -->\n<title>Schire Simroh - Universit\u00e4tsverlag Potsdam<\/title>\n<meta name=\"robots\" content=\"index, follow, max-snippet:-1, max-image-preview:large, max-video-preview:-1\" \/>\n<link rel=\"canonical\" href=\"https:\/\/shop.verlag.uni-potsdam.de\/en\/shop\/schire-simroh\/\" \/>\n<meta property=\"og:locale\" content=\"en_US\" \/>\n<meta property=\"og:type\" content=\"article\" \/>\n<meta property=\"og:title\" content=\"Schire Simroh - Universit\u00e4tsverlag Potsdam\" \/>\n<meta property=\"og:description\" content=\"F\u00fcr diese CD-Produktion wurden f\u00fcnf Kompositionen f\u00fcr Chasan, Chor und Orgel f\u00fcr den Freitagabend-Gottesdienst eingespielt, die urspr\u00fcnglich in dem Sammelband \u201eSchire Simroh\u201d erschienen sind, der synagogale Kompositionen zeitgen\u00f6ssischer Autoren zusammentrug. Sie sind f\u00fcr den Wettbewerb des Allgemeinen Deutschen Kantoren-Verbandes e. V. im Jahre 1926 geschrieben worden und im Verlag J. Kau\ufb00mann in Frankfurt am Main publiziert worden. 1930 wurde ein weiterer Sonderdruck ver\u00f6ffentlicht. Diese \u00e4u\u00dferst seltene Ausgabe wurde 1968 im Journal of Synagogue Music reproduziert. Dazu z\u00e4hlt auch das St\u00fcck \u201cW\u2019schomru\u201d, das \u2013 ebenso wie die anderen vier publizierten St\u00fccke \u2013 zum Kompendium geh\u00f6rte. Diese Komposition gibt einen Eindruck von Nadels expressivem Stil, der \u201cdie \u00f6stliche Freiheit des Ausdrucks mit dem westlichen Instrumentarium, einen weitgehend traditionellen j\u00fcdischen Melodieaufbau mit europ\u00e4ischer Polyphonie und harmonischer K\u00fchnheit verbindet\u201d. (Vgl. Jascha Nemtsov: Arno Nadel. Sein Beitrag zur j\u00fcdischen Musikkultur. Berlin 2008.)Zus\u00e4tzlich be\ufb01ndet sich das St\u00fcck \u201cJ\u2019hi Scholom\u201d auf der CD, ein St\u00fcck f\u00fcr Chasan, Chor und Orgel, das Arno Nadel zur Einweihung des Friedenstempels in Berlin komponiert hat.Der Psalm 24, herausgegeben zum 70. Geburtstag von Moritz Schaefer, am 21. Mai 1927 mit der Widmung \u201cHerrn Prof. Moritz Schaefer, dem Freunde aller gro\u00dfen j\u00fcdischen Bestrebungen\u201d ist eine A-Capella-Komposition f\u00fcr M\u00e4nnerchor mit Kantor-Solo, die f\u00fcr die Liturgie der Torahlesung geschrieben wurde.Drei Solo-Orgelvorspiele umrahmen diese Aufnahme. Das erste ist f\u00fcr die Hohen Feiertage komponiert und wurde nach den repr\u00e4sentativsten liturgischen Motiven von \u201cBar\u2019chu\u201d und \u201cHamelech\u201d f\u00fcr das Abend- und Morgengebet komponiert.Das mittlere Orgelvorspiel hat Arno Nadel f\u00fcr die drei Wochen vor dem Tisch\u2019a B\u2019Av geschrieben, die traurigsten Wochen des j\u00fcdischen Volkes, in deren Verlauf an die Zerst\u00f6rung beider Tempel in Jerusalem erinnert wird. Dieses Vorspiel basiert auf den Motiven der Liturgie f\u00fcr die Tage, an denen zum einen die \u201cKinnot\u201d rezitiert werden, liturgische Gedichte, die die Leiden des Volkes Israels im Exil beschreiben, und zum anderen die Klagelieder von Jeremia, die die Trauer und den Schrecken der Zerst\u00f6rung des Tempels beschreiben. Das abschlie\u00dfende St\u00fcck dieser CD er\u00f6\ufb00net den letzten Teil des Gottesdienstes am Jom Kippur, dem Vers\u00f6hnungstag. Es tr\u00e4gt den Namen \u201eNe\u2019ilah\u201c und entspricht dem Gebet, das vor dem Schlie\u00dfen der Tempeltore in Jerusalem am Ende des Tages gesprochen wurde.\" \/>\n<meta property=\"og:url\" content=\"https:\/\/shop.verlag.uni-potsdam.de\/en\/shop\/schire-simroh\/\" \/>\n<meta property=\"og:site_name\" content=\"Universit\u00e4tsverlag Potsdam\" \/>\n<meta property=\"article:modified_time\" content=\"2026-03-23T10:56:18+00:00\" \/>\n<meta property=\"og:image\" content=\"https:\/\/shop.verlag.uni-potsdam.de\/wp-content\/uploads\/asolmerce\/image-978-3-86956-515-6.jpg\" \/>\n\t<meta property=\"og:image:width\" content=\"1695\" \/>\n\t<meta property=\"og:image:height\" content=\"1474\" \/>\n\t<meta property=\"og:image:type\" content=\"image\/jpeg\" \/>\n<meta name=\"twitter:card\" content=\"summary_large_image\" \/>\n<meta name=\"twitter:label1\" content=\"Est. reading time\" \/>\n\t<meta name=\"twitter:data1\" content=\"2 minutes\" \/>\n<script type=\"application\/ld+json\" class=\"yoast-schema-graph\">{\"@context\":\"https:\/\/schema.org\",\"@graph\":[{\"@type\":\"WebPage\",\"@id\":\"https:\/\/shop.verlag.uni-potsdam.de\/en\/shop\/schire-simroh\/\",\"url\":\"https:\/\/shop.verlag.uni-potsdam.de\/en\/shop\/schire-simroh\/\",\"name\":\"Schire Simroh - Universit\u00e4tsverlag Potsdam\",\"isPartOf\":{\"@id\":\"https:\/\/shop.verlag.uni-potsdam.de\/en\/#website\"},\"primaryImageOfPage\":{\"@id\":\"https:\/\/shop.verlag.uni-potsdam.de\/en\/shop\/schire-simroh\/#primaryimage\"},\"image\":{\"@id\":\"https:\/\/shop.verlag.uni-potsdam.de\/shop\/schire-simroh\/#primaryimage\"},\"thumbnailUrl\":\"https:\/\/shop.verlag.uni-potsdam.de\/wp-content\/uploads\/asolmerce\/image-978-3-86956-515-6.jpg\",\"datePublished\":\"2026-03-23T08:55:18+00:00\",\"dateModified\":\"2026-03-23T10:56:18+00:00\",\"breadcrumb\":{\"@id\":\"https:\/\/shop.verlag.uni-potsdam.de\/en\/shop\/schire-simroh\/#breadcrumb\"},\"inLanguage\":\"en-US\",\"potentialAction\":[{\"@type\":\"ReadAction\",\"target\":[[\"https:\/\/shop.verlag.uni-potsdam.de\/en\/shop\/schire-simroh\/\"]]}]},{\"@type\":\"ImageObject\",\"inLanguage\":\"en-US\",\"@id\":\"https:\/\/shop.verlag.uni-potsdam.de\/en\/shop\/schire-simroh\/#primaryimage\",\"url\":\"https:\/\/shop.verlag.uni-potsdam.de\/wp-content\/uploads\/asolmerce\/image-978-3-86956-515-6.jpg\",\"contentUrl\":\"https:\/\/shop.verlag.uni-potsdam.de\/wp-content\/uploads\/asolmerce\/image-978-3-86956-515-6.jpg\",\"width\":1695,\"height\":1474},{\"@type\":\"BreadcrumbList\",\"@id\":\"https:\/\/shop.verlag.uni-potsdam.de\/en\/shop\/schire-simroh\/#breadcrumb\",\"itemListElement\":[{\"@type\":\"ListItem\",\"position\":1,\"name\":\"Startseite\",\"item\":\"https:\/\/shop.verlag.uni-potsdam.de\/en\/\"},{\"@type\":\"ListItem\",\"position\":2,\"name\":\"Shop\",\"item\":\"https:\/\/shop.verlag.uni-potsdam.de\/en\/shop\/\"},{\"@type\":\"ListItem\",\"position\":3,\"name\":\"Schire Simroh\"}]},{\"@type\":\"WebSite\",\"@id\":\"https:\/\/shop.verlag.uni-potsdam.de\/en\/#website\",\"url\":\"https:\/\/shop.verlag.uni-potsdam.de\/en\/\",\"name\":\"Universit\u00e4tsverlag Potsdam\",\"description\":\"\",\"publisher\":{\"@id\":\"https:\/\/shop.verlag.uni-potsdam.de\/en\/#organization\"},\"potentialAction\":[{\"@type\":\"SearchAction\",\"target\":{\"@type\":\"EntryPoint\",\"urlTemplate\":\"https:\/\/shop.verlag.uni-potsdam.de\/en\/?s={search_term_string}\"},\"query-input\":{\"@type\":\"PropertyValueSpecification\",\"valueRequired\":true,\"valueName\":\"search_term_string\"}}],\"inLanguage\":\"en-US\"},{\"@type\":\"Organization\",\"@id\":\"https:\/\/shop.verlag.uni-potsdam.de\/en\/#organization\",\"name\":\"Universit\u00e4tsverlag Potsdam\",\"url\":\"https:\/\/shop.verlag.uni-potsdam.de\/en\/\",\"logo\":{\"@type\":\"ImageObject\",\"inLanguage\":\"en-US\",\"@id\":\"https:\/\/shop.verlag.uni-potsdam.de\/en\/#\/schema\/logo\/image\/\",\"url\":\"https:\/\/shop.verlag.uni-potsdam.de\/wp-content\/uploads\/2017\/04\/up_logo_university_2.png\",\"contentUrl\":\"https:\/\/shop.verlag.uni-potsdam.de\/wp-content\/uploads\/2017\/04\/up_logo_university_2.png\",\"width\":160,\"height\":172,\"caption\":\"Universit\u00e4tsverlag Potsdam\"},\"image\":{\"@id\":\"https:\/\/shop.verlag.uni-potsdam.de\/en\/#\/schema\/logo\/image\/\"}}]}<\/script>\n<!-- \/ Yoast SEO plugin. -->","yoast_head_json":{"title":"Schire Simroh - Universit\u00e4tsverlag Potsdam","robots":{"index":"index","follow":"follow","max-snippet":"max-snippet:-1","max-image-preview":"max-image-preview:large","max-video-preview":"max-video-preview:-1"},"canonical":"https:\/\/shop.verlag.uni-potsdam.de\/en\/shop\/schire-simroh\/","og_locale":"en_US","og_type":"article","og_title":"Schire Simroh - Universit\u00e4tsverlag Potsdam","og_description":"F\u00fcr diese CD-Produktion wurden f\u00fcnf Kompositionen f\u00fcr Chasan, Chor und Orgel f\u00fcr den Freitagabend-Gottesdienst eingespielt, die urspr\u00fcnglich in dem Sammelband \u201eSchire Simroh\u201d erschienen sind, der synagogale Kompositionen zeitgen\u00f6ssischer Autoren zusammentrug. Sie sind f\u00fcr den Wettbewerb des Allgemeinen Deutschen Kantoren-Verbandes e. V. im Jahre 1926 geschrieben worden und im Verlag J. Kau\ufb00mann in Frankfurt am Main publiziert worden. 1930 wurde ein weiterer Sonderdruck ver\u00f6ffentlicht. Diese \u00e4u\u00dferst seltene Ausgabe wurde 1968 im Journal of Synagogue Music reproduziert. Dazu z\u00e4hlt auch das St\u00fcck \u201cW\u2019schomru\u201d, das \u2013 ebenso wie die anderen vier publizierten St\u00fccke \u2013 zum Kompendium geh\u00f6rte. Diese Komposition gibt einen Eindruck von Nadels expressivem Stil, der \u201cdie \u00f6stliche Freiheit des Ausdrucks mit dem westlichen Instrumentarium, einen weitgehend traditionellen j\u00fcdischen Melodieaufbau mit europ\u00e4ischer Polyphonie und harmonischer K\u00fchnheit verbindet\u201d. (Vgl. Jascha Nemtsov: Arno Nadel. Sein Beitrag zur j\u00fcdischen Musikkultur. Berlin 2008.)Zus\u00e4tzlich be\ufb01ndet sich das St\u00fcck \u201cJ\u2019hi Scholom\u201d auf der CD, ein St\u00fcck f\u00fcr Chasan, Chor und Orgel, das Arno Nadel zur Einweihung des Friedenstempels in Berlin komponiert hat.Der Psalm 24, herausgegeben zum 70. Geburtstag von Moritz Schaefer, am 21. Mai 1927 mit der Widmung \u201cHerrn Prof. Moritz Schaefer, dem Freunde aller gro\u00dfen j\u00fcdischen Bestrebungen\u201d ist eine A-Capella-Komposition f\u00fcr M\u00e4nnerchor mit Kantor-Solo, die f\u00fcr die Liturgie der Torahlesung geschrieben wurde.Drei Solo-Orgelvorspiele umrahmen diese Aufnahme. Das erste ist f\u00fcr die Hohen Feiertage komponiert und wurde nach den repr\u00e4sentativsten liturgischen Motiven von \u201cBar\u2019chu\u201d und \u201cHamelech\u201d f\u00fcr das Abend- und Morgengebet komponiert.Das mittlere Orgelvorspiel hat Arno Nadel f\u00fcr die drei Wochen vor dem Tisch\u2019a B\u2019Av geschrieben, die traurigsten Wochen des j\u00fcdischen Volkes, in deren Verlauf an die Zerst\u00f6rung beider Tempel in Jerusalem erinnert wird. Dieses Vorspiel basiert auf den Motiven der Liturgie f\u00fcr die Tage, an denen zum einen die \u201cKinnot\u201d rezitiert werden, liturgische Gedichte, die die Leiden des Volkes Israels im Exil beschreiben, und zum anderen die Klagelieder von Jeremia, die die Trauer und den Schrecken der Zerst\u00f6rung des Tempels beschreiben. Das abschlie\u00dfende St\u00fcck dieser CD er\u00f6\ufb00net den letzten Teil des Gottesdienstes am Jom Kippur, dem Vers\u00f6hnungstag. Es tr\u00e4gt den Namen \u201eNe\u2019ilah\u201c und entspricht dem Gebet, das vor dem Schlie\u00dfen der Tempeltore in Jerusalem am Ende des Tages gesprochen wurde.","og_url":"https:\/\/shop.verlag.uni-potsdam.de\/en\/shop\/schire-simroh\/","og_site_name":"Universit\u00e4tsverlag Potsdam","article_modified_time":"2026-03-23T10:56:18+00:00","og_image":[{"width":1695,"height":1474,"url":"https:\/\/shop.verlag.uni-potsdam.de\/wp-content\/uploads\/asolmerce\/image-978-3-86956-515-6.jpg","type":"image\/jpeg"}],"twitter_card":"summary_large_image","twitter_misc":{"Est. reading time":"2 minutes"},"schema":{"@context":"https:\/\/schema.org","@graph":[{"@type":"WebPage","@id":"https:\/\/shop.verlag.uni-potsdam.de\/en\/shop\/schire-simroh\/","url":"https:\/\/shop.verlag.uni-potsdam.de\/en\/shop\/schire-simroh\/","name":"Schire Simroh - Universit\u00e4tsverlag Potsdam","isPartOf":{"@id":"https:\/\/shop.verlag.uni-potsdam.de\/en\/#website"},"primaryImageOfPage":{"@id":"https:\/\/shop.verlag.uni-potsdam.de\/en\/shop\/schire-simroh\/#primaryimage"},"image":{"@id":"https:\/\/shop.verlag.uni-potsdam.de\/shop\/schire-simroh\/#primaryimage"},"thumbnailUrl":"https:\/\/shop.verlag.uni-potsdam.de\/wp-content\/uploads\/asolmerce\/image-978-3-86956-515-6.jpg","datePublished":"2026-03-23T08:55:18+00:00","dateModified":"2026-03-23T10:56:18+00:00","breadcrumb":{"@id":"https:\/\/shop.verlag.uni-potsdam.de\/en\/shop\/schire-simroh\/#breadcrumb"},"inLanguage":"en-US","potentialAction":[{"@type":"ReadAction","target":[["https:\/\/shop.verlag.uni-potsdam.de\/en\/shop\/schire-simroh\/"]]}]},{"@type":"ImageObject","inLanguage":"en-US","@id":"https:\/\/shop.verlag.uni-potsdam.de\/en\/shop\/schire-simroh\/#primaryimage","url":"https:\/\/shop.verlag.uni-potsdam.de\/wp-content\/uploads\/asolmerce\/image-978-3-86956-515-6.jpg","contentUrl":"https:\/\/shop.verlag.uni-potsdam.de\/wp-content\/uploads\/asolmerce\/image-978-3-86956-515-6.jpg","width":1695,"height":1474},{"@type":"BreadcrumbList","@id":"https:\/\/shop.verlag.uni-potsdam.de\/en\/shop\/schire-simroh\/#breadcrumb","itemListElement":[{"@type":"ListItem","position":1,"name":"Startseite","item":"https:\/\/shop.verlag.uni-potsdam.de\/en\/"},{"@type":"ListItem","position":2,"name":"Shop","item":"https:\/\/shop.verlag.uni-potsdam.de\/en\/shop\/"},{"@type":"ListItem","position":3,"name":"Schire Simroh"}]},{"@type":"WebSite","@id":"https:\/\/shop.verlag.uni-potsdam.de\/en\/#website","url":"https:\/\/shop.verlag.uni-potsdam.de\/en\/","name":"Universit\u00e4tsverlag Potsdam","description":"","publisher":{"@id":"https:\/\/shop.verlag.uni-potsdam.de\/en\/#organization"},"potentialAction":[{"@type":"SearchAction","target":{"@type":"EntryPoint","urlTemplate":"https:\/\/shop.verlag.uni-potsdam.de\/en\/?s={search_term_string}"},"query-input":{"@type":"PropertyValueSpecification","valueRequired":true,"valueName":"search_term_string"}}],"inLanguage":"en-US"},{"@type":"Organization","@id":"https:\/\/shop.verlag.uni-potsdam.de\/en\/#organization","name":"Universit\u00e4tsverlag Potsdam","url":"https:\/\/shop.verlag.uni-potsdam.de\/en\/","logo":{"@type":"ImageObject","inLanguage":"en-US","@id":"https:\/\/shop.verlag.uni-potsdam.de\/en\/#\/schema\/logo\/image\/","url":"https:\/\/shop.verlag.uni-potsdam.de\/wp-content\/uploads\/2017\/04\/up_logo_university_2.png","contentUrl":"https:\/\/shop.verlag.uni-potsdam.de\/wp-content\/uploads\/2017\/04\/up_logo_university_2.png","width":160,"height":172,"caption":"Universit\u00e4tsverlag Potsdam"},"image":{"@id":"https:\/\/shop.verlag.uni-potsdam.de\/en\/#\/schema\/logo\/image\/"}}]}},"_links":{"self":[{"href":"https:\/\/shop.verlag.uni-potsdam.de\/en\/wp-json\/wp\/v2\/product\/73722","targetHints":{"allow":["GET"]}}],"collection":[{"href":"https:\/\/shop.verlag.uni-potsdam.de\/en\/wp-json\/wp\/v2\/product"}],"about":[{"href":"https:\/\/shop.verlag.uni-potsdam.de\/en\/wp-json\/wp\/v2\/types\/product"}],"wp:featuredmedia":[{"embeddable":true,"href":"https:\/\/shop.verlag.uni-potsdam.de\/en\/wp-json\/wp\/v2\/media\/73723"}],"wp:attachment":[{"href":"https:\/\/shop.verlag.uni-potsdam.de\/en\/wp-json\/wp\/v2\/media?parent=73722"}],"wp:term":[{"taxonomy":"product_brand","embeddable":true,"href":"https:\/\/shop.verlag.uni-potsdam.de\/en\/wp-json\/wp\/v2\/product_brand?post=73722"},{"taxonomy":"product_cat","embeddable":true,"href":"https:\/\/shop.verlag.uni-potsdam.de\/en\/wp-json\/wp\/v2\/product_cat?post=73722"},{"taxonomy":"product_tag","embeddable":true,"href":"https:\/\/shop.verlag.uni-potsdam.de\/en\/wp-json\/wp\/v2\/product_tag?post=73722"}],"curies":[{"name":"wp","href":"https:\/\/api.w.org\/{rel}","templated":true}]}}