{"id":73802,"date":"2026-03-31T10:06:43","date_gmt":"2026-03-31T10:06:43","guid":{"rendered":"https:\/\/shop.verlag.uni-potsdam.de\/shop\/empty-product-container\/"},"modified":"2026-03-31T14:07:43","modified_gmt":"2026-03-31T12:07:43","slug":"alexander-von-humboldt-im-netz-22-2021-43","status":"publish","type":"product","link":"https:\/\/shop.verlag.uni-potsdam.de\/en\/shop\/alexander-von-humboldt-im-netz-22-2021-43\/","title":{"rendered":"Alexander von Humboldt im Netz ; 22 (2021) 43"},"content":{"rendered":"<p class=\"qtranxs-available-languages-message qtranxs-available-languages-message-en\">Sorry, this entry is only available in <a href=\"https:\/\/shop.verlag.uni-potsdam.de\/de\/wp-json\/wp\/v2\/product\/73802\" class=\"qtranxs-available-language-link qtranxs-available-language-link-de\" title=\"Deutsch\">Deutsch<\/a>.<\/p><p>Aus dem Inhalt<\/p>\n<div><span id=\"abstractFull_107992\" class=\"abstractFull\" style=\"display: inline;\"><br \/><\/span><\/div>\n<div>\n<ul>\n<li><span id=\"abstractFull_107992\" class=\"abstractFull\" style=\"display: inline;\">Ingo Schwarz, Vera M. Kutzinski: A Letter from Alexander von Humboldt to Joseph Albert Wright \u2013 Archival Traces<\/span><\/li>\n<li><span id=\"abstractFull_107992\" class=\"abstractFull\" style=\"display: inline;\">Foni Le Brun-Ricalens, Leonardo L\u00f3pez Luj\u00e1n, Claude Wey: Alexander von Humboldts \u201eAztekische Priesterin\u201c alias die Chalchiuhtlicue aus der Sammlung Guillermo Dupaix. Historiografischer Essay einer Translokation von Mexico-Stadt nach London<\/span><\/li>\n<li><span id=\"abstractFull_107992\" class=\"abstractFull\" style=\"display: inline;\">Eberhard Knobloch: Leibniz und Alexander von Humboldt<\/span><\/li>\n<li><span id=\"abstractFull_107992\" class=\"abstractFull\" style=\"display: inline;\"><\/span><span id=\"abstractFull_107992\" class=\"abstractFull\" style=\"display: inline;\">Irene Pr\u00fcfer Leske: Wie stand es nun wirklich um Bonpland? Kritische \u00dcberlegungen zu Frank Holls Untersuchung zu Bonpland, seiner Beziehung zu Alexander von Humboldt und der Darstellung der letzten Tage von Bonpland durch Av\u00e9-Lallemant<\/span><\/li>\n<li><span id=\"abstractFull_107992\" class=\"abstractFull\" style=\"display: inline;\"><\/span><span id=\"abstractFull_107992\" class=\"abstractFull\" style=\"display: inline;\">Leonhard Salzer, Anna N\u00f6bauer: (Auf) Humboldts Spuren Eine bauforscherische Untersuchung der \u201eCasa Humboldt\u201c am Antisana in Ecuador<\/span><\/li>\n<li><span id=\"abstractFull_107992\" class=\"abstractFull\" style=\"display: inline;\"><\/span><span id=\"abstractFull_107992\" class=\"abstractFull\" style=\"display: inline;\">Renate Sternagel: Alexander von Humboldt, Therese von Bacheracht, und die \u201everh\u00e4ngnissvolle Prosa des Lebens\u201c <br \/><\/span><\/li>\n<li><span id=\"abstractFull_107992\" class=\"abstractFull\" style=\"display: inline;\"><\/span><span id=\"abstractFull_107992\" class=\"abstractFull\" style=\"display: inline;\">Ulrich Stottmeister: Der Mineraloge August Schmidt und die Entdeckung der Ural-Diamanten 1829 Teil I: Schmidts Weg in den Ural und die Diamanten-Vorhersage <br \/><\/span><\/li>\n<li><span id=\"abstractFull_107992\" class=\"abstractFull\" style=\"display: inline;\"><\/span><span id=\"abstractFull_107992\" class=\"abstractFull\" style=\"display: inline;\">Kurt-R. Biermann (1919 \u2013 2002) und Ingo Schwarz: Der polyglotte Alexander von Humboldt (mit einer Vorbemerkung von J\u00fcrgen Trabant)<\/span><\/li>\n<li><span id=\"abstractFull_107992\" class=\"abstractFull\" style=\"display: inline;\"><\/span><span id=\"abstractFull_107992\" class=\"abstractFull\" style=\"display: inline;\">Tobias Kraft: Filolog\u00eda n\u00f3mada. Repensar la obra de Alexander von Humboldt con la obra de Ottmar Ette (y viceversa)<\/span><\/li>\n<\/ul>\n<\/div>\n<p><\/p>","protected":false},"excerpt":{"rendered":"<p class=\"qtranxs-available-languages-message qtranxs-available-languages-message-en\">Sorry, this entry is only available in <a href=\"https:\/\/shop.verlag.uni-potsdam.de\/de\/wp-json\/wp\/v2\/product\/73802\" class=\"qtranxs-available-language-link qtranxs-available-language-link-de\" title=\"Deutsch\">Deutsch<\/a>.<\/p>\n<p>Aus dem Inhalt<\/p>\n<div><span id=\"abstractFull_107992\" class=\"abstractFull\" style=\"display: inline;\"><br \/><\/span><\/div>\n<div>\n<ul>\n<li><span id=\"abstractFull_107992\" class=\"abstractFull\" style=\"display: inline;\">Ingo Schwarz, Vera M. Kutzinski: A Letter from Alexander von Humboldt to Joseph Albert Wright \u2013 Archival Traces<\/span><\/li>\n<li><span id=\"abstractFull_107992\" class=\"abstractFull\" style=\"display: inline;\">Foni Le Brun-Ricalens, Leonardo L\u00f3pez Luj\u00e1n, Claude Wey: Alexander von Humboldts \u201eAztekische Priesterin\u201c alias die Chalchiuhtlicue aus der Sammlung Guillermo Dupaix. Historiografischer Essay einer Translokation von Mexico-Stadt nach London<\/span><\/li>\n<li><span id=\"abstractFull_107992\" class=\"abstractFull\" style=\"display: inline;\">Eberhard Knobloch: Leibniz und Alexander von Humboldt<\/span><\/li>\n<li><span id=\"abstractFull_107992\" class=\"abstractFull\" style=\"display: inline;\"><\/span><span id=\"abstractFull_107992\" class=\"abstractFull\" style=\"display: inline;\">Irene Pr\u00fcfer Leske: Wie stand es nun wirklich um Bonpland? Kritische \u00dcberlegungen zu Frank Holls Untersuchung zu Bonpland, seiner Beziehung zu Alexander von Humboldt und der Darstellung der letzten Tage von Bonpland durch Av\u00e9-Lallemant<\/span><\/li>\n<li><span id=\"abstractFull_107992\" class=\"abstractFull\" style=\"display: inline;\"><\/span><span id=\"abstractFull_107992\" class=\"abstractFull\" style=\"display: inline;\">Leonhard Salzer, Anna N\u00f6bauer: (Auf) Humboldts Spuren Eine bauforscherische Untersuchung der \u201eCasa Humboldt\u201c am Antisana in Ecuador<\/span><\/li>\n<li><span id=\"abstractFull_107992\" class=\"abstractFull\" style=\"display: inline;\"><\/span><span id=\"abstractFull_107992\" class=\"abstractFull\" style=\"display: inline;\">Renate Sternagel: Alexander von Humboldt, Therese von Bacheracht, und die \u201everh\u00e4ngnissvolle Prosa des Lebens\u201c <br \/><\/span><\/li>\n<li><span id=\"abstractFull_107992\" class=\"abstractFull\" style=\"display: inline;\"><\/span><span id=\"abstractFull_107992\" class=\"abstractFull\" style=\"display: inline;\">Ulrich Stottmeister: Der Mineraloge August Schmidt und die Entdeckung der Ural-Diamanten 1829 Teil I: Schmidts Weg in den Ural und die Diamanten-Vorhersage <br \/><\/span><\/li>\n<li><span id=\"abstractFull_107992\" class=\"abstractFull\" style=\"display: inline;\"><\/span><span id=\"abstractFull_107992\" class=\"abstractFull\" style=\"display: inline;\">Kurt-R. Biermann (1919 \u2013 2002) und Ingo Schwarz: Der polyglotte Alexander von Humboldt (mit einer Vorbemerkung von J\u00fcrgen Trabant)<\/span><\/li>\n<li><span id=\"abstractFull_107992\" class=\"abstractFull\" style=\"display: inline;\"><\/span><span id=\"abstractFull_107992\" class=\"abstractFull\" style=\"display: inline;\">Tobias Kraft: Filolog\u00eda n\u00f3mada. Repensar la obra de Alexander von Humboldt con la obra de Ottmar Ette (y viceversa)<\/span><\/li>\n<\/ul>\n<\/div>\n","protected":false},"featured_media":73803,"template":"","meta":{"_acf_changed":false},"product_brand":[],"product_cat":[6219,6228],"product_tag":[],"class_list":{"0":"post-73802","1":"product","2":"type-product","3":"status-publish","4":"has-post-thumbnail","6":"product_cat-naturwissenschaften-allgemein-web-kategorie","7":"product_cat-romanische-sprachwissenschaft-literaturwissenschaft-web-kategorie","8":"autor-anna-noebauer","9":"autor-claude-wey","10":"autor-eberhard-knobloch","11":"autor-foni-le-brun-ricalens","12":"autor-ingo-schwarz","13":"autor-irene-pruefer-leske","14":"autor-kurt-r-biermann","15":"autor-leonardo-lopez-lujan","16":"autor-leonhard-salzer","17":"autor-renate-sternagel","18":"autor-tobias-kraft","19":"autor-ulrich-stottmeister","20":"autor-vera-m-kutzinski","21":"zeitschriften-hin-alexander-von-humboldt-im-netz","23":"first","24":"instock","25":"shipping-taxable","26":"purchasable","27":"product-type-simple"},"acf":[],"yoast_head":"<!-- This site is optimized with the Yoast SEO plugin v27.1.1 - https:\/\/yoast.com\/product\/yoast-seo-wordpress\/ -->\n<title>Alexander von Humboldt im Netz ; 22 (2021) 43 - Universit\u00e4tsverlag Potsdam<\/title>\n<meta name=\"robots\" content=\"index, follow, max-snippet:-1, max-image-preview:large, max-video-preview:-1\" \/>\n<link rel=\"canonical\" href=\"https:\/\/shop.verlag.uni-potsdam.de\/en\/shop\/alexander-von-humboldt-im-netz-22-2021-43\/\" \/>\n<meta property=\"og:locale\" content=\"en_US\" \/>\n<meta property=\"og:type\" content=\"article\" \/>\n<meta property=\"og:title\" content=\"Alexander von Humboldt im Netz ; 22 (2021) 43 - Universit\u00e4tsverlag Potsdam\" \/>\n<meta property=\"og:description\" content=\"Aus dem InhaltIngo Schwarz, Vera M. Kutzinski: A Letter from Alexander von Humboldt to Joseph Albert Wright \u2013 Archival TracesFoni Le Brun-Ricalens, Leonardo L\u00f3pez Luj\u00e1n, Claude Wey: Alexander von Humboldts \u201eAztekische Priesterin\u201c alias die Chalchiuhtlicue aus der Sammlung Guillermo Dupaix. Historiografischer Essay einer Translokation von Mexico-Stadt nach LondonEberhard Knobloch: Leibniz und Alexander von HumboldtIrene Pr\u00fcfer Leske: Wie stand es nun wirklich um Bonpland? Kritische \u00dcberlegungen zu Frank Holls Untersuchung zu Bonpland, seiner Beziehung zu Alexander von Humboldt und der Darstellung der letzten Tage von Bonpland durch Av\u00e9-LallemantLeonhard Salzer, Anna N\u00f6bauer: (Auf) Humboldts Spuren Eine bauforscherische Untersuchung der \u201eCasa Humboldt\u201c am Antisana in EcuadorRenate Sternagel: Alexander von Humboldt, Therese von Bacheracht, und die \u201everh\u00e4ngnissvolle Prosa des Lebens\u201c Ulrich Stottmeister: Der Mineraloge August Schmidt und die Entdeckung der Ural-Diamanten 1829 Teil I: Schmidts Weg in den Ural und die Diamanten-Vorhersage Kurt-R. Biermann (1919 \u2013 2002) und Ingo Schwarz: Der polyglotte Alexander von Humboldt (mit einer Vorbemerkung von J\u00fcrgen Trabant)Tobias Kraft: Filolog\u00eda n\u00f3mada. Repensar la obra de Alexander von Humboldt con la obra de Ottmar Ette (y viceversa)\" \/>\n<meta property=\"og:url\" content=\"https:\/\/shop.verlag.uni-potsdam.de\/en\/shop\/alexander-von-humboldt-im-netz-22-2021-43\/\" \/>\n<meta property=\"og:site_name\" content=\"Universit\u00e4tsverlag Potsdam\" \/>\n<meta property=\"article:modified_time\" content=\"2026-03-31T12:07:43+00:00\" \/>\n<meta property=\"og:image\" content=\"https:\/\/shop.verlag.uni-potsdam.de\/wp-content\/uploads\/asolmerce\/image-22419.jpg\" \/>\n\t<meta property=\"og:image:width\" content=\"1804\" \/>\n\t<meta property=\"og:image:height\" content=\"2560\" \/>\n\t<meta property=\"og:image:type\" content=\"image\/jpeg\" \/>\n<meta name=\"twitter:card\" content=\"summary_large_image\" \/>\n<meta name=\"twitter:label1\" content=\"Est. reading time\" \/>\n\t<meta name=\"twitter:data1\" content=\"1 minute\" \/>\n<script type=\"application\/ld+json\" class=\"yoast-schema-graph\">{\"@context\":\"https:\/\/schema.org\",\"@graph\":[{\"@type\":\"WebPage\",\"@id\":\"https:\/\/shop.verlag.uni-potsdam.de\/en\/shop\/alexander-von-humboldt-im-netz-22-2021-43\/\",\"url\":\"https:\/\/shop.verlag.uni-potsdam.de\/en\/shop\/alexander-von-humboldt-im-netz-22-2021-43\/\",\"name\":\"Alexander von Humboldt im Netz ; 22 (2021) 43 - Universit\u00e4tsverlag Potsdam\",\"isPartOf\":{\"@id\":\"https:\/\/shop.verlag.uni-potsdam.de\/en\/#website\"},\"primaryImageOfPage\":{\"@id\":\"https:\/\/shop.verlag.uni-potsdam.de\/en\/shop\/alexander-von-humboldt-im-netz-22-2021-43\/#primaryimage\"},\"image\":{\"@id\":\"https:\/\/shop.verlag.uni-potsdam.de\/shop\/alexander-von-humboldt-im-netz-22-2021-43\/#primaryimage\"},\"thumbnailUrl\":\"https:\/\/shop.verlag.uni-potsdam.de\/wp-content\/uploads\/asolmerce\/image-22419.jpg\",\"datePublished\":\"2026-03-31T10:06:43+00:00\",\"dateModified\":\"2026-03-31T12:07:43+00:00\",\"breadcrumb\":{\"@id\":\"https:\/\/shop.verlag.uni-potsdam.de\/en\/shop\/alexander-von-humboldt-im-netz-22-2021-43\/#breadcrumb\"},\"inLanguage\":\"en-US\",\"potentialAction\":[{\"@type\":\"ReadAction\",\"target\":[[\"https:\/\/shop.verlag.uni-potsdam.de\/en\/shop\/alexander-von-humboldt-im-netz-22-2021-43\/\"]]}]},{\"@type\":\"ImageObject\",\"inLanguage\":\"en-US\",\"@id\":\"https:\/\/shop.verlag.uni-potsdam.de\/en\/shop\/alexander-von-humboldt-im-netz-22-2021-43\/#primaryimage\",\"url\":\"https:\/\/shop.verlag.uni-potsdam.de\/wp-content\/uploads\/asolmerce\/image-22419.jpg\",\"contentUrl\":\"https:\/\/shop.verlag.uni-potsdam.de\/wp-content\/uploads\/asolmerce\/image-22419.jpg\",\"width\":1804,\"height\":2560},{\"@type\":\"BreadcrumbList\",\"@id\":\"https:\/\/shop.verlag.uni-potsdam.de\/en\/shop\/alexander-von-humboldt-im-netz-22-2021-43\/#breadcrumb\",\"itemListElement\":[{\"@type\":\"ListItem\",\"position\":1,\"name\":\"Startseite\",\"item\":\"https:\/\/shop.verlag.uni-potsdam.de\/en\/\"},{\"@type\":\"ListItem\",\"position\":2,\"name\":\"Shop\",\"item\":\"https:\/\/shop.verlag.uni-potsdam.de\/en\/shop\/\"},{\"@type\":\"ListItem\",\"position\":3,\"name\":\"Alexander von Humboldt im Netz ; 22 (2021) 43\"}]},{\"@type\":\"WebSite\",\"@id\":\"https:\/\/shop.verlag.uni-potsdam.de\/en\/#website\",\"url\":\"https:\/\/shop.verlag.uni-potsdam.de\/en\/\",\"name\":\"Universit\u00e4tsverlag Potsdam\",\"description\":\"\",\"publisher\":{\"@id\":\"https:\/\/shop.verlag.uni-potsdam.de\/en\/#organization\"},\"potentialAction\":[{\"@type\":\"SearchAction\",\"target\":{\"@type\":\"EntryPoint\",\"urlTemplate\":\"https:\/\/shop.verlag.uni-potsdam.de\/en\/?s={search_term_string}\"},\"query-input\":{\"@type\":\"PropertyValueSpecification\",\"valueRequired\":true,\"valueName\":\"search_term_string\"}}],\"inLanguage\":\"en-US\"},{\"@type\":\"Organization\",\"@id\":\"https:\/\/shop.verlag.uni-potsdam.de\/en\/#organization\",\"name\":\"Universit\u00e4tsverlag Potsdam\",\"url\":\"https:\/\/shop.verlag.uni-potsdam.de\/en\/\",\"logo\":{\"@type\":\"ImageObject\",\"inLanguage\":\"en-US\",\"@id\":\"https:\/\/shop.verlag.uni-potsdam.de\/en\/#\/schema\/logo\/image\/\",\"url\":\"https:\/\/shop.verlag.uni-potsdam.de\/wp-content\/uploads\/2017\/04\/up_logo_university_2.png\",\"contentUrl\":\"https:\/\/shop.verlag.uni-potsdam.de\/wp-content\/uploads\/2017\/04\/up_logo_university_2.png\",\"width\":160,\"height\":172,\"caption\":\"Universit\u00e4tsverlag Potsdam\"},\"image\":{\"@id\":\"https:\/\/shop.verlag.uni-potsdam.de\/en\/#\/schema\/logo\/image\/\"}}]}<\/script>\n<!-- \/ Yoast SEO plugin. -->","yoast_head_json":{"title":"Alexander von Humboldt im Netz ; 22 (2021) 43 - Universit\u00e4tsverlag Potsdam","robots":{"index":"index","follow":"follow","max-snippet":"max-snippet:-1","max-image-preview":"max-image-preview:large","max-video-preview":"max-video-preview:-1"},"canonical":"https:\/\/shop.verlag.uni-potsdam.de\/en\/shop\/alexander-von-humboldt-im-netz-22-2021-43\/","og_locale":"en_US","og_type":"article","og_title":"Alexander von Humboldt im Netz ; 22 (2021) 43 - Universit\u00e4tsverlag Potsdam","og_description":"Aus dem InhaltIngo Schwarz, Vera M. Kutzinski: A Letter from Alexander von Humboldt to Joseph Albert Wright \u2013 Archival TracesFoni Le Brun-Ricalens, Leonardo L\u00f3pez Luj\u00e1n, Claude Wey: Alexander von Humboldts \u201eAztekische Priesterin\u201c alias die Chalchiuhtlicue aus der Sammlung Guillermo Dupaix. Historiografischer Essay einer Translokation von Mexico-Stadt nach LondonEberhard Knobloch: Leibniz und Alexander von HumboldtIrene Pr\u00fcfer Leske: Wie stand es nun wirklich um Bonpland? Kritische \u00dcberlegungen zu Frank Holls Untersuchung zu Bonpland, seiner Beziehung zu Alexander von Humboldt und der Darstellung der letzten Tage von Bonpland durch Av\u00e9-LallemantLeonhard Salzer, Anna N\u00f6bauer: (Auf) Humboldts Spuren Eine bauforscherische Untersuchung der \u201eCasa Humboldt\u201c am Antisana in EcuadorRenate Sternagel: Alexander von Humboldt, Therese von Bacheracht, und die \u201everh\u00e4ngnissvolle Prosa des Lebens\u201c Ulrich Stottmeister: Der Mineraloge August Schmidt und die Entdeckung der Ural-Diamanten 1829 Teil I: Schmidts Weg in den Ural und die Diamanten-Vorhersage Kurt-R. Biermann (1919 \u2013 2002) und Ingo Schwarz: Der polyglotte Alexander von Humboldt (mit einer Vorbemerkung von J\u00fcrgen Trabant)Tobias Kraft: Filolog\u00eda n\u00f3mada. Repensar la obra de Alexander von Humboldt con la obra de Ottmar Ette (y viceversa)","og_url":"https:\/\/shop.verlag.uni-potsdam.de\/en\/shop\/alexander-von-humboldt-im-netz-22-2021-43\/","og_site_name":"Universit\u00e4tsverlag Potsdam","article_modified_time":"2026-03-31T12:07:43+00:00","og_image":[{"width":1804,"height":2560,"url":"https:\/\/shop.verlag.uni-potsdam.de\/wp-content\/uploads\/asolmerce\/image-22419.jpg","type":"image\/jpeg"}],"twitter_card":"summary_large_image","twitter_misc":{"Est. reading time":"1 minute"},"schema":{"@context":"https:\/\/schema.org","@graph":[{"@type":"WebPage","@id":"https:\/\/shop.verlag.uni-potsdam.de\/en\/shop\/alexander-von-humboldt-im-netz-22-2021-43\/","url":"https:\/\/shop.verlag.uni-potsdam.de\/en\/shop\/alexander-von-humboldt-im-netz-22-2021-43\/","name":"Alexander von Humboldt im Netz ; 22 (2021) 43 - Universit\u00e4tsverlag Potsdam","isPartOf":{"@id":"https:\/\/shop.verlag.uni-potsdam.de\/en\/#website"},"primaryImageOfPage":{"@id":"https:\/\/shop.verlag.uni-potsdam.de\/en\/shop\/alexander-von-humboldt-im-netz-22-2021-43\/#primaryimage"},"image":{"@id":"https:\/\/shop.verlag.uni-potsdam.de\/shop\/alexander-von-humboldt-im-netz-22-2021-43\/#primaryimage"},"thumbnailUrl":"https:\/\/shop.verlag.uni-potsdam.de\/wp-content\/uploads\/asolmerce\/image-22419.jpg","datePublished":"2026-03-31T10:06:43+00:00","dateModified":"2026-03-31T12:07:43+00:00","breadcrumb":{"@id":"https:\/\/shop.verlag.uni-potsdam.de\/en\/shop\/alexander-von-humboldt-im-netz-22-2021-43\/#breadcrumb"},"inLanguage":"en-US","potentialAction":[{"@type":"ReadAction","target":[["https:\/\/shop.verlag.uni-potsdam.de\/en\/shop\/alexander-von-humboldt-im-netz-22-2021-43\/"]]}]},{"@type":"ImageObject","inLanguage":"en-US","@id":"https:\/\/shop.verlag.uni-potsdam.de\/en\/shop\/alexander-von-humboldt-im-netz-22-2021-43\/#primaryimage","url":"https:\/\/shop.verlag.uni-potsdam.de\/wp-content\/uploads\/asolmerce\/image-22419.jpg","contentUrl":"https:\/\/shop.verlag.uni-potsdam.de\/wp-content\/uploads\/asolmerce\/image-22419.jpg","width":1804,"height":2560},{"@type":"BreadcrumbList","@id":"https:\/\/shop.verlag.uni-potsdam.de\/en\/shop\/alexander-von-humboldt-im-netz-22-2021-43\/#breadcrumb","itemListElement":[{"@type":"ListItem","position":1,"name":"Startseite","item":"https:\/\/shop.verlag.uni-potsdam.de\/en\/"},{"@type":"ListItem","position":2,"name":"Shop","item":"https:\/\/shop.verlag.uni-potsdam.de\/en\/shop\/"},{"@type":"ListItem","position":3,"name":"Alexander von Humboldt im Netz ; 22 (2021) 43"}]},{"@type":"WebSite","@id":"https:\/\/shop.verlag.uni-potsdam.de\/en\/#website","url":"https:\/\/shop.verlag.uni-potsdam.de\/en\/","name":"Universit\u00e4tsverlag Potsdam","description":"","publisher":{"@id":"https:\/\/shop.verlag.uni-potsdam.de\/en\/#organization"},"potentialAction":[{"@type":"SearchAction","target":{"@type":"EntryPoint","urlTemplate":"https:\/\/shop.verlag.uni-potsdam.de\/en\/?s={search_term_string}"},"query-input":{"@type":"PropertyValueSpecification","valueRequired":true,"valueName":"search_term_string"}}],"inLanguage":"en-US"},{"@type":"Organization","@id":"https:\/\/shop.verlag.uni-potsdam.de\/en\/#organization","name":"Universit\u00e4tsverlag Potsdam","url":"https:\/\/shop.verlag.uni-potsdam.de\/en\/","logo":{"@type":"ImageObject","inLanguage":"en-US","@id":"https:\/\/shop.verlag.uni-potsdam.de\/en\/#\/schema\/logo\/image\/","url":"https:\/\/shop.verlag.uni-potsdam.de\/wp-content\/uploads\/2017\/04\/up_logo_university_2.png","contentUrl":"https:\/\/shop.verlag.uni-potsdam.de\/wp-content\/uploads\/2017\/04\/up_logo_university_2.png","width":160,"height":172,"caption":"Universit\u00e4tsverlag Potsdam"},"image":{"@id":"https:\/\/shop.verlag.uni-potsdam.de\/en\/#\/schema\/logo\/image\/"}}]}},"_links":{"self":[{"href":"https:\/\/shop.verlag.uni-potsdam.de\/en\/wp-json\/wp\/v2\/product\/73802","targetHints":{"allow":["GET"]}}],"collection":[{"href":"https:\/\/shop.verlag.uni-potsdam.de\/en\/wp-json\/wp\/v2\/product"}],"about":[{"href":"https:\/\/shop.verlag.uni-potsdam.de\/en\/wp-json\/wp\/v2\/types\/product"}],"wp:featuredmedia":[{"embeddable":true,"href":"https:\/\/shop.verlag.uni-potsdam.de\/en\/wp-json\/wp\/v2\/media\/73803"}],"wp:attachment":[{"href":"https:\/\/shop.verlag.uni-potsdam.de\/en\/wp-json\/wp\/v2\/media?parent=73802"}],"wp:term":[{"taxonomy":"product_brand","embeddable":true,"href":"https:\/\/shop.verlag.uni-potsdam.de\/en\/wp-json\/wp\/v2\/product_brand?post=73802"},{"taxonomy":"product_cat","embeddable":true,"href":"https:\/\/shop.verlag.uni-potsdam.de\/en\/wp-json\/wp\/v2\/product_cat?post=73802"},{"taxonomy":"product_tag","embeddable":true,"href":"https:\/\/shop.verlag.uni-potsdam.de\/en\/wp-json\/wp\/v2\/product_tag?post=73802"}],"curies":[{"name":"wp","href":"https:\/\/api.w.org\/{rel}","templated":true}]}}