{"id":73815,"date":"2026-03-23T08:55:19","date_gmt":"2026-03-23T08:55:19","guid":{"rendered":"https:\/\/shop.verlag.uni-potsdam.de\/shop\/empty-product-container\/"},"modified":"2026-03-23T11:56:19","modified_gmt":"2026-03-23T10:56:19","slug":"lateinische-deklamationen-ebook","status":"publish","type":"product","link":"https:\/\/shop.verlag.uni-potsdam.de\/en\/shop\/lateinische-deklamationen-ebook\/","title":{"rendered":"Lateinische Deklamationen"},"content":{"rendered":"<p class=\"qtranxs-available-languages-message qtranxs-available-languages-message-en\">Sorry, this entry is only available in <a href=\"https:\/\/shop.verlag.uni-potsdam.de\/de\/wp-json\/wp\/v2\/product\/73815\" class=\"qtranxs-available-language-link qtranxs-available-language-link-de\" title=\"Deutsch\">Deutsch<\/a>.<\/p><p>Die vorliegende Publikation bietet einen \u00dcberblick \u00fcber die lateinische Deklamatorik mit einer Unterrichtsreihe f\u00fcr die Oberstufe im Umfang von 13 Unterrichtsstunden. Deklamationen waren im antiken Rom \u00dcbungs- und Konzertreden und bildeten Gegenstand und Ziel der h\u00f6heren Bildung. Dass sie im heutigen Lateinunterricht und auch im Lateinstudium kaum behandelt werden, steht in einem deutlichen Missverh\u00e4ltnis zu ihrer damaligen Bedeutung. Diese L\u00fccke zu schlie\u00dfen ist das Anliegen der vorliegenden Masterarbeit mit dem darin enthaltenen Sch\u00fclermaterial. Bei dessen Bearbeitung werden die Sch\u00fcler die thematische Vielfalt der Deklamationen kennenlernen, aber auch bemerkenswerte Parallelen zum gegenw\u00e4rtigen Populismus feststellen und das Macht- und Verf\u00fchrungspotential von Rhetorik selbst erfahren. Das Material wurde auf der Basis der aktuellen fachwissenschaftlichen Diskussion erstellt. Der Anhang enth\u00e4lt zwei tabellarische \u00dcbersichten zu den Deklamationsthemen. Diese sind f\u00fcr eigene Fortentwicklungen der Reihe gedacht.<\/p>","protected":false},"excerpt":{"rendered":"<p class=\"qtranxs-available-languages-message qtranxs-available-languages-message-en\">Sorry, this entry is only available in <a href=\"https:\/\/shop.verlag.uni-potsdam.de\/de\/wp-json\/wp\/v2\/product\/73815\" class=\"qtranxs-available-language-link qtranxs-available-language-link-de\" title=\"Deutsch\">Deutsch<\/a>.<\/p>\n<p>Die vorliegende Publikation bietet einen \u00dcberblick \u00fcber die lateinische Deklamatorik mit einer Unterrichtsreihe f\u00fcr die Oberstufe im Umfang von 13 Unterrichtsstunden. Deklamationen waren im antiken Rom \u00dcbungs- und Konzertreden und bildeten Gegenstand und Ziel der h\u00f6heren Bildung. Dass sie im heutigen Lateinunterricht und auch im Lateinstudium kaum behandelt werden, steht in einem deutlichen Missverh\u00e4ltnis zu ihrer damaligen Bedeutung. Diese L\u00fccke zu schlie\u00dfen ist das Anliegen der vorliegenden Masterarbeit mit dem darin enthaltenen Sch\u00fclermaterial. Bei dessen Bearbeitung werden die Sch\u00fcler die thematische Vielfalt der Deklamationen kennenlernen, aber auch bemerkenswerte Parallelen zum gegenw\u00e4rtigen Populismus feststellen und das Macht- und Verf\u00fchrungspotential von Rhetorik selbst erfahren. Das Material wurde auf der Basis der aktuellen fachwissenschaftlichen Diskussion erstellt. Der Anhang enth\u00e4lt zwei tabellarische \u00dcbersichten zu den Deklamationsthemen. Diese sind f\u00fcr eigene Fortentwicklungen der Reihe gedacht.<\/p>\n","protected":false},"featured_media":90611,"template":"","meta":{"_acf_changed":false},"product_brand":[],"product_cat":[6212],"product_tag":[6948],"class_list":{"0":"post-73815","1":"product","2":"type-product","3":"status-publish","4":"has-post-thumbnail","6":"product_cat-klassische-sprachwissenschaft-literaturwissenschaft-web-kategorie","7":"product_tag-deklamation-lateinunterricht-rhetorik","8":"autor-thilo-ryndin","9":"edition-online-only","11":"first","12":"instock","13":"downloadable","14":"virtual","15":"product-type-simple"},"acf":[],"yoast_head":"<!-- This site is optimized with the Yoast SEO plugin v27.1.1 - https:\/\/yoast.com\/product\/yoast-seo-wordpress\/ -->\n<title>Lateinische Deklamationen - Universit\u00e4tsverlag Potsdam<\/title>\n<meta name=\"robots\" content=\"index, follow, max-snippet:-1, max-image-preview:large, max-video-preview:-1\" \/>\n<link rel=\"canonical\" href=\"https:\/\/shop.verlag.uni-potsdam.de\/en\/shop\/lateinische-deklamationen-ebook\/\" \/>\n<meta property=\"og:locale\" content=\"en_US\" \/>\n<meta property=\"og:type\" content=\"article\" \/>\n<meta property=\"og:title\" content=\"Lateinische Deklamationen - Universit\u00e4tsverlag Potsdam\" \/>\n<meta property=\"og:description\" content=\"Die vorliegende Publikation bietet einen \u00dcberblick \u00fcber die lateinische Deklamatorik mit einer Unterrichtsreihe f\u00fcr die Oberstufe im Umfang von 13 Unterrichtsstunden. Deklamationen waren im antiken Rom \u00dcbungs- und Konzertreden und bildeten Gegenstand und Ziel der h\u00f6heren Bildung. Dass sie im heutigen Lateinunterricht und auch im Lateinstudium kaum behandelt werden, steht in einem deutlichen Missverh\u00e4ltnis zu ihrer damaligen Bedeutung. Diese L\u00fccke zu schlie\u00dfen ist das Anliegen der vorliegenden Masterarbeit mit dem darin enthaltenen Sch\u00fclermaterial. Bei dessen Bearbeitung werden die Sch\u00fcler die thematische Vielfalt der Deklamationen kennenlernen, aber auch bemerkenswerte Parallelen zum gegenw\u00e4rtigen Populismus feststellen und das Macht- und Verf\u00fchrungspotential von Rhetorik selbst erfahren. Das Material wurde auf der Basis der aktuellen fachwissenschaftlichen Diskussion erstellt. Der Anhang enth\u00e4lt zwei tabellarische \u00dcbersichten zu den Deklamationsthemen. Diese sind f\u00fcr eigene Fortentwicklungen der Reihe gedacht.\" \/>\n<meta property=\"og:url\" content=\"https:\/\/shop.verlag.uni-potsdam.de\/en\/shop\/lateinische-deklamationen-ebook\/\" \/>\n<meta property=\"og:site_name\" content=\"Universit\u00e4tsverlag Potsdam\" \/>\n<meta property=\"article:modified_time\" content=\"2026-03-23T10:56:19+00:00\" \/>\n<meta property=\"og:image\" content=\"https:\/\/shop.verlag.uni-potsdam.de\/wp-content\/uploads\/asolmerce\/image-22422.jpg\" \/>\n\t<meta property=\"og:image:width\" content=\"1613\" \/>\n\t<meta property=\"og:image:height\" content=\"2199\" \/>\n\t<meta property=\"og:image:type\" content=\"image\/jpeg\" \/>\n<meta name=\"twitter:card\" content=\"summary_large_image\" \/>\n<meta name=\"twitter:label1\" content=\"Est. reading time\" \/>\n\t<meta name=\"twitter:data1\" content=\"1 minute\" \/>\n<script type=\"application\/ld+json\" class=\"yoast-schema-graph\">{\"@context\":\"https:\/\/schema.org\",\"@graph\":[{\"@type\":\"WebPage\",\"@id\":\"https:\/\/shop.verlag.uni-potsdam.de\/en\/shop\/lateinische-deklamationen-ebook\/\",\"url\":\"https:\/\/shop.verlag.uni-potsdam.de\/en\/shop\/lateinische-deklamationen-ebook\/\",\"name\":\"Lateinische Deklamationen - Universit\u00e4tsverlag Potsdam\",\"isPartOf\":{\"@id\":\"https:\/\/shop.verlag.uni-potsdam.de\/en\/#website\"},\"primaryImageOfPage\":{\"@id\":\"https:\/\/shop.verlag.uni-potsdam.de\/en\/shop\/lateinische-deklamationen-ebook\/#primaryimage\"},\"image\":{\"@id\":\"https:\/\/shop.verlag.uni-potsdam.de\/shop\/lateinische-deklamationen-ebook\/#primaryimage\"},\"thumbnailUrl\":\"https:\/\/shop.verlag.uni-potsdam.de\/wp-content\/uploads\/asolmerce\/image-22422.jpg\",\"datePublished\":\"2026-03-23T08:55:19+00:00\",\"dateModified\":\"2026-03-23T10:56:19+00:00\",\"breadcrumb\":{\"@id\":\"https:\/\/shop.verlag.uni-potsdam.de\/en\/shop\/lateinische-deklamationen-ebook\/#breadcrumb\"},\"inLanguage\":\"en-US\",\"potentialAction\":[{\"@type\":\"ReadAction\",\"target\":[[\"https:\/\/shop.verlag.uni-potsdam.de\/en\/shop\/lateinische-deklamationen-ebook\/\"]]}]},{\"@type\":\"ImageObject\",\"inLanguage\":\"en-US\",\"@id\":\"https:\/\/shop.verlag.uni-potsdam.de\/en\/shop\/lateinische-deklamationen-ebook\/#primaryimage\",\"url\":\"https:\/\/shop.verlag.uni-potsdam.de\/wp-content\/uploads\/asolmerce\/image-22422.jpg\",\"contentUrl\":\"https:\/\/shop.verlag.uni-potsdam.de\/wp-content\/uploads\/asolmerce\/image-22422.jpg\",\"width\":1613,\"height\":2199},{\"@type\":\"BreadcrumbList\",\"@id\":\"https:\/\/shop.verlag.uni-potsdam.de\/en\/shop\/lateinische-deklamationen-ebook\/#breadcrumb\",\"itemListElement\":[{\"@type\":\"ListItem\",\"position\":1,\"name\":\"Startseite\",\"item\":\"https:\/\/shop.verlag.uni-potsdam.de\/en\/\"},{\"@type\":\"ListItem\",\"position\":2,\"name\":\"Shop\",\"item\":\"https:\/\/shop.verlag.uni-potsdam.de\/en\/shop\/\"},{\"@type\":\"ListItem\",\"position\":3,\"name\":\"Lateinische Deklamationen\"}]},{\"@type\":\"WebSite\",\"@id\":\"https:\/\/shop.verlag.uni-potsdam.de\/en\/#website\",\"url\":\"https:\/\/shop.verlag.uni-potsdam.de\/en\/\",\"name\":\"Universit\u00e4tsverlag Potsdam\",\"description\":\"\",\"publisher\":{\"@id\":\"https:\/\/shop.verlag.uni-potsdam.de\/en\/#organization\"},\"potentialAction\":[{\"@type\":\"SearchAction\",\"target\":{\"@type\":\"EntryPoint\",\"urlTemplate\":\"https:\/\/shop.verlag.uni-potsdam.de\/en\/?s={search_term_string}\"},\"query-input\":{\"@type\":\"PropertyValueSpecification\",\"valueRequired\":true,\"valueName\":\"search_term_string\"}}],\"inLanguage\":\"en-US\"},{\"@type\":\"Organization\",\"@id\":\"https:\/\/shop.verlag.uni-potsdam.de\/en\/#organization\",\"name\":\"Universit\u00e4tsverlag Potsdam\",\"url\":\"https:\/\/shop.verlag.uni-potsdam.de\/en\/\",\"logo\":{\"@type\":\"ImageObject\",\"inLanguage\":\"en-US\",\"@id\":\"https:\/\/shop.verlag.uni-potsdam.de\/en\/#\/schema\/logo\/image\/\",\"url\":\"https:\/\/shop.verlag.uni-potsdam.de\/wp-content\/uploads\/2017\/04\/up_logo_university_2.png\",\"contentUrl\":\"https:\/\/shop.verlag.uni-potsdam.de\/wp-content\/uploads\/2017\/04\/up_logo_university_2.png\",\"width\":160,\"height\":172,\"caption\":\"Universit\u00e4tsverlag Potsdam\"},\"image\":{\"@id\":\"https:\/\/shop.verlag.uni-potsdam.de\/en\/#\/schema\/logo\/image\/\"}}]}<\/script>\n<!-- \/ Yoast SEO plugin. -->","yoast_head_json":{"title":"Lateinische Deklamationen - Universit\u00e4tsverlag Potsdam","robots":{"index":"index","follow":"follow","max-snippet":"max-snippet:-1","max-image-preview":"max-image-preview:large","max-video-preview":"max-video-preview:-1"},"canonical":"https:\/\/shop.verlag.uni-potsdam.de\/en\/shop\/lateinische-deklamationen-ebook\/","og_locale":"en_US","og_type":"article","og_title":"Lateinische Deklamationen - Universit\u00e4tsverlag Potsdam","og_description":"Die vorliegende Publikation bietet einen \u00dcberblick \u00fcber die lateinische Deklamatorik mit einer Unterrichtsreihe f\u00fcr die Oberstufe im Umfang von 13 Unterrichtsstunden. Deklamationen waren im antiken Rom \u00dcbungs- und Konzertreden und bildeten Gegenstand und Ziel der h\u00f6heren Bildung. Dass sie im heutigen Lateinunterricht und auch im Lateinstudium kaum behandelt werden, steht in einem deutlichen Missverh\u00e4ltnis zu ihrer damaligen Bedeutung. Diese L\u00fccke zu schlie\u00dfen ist das Anliegen der vorliegenden Masterarbeit mit dem darin enthaltenen Sch\u00fclermaterial. Bei dessen Bearbeitung werden die Sch\u00fcler die thematische Vielfalt der Deklamationen kennenlernen, aber auch bemerkenswerte Parallelen zum gegenw\u00e4rtigen Populismus feststellen und das Macht- und Verf\u00fchrungspotential von Rhetorik selbst erfahren. Das Material wurde auf der Basis der aktuellen fachwissenschaftlichen Diskussion erstellt. Der Anhang enth\u00e4lt zwei tabellarische \u00dcbersichten zu den Deklamationsthemen. Diese sind f\u00fcr eigene Fortentwicklungen der Reihe gedacht.","og_url":"https:\/\/shop.verlag.uni-potsdam.de\/en\/shop\/lateinische-deklamationen-ebook\/","og_site_name":"Universit\u00e4tsverlag Potsdam","article_modified_time":"2026-03-23T10:56:19+00:00","og_image":[{"width":1613,"height":2199,"url":"https:\/\/shop.verlag.uni-potsdam.de\/wp-content\/uploads\/asolmerce\/image-22422.jpg","type":"image\/jpeg"}],"twitter_card":"summary_large_image","twitter_misc":{"Est. reading time":"1 minute"},"schema":{"@context":"https:\/\/schema.org","@graph":[{"@type":"WebPage","@id":"https:\/\/shop.verlag.uni-potsdam.de\/en\/shop\/lateinische-deklamationen-ebook\/","url":"https:\/\/shop.verlag.uni-potsdam.de\/en\/shop\/lateinische-deklamationen-ebook\/","name":"Lateinische Deklamationen - Universit\u00e4tsverlag Potsdam","isPartOf":{"@id":"https:\/\/shop.verlag.uni-potsdam.de\/en\/#website"},"primaryImageOfPage":{"@id":"https:\/\/shop.verlag.uni-potsdam.de\/en\/shop\/lateinische-deklamationen-ebook\/#primaryimage"},"image":{"@id":"https:\/\/shop.verlag.uni-potsdam.de\/shop\/lateinische-deklamationen-ebook\/#primaryimage"},"thumbnailUrl":"https:\/\/shop.verlag.uni-potsdam.de\/wp-content\/uploads\/asolmerce\/image-22422.jpg","datePublished":"2026-03-23T08:55:19+00:00","dateModified":"2026-03-23T10:56:19+00:00","breadcrumb":{"@id":"https:\/\/shop.verlag.uni-potsdam.de\/en\/shop\/lateinische-deklamationen-ebook\/#breadcrumb"},"inLanguage":"en-US","potentialAction":[{"@type":"ReadAction","target":[["https:\/\/shop.verlag.uni-potsdam.de\/en\/shop\/lateinische-deklamationen-ebook\/"]]}]},{"@type":"ImageObject","inLanguage":"en-US","@id":"https:\/\/shop.verlag.uni-potsdam.de\/en\/shop\/lateinische-deklamationen-ebook\/#primaryimage","url":"https:\/\/shop.verlag.uni-potsdam.de\/wp-content\/uploads\/asolmerce\/image-22422.jpg","contentUrl":"https:\/\/shop.verlag.uni-potsdam.de\/wp-content\/uploads\/asolmerce\/image-22422.jpg","width":1613,"height":2199},{"@type":"BreadcrumbList","@id":"https:\/\/shop.verlag.uni-potsdam.de\/en\/shop\/lateinische-deklamationen-ebook\/#breadcrumb","itemListElement":[{"@type":"ListItem","position":1,"name":"Startseite","item":"https:\/\/shop.verlag.uni-potsdam.de\/en\/"},{"@type":"ListItem","position":2,"name":"Shop","item":"https:\/\/shop.verlag.uni-potsdam.de\/en\/shop\/"},{"@type":"ListItem","position":3,"name":"Lateinische Deklamationen"}]},{"@type":"WebSite","@id":"https:\/\/shop.verlag.uni-potsdam.de\/en\/#website","url":"https:\/\/shop.verlag.uni-potsdam.de\/en\/","name":"Universit\u00e4tsverlag Potsdam","description":"","publisher":{"@id":"https:\/\/shop.verlag.uni-potsdam.de\/en\/#organization"},"potentialAction":[{"@type":"SearchAction","target":{"@type":"EntryPoint","urlTemplate":"https:\/\/shop.verlag.uni-potsdam.de\/en\/?s={search_term_string}"},"query-input":{"@type":"PropertyValueSpecification","valueRequired":true,"valueName":"search_term_string"}}],"inLanguage":"en-US"},{"@type":"Organization","@id":"https:\/\/shop.verlag.uni-potsdam.de\/en\/#organization","name":"Universit\u00e4tsverlag Potsdam","url":"https:\/\/shop.verlag.uni-potsdam.de\/en\/","logo":{"@type":"ImageObject","inLanguage":"en-US","@id":"https:\/\/shop.verlag.uni-potsdam.de\/en\/#\/schema\/logo\/image\/","url":"https:\/\/shop.verlag.uni-potsdam.de\/wp-content\/uploads\/2017\/04\/up_logo_university_2.png","contentUrl":"https:\/\/shop.verlag.uni-potsdam.de\/wp-content\/uploads\/2017\/04\/up_logo_university_2.png","width":160,"height":172,"caption":"Universit\u00e4tsverlag Potsdam"},"image":{"@id":"https:\/\/shop.verlag.uni-potsdam.de\/en\/#\/schema\/logo\/image\/"}}]}},"_links":{"self":[{"href":"https:\/\/shop.verlag.uni-potsdam.de\/en\/wp-json\/wp\/v2\/product\/73815","targetHints":{"allow":["GET"]}}],"collection":[{"href":"https:\/\/shop.verlag.uni-potsdam.de\/en\/wp-json\/wp\/v2\/product"}],"about":[{"href":"https:\/\/shop.verlag.uni-potsdam.de\/en\/wp-json\/wp\/v2\/types\/product"}],"wp:featuredmedia":[{"embeddable":true,"href":"https:\/\/shop.verlag.uni-potsdam.de\/en\/wp-json\/wp\/v2\/media\/90611"}],"wp:attachment":[{"href":"https:\/\/shop.verlag.uni-potsdam.de\/en\/wp-json\/wp\/v2\/media?parent=73815"}],"wp:term":[{"taxonomy":"product_brand","embeddable":true,"href":"https:\/\/shop.verlag.uni-potsdam.de\/en\/wp-json\/wp\/v2\/product_brand?post=73815"},{"taxonomy":"product_cat","embeddable":true,"href":"https:\/\/shop.verlag.uni-potsdam.de\/en\/wp-json\/wp\/v2\/product_cat?post=73815"},{"taxonomy":"product_tag","embeddable":true,"href":"https:\/\/shop.verlag.uni-potsdam.de\/en\/wp-json\/wp\/v2\/product_tag?post=73815"}],"curies":[{"name":"wp","href":"https:\/\/api.w.org\/{rel}","templated":true}]}}