{"id":73855,"date":"2026-04-27T05:34:35","date_gmt":"2026-04-27T05:34:35","guid":{"rendered":"https:\/\/shop.verlag.uni-potsdam.de\/shop\/empty-product-container\/"},"modified":"2026-04-27T09:35:35","modified_gmt":"2026-04-27T07:35:35","slug":"das-modell-friedland","status":"publish","type":"product","link":"https:\/\/shop.verlag.uni-potsdam.de\/en\/shop\/das-modell-friedland\/","title":{"rendered":"Das Modell Friedland"},"content":{"rendered":"<p class=\"qtranxs-available-languages-message qtranxs-available-languages-message-en\">Sorry, this entry is only available in <a href=\"https:\/\/shop.verlag.uni-potsdam.de\/de\/wp-json\/wp\/v2\/product\/73855\" class=\"qtranxs-available-language-link qtranxs-available-language-link-de\" title=\"Deutsch\">Deutsch<\/a>.<\/p><p><span id=\"abstractFull_115949\" class=\"abstractFull\" style=\"\">Mit dem Band 14 \u201eDas Modell Friedland: Vom Zusammenleben deutscher, j\u00fcdischer und wendischer Bewohner in einer Niederlausitzer Kleinstadt\u201c haben die Herausgeber den Autoren Alfred Roggan und Tobias Pre\u00dfler die Erweiterung ihrer Forschungen erm\u00f6glicht: Widmete sich deren Band 12 \u201eSorbische\/Wendische Spuren in der n\u00f6rdlichen Niederlausitz\u201c (2019) noch Befunden einer binationalen, weil deutsch-wendischen Geschichte, so wird mit dem Band 14 erstmalig f\u00fcr Ostdeutschland die Dokumentation einer \u201atrinationalen\u2018, also deutsch-j\u00fcdisch-wendischen Lebenswelt vorgenommen. <\/p>\n<p>Die Untersuchungen verdeutlichen, wie sich drei, im 18. Jahrhundert ann\u00e4hernd gleich gro\u00dfe Einwohner-Gruppen, mit ihren Gottesh\u00e4usern, ihren Sprachen und einem differenzierten Einwohnerstatus etablierten bzw. arrangiert haben. Es zeigten sich Alleinstellungsmerkmale in Lebens- sowie Kultorganisation, Wirtschaftst\u00e4tigkeiten und der Kommunikation zwischen den Beheimateten. Mit der Amts-Verwaltung des Johanniter-Ritterordens und dem Stadtrat befanden sie sich in berechenbaren (deutschdominierten) Strukturen. Aus diesem Gef\u00fcge und der territorialen Grenzlage zum Kurf\u00fcrstentum Brandenburg begr\u00fcndeten sich Bedingungen, ohne die es wohl zu keinem \u201eModell Friedland\u201c gekommen w\u00e4re.<\/p>\n<p>Die Autoren sind dankbar, dass sich mit Friedland die gn\u00e4dige Chance bot, einen Bereich zu untersuchen, in dem Prozesse der wendisch-deutschen Assimilierung in einer eigenen Stetigkeit abliefen, jedoch das Ende j\u00fcdischen Lebens auf die Abwanderungen infolge der preu\u00dfischen Emanzipations-Gesetze des 19. Jahrhunderts und nicht auf die Dem\u00fctigungen, Verfolgungen sowie dem V\u00f6lkermord des faschistischen deutschen Staates, zur\u00fcckzuf\u00fchren sind.<\/span><\/p>","protected":false},"excerpt":{"rendered":"<p class=\"qtranxs-available-languages-message qtranxs-available-languages-message-en\">Sorry, this entry is only available in <a href=\"https:\/\/shop.verlag.uni-potsdam.de\/de\/wp-json\/wp\/v2\/product\/73855\" class=\"qtranxs-available-language-link qtranxs-available-language-link-de\" title=\"Deutsch\">Deutsch<\/a>.<\/p>\n<p><span id=\"abstractFull_115949\" class=\"abstractFull\" style=\"\">Mit dem Band 14 \u201eDas Modell Friedland: Vom Zusammenleben deutscher, j\u00fcdischer und wendischer Bewohner in einer Niederlausitzer Kleinstadt\u201c haben die Herausgeber den Autoren Alfred Roggan und Tobias Pre\u00dfler die Erweiterung ihrer Forschungen erm\u00f6glicht: Widmete sich deren Band 12 \u201eSorbische\/Wendische Spuren in der n\u00f6rdlichen Niederlausitz\u201c (2019) noch Befunden einer binationalen, weil deutsch-wendischen Geschichte, so wird mit dem Band 14 erstmalig f\u00fcr Ostdeutschland die Dokumentation einer \u201atrinationalen\u2018, also deutsch-j\u00fcdisch-wendischen Lebenswelt vorgenommen. <\/p>\n<p>Die Untersuchungen verdeutlichen, wie sich drei, im 18. Jahrhundert ann\u00e4hernd gleich gro\u00dfe Einwohner-Gruppen, mit ihren Gottesh\u00e4usern, ihren Sprachen und einem differenzierten Einwohnerstatus etablierten bzw. arrangiert haben. Es zeigten sich Alleinstellungsmerkmale in Lebens- sowie Kultorganisation, Wirtschaftst\u00e4tigkeiten und der Kommunikation zwischen den Beheimateten. Mit der Amts-Verwaltung des Johanniter-Ritterordens und dem Stadtrat befanden sie sich in berechenbaren (deutschdominierten) Strukturen. Aus diesem Gef\u00fcge und der territorialen Grenzlage zum Kurf\u00fcrstentum Brandenburg begr\u00fcndeten sich Bedingungen, ohne die es wohl zu keinem \u201eModell Friedland\u201c gekommen w\u00e4re.<\/p>\n<p>Die Autoren sind dankbar, dass sich mit Friedland die gn\u00e4dige Chance bot, einen Bereich zu untersuchen, in dem Prozesse der wendisch-deutschen Assimilierung in einer eigenen Stetigkeit abliefen, jedoch das Ende j\u00fcdischen Lebens auf die Abwanderungen infolge der preu\u00dfischen Emanzipations-Gesetze des 19. Jahrhunderts und nicht auf die Dem\u00fctigungen, Verfolgungen sowie dem V\u00f6lkermord des faschistischen deutschen Staates, zur\u00fcckzuf\u00fchren sind.<\/span><\/p>\n","protected":false},"featured_media":74054,"template":"","meta":{"_acf_changed":false},"product_brand":[],"product_cat":[6230],"product_tag":[6443],"class_list":{"0":"post-73855","1":"product","2":"type-product","3":"status-publish","4":"has-post-thumbnail","6":"product_cat-slawische-sprachwissenschaft-literaturwissenschaft-web-kategorie","7":"product_tag-brandenburgisch-niederlausitzische-landesgeschichte-friedland-sorbisch-deutsch-juedische-kulturkontakte","8":"autor-alfred-roggan","9":"autor-tobias-pressler-1","11":"first","12":"instock","13":"shipping-taxable","14":"purchasable","15":"product-type-simple"},"acf":[],"yoast_head":"<!-- This site is optimized with the Yoast SEO plugin v27.1.1 - https:\/\/yoast.com\/product\/yoast-seo-wordpress\/ -->\n<title>Das Modell Friedland - Universit\u00e4tsverlag Potsdam<\/title>\n<meta name=\"robots\" content=\"index, follow, max-snippet:-1, max-image-preview:large, max-video-preview:-1\" \/>\n<link rel=\"canonical\" href=\"https:\/\/shop.verlag.uni-potsdam.de\/en\/shop\/das-modell-friedland\/\" \/>\n<meta property=\"og:locale\" content=\"en_US\" \/>\n<meta property=\"og:type\" content=\"article\" \/>\n<meta property=\"og:title\" content=\"Das Modell Friedland - Universit\u00e4tsverlag Potsdam\" \/>\n<meta property=\"og:description\" content=\"Mit dem Band 14 \u201eDas Modell Friedland: Vom Zusammenleben deutscher, j\u00fcdischer und wendischer Bewohner in einer Niederlausitzer Kleinstadt\u201c haben die Herausgeber den Autoren Alfred Roggan und Tobias Pre\u00dfler die Erweiterung ihrer Forschungen erm\u00f6glicht: Widmete sich deren Band 12 \u201eSorbische\/Wendische Spuren in der n\u00f6rdlichen Niederlausitz\u201c (2019) noch Befunden einer binationalen, weil deutsch-wendischen Geschichte, so wird mit dem Band 14 erstmalig f\u00fcr Ostdeutschland die Dokumentation einer \u201atrinationalen\u2018, also deutsch-j\u00fcdisch-wendischen Lebenswelt vorgenommen.   Die Untersuchungen verdeutlichen, wie sich drei, im 18. Jahrhundert ann\u00e4hernd gleich gro\u00dfe Einwohner-Gruppen, mit ihren Gottesh\u00e4usern, ihren Sprachen und einem differenzierten Einwohnerstatus etablierten bzw. arrangiert haben. Es zeigten sich Alleinstellungsmerkmale in Lebens- sowie Kultorganisation, Wirtschaftst\u00e4tigkeiten und der Kommunikation zwischen den Beheimateten. Mit der Amts-Verwaltung des Johanniter-Ritterordens und dem Stadtrat befanden sie sich in berechenbaren (deutschdominierten) Strukturen. Aus diesem Gef\u00fcge und der territorialen Grenzlage zum Kurf\u00fcrstentum Brandenburg begr\u00fcndeten sich Bedingungen, ohne die es wohl zu keinem \u201eModell Friedland\u201c gekommen w\u00e4re.  Die Autoren sind dankbar, dass sich mit Friedland die gn\u00e4dige Chance bot, einen Bereich zu untersuchen, in dem Prozesse der wendisch-deutschen Assimilierung in einer eigenen Stetigkeit abliefen, jedoch das Ende j\u00fcdischen Lebens auf die Abwanderungen infolge der preu\u00dfischen Emanzipations-Gesetze des 19. Jahrhunderts und nicht auf die Dem\u00fctigungen, Verfolgungen sowie dem V\u00f6lkermord des faschistischen deutschen Staates, zur\u00fcckzuf\u00fchren sind.\" \/>\n<meta property=\"og:url\" content=\"https:\/\/shop.verlag.uni-potsdam.de\/en\/shop\/das-modell-friedland\/\" \/>\n<meta property=\"og:site_name\" content=\"Universit\u00e4tsverlag Potsdam\" \/>\n<meta property=\"article:modified_time\" content=\"2026-04-27T07:35:35+00:00\" \/>\n<meta property=\"og:image\" content=\"https:\/\/shop.verlag.uni-potsdam.de\/wp-content\/uploads\/asolmerce\/image-978-3-86956-523-1.jpg\" \/>\n\t<meta property=\"og:image:width\" content=\"1815\" \/>\n\t<meta property=\"og:image:height\" content=\"2560\" \/>\n\t<meta property=\"og:image:type\" content=\"image\/jpeg\" \/>\n<meta name=\"twitter:card\" content=\"summary_large_image\" \/>\n<meta name=\"twitter:label1\" content=\"Est. reading time\" \/>\n\t<meta name=\"twitter:data1\" content=\"1 minute\" \/>\n<script type=\"application\/ld+json\" class=\"yoast-schema-graph\">{\"@context\":\"https:\/\/schema.org\",\"@graph\":[{\"@type\":\"WebPage\",\"@id\":\"https:\/\/shop.verlag.uni-potsdam.de\/en\/shop\/das-modell-friedland\/\",\"url\":\"https:\/\/shop.verlag.uni-potsdam.de\/en\/shop\/das-modell-friedland\/\",\"name\":\"Das Modell Friedland - Universit\u00e4tsverlag Potsdam\",\"isPartOf\":{\"@id\":\"https:\/\/shop.verlag.uni-potsdam.de\/en\/#website\"},\"primaryImageOfPage\":{\"@id\":\"https:\/\/shop.verlag.uni-potsdam.de\/en\/shop\/das-modell-friedland\/#primaryimage\"},\"image\":{\"@id\":\"https:\/\/shop.verlag.uni-potsdam.de\/shop\/das-modell-friedland\/#primaryimage\"},\"thumbnailUrl\":\"https:\/\/shop.verlag.uni-potsdam.de\/wp-content\/uploads\/asolmerce\/image-978-3-86956-523-1.jpg\",\"datePublished\":\"2026-04-27T05:34:35+00:00\",\"dateModified\":\"2026-04-27T07:35:35+00:00\",\"breadcrumb\":{\"@id\":\"https:\/\/shop.verlag.uni-potsdam.de\/en\/shop\/das-modell-friedland\/#breadcrumb\"},\"inLanguage\":\"en-US\",\"potentialAction\":[{\"@type\":\"ReadAction\",\"target\":[[\"https:\/\/shop.verlag.uni-potsdam.de\/en\/shop\/das-modell-friedland\/\"]]}]},{\"@type\":\"ImageObject\",\"inLanguage\":\"en-US\",\"@id\":\"https:\/\/shop.verlag.uni-potsdam.de\/en\/shop\/das-modell-friedland\/#primaryimage\",\"url\":\"https:\/\/shop.verlag.uni-potsdam.de\/wp-content\/uploads\/asolmerce\/image-978-3-86956-523-1.jpg\",\"contentUrl\":\"https:\/\/shop.verlag.uni-potsdam.de\/wp-content\/uploads\/asolmerce\/image-978-3-86956-523-1.jpg\",\"width\":1815,\"height\":2560},{\"@type\":\"BreadcrumbList\",\"@id\":\"https:\/\/shop.verlag.uni-potsdam.de\/en\/shop\/das-modell-friedland\/#breadcrumb\",\"itemListElement\":[{\"@type\":\"ListItem\",\"position\":1,\"name\":\"Startseite\",\"item\":\"https:\/\/shop.verlag.uni-potsdam.de\/en\/\"},{\"@type\":\"ListItem\",\"position\":2,\"name\":\"Shop\",\"item\":\"https:\/\/shop.verlag.uni-potsdam.de\/en\/shop\/\"},{\"@type\":\"ListItem\",\"position\":3,\"name\":\"Das Modell Friedland\"}]},{\"@type\":\"WebSite\",\"@id\":\"https:\/\/shop.verlag.uni-potsdam.de\/en\/#website\",\"url\":\"https:\/\/shop.verlag.uni-potsdam.de\/en\/\",\"name\":\"Universit\u00e4tsverlag Potsdam\",\"description\":\"\",\"publisher\":{\"@id\":\"https:\/\/shop.verlag.uni-potsdam.de\/en\/#organization\"},\"potentialAction\":[{\"@type\":\"SearchAction\",\"target\":{\"@type\":\"EntryPoint\",\"urlTemplate\":\"https:\/\/shop.verlag.uni-potsdam.de\/en\/?s={search_term_string}\"},\"query-input\":{\"@type\":\"PropertyValueSpecification\",\"valueRequired\":true,\"valueName\":\"search_term_string\"}}],\"inLanguage\":\"en-US\"},{\"@type\":\"Organization\",\"@id\":\"https:\/\/shop.verlag.uni-potsdam.de\/en\/#organization\",\"name\":\"Universit\u00e4tsverlag Potsdam\",\"url\":\"https:\/\/shop.verlag.uni-potsdam.de\/en\/\",\"logo\":{\"@type\":\"ImageObject\",\"inLanguage\":\"en-US\",\"@id\":\"https:\/\/shop.verlag.uni-potsdam.de\/en\/#\/schema\/logo\/image\/\",\"url\":\"https:\/\/shop.verlag.uni-potsdam.de\/wp-content\/uploads\/2017\/04\/up_logo_university_2.png\",\"contentUrl\":\"https:\/\/shop.verlag.uni-potsdam.de\/wp-content\/uploads\/2017\/04\/up_logo_university_2.png\",\"width\":160,\"height\":172,\"caption\":\"Universit\u00e4tsverlag Potsdam\"},\"image\":{\"@id\":\"https:\/\/shop.verlag.uni-potsdam.de\/en\/#\/schema\/logo\/image\/\"}}]}<\/script>\n<!-- \/ Yoast SEO plugin. -->","yoast_head_json":{"title":"Das Modell Friedland - Universit\u00e4tsverlag Potsdam","robots":{"index":"index","follow":"follow","max-snippet":"max-snippet:-1","max-image-preview":"max-image-preview:large","max-video-preview":"max-video-preview:-1"},"canonical":"https:\/\/shop.verlag.uni-potsdam.de\/en\/shop\/das-modell-friedland\/","og_locale":"en_US","og_type":"article","og_title":"Das Modell Friedland - Universit\u00e4tsverlag Potsdam","og_description":"Mit dem Band 14 \u201eDas Modell Friedland: Vom Zusammenleben deutscher, j\u00fcdischer und wendischer Bewohner in einer Niederlausitzer Kleinstadt\u201c haben die Herausgeber den Autoren Alfred Roggan und Tobias Pre\u00dfler die Erweiterung ihrer Forschungen erm\u00f6glicht: Widmete sich deren Band 12 \u201eSorbische\/Wendische Spuren in der n\u00f6rdlichen Niederlausitz\u201c (2019) noch Befunden einer binationalen, weil deutsch-wendischen Geschichte, so wird mit dem Band 14 erstmalig f\u00fcr Ostdeutschland die Dokumentation einer \u201atrinationalen\u2018, also deutsch-j\u00fcdisch-wendischen Lebenswelt vorgenommen.   Die Untersuchungen verdeutlichen, wie sich drei, im 18. Jahrhundert ann\u00e4hernd gleich gro\u00dfe Einwohner-Gruppen, mit ihren Gottesh\u00e4usern, ihren Sprachen und einem differenzierten Einwohnerstatus etablierten bzw. arrangiert haben. Es zeigten sich Alleinstellungsmerkmale in Lebens- sowie Kultorganisation, Wirtschaftst\u00e4tigkeiten und der Kommunikation zwischen den Beheimateten. Mit der Amts-Verwaltung des Johanniter-Ritterordens und dem Stadtrat befanden sie sich in berechenbaren (deutschdominierten) Strukturen. Aus diesem Gef\u00fcge und der territorialen Grenzlage zum Kurf\u00fcrstentum Brandenburg begr\u00fcndeten sich Bedingungen, ohne die es wohl zu keinem \u201eModell Friedland\u201c gekommen w\u00e4re.  Die Autoren sind dankbar, dass sich mit Friedland die gn\u00e4dige Chance bot, einen Bereich zu untersuchen, in dem Prozesse der wendisch-deutschen Assimilierung in einer eigenen Stetigkeit abliefen, jedoch das Ende j\u00fcdischen Lebens auf die Abwanderungen infolge der preu\u00dfischen Emanzipations-Gesetze des 19. Jahrhunderts und nicht auf die Dem\u00fctigungen, Verfolgungen sowie dem V\u00f6lkermord des faschistischen deutschen Staates, zur\u00fcckzuf\u00fchren sind.","og_url":"https:\/\/shop.verlag.uni-potsdam.de\/en\/shop\/das-modell-friedland\/","og_site_name":"Universit\u00e4tsverlag Potsdam","article_modified_time":"2026-04-27T07:35:35+00:00","og_image":[{"width":1815,"height":2560,"url":"https:\/\/shop.verlag.uni-potsdam.de\/wp-content\/uploads\/asolmerce\/image-978-3-86956-523-1.jpg","type":"image\/jpeg"}],"twitter_card":"summary_large_image","twitter_misc":{"Est. reading time":"1 minute"},"schema":{"@context":"https:\/\/schema.org","@graph":[{"@type":"WebPage","@id":"https:\/\/shop.verlag.uni-potsdam.de\/en\/shop\/das-modell-friedland\/","url":"https:\/\/shop.verlag.uni-potsdam.de\/en\/shop\/das-modell-friedland\/","name":"Das Modell Friedland - Universit\u00e4tsverlag Potsdam","isPartOf":{"@id":"https:\/\/shop.verlag.uni-potsdam.de\/en\/#website"},"primaryImageOfPage":{"@id":"https:\/\/shop.verlag.uni-potsdam.de\/en\/shop\/das-modell-friedland\/#primaryimage"},"image":{"@id":"https:\/\/shop.verlag.uni-potsdam.de\/shop\/das-modell-friedland\/#primaryimage"},"thumbnailUrl":"https:\/\/shop.verlag.uni-potsdam.de\/wp-content\/uploads\/asolmerce\/image-978-3-86956-523-1.jpg","datePublished":"2026-04-27T05:34:35+00:00","dateModified":"2026-04-27T07:35:35+00:00","breadcrumb":{"@id":"https:\/\/shop.verlag.uni-potsdam.de\/en\/shop\/das-modell-friedland\/#breadcrumb"},"inLanguage":"en-US","potentialAction":[{"@type":"ReadAction","target":[["https:\/\/shop.verlag.uni-potsdam.de\/en\/shop\/das-modell-friedland\/"]]}]},{"@type":"ImageObject","inLanguage":"en-US","@id":"https:\/\/shop.verlag.uni-potsdam.de\/en\/shop\/das-modell-friedland\/#primaryimage","url":"https:\/\/shop.verlag.uni-potsdam.de\/wp-content\/uploads\/asolmerce\/image-978-3-86956-523-1.jpg","contentUrl":"https:\/\/shop.verlag.uni-potsdam.de\/wp-content\/uploads\/asolmerce\/image-978-3-86956-523-1.jpg","width":1815,"height":2560},{"@type":"BreadcrumbList","@id":"https:\/\/shop.verlag.uni-potsdam.de\/en\/shop\/das-modell-friedland\/#breadcrumb","itemListElement":[{"@type":"ListItem","position":1,"name":"Startseite","item":"https:\/\/shop.verlag.uni-potsdam.de\/en\/"},{"@type":"ListItem","position":2,"name":"Shop","item":"https:\/\/shop.verlag.uni-potsdam.de\/en\/shop\/"},{"@type":"ListItem","position":3,"name":"Das Modell Friedland"}]},{"@type":"WebSite","@id":"https:\/\/shop.verlag.uni-potsdam.de\/en\/#website","url":"https:\/\/shop.verlag.uni-potsdam.de\/en\/","name":"Universit\u00e4tsverlag Potsdam","description":"","publisher":{"@id":"https:\/\/shop.verlag.uni-potsdam.de\/en\/#organization"},"potentialAction":[{"@type":"SearchAction","target":{"@type":"EntryPoint","urlTemplate":"https:\/\/shop.verlag.uni-potsdam.de\/en\/?s={search_term_string}"},"query-input":{"@type":"PropertyValueSpecification","valueRequired":true,"valueName":"search_term_string"}}],"inLanguage":"en-US"},{"@type":"Organization","@id":"https:\/\/shop.verlag.uni-potsdam.de\/en\/#organization","name":"Universit\u00e4tsverlag Potsdam","url":"https:\/\/shop.verlag.uni-potsdam.de\/en\/","logo":{"@type":"ImageObject","inLanguage":"en-US","@id":"https:\/\/shop.verlag.uni-potsdam.de\/en\/#\/schema\/logo\/image\/","url":"https:\/\/shop.verlag.uni-potsdam.de\/wp-content\/uploads\/2017\/04\/up_logo_university_2.png","contentUrl":"https:\/\/shop.verlag.uni-potsdam.de\/wp-content\/uploads\/2017\/04\/up_logo_university_2.png","width":160,"height":172,"caption":"Universit\u00e4tsverlag Potsdam"},"image":{"@id":"https:\/\/shop.verlag.uni-potsdam.de\/en\/#\/schema\/logo\/image\/"}}]}},"_links":{"self":[{"href":"https:\/\/shop.verlag.uni-potsdam.de\/en\/wp-json\/wp\/v2\/product\/73855","targetHints":{"allow":["GET"]}}],"collection":[{"href":"https:\/\/shop.verlag.uni-potsdam.de\/en\/wp-json\/wp\/v2\/product"}],"about":[{"href":"https:\/\/shop.verlag.uni-potsdam.de\/en\/wp-json\/wp\/v2\/types\/product"}],"wp:featuredmedia":[{"embeddable":true,"href":"https:\/\/shop.verlag.uni-potsdam.de\/en\/wp-json\/wp\/v2\/media\/74054"}],"wp:attachment":[{"href":"https:\/\/shop.verlag.uni-potsdam.de\/en\/wp-json\/wp\/v2\/media?parent=73855"}],"wp:term":[{"taxonomy":"product_brand","embeddable":true,"href":"https:\/\/shop.verlag.uni-potsdam.de\/en\/wp-json\/wp\/v2\/product_brand?post=73855"},{"taxonomy":"product_cat","embeddable":true,"href":"https:\/\/shop.verlag.uni-potsdam.de\/en\/wp-json\/wp\/v2\/product_cat?post=73855"},{"taxonomy":"product_tag","embeddable":true,"href":"https:\/\/shop.verlag.uni-potsdam.de\/en\/wp-json\/wp\/v2\/product_tag?post=73855"}],"curies":[{"name":"wp","href":"https:\/\/api.w.org\/{rel}","templated":true}]}}