{"id":73863,"date":"2026-04-27T05:36:29","date_gmt":"2026-04-27T05:36:29","guid":{"rendered":"https:\/\/shop.verlag.uni-potsdam.de\/shop\/empty-product-container\/"},"modified":"2026-04-27T09:37:30","modified_gmt":"2026-04-27T07:37:30","slug":"festschrift-fuer-dr-christiane-buechner-in-wuerdigung-ihres-wirkens-am-kommunalwissenschaftlichen-institut-1994-2022","status":"publish","type":"product","link":"https:\/\/shop.verlag.uni-potsdam.de\/en\/shop\/festschrift-fuer-dr-christiane-buechner-in-wuerdigung-ihres-wirkens-am-kommunalwissenschaftlichen-institut-1994-2022\/","title":{"rendered":"Festschrift f\u00fcr Dr. Christiane B\u00fcchner in W\u00fcrdigung ihres Wirkens am Kommunalwissenschaftlichen Institut (1994\u20132022)"},"content":{"rendered":"<p class=\"qtranxs-available-languages-message qtranxs-available-languages-message-en\">Sorry, this entry is only available in <a href=\"https:\/\/shop.verlag.uni-potsdam.de\/de\/wp-json\/wp\/v2\/product\/73863\" class=\"qtranxs-available-language-link qtranxs-available-language-link-de\" title=\"Deutsch\">Deutsch<\/a>.<\/p><p>Diese eher ungew\u00f6hnliche, aber sehr pers\u00f6nlich gehaltene Festschrift ist dem lang\u00adj\u00e4hrigen Wirken von Dr. Christiane B\u00fcchner als \u201eGesch\u00e4ftsf\u00fchrerin\u201c am Kommunal\u00adwissenschaftlichen Institut (KWI) der Universit\u00e4t Potsdam gewidmet. Die von Prof. Jochen Franzke zusammengestellte und herausgegebene Publikation enth\u00e4lt im ersten Teil neben dem Gru\u00dfwort des Gesch\u00e4ftsf\u00fchrenden Direktors des KWI Herrn Prof. Thorsten Ingo Schmidt eine Reihe pers\u00f6nlicher W\u00fcrdigungen von Kolleginnen und Kollegen, Gastwissenschaftlern und Mitarbeitenden, die seit 1994 in verschiedenen Phasen der Entwicklung des KWIs mit Dr. Christiane B\u00fcchner eng zusammengearbeitet haben. Der abschlie\u00dfende Dokumentationsteil der Publikation enth\u00e4lt neben Ausz\u00fcgen aus dem Schriftenverzeichnis von Dr. Christiane B\u00fcchner auch zwei Nachdrucke aus deren Feder zum Thema der Kreisgebietsreform in Brandenburg (von 2001) sowie \u00fcber den Landkreis Barnim (von 2019).<\/p>","protected":false},"excerpt":{"rendered":"<p class=\"qtranxs-available-languages-message qtranxs-available-languages-message-en\">Sorry, this entry is only available in <a href=\"https:\/\/shop.verlag.uni-potsdam.de\/de\/wp-json\/wp\/v2\/product\/73863\" class=\"qtranxs-available-language-link qtranxs-available-language-link-de\" title=\"Deutsch\">Deutsch<\/a>.<\/p>\n<p>Diese eher ungew\u00f6hnliche, aber sehr pers\u00f6nlich gehaltene Festschrift ist dem lang\u00adj\u00e4hrigen Wirken von Dr. Christiane B\u00fcchner als \u201eGesch\u00e4ftsf\u00fchrerin\u201c am Kommunal\u00adwissenschaftlichen Institut (KWI) der Universit\u00e4t Potsdam gewidmet. Die von Prof. Jochen Franzke zusammengestellte und herausgegebene Publikation enth\u00e4lt im ersten Teil neben dem Gru\u00dfwort des Gesch\u00e4ftsf\u00fchrenden Direktors des KWI Herrn Prof. Thorsten Ingo Schmidt eine Reihe pers\u00f6nlicher W\u00fcrdigungen von Kolleginnen und Kollegen, Gastwissenschaftlern und Mitarbeitenden, die seit 1994 in verschiedenen Phasen der Entwicklung des KWIs mit Dr. Christiane B\u00fcchner eng zusammengearbeitet haben. Der abschlie\u00dfende Dokumentationsteil der Publikation enth\u00e4lt neben Ausz\u00fcgen aus dem Schriftenverzeichnis von Dr. Christiane B\u00fcchner auch zwei Nachdrucke aus deren Feder zum Thema der Kreisgebietsreform in Brandenburg (von 2001) sowie \u00fcber den Landkreis Barnim (von 2019).<\/p>\n","protected":false},"featured_media":73940,"template":"","meta":{"_acf_changed":false},"product_brand":[],"product_cat":[6223],"product_tag":[6371],"class_list":{"0":"post-73863","1":"product","2":"type-product","3":"status-publish","4":"has-post-thumbnail","6":"product_cat-politikwissenschaft-web-kategorie","7":"product_tag-festschrift-kommunen-landkreise-kreisgebietsreform-bibliografie","8":"autor-andrea-schaefer","9":"autor-andreas-musil","10":"autor-andrey-kinyakin","11":"autor-besik-loladze","12":"autor-christian-maass","13":"autor-christiane-buechner","14":"autor-daniel-a-kuckei","15":"autor-danny-nehls","16":"autor-dieter-wagner","17":"autor-hartmut-bauer","18":"autor-jochen-franzke","19":"autor-robert-wille","20":"autor-roswitha-schwerdtfeger","21":"autor-sabine-kuhlmann","22":"autor-thomas-edeling","23":"autor-thorsten-ingo-schmidt","24":"autor-victoria-hein","26":"first","27":"instock","28":"shipping-taxable","29":"purchasable","30":"product-type-simple"},"acf":[],"yoast_head":"<!-- This site is optimized with the Yoast SEO plugin v27.1.1 - https:\/\/yoast.com\/product\/yoast-seo-wordpress\/ -->\n<title>Festschrift f\u00fcr Dr. Christiane B\u00fcchner in W\u00fcrdigung ihres Wirkens am Kommunalwissenschaftlichen Institut (1994\u20132022) - Universit\u00e4tsverlag Potsdam<\/title>\n<meta name=\"robots\" content=\"index, follow, max-snippet:-1, max-image-preview:large, max-video-preview:-1\" \/>\n<link rel=\"canonical\" href=\"https:\/\/shop.verlag.uni-potsdam.de\/en\/shop\/festschrift-fuer-dr-christiane-buechner-in-wuerdigung-ihres-wirkens-am-kommunalwissenschaftlichen-institut-1994-2022\/\" \/>\n<meta property=\"og:locale\" content=\"en_US\" \/>\n<meta property=\"og:type\" content=\"article\" \/>\n<meta property=\"og:title\" content=\"Festschrift f\u00fcr Dr. Christiane B\u00fcchner in W\u00fcrdigung ihres Wirkens am Kommunalwissenschaftlichen Institut (1994\u20132022) - Universit\u00e4tsverlag Potsdam\" \/>\n<meta property=\"og:description\" content=\"Diese eher ungew\u00f6hnliche, aber sehr pers\u00f6nlich gehaltene Festschrift ist dem lang\u00adj\u00e4hrigen Wirken von Dr. Christiane B\u00fcchner als \u201eGesch\u00e4ftsf\u00fchrerin\u201c am Kommunal\u00adwissenschaftlichen Institut (KWI) der Universit\u00e4t Potsdam gewidmet. Die von Prof. Jochen Franzke zusammengestellte und herausgegebene Publikation enth\u00e4lt im ersten Teil neben dem Gru\u00dfwort des Gesch\u00e4ftsf\u00fchrenden Direktors des KWI Herrn Prof. Thorsten Ingo Schmidt eine Reihe pers\u00f6nlicher W\u00fcrdigungen von Kolleginnen und Kollegen, Gastwissenschaftlern und Mitarbeitenden, die seit 1994 in verschiedenen Phasen der Entwicklung des KWIs mit Dr. Christiane B\u00fcchner eng zusammengearbeitet haben. Der abschlie\u00dfende Dokumentationsteil der Publikation enth\u00e4lt neben Ausz\u00fcgen aus dem Schriftenverzeichnis von Dr. Christiane B\u00fcchner auch zwei Nachdrucke aus deren Feder zum Thema der Kreisgebietsreform in Brandenburg (von 2001) sowie \u00fcber den Landkreis Barnim (von 2019).\" \/>\n<meta property=\"og:url\" content=\"https:\/\/shop.verlag.uni-potsdam.de\/en\/shop\/festschrift-fuer-dr-christiane-buechner-in-wuerdigung-ihres-wirkens-am-kommunalwissenschaftlichen-institut-1994-2022\/\" \/>\n<meta property=\"og:site_name\" content=\"Universit\u00e4tsverlag Potsdam\" \/>\n<meta property=\"article:modified_time\" content=\"2026-04-27T07:37:30+00:00\" \/>\n<meta property=\"og:image\" content=\"https:\/\/shop.verlag.uni-potsdam.de\/wp-content\/uploads\/asolmerce\/image-978-3-86956-529-3.jpg\" \/>\n\t<meta property=\"og:image:width\" content=\"1166\" \/>\n\t<meta property=\"og:image:height\" content=\"1654\" \/>\n\t<meta property=\"og:image:type\" content=\"image\/jpeg\" \/>\n<meta name=\"twitter:card\" content=\"summary_large_image\" \/>\n<meta name=\"twitter:label1\" content=\"Est. reading time\" \/>\n\t<meta name=\"twitter:data1\" content=\"1 minute\" \/>\n<script type=\"application\/ld+json\" class=\"yoast-schema-graph\">{\"@context\":\"https:\/\/schema.org\",\"@graph\":[{\"@type\":\"WebPage\",\"@id\":\"https:\/\/shop.verlag.uni-potsdam.de\/en\/shop\/festschrift-fuer-dr-christiane-buechner-in-wuerdigung-ihres-wirkens-am-kommunalwissenschaftlichen-institut-1994-2022\/\",\"url\":\"https:\/\/shop.verlag.uni-potsdam.de\/en\/shop\/festschrift-fuer-dr-christiane-buechner-in-wuerdigung-ihres-wirkens-am-kommunalwissenschaftlichen-institut-1994-2022\/\",\"name\":\"Festschrift f\u00fcr Dr. Christiane B\u00fcchner in W\u00fcrdigung ihres Wirkens am Kommunalwissenschaftlichen Institut (1994\u20132022) - Universit\u00e4tsverlag Potsdam\",\"isPartOf\":{\"@id\":\"https:\/\/shop.verlag.uni-potsdam.de\/en\/#website\"},\"primaryImageOfPage\":{\"@id\":\"https:\/\/shop.verlag.uni-potsdam.de\/en\/shop\/festschrift-fuer-dr-christiane-buechner-in-wuerdigung-ihres-wirkens-am-kommunalwissenschaftlichen-institut-1994-2022\/#primaryimage\"},\"image\":{\"@id\":\"https:\/\/shop.verlag.uni-potsdam.de\/shop\/festschrift-fuer-dr-christiane-buechner-in-wuerdigung-ihres-wirkens-am-kommunalwissenschaftlichen-institut-1994-2022\/#primaryimage\"},\"thumbnailUrl\":\"https:\/\/shop.verlag.uni-potsdam.de\/wp-content\/uploads\/asolmerce\/image-978-3-86956-529-3.jpg\",\"datePublished\":\"2026-04-27T05:36:29+00:00\",\"dateModified\":\"2026-04-27T07:37:30+00:00\",\"breadcrumb\":{\"@id\":\"https:\/\/shop.verlag.uni-potsdam.de\/en\/shop\/festschrift-fuer-dr-christiane-buechner-in-wuerdigung-ihres-wirkens-am-kommunalwissenschaftlichen-institut-1994-2022\/#breadcrumb\"},\"inLanguage\":\"en-US\",\"potentialAction\":[{\"@type\":\"ReadAction\",\"target\":[[\"https:\/\/shop.verlag.uni-potsdam.de\/en\/shop\/festschrift-fuer-dr-christiane-buechner-in-wuerdigung-ihres-wirkens-am-kommunalwissenschaftlichen-institut-1994-2022\/\"]]}]},{\"@type\":\"ImageObject\",\"inLanguage\":\"en-US\",\"@id\":\"https:\/\/shop.verlag.uni-potsdam.de\/en\/shop\/festschrift-fuer-dr-christiane-buechner-in-wuerdigung-ihres-wirkens-am-kommunalwissenschaftlichen-institut-1994-2022\/#primaryimage\",\"url\":\"https:\/\/shop.verlag.uni-potsdam.de\/wp-content\/uploads\/asolmerce\/image-978-3-86956-529-3.jpg\",\"contentUrl\":\"https:\/\/shop.verlag.uni-potsdam.de\/wp-content\/uploads\/asolmerce\/image-978-3-86956-529-3.jpg\",\"width\":1166,\"height\":1654},{\"@type\":\"BreadcrumbList\",\"@id\":\"https:\/\/shop.verlag.uni-potsdam.de\/en\/shop\/festschrift-fuer-dr-christiane-buechner-in-wuerdigung-ihres-wirkens-am-kommunalwissenschaftlichen-institut-1994-2022\/#breadcrumb\",\"itemListElement\":[{\"@type\":\"ListItem\",\"position\":1,\"name\":\"Startseite\",\"item\":\"https:\/\/shop.verlag.uni-potsdam.de\/en\/\"},{\"@type\":\"ListItem\",\"position\":2,\"name\":\"Shop\",\"item\":\"https:\/\/shop.verlag.uni-potsdam.de\/en\/shop\/\"},{\"@type\":\"ListItem\",\"position\":3,\"name\":\"Festschrift f\u00fcr Dr. Christiane B\u00fcchner in W\u00fcrdigung ihres Wirkens am Kommunalwissenschaftlichen Institut (1994\u20132022)\"}]},{\"@type\":\"WebSite\",\"@id\":\"https:\/\/shop.verlag.uni-potsdam.de\/en\/#website\",\"url\":\"https:\/\/shop.verlag.uni-potsdam.de\/en\/\",\"name\":\"Universit\u00e4tsverlag Potsdam\",\"description\":\"\",\"publisher\":{\"@id\":\"https:\/\/shop.verlag.uni-potsdam.de\/en\/#organization\"},\"potentialAction\":[{\"@type\":\"SearchAction\",\"target\":{\"@type\":\"EntryPoint\",\"urlTemplate\":\"https:\/\/shop.verlag.uni-potsdam.de\/en\/?s={search_term_string}\"},\"query-input\":{\"@type\":\"PropertyValueSpecification\",\"valueRequired\":true,\"valueName\":\"search_term_string\"}}],\"inLanguage\":\"en-US\"},{\"@type\":\"Organization\",\"@id\":\"https:\/\/shop.verlag.uni-potsdam.de\/en\/#organization\",\"name\":\"Universit\u00e4tsverlag Potsdam\",\"url\":\"https:\/\/shop.verlag.uni-potsdam.de\/en\/\",\"logo\":{\"@type\":\"ImageObject\",\"inLanguage\":\"en-US\",\"@id\":\"https:\/\/shop.verlag.uni-potsdam.de\/en\/#\/schema\/logo\/image\/\",\"url\":\"https:\/\/shop.verlag.uni-potsdam.de\/wp-content\/uploads\/2017\/04\/up_logo_university_2.png\",\"contentUrl\":\"https:\/\/shop.verlag.uni-potsdam.de\/wp-content\/uploads\/2017\/04\/up_logo_university_2.png\",\"width\":160,\"height\":172,\"caption\":\"Universit\u00e4tsverlag Potsdam\"},\"image\":{\"@id\":\"https:\/\/shop.verlag.uni-potsdam.de\/en\/#\/schema\/logo\/image\/\"}}]}<\/script>\n<!-- \/ Yoast SEO plugin. -->","yoast_head_json":{"title":"Festschrift f\u00fcr Dr. Christiane B\u00fcchner in W\u00fcrdigung ihres Wirkens am Kommunalwissenschaftlichen Institut (1994\u20132022) - Universit\u00e4tsverlag Potsdam","robots":{"index":"index","follow":"follow","max-snippet":"max-snippet:-1","max-image-preview":"max-image-preview:large","max-video-preview":"max-video-preview:-1"},"canonical":"https:\/\/shop.verlag.uni-potsdam.de\/en\/shop\/festschrift-fuer-dr-christiane-buechner-in-wuerdigung-ihres-wirkens-am-kommunalwissenschaftlichen-institut-1994-2022\/","og_locale":"en_US","og_type":"article","og_title":"Festschrift f\u00fcr Dr. Christiane B\u00fcchner in W\u00fcrdigung ihres Wirkens am Kommunalwissenschaftlichen Institut (1994\u20132022) - Universit\u00e4tsverlag Potsdam","og_description":"Diese eher ungew\u00f6hnliche, aber sehr pers\u00f6nlich gehaltene Festschrift ist dem lang\u00adj\u00e4hrigen Wirken von Dr. Christiane B\u00fcchner als \u201eGesch\u00e4ftsf\u00fchrerin\u201c am Kommunal\u00adwissenschaftlichen Institut (KWI) der Universit\u00e4t Potsdam gewidmet. Die von Prof. Jochen Franzke zusammengestellte und herausgegebene Publikation enth\u00e4lt im ersten Teil neben dem Gru\u00dfwort des Gesch\u00e4ftsf\u00fchrenden Direktors des KWI Herrn Prof. Thorsten Ingo Schmidt eine Reihe pers\u00f6nlicher W\u00fcrdigungen von Kolleginnen und Kollegen, Gastwissenschaftlern und Mitarbeitenden, die seit 1994 in verschiedenen Phasen der Entwicklung des KWIs mit Dr. Christiane B\u00fcchner eng zusammengearbeitet haben. Der abschlie\u00dfende Dokumentationsteil der Publikation enth\u00e4lt neben Ausz\u00fcgen aus dem Schriftenverzeichnis von Dr. Christiane B\u00fcchner auch zwei Nachdrucke aus deren Feder zum Thema der Kreisgebietsreform in Brandenburg (von 2001) sowie \u00fcber den Landkreis Barnim (von 2019).","og_url":"https:\/\/shop.verlag.uni-potsdam.de\/en\/shop\/festschrift-fuer-dr-christiane-buechner-in-wuerdigung-ihres-wirkens-am-kommunalwissenschaftlichen-institut-1994-2022\/","og_site_name":"Universit\u00e4tsverlag Potsdam","article_modified_time":"2026-04-27T07:37:30+00:00","og_image":[{"width":1166,"height":1654,"url":"https:\/\/shop.verlag.uni-potsdam.de\/wp-content\/uploads\/asolmerce\/image-978-3-86956-529-3.jpg","type":"image\/jpeg"}],"twitter_card":"summary_large_image","twitter_misc":{"Est. reading time":"1 minute"},"schema":{"@context":"https:\/\/schema.org","@graph":[{"@type":"WebPage","@id":"https:\/\/shop.verlag.uni-potsdam.de\/en\/shop\/festschrift-fuer-dr-christiane-buechner-in-wuerdigung-ihres-wirkens-am-kommunalwissenschaftlichen-institut-1994-2022\/","url":"https:\/\/shop.verlag.uni-potsdam.de\/en\/shop\/festschrift-fuer-dr-christiane-buechner-in-wuerdigung-ihres-wirkens-am-kommunalwissenschaftlichen-institut-1994-2022\/","name":"Festschrift f\u00fcr Dr. Christiane B\u00fcchner in W\u00fcrdigung ihres Wirkens am Kommunalwissenschaftlichen Institut (1994\u20132022) - Universit\u00e4tsverlag Potsdam","isPartOf":{"@id":"https:\/\/shop.verlag.uni-potsdam.de\/en\/#website"},"primaryImageOfPage":{"@id":"https:\/\/shop.verlag.uni-potsdam.de\/en\/shop\/festschrift-fuer-dr-christiane-buechner-in-wuerdigung-ihres-wirkens-am-kommunalwissenschaftlichen-institut-1994-2022\/#primaryimage"},"image":{"@id":"https:\/\/shop.verlag.uni-potsdam.de\/shop\/festschrift-fuer-dr-christiane-buechner-in-wuerdigung-ihres-wirkens-am-kommunalwissenschaftlichen-institut-1994-2022\/#primaryimage"},"thumbnailUrl":"https:\/\/shop.verlag.uni-potsdam.de\/wp-content\/uploads\/asolmerce\/image-978-3-86956-529-3.jpg","datePublished":"2026-04-27T05:36:29+00:00","dateModified":"2026-04-27T07:37:30+00:00","breadcrumb":{"@id":"https:\/\/shop.verlag.uni-potsdam.de\/en\/shop\/festschrift-fuer-dr-christiane-buechner-in-wuerdigung-ihres-wirkens-am-kommunalwissenschaftlichen-institut-1994-2022\/#breadcrumb"},"inLanguage":"en-US","potentialAction":[{"@type":"ReadAction","target":[["https:\/\/shop.verlag.uni-potsdam.de\/en\/shop\/festschrift-fuer-dr-christiane-buechner-in-wuerdigung-ihres-wirkens-am-kommunalwissenschaftlichen-institut-1994-2022\/"]]}]},{"@type":"ImageObject","inLanguage":"en-US","@id":"https:\/\/shop.verlag.uni-potsdam.de\/en\/shop\/festschrift-fuer-dr-christiane-buechner-in-wuerdigung-ihres-wirkens-am-kommunalwissenschaftlichen-institut-1994-2022\/#primaryimage","url":"https:\/\/shop.verlag.uni-potsdam.de\/wp-content\/uploads\/asolmerce\/image-978-3-86956-529-3.jpg","contentUrl":"https:\/\/shop.verlag.uni-potsdam.de\/wp-content\/uploads\/asolmerce\/image-978-3-86956-529-3.jpg","width":1166,"height":1654},{"@type":"BreadcrumbList","@id":"https:\/\/shop.verlag.uni-potsdam.de\/en\/shop\/festschrift-fuer-dr-christiane-buechner-in-wuerdigung-ihres-wirkens-am-kommunalwissenschaftlichen-institut-1994-2022\/#breadcrumb","itemListElement":[{"@type":"ListItem","position":1,"name":"Startseite","item":"https:\/\/shop.verlag.uni-potsdam.de\/en\/"},{"@type":"ListItem","position":2,"name":"Shop","item":"https:\/\/shop.verlag.uni-potsdam.de\/en\/shop\/"},{"@type":"ListItem","position":3,"name":"Festschrift f\u00fcr Dr. Christiane B\u00fcchner in W\u00fcrdigung ihres Wirkens am Kommunalwissenschaftlichen Institut (1994\u20132022)"}]},{"@type":"WebSite","@id":"https:\/\/shop.verlag.uni-potsdam.de\/en\/#website","url":"https:\/\/shop.verlag.uni-potsdam.de\/en\/","name":"Universit\u00e4tsverlag Potsdam","description":"","publisher":{"@id":"https:\/\/shop.verlag.uni-potsdam.de\/en\/#organization"},"potentialAction":[{"@type":"SearchAction","target":{"@type":"EntryPoint","urlTemplate":"https:\/\/shop.verlag.uni-potsdam.de\/en\/?s={search_term_string}"},"query-input":{"@type":"PropertyValueSpecification","valueRequired":true,"valueName":"search_term_string"}}],"inLanguage":"en-US"},{"@type":"Organization","@id":"https:\/\/shop.verlag.uni-potsdam.de\/en\/#organization","name":"Universit\u00e4tsverlag Potsdam","url":"https:\/\/shop.verlag.uni-potsdam.de\/en\/","logo":{"@type":"ImageObject","inLanguage":"en-US","@id":"https:\/\/shop.verlag.uni-potsdam.de\/en\/#\/schema\/logo\/image\/","url":"https:\/\/shop.verlag.uni-potsdam.de\/wp-content\/uploads\/2017\/04\/up_logo_university_2.png","contentUrl":"https:\/\/shop.verlag.uni-potsdam.de\/wp-content\/uploads\/2017\/04\/up_logo_university_2.png","width":160,"height":172,"caption":"Universit\u00e4tsverlag Potsdam"},"image":{"@id":"https:\/\/shop.verlag.uni-potsdam.de\/en\/#\/schema\/logo\/image\/"}}]}},"_links":{"self":[{"href":"https:\/\/shop.verlag.uni-potsdam.de\/en\/wp-json\/wp\/v2\/product\/73863","targetHints":{"allow":["GET"]}}],"collection":[{"href":"https:\/\/shop.verlag.uni-potsdam.de\/en\/wp-json\/wp\/v2\/product"}],"about":[{"href":"https:\/\/shop.verlag.uni-potsdam.de\/en\/wp-json\/wp\/v2\/types\/product"}],"wp:featuredmedia":[{"embeddable":true,"href":"https:\/\/shop.verlag.uni-potsdam.de\/en\/wp-json\/wp\/v2\/media\/73940"}],"wp:attachment":[{"href":"https:\/\/shop.verlag.uni-potsdam.de\/en\/wp-json\/wp\/v2\/media?parent=73863"}],"wp:term":[{"taxonomy":"product_brand","embeddable":true,"href":"https:\/\/shop.verlag.uni-potsdam.de\/en\/wp-json\/wp\/v2\/product_brand?post=73863"},{"taxonomy":"product_cat","embeddable":true,"href":"https:\/\/shop.verlag.uni-potsdam.de\/en\/wp-json\/wp\/v2\/product_cat?post=73863"},{"taxonomy":"product_tag","embeddable":true,"href":"https:\/\/shop.verlag.uni-potsdam.de\/en\/wp-json\/wp\/v2\/product_tag?post=73863"}],"curies":[{"name":"wp","href":"https:\/\/api.w.org\/{rel}","templated":true}]}}