{"id":73886,"date":"2026-03-23T08:55:20","date_gmt":"2026-03-23T08:55:20","guid":{"rendered":"https:\/\/shop.verlag.uni-potsdam.de\/shop\/empty-product-container\/"},"modified":"2026-03-23T11:56:20","modified_gmt":"2026-03-23T10:56:20","slug":"von-salben-und-skalpellen-heilkunst-in-der-roemischen-antike-ebook","status":"publish","type":"product","link":"https:\/\/shop.verlag.uni-potsdam.de\/en\/shop\/von-salben-und-skalpellen-heilkunst-in-der-roemischen-antike-ebook\/","title":{"rendered":"Von Salben und Skalpellen: Heilkunst in der r\u00f6mischen Antike"},"content":{"rendered":"<p class=\"qtranxs-available-languages-message qtranxs-available-languages-message-en\">Sorry, this entry is only available in <a href=\"https:\/\/shop.verlag.uni-potsdam.de\/de\/wp-json\/wp\/v2\/product\/73886\" class=\"qtranxs-available-language-link qtranxs-available-language-link-de\" title=\"Deutsch\">Deutsch<\/a>.<\/p><p>Das vorliegende Material soll dazu dienen, Sch\u00fclern, die sich in unserem Gesundheitssystem kaum Sorgen um ihre Versorgung im Krankheitsfall machen m\u00fcssen, im Lateinunterricht eine Kultur nahe zu bringen, in der die Arztpraxis ein paar Stra\u00dfen weiter keine Selbstverst\u00e4ndlichkeit war. Angesichts der geringen Zahl an Lekt\u00fcreheften, die sich mit dem Thema &#8220;Medizin in der Antike&#8221; befassen, wird letzteres in dieser Arbeit f\u00fcr den Einsatz in der Schule neu aufgearbeitet. Das Konzept des Materials sieht vor, dass es unver\u00e4ndert im Rahmen einer Unterrichtssequenz eingesetzt werden kann. Doch auch die unabh\u00e4ngige Verwendung einzelner Kapitel ist problemlos m\u00f6glich.<\/p>","protected":false},"excerpt":{"rendered":"<p class=\"qtranxs-available-languages-message qtranxs-available-languages-message-en\">Sorry, this entry is only available in <a href=\"https:\/\/shop.verlag.uni-potsdam.de\/de\/wp-json\/wp\/v2\/product\/73886\" class=\"qtranxs-available-language-link qtranxs-available-language-link-de\" title=\"Deutsch\">Deutsch<\/a>.<\/p>\n<p>Das vorliegende Material soll dazu dienen, Sch\u00fclern, die sich in unserem Gesundheitssystem kaum Sorgen um ihre Versorgung im Krankheitsfall machen m\u00fcssen, im Lateinunterricht eine Kultur nahe zu bringen, in der die Arztpraxis ein paar Stra\u00dfen weiter keine Selbstverst\u00e4ndlichkeit war. Angesichts der geringen Zahl an Lekt\u00fcreheften, die sich mit dem Thema &#8220;Medizin in der Antike&#8221; befassen, wird letzteres in dieser Arbeit f\u00fcr den Einsatz in der Schule neu aufgearbeitet. Das Konzept des Materials sieht vor, dass es unver\u00e4ndert im Rahmen einer Unterrichtssequenz eingesetzt werden kann. Doch auch die unabh\u00e4ngige Verwendung einzelner Kapitel ist problemlos m\u00f6glich.<\/p>\n","protected":false},"featured_media":96234,"template":"","meta":{"_acf_changed":false},"product_brand":[],"product_cat":[6212],"product_tag":[6952],"class_list":{"0":"post-73886","1":"product","2":"type-product","3":"status-publish","4":"has-post-thumbnail","6":"product_cat-klassische-sprachwissenschaft-literaturwissenschaft-web-kategorie","7":"product_tag-arzt-krankheit-lateinunterricht-medizin-schuelermaterial","8":"autor-moritz-weber","9":"edition-online-only","11":"first","12":"instock","13":"downloadable","14":"virtual","15":"product-type-simple"},"acf":[],"yoast_head":"<!-- This site is optimized with the Yoast SEO plugin v27.1.1 - https:\/\/yoast.com\/product\/yoast-seo-wordpress\/ -->\n<title>Von Salben und Skalpellen: Heilkunst in der r\u00f6mischen Antike - Universit\u00e4tsverlag Potsdam<\/title>\n<meta name=\"robots\" content=\"index, follow, max-snippet:-1, max-image-preview:large, max-video-preview:-1\" \/>\n<link rel=\"canonical\" href=\"https:\/\/shop.verlag.uni-potsdam.de\/en\/shop\/von-salben-und-skalpellen-heilkunst-in-der-roemischen-antike-ebook\/\" \/>\n<meta property=\"og:locale\" content=\"en_US\" \/>\n<meta property=\"og:type\" content=\"article\" \/>\n<meta property=\"og:title\" content=\"Von Salben und Skalpellen: Heilkunst in der r\u00f6mischen Antike - Universit\u00e4tsverlag Potsdam\" \/>\n<meta property=\"og:description\" content=\"Das vorliegende Material soll dazu dienen, Sch\u00fclern, die sich in unserem Gesundheitssystem kaum Sorgen um ihre Versorgung im Krankheitsfall machen m\u00fcssen, im Lateinunterricht eine Kultur nahe zu bringen, in der die Arztpraxis ein paar Stra\u00dfen weiter keine Selbstverst\u00e4ndlichkeit war. Angesichts der geringen Zahl an Lekt\u00fcreheften, die sich mit dem Thema &quot;Medizin in der Antike&quot; befassen, wird letzteres in dieser Arbeit f\u00fcr den Einsatz in der Schule neu aufgearbeitet. Das Konzept des Materials sieht vor, dass es unver\u00e4ndert im Rahmen einer Unterrichtssequenz eingesetzt werden kann. Doch auch die unabh\u00e4ngige Verwendung einzelner Kapitel ist problemlos m\u00f6glich.\" \/>\n<meta property=\"og:url\" content=\"https:\/\/shop.verlag.uni-potsdam.de\/en\/shop\/von-salben-und-skalpellen-heilkunst-in-der-roemischen-antike-ebook\/\" \/>\n<meta property=\"og:site_name\" content=\"Universit\u00e4tsverlag Potsdam\" \/>\n<meta property=\"article:modified_time\" content=\"2026-03-23T10:56:20+00:00\" \/>\n<meta property=\"og:image\" content=\"https:\/\/shop.verlag.uni-potsdam.de\/wp-content\/uploads\/asolmerce\/image-u1_copia4.jpg\" \/>\n\t<meta property=\"og:image:width\" content=\"1810\" \/>\n\t<meta property=\"og:image:height\" content=\"2560\" \/>\n\t<meta property=\"og:image:type\" content=\"image\/jpeg\" \/>\n<meta name=\"twitter:card\" content=\"summary_large_image\" \/>\n<meta name=\"twitter:label1\" content=\"Est. reading time\" \/>\n\t<meta name=\"twitter:data1\" content=\"1 minute\" \/>\n<script type=\"application\/ld+json\" class=\"yoast-schema-graph\">{\"@context\":\"https:\/\/schema.org\",\"@graph\":[{\"@type\":\"WebPage\",\"@id\":\"https:\/\/shop.verlag.uni-potsdam.de\/en\/shop\/von-salben-und-skalpellen-heilkunst-in-der-roemischen-antike-ebook\/\",\"url\":\"https:\/\/shop.verlag.uni-potsdam.de\/en\/shop\/von-salben-und-skalpellen-heilkunst-in-der-roemischen-antike-ebook\/\",\"name\":\"Von Salben und Skalpellen: Heilkunst in der r\u00f6mischen Antike - Universit\u00e4tsverlag Potsdam\",\"isPartOf\":{\"@id\":\"https:\/\/shop.verlag.uni-potsdam.de\/en\/#website\"},\"primaryImageOfPage\":{\"@id\":\"https:\/\/shop.verlag.uni-potsdam.de\/en\/shop\/von-salben-und-skalpellen-heilkunst-in-der-roemischen-antike-ebook\/#primaryimage\"},\"image\":{\"@id\":\"https:\/\/shop.verlag.uni-potsdam.de\/shop\/von-salben-und-skalpellen-heilkunst-in-der-roemischen-antike-ebook\/#primaryimage\"},\"thumbnailUrl\":\"https:\/\/shop.verlag.uni-potsdam.de\/wp-content\/uploads\/asolmerce\/image-u1_copia4.jpg\",\"datePublished\":\"2026-03-23T08:55:20+00:00\",\"dateModified\":\"2026-03-23T10:56:20+00:00\",\"breadcrumb\":{\"@id\":\"https:\/\/shop.verlag.uni-potsdam.de\/en\/shop\/von-salben-und-skalpellen-heilkunst-in-der-roemischen-antike-ebook\/#breadcrumb\"},\"inLanguage\":\"en-US\",\"potentialAction\":[{\"@type\":\"ReadAction\",\"target\":[[\"https:\/\/shop.verlag.uni-potsdam.de\/en\/shop\/von-salben-und-skalpellen-heilkunst-in-der-roemischen-antike-ebook\/\"]]}]},{\"@type\":\"ImageObject\",\"inLanguage\":\"en-US\",\"@id\":\"https:\/\/shop.verlag.uni-potsdam.de\/en\/shop\/von-salben-und-skalpellen-heilkunst-in-der-roemischen-antike-ebook\/#primaryimage\",\"url\":\"https:\/\/shop.verlag.uni-potsdam.de\/wp-content\/uploads\/asolmerce\/image-u1_copia4.jpg\",\"contentUrl\":\"https:\/\/shop.verlag.uni-potsdam.de\/wp-content\/uploads\/asolmerce\/image-u1_copia4.jpg\",\"width\":1810,\"height\":2560},{\"@type\":\"BreadcrumbList\",\"@id\":\"https:\/\/shop.verlag.uni-potsdam.de\/en\/shop\/von-salben-und-skalpellen-heilkunst-in-der-roemischen-antike-ebook\/#breadcrumb\",\"itemListElement\":[{\"@type\":\"ListItem\",\"position\":1,\"name\":\"Startseite\",\"item\":\"https:\/\/shop.verlag.uni-potsdam.de\/en\/\"},{\"@type\":\"ListItem\",\"position\":2,\"name\":\"Shop\",\"item\":\"https:\/\/shop.verlag.uni-potsdam.de\/en\/shop\/\"},{\"@type\":\"ListItem\",\"position\":3,\"name\":\"Von Salben und Skalpellen: Heilkunst in der r\u00f6mischen Antike\"}]},{\"@type\":\"WebSite\",\"@id\":\"https:\/\/shop.verlag.uni-potsdam.de\/en\/#website\",\"url\":\"https:\/\/shop.verlag.uni-potsdam.de\/en\/\",\"name\":\"Universit\u00e4tsverlag Potsdam\",\"description\":\"\",\"publisher\":{\"@id\":\"https:\/\/shop.verlag.uni-potsdam.de\/en\/#organization\"},\"potentialAction\":[{\"@type\":\"SearchAction\",\"target\":{\"@type\":\"EntryPoint\",\"urlTemplate\":\"https:\/\/shop.verlag.uni-potsdam.de\/en\/?s={search_term_string}\"},\"query-input\":{\"@type\":\"PropertyValueSpecification\",\"valueRequired\":true,\"valueName\":\"search_term_string\"}}],\"inLanguage\":\"en-US\"},{\"@type\":\"Organization\",\"@id\":\"https:\/\/shop.verlag.uni-potsdam.de\/en\/#organization\",\"name\":\"Universit\u00e4tsverlag Potsdam\",\"url\":\"https:\/\/shop.verlag.uni-potsdam.de\/en\/\",\"logo\":{\"@type\":\"ImageObject\",\"inLanguage\":\"en-US\",\"@id\":\"https:\/\/shop.verlag.uni-potsdam.de\/en\/#\/schema\/logo\/image\/\",\"url\":\"https:\/\/shop.verlag.uni-potsdam.de\/wp-content\/uploads\/2017\/04\/up_logo_university_2.png\",\"contentUrl\":\"https:\/\/shop.verlag.uni-potsdam.de\/wp-content\/uploads\/2017\/04\/up_logo_university_2.png\",\"width\":160,\"height\":172,\"caption\":\"Universit\u00e4tsverlag Potsdam\"},\"image\":{\"@id\":\"https:\/\/shop.verlag.uni-potsdam.de\/en\/#\/schema\/logo\/image\/\"}}]}<\/script>\n<!-- \/ Yoast SEO plugin. -->","yoast_head_json":{"title":"Von Salben und Skalpellen: Heilkunst in der r\u00f6mischen Antike - Universit\u00e4tsverlag Potsdam","robots":{"index":"index","follow":"follow","max-snippet":"max-snippet:-1","max-image-preview":"max-image-preview:large","max-video-preview":"max-video-preview:-1"},"canonical":"https:\/\/shop.verlag.uni-potsdam.de\/en\/shop\/von-salben-und-skalpellen-heilkunst-in-der-roemischen-antike-ebook\/","og_locale":"en_US","og_type":"article","og_title":"Von Salben und Skalpellen: Heilkunst in der r\u00f6mischen Antike - Universit\u00e4tsverlag Potsdam","og_description":"Das vorliegende Material soll dazu dienen, Sch\u00fclern, die sich in unserem Gesundheitssystem kaum Sorgen um ihre Versorgung im Krankheitsfall machen m\u00fcssen, im Lateinunterricht eine Kultur nahe zu bringen, in der die Arztpraxis ein paar Stra\u00dfen weiter keine Selbstverst\u00e4ndlichkeit war. Angesichts der geringen Zahl an Lekt\u00fcreheften, die sich mit dem Thema \"Medizin in der Antike\" befassen, wird letzteres in dieser Arbeit f\u00fcr den Einsatz in der Schule neu aufgearbeitet. Das Konzept des Materials sieht vor, dass es unver\u00e4ndert im Rahmen einer Unterrichtssequenz eingesetzt werden kann. Doch auch die unabh\u00e4ngige Verwendung einzelner Kapitel ist problemlos m\u00f6glich.","og_url":"https:\/\/shop.verlag.uni-potsdam.de\/en\/shop\/von-salben-und-skalpellen-heilkunst-in-der-roemischen-antike-ebook\/","og_site_name":"Universit\u00e4tsverlag Potsdam","article_modified_time":"2026-03-23T10:56:20+00:00","og_image":[{"width":1810,"height":2560,"url":"https:\/\/shop.verlag.uni-potsdam.de\/wp-content\/uploads\/asolmerce\/image-u1_copia4.jpg","type":"image\/jpeg"}],"twitter_card":"summary_large_image","twitter_misc":{"Est. reading time":"1 minute"},"schema":{"@context":"https:\/\/schema.org","@graph":[{"@type":"WebPage","@id":"https:\/\/shop.verlag.uni-potsdam.de\/en\/shop\/von-salben-und-skalpellen-heilkunst-in-der-roemischen-antike-ebook\/","url":"https:\/\/shop.verlag.uni-potsdam.de\/en\/shop\/von-salben-und-skalpellen-heilkunst-in-der-roemischen-antike-ebook\/","name":"Von Salben und Skalpellen: Heilkunst in der r\u00f6mischen Antike - Universit\u00e4tsverlag Potsdam","isPartOf":{"@id":"https:\/\/shop.verlag.uni-potsdam.de\/en\/#website"},"primaryImageOfPage":{"@id":"https:\/\/shop.verlag.uni-potsdam.de\/en\/shop\/von-salben-und-skalpellen-heilkunst-in-der-roemischen-antike-ebook\/#primaryimage"},"image":{"@id":"https:\/\/shop.verlag.uni-potsdam.de\/shop\/von-salben-und-skalpellen-heilkunst-in-der-roemischen-antike-ebook\/#primaryimage"},"thumbnailUrl":"https:\/\/shop.verlag.uni-potsdam.de\/wp-content\/uploads\/asolmerce\/image-u1_copia4.jpg","datePublished":"2026-03-23T08:55:20+00:00","dateModified":"2026-03-23T10:56:20+00:00","breadcrumb":{"@id":"https:\/\/shop.verlag.uni-potsdam.de\/en\/shop\/von-salben-und-skalpellen-heilkunst-in-der-roemischen-antike-ebook\/#breadcrumb"},"inLanguage":"en-US","potentialAction":[{"@type":"ReadAction","target":[["https:\/\/shop.verlag.uni-potsdam.de\/en\/shop\/von-salben-und-skalpellen-heilkunst-in-der-roemischen-antike-ebook\/"]]}]},{"@type":"ImageObject","inLanguage":"en-US","@id":"https:\/\/shop.verlag.uni-potsdam.de\/en\/shop\/von-salben-und-skalpellen-heilkunst-in-der-roemischen-antike-ebook\/#primaryimage","url":"https:\/\/shop.verlag.uni-potsdam.de\/wp-content\/uploads\/asolmerce\/image-u1_copia4.jpg","contentUrl":"https:\/\/shop.verlag.uni-potsdam.de\/wp-content\/uploads\/asolmerce\/image-u1_copia4.jpg","width":1810,"height":2560},{"@type":"BreadcrumbList","@id":"https:\/\/shop.verlag.uni-potsdam.de\/en\/shop\/von-salben-und-skalpellen-heilkunst-in-der-roemischen-antike-ebook\/#breadcrumb","itemListElement":[{"@type":"ListItem","position":1,"name":"Startseite","item":"https:\/\/shop.verlag.uni-potsdam.de\/en\/"},{"@type":"ListItem","position":2,"name":"Shop","item":"https:\/\/shop.verlag.uni-potsdam.de\/en\/shop\/"},{"@type":"ListItem","position":3,"name":"Von Salben und Skalpellen: Heilkunst in der r\u00f6mischen Antike"}]},{"@type":"WebSite","@id":"https:\/\/shop.verlag.uni-potsdam.de\/en\/#website","url":"https:\/\/shop.verlag.uni-potsdam.de\/en\/","name":"Universit\u00e4tsverlag Potsdam","description":"","publisher":{"@id":"https:\/\/shop.verlag.uni-potsdam.de\/en\/#organization"},"potentialAction":[{"@type":"SearchAction","target":{"@type":"EntryPoint","urlTemplate":"https:\/\/shop.verlag.uni-potsdam.de\/en\/?s={search_term_string}"},"query-input":{"@type":"PropertyValueSpecification","valueRequired":true,"valueName":"search_term_string"}}],"inLanguage":"en-US"},{"@type":"Organization","@id":"https:\/\/shop.verlag.uni-potsdam.de\/en\/#organization","name":"Universit\u00e4tsverlag Potsdam","url":"https:\/\/shop.verlag.uni-potsdam.de\/en\/","logo":{"@type":"ImageObject","inLanguage":"en-US","@id":"https:\/\/shop.verlag.uni-potsdam.de\/en\/#\/schema\/logo\/image\/","url":"https:\/\/shop.verlag.uni-potsdam.de\/wp-content\/uploads\/2017\/04\/up_logo_university_2.png","contentUrl":"https:\/\/shop.verlag.uni-potsdam.de\/wp-content\/uploads\/2017\/04\/up_logo_university_2.png","width":160,"height":172,"caption":"Universit\u00e4tsverlag Potsdam"},"image":{"@id":"https:\/\/shop.verlag.uni-potsdam.de\/en\/#\/schema\/logo\/image\/"}}]}},"_links":{"self":[{"href":"https:\/\/shop.verlag.uni-potsdam.de\/en\/wp-json\/wp\/v2\/product\/73886","targetHints":{"allow":["GET"]}}],"collection":[{"href":"https:\/\/shop.verlag.uni-potsdam.de\/en\/wp-json\/wp\/v2\/product"}],"about":[{"href":"https:\/\/shop.verlag.uni-potsdam.de\/en\/wp-json\/wp\/v2\/types\/product"}],"wp:featuredmedia":[{"embeddable":true,"href":"https:\/\/shop.verlag.uni-potsdam.de\/en\/wp-json\/wp\/v2\/media\/96234"}],"wp:attachment":[{"href":"https:\/\/shop.verlag.uni-potsdam.de\/en\/wp-json\/wp\/v2\/media?parent=73886"}],"wp:term":[{"taxonomy":"product_brand","embeddable":true,"href":"https:\/\/shop.verlag.uni-potsdam.de\/en\/wp-json\/wp\/v2\/product_brand?post=73886"},{"taxonomy":"product_cat","embeddable":true,"href":"https:\/\/shop.verlag.uni-potsdam.de\/en\/wp-json\/wp\/v2\/product_cat?post=73886"},{"taxonomy":"product_tag","embeddable":true,"href":"https:\/\/shop.verlag.uni-potsdam.de\/en\/wp-json\/wp\/v2\/product_tag?post=73886"}],"curies":[{"name":"wp","href":"https:\/\/api.w.org\/{rel}","templated":true}]}}