{"id":73911,"date":"2026-03-23T08:55:25","date_gmt":"2026-03-23T08:55:25","guid":{"rendered":"https:\/\/shop.verlag.uni-potsdam.de\/shop\/empty-product-container\/"},"modified":"2026-03-23T11:56:25","modified_gmt":"2026-03-23T10:56:25","slug":"universitaet-potsdam","status":"publish","type":"product","link":"https:\/\/shop.verlag.uni-potsdam.de\/en\/shop\/universitaet-potsdam\/","title":{"rendered":"Universit\u00e4t Potsdam"},"content":{"rendered":"<p class=\"qtranxs-available-languages-message qtranxs-available-languages-message-en\">Sorry, this entry is only available in <a href=\"https:\/\/shop.verlag.uni-potsdam.de\/de\/wp-json\/wp\/v2\/product\/73911\" class=\"qtranxs-available-language-link qtranxs-available-language-link-de\" title=\"Deutsch\">Deutsch<\/a>.<\/p><p><\/p>\n<pre class=\"moz-quote-pre\" wrap=\"\">2021 wurde die Universit\u00e4t Potsdam 30 Jahre alt. Zeit f\u00fcr eine kurze Hochschulgeschichte in Bildern! Auf 168 Seiten finden sich rund 400 Fotos aus der Geschichte der Potsdamer Alma Mater \u2013 von der Pressekonferenz, auf der Brandenburgs Wissenschaftsminister Dr. Hinrich Enderlein die Gr\u00fcndung der Universit\u00e4t bekannt gibt, bis zu den traurig-sch\u00f6nen menschenleeren Campusimpressionen mitten in der Corona-Pandemie Anfang 2021. Die Auswahl aus Zehntausenden Bildern, die im Laufe der Jahre entstanden sind, dokumentiert die rasante Entwicklung der drei Uni-Standorte Golm, Am Neuen Palais und Griebnitzsee, begleitet Studierende und Forschende verschiedener Generationen und zeigt Eindr\u00fccke von wichtigen gro\u00dfen und kleinen Veranstaltungen und Ereignissen sowie \u2013 vor allem \u2013 vom Alltag einer Universit\u00e4t.<br>Erg\u00e4nzt wird die fotografische Zeitreise durch deutsch-englische Bildbeschreibungen, ein Vorwort des Pr\u00e4sidenten der Universit\u00e4t Potsdam, Prof. Oliver G\u00fcnther, Ph.D. sowie Lagepl\u00e4ne aller Standorte.<\/pre>\n<p><\/p>","protected":false},"excerpt":{"rendered":"<p class=\"qtranxs-available-languages-message qtranxs-available-languages-message-en\">Sorry, this entry is only available in <a href=\"https:\/\/shop.verlag.uni-potsdam.de\/de\/wp-json\/wp\/v2\/product\/73911\" class=\"qtranxs-available-language-link qtranxs-available-language-link-de\" title=\"Deutsch\">Deutsch<\/a>.<\/p>\n<pre class=\"moz-quote-pre\" wrap=\"\">2021 wurde die Universit\u00e4t Potsdam 30 Jahre alt. Zeit f\u00fcr eine kurze Hochschulgeschichte in Bildern! Auf 168 Seiten finden sich rund 400 Fotos aus der Geschichte der Potsdamer Alma Mater \u2013 von der Pressekonferenz, auf der Brandenburgs Wissenschaftsminister Dr. Hinrich Enderlein die Gr\u00fcndung der Universit\u00e4t bekannt gibt, bis zu den traurig-sch\u00f6nen menschenleeren Campusimpressionen mitten in der Corona-Pandemie Anfang 2021. Die Auswahl aus Zehntausenden Bildern, die im Laufe der Jahre entstanden sind, dokumentiert die rasante Entwicklung der drei Uni-Standorte Golm, Am Neuen Palais und Griebnitzsee, begleitet Studierende und Forschende verschiedener Generationen und zeigt Eindr\u00fccke von wichtigen gro\u00dfen und kleinen Veranstaltungen und Ereignissen sowie \u2013 vor allem \u2013 vom Alltag einer Universit\u00e4t.<br>Erg\u00e4nzt wird die fotografische Zeitreise durch deutsch-englische Bildbeschreibungen, ein Vorwort des Pr\u00e4sidenten der Universit\u00e4t Potsdam, Prof. Oliver G\u00fcnther, Ph.D. sowie Lagepl\u00e4ne aller Standorte.<\/pre>\n","protected":false},"featured_media":73912,"template":"","meta":{"_acf_changed":false},"product_brand":[],"product_cat":[5096],"product_tag":[6359],"class_list":{"0":"post-73911","1":"product","2":"type-product","3":"status-publish","4":"has-post-thumbnail","6":"product_cat-unkategorisiert","7":"product_tag-universitaet-potsdam-science-park-golm-neues-palais-griebnitzsee-universitaetsgeschichte","8":"autor-antje-horn-conrad","9":"autor-matthias-zimmermann","10":"autor-referat-fuer-presse-und-oeffentlichkeitsarbeit","12":"first","13":"instock","14":"shipping-taxable","15":"purchasable","16":"product-type-simple"},"acf":[],"yoast_head":"<!-- This site is optimized with the Yoast SEO plugin v27.1.1 - https:\/\/yoast.com\/product\/yoast-seo-wordpress\/ -->\n<title>Universit\u00e4t Potsdam - Universit\u00e4tsverlag Potsdam<\/title>\n<meta name=\"robots\" content=\"index, follow, max-snippet:-1, max-image-preview:large, max-video-preview:-1\" \/>\n<link rel=\"canonical\" href=\"https:\/\/shop.verlag.uni-potsdam.de\/en\/shop\/universitaet-potsdam\/\" \/>\n<meta property=\"og:locale\" content=\"en_US\" \/>\n<meta property=\"og:type\" content=\"article\" \/>\n<meta property=\"og:title\" content=\"Universit\u00e4t Potsdam - Universit\u00e4tsverlag Potsdam\" \/>\n<meta property=\"og:description\" content=\"2021 wurde die Universit\u00e4t Potsdam 30 Jahre alt. Zeit f\u00fcr eine kurze Hochschulgeschichte in Bildern! Auf 168 Seiten finden sich rund 400 Fotos aus der Geschichte der Potsdamer Alma Mater \u2013 von der Pressekonferenz, auf der Brandenburgs Wissenschaftsminister Dr. Hinrich Enderlein die Gr\u00fcndung der Universit\u00e4t bekannt gibt, bis zu den traurig-sch\u00f6nen menschenleeren Campusimpressionen mitten in der Corona-Pandemie Anfang 2021. Die Auswahl aus Zehntausenden Bildern, die im Laufe der Jahre entstanden sind, dokumentiert die rasante Entwicklung der drei Uni-Standorte Golm, Am Neuen Palais und Griebnitzsee, begleitet Studierende und Forschende verschiedener Generationen und zeigt Eindr\u00fccke von wichtigen gro\u00dfen und kleinen Veranstaltungen und Ereignissen sowie \u2013 vor allem \u2013 vom Alltag einer Universit\u00e4t.Erg\u00e4nzt wird die fotografische Zeitreise durch deutsch-englische Bildbeschreibungen, ein Vorwort des Pr\u00e4sidenten der Universit\u00e4t Potsdam, Prof. Oliver G\u00fcnther, Ph.D. sowie Lagepl\u00e4ne aller Standorte.\" \/>\n<meta property=\"og:url\" content=\"https:\/\/shop.verlag.uni-potsdam.de\/en\/shop\/universitaet-potsdam\/\" \/>\n<meta property=\"og:site_name\" content=\"Universit\u00e4tsverlag Potsdam\" \/>\n<meta property=\"article:modified_time\" content=\"2026-03-23T10:56:25+00:00\" \/>\n<meta property=\"og:image\" content=\"https:\/\/shop.verlag.uni-potsdam.de\/wp-content\/uploads\/asolmerce\/image-978-3-86956-536-1.jpg\" \/>\n\t<meta property=\"og:image:width\" content=\"2182\" \/>\n\t<meta property=\"og:image:height\" content=\"2560\" \/>\n\t<meta property=\"og:image:type\" content=\"image\/jpeg\" \/>\n<meta name=\"twitter:card\" content=\"summary_large_image\" \/>\n<meta name=\"twitter:label1\" content=\"Est. reading time\" \/>\n\t<meta name=\"twitter:data1\" content=\"1 minute\" \/>\n<script type=\"application\/ld+json\" class=\"yoast-schema-graph\">{\"@context\":\"https:\/\/schema.org\",\"@graph\":[{\"@type\":\"WebPage\",\"@id\":\"https:\/\/shop.verlag.uni-potsdam.de\/en\/shop\/universitaet-potsdam\/\",\"url\":\"https:\/\/shop.verlag.uni-potsdam.de\/en\/shop\/universitaet-potsdam\/\",\"name\":\"Universit\u00e4t Potsdam - Universit\u00e4tsverlag Potsdam\",\"isPartOf\":{\"@id\":\"https:\/\/shop.verlag.uni-potsdam.de\/en\/#website\"},\"primaryImageOfPage\":{\"@id\":\"https:\/\/shop.verlag.uni-potsdam.de\/en\/shop\/universitaet-potsdam\/#primaryimage\"},\"image\":{\"@id\":\"https:\/\/shop.verlag.uni-potsdam.de\/shop\/universitaet-potsdam\/#primaryimage\"},\"thumbnailUrl\":\"https:\/\/shop.verlag.uni-potsdam.de\/wp-content\/uploads\/asolmerce\/image-978-3-86956-536-1.jpg\",\"datePublished\":\"2026-03-23T08:55:25+00:00\",\"dateModified\":\"2026-03-23T10:56:25+00:00\",\"breadcrumb\":{\"@id\":\"https:\/\/shop.verlag.uni-potsdam.de\/en\/shop\/universitaet-potsdam\/#breadcrumb\"},\"inLanguage\":\"en-US\",\"potentialAction\":[{\"@type\":\"ReadAction\",\"target\":[[\"https:\/\/shop.verlag.uni-potsdam.de\/en\/shop\/universitaet-potsdam\/\"]]}]},{\"@type\":\"ImageObject\",\"inLanguage\":\"en-US\",\"@id\":\"https:\/\/shop.verlag.uni-potsdam.de\/en\/shop\/universitaet-potsdam\/#primaryimage\",\"url\":\"https:\/\/shop.verlag.uni-potsdam.de\/wp-content\/uploads\/asolmerce\/image-978-3-86956-536-1.jpg\",\"contentUrl\":\"https:\/\/shop.verlag.uni-potsdam.de\/wp-content\/uploads\/asolmerce\/image-978-3-86956-536-1.jpg\",\"width\":2182,\"height\":2560},{\"@type\":\"BreadcrumbList\",\"@id\":\"https:\/\/shop.verlag.uni-potsdam.de\/en\/shop\/universitaet-potsdam\/#breadcrumb\",\"itemListElement\":[{\"@type\":\"ListItem\",\"position\":1,\"name\":\"Startseite\",\"item\":\"https:\/\/shop.verlag.uni-potsdam.de\/en\/\"},{\"@type\":\"ListItem\",\"position\":2,\"name\":\"Shop\",\"item\":\"https:\/\/shop.verlag.uni-potsdam.de\/en\/shop\/\"},{\"@type\":\"ListItem\",\"position\":3,\"name\":\"Universit\u00e4t Potsdam\"}]},{\"@type\":\"WebSite\",\"@id\":\"https:\/\/shop.verlag.uni-potsdam.de\/en\/#website\",\"url\":\"https:\/\/shop.verlag.uni-potsdam.de\/en\/\",\"name\":\"Universit\u00e4tsverlag Potsdam\",\"description\":\"\",\"publisher\":{\"@id\":\"https:\/\/shop.verlag.uni-potsdam.de\/en\/#organization\"},\"potentialAction\":[{\"@type\":\"SearchAction\",\"target\":{\"@type\":\"EntryPoint\",\"urlTemplate\":\"https:\/\/shop.verlag.uni-potsdam.de\/en\/?s={search_term_string}\"},\"query-input\":{\"@type\":\"PropertyValueSpecification\",\"valueRequired\":true,\"valueName\":\"search_term_string\"}}],\"inLanguage\":\"en-US\"},{\"@type\":\"Organization\",\"@id\":\"https:\/\/shop.verlag.uni-potsdam.de\/en\/#organization\",\"name\":\"Universit\u00e4tsverlag Potsdam\",\"url\":\"https:\/\/shop.verlag.uni-potsdam.de\/en\/\",\"logo\":{\"@type\":\"ImageObject\",\"inLanguage\":\"en-US\",\"@id\":\"https:\/\/shop.verlag.uni-potsdam.de\/en\/#\/schema\/logo\/image\/\",\"url\":\"https:\/\/shop.verlag.uni-potsdam.de\/wp-content\/uploads\/2017\/04\/up_logo_university_2.png\",\"contentUrl\":\"https:\/\/shop.verlag.uni-potsdam.de\/wp-content\/uploads\/2017\/04\/up_logo_university_2.png\",\"width\":160,\"height\":172,\"caption\":\"Universit\u00e4tsverlag Potsdam\"},\"image\":{\"@id\":\"https:\/\/shop.verlag.uni-potsdam.de\/en\/#\/schema\/logo\/image\/\"}}]}<\/script>\n<!-- \/ Yoast SEO plugin. -->","yoast_head_json":{"title":"Universit\u00e4t Potsdam - Universit\u00e4tsverlag Potsdam","robots":{"index":"index","follow":"follow","max-snippet":"max-snippet:-1","max-image-preview":"max-image-preview:large","max-video-preview":"max-video-preview:-1"},"canonical":"https:\/\/shop.verlag.uni-potsdam.de\/en\/shop\/universitaet-potsdam\/","og_locale":"en_US","og_type":"article","og_title":"Universit\u00e4t Potsdam - Universit\u00e4tsverlag Potsdam","og_description":"2021 wurde die Universit\u00e4t Potsdam 30 Jahre alt. Zeit f\u00fcr eine kurze Hochschulgeschichte in Bildern! Auf 168 Seiten finden sich rund 400 Fotos aus der Geschichte der Potsdamer Alma Mater \u2013 von der Pressekonferenz, auf der Brandenburgs Wissenschaftsminister Dr. Hinrich Enderlein die Gr\u00fcndung der Universit\u00e4t bekannt gibt, bis zu den traurig-sch\u00f6nen menschenleeren Campusimpressionen mitten in der Corona-Pandemie Anfang 2021. Die Auswahl aus Zehntausenden Bildern, die im Laufe der Jahre entstanden sind, dokumentiert die rasante Entwicklung der drei Uni-Standorte Golm, Am Neuen Palais und Griebnitzsee, begleitet Studierende und Forschende verschiedener Generationen und zeigt Eindr\u00fccke von wichtigen gro\u00dfen und kleinen Veranstaltungen und Ereignissen sowie \u2013 vor allem \u2013 vom Alltag einer Universit\u00e4t.Erg\u00e4nzt wird die fotografische Zeitreise durch deutsch-englische Bildbeschreibungen, ein Vorwort des Pr\u00e4sidenten der Universit\u00e4t Potsdam, Prof. Oliver G\u00fcnther, Ph.D. sowie Lagepl\u00e4ne aller Standorte.","og_url":"https:\/\/shop.verlag.uni-potsdam.de\/en\/shop\/universitaet-potsdam\/","og_site_name":"Universit\u00e4tsverlag Potsdam","article_modified_time":"2026-03-23T10:56:25+00:00","og_image":[{"width":2182,"height":2560,"url":"https:\/\/shop.verlag.uni-potsdam.de\/wp-content\/uploads\/asolmerce\/image-978-3-86956-536-1.jpg","type":"image\/jpeg"}],"twitter_card":"summary_large_image","twitter_misc":{"Est. reading time":"1 minute"},"schema":{"@context":"https:\/\/schema.org","@graph":[{"@type":"WebPage","@id":"https:\/\/shop.verlag.uni-potsdam.de\/en\/shop\/universitaet-potsdam\/","url":"https:\/\/shop.verlag.uni-potsdam.de\/en\/shop\/universitaet-potsdam\/","name":"Universit\u00e4t Potsdam - Universit\u00e4tsverlag Potsdam","isPartOf":{"@id":"https:\/\/shop.verlag.uni-potsdam.de\/en\/#website"},"primaryImageOfPage":{"@id":"https:\/\/shop.verlag.uni-potsdam.de\/en\/shop\/universitaet-potsdam\/#primaryimage"},"image":{"@id":"https:\/\/shop.verlag.uni-potsdam.de\/shop\/universitaet-potsdam\/#primaryimage"},"thumbnailUrl":"https:\/\/shop.verlag.uni-potsdam.de\/wp-content\/uploads\/asolmerce\/image-978-3-86956-536-1.jpg","datePublished":"2026-03-23T08:55:25+00:00","dateModified":"2026-03-23T10:56:25+00:00","breadcrumb":{"@id":"https:\/\/shop.verlag.uni-potsdam.de\/en\/shop\/universitaet-potsdam\/#breadcrumb"},"inLanguage":"en-US","potentialAction":[{"@type":"ReadAction","target":[["https:\/\/shop.verlag.uni-potsdam.de\/en\/shop\/universitaet-potsdam\/"]]}]},{"@type":"ImageObject","inLanguage":"en-US","@id":"https:\/\/shop.verlag.uni-potsdam.de\/en\/shop\/universitaet-potsdam\/#primaryimage","url":"https:\/\/shop.verlag.uni-potsdam.de\/wp-content\/uploads\/asolmerce\/image-978-3-86956-536-1.jpg","contentUrl":"https:\/\/shop.verlag.uni-potsdam.de\/wp-content\/uploads\/asolmerce\/image-978-3-86956-536-1.jpg","width":2182,"height":2560},{"@type":"BreadcrumbList","@id":"https:\/\/shop.verlag.uni-potsdam.de\/en\/shop\/universitaet-potsdam\/#breadcrumb","itemListElement":[{"@type":"ListItem","position":1,"name":"Startseite","item":"https:\/\/shop.verlag.uni-potsdam.de\/en\/"},{"@type":"ListItem","position":2,"name":"Shop","item":"https:\/\/shop.verlag.uni-potsdam.de\/en\/shop\/"},{"@type":"ListItem","position":3,"name":"Universit\u00e4t Potsdam"}]},{"@type":"WebSite","@id":"https:\/\/shop.verlag.uni-potsdam.de\/en\/#website","url":"https:\/\/shop.verlag.uni-potsdam.de\/en\/","name":"Universit\u00e4tsverlag Potsdam","description":"","publisher":{"@id":"https:\/\/shop.verlag.uni-potsdam.de\/en\/#organization"},"potentialAction":[{"@type":"SearchAction","target":{"@type":"EntryPoint","urlTemplate":"https:\/\/shop.verlag.uni-potsdam.de\/en\/?s={search_term_string}"},"query-input":{"@type":"PropertyValueSpecification","valueRequired":true,"valueName":"search_term_string"}}],"inLanguage":"en-US"},{"@type":"Organization","@id":"https:\/\/shop.verlag.uni-potsdam.de\/en\/#organization","name":"Universit\u00e4tsverlag Potsdam","url":"https:\/\/shop.verlag.uni-potsdam.de\/en\/","logo":{"@type":"ImageObject","inLanguage":"en-US","@id":"https:\/\/shop.verlag.uni-potsdam.de\/en\/#\/schema\/logo\/image\/","url":"https:\/\/shop.verlag.uni-potsdam.de\/wp-content\/uploads\/2017\/04\/up_logo_university_2.png","contentUrl":"https:\/\/shop.verlag.uni-potsdam.de\/wp-content\/uploads\/2017\/04\/up_logo_university_2.png","width":160,"height":172,"caption":"Universit\u00e4tsverlag Potsdam"},"image":{"@id":"https:\/\/shop.verlag.uni-potsdam.de\/en\/#\/schema\/logo\/image\/"}}]}},"_links":{"self":[{"href":"https:\/\/shop.verlag.uni-potsdam.de\/en\/wp-json\/wp\/v2\/product\/73911","targetHints":{"allow":["GET"]}}],"collection":[{"href":"https:\/\/shop.verlag.uni-potsdam.de\/en\/wp-json\/wp\/v2\/product"}],"about":[{"href":"https:\/\/shop.verlag.uni-potsdam.de\/en\/wp-json\/wp\/v2\/types\/product"}],"wp:featuredmedia":[{"embeddable":true,"href":"https:\/\/shop.verlag.uni-potsdam.de\/en\/wp-json\/wp\/v2\/media\/73912"}],"wp:attachment":[{"href":"https:\/\/shop.verlag.uni-potsdam.de\/en\/wp-json\/wp\/v2\/media?parent=73911"}],"wp:term":[{"taxonomy":"product_brand","embeddable":true,"href":"https:\/\/shop.verlag.uni-potsdam.de\/en\/wp-json\/wp\/v2\/product_brand?post=73911"},{"taxonomy":"product_cat","embeddable":true,"href":"https:\/\/shop.verlag.uni-potsdam.de\/en\/wp-json\/wp\/v2\/product_cat?post=73911"},{"taxonomy":"product_tag","embeddable":true,"href":"https:\/\/shop.verlag.uni-potsdam.de\/en\/wp-json\/wp\/v2\/product_tag?post=73911"}],"curies":[{"name":"wp","href":"https:\/\/api.w.org\/{rel}","templated":true}]}}