{"id":73954,"date":"2026-03-31T09:48:01","date_gmt":"2026-03-31T09:48:01","guid":{"rendered":"https:\/\/shop.verlag.uni-potsdam.de\/shop\/empty-product-container\/"},"modified":"2026-03-31T13:49:01","modified_gmt":"2026-03-31T11:49:01","slug":"der-amicus-curiae-im-deutsch-franzoesischen-vergleich-ebook","status":"publish","type":"product","link":"https:\/\/shop.verlag.uni-potsdam.de\/en\/shop\/der-amicus-curiae-im-deutsch-franzoesischen-vergleich-ebook\/","title":{"rendered":"Der Amicus Curiae im deutsch-franz\u00f6sischen Vergleich"},"content":{"rendered":"<p class=\"qtranxs-available-languages-message qtranxs-available-languages-message-en\">Sorry, this entry is only available in <a href=\"https:\/\/shop.verlag.uni-potsdam.de\/de\/wp-json\/wp\/v2\/product\/73954\" class=\"qtranxs-available-language-link qtranxs-available-language-link-de\" title=\"Deutsch\">Deutsch<\/a>.<\/p><p>In den vergangenen Jahren hat der im anglo-amerikanischen Rechtsraum wurzelnde Amicus Curiae, wenn auch in unterschiedlicher Auspr\u00e4gung, Eingang in die Verwaltungsgerichtsbarkeiten in Deutschland und Frankreich gefunden. Dabei erweist sich die franz\u00f6sische Verwaltungsgerichtsordnung aus rechtsvergleichender Sicht als progressiv, da das Verfahrensinstrument hier \u2013 im Gegensatz zur deutschen Rechtslage \u2013 bereits positiv-rechtlich normiert ist. Diese Fortschrittlichkeit hat sich bisher jedoch nicht merklich auf die Drittinterventionspraxis niedergeschlagen, besitzen Amicus Curiae-Stellungnahmen doch in beiden L\u00e4ndern und \u00fcber alle verwaltungsgerichtlichen Instanzen hinweg noch immer Seltenheitswert.<\/p>\n<p>Da mithin keine Generalisierungen zur dieser Rechtspraxis erlaubt sind, kann sich eine Analyse der m\u00f6glichen funktionalen Rolle derartiger Amicus Curiae-Stellungnahmen nur auf theoretische \u00dcberlegungen st\u00fctzen. Danach ist eine Informationsfunktion gegen\u00fcber dem Gericht in Bezug auf Tatsachen- und Rechtsfragen klar zu bejahen. Auch d\u00fcrfte der Verfahrensmechanismus ein zus\u00e4tzliches \u2013 wenngleich nicht demokratisches \u2013 Legitimationspotential f\u00fcr gerichtliche Entscheidungen besitzen: Indem dieser gesellschaftliche Teilhabe und damit gleichzeitig die Einbettung verwaltungsgerichtlicher Verfahren in den jeweiligen sozialen Kontext erm\u00f6glicht, kann er zur Steigerung der gesellschaftlichen Akzeptanz der zunehmend unter Rechtsfertigungsdruck geratenden Richtermacht beitragen.<\/p>","protected":false},"excerpt":{"rendered":"<p class=\"qtranxs-available-languages-message qtranxs-available-languages-message-en\">Sorry, this entry is only available in <a href=\"https:\/\/shop.verlag.uni-potsdam.de\/de\/wp-json\/wp\/v2\/product\/73954\" class=\"qtranxs-available-language-link qtranxs-available-language-link-de\" title=\"Deutsch\">Deutsch<\/a>.<\/p>\n<p>In den vergangenen Jahren hat der im anglo-amerikanischen Rechtsraum wurzelnde Amicus Curiae, wenn auch in unterschiedlicher Auspr\u00e4gung, Eingang in die Verwaltungsgerichtsbarkeiten in Deutschland und Frankreich gefunden. Dabei erweist sich die franz\u00f6sische Verwaltungsgerichtsordnung aus rechtsvergleichender Sicht als progressiv, da das Verfahrensinstrument hier \u2013 im Gegensatz zur deutschen Rechtslage \u2013 bereits positiv-rechtlich normiert ist. Diese Fortschrittlichkeit hat sich bisher jedoch nicht merklich auf die Drittinterventionspraxis niedergeschlagen, besitzen Amicus Curiae-Stellungnahmen doch in beiden L\u00e4ndern und \u00fcber alle verwaltungsgerichtlichen Instanzen hinweg noch immer Seltenheitswert.<\/p>\n<p>Da mithin keine Generalisierungen zur dieser Rechtspraxis erlaubt sind, kann sich eine Analyse der m\u00f6glichen funktionalen Rolle derartiger Amicus Curiae-Stellungnahmen nur auf theoretische \u00dcberlegungen st\u00fctzen. Danach ist eine Informationsfunktion gegen\u00fcber dem Gericht in Bezug auf Tatsachen- und Rechtsfragen klar zu bejahen. Auch d\u00fcrfte der Verfahrensmechanismus ein zus\u00e4tzliches \u2013 wenngleich nicht demokratisches \u2013 Legitimationspotential f\u00fcr gerichtliche Entscheidungen besitzen: Indem dieser gesellschaftliche Teilhabe und damit gleichzeitig die Einbettung verwaltungsgerichtlicher Verfahren in den jeweiligen sozialen Kontext erm\u00f6glicht, kann er zur Steigerung der gesellschaftlichen Akzeptanz der zunehmend unter Rechtsfertigungsdruck geratenden Richtermacht beitragen.<\/p>\n","protected":false},"featured_media":90640,"template":"","meta":{"_acf_changed":false},"product_brand":[],"product_cat":[6225],"product_tag":[],"class_list":{"0":"post-73954","1":"product","2":"type-product","3":"status-publish","4":"has-post-thumbnail","6":"product_cat-recht-web-kategorie","7":"autor-katharina-diel-gligor","8":"edition-online-only","9":"reihe-mega-schriftenreihe","11":"first","12":"instock","13":"downloadable","14":"virtual","15":"product-type-simple"},"acf":[],"yoast_head":"<!-- This site is optimized with the Yoast SEO plugin v27.1.1 - https:\/\/yoast.com\/product\/yoast-seo-wordpress\/ -->\n<title>Der Amicus Curiae im deutsch-franz\u00f6sischen Vergleich - Universit\u00e4tsverlag Potsdam<\/title>\n<meta name=\"robots\" content=\"index, follow, max-snippet:-1, max-image-preview:large, max-video-preview:-1\" \/>\n<link rel=\"canonical\" href=\"https:\/\/shop.verlag.uni-potsdam.de\/en\/shop\/der-amicus-curiae-im-deutsch-franzoesischen-vergleich-ebook\/\" \/>\n<meta property=\"og:locale\" content=\"en_US\" \/>\n<meta property=\"og:type\" content=\"article\" \/>\n<meta property=\"og:title\" content=\"Der Amicus Curiae im deutsch-franz\u00f6sischen Vergleich - Universit\u00e4tsverlag Potsdam\" \/>\n<meta property=\"og:description\" content=\"In den vergangenen Jahren hat der im anglo-amerikanischen Rechtsraum wurzelnde Amicus Curiae, wenn auch in unterschiedlicher Auspr\u00e4gung, Eingang in die Verwaltungsgerichtsbarkeiten in Deutschland und Frankreich gefunden. Dabei erweist sich die franz\u00f6sische Verwaltungsgerichtsordnung aus rechtsvergleichender Sicht als progressiv, da das Verfahrensinstrument hier \u2013 im Gegensatz zur deutschen Rechtslage \u2013 bereits positiv-rechtlich normiert ist. Diese Fortschrittlichkeit hat sich bisher jedoch nicht merklich auf die Drittinterventionspraxis niedergeschlagen, besitzen Amicus Curiae-Stellungnahmen doch in beiden L\u00e4ndern und \u00fcber alle verwaltungsgerichtlichen Instanzen hinweg noch immer Seltenheitswert.Da mithin keine Generalisierungen zur dieser Rechtspraxis erlaubt sind, kann sich eine Analyse der m\u00f6glichen funktionalen Rolle derartiger Amicus Curiae-Stellungnahmen nur auf theoretische \u00dcberlegungen st\u00fctzen. Danach ist eine Informationsfunktion gegen\u00fcber dem Gericht in Bezug auf Tatsachen- und Rechtsfragen klar zu bejahen. Auch d\u00fcrfte der Verfahrensmechanismus ein zus\u00e4tzliches \u2013 wenngleich nicht demokratisches \u2013 Legitimationspotential f\u00fcr gerichtliche Entscheidungen besitzen: Indem dieser gesellschaftliche Teilhabe und damit gleichzeitig die Einbettung verwaltungsgerichtlicher Verfahren in den jeweiligen sozialen Kontext erm\u00f6glicht, kann er zur Steigerung der gesellschaftlichen Akzeptanz der zunehmend unter Rechtsfertigungsdruck geratenden Richtermacht beitragen.\" \/>\n<meta property=\"og:url\" content=\"https:\/\/shop.verlag.uni-potsdam.de\/en\/shop\/der-amicus-curiae-im-deutsch-franzoesischen-vergleich-ebook\/\" \/>\n<meta property=\"og:site_name\" content=\"Universit\u00e4tsverlag Potsdam\" \/>\n<meta property=\"article:modified_time\" content=\"2026-03-31T11:49:01+00:00\" \/>\n<meta property=\"og:image\" content=\"https:\/\/shop.verlag.uni-potsdam.de\/wp-content\/uploads\/asolmerce\/image-22445.jpg\" \/>\n\t<meta property=\"og:image:width\" content=\"1339\" \/>\n\t<meta property=\"og:image:height\" content=\"1890\" \/>\n\t<meta property=\"og:image:type\" content=\"image\/jpeg\" \/>\n<meta name=\"twitter:card\" content=\"summary_large_image\" \/>\n<meta name=\"twitter:label1\" content=\"Est. reading time\" \/>\n\t<meta name=\"twitter:data1\" content=\"1 minute\" \/>\n<script type=\"application\/ld+json\" class=\"yoast-schema-graph\">{\"@context\":\"https:\/\/schema.org\",\"@graph\":[{\"@type\":\"WebPage\",\"@id\":\"https:\/\/shop.verlag.uni-potsdam.de\/en\/shop\/der-amicus-curiae-im-deutsch-franzoesischen-vergleich-ebook\/\",\"url\":\"https:\/\/shop.verlag.uni-potsdam.de\/en\/shop\/der-amicus-curiae-im-deutsch-franzoesischen-vergleich-ebook\/\",\"name\":\"Der Amicus Curiae im deutsch-franz\u00f6sischen Vergleich - Universit\u00e4tsverlag Potsdam\",\"isPartOf\":{\"@id\":\"https:\/\/shop.verlag.uni-potsdam.de\/en\/#website\"},\"primaryImageOfPage\":{\"@id\":\"https:\/\/shop.verlag.uni-potsdam.de\/en\/shop\/der-amicus-curiae-im-deutsch-franzoesischen-vergleich-ebook\/#primaryimage\"},\"image\":{\"@id\":\"https:\/\/shop.verlag.uni-potsdam.de\/shop\/der-amicus-curiae-im-deutsch-franzoesischen-vergleich-ebook\/#primaryimage\"},\"thumbnailUrl\":\"https:\/\/shop.verlag.uni-potsdam.de\/wp-content\/uploads\/asolmerce\/image-22445.jpg\",\"datePublished\":\"2026-03-31T09:48:01+00:00\",\"dateModified\":\"2026-03-31T11:49:01+00:00\",\"breadcrumb\":{\"@id\":\"https:\/\/shop.verlag.uni-potsdam.de\/en\/shop\/der-amicus-curiae-im-deutsch-franzoesischen-vergleich-ebook\/#breadcrumb\"},\"inLanguage\":\"en-US\",\"potentialAction\":[{\"@type\":\"ReadAction\",\"target\":[[\"https:\/\/shop.verlag.uni-potsdam.de\/en\/shop\/der-amicus-curiae-im-deutsch-franzoesischen-vergleich-ebook\/\"]]}]},{\"@type\":\"ImageObject\",\"inLanguage\":\"en-US\",\"@id\":\"https:\/\/shop.verlag.uni-potsdam.de\/en\/shop\/der-amicus-curiae-im-deutsch-franzoesischen-vergleich-ebook\/#primaryimage\",\"url\":\"https:\/\/shop.verlag.uni-potsdam.de\/wp-content\/uploads\/asolmerce\/image-22445.jpg\",\"contentUrl\":\"https:\/\/shop.verlag.uni-potsdam.de\/wp-content\/uploads\/asolmerce\/image-22445.jpg\",\"width\":1339,\"height\":1890},{\"@type\":\"BreadcrumbList\",\"@id\":\"https:\/\/shop.verlag.uni-potsdam.de\/en\/shop\/der-amicus-curiae-im-deutsch-franzoesischen-vergleich-ebook\/#breadcrumb\",\"itemListElement\":[{\"@type\":\"ListItem\",\"position\":1,\"name\":\"Startseite\",\"item\":\"https:\/\/shop.verlag.uni-potsdam.de\/en\/\"},{\"@type\":\"ListItem\",\"position\":2,\"name\":\"Shop\",\"item\":\"https:\/\/shop.verlag.uni-potsdam.de\/en\/shop\/\"},{\"@type\":\"ListItem\",\"position\":3,\"name\":\"Der Amicus Curiae im deutsch-franz\u00f6sischen Vergleich\"}]},{\"@type\":\"WebSite\",\"@id\":\"https:\/\/shop.verlag.uni-potsdam.de\/en\/#website\",\"url\":\"https:\/\/shop.verlag.uni-potsdam.de\/en\/\",\"name\":\"Universit\u00e4tsverlag Potsdam\",\"description\":\"\",\"publisher\":{\"@id\":\"https:\/\/shop.verlag.uni-potsdam.de\/en\/#organization\"},\"potentialAction\":[{\"@type\":\"SearchAction\",\"target\":{\"@type\":\"EntryPoint\",\"urlTemplate\":\"https:\/\/shop.verlag.uni-potsdam.de\/en\/?s={search_term_string}\"},\"query-input\":{\"@type\":\"PropertyValueSpecification\",\"valueRequired\":true,\"valueName\":\"search_term_string\"}}],\"inLanguage\":\"en-US\"},{\"@type\":\"Organization\",\"@id\":\"https:\/\/shop.verlag.uni-potsdam.de\/en\/#organization\",\"name\":\"Universit\u00e4tsverlag Potsdam\",\"url\":\"https:\/\/shop.verlag.uni-potsdam.de\/en\/\",\"logo\":{\"@type\":\"ImageObject\",\"inLanguage\":\"en-US\",\"@id\":\"https:\/\/shop.verlag.uni-potsdam.de\/en\/#\/schema\/logo\/image\/\",\"url\":\"https:\/\/shop.verlag.uni-potsdam.de\/wp-content\/uploads\/2017\/04\/up_logo_university_2.png\",\"contentUrl\":\"https:\/\/shop.verlag.uni-potsdam.de\/wp-content\/uploads\/2017\/04\/up_logo_university_2.png\",\"width\":160,\"height\":172,\"caption\":\"Universit\u00e4tsverlag Potsdam\"},\"image\":{\"@id\":\"https:\/\/shop.verlag.uni-potsdam.de\/en\/#\/schema\/logo\/image\/\"}}]}<\/script>\n<!-- \/ Yoast SEO plugin. -->","yoast_head_json":{"title":"Der Amicus Curiae im deutsch-franz\u00f6sischen Vergleich - Universit\u00e4tsverlag Potsdam","robots":{"index":"index","follow":"follow","max-snippet":"max-snippet:-1","max-image-preview":"max-image-preview:large","max-video-preview":"max-video-preview:-1"},"canonical":"https:\/\/shop.verlag.uni-potsdam.de\/en\/shop\/der-amicus-curiae-im-deutsch-franzoesischen-vergleich-ebook\/","og_locale":"en_US","og_type":"article","og_title":"Der Amicus Curiae im deutsch-franz\u00f6sischen Vergleich - Universit\u00e4tsverlag Potsdam","og_description":"In den vergangenen Jahren hat der im anglo-amerikanischen Rechtsraum wurzelnde Amicus Curiae, wenn auch in unterschiedlicher Auspr\u00e4gung, Eingang in die Verwaltungsgerichtsbarkeiten in Deutschland und Frankreich gefunden. Dabei erweist sich die franz\u00f6sische Verwaltungsgerichtsordnung aus rechtsvergleichender Sicht als progressiv, da das Verfahrensinstrument hier \u2013 im Gegensatz zur deutschen Rechtslage \u2013 bereits positiv-rechtlich normiert ist. Diese Fortschrittlichkeit hat sich bisher jedoch nicht merklich auf die Drittinterventionspraxis niedergeschlagen, besitzen Amicus Curiae-Stellungnahmen doch in beiden L\u00e4ndern und \u00fcber alle verwaltungsgerichtlichen Instanzen hinweg noch immer Seltenheitswert.Da mithin keine Generalisierungen zur dieser Rechtspraxis erlaubt sind, kann sich eine Analyse der m\u00f6glichen funktionalen Rolle derartiger Amicus Curiae-Stellungnahmen nur auf theoretische \u00dcberlegungen st\u00fctzen. Danach ist eine Informationsfunktion gegen\u00fcber dem Gericht in Bezug auf Tatsachen- und Rechtsfragen klar zu bejahen. Auch d\u00fcrfte der Verfahrensmechanismus ein zus\u00e4tzliches \u2013 wenngleich nicht demokratisches \u2013 Legitimationspotential f\u00fcr gerichtliche Entscheidungen besitzen: Indem dieser gesellschaftliche Teilhabe und damit gleichzeitig die Einbettung verwaltungsgerichtlicher Verfahren in den jeweiligen sozialen Kontext erm\u00f6glicht, kann er zur Steigerung der gesellschaftlichen Akzeptanz der zunehmend unter Rechtsfertigungsdruck geratenden Richtermacht beitragen.","og_url":"https:\/\/shop.verlag.uni-potsdam.de\/en\/shop\/der-amicus-curiae-im-deutsch-franzoesischen-vergleich-ebook\/","og_site_name":"Universit\u00e4tsverlag Potsdam","article_modified_time":"2026-03-31T11:49:01+00:00","og_image":[{"width":1339,"height":1890,"url":"https:\/\/shop.verlag.uni-potsdam.de\/wp-content\/uploads\/asolmerce\/image-22445.jpg","type":"image\/jpeg"}],"twitter_card":"summary_large_image","twitter_misc":{"Est. reading time":"1 minute"},"schema":{"@context":"https:\/\/schema.org","@graph":[{"@type":"WebPage","@id":"https:\/\/shop.verlag.uni-potsdam.de\/en\/shop\/der-amicus-curiae-im-deutsch-franzoesischen-vergleich-ebook\/","url":"https:\/\/shop.verlag.uni-potsdam.de\/en\/shop\/der-amicus-curiae-im-deutsch-franzoesischen-vergleich-ebook\/","name":"Der Amicus Curiae im deutsch-franz\u00f6sischen Vergleich - Universit\u00e4tsverlag Potsdam","isPartOf":{"@id":"https:\/\/shop.verlag.uni-potsdam.de\/en\/#website"},"primaryImageOfPage":{"@id":"https:\/\/shop.verlag.uni-potsdam.de\/en\/shop\/der-amicus-curiae-im-deutsch-franzoesischen-vergleich-ebook\/#primaryimage"},"image":{"@id":"https:\/\/shop.verlag.uni-potsdam.de\/shop\/der-amicus-curiae-im-deutsch-franzoesischen-vergleich-ebook\/#primaryimage"},"thumbnailUrl":"https:\/\/shop.verlag.uni-potsdam.de\/wp-content\/uploads\/asolmerce\/image-22445.jpg","datePublished":"2026-03-31T09:48:01+00:00","dateModified":"2026-03-31T11:49:01+00:00","breadcrumb":{"@id":"https:\/\/shop.verlag.uni-potsdam.de\/en\/shop\/der-amicus-curiae-im-deutsch-franzoesischen-vergleich-ebook\/#breadcrumb"},"inLanguage":"en-US","potentialAction":[{"@type":"ReadAction","target":[["https:\/\/shop.verlag.uni-potsdam.de\/en\/shop\/der-amicus-curiae-im-deutsch-franzoesischen-vergleich-ebook\/"]]}]},{"@type":"ImageObject","inLanguage":"en-US","@id":"https:\/\/shop.verlag.uni-potsdam.de\/en\/shop\/der-amicus-curiae-im-deutsch-franzoesischen-vergleich-ebook\/#primaryimage","url":"https:\/\/shop.verlag.uni-potsdam.de\/wp-content\/uploads\/asolmerce\/image-22445.jpg","contentUrl":"https:\/\/shop.verlag.uni-potsdam.de\/wp-content\/uploads\/asolmerce\/image-22445.jpg","width":1339,"height":1890},{"@type":"BreadcrumbList","@id":"https:\/\/shop.verlag.uni-potsdam.de\/en\/shop\/der-amicus-curiae-im-deutsch-franzoesischen-vergleich-ebook\/#breadcrumb","itemListElement":[{"@type":"ListItem","position":1,"name":"Startseite","item":"https:\/\/shop.verlag.uni-potsdam.de\/en\/"},{"@type":"ListItem","position":2,"name":"Shop","item":"https:\/\/shop.verlag.uni-potsdam.de\/en\/shop\/"},{"@type":"ListItem","position":3,"name":"Der Amicus Curiae im deutsch-franz\u00f6sischen Vergleich"}]},{"@type":"WebSite","@id":"https:\/\/shop.verlag.uni-potsdam.de\/en\/#website","url":"https:\/\/shop.verlag.uni-potsdam.de\/en\/","name":"Universit\u00e4tsverlag Potsdam","description":"","publisher":{"@id":"https:\/\/shop.verlag.uni-potsdam.de\/en\/#organization"},"potentialAction":[{"@type":"SearchAction","target":{"@type":"EntryPoint","urlTemplate":"https:\/\/shop.verlag.uni-potsdam.de\/en\/?s={search_term_string}"},"query-input":{"@type":"PropertyValueSpecification","valueRequired":true,"valueName":"search_term_string"}}],"inLanguage":"en-US"},{"@type":"Organization","@id":"https:\/\/shop.verlag.uni-potsdam.de\/en\/#organization","name":"Universit\u00e4tsverlag Potsdam","url":"https:\/\/shop.verlag.uni-potsdam.de\/en\/","logo":{"@type":"ImageObject","inLanguage":"en-US","@id":"https:\/\/shop.verlag.uni-potsdam.de\/en\/#\/schema\/logo\/image\/","url":"https:\/\/shop.verlag.uni-potsdam.de\/wp-content\/uploads\/2017\/04\/up_logo_university_2.png","contentUrl":"https:\/\/shop.verlag.uni-potsdam.de\/wp-content\/uploads\/2017\/04\/up_logo_university_2.png","width":160,"height":172,"caption":"Universit\u00e4tsverlag Potsdam"},"image":{"@id":"https:\/\/shop.verlag.uni-potsdam.de\/en\/#\/schema\/logo\/image\/"}}]}},"_links":{"self":[{"href":"https:\/\/shop.verlag.uni-potsdam.de\/en\/wp-json\/wp\/v2\/product\/73954","targetHints":{"allow":["GET"]}}],"collection":[{"href":"https:\/\/shop.verlag.uni-potsdam.de\/en\/wp-json\/wp\/v2\/product"}],"about":[{"href":"https:\/\/shop.verlag.uni-potsdam.de\/en\/wp-json\/wp\/v2\/types\/product"}],"wp:featuredmedia":[{"embeddable":true,"href":"https:\/\/shop.verlag.uni-potsdam.de\/en\/wp-json\/wp\/v2\/media\/90640"}],"wp:attachment":[{"href":"https:\/\/shop.verlag.uni-potsdam.de\/en\/wp-json\/wp\/v2\/media?parent=73954"}],"wp:term":[{"taxonomy":"product_brand","embeddable":true,"href":"https:\/\/shop.verlag.uni-potsdam.de\/en\/wp-json\/wp\/v2\/product_brand?post=73954"},{"taxonomy":"product_cat","embeddable":true,"href":"https:\/\/shop.verlag.uni-potsdam.de\/en\/wp-json\/wp\/v2\/product_cat?post=73954"},{"taxonomy":"product_tag","embeddable":true,"href":"https:\/\/shop.verlag.uni-potsdam.de\/en\/wp-json\/wp\/v2\/product_tag?post=73954"}],"curies":[{"name":"wp","href":"https:\/\/api.w.org\/{rel}","templated":true}]}}