{"id":73988,"date":"2026-03-30T10:02:50","date_gmt":"2026-03-30T10:02:50","guid":{"rendered":"https:\/\/shop.verlag.uni-potsdam.de\/shop\/empty-product-container\/"},"modified":"2026-03-30T14:03:51","modified_gmt":"2026-03-30T12:03:51","slug":"hochschuldidaktik-informatik-hdi-2021","status":"publish","type":"product","link":"https:\/\/shop.verlag.uni-potsdam.de\/en\/shop\/hochschuldidaktik-informatik-hdi-2021\/","title":{"rendered":"Hochschuldidaktik Informatik HDI 2021"},"content":{"rendered":"<p class=\"qtranxs-available-languages-message qtranxs-available-languages-message-en\">Sorry, this entry is only available in <a href=\"https:\/\/shop.verlag.uni-potsdam.de\/de\/wp-json\/wp\/v2\/product\/73988\" class=\"qtranxs-available-language-link qtranxs-available-language-link-de\" title=\"Deutsch\">Deutsch<\/a>.<\/p><p>Die Fachtagungen HDI (Hochschuldidaktik Informatik) besch\u00e4ftigen sich<br \/>\nmit den unterschiedlichen Aspekten informatischer Bildung im<br \/>\nHochschulbereich. Neben den allgemeinen Themen wie verschiedenen Lehr-<br \/>\nund Lernformen, dem Einsatz von Informatiksystemen in der Hochschullehre<br \/>\n oder Fragen der Gewinnung von geeigneten Studierenden, deren<br \/>\nKompetenzerwerb oder auch der Betreuung der Studierenden widmet sich die<br \/>\n HDI immer auch einem Schwerpunktthema. <\/p>\n<p>Im Jahr 2021 war dies die Ber\u00fccksichtigung von Diversit\u00e4t in der Lehre.<br \/>\nDiskutiert wurden beispielsweise die Einbeziehung von besonderen<br \/>\nfachlichen und \u00fcberfachlichen Kompetenzen Studierender, der<br \/>\nUnterst\u00fctzung von Durchl\u00e4ssigkeit aus nichtakademischen Berufen, aber<br \/>\nauch die Gestaltung inklusiver Lehr- und Lernszenarios, Aspekte des<br \/>\nLebenslangen Lernens oder sich an die Diversit\u00e4t von Studierenden<br \/>\nadaptierte oder adaptierende Lehrsysteme.<\/p>\n<p>Dieser Band enth\u00e4lt ausgew\u00e4hlte Beitr\u00e4ge der 9. Fachtagung 2021, die in<br \/>\nbesonderer Weise die Konferenz und die dort diskutierten Themen<br \/>\nrepr\u00e4sentieren.<\/p>","protected":false},"excerpt":{"rendered":"<p class=\"qtranxs-available-languages-message qtranxs-available-languages-message-en\">Sorry, this entry is only available in <a href=\"https:\/\/shop.verlag.uni-potsdam.de\/de\/wp-json\/wp\/v2\/product\/73988\" class=\"qtranxs-available-language-link qtranxs-available-language-link-de\" title=\"Deutsch\">Deutsch<\/a>.<\/p>\n<p>Die Fachtagungen HDI (Hochschuldidaktik Informatik) besch\u00e4ftigen sich<br \/>\nmit den unterschiedlichen Aspekten informatischer Bildung im<br \/>\nHochschulbereich. Neben den allgemeinen Themen wie verschiedenen Lehr-<br \/>\nund Lernformen, dem Einsatz von Informatiksystemen in der Hochschullehre<br \/>\n oder Fragen der Gewinnung von geeigneten Studierenden, deren<br \/>\nKompetenzerwerb oder auch der Betreuung der Studierenden widmet sich die<br \/>\n HDI immer auch einem Schwerpunktthema. <\/p>\n<p>Im Jahr 2021 war dies die Ber\u00fccksichtigung von Diversit\u00e4t in der Lehre.<br \/>\nDiskutiert wurden beispielsweise die Einbeziehung von besonderen<br \/>\nfachlichen und \u00fcberfachlichen Kompetenzen Studierender, der<br \/>\nUnterst\u00fctzung von Durchl\u00e4ssigkeit aus nichtakademischen Berufen, aber<br \/>\nauch die Gestaltung inklusiver Lehr- und Lernszenarios, Aspekte des<br \/>\nLebenslangen Lernens oder sich an die Diversit\u00e4t von Studierenden<br \/>\nadaptierte oder adaptierende Lehrsysteme.<\/p>\n<p>Dieser Band enth\u00e4lt ausgew\u00e4hlte Beitr\u00e4ge der 9. Fachtagung 2021, die in<br \/>\nbesonderer Weise die Konferenz und die dort diskutierten Themen<br \/>\nrepr\u00e4sentieren.<\/p>\n","protected":false},"featured_media":74300,"template":"","meta":{"_acf_changed":false},"product_brand":[],"product_cat":[6211],"product_tag":[6405],"class_list":{"0":"post-73988","1":"product","2":"type-product","3":"status-publish","4":"has-post-thumbnail","6":"product_cat-informatik-edv-web-kategorie","7":"product_tag-assessment-didaktische-konzepte-diversitaet-hdi-heterogenitaet-hochschuldidaktik-hochschullehre-informatikdidaktik-informatikstudium-lebenslanges-lernen-digitale-hochschullehre","8":"autor-andreas-muehling","9":"autor-andreas-schwill","10":"autor-axel-boettcher","11":"autor-cajus-marian-netzer","12":"autor-carsten-schulte","13":"autor-carsten-thorbruegge","14":"autor-claude-draude","15":"autor-daniel-sitzmann","16":"autor-david-baberowski","17":"autor-dietrich-gerstenberger-1","18":"autor-esther-bender","19":"autor-fabian-hamann","20":"autor-felix-winkelnkemper","21":"autor-gerhard-weber","22":"autor-gregor-grosse-boelting","23":"autor-helena-barbas","24":"autor-jonas-stemme","25":"autor-joerg-desel","26":"autor-juliane-siegeris","27":"autor-karsten-weicker","28":"autor-leif-bonorden","29":"autor-len-ole-schaefer","30":"autor-lukas-scheppach","31":"autor-marcus-soll","32":"autor-nadine-bergner-1","33":"autor-sarah-ottinger","34":"autor-simone-opel","35":"autor-susanne-rentsch","36":"autor-tanja-haefner","37":"autor-thiemo-leonhardt","38":"autor-timon-schell","39":"autor-uwe-hoppe","40":"autor-veronika-thurner","42":"first","43":"instock","44":"shipping-taxable","45":"purchasable","46":"product-type-simple"},"acf":[],"yoast_head":"<!-- This site is optimized with the Yoast SEO plugin v27.1.1 - https:\/\/yoast.com\/product\/yoast-seo-wordpress\/ -->\n<title>Hochschuldidaktik Informatik HDI 2021 - Universit\u00e4tsverlag Potsdam<\/title>\n<meta name=\"robots\" content=\"index, follow, max-snippet:-1, max-image-preview:large, max-video-preview:-1\" \/>\n<link rel=\"canonical\" href=\"https:\/\/shop.verlag.uni-potsdam.de\/en\/shop\/hochschuldidaktik-informatik-hdi-2021\/\" \/>\n<meta property=\"og:locale\" content=\"en_US\" \/>\n<meta property=\"og:type\" content=\"article\" \/>\n<meta property=\"og:title\" content=\"Hochschuldidaktik Informatik HDI 2021 - Universit\u00e4tsverlag Potsdam\" \/>\n<meta property=\"og:description\" content=\"Die Fachtagungen HDI (Hochschuldidaktik Informatik) besch\u00e4ftigen sich mit den unterschiedlichen Aspekten informatischer Bildung im Hochschulbereich. Neben den allgemeinen Themen wie verschiedenen Lehr- und Lernformen, dem Einsatz von Informatiksystemen in der Hochschullehre oder Fragen der Gewinnung von geeigneten Studierenden, deren Kompetenzerwerb oder auch der Betreuung der Studierenden widmet sich die HDI immer auch einem Schwerpunktthema.  Im Jahr 2021 war dies die Ber\u00fccksichtigung von Diversit\u00e4t in der Lehre. Diskutiert wurden beispielsweise die Einbeziehung von besonderen fachlichen und \u00fcberfachlichen Kompetenzen Studierender, der Unterst\u00fctzung von Durchl\u00e4ssigkeit aus nichtakademischen Berufen, aber auch die Gestaltung inklusiver Lehr- und Lernszenarios, Aspekte des Lebenslangen Lernens oder sich an die Diversit\u00e4t von Studierenden adaptierte oder adaptierende Lehrsysteme. Dieser Band enth\u00e4lt ausgew\u00e4hlte Beitr\u00e4ge der 9. Fachtagung 2021, die in besonderer Weise die Konferenz und die dort diskutierten Themen repr\u00e4sentieren.\" \/>\n<meta property=\"og:url\" content=\"https:\/\/shop.verlag.uni-potsdam.de\/en\/shop\/hochschuldidaktik-informatik-hdi-2021\/\" \/>\n<meta property=\"og:site_name\" content=\"Universit\u00e4tsverlag Potsdam\" \/>\n<meta property=\"article:modified_time\" content=\"2026-03-30T12:03:51+00:00\" \/>\n<meta property=\"og:image\" content=\"https:\/\/shop.verlag.uni-potsdam.de\/wp-content\/uploads\/asolmerce\/image-978-3-86956-548-4.jpg\" \/>\n\t<meta property=\"og:image:width\" content=\"1221\" \/>\n\t<meta property=\"og:image:height\" content=\"1733\" \/>\n\t<meta property=\"og:image:type\" content=\"image\/jpeg\" \/>\n<meta name=\"twitter:card\" content=\"summary_large_image\" \/>\n<meta name=\"twitter:label1\" content=\"Est. reading time\" \/>\n\t<meta name=\"twitter:data1\" content=\"1 minute\" \/>\n<script type=\"application\/ld+json\" class=\"yoast-schema-graph\">{\"@context\":\"https:\/\/schema.org\",\"@graph\":[{\"@type\":\"WebPage\",\"@id\":\"https:\/\/shop.verlag.uni-potsdam.de\/en\/shop\/hochschuldidaktik-informatik-hdi-2021\/\",\"url\":\"https:\/\/shop.verlag.uni-potsdam.de\/en\/shop\/hochschuldidaktik-informatik-hdi-2021\/\",\"name\":\"Hochschuldidaktik Informatik HDI 2021 - Universit\u00e4tsverlag Potsdam\",\"isPartOf\":{\"@id\":\"https:\/\/shop.verlag.uni-potsdam.de\/en\/#website\"},\"primaryImageOfPage\":{\"@id\":\"https:\/\/shop.verlag.uni-potsdam.de\/en\/shop\/hochschuldidaktik-informatik-hdi-2021\/#primaryimage\"},\"image\":{\"@id\":\"https:\/\/shop.verlag.uni-potsdam.de\/shop\/hochschuldidaktik-informatik-hdi-2021\/#primaryimage\"},\"thumbnailUrl\":\"https:\/\/shop.verlag.uni-potsdam.de\/wp-content\/uploads\/asolmerce\/image-978-3-86956-548-4.jpg\",\"datePublished\":\"2026-03-30T10:02:50+00:00\",\"dateModified\":\"2026-03-30T12:03:51+00:00\",\"breadcrumb\":{\"@id\":\"https:\/\/shop.verlag.uni-potsdam.de\/en\/shop\/hochschuldidaktik-informatik-hdi-2021\/#breadcrumb\"},\"inLanguage\":\"en-US\",\"potentialAction\":[{\"@type\":\"ReadAction\",\"target\":[[\"https:\/\/shop.verlag.uni-potsdam.de\/en\/shop\/hochschuldidaktik-informatik-hdi-2021\/\"]]}]},{\"@type\":\"ImageObject\",\"inLanguage\":\"en-US\",\"@id\":\"https:\/\/shop.verlag.uni-potsdam.de\/en\/shop\/hochschuldidaktik-informatik-hdi-2021\/#primaryimage\",\"url\":\"https:\/\/shop.verlag.uni-potsdam.de\/wp-content\/uploads\/asolmerce\/image-978-3-86956-548-4.jpg\",\"contentUrl\":\"https:\/\/shop.verlag.uni-potsdam.de\/wp-content\/uploads\/asolmerce\/image-978-3-86956-548-4.jpg\",\"width\":1221,\"height\":1733},{\"@type\":\"BreadcrumbList\",\"@id\":\"https:\/\/shop.verlag.uni-potsdam.de\/en\/shop\/hochschuldidaktik-informatik-hdi-2021\/#breadcrumb\",\"itemListElement\":[{\"@type\":\"ListItem\",\"position\":1,\"name\":\"Startseite\",\"item\":\"https:\/\/shop.verlag.uni-potsdam.de\/en\/\"},{\"@type\":\"ListItem\",\"position\":2,\"name\":\"Shop\",\"item\":\"https:\/\/shop.verlag.uni-potsdam.de\/en\/shop\/\"},{\"@type\":\"ListItem\",\"position\":3,\"name\":\"Hochschuldidaktik Informatik (HDI) 2021\"}]},{\"@type\":\"WebSite\",\"@id\":\"https:\/\/shop.verlag.uni-potsdam.de\/en\/#website\",\"url\":\"https:\/\/shop.verlag.uni-potsdam.de\/en\/\",\"name\":\"Universit\u00e4tsverlag Potsdam\",\"description\":\"\",\"publisher\":{\"@id\":\"https:\/\/shop.verlag.uni-potsdam.de\/en\/#organization\"},\"potentialAction\":[{\"@type\":\"SearchAction\",\"target\":{\"@type\":\"EntryPoint\",\"urlTemplate\":\"https:\/\/shop.verlag.uni-potsdam.de\/en\/?s={search_term_string}\"},\"query-input\":{\"@type\":\"PropertyValueSpecification\",\"valueRequired\":true,\"valueName\":\"search_term_string\"}}],\"inLanguage\":\"en-US\"},{\"@type\":\"Organization\",\"@id\":\"https:\/\/shop.verlag.uni-potsdam.de\/en\/#organization\",\"name\":\"Universit\u00e4tsverlag Potsdam\",\"url\":\"https:\/\/shop.verlag.uni-potsdam.de\/en\/\",\"logo\":{\"@type\":\"ImageObject\",\"inLanguage\":\"en-US\",\"@id\":\"https:\/\/shop.verlag.uni-potsdam.de\/en\/#\/schema\/logo\/image\/\",\"url\":\"https:\/\/shop.verlag.uni-potsdam.de\/wp-content\/uploads\/2017\/04\/up_logo_university_2.png\",\"contentUrl\":\"https:\/\/shop.verlag.uni-potsdam.de\/wp-content\/uploads\/2017\/04\/up_logo_university_2.png\",\"width\":160,\"height\":172,\"caption\":\"Universit\u00e4tsverlag Potsdam\"},\"image\":{\"@id\":\"https:\/\/shop.verlag.uni-potsdam.de\/en\/#\/schema\/logo\/image\/\"}}]}<\/script>\n<!-- \/ Yoast SEO plugin. -->","yoast_head_json":{"title":"Hochschuldidaktik Informatik HDI 2021 - Universit\u00e4tsverlag Potsdam","robots":{"index":"index","follow":"follow","max-snippet":"max-snippet:-1","max-image-preview":"max-image-preview:large","max-video-preview":"max-video-preview:-1"},"canonical":"https:\/\/shop.verlag.uni-potsdam.de\/en\/shop\/hochschuldidaktik-informatik-hdi-2021\/","og_locale":"en_US","og_type":"article","og_title":"Hochschuldidaktik Informatik HDI 2021 - Universit\u00e4tsverlag Potsdam","og_description":"Die Fachtagungen HDI (Hochschuldidaktik Informatik) besch\u00e4ftigen sich mit den unterschiedlichen Aspekten informatischer Bildung im Hochschulbereich. Neben den allgemeinen Themen wie verschiedenen Lehr- und Lernformen, dem Einsatz von Informatiksystemen in der Hochschullehre oder Fragen der Gewinnung von geeigneten Studierenden, deren Kompetenzerwerb oder auch der Betreuung der Studierenden widmet sich die HDI immer auch einem Schwerpunktthema.  Im Jahr 2021 war dies die Ber\u00fccksichtigung von Diversit\u00e4t in der Lehre. Diskutiert wurden beispielsweise die Einbeziehung von besonderen fachlichen und \u00fcberfachlichen Kompetenzen Studierender, der Unterst\u00fctzung von Durchl\u00e4ssigkeit aus nichtakademischen Berufen, aber auch die Gestaltung inklusiver Lehr- und Lernszenarios, Aspekte des Lebenslangen Lernens oder sich an die Diversit\u00e4t von Studierenden adaptierte oder adaptierende Lehrsysteme. Dieser Band enth\u00e4lt ausgew\u00e4hlte Beitr\u00e4ge der 9. Fachtagung 2021, die in besonderer Weise die Konferenz und die dort diskutierten Themen repr\u00e4sentieren.","og_url":"https:\/\/shop.verlag.uni-potsdam.de\/en\/shop\/hochschuldidaktik-informatik-hdi-2021\/","og_site_name":"Universit\u00e4tsverlag Potsdam","article_modified_time":"2026-03-30T12:03:51+00:00","og_image":[{"width":1221,"height":1733,"url":"https:\/\/shop.verlag.uni-potsdam.de\/wp-content\/uploads\/asolmerce\/image-978-3-86956-548-4.jpg","type":"image\/jpeg"}],"twitter_card":"summary_large_image","twitter_misc":{"Est. reading time":"1 minute"},"schema":{"@context":"https:\/\/schema.org","@graph":[{"@type":"WebPage","@id":"https:\/\/shop.verlag.uni-potsdam.de\/en\/shop\/hochschuldidaktik-informatik-hdi-2021\/","url":"https:\/\/shop.verlag.uni-potsdam.de\/en\/shop\/hochschuldidaktik-informatik-hdi-2021\/","name":"Hochschuldidaktik Informatik HDI 2021 - Universit\u00e4tsverlag Potsdam","isPartOf":{"@id":"https:\/\/shop.verlag.uni-potsdam.de\/en\/#website"},"primaryImageOfPage":{"@id":"https:\/\/shop.verlag.uni-potsdam.de\/en\/shop\/hochschuldidaktik-informatik-hdi-2021\/#primaryimage"},"image":{"@id":"https:\/\/shop.verlag.uni-potsdam.de\/shop\/hochschuldidaktik-informatik-hdi-2021\/#primaryimage"},"thumbnailUrl":"https:\/\/shop.verlag.uni-potsdam.de\/wp-content\/uploads\/asolmerce\/image-978-3-86956-548-4.jpg","datePublished":"2026-03-30T10:02:50+00:00","dateModified":"2026-03-30T12:03:51+00:00","breadcrumb":{"@id":"https:\/\/shop.verlag.uni-potsdam.de\/en\/shop\/hochschuldidaktik-informatik-hdi-2021\/#breadcrumb"},"inLanguage":"en-US","potentialAction":[{"@type":"ReadAction","target":[["https:\/\/shop.verlag.uni-potsdam.de\/en\/shop\/hochschuldidaktik-informatik-hdi-2021\/"]]}]},{"@type":"ImageObject","inLanguage":"en-US","@id":"https:\/\/shop.verlag.uni-potsdam.de\/en\/shop\/hochschuldidaktik-informatik-hdi-2021\/#primaryimage","url":"https:\/\/shop.verlag.uni-potsdam.de\/wp-content\/uploads\/asolmerce\/image-978-3-86956-548-4.jpg","contentUrl":"https:\/\/shop.verlag.uni-potsdam.de\/wp-content\/uploads\/asolmerce\/image-978-3-86956-548-4.jpg","width":1221,"height":1733},{"@type":"BreadcrumbList","@id":"https:\/\/shop.verlag.uni-potsdam.de\/en\/shop\/hochschuldidaktik-informatik-hdi-2021\/#breadcrumb","itemListElement":[{"@type":"ListItem","position":1,"name":"Startseite","item":"https:\/\/shop.verlag.uni-potsdam.de\/en\/"},{"@type":"ListItem","position":2,"name":"Shop","item":"https:\/\/shop.verlag.uni-potsdam.de\/en\/shop\/"},{"@type":"ListItem","position":3,"name":"Hochschuldidaktik Informatik (HDI) 2021"}]},{"@type":"WebSite","@id":"https:\/\/shop.verlag.uni-potsdam.de\/en\/#website","url":"https:\/\/shop.verlag.uni-potsdam.de\/en\/","name":"Universit\u00e4tsverlag Potsdam","description":"","publisher":{"@id":"https:\/\/shop.verlag.uni-potsdam.de\/en\/#organization"},"potentialAction":[{"@type":"SearchAction","target":{"@type":"EntryPoint","urlTemplate":"https:\/\/shop.verlag.uni-potsdam.de\/en\/?s={search_term_string}"},"query-input":{"@type":"PropertyValueSpecification","valueRequired":true,"valueName":"search_term_string"}}],"inLanguage":"en-US"},{"@type":"Organization","@id":"https:\/\/shop.verlag.uni-potsdam.de\/en\/#organization","name":"Universit\u00e4tsverlag Potsdam","url":"https:\/\/shop.verlag.uni-potsdam.de\/en\/","logo":{"@type":"ImageObject","inLanguage":"en-US","@id":"https:\/\/shop.verlag.uni-potsdam.de\/en\/#\/schema\/logo\/image\/","url":"https:\/\/shop.verlag.uni-potsdam.de\/wp-content\/uploads\/2017\/04\/up_logo_university_2.png","contentUrl":"https:\/\/shop.verlag.uni-potsdam.de\/wp-content\/uploads\/2017\/04\/up_logo_university_2.png","width":160,"height":172,"caption":"Universit\u00e4tsverlag Potsdam"},"image":{"@id":"https:\/\/shop.verlag.uni-potsdam.de\/en\/#\/schema\/logo\/image\/"}}]}},"_links":{"self":[{"href":"https:\/\/shop.verlag.uni-potsdam.de\/en\/wp-json\/wp\/v2\/product\/73988","targetHints":{"allow":["GET"]}}],"collection":[{"href":"https:\/\/shop.verlag.uni-potsdam.de\/en\/wp-json\/wp\/v2\/product"}],"about":[{"href":"https:\/\/shop.verlag.uni-potsdam.de\/en\/wp-json\/wp\/v2\/types\/product"}],"wp:featuredmedia":[{"embeddable":true,"href":"https:\/\/shop.verlag.uni-potsdam.de\/en\/wp-json\/wp\/v2\/media\/74300"}],"wp:attachment":[{"href":"https:\/\/shop.verlag.uni-potsdam.de\/en\/wp-json\/wp\/v2\/media?parent=73988"}],"wp:term":[{"taxonomy":"product_brand","embeddable":true,"href":"https:\/\/shop.verlag.uni-potsdam.de\/en\/wp-json\/wp\/v2\/product_brand?post=73988"},{"taxonomy":"product_cat","embeddable":true,"href":"https:\/\/shop.verlag.uni-potsdam.de\/en\/wp-json\/wp\/v2\/product_cat?post=73988"},{"taxonomy":"product_tag","embeddable":true,"href":"https:\/\/shop.verlag.uni-potsdam.de\/en\/wp-json\/wp\/v2\/product_tag?post=73988"}],"curies":[{"name":"wp","href":"https:\/\/api.w.org\/{rel}","templated":true}]}}