{"id":73992,"date":"2026-03-23T08:55:26","date_gmt":"2026-03-23T08:55:26","guid":{"rendered":"https:\/\/shop.verlag.uni-potsdam.de\/shop\/empty-product-container\/"},"modified":"2026-03-23T11:56:26","modified_gmt":"2026-03-23T10:56:26","slug":"professionalisierung-in-praxisphasen","status":"publish","type":"product","link":"https:\/\/shop.verlag.uni-potsdam.de\/en\/shop\/professionalisierung-in-praxisphasen\/","title":{"rendered":"Professionalisierung in Praxisphasen"},"content":{"rendered":"<p class=\"qtranxs-available-languages-message qtranxs-available-languages-message-en\">Sorry, this entry is only available in <a href=\"https:\/\/shop.verlag.uni-potsdam.de\/de\/wp-json\/wp\/v2\/product\/73992\" class=\"qtranxs-available-language-link qtranxs-available-language-link-de\" title=\"Deutsch\">Deutsch<\/a>.<\/p><p><span id=\"abstractFull_116381\" class=\"abstractFull\" style=\"\">Schulpraktika bilden die zentrale Grundlage der Lehrerbildung in Potsdam. Bereits im Potsdamer Modell der Lehrerbildung (1993) sind sie festgehalten, seit der Integration des Schulpraktikums (Praxissemesters) 2008 absolvieren alle Potsdamer Lehramtsstudierenden f\u00fcnf Pflichtpraktika. W\u00e4hrend die Ziele der Praktika klar beschrieben sind, sind die tats\u00e4chlichen Lernerfolge nicht immer klar \u2013 ebenso wenig, wie die Begleitung der Praktika aussehen muss, um die Studierenden bestm\u00f6glich zu unterst\u00fctzen. Auch die Integration in weitere Lehrveranstaltungen des Studiums ist ein noch offenes Feld, das weiterer Betrachtung verdient. Die unterschiedliche Ausrichtung der Potsdamer Praktika, Perspektivwechsel im Orientierungs-\/Integriertem Eingangspraktikum, Selbstreflektion im Praktikum in p\u00e4dagogisch-psychologischen Handlungsfeldern, Unterricht als Profession in den Fachdidaktischen Tagespraktika, Anwendung von Diagnostik im psychodiagnostischen Praktikum und die Synthese all dessen im Schulpraktikum, bieten daf\u00fcr zahlreiche Ansatzpunkte. <\/p>\n<p>Schulpraktika sind nicht nur ein zentraler und von Studierenden hoch gesch\u00e4tzter Bestandteil des Studiums, sondern werden auch zunehmend f\u00fcr die Bildungsforschung interessant. Fragen nach der Kompetenzentwicklung, Selbsteinsch\u00e4tzungen und der Entwicklung der Reflexionsf\u00e4higkeit von Studierenden stehen dabei ebenso im Fokus wie die Einsch\u00e4tzung der universit\u00e4ren Begleitung und der Einbindung ins weitere Studium. <\/p>\n<p>Der vorliegende Band versammelt Studien von Wissenschaftlerinnen und Wissenschaftler der Universit\u00e4t Potsdam, die die f\u00fcnf Pflichtpraktika im Lehramtsstudium unter unterschiedlichen Blickwinkel beforschen. Besonders hervorzuheben ist, dass die Wissenschaftlerinnen und Wissenschaftler aus unterschiedlichen Disziplinen stammen und somit die Praktika mit verschiedenen Instrumenten und aus unterschiedlichen Blickwinkeln betrachten. Die pr\u00e4sentierten Ergebnisse bilden eine gute Grundlage, um die Praktika in Potsdam und an anderen Standorten weiterzuentwickeln.<\/span><\/p>","protected":false},"excerpt":{"rendered":"<p class=\"qtranxs-available-languages-message qtranxs-available-languages-message-en\">Sorry, this entry is only available in <a href=\"https:\/\/shop.verlag.uni-potsdam.de\/de\/wp-json\/wp\/v2\/product\/73992\" class=\"qtranxs-available-language-link qtranxs-available-language-link-de\" title=\"Deutsch\">Deutsch<\/a>.<\/p>\n<p><span id=\"abstractFull_116381\" class=\"abstractFull\" style=\"\">Schulpraktika bilden die zentrale Grundlage der Lehrerbildung in Potsdam. Bereits im Potsdamer Modell der Lehrerbildung (1993) sind sie festgehalten, seit der Integration des Schulpraktikums (Praxissemesters) 2008 absolvieren alle Potsdamer Lehramtsstudierenden f\u00fcnf Pflichtpraktika. W\u00e4hrend die Ziele der Praktika klar beschrieben sind, sind die tats\u00e4chlichen Lernerfolge nicht immer klar \u2013 ebenso wenig, wie die Begleitung der Praktika aussehen muss, um die Studierenden bestm\u00f6glich zu unterst\u00fctzen. Auch die Integration in weitere Lehrveranstaltungen des Studiums ist ein noch offenes Feld, das weiterer Betrachtung verdient. Die unterschiedliche Ausrichtung der Potsdamer Praktika, Perspektivwechsel im Orientierungs-\/Integriertem Eingangspraktikum, Selbstreflektion im Praktikum in p\u00e4dagogisch-psychologischen Handlungsfeldern, Unterricht als Profession in den Fachdidaktischen Tagespraktika, Anwendung von Diagnostik im psychodiagnostischen Praktikum und die Synthese all dessen im Schulpraktikum, bieten daf\u00fcr zahlreiche Ansatzpunkte. <\/p>\n<p>Schulpraktika sind nicht nur ein zentraler und von Studierenden hoch gesch\u00e4tzter Bestandteil des Studiums, sondern werden auch zunehmend f\u00fcr die Bildungsforschung interessant. Fragen nach der Kompetenzentwicklung, Selbsteinsch\u00e4tzungen und der Entwicklung der Reflexionsf\u00e4higkeit von Studierenden stehen dabei ebenso im Fokus wie die Einsch\u00e4tzung der universit\u00e4ren Begleitung und der Einbindung ins weitere Studium. <\/p>\n<p>Der vorliegende Band versammelt Studien von Wissenschaftlerinnen und Wissenschaftler der Universit\u00e4t Potsdam, die die f\u00fcnf Pflichtpraktika im Lehramtsstudium unter unterschiedlichen Blickwinkel beforschen. Besonders hervorzuheben ist, dass die Wissenschaftlerinnen und Wissenschaftler aus unterschiedlichen Disziplinen stammen und somit die Praktika mit verschiedenen Instrumenten und aus unterschiedlichen Blickwinkeln betrachten. Die pr\u00e4sentierten Ergebnisse bilden eine gute Grundlage, um die Praktika in Potsdam und an anderen Standorten weiterzuentwickeln.<\/span><\/p>\n","protected":false},"featured_media":73996,"template":"","meta":{"_acf_changed":false},"product_brand":[],"product_cat":[6220],"product_tag":[6408],"class_list":{"0":"post-73992","1":"product","2":"type-product","3":"status-publish","4":"has-post-thumbnail","6":"product_cat-paedagogik-web-kategorie","7":"product_tag-berufspraktische-studien-lehramtsstudium-lehrkraeftebildung-praxissemester-schulpraktikum","8":"autor-anahit-barseghyan","9":"autor-andrea-westphal","10":"autor-anna-gronostaj","11":"autor-astrid-seidel","12":"autor-claudia-susanne-gunther","13":"autor-denise-kuecholl","14":"autor-dorothea-kitschke","15":"autor-dorothea-koerner","16":"autor-frank-tosch","17":"autor-frederik-ahlgrimm","18":"autor-ingrid-glowinski-1","19":"autor-joerg-w-link","20":"autor-julia-jennek","21":"autor-juergen-wilbert","22":"autor-karen-reitz-koncebovski","23":"autor-karl-heinz-siehr","24":"autor-karsten-krauskopf","25":"autor-linda-kuhr","26":"autor-lynn-scherreiks","27":"autor-maik-wienecke","28":"autor-michel-knigge","29":"autor-miriam-vock","30":"autor-mirko-wendland","31":"autor-nicole-zaruba","32":"autor-peter-m-klopping","33":"autor-rebecca-lazarides","34":"autor-stefanie-rother","35":"autor-steffen-kludt","36":"autor-susanne-gnaedig","37":"autor-verena-maar","39":"first","40":"instock","41":"shipping-taxable","42":"purchasable","43":"product-type-simple"},"acf":[],"yoast_head":"<!-- This site is optimized with the Yoast SEO plugin v27.1.1 - https:\/\/yoast.com\/product\/yoast-seo-wordpress\/ -->\n<title>Professionalisierung in Praxisphasen - Universit\u00e4tsverlag Potsdam<\/title>\n<meta name=\"robots\" content=\"index, follow, max-snippet:-1, max-image-preview:large, max-video-preview:-1\" \/>\n<link rel=\"canonical\" href=\"https:\/\/shop.verlag.uni-potsdam.de\/en\/shop\/professionalisierung-in-praxisphasen\/\" \/>\n<meta property=\"og:locale\" content=\"en_US\" \/>\n<meta property=\"og:type\" content=\"article\" \/>\n<meta property=\"og:title\" content=\"Professionalisierung in Praxisphasen - Universit\u00e4tsverlag Potsdam\" \/>\n<meta property=\"og:description\" content=\"Schulpraktika bilden die zentrale Grundlage der Lehrerbildung in Potsdam. Bereits im Potsdamer Modell der Lehrerbildung (1993) sind sie festgehalten, seit der Integration des Schulpraktikums (Praxissemesters) 2008 absolvieren alle Potsdamer Lehramtsstudierenden f\u00fcnf Pflichtpraktika. W\u00e4hrend die Ziele der Praktika klar beschrieben sind, sind die tats\u00e4chlichen Lernerfolge nicht immer klar \u2013 ebenso wenig, wie die Begleitung der Praktika aussehen muss, um die Studierenden bestm\u00f6glich zu unterst\u00fctzen. Auch die Integration in weitere Lehrveranstaltungen des Studiums ist ein noch offenes Feld, das weiterer Betrachtung verdient. Die unterschiedliche Ausrichtung der Potsdamer Praktika, Perspektivwechsel im Orientierungs-\/Integriertem Eingangspraktikum, Selbstreflektion im Praktikum in p\u00e4dagogisch-psychologischen Handlungsfeldern, Unterricht als Profession in den Fachdidaktischen Tagespraktika, Anwendung von Diagnostik im psychodiagnostischen Praktikum und die Synthese all dessen im Schulpraktikum, bieten daf\u00fcr zahlreiche Ansatzpunkte.  Schulpraktika sind nicht nur ein zentraler und von Studierenden hoch gesch\u00e4tzter Bestandteil des Studiums, sondern werden auch zunehmend f\u00fcr die Bildungsforschung interessant. Fragen nach der Kompetenzentwicklung, Selbsteinsch\u00e4tzungen und der Entwicklung der Reflexionsf\u00e4higkeit von Studierenden stehen dabei ebenso im Fokus wie die Einsch\u00e4tzung der universit\u00e4ren Begleitung und der Einbindung ins weitere Studium.  Der vorliegende Band versammelt Studien von Wissenschaftlerinnen und Wissenschaftler der Universit\u00e4t Potsdam, die die f\u00fcnf Pflichtpraktika im Lehramtsstudium unter unterschiedlichen Blickwinkel beforschen. Besonders hervorzuheben ist, dass die Wissenschaftlerinnen und Wissenschaftler aus unterschiedlichen Disziplinen stammen und somit die Praktika mit verschiedenen Instrumenten und aus unterschiedlichen Blickwinkeln betrachten. Die pr\u00e4sentierten Ergebnisse bilden eine gute Grundlage, um die Praktika in Potsdam und an anderen Standorten weiterzuentwickeln.\" \/>\n<meta property=\"og:url\" content=\"https:\/\/shop.verlag.uni-potsdam.de\/en\/shop\/professionalisierung-in-praxisphasen\/\" \/>\n<meta property=\"og:site_name\" content=\"Universit\u00e4tsverlag Potsdam\" \/>\n<meta property=\"article:modified_time\" content=\"2026-03-23T10:56:26+00:00\" \/>\n<meta property=\"og:image\" content=\"https:\/\/shop.verlag.uni-potsdam.de\/wp-content\/uploads\/asolmerce\/image-978-3-86956-508-8.jpg\" \/>\n\t<meta property=\"og:image:width\" content=\"1166\" \/>\n\t<meta property=\"og:image:height\" content=\"1654\" \/>\n\t<meta property=\"og:image:type\" content=\"image\/jpeg\" \/>\n<meta name=\"twitter:card\" content=\"summary_large_image\" \/>\n<meta name=\"twitter:label1\" content=\"Est. reading time\" \/>\n\t<meta name=\"twitter:data1\" content=\"1 minute\" \/>\n<script type=\"application\/ld+json\" class=\"yoast-schema-graph\">{\"@context\":\"https:\/\/schema.org\",\"@graph\":[{\"@type\":\"WebPage\",\"@id\":\"https:\/\/shop.verlag.uni-potsdam.de\/en\/shop\/professionalisierung-in-praxisphasen\/\",\"url\":\"https:\/\/shop.verlag.uni-potsdam.de\/en\/shop\/professionalisierung-in-praxisphasen\/\",\"name\":\"Professionalisierung in Praxisphasen - Universit\u00e4tsverlag Potsdam\",\"isPartOf\":{\"@id\":\"https:\/\/shop.verlag.uni-potsdam.de\/en\/#website\"},\"primaryImageOfPage\":{\"@id\":\"https:\/\/shop.verlag.uni-potsdam.de\/en\/shop\/professionalisierung-in-praxisphasen\/#primaryimage\"},\"image\":{\"@id\":\"https:\/\/shop.verlag.uni-potsdam.de\/shop\/professionalisierung-in-praxisphasen\/#primaryimage\"},\"thumbnailUrl\":\"https:\/\/shop.verlag.uni-potsdam.de\/wp-content\/uploads\/asolmerce\/image-978-3-86956-508-8.jpg\",\"datePublished\":\"2026-03-23T08:55:26+00:00\",\"dateModified\":\"2026-03-23T10:56:26+00:00\",\"breadcrumb\":{\"@id\":\"https:\/\/shop.verlag.uni-potsdam.de\/en\/shop\/professionalisierung-in-praxisphasen\/#breadcrumb\"},\"inLanguage\":\"en-US\",\"potentialAction\":[{\"@type\":\"ReadAction\",\"target\":[[\"https:\/\/shop.verlag.uni-potsdam.de\/en\/shop\/professionalisierung-in-praxisphasen\/\"]]}]},{\"@type\":\"ImageObject\",\"inLanguage\":\"en-US\",\"@id\":\"https:\/\/shop.verlag.uni-potsdam.de\/en\/shop\/professionalisierung-in-praxisphasen\/#primaryimage\",\"url\":\"https:\/\/shop.verlag.uni-potsdam.de\/wp-content\/uploads\/asolmerce\/image-978-3-86956-508-8.jpg\",\"contentUrl\":\"https:\/\/shop.verlag.uni-potsdam.de\/wp-content\/uploads\/asolmerce\/image-978-3-86956-508-8.jpg\",\"width\":1166,\"height\":1654},{\"@type\":\"BreadcrumbList\",\"@id\":\"https:\/\/shop.verlag.uni-potsdam.de\/en\/shop\/professionalisierung-in-praxisphasen\/#breadcrumb\",\"itemListElement\":[{\"@type\":\"ListItem\",\"position\":1,\"name\":\"Startseite\",\"item\":\"https:\/\/shop.verlag.uni-potsdam.de\/en\/\"},{\"@type\":\"ListItem\",\"position\":2,\"name\":\"Shop\",\"item\":\"https:\/\/shop.verlag.uni-potsdam.de\/en\/shop\/\"},{\"@type\":\"ListItem\",\"position\":3,\"name\":\"Professionalisierung in Praxisphasen\"}]},{\"@type\":\"WebSite\",\"@id\":\"https:\/\/shop.verlag.uni-potsdam.de\/en\/#website\",\"url\":\"https:\/\/shop.verlag.uni-potsdam.de\/en\/\",\"name\":\"Universit\u00e4tsverlag Potsdam\",\"description\":\"\",\"publisher\":{\"@id\":\"https:\/\/shop.verlag.uni-potsdam.de\/en\/#organization\"},\"potentialAction\":[{\"@type\":\"SearchAction\",\"target\":{\"@type\":\"EntryPoint\",\"urlTemplate\":\"https:\/\/shop.verlag.uni-potsdam.de\/en\/?s={search_term_string}\"},\"query-input\":{\"@type\":\"PropertyValueSpecification\",\"valueRequired\":true,\"valueName\":\"search_term_string\"}}],\"inLanguage\":\"en-US\"},{\"@type\":\"Organization\",\"@id\":\"https:\/\/shop.verlag.uni-potsdam.de\/en\/#organization\",\"name\":\"Universit\u00e4tsverlag Potsdam\",\"url\":\"https:\/\/shop.verlag.uni-potsdam.de\/en\/\",\"logo\":{\"@type\":\"ImageObject\",\"inLanguage\":\"en-US\",\"@id\":\"https:\/\/shop.verlag.uni-potsdam.de\/en\/#\/schema\/logo\/image\/\",\"url\":\"https:\/\/shop.verlag.uni-potsdam.de\/wp-content\/uploads\/2017\/04\/up_logo_university_2.png\",\"contentUrl\":\"https:\/\/shop.verlag.uni-potsdam.de\/wp-content\/uploads\/2017\/04\/up_logo_university_2.png\",\"width\":160,\"height\":172,\"caption\":\"Universit\u00e4tsverlag Potsdam\"},\"image\":{\"@id\":\"https:\/\/shop.verlag.uni-potsdam.de\/en\/#\/schema\/logo\/image\/\"}}]}<\/script>\n<!-- \/ Yoast SEO plugin. -->","yoast_head_json":{"title":"Professionalisierung in Praxisphasen - Universit\u00e4tsverlag Potsdam","robots":{"index":"index","follow":"follow","max-snippet":"max-snippet:-1","max-image-preview":"max-image-preview:large","max-video-preview":"max-video-preview:-1"},"canonical":"https:\/\/shop.verlag.uni-potsdam.de\/en\/shop\/professionalisierung-in-praxisphasen\/","og_locale":"en_US","og_type":"article","og_title":"Professionalisierung in Praxisphasen - Universit\u00e4tsverlag Potsdam","og_description":"Schulpraktika bilden die zentrale Grundlage der Lehrerbildung in Potsdam. Bereits im Potsdamer Modell der Lehrerbildung (1993) sind sie festgehalten, seit der Integration des Schulpraktikums (Praxissemesters) 2008 absolvieren alle Potsdamer Lehramtsstudierenden f\u00fcnf Pflichtpraktika. W\u00e4hrend die Ziele der Praktika klar beschrieben sind, sind die tats\u00e4chlichen Lernerfolge nicht immer klar \u2013 ebenso wenig, wie die Begleitung der Praktika aussehen muss, um die Studierenden bestm\u00f6glich zu unterst\u00fctzen. Auch die Integration in weitere Lehrveranstaltungen des Studiums ist ein noch offenes Feld, das weiterer Betrachtung verdient. Die unterschiedliche Ausrichtung der Potsdamer Praktika, Perspektivwechsel im Orientierungs-\/Integriertem Eingangspraktikum, Selbstreflektion im Praktikum in p\u00e4dagogisch-psychologischen Handlungsfeldern, Unterricht als Profession in den Fachdidaktischen Tagespraktika, Anwendung von Diagnostik im psychodiagnostischen Praktikum und die Synthese all dessen im Schulpraktikum, bieten daf\u00fcr zahlreiche Ansatzpunkte.  Schulpraktika sind nicht nur ein zentraler und von Studierenden hoch gesch\u00e4tzter Bestandteil des Studiums, sondern werden auch zunehmend f\u00fcr die Bildungsforschung interessant. Fragen nach der Kompetenzentwicklung, Selbsteinsch\u00e4tzungen und der Entwicklung der Reflexionsf\u00e4higkeit von Studierenden stehen dabei ebenso im Fokus wie die Einsch\u00e4tzung der universit\u00e4ren Begleitung und der Einbindung ins weitere Studium.  Der vorliegende Band versammelt Studien von Wissenschaftlerinnen und Wissenschaftler der Universit\u00e4t Potsdam, die die f\u00fcnf Pflichtpraktika im Lehramtsstudium unter unterschiedlichen Blickwinkel beforschen. Besonders hervorzuheben ist, dass die Wissenschaftlerinnen und Wissenschaftler aus unterschiedlichen Disziplinen stammen und somit die Praktika mit verschiedenen Instrumenten und aus unterschiedlichen Blickwinkeln betrachten. Die pr\u00e4sentierten Ergebnisse bilden eine gute Grundlage, um die Praktika in Potsdam und an anderen Standorten weiterzuentwickeln.","og_url":"https:\/\/shop.verlag.uni-potsdam.de\/en\/shop\/professionalisierung-in-praxisphasen\/","og_site_name":"Universit\u00e4tsverlag Potsdam","article_modified_time":"2026-03-23T10:56:26+00:00","og_image":[{"width":1166,"height":1654,"url":"https:\/\/shop.verlag.uni-potsdam.de\/wp-content\/uploads\/asolmerce\/image-978-3-86956-508-8.jpg","type":"image\/jpeg"}],"twitter_card":"summary_large_image","twitter_misc":{"Est. reading time":"1 minute"},"schema":{"@context":"https:\/\/schema.org","@graph":[{"@type":"WebPage","@id":"https:\/\/shop.verlag.uni-potsdam.de\/en\/shop\/professionalisierung-in-praxisphasen\/","url":"https:\/\/shop.verlag.uni-potsdam.de\/en\/shop\/professionalisierung-in-praxisphasen\/","name":"Professionalisierung in Praxisphasen - Universit\u00e4tsverlag Potsdam","isPartOf":{"@id":"https:\/\/shop.verlag.uni-potsdam.de\/en\/#website"},"primaryImageOfPage":{"@id":"https:\/\/shop.verlag.uni-potsdam.de\/en\/shop\/professionalisierung-in-praxisphasen\/#primaryimage"},"image":{"@id":"https:\/\/shop.verlag.uni-potsdam.de\/shop\/professionalisierung-in-praxisphasen\/#primaryimage"},"thumbnailUrl":"https:\/\/shop.verlag.uni-potsdam.de\/wp-content\/uploads\/asolmerce\/image-978-3-86956-508-8.jpg","datePublished":"2026-03-23T08:55:26+00:00","dateModified":"2026-03-23T10:56:26+00:00","breadcrumb":{"@id":"https:\/\/shop.verlag.uni-potsdam.de\/en\/shop\/professionalisierung-in-praxisphasen\/#breadcrumb"},"inLanguage":"en-US","potentialAction":[{"@type":"ReadAction","target":[["https:\/\/shop.verlag.uni-potsdam.de\/en\/shop\/professionalisierung-in-praxisphasen\/"]]}]},{"@type":"ImageObject","inLanguage":"en-US","@id":"https:\/\/shop.verlag.uni-potsdam.de\/en\/shop\/professionalisierung-in-praxisphasen\/#primaryimage","url":"https:\/\/shop.verlag.uni-potsdam.de\/wp-content\/uploads\/asolmerce\/image-978-3-86956-508-8.jpg","contentUrl":"https:\/\/shop.verlag.uni-potsdam.de\/wp-content\/uploads\/asolmerce\/image-978-3-86956-508-8.jpg","width":1166,"height":1654},{"@type":"BreadcrumbList","@id":"https:\/\/shop.verlag.uni-potsdam.de\/en\/shop\/professionalisierung-in-praxisphasen\/#breadcrumb","itemListElement":[{"@type":"ListItem","position":1,"name":"Startseite","item":"https:\/\/shop.verlag.uni-potsdam.de\/en\/"},{"@type":"ListItem","position":2,"name":"Shop","item":"https:\/\/shop.verlag.uni-potsdam.de\/en\/shop\/"},{"@type":"ListItem","position":3,"name":"Professionalisierung in Praxisphasen"}]},{"@type":"WebSite","@id":"https:\/\/shop.verlag.uni-potsdam.de\/en\/#website","url":"https:\/\/shop.verlag.uni-potsdam.de\/en\/","name":"Universit\u00e4tsverlag Potsdam","description":"","publisher":{"@id":"https:\/\/shop.verlag.uni-potsdam.de\/en\/#organization"},"potentialAction":[{"@type":"SearchAction","target":{"@type":"EntryPoint","urlTemplate":"https:\/\/shop.verlag.uni-potsdam.de\/en\/?s={search_term_string}"},"query-input":{"@type":"PropertyValueSpecification","valueRequired":true,"valueName":"search_term_string"}}],"inLanguage":"en-US"},{"@type":"Organization","@id":"https:\/\/shop.verlag.uni-potsdam.de\/en\/#organization","name":"Universit\u00e4tsverlag Potsdam","url":"https:\/\/shop.verlag.uni-potsdam.de\/en\/","logo":{"@type":"ImageObject","inLanguage":"en-US","@id":"https:\/\/shop.verlag.uni-potsdam.de\/en\/#\/schema\/logo\/image\/","url":"https:\/\/shop.verlag.uni-potsdam.de\/wp-content\/uploads\/2017\/04\/up_logo_university_2.png","contentUrl":"https:\/\/shop.verlag.uni-potsdam.de\/wp-content\/uploads\/2017\/04\/up_logo_university_2.png","width":160,"height":172,"caption":"Universit\u00e4tsverlag Potsdam"},"image":{"@id":"https:\/\/shop.verlag.uni-potsdam.de\/en\/#\/schema\/logo\/image\/"}}]}},"_links":{"self":[{"href":"https:\/\/shop.verlag.uni-potsdam.de\/en\/wp-json\/wp\/v2\/product\/73992","targetHints":{"allow":["GET"]}}],"collection":[{"href":"https:\/\/shop.verlag.uni-potsdam.de\/en\/wp-json\/wp\/v2\/product"}],"about":[{"href":"https:\/\/shop.verlag.uni-potsdam.de\/en\/wp-json\/wp\/v2\/types\/product"}],"wp:featuredmedia":[{"embeddable":true,"href":"https:\/\/shop.verlag.uni-potsdam.de\/en\/wp-json\/wp\/v2\/media\/73996"}],"wp:attachment":[{"href":"https:\/\/shop.verlag.uni-potsdam.de\/en\/wp-json\/wp\/v2\/media?parent=73992"}],"wp:term":[{"taxonomy":"product_brand","embeddable":true,"href":"https:\/\/shop.verlag.uni-potsdam.de\/en\/wp-json\/wp\/v2\/product_brand?post=73992"},{"taxonomy":"product_cat","embeddable":true,"href":"https:\/\/shop.verlag.uni-potsdam.de\/en\/wp-json\/wp\/v2\/product_cat?post=73992"},{"taxonomy":"product_tag","embeddable":true,"href":"https:\/\/shop.verlag.uni-potsdam.de\/en\/wp-json\/wp\/v2\/product_tag?post=73992"}],"curies":[{"name":"wp","href":"https:\/\/api.w.org\/{rel}","templated":true}]}}