{"id":73998,"date":"2026-03-23T08:55:26","date_gmt":"2026-03-23T08:55:26","guid":{"rendered":"https:\/\/shop.verlag.uni-potsdam.de\/shop\/empty-product-container\/"},"modified":"2026-03-23T11:56:26","modified_gmt":"2026-03-23T10:56:26","slug":"in-dubio-pro-reo-ebook","status":"publish","type":"product","link":"https:\/\/shop.verlag.uni-potsdam.de\/en\/shop\/in-dubio-pro-reo-ebook\/","title":{"rendered":"In dubio pro reo"},"content":{"rendered":"<p class=\"qtranxs-available-languages-message qtranxs-available-languages-message-en\">Sorry, this entry is only available in <a href=\"https:\/\/shop.verlag.uni-potsdam.de\/de\/wp-json\/wp\/v2\/product\/73998\" class=\"qtranxs-available-language-link qtranxs-available-language-link-de\" title=\"Deutsch\">Deutsch<\/a>.<\/p><p>Die Kultur der Antike beeinflusst auch heute noch viele unserer Lebensbereiche. W\u00e4hrend manche Themen seit jeher gr\u00f6\u00dfere Beachtung finden \u2013 man denke etwa an die Einfl\u00fcsse der antiken Mythologie auf Motive der modernen Kunst und Literatur \u2013, befinden sich andere unter dem \u201aRadar\u2018 der \u00f6ffentlichen Wahrnehmung. Eines dieser Gebiete ist die Rechtswissenschaft, deren Wurzeln auf die im antiken Rom gewachsene Jurisprudenz zur\u00fcckgehen. In der vorliegenden Arbeit wird gezeigt, wie man dieses antike Erbe f\u00fcr den Lateinunterricht fruchtbar machen kann. Mit dem beigef\u00fcgten Arbeitsheft k\u00f6nnen Sch\u00fcler die Entwicklung des r\u00f6mischen Rechts von seinen ersten Ans\u00e4tzen bis hin zu seiner vollen Entfaltung nachvollziehen. Zudem lesen sie von authentischen F\u00e4llen, in denen es um Immobilienschwindel, Ehebruch oder Magie ging, und erkennen Parallelen wie auch Abweichungen von unserem modernen Rechtsverst\u00e4ndnis.<\/p>","protected":false},"excerpt":{"rendered":"<p class=\"qtranxs-available-languages-message qtranxs-available-languages-message-en\">Sorry, this entry is only available in <a href=\"https:\/\/shop.verlag.uni-potsdam.de\/de\/wp-json\/wp\/v2\/product\/73998\" class=\"qtranxs-available-language-link qtranxs-available-language-link-de\" title=\"Deutsch\">Deutsch<\/a>.<\/p>\n<p>Die Kultur der Antike beeinflusst auch heute noch viele unserer Lebensbereiche. W\u00e4hrend manche Themen seit jeher gr\u00f6\u00dfere Beachtung finden \u2013 man denke etwa an die Einfl\u00fcsse der antiken Mythologie auf Motive der modernen Kunst und Literatur \u2013, befinden sich andere unter dem \u201aRadar\u2018 der \u00f6ffentlichen Wahrnehmung. Eines dieser Gebiete ist die Rechtswissenschaft, deren Wurzeln auf die im antiken Rom gewachsene Jurisprudenz zur\u00fcckgehen. In der vorliegenden Arbeit wird gezeigt, wie man dieses antike Erbe f\u00fcr den Lateinunterricht fruchtbar machen kann. Mit dem beigef\u00fcgten Arbeitsheft k\u00f6nnen Sch\u00fcler die Entwicklung des r\u00f6mischen Rechts von seinen ersten Ans\u00e4tzen bis hin zu seiner vollen Entfaltung nachvollziehen. Zudem lesen sie von authentischen F\u00e4llen, in denen es um Immobilienschwindel, Ehebruch oder Magie ging, und erkennen Parallelen wie auch Abweichungen von unserem modernen Rechtsverst\u00e4ndnis.<\/p>\n","protected":false},"featured_media":96233,"template":"","meta":{"_acf_changed":false},"product_brand":[],"product_cat":[6212],"product_tag":[6954],"class_list":{"0":"post-73998","1":"product","2":"type-product","3":"status-publish","4":"has-post-thumbnail","6":"product_cat-klassische-sprachwissenschaft-literaturwissenschaft-web-kategorie","7":"product_tag-arbeitsheft-lateinunterricht-unterrichtsmaterial-roemisches-recht","8":"autor-markus-hoerty","9":"edition-online-only","11":"first","12":"instock","13":"downloadable","14":"virtual","15":"product-type-simple"},"acf":[],"yoast_head":"<!-- This site is optimized with the Yoast SEO plugin v27.1.1 - https:\/\/yoast.com\/product\/yoast-seo-wordpress\/ -->\n<title>In dubio pro reo - Universit\u00e4tsverlag Potsdam<\/title>\n<meta name=\"robots\" content=\"index, follow, max-snippet:-1, max-image-preview:large, max-video-preview:-1\" \/>\n<link rel=\"canonical\" href=\"https:\/\/shop.verlag.uni-potsdam.de\/en\/shop\/in-dubio-pro-reo-ebook\/\" \/>\n<meta property=\"og:locale\" content=\"en_US\" \/>\n<meta property=\"og:type\" content=\"article\" \/>\n<meta property=\"og:title\" content=\"In dubio pro reo - Universit\u00e4tsverlag Potsdam\" \/>\n<meta property=\"og:description\" content=\"Die Kultur der Antike beeinflusst auch heute noch viele unserer Lebensbereiche. W\u00e4hrend manche Themen seit jeher gr\u00f6\u00dfere Beachtung finden \u2013 man denke etwa an die Einfl\u00fcsse der antiken Mythologie auf Motive der modernen Kunst und Literatur \u2013, befinden sich andere unter dem \u201aRadar\u2018 der \u00f6ffentlichen Wahrnehmung. Eines dieser Gebiete ist die Rechtswissenschaft, deren Wurzeln auf die im antiken Rom gewachsene Jurisprudenz zur\u00fcckgehen. In der vorliegenden Arbeit wird gezeigt, wie man dieses antike Erbe f\u00fcr den Lateinunterricht fruchtbar machen kann. Mit dem beigef\u00fcgten Arbeitsheft k\u00f6nnen Sch\u00fcler die Entwicklung des r\u00f6mischen Rechts von seinen ersten Ans\u00e4tzen bis hin zu seiner vollen Entfaltung nachvollziehen. Zudem lesen sie von authentischen F\u00e4llen, in denen es um Immobilienschwindel, Ehebruch oder Magie ging, und erkennen Parallelen wie auch Abweichungen von unserem modernen Rechtsverst\u00e4ndnis.\" \/>\n<meta property=\"og:url\" content=\"https:\/\/shop.verlag.uni-potsdam.de\/en\/shop\/in-dubio-pro-reo-ebook\/\" \/>\n<meta property=\"og:site_name\" content=\"Universit\u00e4tsverlag Potsdam\" \/>\n<meta property=\"article:modified_time\" content=\"2026-03-23T10:56:26+00:00\" \/>\n<meta property=\"og:image\" content=\"https:\/\/shop.verlag.uni-potsdam.de\/wp-content\/uploads\/asolmerce\/image-u1_copia5.jpg\" \/>\n\t<meta property=\"og:image:width\" content=\"1810\" \/>\n\t<meta property=\"og:image:height\" content=\"2560\" \/>\n\t<meta property=\"og:image:type\" content=\"image\/jpeg\" \/>\n<meta name=\"twitter:card\" content=\"summary_large_image\" \/>\n<meta name=\"twitter:label1\" content=\"Est. reading time\" \/>\n\t<meta name=\"twitter:data1\" content=\"1 minute\" \/>\n<script type=\"application\/ld+json\" class=\"yoast-schema-graph\">{\"@context\":\"https:\/\/schema.org\",\"@graph\":[{\"@type\":\"WebPage\",\"@id\":\"https:\/\/shop.verlag.uni-potsdam.de\/en\/shop\/in-dubio-pro-reo-ebook\/\",\"url\":\"https:\/\/shop.verlag.uni-potsdam.de\/en\/shop\/in-dubio-pro-reo-ebook\/\",\"name\":\"In dubio pro reo - Universit\u00e4tsverlag Potsdam\",\"isPartOf\":{\"@id\":\"https:\/\/shop.verlag.uni-potsdam.de\/en\/#website\"},\"primaryImageOfPage\":{\"@id\":\"https:\/\/shop.verlag.uni-potsdam.de\/en\/shop\/in-dubio-pro-reo-ebook\/#primaryimage\"},\"image\":{\"@id\":\"https:\/\/shop.verlag.uni-potsdam.de\/shop\/in-dubio-pro-reo-ebook\/#primaryimage\"},\"thumbnailUrl\":\"https:\/\/shop.verlag.uni-potsdam.de\/wp-content\/uploads\/asolmerce\/image-u1_copia5.jpg\",\"datePublished\":\"2026-03-23T08:55:26+00:00\",\"dateModified\":\"2026-03-23T10:56:26+00:00\",\"breadcrumb\":{\"@id\":\"https:\/\/shop.verlag.uni-potsdam.de\/en\/shop\/in-dubio-pro-reo-ebook\/#breadcrumb\"},\"inLanguage\":\"en-US\",\"potentialAction\":[{\"@type\":\"ReadAction\",\"target\":[[\"https:\/\/shop.verlag.uni-potsdam.de\/en\/shop\/in-dubio-pro-reo-ebook\/\"]]}]},{\"@type\":\"ImageObject\",\"inLanguage\":\"en-US\",\"@id\":\"https:\/\/shop.verlag.uni-potsdam.de\/en\/shop\/in-dubio-pro-reo-ebook\/#primaryimage\",\"url\":\"https:\/\/shop.verlag.uni-potsdam.de\/wp-content\/uploads\/asolmerce\/image-u1_copia5.jpg\",\"contentUrl\":\"https:\/\/shop.verlag.uni-potsdam.de\/wp-content\/uploads\/asolmerce\/image-u1_copia5.jpg\",\"width\":1810,\"height\":2560},{\"@type\":\"BreadcrumbList\",\"@id\":\"https:\/\/shop.verlag.uni-potsdam.de\/en\/shop\/in-dubio-pro-reo-ebook\/#breadcrumb\",\"itemListElement\":[{\"@type\":\"ListItem\",\"position\":1,\"name\":\"Startseite\",\"item\":\"https:\/\/shop.verlag.uni-potsdam.de\/en\/\"},{\"@type\":\"ListItem\",\"position\":2,\"name\":\"Shop\",\"item\":\"https:\/\/shop.verlag.uni-potsdam.de\/en\/shop\/\"},{\"@type\":\"ListItem\",\"position\":3,\"name\":\"In dubio pro reo\"}]},{\"@type\":\"WebSite\",\"@id\":\"https:\/\/shop.verlag.uni-potsdam.de\/en\/#website\",\"url\":\"https:\/\/shop.verlag.uni-potsdam.de\/en\/\",\"name\":\"Universit\u00e4tsverlag Potsdam\",\"description\":\"\",\"publisher\":{\"@id\":\"https:\/\/shop.verlag.uni-potsdam.de\/en\/#organization\"},\"potentialAction\":[{\"@type\":\"SearchAction\",\"target\":{\"@type\":\"EntryPoint\",\"urlTemplate\":\"https:\/\/shop.verlag.uni-potsdam.de\/en\/?s={search_term_string}\"},\"query-input\":{\"@type\":\"PropertyValueSpecification\",\"valueRequired\":true,\"valueName\":\"search_term_string\"}}],\"inLanguage\":\"en-US\"},{\"@type\":\"Organization\",\"@id\":\"https:\/\/shop.verlag.uni-potsdam.de\/en\/#organization\",\"name\":\"Universit\u00e4tsverlag Potsdam\",\"url\":\"https:\/\/shop.verlag.uni-potsdam.de\/en\/\",\"logo\":{\"@type\":\"ImageObject\",\"inLanguage\":\"en-US\",\"@id\":\"https:\/\/shop.verlag.uni-potsdam.de\/en\/#\/schema\/logo\/image\/\",\"url\":\"https:\/\/shop.verlag.uni-potsdam.de\/wp-content\/uploads\/2017\/04\/up_logo_university_2.png\",\"contentUrl\":\"https:\/\/shop.verlag.uni-potsdam.de\/wp-content\/uploads\/2017\/04\/up_logo_university_2.png\",\"width\":160,\"height\":172,\"caption\":\"Universit\u00e4tsverlag Potsdam\"},\"image\":{\"@id\":\"https:\/\/shop.verlag.uni-potsdam.de\/en\/#\/schema\/logo\/image\/\"}}]}<\/script>\n<!-- \/ Yoast SEO plugin. -->","yoast_head_json":{"title":"In dubio pro reo - Universit\u00e4tsverlag Potsdam","robots":{"index":"index","follow":"follow","max-snippet":"max-snippet:-1","max-image-preview":"max-image-preview:large","max-video-preview":"max-video-preview:-1"},"canonical":"https:\/\/shop.verlag.uni-potsdam.de\/en\/shop\/in-dubio-pro-reo-ebook\/","og_locale":"en_US","og_type":"article","og_title":"In dubio pro reo - Universit\u00e4tsverlag Potsdam","og_description":"Die Kultur der Antike beeinflusst auch heute noch viele unserer Lebensbereiche. W\u00e4hrend manche Themen seit jeher gr\u00f6\u00dfere Beachtung finden \u2013 man denke etwa an die Einfl\u00fcsse der antiken Mythologie auf Motive der modernen Kunst und Literatur \u2013, befinden sich andere unter dem \u201aRadar\u2018 der \u00f6ffentlichen Wahrnehmung. Eines dieser Gebiete ist die Rechtswissenschaft, deren Wurzeln auf die im antiken Rom gewachsene Jurisprudenz zur\u00fcckgehen. In der vorliegenden Arbeit wird gezeigt, wie man dieses antike Erbe f\u00fcr den Lateinunterricht fruchtbar machen kann. Mit dem beigef\u00fcgten Arbeitsheft k\u00f6nnen Sch\u00fcler die Entwicklung des r\u00f6mischen Rechts von seinen ersten Ans\u00e4tzen bis hin zu seiner vollen Entfaltung nachvollziehen. Zudem lesen sie von authentischen F\u00e4llen, in denen es um Immobilienschwindel, Ehebruch oder Magie ging, und erkennen Parallelen wie auch Abweichungen von unserem modernen Rechtsverst\u00e4ndnis.","og_url":"https:\/\/shop.verlag.uni-potsdam.de\/en\/shop\/in-dubio-pro-reo-ebook\/","og_site_name":"Universit\u00e4tsverlag Potsdam","article_modified_time":"2026-03-23T10:56:26+00:00","og_image":[{"width":1810,"height":2560,"url":"https:\/\/shop.verlag.uni-potsdam.de\/wp-content\/uploads\/asolmerce\/image-u1_copia5.jpg","type":"image\/jpeg"}],"twitter_card":"summary_large_image","twitter_misc":{"Est. reading time":"1 minute"},"schema":{"@context":"https:\/\/schema.org","@graph":[{"@type":"WebPage","@id":"https:\/\/shop.verlag.uni-potsdam.de\/en\/shop\/in-dubio-pro-reo-ebook\/","url":"https:\/\/shop.verlag.uni-potsdam.de\/en\/shop\/in-dubio-pro-reo-ebook\/","name":"In dubio pro reo - Universit\u00e4tsverlag Potsdam","isPartOf":{"@id":"https:\/\/shop.verlag.uni-potsdam.de\/en\/#website"},"primaryImageOfPage":{"@id":"https:\/\/shop.verlag.uni-potsdam.de\/en\/shop\/in-dubio-pro-reo-ebook\/#primaryimage"},"image":{"@id":"https:\/\/shop.verlag.uni-potsdam.de\/shop\/in-dubio-pro-reo-ebook\/#primaryimage"},"thumbnailUrl":"https:\/\/shop.verlag.uni-potsdam.de\/wp-content\/uploads\/asolmerce\/image-u1_copia5.jpg","datePublished":"2026-03-23T08:55:26+00:00","dateModified":"2026-03-23T10:56:26+00:00","breadcrumb":{"@id":"https:\/\/shop.verlag.uni-potsdam.de\/en\/shop\/in-dubio-pro-reo-ebook\/#breadcrumb"},"inLanguage":"en-US","potentialAction":[{"@type":"ReadAction","target":[["https:\/\/shop.verlag.uni-potsdam.de\/en\/shop\/in-dubio-pro-reo-ebook\/"]]}]},{"@type":"ImageObject","inLanguage":"en-US","@id":"https:\/\/shop.verlag.uni-potsdam.de\/en\/shop\/in-dubio-pro-reo-ebook\/#primaryimage","url":"https:\/\/shop.verlag.uni-potsdam.de\/wp-content\/uploads\/asolmerce\/image-u1_copia5.jpg","contentUrl":"https:\/\/shop.verlag.uni-potsdam.de\/wp-content\/uploads\/asolmerce\/image-u1_copia5.jpg","width":1810,"height":2560},{"@type":"BreadcrumbList","@id":"https:\/\/shop.verlag.uni-potsdam.de\/en\/shop\/in-dubio-pro-reo-ebook\/#breadcrumb","itemListElement":[{"@type":"ListItem","position":1,"name":"Startseite","item":"https:\/\/shop.verlag.uni-potsdam.de\/en\/"},{"@type":"ListItem","position":2,"name":"Shop","item":"https:\/\/shop.verlag.uni-potsdam.de\/en\/shop\/"},{"@type":"ListItem","position":3,"name":"In dubio pro reo"}]},{"@type":"WebSite","@id":"https:\/\/shop.verlag.uni-potsdam.de\/en\/#website","url":"https:\/\/shop.verlag.uni-potsdam.de\/en\/","name":"Universit\u00e4tsverlag Potsdam","description":"","publisher":{"@id":"https:\/\/shop.verlag.uni-potsdam.de\/en\/#organization"},"potentialAction":[{"@type":"SearchAction","target":{"@type":"EntryPoint","urlTemplate":"https:\/\/shop.verlag.uni-potsdam.de\/en\/?s={search_term_string}"},"query-input":{"@type":"PropertyValueSpecification","valueRequired":true,"valueName":"search_term_string"}}],"inLanguage":"en-US"},{"@type":"Organization","@id":"https:\/\/shop.verlag.uni-potsdam.de\/en\/#organization","name":"Universit\u00e4tsverlag Potsdam","url":"https:\/\/shop.verlag.uni-potsdam.de\/en\/","logo":{"@type":"ImageObject","inLanguage":"en-US","@id":"https:\/\/shop.verlag.uni-potsdam.de\/en\/#\/schema\/logo\/image\/","url":"https:\/\/shop.verlag.uni-potsdam.de\/wp-content\/uploads\/2017\/04\/up_logo_university_2.png","contentUrl":"https:\/\/shop.verlag.uni-potsdam.de\/wp-content\/uploads\/2017\/04\/up_logo_university_2.png","width":160,"height":172,"caption":"Universit\u00e4tsverlag Potsdam"},"image":{"@id":"https:\/\/shop.verlag.uni-potsdam.de\/en\/#\/schema\/logo\/image\/"}}]}},"_links":{"self":[{"href":"https:\/\/shop.verlag.uni-potsdam.de\/en\/wp-json\/wp\/v2\/product\/73998","targetHints":{"allow":["GET"]}}],"collection":[{"href":"https:\/\/shop.verlag.uni-potsdam.de\/en\/wp-json\/wp\/v2\/product"}],"about":[{"href":"https:\/\/shop.verlag.uni-potsdam.de\/en\/wp-json\/wp\/v2\/types\/product"}],"wp:featuredmedia":[{"embeddable":true,"href":"https:\/\/shop.verlag.uni-potsdam.de\/en\/wp-json\/wp\/v2\/media\/96233"}],"wp:attachment":[{"href":"https:\/\/shop.verlag.uni-potsdam.de\/en\/wp-json\/wp\/v2\/media?parent=73998"}],"wp:term":[{"taxonomy":"product_brand","embeddable":true,"href":"https:\/\/shop.verlag.uni-potsdam.de\/en\/wp-json\/wp\/v2\/product_brand?post=73998"},{"taxonomy":"product_cat","embeddable":true,"href":"https:\/\/shop.verlag.uni-potsdam.de\/en\/wp-json\/wp\/v2\/product_cat?post=73998"},{"taxonomy":"product_tag","embeddable":true,"href":"https:\/\/shop.verlag.uni-potsdam.de\/en\/wp-json\/wp\/v2\/product_tag?post=73998"}],"curies":[{"name":"wp","href":"https:\/\/api.w.org\/{rel}","templated":true}]}}