{"id":74014,"date":"2026-03-23T08:55:26","date_gmt":"2026-03-23T08:55:26","guid":{"rendered":"https:\/\/shop.verlag.uni-potsdam.de\/shop\/empty-product-container\/"},"modified":"2026-03-23T11:56:27","modified_gmt":"2026-03-23T10:56:27","slug":"sardinien","status":"publish","type":"product","link":"https:\/\/shop.verlag.uni-potsdam.de\/en\/shop\/sardinien\/","title":{"rendered":"Sardinien"},"content":{"rendered":"<p class=\"qtranxs-available-languages-message qtranxs-available-languages-message-en\">Sorry, this entry is only available in <a href=\"https:\/\/shop.verlag.uni-potsdam.de\/de\/wp-json\/wp\/v2\/product\/74014\" class=\"qtranxs-available-language-link qtranxs-available-language-link-de\" title=\"Deutsch\">Deutsch<\/a>.<\/p><p><span id=\"abstractFull_128316\" class=\"abstractFull\" style=\"\">Die antike Geschichte Sardiniens ist noch heute ein sichtbarer Bestandteil der insularen Landschaft: Nuraghen und Gr\u00e4ber aus der Bronzezeit, punische Nekropolen, Ruinen von r\u00f6mischen St\u00e4dten und sp\u00e4tantike Kirchen, in denen man teilweise noch heute Gottesdienste feiert, pr\u00e4gen die zweitgr\u00f6\u00dfte Insel des Mittelmeeres und \u00fcberraschen die Besuchenden immer wieder aufs Neue.<\/p>\n<p>Ausgew\u00e4hlte St\u00e4tten im S\u00fcdwesten der Insel standen auf dem Reiseplan einer Exkursion von Studierenden der Universit\u00e4t Potsdam. Der vorliegende Reisef\u00fchrer ist das Ergebnis ihrer Forschung und bietet eine kurze Beschreibung der sardischen Geschichte von der Antike bis ins 21. Jahrhundert, thematisiert die Rolle der antiken Geschichte in all ihren Facetten f\u00fcr die heutige sardische Identit\u00e4t und ordnet die gr\u00f6\u00dferen Orte auf der Reiseroute historisch-arch\u00e4ologisch ein. Detaillierte Beschreibungen von Ausgrabungsst\u00e4tten, Katakomben und nuraghischen Kraftorten runden das Buch ab. <\/p>\n<p>Die Beitr\u00e4ge wurden durch die studentischen Stipendiatinnen und Stipendiaten der Denkfabrik Scriptio Continua erarbeitet und geschrieben.<\/span><\/p>","protected":false},"excerpt":{"rendered":"<p class=\"qtranxs-available-languages-message qtranxs-available-languages-message-en\">Sorry, this entry is only available in <a href=\"https:\/\/shop.verlag.uni-potsdam.de\/de\/wp-json\/wp\/v2\/product\/74014\" class=\"qtranxs-available-language-link qtranxs-available-language-link-de\" title=\"Deutsch\">Deutsch<\/a>.<\/p>\n<p><span id=\"abstractFull_128316\" class=\"abstractFull\" style=\"\">Die antike Geschichte Sardiniens ist noch heute ein sichtbarer Bestandteil der insularen Landschaft: Nuraghen und Gr\u00e4ber aus der Bronzezeit, punische Nekropolen, Ruinen von r\u00f6mischen St\u00e4dten und sp\u00e4tantike Kirchen, in denen man teilweise noch heute Gottesdienste feiert, pr\u00e4gen die zweitgr\u00f6\u00dfte Insel des Mittelmeeres und \u00fcberraschen die Besuchenden immer wieder aufs Neue.<\/p>\n<p>Ausgew\u00e4hlte St\u00e4tten im S\u00fcdwesten der Insel standen auf dem Reiseplan einer Exkursion von Studierenden der Universit\u00e4t Potsdam. Der vorliegende Reisef\u00fchrer ist das Ergebnis ihrer Forschung und bietet eine kurze Beschreibung der sardischen Geschichte von der Antike bis ins 21. Jahrhundert, thematisiert die Rolle der antiken Geschichte in all ihren Facetten f\u00fcr die heutige sardische Identit\u00e4t und ordnet die gr\u00f6\u00dferen Orte auf der Reiseroute historisch-arch\u00e4ologisch ein. Detaillierte Beschreibungen von Ausgrabungsst\u00e4tten, Katakomben und nuraghischen Kraftorten runden das Buch ab. <\/p>\n<p>Die Beitr\u00e4ge wurden durch die studentischen Stipendiatinnen und Stipendiaten der Denkfabrik Scriptio Continua erarbeitet und geschrieben.<\/span><\/p>\n","protected":false},"featured_media":74213,"template":"","meta":{"_acf_changed":false},"product_brand":[],"product_cat":[6207],"product_tag":[6599],"class_list":{"0":"post-74014","1":"product","2":"type-product","3":"status-publish","4":"has-post-thumbnail","6":"product_cat-geschichte-web-kategorie","7":"product_tag-antike-ausgrabung-educ-exkursion-mittelmeer-nuraghen-reisefuehrer-rezeption-rom-sardinien-scriptio-continua","8":"autor-celina-otto","9":"autor-desire-nahon","10":"autor-eike-faber","11":"autor-elisa-cazorla","12":"autor-filippo-carla-uhink","13":"autor-karina-jung","14":"autor-magnus-crone","15":"autor-marc-tipold","16":"autor-moritz-radecke","17":"autor-neele-chill","18":"autor-nina-mindt","19":"autor-ricardo-rinne","20":"autor-richard-schiffner","21":"autor-sabeth-offergeld","22":"autor-tom-dera","24":"first","25":"instock","26":"shipping-taxable","27":"purchasable","28":"product-type-simple"},"acf":[],"yoast_head":"<!-- This site is optimized with the Yoast SEO plugin v27.1.1 - https:\/\/yoast.com\/product\/yoast-seo-wordpress\/ -->\n<title>Sardinien - Universit\u00e4tsverlag Potsdam<\/title>\n<meta name=\"robots\" content=\"index, follow, max-snippet:-1, max-image-preview:large, max-video-preview:-1\" \/>\n<link rel=\"canonical\" href=\"https:\/\/shop.verlag.uni-potsdam.de\/en\/shop\/sardinien\/\" \/>\n<meta property=\"og:locale\" content=\"en_US\" \/>\n<meta property=\"og:type\" content=\"article\" \/>\n<meta property=\"og:title\" content=\"Sardinien - Universit\u00e4tsverlag Potsdam\" \/>\n<meta property=\"og:description\" content=\"Die antike Geschichte Sardiniens ist noch heute ein sichtbarer Bestandteil der insularen Landschaft: Nuraghen und Gr\u00e4ber aus der Bronzezeit, punische Nekropolen, Ruinen von r\u00f6mischen St\u00e4dten und sp\u00e4tantike Kirchen, in denen man teilweise noch heute Gottesdienste feiert, pr\u00e4gen die zweitgr\u00f6\u00dfte Insel des Mittelmeeres und \u00fcberraschen die Besuchenden immer wieder aufs Neue. Ausgew\u00e4hlte St\u00e4tten im S\u00fcdwesten der Insel standen auf dem Reiseplan einer Exkursion von Studierenden der Universit\u00e4t Potsdam. Der vorliegende Reisef\u00fchrer ist das Ergebnis ihrer Forschung und bietet eine kurze Beschreibung der sardischen Geschichte von der Antike bis ins 21. Jahrhundert, thematisiert die Rolle der antiken Geschichte in all ihren Facetten f\u00fcr die heutige sardische Identit\u00e4t und ordnet die gr\u00f6\u00dferen Orte auf der Reiseroute historisch-arch\u00e4ologisch ein. Detaillierte Beschreibungen von Ausgrabungsst\u00e4tten, Katakomben und nuraghischen Kraftorten runden das Buch ab.  Die Beitr\u00e4ge wurden durch die studentischen Stipendiatinnen und Stipendiaten der Denkfabrik Scriptio Continua erarbeitet und geschrieben.\" \/>\n<meta property=\"og:url\" content=\"https:\/\/shop.verlag.uni-potsdam.de\/en\/shop\/sardinien\/\" \/>\n<meta property=\"og:site_name\" content=\"Universit\u00e4tsverlag Potsdam\" \/>\n<meta property=\"article:modified_time\" content=\"2026-03-23T10:56:27+00:00\" \/>\n<meta property=\"og:image\" content=\"https:\/\/shop.verlag.uni-potsdam.de\/wp-content\/uploads\/asolmerce\/image-978-3-86956-549-1.jpg\" \/>\n\t<meta property=\"og:image:width\" content=\"1182\" \/>\n\t<meta property=\"og:image:height\" content=\"1841\" \/>\n\t<meta property=\"og:image:type\" content=\"image\/jpeg\" \/>\n<meta name=\"twitter:card\" content=\"summary_large_image\" \/>\n<meta name=\"twitter:label1\" content=\"Est. reading time\" \/>\n\t<meta name=\"twitter:data1\" content=\"1 minute\" \/>\n<script type=\"application\/ld+json\" class=\"yoast-schema-graph\">{\"@context\":\"https:\/\/schema.org\",\"@graph\":[{\"@type\":\"WebPage\",\"@id\":\"https:\/\/shop.verlag.uni-potsdam.de\/en\/shop\/sardinien\/\",\"url\":\"https:\/\/shop.verlag.uni-potsdam.de\/en\/shop\/sardinien\/\",\"name\":\"Sardinien - Universit\u00e4tsverlag Potsdam\",\"isPartOf\":{\"@id\":\"https:\/\/shop.verlag.uni-potsdam.de\/en\/#website\"},\"primaryImageOfPage\":{\"@id\":\"https:\/\/shop.verlag.uni-potsdam.de\/en\/shop\/sardinien\/#primaryimage\"},\"image\":{\"@id\":\"https:\/\/shop.verlag.uni-potsdam.de\/shop\/sardinien\/#primaryimage\"},\"thumbnailUrl\":\"https:\/\/shop.verlag.uni-potsdam.de\/wp-content\/uploads\/asolmerce\/image-978-3-86956-549-1.jpg\",\"datePublished\":\"2026-03-23T08:55:26+00:00\",\"dateModified\":\"2026-03-23T10:56:27+00:00\",\"breadcrumb\":{\"@id\":\"https:\/\/shop.verlag.uni-potsdam.de\/en\/shop\/sardinien\/#breadcrumb\"},\"inLanguage\":\"en-US\",\"potentialAction\":[{\"@type\":\"ReadAction\",\"target\":[[\"https:\/\/shop.verlag.uni-potsdam.de\/en\/shop\/sardinien\/\"]]}]},{\"@type\":\"ImageObject\",\"inLanguage\":\"en-US\",\"@id\":\"https:\/\/shop.verlag.uni-potsdam.de\/en\/shop\/sardinien\/#primaryimage\",\"url\":\"https:\/\/shop.verlag.uni-potsdam.de\/wp-content\/uploads\/asolmerce\/image-978-3-86956-549-1.jpg\",\"contentUrl\":\"https:\/\/shop.verlag.uni-potsdam.de\/wp-content\/uploads\/asolmerce\/image-978-3-86956-549-1.jpg\",\"width\":1182,\"height\":1841},{\"@type\":\"BreadcrumbList\",\"@id\":\"https:\/\/shop.verlag.uni-potsdam.de\/en\/shop\/sardinien\/#breadcrumb\",\"itemListElement\":[{\"@type\":\"ListItem\",\"position\":1,\"name\":\"Startseite\",\"item\":\"https:\/\/shop.verlag.uni-potsdam.de\/en\/\"},{\"@type\":\"ListItem\",\"position\":2,\"name\":\"Shop\",\"item\":\"https:\/\/shop.verlag.uni-potsdam.de\/en\/shop\/\"},{\"@type\":\"ListItem\",\"position\":3,\"name\":\"Sardinien\"}]},{\"@type\":\"WebSite\",\"@id\":\"https:\/\/shop.verlag.uni-potsdam.de\/en\/#website\",\"url\":\"https:\/\/shop.verlag.uni-potsdam.de\/en\/\",\"name\":\"Universit\u00e4tsverlag Potsdam\",\"description\":\"\",\"publisher\":{\"@id\":\"https:\/\/shop.verlag.uni-potsdam.de\/en\/#organization\"},\"potentialAction\":[{\"@type\":\"SearchAction\",\"target\":{\"@type\":\"EntryPoint\",\"urlTemplate\":\"https:\/\/shop.verlag.uni-potsdam.de\/en\/?s={search_term_string}\"},\"query-input\":{\"@type\":\"PropertyValueSpecification\",\"valueRequired\":true,\"valueName\":\"search_term_string\"}}],\"inLanguage\":\"en-US\"},{\"@type\":\"Organization\",\"@id\":\"https:\/\/shop.verlag.uni-potsdam.de\/en\/#organization\",\"name\":\"Universit\u00e4tsverlag Potsdam\",\"url\":\"https:\/\/shop.verlag.uni-potsdam.de\/en\/\",\"logo\":{\"@type\":\"ImageObject\",\"inLanguage\":\"en-US\",\"@id\":\"https:\/\/shop.verlag.uni-potsdam.de\/en\/#\/schema\/logo\/image\/\",\"url\":\"https:\/\/shop.verlag.uni-potsdam.de\/wp-content\/uploads\/2017\/04\/up_logo_university_2.png\",\"contentUrl\":\"https:\/\/shop.verlag.uni-potsdam.de\/wp-content\/uploads\/2017\/04\/up_logo_university_2.png\",\"width\":160,\"height\":172,\"caption\":\"Universit\u00e4tsverlag Potsdam\"},\"image\":{\"@id\":\"https:\/\/shop.verlag.uni-potsdam.de\/en\/#\/schema\/logo\/image\/\"}}]}<\/script>\n<!-- \/ Yoast SEO plugin. -->","yoast_head_json":{"title":"Sardinien - Universit\u00e4tsverlag Potsdam","robots":{"index":"index","follow":"follow","max-snippet":"max-snippet:-1","max-image-preview":"max-image-preview:large","max-video-preview":"max-video-preview:-1"},"canonical":"https:\/\/shop.verlag.uni-potsdam.de\/en\/shop\/sardinien\/","og_locale":"en_US","og_type":"article","og_title":"Sardinien - Universit\u00e4tsverlag Potsdam","og_description":"Die antike Geschichte Sardiniens ist noch heute ein sichtbarer Bestandteil der insularen Landschaft: Nuraghen und Gr\u00e4ber aus der Bronzezeit, punische Nekropolen, Ruinen von r\u00f6mischen St\u00e4dten und sp\u00e4tantike Kirchen, in denen man teilweise noch heute Gottesdienste feiert, pr\u00e4gen die zweitgr\u00f6\u00dfte Insel des Mittelmeeres und \u00fcberraschen die Besuchenden immer wieder aufs Neue. Ausgew\u00e4hlte St\u00e4tten im S\u00fcdwesten der Insel standen auf dem Reiseplan einer Exkursion von Studierenden der Universit\u00e4t Potsdam. Der vorliegende Reisef\u00fchrer ist das Ergebnis ihrer Forschung und bietet eine kurze Beschreibung der sardischen Geschichte von der Antike bis ins 21. Jahrhundert, thematisiert die Rolle der antiken Geschichte in all ihren Facetten f\u00fcr die heutige sardische Identit\u00e4t und ordnet die gr\u00f6\u00dferen Orte auf der Reiseroute historisch-arch\u00e4ologisch ein. Detaillierte Beschreibungen von Ausgrabungsst\u00e4tten, Katakomben und nuraghischen Kraftorten runden das Buch ab.  Die Beitr\u00e4ge wurden durch die studentischen Stipendiatinnen und Stipendiaten der Denkfabrik Scriptio Continua erarbeitet und geschrieben.","og_url":"https:\/\/shop.verlag.uni-potsdam.de\/en\/shop\/sardinien\/","og_site_name":"Universit\u00e4tsverlag Potsdam","article_modified_time":"2026-03-23T10:56:27+00:00","og_image":[{"width":1182,"height":1841,"url":"https:\/\/shop.verlag.uni-potsdam.de\/wp-content\/uploads\/asolmerce\/image-978-3-86956-549-1.jpg","type":"image\/jpeg"}],"twitter_card":"summary_large_image","twitter_misc":{"Est. reading time":"1 minute"},"schema":{"@context":"https:\/\/schema.org","@graph":[{"@type":"WebPage","@id":"https:\/\/shop.verlag.uni-potsdam.de\/en\/shop\/sardinien\/","url":"https:\/\/shop.verlag.uni-potsdam.de\/en\/shop\/sardinien\/","name":"Sardinien - Universit\u00e4tsverlag Potsdam","isPartOf":{"@id":"https:\/\/shop.verlag.uni-potsdam.de\/en\/#website"},"primaryImageOfPage":{"@id":"https:\/\/shop.verlag.uni-potsdam.de\/en\/shop\/sardinien\/#primaryimage"},"image":{"@id":"https:\/\/shop.verlag.uni-potsdam.de\/shop\/sardinien\/#primaryimage"},"thumbnailUrl":"https:\/\/shop.verlag.uni-potsdam.de\/wp-content\/uploads\/asolmerce\/image-978-3-86956-549-1.jpg","datePublished":"2026-03-23T08:55:26+00:00","dateModified":"2026-03-23T10:56:27+00:00","breadcrumb":{"@id":"https:\/\/shop.verlag.uni-potsdam.de\/en\/shop\/sardinien\/#breadcrumb"},"inLanguage":"en-US","potentialAction":[{"@type":"ReadAction","target":[["https:\/\/shop.verlag.uni-potsdam.de\/en\/shop\/sardinien\/"]]}]},{"@type":"ImageObject","inLanguage":"en-US","@id":"https:\/\/shop.verlag.uni-potsdam.de\/en\/shop\/sardinien\/#primaryimage","url":"https:\/\/shop.verlag.uni-potsdam.de\/wp-content\/uploads\/asolmerce\/image-978-3-86956-549-1.jpg","contentUrl":"https:\/\/shop.verlag.uni-potsdam.de\/wp-content\/uploads\/asolmerce\/image-978-3-86956-549-1.jpg","width":1182,"height":1841},{"@type":"BreadcrumbList","@id":"https:\/\/shop.verlag.uni-potsdam.de\/en\/shop\/sardinien\/#breadcrumb","itemListElement":[{"@type":"ListItem","position":1,"name":"Startseite","item":"https:\/\/shop.verlag.uni-potsdam.de\/en\/"},{"@type":"ListItem","position":2,"name":"Shop","item":"https:\/\/shop.verlag.uni-potsdam.de\/en\/shop\/"},{"@type":"ListItem","position":3,"name":"Sardinien"}]},{"@type":"WebSite","@id":"https:\/\/shop.verlag.uni-potsdam.de\/en\/#website","url":"https:\/\/shop.verlag.uni-potsdam.de\/en\/","name":"Universit\u00e4tsverlag Potsdam","description":"","publisher":{"@id":"https:\/\/shop.verlag.uni-potsdam.de\/en\/#organization"},"potentialAction":[{"@type":"SearchAction","target":{"@type":"EntryPoint","urlTemplate":"https:\/\/shop.verlag.uni-potsdam.de\/en\/?s={search_term_string}"},"query-input":{"@type":"PropertyValueSpecification","valueRequired":true,"valueName":"search_term_string"}}],"inLanguage":"en-US"},{"@type":"Organization","@id":"https:\/\/shop.verlag.uni-potsdam.de\/en\/#organization","name":"Universit\u00e4tsverlag Potsdam","url":"https:\/\/shop.verlag.uni-potsdam.de\/en\/","logo":{"@type":"ImageObject","inLanguage":"en-US","@id":"https:\/\/shop.verlag.uni-potsdam.de\/en\/#\/schema\/logo\/image\/","url":"https:\/\/shop.verlag.uni-potsdam.de\/wp-content\/uploads\/2017\/04\/up_logo_university_2.png","contentUrl":"https:\/\/shop.verlag.uni-potsdam.de\/wp-content\/uploads\/2017\/04\/up_logo_university_2.png","width":160,"height":172,"caption":"Universit\u00e4tsverlag Potsdam"},"image":{"@id":"https:\/\/shop.verlag.uni-potsdam.de\/en\/#\/schema\/logo\/image\/"}}]}},"_links":{"self":[{"href":"https:\/\/shop.verlag.uni-potsdam.de\/en\/wp-json\/wp\/v2\/product\/74014","targetHints":{"allow":["GET"]}}],"collection":[{"href":"https:\/\/shop.verlag.uni-potsdam.de\/en\/wp-json\/wp\/v2\/product"}],"about":[{"href":"https:\/\/shop.verlag.uni-potsdam.de\/en\/wp-json\/wp\/v2\/types\/product"}],"wp:featuredmedia":[{"embeddable":true,"href":"https:\/\/shop.verlag.uni-potsdam.de\/en\/wp-json\/wp\/v2\/media\/74213"}],"wp:attachment":[{"href":"https:\/\/shop.verlag.uni-potsdam.de\/en\/wp-json\/wp\/v2\/media?parent=74014"}],"wp:term":[{"taxonomy":"product_brand","embeddable":true,"href":"https:\/\/shop.verlag.uni-potsdam.de\/en\/wp-json\/wp\/v2\/product_brand?post=74014"},{"taxonomy":"product_cat","embeddable":true,"href":"https:\/\/shop.verlag.uni-potsdam.de\/en\/wp-json\/wp\/v2\/product_cat?post=74014"},{"taxonomy":"product_tag","embeddable":true,"href":"https:\/\/shop.verlag.uni-potsdam.de\/en\/wp-json\/wp\/v2\/product_tag?post=74014"}],"curies":[{"name":"wp","href":"https:\/\/api.w.org\/{rel}","templated":true}]}}