{"id":74028,"date":"2026-03-23T08:55:27","date_gmt":"2026-03-23T08:55:27","guid":{"rendered":"https:\/\/shop.verlag.uni-potsdam.de\/shop\/empty-product-container\/"},"modified":"2026-03-23T11:56:27","modified_gmt":"2026-03-23T10:56:27","slug":"gefaehrdungsbeurteilung-und-erste-hilfe","status":"publish","type":"product","link":"https:\/\/shop.verlag.uni-potsdam.de\/en\/shop\/gefaehrdungsbeurteilung-und-erste-hilfe\/","title":{"rendered":"Gef\u00e4hrdungsbeurteilung und Erste Hilfe"},"content":{"rendered":"<p class=\"qtranxs-available-languages-message qtranxs-available-languages-message-en\">Sorry, this entry is only available in <a href=\"https:\/\/shop.verlag.uni-potsdam.de\/de\/wp-json\/wp\/v2\/product\/74028\" class=\"qtranxs-available-language-link qtranxs-available-language-link-de\" title=\"Deutsch\">Deutsch<\/a>.<\/p><p>Als Folge der sicherheitstechnischen Entwicklung haben sich die Arbeitsbedingungen f\u00fcr Lehrkr\u00e4fte in den allgemeinbildenden und beruflichen Schulen sehr gewandelt. Immer komplexere Arbeitsabl\u00e4ufe im Unterricht machen es erforderlich, die begleitenden Vorsorgema\u00dfnahmen zur Sicherheitserziehung und Unfallverh\u00fctung weiterzuentwickeln.<\/p>\n<p>Lehrkr\u00e4fte sind in der umfassenden Verantwortung, den Gesundheitsschutz gegen\u00fcber den ihnen anvertrauten Sch\u00fclerinnen und Sch\u00fclern sicherzustellen. Dies betrifft insbesondere Unterricht, bei dem technische Hilfsmittel, Handwerkzeuge, Maschinen und Apparate zum Einsatz kommen, also sogenannte Werkstattkontexte auftreten, etwa in den F\u00e4chern Sachunterricht, Kunst und Wirtschaft-Arbeit-Technik. Der Klassenraum fungiert dabei einerseits als Bildungsst\u00e4tte, andererseits ist er auch der Arbeitsplatz von Lehrerinnen und Lehrern und unterliegt damit Arbeitsschutzvorschriften. <\/p>\n<p>Um f\u00fcr beide Zielgruppen die Gefahr einer Verletzung durch die zugrundeliegenden T\u00e4tigkeiten zu minimieren, hat der Gesetzgeber \u00fcber das Arbeitsschutzgesetz Normen und Verantwortlichkeiten erlassen, welche den Gesundheitsschutz von Sch\u00fclerinnen und Sch\u00fclern und von Lehrkr\u00e4ften sicherstellen sollen. Als zentrales Mittel dient dazu die sogenannte Gef\u00e4hrdungsbeurteilung.<\/p>\n<p>Dieser praxisorientierte Band richtet sich an alle Lehrkr\u00e4fte, um sie bei der Durchf\u00fchrung der Gef\u00e4hrdungsbeurteilung zu unterst\u00fctzen. Dazu werden die Grundlagen der Gef\u00e4hrdungsbeurteilung als zentrales Instrument der vorbeugenden Gefahrenabwehr und die Mitbestimmungspflichten der Lehrkr\u00e4fte abgebildet. Am Beispiel der Holzwerkstatt erfolgt eine exemplarische Anwendung und Umsetzung der Methode der Gef\u00e4hrdungsbeurteilung. \u00dcberdies erhalten die Lesenden in der Kombination von Gef\u00e4hrdungsbeurteilung und Erste-Hilfe-Ma\u00dfnahmen einen vollst\u00e4ndigen \u00dcberblick \u00fcber den Verantwortungsbereich des Arbeitsschutzes als umfassenden Schutz der Gesundheit im Werkstattkontext an Schulen.<\/p>","protected":false},"excerpt":{"rendered":"<p class=\"qtranxs-available-languages-message qtranxs-available-languages-message-en\">Sorry, this entry is only available in <a href=\"https:\/\/shop.verlag.uni-potsdam.de\/de\/wp-json\/wp\/v2\/product\/74028\" class=\"qtranxs-available-language-link qtranxs-available-language-link-de\" title=\"Deutsch\">Deutsch<\/a>.<\/p>\n<p>Als Folge der sicherheitstechnischen Entwicklung haben sich die Arbeitsbedingungen f\u00fcr Lehrkr\u00e4fte in den allgemeinbildenden und beruflichen Schulen sehr gewandelt. Immer komplexere Arbeitsabl\u00e4ufe im Unterricht machen es erforderlich, die begleitenden Vorsorgema\u00dfnahmen zur Sicherheitserziehung und Unfallverh\u00fctung weiterzuentwickeln.<\/p>\n<p>Lehrkr\u00e4fte sind in der umfassenden Verantwortung, den Gesundheitsschutz gegen\u00fcber den ihnen anvertrauten Sch\u00fclerinnen und Sch\u00fclern sicherzustellen. Dies betrifft insbesondere Unterricht, bei dem technische Hilfsmittel, Handwerkzeuge, Maschinen und Apparate zum Einsatz kommen, also sogenannte Werkstattkontexte auftreten, etwa in den F\u00e4chern Sachunterricht, Kunst und Wirtschaft-Arbeit-Technik. Der Klassenraum fungiert dabei einerseits als Bildungsst\u00e4tte, andererseits ist er auch der Arbeitsplatz von Lehrerinnen und Lehrern und unterliegt damit Arbeitsschutzvorschriften. <\/p>\n<p>Um f\u00fcr beide Zielgruppen die Gefahr einer Verletzung durch die zugrundeliegenden T\u00e4tigkeiten zu minimieren, hat der Gesetzgeber \u00fcber das Arbeitsschutzgesetz Normen und Verantwortlichkeiten erlassen, welche den Gesundheitsschutz von Sch\u00fclerinnen und Sch\u00fclern und von Lehrkr\u00e4ften sicherstellen sollen. Als zentrales Mittel dient dazu die sogenannte Gef\u00e4hrdungsbeurteilung.<\/p>\n<p>Dieser praxisorientierte Band richtet sich an alle Lehrkr\u00e4fte, um sie bei der Durchf\u00fchrung der Gef\u00e4hrdungsbeurteilung zu unterst\u00fctzen. Dazu werden die Grundlagen der Gef\u00e4hrdungsbeurteilung als zentrales Instrument der vorbeugenden Gefahrenabwehr und die Mitbestimmungspflichten der Lehrkr\u00e4fte abgebildet. Am Beispiel der Holzwerkstatt erfolgt eine exemplarische Anwendung und Umsetzung der Methode der Gef\u00e4hrdungsbeurteilung. \u00dcberdies erhalten die Lesenden in der Kombination von Gef\u00e4hrdungsbeurteilung und Erste-Hilfe-Ma\u00dfnahmen einen vollst\u00e4ndigen \u00dcberblick \u00fcber den Verantwortungsbereich des Arbeitsschutzes als umfassenden Schutz der Gesundheit im Werkstattkontext an Schulen.<\/p>\n","protected":false},"featured_media":74029,"template":"","meta":{"_acf_changed":false},"product_brand":[],"product_cat":[6220],"product_tag":[6430],"class_list":{"0":"post-74028","1":"product","2":"type-product","3":"status-publish","4":"has-post-thumbnail","6":"product_cat-paedagogik-web-kategorie","7":"product_tag-arbeitssicherheit-erste-hilfe-gefaehrdungsbeurteilung-sachunterricht-werkunterricht","8":"autor-caroline-kohl","10":"first","11":"instock","12":"shipping-taxable","13":"purchasable","14":"product-type-simple"},"acf":[],"yoast_head":"<!-- This site is optimized with the Yoast SEO plugin v27.1.1 - https:\/\/yoast.com\/product\/yoast-seo-wordpress\/ -->\n<title>Gef\u00e4hrdungsbeurteilung und Erste Hilfe - Universit\u00e4tsverlag Potsdam<\/title>\n<meta name=\"robots\" content=\"index, follow, max-snippet:-1, max-image-preview:large, max-video-preview:-1\" \/>\n<link rel=\"canonical\" href=\"https:\/\/shop.verlag.uni-potsdam.de\/en\/shop\/gefaehrdungsbeurteilung-und-erste-hilfe\/\" \/>\n<meta property=\"og:locale\" content=\"en_US\" \/>\n<meta property=\"og:type\" content=\"article\" \/>\n<meta property=\"og:title\" content=\"Gef\u00e4hrdungsbeurteilung und Erste Hilfe - Universit\u00e4tsverlag Potsdam\" \/>\n<meta property=\"og:description\" content=\"Als Folge der sicherheitstechnischen Entwicklung haben sich die Arbeitsbedingungen f\u00fcr Lehrkr\u00e4fte in den allgemeinbildenden und beruflichen Schulen sehr gewandelt. Immer komplexere Arbeitsabl\u00e4ufe im Unterricht machen es erforderlich, die begleitenden Vorsorgema\u00dfnahmen zur Sicherheitserziehung und Unfallverh\u00fctung weiterzuentwickeln.Lehrkr\u00e4fte sind in der umfassenden Verantwortung, den Gesundheitsschutz gegen\u00fcber den ihnen anvertrauten Sch\u00fclerinnen und Sch\u00fclern sicherzustellen. Dies betrifft insbesondere Unterricht, bei dem technische Hilfsmittel, Handwerkzeuge, Maschinen und Apparate zum Einsatz kommen, also sogenannte Werkstattkontexte auftreten, etwa in den F\u00e4chern Sachunterricht, Kunst und Wirtschaft-Arbeit-Technik. Der Klassenraum fungiert dabei einerseits als Bildungsst\u00e4tte, andererseits ist er auch der Arbeitsplatz von Lehrerinnen und Lehrern und unterliegt damit Arbeitsschutzvorschriften. Um f\u00fcr beide Zielgruppen die Gefahr einer Verletzung durch die zugrundeliegenden T\u00e4tigkeiten zu minimieren, hat der Gesetzgeber \u00fcber das Arbeitsschutzgesetz Normen und Verantwortlichkeiten erlassen, welche den Gesundheitsschutz von Sch\u00fclerinnen und Sch\u00fclern und von Lehrkr\u00e4ften sicherstellen sollen. Als zentrales Mittel dient dazu die sogenannte Gef\u00e4hrdungsbeurteilung.Dieser praxisorientierte Band richtet sich an alle Lehrkr\u00e4fte, um sie bei der Durchf\u00fchrung der Gef\u00e4hrdungsbeurteilung zu unterst\u00fctzen. Dazu werden die Grundlagen der Gef\u00e4hrdungsbeurteilung als zentrales Instrument der vorbeugenden Gefahrenabwehr und die Mitbestimmungspflichten der Lehrkr\u00e4fte abgebildet. Am Beispiel der Holzwerkstatt erfolgt eine exemplarische Anwendung und Umsetzung der Methode der Gef\u00e4hrdungsbeurteilung. \u00dcberdies erhalten die Lesenden in der Kombination von Gef\u00e4hrdungsbeurteilung und Erste-Hilfe-Ma\u00dfnahmen einen vollst\u00e4ndigen \u00dcberblick \u00fcber den Verantwortungsbereich des Arbeitsschutzes als umfassenden Schutz der Gesundheit im Werkstattkontext an Schulen.\" \/>\n<meta property=\"og:url\" content=\"https:\/\/shop.verlag.uni-potsdam.de\/en\/shop\/gefaehrdungsbeurteilung-und-erste-hilfe\/\" \/>\n<meta property=\"og:site_name\" content=\"Universit\u00e4tsverlag Potsdam\" \/>\n<meta property=\"article:modified_time\" content=\"2026-03-23T10:56:27+00:00\" \/>\n<meta property=\"og:image\" content=\"https:\/\/shop.verlag.uni-potsdam.de\/wp-content\/uploads\/asolmerce\/image-978-3-86956-538-5.jpg\" \/>\n\t<meta property=\"og:image:width\" content=\"1813\" \/>\n\t<meta property=\"og:image:height\" content=\"2560\" \/>\n\t<meta property=\"og:image:type\" content=\"image\/jpeg\" \/>\n<meta name=\"twitter:card\" content=\"summary_large_image\" \/>\n<meta name=\"twitter:label1\" content=\"Est. reading time\" \/>\n\t<meta name=\"twitter:data1\" content=\"1 minute\" \/>\n<script type=\"application\/ld+json\" class=\"yoast-schema-graph\">{\"@context\":\"https:\/\/schema.org\",\"@graph\":[{\"@type\":\"WebPage\",\"@id\":\"https:\/\/shop.verlag.uni-potsdam.de\/en\/shop\/gefaehrdungsbeurteilung-und-erste-hilfe\/\",\"url\":\"https:\/\/shop.verlag.uni-potsdam.de\/en\/shop\/gefaehrdungsbeurteilung-und-erste-hilfe\/\",\"name\":\"Gef\u00e4hrdungsbeurteilung und Erste Hilfe - Universit\u00e4tsverlag Potsdam\",\"isPartOf\":{\"@id\":\"https:\/\/shop.verlag.uni-potsdam.de\/en\/#website\"},\"primaryImageOfPage\":{\"@id\":\"https:\/\/shop.verlag.uni-potsdam.de\/en\/shop\/gefaehrdungsbeurteilung-und-erste-hilfe\/#primaryimage\"},\"image\":{\"@id\":\"https:\/\/shop.verlag.uni-potsdam.de\/shop\/gefaehrdungsbeurteilung-und-erste-hilfe\/#primaryimage\"},\"thumbnailUrl\":\"https:\/\/shop.verlag.uni-potsdam.de\/wp-content\/uploads\/asolmerce\/image-978-3-86956-538-5.jpg\",\"datePublished\":\"2026-03-23T08:55:27+00:00\",\"dateModified\":\"2026-03-23T10:56:27+00:00\",\"breadcrumb\":{\"@id\":\"https:\/\/shop.verlag.uni-potsdam.de\/en\/shop\/gefaehrdungsbeurteilung-und-erste-hilfe\/#breadcrumb\"},\"inLanguage\":\"en-US\",\"potentialAction\":[{\"@type\":\"ReadAction\",\"target\":[[\"https:\/\/shop.verlag.uni-potsdam.de\/en\/shop\/gefaehrdungsbeurteilung-und-erste-hilfe\/\"]]}]},{\"@type\":\"ImageObject\",\"inLanguage\":\"en-US\",\"@id\":\"https:\/\/shop.verlag.uni-potsdam.de\/en\/shop\/gefaehrdungsbeurteilung-und-erste-hilfe\/#primaryimage\",\"url\":\"https:\/\/shop.verlag.uni-potsdam.de\/wp-content\/uploads\/asolmerce\/image-978-3-86956-538-5.jpg\",\"contentUrl\":\"https:\/\/shop.verlag.uni-potsdam.de\/wp-content\/uploads\/asolmerce\/image-978-3-86956-538-5.jpg\",\"width\":1813,\"height\":2560},{\"@type\":\"BreadcrumbList\",\"@id\":\"https:\/\/shop.verlag.uni-potsdam.de\/en\/shop\/gefaehrdungsbeurteilung-und-erste-hilfe\/#breadcrumb\",\"itemListElement\":[{\"@type\":\"ListItem\",\"position\":1,\"name\":\"Startseite\",\"item\":\"https:\/\/shop.verlag.uni-potsdam.de\/en\/\"},{\"@type\":\"ListItem\",\"position\":2,\"name\":\"Shop\",\"item\":\"https:\/\/shop.verlag.uni-potsdam.de\/en\/shop\/\"},{\"@type\":\"ListItem\",\"position\":3,\"name\":\"Gef\u00e4hrdungsbeurteilung und Erste Hilfe\"}]},{\"@type\":\"WebSite\",\"@id\":\"https:\/\/shop.verlag.uni-potsdam.de\/en\/#website\",\"url\":\"https:\/\/shop.verlag.uni-potsdam.de\/en\/\",\"name\":\"Universit\u00e4tsverlag Potsdam\",\"description\":\"\",\"publisher\":{\"@id\":\"https:\/\/shop.verlag.uni-potsdam.de\/en\/#organization\"},\"potentialAction\":[{\"@type\":\"SearchAction\",\"target\":{\"@type\":\"EntryPoint\",\"urlTemplate\":\"https:\/\/shop.verlag.uni-potsdam.de\/en\/?s={search_term_string}\"},\"query-input\":{\"@type\":\"PropertyValueSpecification\",\"valueRequired\":true,\"valueName\":\"search_term_string\"}}],\"inLanguage\":\"en-US\"},{\"@type\":\"Organization\",\"@id\":\"https:\/\/shop.verlag.uni-potsdam.de\/en\/#organization\",\"name\":\"Universit\u00e4tsverlag Potsdam\",\"url\":\"https:\/\/shop.verlag.uni-potsdam.de\/en\/\",\"logo\":{\"@type\":\"ImageObject\",\"inLanguage\":\"en-US\",\"@id\":\"https:\/\/shop.verlag.uni-potsdam.de\/en\/#\/schema\/logo\/image\/\",\"url\":\"https:\/\/shop.verlag.uni-potsdam.de\/wp-content\/uploads\/2017\/04\/up_logo_university_2.png\",\"contentUrl\":\"https:\/\/shop.verlag.uni-potsdam.de\/wp-content\/uploads\/2017\/04\/up_logo_university_2.png\",\"width\":160,\"height\":172,\"caption\":\"Universit\u00e4tsverlag Potsdam\"},\"image\":{\"@id\":\"https:\/\/shop.verlag.uni-potsdam.de\/en\/#\/schema\/logo\/image\/\"}}]}<\/script>\n<!-- \/ Yoast SEO plugin. -->","yoast_head_json":{"title":"Gef\u00e4hrdungsbeurteilung und Erste Hilfe - Universit\u00e4tsverlag Potsdam","robots":{"index":"index","follow":"follow","max-snippet":"max-snippet:-1","max-image-preview":"max-image-preview:large","max-video-preview":"max-video-preview:-1"},"canonical":"https:\/\/shop.verlag.uni-potsdam.de\/en\/shop\/gefaehrdungsbeurteilung-und-erste-hilfe\/","og_locale":"en_US","og_type":"article","og_title":"Gef\u00e4hrdungsbeurteilung und Erste Hilfe - Universit\u00e4tsverlag Potsdam","og_description":"Als Folge der sicherheitstechnischen Entwicklung haben sich die Arbeitsbedingungen f\u00fcr Lehrkr\u00e4fte in den allgemeinbildenden und beruflichen Schulen sehr gewandelt. Immer komplexere Arbeitsabl\u00e4ufe im Unterricht machen es erforderlich, die begleitenden Vorsorgema\u00dfnahmen zur Sicherheitserziehung und Unfallverh\u00fctung weiterzuentwickeln.Lehrkr\u00e4fte sind in der umfassenden Verantwortung, den Gesundheitsschutz gegen\u00fcber den ihnen anvertrauten Sch\u00fclerinnen und Sch\u00fclern sicherzustellen. Dies betrifft insbesondere Unterricht, bei dem technische Hilfsmittel, Handwerkzeuge, Maschinen und Apparate zum Einsatz kommen, also sogenannte Werkstattkontexte auftreten, etwa in den F\u00e4chern Sachunterricht, Kunst und Wirtschaft-Arbeit-Technik. Der Klassenraum fungiert dabei einerseits als Bildungsst\u00e4tte, andererseits ist er auch der Arbeitsplatz von Lehrerinnen und Lehrern und unterliegt damit Arbeitsschutzvorschriften. Um f\u00fcr beide Zielgruppen die Gefahr einer Verletzung durch die zugrundeliegenden T\u00e4tigkeiten zu minimieren, hat der Gesetzgeber \u00fcber das Arbeitsschutzgesetz Normen und Verantwortlichkeiten erlassen, welche den Gesundheitsschutz von Sch\u00fclerinnen und Sch\u00fclern und von Lehrkr\u00e4ften sicherstellen sollen. Als zentrales Mittel dient dazu die sogenannte Gef\u00e4hrdungsbeurteilung.Dieser praxisorientierte Band richtet sich an alle Lehrkr\u00e4fte, um sie bei der Durchf\u00fchrung der Gef\u00e4hrdungsbeurteilung zu unterst\u00fctzen. Dazu werden die Grundlagen der Gef\u00e4hrdungsbeurteilung als zentrales Instrument der vorbeugenden Gefahrenabwehr und die Mitbestimmungspflichten der Lehrkr\u00e4fte abgebildet. Am Beispiel der Holzwerkstatt erfolgt eine exemplarische Anwendung und Umsetzung der Methode der Gef\u00e4hrdungsbeurteilung. \u00dcberdies erhalten die Lesenden in der Kombination von Gef\u00e4hrdungsbeurteilung und Erste-Hilfe-Ma\u00dfnahmen einen vollst\u00e4ndigen \u00dcberblick \u00fcber den Verantwortungsbereich des Arbeitsschutzes als umfassenden Schutz der Gesundheit im Werkstattkontext an Schulen.","og_url":"https:\/\/shop.verlag.uni-potsdam.de\/en\/shop\/gefaehrdungsbeurteilung-und-erste-hilfe\/","og_site_name":"Universit\u00e4tsverlag Potsdam","article_modified_time":"2026-03-23T10:56:27+00:00","og_image":[{"width":1813,"height":2560,"url":"https:\/\/shop.verlag.uni-potsdam.de\/wp-content\/uploads\/asolmerce\/image-978-3-86956-538-5.jpg","type":"image\/jpeg"}],"twitter_card":"summary_large_image","twitter_misc":{"Est. reading time":"1 minute"},"schema":{"@context":"https:\/\/schema.org","@graph":[{"@type":"WebPage","@id":"https:\/\/shop.verlag.uni-potsdam.de\/en\/shop\/gefaehrdungsbeurteilung-und-erste-hilfe\/","url":"https:\/\/shop.verlag.uni-potsdam.de\/en\/shop\/gefaehrdungsbeurteilung-und-erste-hilfe\/","name":"Gef\u00e4hrdungsbeurteilung und Erste Hilfe - Universit\u00e4tsverlag Potsdam","isPartOf":{"@id":"https:\/\/shop.verlag.uni-potsdam.de\/en\/#website"},"primaryImageOfPage":{"@id":"https:\/\/shop.verlag.uni-potsdam.de\/en\/shop\/gefaehrdungsbeurteilung-und-erste-hilfe\/#primaryimage"},"image":{"@id":"https:\/\/shop.verlag.uni-potsdam.de\/shop\/gefaehrdungsbeurteilung-und-erste-hilfe\/#primaryimage"},"thumbnailUrl":"https:\/\/shop.verlag.uni-potsdam.de\/wp-content\/uploads\/asolmerce\/image-978-3-86956-538-5.jpg","datePublished":"2026-03-23T08:55:27+00:00","dateModified":"2026-03-23T10:56:27+00:00","breadcrumb":{"@id":"https:\/\/shop.verlag.uni-potsdam.de\/en\/shop\/gefaehrdungsbeurteilung-und-erste-hilfe\/#breadcrumb"},"inLanguage":"en-US","potentialAction":[{"@type":"ReadAction","target":[["https:\/\/shop.verlag.uni-potsdam.de\/en\/shop\/gefaehrdungsbeurteilung-und-erste-hilfe\/"]]}]},{"@type":"ImageObject","inLanguage":"en-US","@id":"https:\/\/shop.verlag.uni-potsdam.de\/en\/shop\/gefaehrdungsbeurteilung-und-erste-hilfe\/#primaryimage","url":"https:\/\/shop.verlag.uni-potsdam.de\/wp-content\/uploads\/asolmerce\/image-978-3-86956-538-5.jpg","contentUrl":"https:\/\/shop.verlag.uni-potsdam.de\/wp-content\/uploads\/asolmerce\/image-978-3-86956-538-5.jpg","width":1813,"height":2560},{"@type":"BreadcrumbList","@id":"https:\/\/shop.verlag.uni-potsdam.de\/en\/shop\/gefaehrdungsbeurteilung-und-erste-hilfe\/#breadcrumb","itemListElement":[{"@type":"ListItem","position":1,"name":"Startseite","item":"https:\/\/shop.verlag.uni-potsdam.de\/en\/"},{"@type":"ListItem","position":2,"name":"Shop","item":"https:\/\/shop.verlag.uni-potsdam.de\/en\/shop\/"},{"@type":"ListItem","position":3,"name":"Gef\u00e4hrdungsbeurteilung und Erste Hilfe"}]},{"@type":"WebSite","@id":"https:\/\/shop.verlag.uni-potsdam.de\/en\/#website","url":"https:\/\/shop.verlag.uni-potsdam.de\/en\/","name":"Universit\u00e4tsverlag Potsdam","description":"","publisher":{"@id":"https:\/\/shop.verlag.uni-potsdam.de\/en\/#organization"},"potentialAction":[{"@type":"SearchAction","target":{"@type":"EntryPoint","urlTemplate":"https:\/\/shop.verlag.uni-potsdam.de\/en\/?s={search_term_string}"},"query-input":{"@type":"PropertyValueSpecification","valueRequired":true,"valueName":"search_term_string"}}],"inLanguage":"en-US"},{"@type":"Organization","@id":"https:\/\/shop.verlag.uni-potsdam.de\/en\/#organization","name":"Universit\u00e4tsverlag Potsdam","url":"https:\/\/shop.verlag.uni-potsdam.de\/en\/","logo":{"@type":"ImageObject","inLanguage":"en-US","@id":"https:\/\/shop.verlag.uni-potsdam.de\/en\/#\/schema\/logo\/image\/","url":"https:\/\/shop.verlag.uni-potsdam.de\/wp-content\/uploads\/2017\/04\/up_logo_university_2.png","contentUrl":"https:\/\/shop.verlag.uni-potsdam.de\/wp-content\/uploads\/2017\/04\/up_logo_university_2.png","width":160,"height":172,"caption":"Universit\u00e4tsverlag Potsdam"},"image":{"@id":"https:\/\/shop.verlag.uni-potsdam.de\/en\/#\/schema\/logo\/image\/"}}]}},"_links":{"self":[{"href":"https:\/\/shop.verlag.uni-potsdam.de\/en\/wp-json\/wp\/v2\/product\/74028","targetHints":{"allow":["GET"]}}],"collection":[{"href":"https:\/\/shop.verlag.uni-potsdam.de\/en\/wp-json\/wp\/v2\/product"}],"about":[{"href":"https:\/\/shop.verlag.uni-potsdam.de\/en\/wp-json\/wp\/v2\/types\/product"}],"wp:featuredmedia":[{"embeddable":true,"href":"https:\/\/shop.verlag.uni-potsdam.de\/en\/wp-json\/wp\/v2\/media\/74029"}],"wp:attachment":[{"href":"https:\/\/shop.verlag.uni-potsdam.de\/en\/wp-json\/wp\/v2\/media?parent=74028"}],"wp:term":[{"taxonomy":"product_brand","embeddable":true,"href":"https:\/\/shop.verlag.uni-potsdam.de\/en\/wp-json\/wp\/v2\/product_brand?post=74028"},{"taxonomy":"product_cat","embeddable":true,"href":"https:\/\/shop.verlag.uni-potsdam.de\/en\/wp-json\/wp\/v2\/product_cat?post=74028"},{"taxonomy":"product_tag","embeddable":true,"href":"https:\/\/shop.verlag.uni-potsdam.de\/en\/wp-json\/wp\/v2\/product_tag?post=74028"}],"curies":[{"name":"wp","href":"https:\/\/api.w.org\/{rel}","templated":true}]}}