{"id":74050,"date":"2026-03-23T08:55:27","date_gmt":"2026-03-23T08:55:27","guid":{"rendered":"https:\/\/shop.verlag.uni-potsdam.de\/shop\/empty-product-container-2\/"},"modified":"2026-03-23T11:56:27","modified_gmt":"2026-03-23T10:56:27","slug":"genisa-blaetter-iv","status":"publish","type":"product","link":"https:\/\/shop.verlag.uni-potsdam.de\/en\/shop\/genisa-blaetter-iv\/","title":{"rendered":"Genisa-Bl\u00e4tter IV"},"content":{"rendered":"<p class=\"qtranxs-available-languages-message qtranxs-available-languages-message-en\">Sorry, this entry is only available in <a href=\"https:\/\/shop.verlag.uni-potsdam.de\/de\/wp-json\/wp\/v2\/product\/74050\" class=\"qtranxs-available-language-link qtranxs-available-language-link-de\" title=\"Deutsch\">Deutsch<\/a>.<\/p><p>Auch wenn Genisot \u2013 j\u00fcdische Ablagen nicht mehr verwendeter B\u00fccher und Kultgegenst\u00e4nde \u2013 in der bisherigen historischen Forschung selten beachtet werden, sind sie als Quellen aus origin\u00e4r j\u00fcdischer Hand von hoher Bedeutung und k\u00f6nnen unser Verst\u00e4ndnis der Umsetzung von Ritualen im Kontext der lokalen Gemeinde vertiefen.<\/p>\n<p>Der Schwerpunkt der \u201aGenisa-Bl\u00e4tter IV\u2018 liegt auf Fragen nach j\u00fcdisch-rituellen Praktiken und ihrer Bedeutung, ihren Objekten und Akteuren. Acht wissenschaftliche und ein essayistischer Beitrag n\u00e4hern sich diesen Themen \u00fcber konkrete Funde aus Genisot mitteleurop\u00e4ischer j\u00fcdischer Gemeinden, von religi\u00f6sen Texten wie dem Fragment einer Torarolle und einem Minhagim-Buch \u00fcber Personaldokumente bis hin zu Musiknoten und Kleidungsst\u00fccken.<\/p>","protected":false},"excerpt":{"rendered":"<p class=\"qtranxs-available-languages-message qtranxs-available-languages-message-en\">Sorry, this entry is only available in <a href=\"https:\/\/shop.verlag.uni-potsdam.de\/de\/wp-json\/wp\/v2\/product\/74050\" class=\"qtranxs-available-language-link qtranxs-available-language-link-de\" title=\"Deutsch\">Deutsch<\/a>.<\/p>\n<p>Auch wenn Genisot \u2013 j\u00fcdische Ablagen nicht mehr verwendeter B\u00fccher und Kultgegenst\u00e4nde \u2013 in der bisherigen historischen Forschung selten beachtet werden, sind sie als Quellen aus origin\u00e4r j\u00fcdischer Hand von hoher Bedeutung und k\u00f6nnen unser Verst\u00e4ndnis der Umsetzung von Ritualen im Kontext der lokalen Gemeinde vertiefen.<\/p>\n<p>Der Schwerpunkt der \u201aGenisa-Bl\u00e4tter IV\u2018 liegt auf Fragen nach j\u00fcdisch-rituellen Praktiken und ihrer Bedeutung, ihren Objekten und Akteuren. Acht wissenschaftliche und ein essayistischer Beitrag n\u00e4hern sich diesen Themen \u00fcber konkrete Funde aus Genisot mitteleurop\u00e4ischer j\u00fcdischer Gemeinden, von religi\u00f6sen Texten wie dem Fragment einer Torarolle und einem Minhagim-Buch \u00fcber Personaldokumente bis hin zu Musiknoten und Kleidungsst\u00fccken.<\/p>\n","protected":false},"featured_media":74111,"template":"","meta":{"_acf_changed":false},"product_brand":[],"product_cat":[6226],"product_tag":[6498],"class_list":{"0":"post-74050","1":"product","2":"type-product","3":"status-publish","4":"has-post-thumbnail","6":"product_cat-religion-theologie","7":"product_tag-genisa-juedische-studien-ritual-laendliches-judentum","8":"autor-annett-martini","9":"autor-beate-weinhold","10":"autor-elisabeth-singer-brehm","11":"autor-isidoro-abramowicz","12":"autor-jael-andra-benar","13":"autor-lenka-ulicna","14":"autor-maria-stuerzebecher","15":"autor-martha-stellmacher","16":"autor-neri-ariel","17":"autor-rebecca-ullrich","18":"autor-rebekka-denz","19":"autor-rechal-allgaier-honal","21":"first","22":"instock","23":"shipping-taxable","24":"purchasable","25":"product-type-simple"},"acf":[],"yoast_head":"<!-- This site is optimized with the Yoast SEO plugin v27.1.1 - https:\/\/yoast.com\/product\/yoast-seo-wordpress\/ -->\n<title>Genisa-Bl\u00e4tter IV - Universit\u00e4tsverlag Potsdam<\/title>\n<meta name=\"robots\" content=\"index, follow, max-snippet:-1, max-image-preview:large, max-video-preview:-1\" \/>\n<link rel=\"canonical\" href=\"https:\/\/shop.verlag.uni-potsdam.de\/en\/shop\/genisa-blaetter-iv\/\" \/>\n<meta property=\"og:locale\" content=\"en_US\" \/>\n<meta property=\"og:type\" content=\"article\" \/>\n<meta property=\"og:title\" content=\"Genisa-Bl\u00e4tter IV - Universit\u00e4tsverlag Potsdam\" \/>\n<meta property=\"og:description\" content=\"Auch wenn Genisot \u2013 j\u00fcdische Ablagen nicht mehr verwendeter B\u00fccher und Kultgegenst\u00e4nde \u2013 in der bisherigen historischen Forschung selten beachtet werden, sind sie als Quellen aus origin\u00e4r j\u00fcdischer Hand von hoher Bedeutung und k\u00f6nnen unser Verst\u00e4ndnis der Umsetzung von Ritualen im Kontext der lokalen Gemeinde vertiefen.Der Schwerpunkt der \u201aGenisa-Bl\u00e4tter IV\u2018 liegt auf Fragen nach j\u00fcdisch-rituellen Praktiken und ihrer Bedeutung, ihren Objekten und Akteuren. Acht wissenschaftliche und ein essayistischer Beitrag n\u00e4hern sich diesen Themen \u00fcber konkrete Funde aus Genisot mitteleurop\u00e4ischer j\u00fcdischer Gemeinden, von religi\u00f6sen Texten wie dem Fragment einer Torarolle und einem Minhagim-Buch \u00fcber Personaldokumente bis hin zu Musiknoten und Kleidungsst\u00fccken.\" \/>\n<meta property=\"og:url\" content=\"https:\/\/shop.verlag.uni-potsdam.de\/en\/shop\/genisa-blaetter-iv\/\" \/>\n<meta property=\"og:site_name\" content=\"Universit\u00e4tsverlag Potsdam\" \/>\n<meta property=\"article:modified_time\" content=\"2026-03-23T10:56:27+00:00\" \/>\n<meta property=\"og:image\" content=\"https:\/\/shop.verlag.uni-potsdam.de\/wp-content\/uploads\/asolmerce\/image-978-3-86956-539-2.jpg\" \/>\n\t<meta property=\"og:image:width\" content=\"1749\" \/>\n\t<meta property=\"og:image:height\" content=\"2481\" \/>\n\t<meta property=\"og:image:type\" content=\"image\/jpeg\" \/>\n<meta name=\"twitter:card\" content=\"summary_large_image\" \/>\n<meta name=\"twitter:label1\" content=\"Est. reading time\" \/>\n\t<meta name=\"twitter:data1\" content=\"1 minute\" \/>\n<script type=\"application\/ld+json\" class=\"yoast-schema-graph\">{\"@context\":\"https:\/\/schema.org\",\"@graph\":[{\"@type\":\"WebPage\",\"@id\":\"https:\/\/shop.verlag.uni-potsdam.de\/en\/shop\/genisa-blaetter-iv\/\",\"url\":\"https:\/\/shop.verlag.uni-potsdam.de\/en\/shop\/genisa-blaetter-iv\/\",\"name\":\"Genisa-Bl\u00e4tter IV - Universit\u00e4tsverlag Potsdam\",\"isPartOf\":{\"@id\":\"https:\/\/shop.verlag.uni-potsdam.de\/en\/#website\"},\"primaryImageOfPage\":{\"@id\":\"https:\/\/shop.verlag.uni-potsdam.de\/en\/shop\/genisa-blaetter-iv\/#primaryimage\"},\"image\":{\"@id\":\"https:\/\/shop.verlag.uni-potsdam.de\/shop\/genisa-blaetter-iv\/#primaryimage\"},\"thumbnailUrl\":\"https:\/\/shop.verlag.uni-potsdam.de\/wp-content\/uploads\/asolmerce\/image-978-3-86956-539-2.jpg\",\"datePublished\":\"2026-03-23T08:55:27+00:00\",\"dateModified\":\"2026-03-23T10:56:27+00:00\",\"breadcrumb\":{\"@id\":\"https:\/\/shop.verlag.uni-potsdam.de\/en\/shop\/genisa-blaetter-iv\/#breadcrumb\"},\"inLanguage\":\"en-US\",\"potentialAction\":[{\"@type\":\"ReadAction\",\"target\":[[\"https:\/\/shop.verlag.uni-potsdam.de\/en\/shop\/genisa-blaetter-iv\/\"]]}]},{\"@type\":\"ImageObject\",\"inLanguage\":\"en-US\",\"@id\":\"https:\/\/shop.verlag.uni-potsdam.de\/en\/shop\/genisa-blaetter-iv\/#primaryimage\",\"url\":\"https:\/\/shop.verlag.uni-potsdam.de\/wp-content\/uploads\/asolmerce\/image-978-3-86956-539-2.jpg\",\"contentUrl\":\"https:\/\/shop.verlag.uni-potsdam.de\/wp-content\/uploads\/asolmerce\/image-978-3-86956-539-2.jpg\",\"width\":1749,\"height\":2481},{\"@type\":\"BreadcrumbList\",\"@id\":\"https:\/\/shop.verlag.uni-potsdam.de\/en\/shop\/genisa-blaetter-iv\/#breadcrumb\",\"itemListElement\":[{\"@type\":\"ListItem\",\"position\":1,\"name\":\"Startseite\",\"item\":\"https:\/\/shop.verlag.uni-potsdam.de\/en\/\"},{\"@type\":\"ListItem\",\"position\":2,\"name\":\"Shop\",\"item\":\"https:\/\/shop.verlag.uni-potsdam.de\/en\/shop\/\"},{\"@type\":\"ListItem\",\"position\":3,\"name\":\"Genisa-Bl\u00e4tter IV\"}]},{\"@type\":\"WebSite\",\"@id\":\"https:\/\/shop.verlag.uni-potsdam.de\/en\/#website\",\"url\":\"https:\/\/shop.verlag.uni-potsdam.de\/en\/\",\"name\":\"Universit\u00e4tsverlag Potsdam\",\"description\":\"\",\"publisher\":{\"@id\":\"https:\/\/shop.verlag.uni-potsdam.de\/en\/#organization\"},\"potentialAction\":[{\"@type\":\"SearchAction\",\"target\":{\"@type\":\"EntryPoint\",\"urlTemplate\":\"https:\/\/shop.verlag.uni-potsdam.de\/en\/?s={search_term_string}\"},\"query-input\":{\"@type\":\"PropertyValueSpecification\",\"valueRequired\":true,\"valueName\":\"search_term_string\"}}],\"inLanguage\":\"en-US\"},{\"@type\":\"Organization\",\"@id\":\"https:\/\/shop.verlag.uni-potsdam.de\/en\/#organization\",\"name\":\"Universit\u00e4tsverlag Potsdam\",\"url\":\"https:\/\/shop.verlag.uni-potsdam.de\/en\/\",\"logo\":{\"@type\":\"ImageObject\",\"inLanguage\":\"en-US\",\"@id\":\"https:\/\/shop.verlag.uni-potsdam.de\/en\/#\/schema\/logo\/image\/\",\"url\":\"https:\/\/shop.verlag.uni-potsdam.de\/wp-content\/uploads\/2017\/04\/up_logo_university_2.png\",\"contentUrl\":\"https:\/\/shop.verlag.uni-potsdam.de\/wp-content\/uploads\/2017\/04\/up_logo_university_2.png\",\"width\":160,\"height\":172,\"caption\":\"Universit\u00e4tsverlag Potsdam\"},\"image\":{\"@id\":\"https:\/\/shop.verlag.uni-potsdam.de\/en\/#\/schema\/logo\/image\/\"}}]}<\/script>\n<!-- \/ Yoast SEO plugin. -->","yoast_head_json":{"title":"Genisa-Bl\u00e4tter IV - Universit\u00e4tsverlag Potsdam","robots":{"index":"index","follow":"follow","max-snippet":"max-snippet:-1","max-image-preview":"max-image-preview:large","max-video-preview":"max-video-preview:-1"},"canonical":"https:\/\/shop.verlag.uni-potsdam.de\/en\/shop\/genisa-blaetter-iv\/","og_locale":"en_US","og_type":"article","og_title":"Genisa-Bl\u00e4tter IV - Universit\u00e4tsverlag Potsdam","og_description":"Auch wenn Genisot \u2013 j\u00fcdische Ablagen nicht mehr verwendeter B\u00fccher und Kultgegenst\u00e4nde \u2013 in der bisherigen historischen Forschung selten beachtet werden, sind sie als Quellen aus origin\u00e4r j\u00fcdischer Hand von hoher Bedeutung und k\u00f6nnen unser Verst\u00e4ndnis der Umsetzung von Ritualen im Kontext der lokalen Gemeinde vertiefen.Der Schwerpunkt der \u201aGenisa-Bl\u00e4tter IV\u2018 liegt auf Fragen nach j\u00fcdisch-rituellen Praktiken und ihrer Bedeutung, ihren Objekten und Akteuren. Acht wissenschaftliche und ein essayistischer Beitrag n\u00e4hern sich diesen Themen \u00fcber konkrete Funde aus Genisot mitteleurop\u00e4ischer j\u00fcdischer Gemeinden, von religi\u00f6sen Texten wie dem Fragment einer Torarolle und einem Minhagim-Buch \u00fcber Personaldokumente bis hin zu Musiknoten und Kleidungsst\u00fccken.","og_url":"https:\/\/shop.verlag.uni-potsdam.de\/en\/shop\/genisa-blaetter-iv\/","og_site_name":"Universit\u00e4tsverlag Potsdam","article_modified_time":"2026-03-23T10:56:27+00:00","og_image":[{"width":1749,"height":2481,"url":"https:\/\/shop.verlag.uni-potsdam.de\/wp-content\/uploads\/asolmerce\/image-978-3-86956-539-2.jpg","type":"image\/jpeg"}],"twitter_card":"summary_large_image","twitter_misc":{"Est. reading time":"1 minute"},"schema":{"@context":"https:\/\/schema.org","@graph":[{"@type":"WebPage","@id":"https:\/\/shop.verlag.uni-potsdam.de\/en\/shop\/genisa-blaetter-iv\/","url":"https:\/\/shop.verlag.uni-potsdam.de\/en\/shop\/genisa-blaetter-iv\/","name":"Genisa-Bl\u00e4tter IV - Universit\u00e4tsverlag Potsdam","isPartOf":{"@id":"https:\/\/shop.verlag.uni-potsdam.de\/en\/#website"},"primaryImageOfPage":{"@id":"https:\/\/shop.verlag.uni-potsdam.de\/en\/shop\/genisa-blaetter-iv\/#primaryimage"},"image":{"@id":"https:\/\/shop.verlag.uni-potsdam.de\/shop\/genisa-blaetter-iv\/#primaryimage"},"thumbnailUrl":"https:\/\/shop.verlag.uni-potsdam.de\/wp-content\/uploads\/asolmerce\/image-978-3-86956-539-2.jpg","datePublished":"2026-03-23T08:55:27+00:00","dateModified":"2026-03-23T10:56:27+00:00","breadcrumb":{"@id":"https:\/\/shop.verlag.uni-potsdam.de\/en\/shop\/genisa-blaetter-iv\/#breadcrumb"},"inLanguage":"en-US","potentialAction":[{"@type":"ReadAction","target":[["https:\/\/shop.verlag.uni-potsdam.de\/en\/shop\/genisa-blaetter-iv\/"]]}]},{"@type":"ImageObject","inLanguage":"en-US","@id":"https:\/\/shop.verlag.uni-potsdam.de\/en\/shop\/genisa-blaetter-iv\/#primaryimage","url":"https:\/\/shop.verlag.uni-potsdam.de\/wp-content\/uploads\/asolmerce\/image-978-3-86956-539-2.jpg","contentUrl":"https:\/\/shop.verlag.uni-potsdam.de\/wp-content\/uploads\/asolmerce\/image-978-3-86956-539-2.jpg","width":1749,"height":2481},{"@type":"BreadcrumbList","@id":"https:\/\/shop.verlag.uni-potsdam.de\/en\/shop\/genisa-blaetter-iv\/#breadcrumb","itemListElement":[{"@type":"ListItem","position":1,"name":"Startseite","item":"https:\/\/shop.verlag.uni-potsdam.de\/en\/"},{"@type":"ListItem","position":2,"name":"Shop","item":"https:\/\/shop.verlag.uni-potsdam.de\/en\/shop\/"},{"@type":"ListItem","position":3,"name":"Genisa-Bl\u00e4tter IV"}]},{"@type":"WebSite","@id":"https:\/\/shop.verlag.uni-potsdam.de\/en\/#website","url":"https:\/\/shop.verlag.uni-potsdam.de\/en\/","name":"Universit\u00e4tsverlag Potsdam","description":"","publisher":{"@id":"https:\/\/shop.verlag.uni-potsdam.de\/en\/#organization"},"potentialAction":[{"@type":"SearchAction","target":{"@type":"EntryPoint","urlTemplate":"https:\/\/shop.verlag.uni-potsdam.de\/en\/?s={search_term_string}"},"query-input":{"@type":"PropertyValueSpecification","valueRequired":true,"valueName":"search_term_string"}}],"inLanguage":"en-US"},{"@type":"Organization","@id":"https:\/\/shop.verlag.uni-potsdam.de\/en\/#organization","name":"Universit\u00e4tsverlag Potsdam","url":"https:\/\/shop.verlag.uni-potsdam.de\/en\/","logo":{"@type":"ImageObject","inLanguage":"en-US","@id":"https:\/\/shop.verlag.uni-potsdam.de\/en\/#\/schema\/logo\/image\/","url":"https:\/\/shop.verlag.uni-potsdam.de\/wp-content\/uploads\/2017\/04\/up_logo_university_2.png","contentUrl":"https:\/\/shop.verlag.uni-potsdam.de\/wp-content\/uploads\/2017\/04\/up_logo_university_2.png","width":160,"height":172,"caption":"Universit\u00e4tsverlag Potsdam"},"image":{"@id":"https:\/\/shop.verlag.uni-potsdam.de\/en\/#\/schema\/logo\/image\/"}}]}},"_links":{"self":[{"href":"https:\/\/shop.verlag.uni-potsdam.de\/en\/wp-json\/wp\/v2\/product\/74050","targetHints":{"allow":["GET"]}}],"collection":[{"href":"https:\/\/shop.verlag.uni-potsdam.de\/en\/wp-json\/wp\/v2\/product"}],"about":[{"href":"https:\/\/shop.verlag.uni-potsdam.de\/en\/wp-json\/wp\/v2\/types\/product"}],"wp:featuredmedia":[{"embeddable":true,"href":"https:\/\/shop.verlag.uni-potsdam.de\/en\/wp-json\/wp\/v2\/media\/74111"}],"wp:attachment":[{"href":"https:\/\/shop.verlag.uni-potsdam.de\/en\/wp-json\/wp\/v2\/media?parent=74050"}],"wp:term":[{"taxonomy":"product_brand","embeddable":true,"href":"https:\/\/shop.verlag.uni-potsdam.de\/en\/wp-json\/wp\/v2\/product_brand?post=74050"},{"taxonomy":"product_cat","embeddable":true,"href":"https:\/\/shop.verlag.uni-potsdam.de\/en\/wp-json\/wp\/v2\/product_cat?post=74050"},{"taxonomy":"product_tag","embeddable":true,"href":"https:\/\/shop.verlag.uni-potsdam.de\/en\/wp-json\/wp\/v2\/product_tag?post=74050"}],"curies":[{"name":"wp","href":"https:\/\/api.w.org\/{rel}","templated":true}]}}