{"id":74076,"date":"2026-03-23T08:55:33","date_gmt":"2026-03-23T08:55:33","guid":{"rendered":"https:\/\/shop.verlag.uni-potsdam.de\/shop\/empty-product-container-2\/"},"modified":"2026-03-23T11:56:33","modified_gmt":"2026-03-23T10:56:33","slug":"jahresbericht-2021-2022","status":"publish","type":"product","link":"https:\/\/shop.verlag.uni-potsdam.de\/en\/shop\/jahresbericht-2021-2022\/","title":{"rendered":"Jahresbericht 2021\u20132022"},"content":{"rendered":"<p class=\"qtranxs-available-languages-message qtranxs-available-languages-message-en\">Sorry, this entry is only available in <a href=\"https:\/\/shop.verlag.uni-potsdam.de\/de\/wp-json\/wp\/v2\/product\/74076\" class=\"qtranxs-available-language-link qtranxs-available-language-link-de\" title=\"Deutsch\">Deutsch<\/a>.<\/p><p>Der Jahresbericht des MenschenRechtsZentrums der Universit\u00e4t Potsdam (MRZ) informiert \u00fcber die Aktivit\u00e4ten im Berichtszeitraum 2021 und 2022. Das MRZ ist eine zentrale wissenschaftliche Einrichtung der Universit\u00e4t Potsdam; seine Mitglieder sind in Forschung und Lehre aktiv, wobei die Lehre an der Philosophischen und an der Juristischen Fakult\u00e4t angeboten wird. <\/p>\n<p>Zu den bearbeiteten Themen geh\u00f6ren Fragen der Gerechtigkeit, u. a. mit Blick auf die Folgen der Covid-19-Pandemie, der Verh\u00e4ltnis von Menschenrechten und Humanit\u00e4rem V\u00f6lkerrecht, der Schutz gefl\u00fcchteter Personen und das Lieferkettensorgfaltspflichtengesetz.<\/p>","protected":false},"excerpt":{"rendered":"<p class=\"qtranxs-available-languages-message qtranxs-available-languages-message-en\">Sorry, this entry is only available in <a href=\"https:\/\/shop.verlag.uni-potsdam.de\/de\/wp-json\/wp\/v2\/product\/74076\" class=\"qtranxs-available-language-link qtranxs-available-language-link-de\" title=\"Deutsch\">Deutsch<\/a>.<\/p>\n<p>Der Jahresbericht des MenschenRechtsZentrums der Universit\u00e4t Potsdam (MRZ) informiert \u00fcber die Aktivit\u00e4ten im Berichtszeitraum 2021 und 2022. Das MRZ ist eine zentrale wissenschaftliche Einrichtung der Universit\u00e4t Potsdam; seine Mitglieder sind in Forschung und Lehre aktiv, wobei die Lehre an der Philosophischen und an der Juristischen Fakult\u00e4t angeboten wird. <\/p>\n<p>Zu den bearbeiteten Themen geh\u00f6ren Fragen der Gerechtigkeit, u. a. mit Blick auf die Folgen der Covid-19-Pandemie, der Verh\u00e4ltnis von Menschenrechten und Humanit\u00e4rem V\u00f6lkerrecht, der Schutz gefl\u00fcchteter Personen und das Lieferkettensorgfaltspflichtengesetz.<\/p>\n","protected":false},"featured_media":74077,"template":"","meta":{"_acf_changed":false},"product_brand":[],"product_cat":[6225],"product_tag":[6161],"class_list":{"0":"post-74076","1":"product","2":"type-product","3":"status-publish","4":"has-post-thumbnail","6":"product_cat-recht-web-kategorie","7":"product_tag-report-menschenrechte-menschenrechtsschutz-arbeit-des-mrz","8":"autor-andreas-zimmermann","9":"autor-logi-gunnarsson","10":"edition-online-only","12":"first","13":"instock","14":"shipping-taxable","15":"product-type-simple"},"acf":[],"yoast_head":"<!-- This site is optimized with the Yoast SEO plugin v27.1.1 - https:\/\/yoast.com\/product\/yoast-seo-wordpress\/ -->\n<title>Jahresbericht 2021\u20132022 - Universit\u00e4tsverlag Potsdam<\/title>\n<meta name=\"robots\" content=\"index, follow, max-snippet:-1, max-image-preview:large, max-video-preview:-1\" \/>\n<link rel=\"canonical\" href=\"https:\/\/shop.verlag.uni-potsdam.de\/en\/shop\/jahresbericht-2021-2022\/\" \/>\n<meta property=\"og:locale\" content=\"en_US\" \/>\n<meta property=\"og:type\" content=\"article\" \/>\n<meta property=\"og:title\" content=\"Jahresbericht 2021\u20132022 - Universit\u00e4tsverlag Potsdam\" \/>\n<meta property=\"og:description\" content=\"Der Jahresbericht des MenschenRechtsZentrums der Universit\u00e4t Potsdam (MRZ) informiert \u00fcber die Aktivit\u00e4ten im Berichtszeitraum 2021 und 2022. Das MRZ ist eine zentrale wissenschaftliche Einrichtung der Universit\u00e4t Potsdam; seine Mitglieder sind in Forschung und Lehre aktiv, wobei die Lehre an der Philosophischen und an der Juristischen Fakult\u00e4t angeboten wird. Zu den bearbeiteten Themen geh\u00f6ren Fragen der Gerechtigkeit, u. a. mit Blick auf die Folgen der Covid-19-Pandemie, der Verh\u00e4ltnis von Menschenrechten und Humanit\u00e4rem V\u00f6lkerrecht, der Schutz gefl\u00fcchteter Personen und das Lieferkettensorgfaltspflichtengesetz.\" \/>\n<meta property=\"og:url\" content=\"https:\/\/shop.verlag.uni-potsdam.de\/en\/shop\/jahresbericht-2021-2022\/\" \/>\n<meta property=\"og:site_name\" content=\"Universit\u00e4tsverlag Potsdam\" \/>\n<meta property=\"article:modified_time\" content=\"2026-03-23T10:56:33+00:00\" \/>\n<meta property=\"og:image\" content=\"https:\/\/shop.verlag.uni-potsdam.de\/wp-content\/uploads\/asolmerce\/image-22472.jpg\" \/>\n\t<meta property=\"og:image:width\" content=\"1750\" \/>\n\t<meta property=\"og:image:height\" content=\"2480\" \/>\n\t<meta property=\"og:image:type\" content=\"image\/jpeg\" \/>\n<meta name=\"twitter:card\" content=\"summary_large_image\" \/>\n<script type=\"application\/ld+json\" class=\"yoast-schema-graph\">{\"@context\":\"https:\/\/schema.org\",\"@graph\":[{\"@type\":\"WebPage\",\"@id\":\"https:\/\/shop.verlag.uni-potsdam.de\/en\/shop\/jahresbericht-2021-2022\/\",\"url\":\"https:\/\/shop.verlag.uni-potsdam.de\/en\/shop\/jahresbericht-2021-2022\/\",\"name\":\"Jahresbericht 2021\u20132022 - Universit\u00e4tsverlag Potsdam\",\"isPartOf\":{\"@id\":\"https:\/\/shop.verlag.uni-potsdam.de\/en\/#website\"},\"primaryImageOfPage\":{\"@id\":\"https:\/\/shop.verlag.uni-potsdam.de\/en\/shop\/jahresbericht-2021-2022\/#primaryimage\"},\"image\":{\"@id\":\"https:\/\/shop.verlag.uni-potsdam.de\/shop\/jahresbericht-2021-2022\/#primaryimage\"},\"thumbnailUrl\":\"https:\/\/shop.verlag.uni-potsdam.de\/wp-content\/uploads\/asolmerce\/image-22472.jpg\",\"datePublished\":\"2026-03-23T08:55:33+00:00\",\"dateModified\":\"2026-03-23T10:56:33+00:00\",\"breadcrumb\":{\"@id\":\"https:\/\/shop.verlag.uni-potsdam.de\/en\/shop\/jahresbericht-2021-2022\/#breadcrumb\"},\"inLanguage\":\"en-US\",\"potentialAction\":[{\"@type\":\"ReadAction\",\"target\":[[\"https:\/\/shop.verlag.uni-potsdam.de\/en\/shop\/jahresbericht-2021-2022\/\"]]}]},{\"@type\":\"ImageObject\",\"inLanguage\":\"en-US\",\"@id\":\"https:\/\/shop.verlag.uni-potsdam.de\/en\/shop\/jahresbericht-2021-2022\/#primaryimage\",\"url\":\"https:\/\/shop.verlag.uni-potsdam.de\/wp-content\/uploads\/asolmerce\/image-22472.jpg\",\"contentUrl\":\"https:\/\/shop.verlag.uni-potsdam.de\/wp-content\/uploads\/asolmerce\/image-22472.jpg\",\"width\":1750,\"height\":2480},{\"@type\":\"BreadcrumbList\",\"@id\":\"https:\/\/shop.verlag.uni-potsdam.de\/en\/shop\/jahresbericht-2021-2022\/#breadcrumb\",\"itemListElement\":[{\"@type\":\"ListItem\",\"position\":1,\"name\":\"Startseite\",\"item\":\"https:\/\/shop.verlag.uni-potsdam.de\/en\/\"},{\"@type\":\"ListItem\",\"position\":2,\"name\":\"Shop\",\"item\":\"https:\/\/shop.verlag.uni-potsdam.de\/en\/shop\/\"},{\"@type\":\"ListItem\",\"position\":3,\"name\":\"Jahresbericht 2021\u20132022\"}]},{\"@type\":\"WebSite\",\"@id\":\"https:\/\/shop.verlag.uni-potsdam.de\/en\/#website\",\"url\":\"https:\/\/shop.verlag.uni-potsdam.de\/en\/\",\"name\":\"Universit\u00e4tsverlag Potsdam\",\"description\":\"\",\"publisher\":{\"@id\":\"https:\/\/shop.verlag.uni-potsdam.de\/en\/#organization\"},\"potentialAction\":[{\"@type\":\"SearchAction\",\"target\":{\"@type\":\"EntryPoint\",\"urlTemplate\":\"https:\/\/shop.verlag.uni-potsdam.de\/en\/?s={search_term_string}\"},\"query-input\":{\"@type\":\"PropertyValueSpecification\",\"valueRequired\":true,\"valueName\":\"search_term_string\"}}],\"inLanguage\":\"en-US\"},{\"@type\":\"Organization\",\"@id\":\"https:\/\/shop.verlag.uni-potsdam.de\/en\/#organization\",\"name\":\"Universit\u00e4tsverlag Potsdam\",\"url\":\"https:\/\/shop.verlag.uni-potsdam.de\/en\/\",\"logo\":{\"@type\":\"ImageObject\",\"inLanguage\":\"en-US\",\"@id\":\"https:\/\/shop.verlag.uni-potsdam.de\/en\/#\/schema\/logo\/image\/\",\"url\":\"https:\/\/shop.verlag.uni-potsdam.de\/wp-content\/uploads\/2017\/04\/up_logo_university_2.png\",\"contentUrl\":\"https:\/\/shop.verlag.uni-potsdam.de\/wp-content\/uploads\/2017\/04\/up_logo_university_2.png\",\"width\":160,\"height\":172,\"caption\":\"Universit\u00e4tsverlag Potsdam\"},\"image\":{\"@id\":\"https:\/\/shop.verlag.uni-potsdam.de\/en\/#\/schema\/logo\/image\/\"}}]}<\/script>\n<!-- \/ Yoast SEO plugin. -->","yoast_head_json":{"title":"Jahresbericht 2021\u20132022 - Universit\u00e4tsverlag Potsdam","robots":{"index":"index","follow":"follow","max-snippet":"max-snippet:-1","max-image-preview":"max-image-preview:large","max-video-preview":"max-video-preview:-1"},"canonical":"https:\/\/shop.verlag.uni-potsdam.de\/en\/shop\/jahresbericht-2021-2022\/","og_locale":"en_US","og_type":"article","og_title":"Jahresbericht 2021\u20132022 - Universit\u00e4tsverlag Potsdam","og_description":"Der Jahresbericht des MenschenRechtsZentrums der Universit\u00e4t Potsdam (MRZ) informiert \u00fcber die Aktivit\u00e4ten im Berichtszeitraum 2021 und 2022. Das MRZ ist eine zentrale wissenschaftliche Einrichtung der Universit\u00e4t Potsdam; seine Mitglieder sind in Forschung und Lehre aktiv, wobei die Lehre an der Philosophischen und an der Juristischen Fakult\u00e4t angeboten wird. Zu den bearbeiteten Themen geh\u00f6ren Fragen der Gerechtigkeit, u. a. mit Blick auf die Folgen der Covid-19-Pandemie, der Verh\u00e4ltnis von Menschenrechten und Humanit\u00e4rem V\u00f6lkerrecht, der Schutz gefl\u00fcchteter Personen und das Lieferkettensorgfaltspflichtengesetz.","og_url":"https:\/\/shop.verlag.uni-potsdam.de\/en\/shop\/jahresbericht-2021-2022\/","og_site_name":"Universit\u00e4tsverlag Potsdam","article_modified_time":"2026-03-23T10:56:33+00:00","og_image":[{"width":1750,"height":2480,"url":"https:\/\/shop.verlag.uni-potsdam.de\/wp-content\/uploads\/asolmerce\/image-22472.jpg","type":"image\/jpeg"}],"twitter_card":"summary_large_image","schema":{"@context":"https:\/\/schema.org","@graph":[{"@type":"WebPage","@id":"https:\/\/shop.verlag.uni-potsdam.de\/en\/shop\/jahresbericht-2021-2022\/","url":"https:\/\/shop.verlag.uni-potsdam.de\/en\/shop\/jahresbericht-2021-2022\/","name":"Jahresbericht 2021\u20132022 - Universit\u00e4tsverlag Potsdam","isPartOf":{"@id":"https:\/\/shop.verlag.uni-potsdam.de\/en\/#website"},"primaryImageOfPage":{"@id":"https:\/\/shop.verlag.uni-potsdam.de\/en\/shop\/jahresbericht-2021-2022\/#primaryimage"},"image":{"@id":"https:\/\/shop.verlag.uni-potsdam.de\/shop\/jahresbericht-2021-2022\/#primaryimage"},"thumbnailUrl":"https:\/\/shop.verlag.uni-potsdam.de\/wp-content\/uploads\/asolmerce\/image-22472.jpg","datePublished":"2026-03-23T08:55:33+00:00","dateModified":"2026-03-23T10:56:33+00:00","breadcrumb":{"@id":"https:\/\/shop.verlag.uni-potsdam.de\/en\/shop\/jahresbericht-2021-2022\/#breadcrumb"},"inLanguage":"en-US","potentialAction":[{"@type":"ReadAction","target":[["https:\/\/shop.verlag.uni-potsdam.de\/en\/shop\/jahresbericht-2021-2022\/"]]}]},{"@type":"ImageObject","inLanguage":"en-US","@id":"https:\/\/shop.verlag.uni-potsdam.de\/en\/shop\/jahresbericht-2021-2022\/#primaryimage","url":"https:\/\/shop.verlag.uni-potsdam.de\/wp-content\/uploads\/asolmerce\/image-22472.jpg","contentUrl":"https:\/\/shop.verlag.uni-potsdam.de\/wp-content\/uploads\/asolmerce\/image-22472.jpg","width":1750,"height":2480},{"@type":"BreadcrumbList","@id":"https:\/\/shop.verlag.uni-potsdam.de\/en\/shop\/jahresbericht-2021-2022\/#breadcrumb","itemListElement":[{"@type":"ListItem","position":1,"name":"Startseite","item":"https:\/\/shop.verlag.uni-potsdam.de\/en\/"},{"@type":"ListItem","position":2,"name":"Shop","item":"https:\/\/shop.verlag.uni-potsdam.de\/en\/shop\/"},{"@type":"ListItem","position":3,"name":"Jahresbericht 2021\u20132022"}]},{"@type":"WebSite","@id":"https:\/\/shop.verlag.uni-potsdam.de\/en\/#website","url":"https:\/\/shop.verlag.uni-potsdam.de\/en\/","name":"Universit\u00e4tsverlag Potsdam","description":"","publisher":{"@id":"https:\/\/shop.verlag.uni-potsdam.de\/en\/#organization"},"potentialAction":[{"@type":"SearchAction","target":{"@type":"EntryPoint","urlTemplate":"https:\/\/shop.verlag.uni-potsdam.de\/en\/?s={search_term_string}"},"query-input":{"@type":"PropertyValueSpecification","valueRequired":true,"valueName":"search_term_string"}}],"inLanguage":"en-US"},{"@type":"Organization","@id":"https:\/\/shop.verlag.uni-potsdam.de\/en\/#organization","name":"Universit\u00e4tsverlag Potsdam","url":"https:\/\/shop.verlag.uni-potsdam.de\/en\/","logo":{"@type":"ImageObject","inLanguage":"en-US","@id":"https:\/\/shop.verlag.uni-potsdam.de\/en\/#\/schema\/logo\/image\/","url":"https:\/\/shop.verlag.uni-potsdam.de\/wp-content\/uploads\/2017\/04\/up_logo_university_2.png","contentUrl":"https:\/\/shop.verlag.uni-potsdam.de\/wp-content\/uploads\/2017\/04\/up_logo_university_2.png","width":160,"height":172,"caption":"Universit\u00e4tsverlag Potsdam"},"image":{"@id":"https:\/\/shop.verlag.uni-potsdam.de\/en\/#\/schema\/logo\/image\/"}}]}},"_links":{"self":[{"href":"https:\/\/shop.verlag.uni-potsdam.de\/en\/wp-json\/wp\/v2\/product\/74076","targetHints":{"allow":["GET"]}}],"collection":[{"href":"https:\/\/shop.verlag.uni-potsdam.de\/en\/wp-json\/wp\/v2\/product"}],"about":[{"href":"https:\/\/shop.verlag.uni-potsdam.de\/en\/wp-json\/wp\/v2\/types\/product"}],"wp:featuredmedia":[{"embeddable":true,"href":"https:\/\/shop.verlag.uni-potsdam.de\/en\/wp-json\/wp\/v2\/media\/74077"}],"wp:attachment":[{"href":"https:\/\/shop.verlag.uni-potsdam.de\/en\/wp-json\/wp\/v2\/media?parent=74076"}],"wp:term":[{"taxonomy":"product_brand","embeddable":true,"href":"https:\/\/shop.verlag.uni-potsdam.de\/en\/wp-json\/wp\/v2\/product_brand?post=74076"},{"taxonomy":"product_cat","embeddable":true,"href":"https:\/\/shop.verlag.uni-potsdam.de\/en\/wp-json\/wp\/v2\/product_cat?post=74076"},{"taxonomy":"product_tag","embeddable":true,"href":"https:\/\/shop.verlag.uni-potsdam.de\/en\/wp-json\/wp\/v2\/product_tag?post=74076"}],"curies":[{"name":"wp","href":"https:\/\/api.w.org\/{rel}","templated":true}]}}