{"id":74085,"date":"2026-04-27T05:36:20","date_gmt":"2026-04-27T05:36:20","guid":{"rendered":"https:\/\/shop.verlag.uni-potsdam.de\/shop\/empty-product-container-2\/"},"modified":"2026-04-27T09:37:20","modified_gmt":"2026-04-27T07:37:20","slug":"regierungs-und-verwaltungshandeln-in-der-coronakrise","status":"publish","type":"product","link":"https:\/\/shop.verlag.uni-potsdam.de\/en\/shop\/regierungs-und-verwaltungshandeln-in-der-coronakrise\/","title":{"rendered":"Regierungs- und Verwaltungshandeln in der Coronakrise"},"content":{"rendered":"<p class=\"qtranxs-available-languages-message qtranxs-available-languages-message-en\">Sorry, this entry is only available in <a href=\"https:\/\/shop.verlag.uni-potsdam.de\/de\/wp-json\/wp\/v2\/product\/74085\" class=\"qtranxs-available-language-link qtranxs-available-language-link-de\" title=\"Deutsch\">Deutsch<\/a>.<\/p><p>Die Coronapandemie hat die zentrale Rolle von Staat und Verwaltung f\u00fcr die Krisenbew\u00e4ltigung deutlich gemacht sowie ins Zentrum wissenschaftlicher und \u00f6ffentlicher Aufmerksamkeit ger\u00fcckt. Das intergouvernementale Pandemiemanagement, das Zusammenwirken verschiedener Politik- und Verwaltungsebenen im f\u00f6deralen Staat und die Einbringung wissenschaftlicher Expertise haben sich in der Pandemie als entscheidende institutionelle Stellschrauben erwiesen. Zugleich sind erhebliche Schwachstellen und Engp\u00e4sse zu Tage getreten, die teilweise zu institutioneller \u00dcberforderung, Reibungsverlusten, Koordinationsschw\u00e4chen oder gar Institutionenversagen gef\u00fchrt haben. Beklagt wurden zudem Ma\u00dfnahmenpakete und Entscheidungsoutputs, die hinsichtlich ihrer Evidenz- und Wissensbasis teils umstritten waren und in ihrem Zustandekommen hinreichende Legitimation, Zurechenbarkeit, Nachvollziehbarkeit und Transparenz vermissen lie\u00dfen. <br \/>Der seit M\u00e4rz 2020 andauernde Krisenzustand hat einen neuartigen, vom bisherigen Normalzustand stark abweichenden Modus des Regierens und des Verwaltungsmanagements in Deutschland geschaffen. In diesem Bereich herrscht weiterhin ein erheblicher politik- und verwaltungswissenschaftlicher Forschungsbedarf, zu dessen Befriedigung diese Studie beitragen soll.<\/p>","protected":false},"excerpt":{"rendered":"<p class=\"qtranxs-available-languages-message qtranxs-available-languages-message-en\">Sorry, this entry is only available in <a href=\"https:\/\/shop.verlag.uni-potsdam.de\/de\/wp-json\/wp\/v2\/product\/74085\" class=\"qtranxs-available-language-link qtranxs-available-language-link-de\" title=\"Deutsch\">Deutsch<\/a>.<\/p>\n<p>Die Coronapandemie hat die zentrale Rolle von Staat und Verwaltung f\u00fcr die Krisenbew\u00e4ltigung deutlich gemacht sowie ins Zentrum wissenschaftlicher und \u00f6ffentlicher Aufmerksamkeit ger\u00fcckt. Das intergouvernementale Pandemiemanagement, das Zusammenwirken verschiedener Politik- und Verwaltungsebenen im f\u00f6deralen Staat und die Einbringung wissenschaftlicher Expertise haben sich in der Pandemie als entscheidende institutionelle Stellschrauben erwiesen. Zugleich sind erhebliche Schwachstellen und Engp\u00e4sse zu Tage getreten, die teilweise zu institutioneller \u00dcberforderung, Reibungsverlusten, Koordinationsschw\u00e4chen oder gar Institutionenversagen gef\u00fchrt haben. Beklagt wurden zudem Ma\u00dfnahmenpakete und Entscheidungsoutputs, die hinsichtlich ihrer Evidenz- und Wissensbasis teils umstritten waren und in ihrem Zustandekommen hinreichende Legitimation, Zurechenbarkeit, Nachvollziehbarkeit und Transparenz vermissen lie\u00dfen. <br \/>Der seit M\u00e4rz 2020 andauernde Krisenzustand hat einen neuartigen, vom bisherigen Normalzustand stark abweichenden Modus des Regierens und des Verwaltungsmanagements in Deutschland geschaffen. In diesem Bereich herrscht weiterhin ein erheblicher politik- und verwaltungswissenschaftlicher Forschungsbedarf, zu dessen Befriedigung diese Studie beitragen soll.<\/p>\n","protected":false},"featured_media":74139,"template":"","meta":{"_acf_changed":false},"product_brand":[],"product_cat":[5096],"product_tag":[6527],"class_list":{"0":"post-74085","1":"product","2":"type-product","3":"status-publish","4":"has-post-thumbnail","6":"product_cat-unkategorisiert","7":"product_tag-coronakrise-deutschland-krisen-preparedness-pandemiemanagement-politikberatung","8":"autor-benoit-paul-dumas","9":"autor-jochen-franzke","10":"autor-moritz-heuberger","11":"autor-sabine-kuhlmann","13":"first","14":"instock","15":"shipping-taxable","16":"purchasable","17":"product-type-simple"},"acf":[],"yoast_head":"<!-- This site is optimized with the Yoast SEO plugin v27.1.1 - https:\/\/yoast.com\/product\/yoast-seo-wordpress\/ -->\n<title>Regierungs- und Verwaltungshandeln in der Coronakrise - Universit\u00e4tsverlag Potsdam<\/title>\n<meta name=\"robots\" content=\"index, follow, max-snippet:-1, max-image-preview:large, max-video-preview:-1\" \/>\n<link rel=\"canonical\" href=\"https:\/\/shop.verlag.uni-potsdam.de\/en\/shop\/regierungs-und-verwaltungshandeln-in-der-coronakrise\/\" \/>\n<meta property=\"og:locale\" content=\"en_US\" \/>\n<meta property=\"og:type\" content=\"article\" \/>\n<meta property=\"og:title\" content=\"Regierungs- und Verwaltungshandeln in der Coronakrise - Universit\u00e4tsverlag Potsdam\" \/>\n<meta property=\"og:description\" content=\"Die Coronapandemie hat die zentrale Rolle von Staat und Verwaltung f\u00fcr die Krisenbew\u00e4ltigung deutlich gemacht sowie ins Zentrum wissenschaftlicher und \u00f6ffentlicher Aufmerksamkeit ger\u00fcckt. Das intergouvernementale Pandemiemanagement, das Zusammenwirken verschiedener Politik- und Verwaltungsebenen im f\u00f6deralen Staat und die Einbringung wissenschaftlicher Expertise haben sich in der Pandemie als entscheidende institutionelle Stellschrauben erwiesen. Zugleich sind erhebliche Schwachstellen und Engp\u00e4sse zu Tage getreten, die teilweise zu institutioneller \u00dcberforderung, Reibungsverlusten, Koordinationsschw\u00e4chen oder gar Institutionenversagen gef\u00fchrt haben. Beklagt wurden zudem Ma\u00dfnahmenpakete und Entscheidungsoutputs, die hinsichtlich ihrer Evidenz- und Wissensbasis teils umstritten waren und in ihrem Zustandekommen hinreichende Legitimation, Zurechenbarkeit, Nachvollziehbarkeit und Transparenz vermissen lie\u00dfen. Der seit M\u00e4rz 2020 andauernde Krisenzustand hat einen neuartigen, vom bisherigen Normalzustand stark abweichenden Modus des Regierens und des Verwaltungsmanagements in Deutschland geschaffen. In diesem Bereich herrscht weiterhin ein erheblicher politik- und verwaltungswissenschaftlicher Forschungsbedarf, zu dessen Befriedigung diese Studie beitragen soll.\" \/>\n<meta property=\"og:url\" content=\"https:\/\/shop.verlag.uni-potsdam.de\/en\/shop\/regierungs-und-verwaltungshandeln-in-der-coronakrise\/\" \/>\n<meta property=\"og:site_name\" content=\"Universit\u00e4tsverlag Potsdam\" \/>\n<meta property=\"article:modified_time\" content=\"2026-04-27T07:37:20+00:00\" \/>\n<meta property=\"og:image\" content=\"https:\/\/shop.verlag.uni-potsdam.de\/wp-content\/uploads\/asolmerce\/image-978-3-86956-553-8.jpg\" \/>\n\t<meta property=\"og:image:width\" content=\"1814\" \/>\n\t<meta property=\"og:image:height\" content=\"2560\" \/>\n\t<meta property=\"og:image:type\" content=\"image\/jpeg\" \/>\n<meta name=\"twitter:card\" content=\"summary_large_image\" \/>\n<meta name=\"twitter:label1\" content=\"Est. reading time\" \/>\n\t<meta name=\"twitter:data1\" content=\"1 minute\" \/>\n<script type=\"application\/ld+json\" class=\"yoast-schema-graph\">{\"@context\":\"https:\/\/schema.org\",\"@graph\":[{\"@type\":\"WebPage\",\"@id\":\"https:\/\/shop.verlag.uni-potsdam.de\/en\/shop\/regierungs-und-verwaltungshandeln-in-der-coronakrise\/\",\"url\":\"https:\/\/shop.verlag.uni-potsdam.de\/en\/shop\/regierungs-und-verwaltungshandeln-in-der-coronakrise\/\",\"name\":\"Regierungs- und Verwaltungshandeln in der Coronakrise - Universit\u00e4tsverlag Potsdam\",\"isPartOf\":{\"@id\":\"https:\/\/shop.verlag.uni-potsdam.de\/en\/#website\"},\"primaryImageOfPage\":{\"@id\":\"https:\/\/shop.verlag.uni-potsdam.de\/en\/shop\/regierungs-und-verwaltungshandeln-in-der-coronakrise\/#primaryimage\"},\"image\":{\"@id\":\"https:\/\/shop.verlag.uni-potsdam.de\/shop\/regierungs-und-verwaltungshandeln-in-der-coronakrise\/#primaryimage\"},\"thumbnailUrl\":\"https:\/\/shop.verlag.uni-potsdam.de\/wp-content\/uploads\/asolmerce\/image-978-3-86956-553-8.jpg\",\"datePublished\":\"2026-04-27T05:36:20+00:00\",\"dateModified\":\"2026-04-27T07:37:20+00:00\",\"breadcrumb\":{\"@id\":\"https:\/\/shop.verlag.uni-potsdam.de\/en\/shop\/regierungs-und-verwaltungshandeln-in-der-coronakrise\/#breadcrumb\"},\"inLanguage\":\"en-US\",\"potentialAction\":[{\"@type\":\"ReadAction\",\"target\":[[\"https:\/\/shop.verlag.uni-potsdam.de\/en\/shop\/regierungs-und-verwaltungshandeln-in-der-coronakrise\/\"]]}]},{\"@type\":\"ImageObject\",\"inLanguage\":\"en-US\",\"@id\":\"https:\/\/shop.verlag.uni-potsdam.de\/en\/shop\/regierungs-und-verwaltungshandeln-in-der-coronakrise\/#primaryimage\",\"url\":\"https:\/\/shop.verlag.uni-potsdam.de\/wp-content\/uploads\/asolmerce\/image-978-3-86956-553-8.jpg\",\"contentUrl\":\"https:\/\/shop.verlag.uni-potsdam.de\/wp-content\/uploads\/asolmerce\/image-978-3-86956-553-8.jpg\",\"width\":1814,\"height\":2560},{\"@type\":\"BreadcrumbList\",\"@id\":\"https:\/\/shop.verlag.uni-potsdam.de\/en\/shop\/regierungs-und-verwaltungshandeln-in-der-coronakrise\/#breadcrumb\",\"itemListElement\":[{\"@type\":\"ListItem\",\"position\":1,\"name\":\"Startseite\",\"item\":\"https:\/\/shop.verlag.uni-potsdam.de\/en\/\"},{\"@type\":\"ListItem\",\"position\":2,\"name\":\"Shop\",\"item\":\"https:\/\/shop.verlag.uni-potsdam.de\/en\/shop\/\"},{\"@type\":\"ListItem\",\"position\":3,\"name\":\"Regierungs- und Verwaltungshandeln in der Coronakrise\"}]},{\"@type\":\"WebSite\",\"@id\":\"https:\/\/shop.verlag.uni-potsdam.de\/en\/#website\",\"url\":\"https:\/\/shop.verlag.uni-potsdam.de\/en\/\",\"name\":\"Universit\u00e4tsverlag Potsdam\",\"description\":\"\",\"publisher\":{\"@id\":\"https:\/\/shop.verlag.uni-potsdam.de\/en\/#organization\"},\"potentialAction\":[{\"@type\":\"SearchAction\",\"target\":{\"@type\":\"EntryPoint\",\"urlTemplate\":\"https:\/\/shop.verlag.uni-potsdam.de\/en\/?s={search_term_string}\"},\"query-input\":{\"@type\":\"PropertyValueSpecification\",\"valueRequired\":true,\"valueName\":\"search_term_string\"}}],\"inLanguage\":\"en-US\"},{\"@type\":\"Organization\",\"@id\":\"https:\/\/shop.verlag.uni-potsdam.de\/en\/#organization\",\"name\":\"Universit\u00e4tsverlag Potsdam\",\"url\":\"https:\/\/shop.verlag.uni-potsdam.de\/en\/\",\"logo\":{\"@type\":\"ImageObject\",\"inLanguage\":\"en-US\",\"@id\":\"https:\/\/shop.verlag.uni-potsdam.de\/en\/#\/schema\/logo\/image\/\",\"url\":\"https:\/\/shop.verlag.uni-potsdam.de\/wp-content\/uploads\/2017\/04\/up_logo_university_2.png\",\"contentUrl\":\"https:\/\/shop.verlag.uni-potsdam.de\/wp-content\/uploads\/2017\/04\/up_logo_university_2.png\",\"width\":160,\"height\":172,\"caption\":\"Universit\u00e4tsverlag Potsdam\"},\"image\":{\"@id\":\"https:\/\/shop.verlag.uni-potsdam.de\/en\/#\/schema\/logo\/image\/\"}}]}<\/script>\n<!-- \/ Yoast SEO plugin. -->","yoast_head_json":{"title":"Regierungs- und Verwaltungshandeln in der Coronakrise - Universit\u00e4tsverlag Potsdam","robots":{"index":"index","follow":"follow","max-snippet":"max-snippet:-1","max-image-preview":"max-image-preview:large","max-video-preview":"max-video-preview:-1"},"canonical":"https:\/\/shop.verlag.uni-potsdam.de\/en\/shop\/regierungs-und-verwaltungshandeln-in-der-coronakrise\/","og_locale":"en_US","og_type":"article","og_title":"Regierungs- und Verwaltungshandeln in der Coronakrise - Universit\u00e4tsverlag Potsdam","og_description":"Die Coronapandemie hat die zentrale Rolle von Staat und Verwaltung f\u00fcr die Krisenbew\u00e4ltigung deutlich gemacht sowie ins Zentrum wissenschaftlicher und \u00f6ffentlicher Aufmerksamkeit ger\u00fcckt. Das intergouvernementale Pandemiemanagement, das Zusammenwirken verschiedener Politik- und Verwaltungsebenen im f\u00f6deralen Staat und die Einbringung wissenschaftlicher Expertise haben sich in der Pandemie als entscheidende institutionelle Stellschrauben erwiesen. Zugleich sind erhebliche Schwachstellen und Engp\u00e4sse zu Tage getreten, die teilweise zu institutioneller \u00dcberforderung, Reibungsverlusten, Koordinationsschw\u00e4chen oder gar Institutionenversagen gef\u00fchrt haben. Beklagt wurden zudem Ma\u00dfnahmenpakete und Entscheidungsoutputs, die hinsichtlich ihrer Evidenz- und Wissensbasis teils umstritten waren und in ihrem Zustandekommen hinreichende Legitimation, Zurechenbarkeit, Nachvollziehbarkeit und Transparenz vermissen lie\u00dfen. Der seit M\u00e4rz 2020 andauernde Krisenzustand hat einen neuartigen, vom bisherigen Normalzustand stark abweichenden Modus des Regierens und des Verwaltungsmanagements in Deutschland geschaffen. In diesem Bereich herrscht weiterhin ein erheblicher politik- und verwaltungswissenschaftlicher Forschungsbedarf, zu dessen Befriedigung diese Studie beitragen soll.","og_url":"https:\/\/shop.verlag.uni-potsdam.de\/en\/shop\/regierungs-und-verwaltungshandeln-in-der-coronakrise\/","og_site_name":"Universit\u00e4tsverlag Potsdam","article_modified_time":"2026-04-27T07:37:20+00:00","og_image":[{"width":1814,"height":2560,"url":"https:\/\/shop.verlag.uni-potsdam.de\/wp-content\/uploads\/asolmerce\/image-978-3-86956-553-8.jpg","type":"image\/jpeg"}],"twitter_card":"summary_large_image","twitter_misc":{"Est. reading time":"1 minute"},"schema":{"@context":"https:\/\/schema.org","@graph":[{"@type":"WebPage","@id":"https:\/\/shop.verlag.uni-potsdam.de\/en\/shop\/regierungs-und-verwaltungshandeln-in-der-coronakrise\/","url":"https:\/\/shop.verlag.uni-potsdam.de\/en\/shop\/regierungs-und-verwaltungshandeln-in-der-coronakrise\/","name":"Regierungs- und Verwaltungshandeln in der Coronakrise - Universit\u00e4tsverlag Potsdam","isPartOf":{"@id":"https:\/\/shop.verlag.uni-potsdam.de\/en\/#website"},"primaryImageOfPage":{"@id":"https:\/\/shop.verlag.uni-potsdam.de\/en\/shop\/regierungs-und-verwaltungshandeln-in-der-coronakrise\/#primaryimage"},"image":{"@id":"https:\/\/shop.verlag.uni-potsdam.de\/shop\/regierungs-und-verwaltungshandeln-in-der-coronakrise\/#primaryimage"},"thumbnailUrl":"https:\/\/shop.verlag.uni-potsdam.de\/wp-content\/uploads\/asolmerce\/image-978-3-86956-553-8.jpg","datePublished":"2026-04-27T05:36:20+00:00","dateModified":"2026-04-27T07:37:20+00:00","breadcrumb":{"@id":"https:\/\/shop.verlag.uni-potsdam.de\/en\/shop\/regierungs-und-verwaltungshandeln-in-der-coronakrise\/#breadcrumb"},"inLanguage":"en-US","potentialAction":[{"@type":"ReadAction","target":[["https:\/\/shop.verlag.uni-potsdam.de\/en\/shop\/regierungs-und-verwaltungshandeln-in-der-coronakrise\/"]]}]},{"@type":"ImageObject","inLanguage":"en-US","@id":"https:\/\/shop.verlag.uni-potsdam.de\/en\/shop\/regierungs-und-verwaltungshandeln-in-der-coronakrise\/#primaryimage","url":"https:\/\/shop.verlag.uni-potsdam.de\/wp-content\/uploads\/asolmerce\/image-978-3-86956-553-8.jpg","contentUrl":"https:\/\/shop.verlag.uni-potsdam.de\/wp-content\/uploads\/asolmerce\/image-978-3-86956-553-8.jpg","width":1814,"height":2560},{"@type":"BreadcrumbList","@id":"https:\/\/shop.verlag.uni-potsdam.de\/en\/shop\/regierungs-und-verwaltungshandeln-in-der-coronakrise\/#breadcrumb","itemListElement":[{"@type":"ListItem","position":1,"name":"Startseite","item":"https:\/\/shop.verlag.uni-potsdam.de\/en\/"},{"@type":"ListItem","position":2,"name":"Shop","item":"https:\/\/shop.verlag.uni-potsdam.de\/en\/shop\/"},{"@type":"ListItem","position":3,"name":"Regierungs- und Verwaltungshandeln in der Coronakrise"}]},{"@type":"WebSite","@id":"https:\/\/shop.verlag.uni-potsdam.de\/en\/#website","url":"https:\/\/shop.verlag.uni-potsdam.de\/en\/","name":"Universit\u00e4tsverlag Potsdam","description":"","publisher":{"@id":"https:\/\/shop.verlag.uni-potsdam.de\/en\/#organization"},"potentialAction":[{"@type":"SearchAction","target":{"@type":"EntryPoint","urlTemplate":"https:\/\/shop.verlag.uni-potsdam.de\/en\/?s={search_term_string}"},"query-input":{"@type":"PropertyValueSpecification","valueRequired":true,"valueName":"search_term_string"}}],"inLanguage":"en-US"},{"@type":"Organization","@id":"https:\/\/shop.verlag.uni-potsdam.de\/en\/#organization","name":"Universit\u00e4tsverlag Potsdam","url":"https:\/\/shop.verlag.uni-potsdam.de\/en\/","logo":{"@type":"ImageObject","inLanguage":"en-US","@id":"https:\/\/shop.verlag.uni-potsdam.de\/en\/#\/schema\/logo\/image\/","url":"https:\/\/shop.verlag.uni-potsdam.de\/wp-content\/uploads\/2017\/04\/up_logo_university_2.png","contentUrl":"https:\/\/shop.verlag.uni-potsdam.de\/wp-content\/uploads\/2017\/04\/up_logo_university_2.png","width":160,"height":172,"caption":"Universit\u00e4tsverlag Potsdam"},"image":{"@id":"https:\/\/shop.verlag.uni-potsdam.de\/en\/#\/schema\/logo\/image\/"}}]}},"_links":{"self":[{"href":"https:\/\/shop.verlag.uni-potsdam.de\/en\/wp-json\/wp\/v2\/product\/74085","targetHints":{"allow":["GET"]}}],"collection":[{"href":"https:\/\/shop.verlag.uni-potsdam.de\/en\/wp-json\/wp\/v2\/product"}],"about":[{"href":"https:\/\/shop.verlag.uni-potsdam.de\/en\/wp-json\/wp\/v2\/types\/product"}],"wp:featuredmedia":[{"embeddable":true,"href":"https:\/\/shop.verlag.uni-potsdam.de\/en\/wp-json\/wp\/v2\/media\/74139"}],"wp:attachment":[{"href":"https:\/\/shop.verlag.uni-potsdam.de\/en\/wp-json\/wp\/v2\/media?parent=74085"}],"wp:term":[{"taxonomy":"product_brand","embeddable":true,"href":"https:\/\/shop.verlag.uni-potsdam.de\/en\/wp-json\/wp\/v2\/product_brand?post=74085"},{"taxonomy":"product_cat","embeddable":true,"href":"https:\/\/shop.verlag.uni-potsdam.de\/en\/wp-json\/wp\/v2\/product_cat?post=74085"},{"taxonomy":"product_tag","embeddable":true,"href":"https:\/\/shop.verlag.uni-potsdam.de\/en\/wp-json\/wp\/v2\/product_tag?post=74085"}],"curies":[{"name":"wp","href":"https:\/\/api.w.org\/{rel}","templated":true}]}}