{"id":74088,"date":"2026-03-23T08:55:33","date_gmt":"2026-03-23T08:55:33","guid":{"rendered":"https:\/\/shop.verlag.uni-potsdam.de\/shop\/empty-product-container-2\/"},"modified":"2026-03-23T11:56:33","modified_gmt":"2026-03-23T10:56:33","slug":"schulgartenarbeit-als-bildung-fuer-nachhaltige-entwicklung","status":"publish","type":"product","link":"https:\/\/shop.verlag.uni-potsdam.de\/en\/shop\/schulgartenarbeit-als-bildung-fuer-nachhaltige-entwicklung\/","title":{"rendered":"Schulgartenarbeit als Bildung f\u00fcr nachhaltige Entwicklung"},"content":{"rendered":"<p class=\"qtranxs-available-languages-message qtranxs-available-languages-message-en\">Sorry, this entry is only available in <a href=\"https:\/\/shop.verlag.uni-potsdam.de\/de\/wp-json\/wp\/v2\/product\/74088\" class=\"qtranxs-available-language-link qtranxs-available-language-link-de\" title=\"Deutsch\">Deutsch<\/a>.<\/p><p>Ein ma\u00dfvoller Umgang mit der Natur scheint [\u2026] nur m\u00f6glich zu sein, wenn man eine Beziehung zu ihr aufbauen kann. (Wittkowske, 2001, S. 87)<\/p>\n<p>Lehrkr\u00e4fte sind aktuell in der Verantwortung, die Bildung f\u00fcr nachhaltige Entwicklung umfassend und lerngerecht in den Unterricht ihrer F\u00e4cher zu implementieren. In der Grundschulbildung betrifft dies in besonderem Ma\u00df Lehrkr\u00e4fte des Sachunterrichts und dessen Bezugsf\u00e4cher, da sich im Sachunterricht als Ankerfach der Grundschule vielseitige Gelegenheiten bieten die Bildung f\u00fcr nachhaltige Entwicklung einzubinden. Eine dieser Gelegenheiten ist die Schulgartenarbeit, vorausgesetzt, diese erf\u00e4hrt eine entsprechende konzeptionelle Ausrichtung. Diese Neuausrichtung wird im Rahmen dieses Bandes vollzogen.<\/p>\n<p>Der auf die schulische Praxis ausgerichtete Band 2 der Potsdamer Beitr\u00e4ge zur Innovation des Sachunterrichts richtet sich an alle Lehrkr\u00e4fte des Sachunterrichts und dessen Bezugsf\u00e4cher. Der Band stellt den Lehrkr\u00e4ften ein Instrumentarium zur Verf\u00fcgung, welches die realpraktische Lernt\u00e4tigkeit der Kinder unter Beachtung der Ziele, der Dimensionen und der Kompetenzerwartungen der Bildung f\u00fcr nachhaltige Entwicklung im Schulgarten als Lerninhalt und Lernort des Sachunterrichts sicherstellt. Dazu werden theoretische Grundlagen sowohl von Schulg\u00e4rten als auch der Bildung f\u00fcr nachhaltige Entwicklung dargelegt und mit verschiedenen Schulgartentypen in Verbindung gesetzt, bevor aufbauend auf diesen Betrachtungen das Konzept des bildenden Nachhaltigkeitsgartens abgeleitet wird.<\/p>","protected":false},"excerpt":{"rendered":"<p class=\"qtranxs-available-languages-message qtranxs-available-languages-message-en\">Sorry, this entry is only available in <a href=\"https:\/\/shop.verlag.uni-potsdam.de\/de\/wp-json\/wp\/v2\/product\/74088\" class=\"qtranxs-available-language-link qtranxs-available-language-link-de\" title=\"Deutsch\">Deutsch<\/a>.<\/p>\n<p>Ein ma\u00dfvoller Umgang mit der Natur scheint [\u2026] nur m\u00f6glich zu sein, wenn man eine Beziehung zu ihr aufbauen kann. (Wittkowske, 2001, S. 87)<\/p>\n<p>Lehrkr\u00e4fte sind aktuell in der Verantwortung, die Bildung f\u00fcr nachhaltige Entwicklung umfassend und lerngerecht in den Unterricht ihrer F\u00e4cher zu implementieren. In der Grundschulbildung betrifft dies in besonderem Ma\u00df Lehrkr\u00e4fte des Sachunterrichts und dessen Bezugsf\u00e4cher, da sich im Sachunterricht als Ankerfach der Grundschule vielseitige Gelegenheiten bieten die Bildung f\u00fcr nachhaltige Entwicklung einzubinden. Eine dieser Gelegenheiten ist die Schulgartenarbeit, vorausgesetzt, diese erf\u00e4hrt eine entsprechende konzeptionelle Ausrichtung. Diese Neuausrichtung wird im Rahmen dieses Bandes vollzogen.<\/p>\n<p>Der auf die schulische Praxis ausgerichtete Band 2 der Potsdamer Beitr\u00e4ge zur Innovation des Sachunterrichts richtet sich an alle Lehrkr\u00e4fte des Sachunterrichts und dessen Bezugsf\u00e4cher. Der Band stellt den Lehrkr\u00e4ften ein Instrumentarium zur Verf\u00fcgung, welches die realpraktische Lernt\u00e4tigkeit der Kinder unter Beachtung der Ziele, der Dimensionen und der Kompetenzerwartungen der Bildung f\u00fcr nachhaltige Entwicklung im Schulgarten als Lerninhalt und Lernort des Sachunterrichts sicherstellt. Dazu werden theoretische Grundlagen sowohl von Schulg\u00e4rten als auch der Bildung f\u00fcr nachhaltige Entwicklung dargelegt und mit verschiedenen Schulgartentypen in Verbindung gesetzt, bevor aufbauend auf diesen Betrachtungen das Konzept des bildenden Nachhaltigkeitsgartens abgeleitet wird.<\/p>\n","protected":false},"featured_media":74142,"template":"","meta":{"_acf_changed":false},"product_brand":[],"product_cat":[6220],"product_tag":[6489],"class_list":{"0":"post-74088","1":"product","2":"type-product","3":"status-publish","4":"has-post-thumbnail","6":"product_cat-paedagogik-web-kategorie","7":"product_tag-bne-bildung-fuer-nachhaltige-entwicklung-sachunterricht-schulgartenarbeit-ausserschulischer-lernort","8":"autor-bjoern-egbert","9":"autor-julius-erdmann","10":"autor-lisa-nitsch","12":"first","13":"instock","14":"shipping-taxable","15":"purchasable","16":"product-type-simple"},"acf":[],"yoast_head":"<!-- This site is optimized with the Yoast SEO plugin v27.1.1 - https:\/\/yoast.com\/product\/yoast-seo-wordpress\/ -->\n<title>Schulgartenarbeit als Bildung f\u00fcr nachhaltige Entwicklung - Universit\u00e4tsverlag Potsdam<\/title>\n<meta name=\"robots\" content=\"index, follow, max-snippet:-1, max-image-preview:large, max-video-preview:-1\" \/>\n<link rel=\"canonical\" href=\"https:\/\/shop.verlag.uni-potsdam.de\/en\/shop\/schulgartenarbeit-als-bildung-fuer-nachhaltige-entwicklung\/\" \/>\n<meta property=\"og:locale\" content=\"en_US\" \/>\n<meta property=\"og:type\" content=\"article\" \/>\n<meta property=\"og:title\" content=\"Schulgartenarbeit als Bildung f\u00fcr nachhaltige Entwicklung - Universit\u00e4tsverlag Potsdam\" \/>\n<meta property=\"og:description\" content=\"Ein ma\u00dfvoller Umgang mit der Natur scheint [\u2026] nur m\u00f6glich zu sein, wenn man eine Beziehung zu ihr aufbauen kann. (Wittkowske, 2001, S. 87)Lehrkr\u00e4fte sind aktuell in der Verantwortung, die Bildung f\u00fcr nachhaltige Entwicklung umfassend und lerngerecht in den Unterricht ihrer F\u00e4cher zu implementieren. In der Grundschulbildung betrifft dies in besonderem Ma\u00df Lehrkr\u00e4fte des Sachunterrichts und dessen Bezugsf\u00e4cher, da sich im Sachunterricht als Ankerfach der Grundschule vielseitige Gelegenheiten bieten die Bildung f\u00fcr nachhaltige Entwicklung einzubinden. Eine dieser Gelegenheiten ist die Schulgartenarbeit, vorausgesetzt, diese erf\u00e4hrt eine entsprechende konzeptionelle Ausrichtung. Diese Neuausrichtung wird im Rahmen dieses Bandes vollzogen.Der auf die schulische Praxis ausgerichtete Band 2 der Potsdamer Beitr\u00e4ge zur Innovation des Sachunterrichts richtet sich an alle Lehrkr\u00e4fte des Sachunterrichts und dessen Bezugsf\u00e4cher. Der Band stellt den Lehrkr\u00e4ften ein Instrumentarium zur Verf\u00fcgung, welches die realpraktische Lernt\u00e4tigkeit der Kinder unter Beachtung der Ziele, der Dimensionen und der Kompetenzerwartungen der Bildung f\u00fcr nachhaltige Entwicklung im Schulgarten als Lerninhalt und Lernort des Sachunterrichts sicherstellt. Dazu werden theoretische Grundlagen sowohl von Schulg\u00e4rten als auch der Bildung f\u00fcr nachhaltige Entwicklung dargelegt und mit verschiedenen Schulgartentypen in Verbindung gesetzt, bevor aufbauend auf diesen Betrachtungen das Konzept des bildenden Nachhaltigkeitsgartens abgeleitet wird.\" \/>\n<meta property=\"og:url\" content=\"https:\/\/shop.verlag.uni-potsdam.de\/en\/shop\/schulgartenarbeit-als-bildung-fuer-nachhaltige-entwicklung\/\" \/>\n<meta property=\"og:site_name\" content=\"Universit\u00e4tsverlag Potsdam\" \/>\n<meta property=\"article:modified_time\" content=\"2026-03-23T10:56:33+00:00\" \/>\n<meta property=\"og:image\" content=\"https:\/\/shop.verlag.uni-potsdam.de\/wp-content\/uploads\/asolmerce\/image-978-3-86956-554-5.jpg\" \/>\n\t<meta property=\"og:image:width\" content=\"1813\" \/>\n\t<meta property=\"og:image:height\" content=\"2560\" \/>\n\t<meta property=\"og:image:type\" content=\"image\/jpeg\" \/>\n<meta name=\"twitter:card\" content=\"summary_large_image\" \/>\n<meta name=\"twitter:label1\" content=\"Est. reading time\" \/>\n\t<meta name=\"twitter:data1\" content=\"1 minute\" \/>\n<script type=\"application\/ld+json\" class=\"yoast-schema-graph\">{\"@context\":\"https:\/\/schema.org\",\"@graph\":[{\"@type\":\"WebPage\",\"@id\":\"https:\/\/shop.verlag.uni-potsdam.de\/en\/shop\/schulgartenarbeit-als-bildung-fuer-nachhaltige-entwicklung\/\",\"url\":\"https:\/\/shop.verlag.uni-potsdam.de\/en\/shop\/schulgartenarbeit-als-bildung-fuer-nachhaltige-entwicklung\/\",\"name\":\"Schulgartenarbeit als Bildung f\u00fcr nachhaltige Entwicklung - Universit\u00e4tsverlag Potsdam\",\"isPartOf\":{\"@id\":\"https:\/\/shop.verlag.uni-potsdam.de\/en\/#website\"},\"primaryImageOfPage\":{\"@id\":\"https:\/\/shop.verlag.uni-potsdam.de\/en\/shop\/schulgartenarbeit-als-bildung-fuer-nachhaltige-entwicklung\/#primaryimage\"},\"image\":{\"@id\":\"https:\/\/shop.verlag.uni-potsdam.de\/shop\/schulgartenarbeit-als-bildung-fuer-nachhaltige-entwicklung\/#primaryimage\"},\"thumbnailUrl\":\"https:\/\/shop.verlag.uni-potsdam.de\/wp-content\/uploads\/asolmerce\/image-978-3-86956-554-5.jpg\",\"datePublished\":\"2026-03-23T08:55:33+00:00\",\"dateModified\":\"2026-03-23T10:56:33+00:00\",\"breadcrumb\":{\"@id\":\"https:\/\/shop.verlag.uni-potsdam.de\/en\/shop\/schulgartenarbeit-als-bildung-fuer-nachhaltige-entwicklung\/#breadcrumb\"},\"inLanguage\":\"en-US\",\"potentialAction\":[{\"@type\":\"ReadAction\",\"target\":[[\"https:\/\/shop.verlag.uni-potsdam.de\/en\/shop\/schulgartenarbeit-als-bildung-fuer-nachhaltige-entwicklung\/\"]]}]},{\"@type\":\"ImageObject\",\"inLanguage\":\"en-US\",\"@id\":\"https:\/\/shop.verlag.uni-potsdam.de\/en\/shop\/schulgartenarbeit-als-bildung-fuer-nachhaltige-entwicklung\/#primaryimage\",\"url\":\"https:\/\/shop.verlag.uni-potsdam.de\/wp-content\/uploads\/asolmerce\/image-978-3-86956-554-5.jpg\",\"contentUrl\":\"https:\/\/shop.verlag.uni-potsdam.de\/wp-content\/uploads\/asolmerce\/image-978-3-86956-554-5.jpg\",\"width\":1813,\"height\":2560},{\"@type\":\"BreadcrumbList\",\"@id\":\"https:\/\/shop.verlag.uni-potsdam.de\/en\/shop\/schulgartenarbeit-als-bildung-fuer-nachhaltige-entwicklung\/#breadcrumb\",\"itemListElement\":[{\"@type\":\"ListItem\",\"position\":1,\"name\":\"Startseite\",\"item\":\"https:\/\/shop.verlag.uni-potsdam.de\/en\/\"},{\"@type\":\"ListItem\",\"position\":2,\"name\":\"Shop\",\"item\":\"https:\/\/shop.verlag.uni-potsdam.de\/en\/shop\/\"},{\"@type\":\"ListItem\",\"position\":3,\"name\":\"Schulgartenarbeit als Bildung f\u00fcr nachhaltige Entwicklung\"}]},{\"@type\":\"WebSite\",\"@id\":\"https:\/\/shop.verlag.uni-potsdam.de\/en\/#website\",\"url\":\"https:\/\/shop.verlag.uni-potsdam.de\/en\/\",\"name\":\"Universit\u00e4tsverlag Potsdam\",\"description\":\"\",\"publisher\":{\"@id\":\"https:\/\/shop.verlag.uni-potsdam.de\/en\/#organization\"},\"potentialAction\":[{\"@type\":\"SearchAction\",\"target\":{\"@type\":\"EntryPoint\",\"urlTemplate\":\"https:\/\/shop.verlag.uni-potsdam.de\/en\/?s={search_term_string}\"},\"query-input\":{\"@type\":\"PropertyValueSpecification\",\"valueRequired\":true,\"valueName\":\"search_term_string\"}}],\"inLanguage\":\"en-US\"},{\"@type\":\"Organization\",\"@id\":\"https:\/\/shop.verlag.uni-potsdam.de\/en\/#organization\",\"name\":\"Universit\u00e4tsverlag Potsdam\",\"url\":\"https:\/\/shop.verlag.uni-potsdam.de\/en\/\",\"logo\":{\"@type\":\"ImageObject\",\"inLanguage\":\"en-US\",\"@id\":\"https:\/\/shop.verlag.uni-potsdam.de\/en\/#\/schema\/logo\/image\/\",\"url\":\"https:\/\/shop.verlag.uni-potsdam.de\/wp-content\/uploads\/2017\/04\/up_logo_university_2.png\",\"contentUrl\":\"https:\/\/shop.verlag.uni-potsdam.de\/wp-content\/uploads\/2017\/04\/up_logo_university_2.png\",\"width\":160,\"height\":172,\"caption\":\"Universit\u00e4tsverlag Potsdam\"},\"image\":{\"@id\":\"https:\/\/shop.verlag.uni-potsdam.de\/en\/#\/schema\/logo\/image\/\"}}]}<\/script>\n<!-- \/ Yoast SEO plugin. -->","yoast_head_json":{"title":"Schulgartenarbeit als Bildung f\u00fcr nachhaltige Entwicklung - Universit\u00e4tsverlag Potsdam","robots":{"index":"index","follow":"follow","max-snippet":"max-snippet:-1","max-image-preview":"max-image-preview:large","max-video-preview":"max-video-preview:-1"},"canonical":"https:\/\/shop.verlag.uni-potsdam.de\/en\/shop\/schulgartenarbeit-als-bildung-fuer-nachhaltige-entwicklung\/","og_locale":"en_US","og_type":"article","og_title":"Schulgartenarbeit als Bildung f\u00fcr nachhaltige Entwicklung - Universit\u00e4tsverlag Potsdam","og_description":"Ein ma\u00dfvoller Umgang mit der Natur scheint [\u2026] nur m\u00f6glich zu sein, wenn man eine Beziehung zu ihr aufbauen kann. (Wittkowske, 2001, S. 87)Lehrkr\u00e4fte sind aktuell in der Verantwortung, die Bildung f\u00fcr nachhaltige Entwicklung umfassend und lerngerecht in den Unterricht ihrer F\u00e4cher zu implementieren. In der Grundschulbildung betrifft dies in besonderem Ma\u00df Lehrkr\u00e4fte des Sachunterrichts und dessen Bezugsf\u00e4cher, da sich im Sachunterricht als Ankerfach der Grundschule vielseitige Gelegenheiten bieten die Bildung f\u00fcr nachhaltige Entwicklung einzubinden. Eine dieser Gelegenheiten ist die Schulgartenarbeit, vorausgesetzt, diese erf\u00e4hrt eine entsprechende konzeptionelle Ausrichtung. Diese Neuausrichtung wird im Rahmen dieses Bandes vollzogen.Der auf die schulische Praxis ausgerichtete Band 2 der Potsdamer Beitr\u00e4ge zur Innovation des Sachunterrichts richtet sich an alle Lehrkr\u00e4fte des Sachunterrichts und dessen Bezugsf\u00e4cher. Der Band stellt den Lehrkr\u00e4ften ein Instrumentarium zur Verf\u00fcgung, welches die realpraktische Lernt\u00e4tigkeit der Kinder unter Beachtung der Ziele, der Dimensionen und der Kompetenzerwartungen der Bildung f\u00fcr nachhaltige Entwicklung im Schulgarten als Lerninhalt und Lernort des Sachunterrichts sicherstellt. Dazu werden theoretische Grundlagen sowohl von Schulg\u00e4rten als auch der Bildung f\u00fcr nachhaltige Entwicklung dargelegt und mit verschiedenen Schulgartentypen in Verbindung gesetzt, bevor aufbauend auf diesen Betrachtungen das Konzept des bildenden Nachhaltigkeitsgartens abgeleitet wird.","og_url":"https:\/\/shop.verlag.uni-potsdam.de\/en\/shop\/schulgartenarbeit-als-bildung-fuer-nachhaltige-entwicklung\/","og_site_name":"Universit\u00e4tsverlag Potsdam","article_modified_time":"2026-03-23T10:56:33+00:00","og_image":[{"width":1813,"height":2560,"url":"https:\/\/shop.verlag.uni-potsdam.de\/wp-content\/uploads\/asolmerce\/image-978-3-86956-554-5.jpg","type":"image\/jpeg"}],"twitter_card":"summary_large_image","twitter_misc":{"Est. reading time":"1 minute"},"schema":{"@context":"https:\/\/schema.org","@graph":[{"@type":"WebPage","@id":"https:\/\/shop.verlag.uni-potsdam.de\/en\/shop\/schulgartenarbeit-als-bildung-fuer-nachhaltige-entwicklung\/","url":"https:\/\/shop.verlag.uni-potsdam.de\/en\/shop\/schulgartenarbeit-als-bildung-fuer-nachhaltige-entwicklung\/","name":"Schulgartenarbeit als Bildung f\u00fcr nachhaltige Entwicklung - Universit\u00e4tsverlag Potsdam","isPartOf":{"@id":"https:\/\/shop.verlag.uni-potsdam.de\/en\/#website"},"primaryImageOfPage":{"@id":"https:\/\/shop.verlag.uni-potsdam.de\/en\/shop\/schulgartenarbeit-als-bildung-fuer-nachhaltige-entwicklung\/#primaryimage"},"image":{"@id":"https:\/\/shop.verlag.uni-potsdam.de\/shop\/schulgartenarbeit-als-bildung-fuer-nachhaltige-entwicklung\/#primaryimage"},"thumbnailUrl":"https:\/\/shop.verlag.uni-potsdam.de\/wp-content\/uploads\/asolmerce\/image-978-3-86956-554-5.jpg","datePublished":"2026-03-23T08:55:33+00:00","dateModified":"2026-03-23T10:56:33+00:00","breadcrumb":{"@id":"https:\/\/shop.verlag.uni-potsdam.de\/en\/shop\/schulgartenarbeit-als-bildung-fuer-nachhaltige-entwicklung\/#breadcrumb"},"inLanguage":"en-US","potentialAction":[{"@type":"ReadAction","target":[["https:\/\/shop.verlag.uni-potsdam.de\/en\/shop\/schulgartenarbeit-als-bildung-fuer-nachhaltige-entwicklung\/"]]}]},{"@type":"ImageObject","inLanguage":"en-US","@id":"https:\/\/shop.verlag.uni-potsdam.de\/en\/shop\/schulgartenarbeit-als-bildung-fuer-nachhaltige-entwicklung\/#primaryimage","url":"https:\/\/shop.verlag.uni-potsdam.de\/wp-content\/uploads\/asolmerce\/image-978-3-86956-554-5.jpg","contentUrl":"https:\/\/shop.verlag.uni-potsdam.de\/wp-content\/uploads\/asolmerce\/image-978-3-86956-554-5.jpg","width":1813,"height":2560},{"@type":"BreadcrumbList","@id":"https:\/\/shop.verlag.uni-potsdam.de\/en\/shop\/schulgartenarbeit-als-bildung-fuer-nachhaltige-entwicklung\/#breadcrumb","itemListElement":[{"@type":"ListItem","position":1,"name":"Startseite","item":"https:\/\/shop.verlag.uni-potsdam.de\/en\/"},{"@type":"ListItem","position":2,"name":"Shop","item":"https:\/\/shop.verlag.uni-potsdam.de\/en\/shop\/"},{"@type":"ListItem","position":3,"name":"Schulgartenarbeit als Bildung f\u00fcr nachhaltige Entwicklung"}]},{"@type":"WebSite","@id":"https:\/\/shop.verlag.uni-potsdam.de\/en\/#website","url":"https:\/\/shop.verlag.uni-potsdam.de\/en\/","name":"Universit\u00e4tsverlag Potsdam","description":"","publisher":{"@id":"https:\/\/shop.verlag.uni-potsdam.de\/en\/#organization"},"potentialAction":[{"@type":"SearchAction","target":{"@type":"EntryPoint","urlTemplate":"https:\/\/shop.verlag.uni-potsdam.de\/en\/?s={search_term_string}"},"query-input":{"@type":"PropertyValueSpecification","valueRequired":true,"valueName":"search_term_string"}}],"inLanguage":"en-US"},{"@type":"Organization","@id":"https:\/\/shop.verlag.uni-potsdam.de\/en\/#organization","name":"Universit\u00e4tsverlag Potsdam","url":"https:\/\/shop.verlag.uni-potsdam.de\/en\/","logo":{"@type":"ImageObject","inLanguage":"en-US","@id":"https:\/\/shop.verlag.uni-potsdam.de\/en\/#\/schema\/logo\/image\/","url":"https:\/\/shop.verlag.uni-potsdam.de\/wp-content\/uploads\/2017\/04\/up_logo_university_2.png","contentUrl":"https:\/\/shop.verlag.uni-potsdam.de\/wp-content\/uploads\/2017\/04\/up_logo_university_2.png","width":160,"height":172,"caption":"Universit\u00e4tsverlag Potsdam"},"image":{"@id":"https:\/\/shop.verlag.uni-potsdam.de\/en\/#\/schema\/logo\/image\/"}}]}},"_links":{"self":[{"href":"https:\/\/shop.verlag.uni-potsdam.de\/en\/wp-json\/wp\/v2\/product\/74088","targetHints":{"allow":["GET"]}}],"collection":[{"href":"https:\/\/shop.verlag.uni-potsdam.de\/en\/wp-json\/wp\/v2\/product"}],"about":[{"href":"https:\/\/shop.verlag.uni-potsdam.de\/en\/wp-json\/wp\/v2\/types\/product"}],"wp:featuredmedia":[{"embeddable":true,"href":"https:\/\/shop.verlag.uni-potsdam.de\/en\/wp-json\/wp\/v2\/media\/74142"}],"wp:attachment":[{"href":"https:\/\/shop.verlag.uni-potsdam.de\/en\/wp-json\/wp\/v2\/media?parent=74088"}],"wp:term":[{"taxonomy":"product_brand","embeddable":true,"href":"https:\/\/shop.verlag.uni-potsdam.de\/en\/wp-json\/wp\/v2\/product_brand?post=74088"},{"taxonomy":"product_cat","embeddable":true,"href":"https:\/\/shop.verlag.uni-potsdam.de\/en\/wp-json\/wp\/v2\/product_cat?post=74088"},{"taxonomy":"product_tag","embeddable":true,"href":"https:\/\/shop.verlag.uni-potsdam.de\/en\/wp-json\/wp\/v2\/product_tag?post=74088"}],"curies":[{"name":"wp","href":"https:\/\/api.w.org\/{rel}","templated":true}]}}