{"id":74158,"date":"2026-04-21T12:35:23","date_gmt":"2026-04-21T12:35:23","guid":{"rendered":"https:\/\/shop.verlag.uni-potsdam.de\/shop\/empty-product-container-2\/"},"modified":"2026-04-21T16:36:23","modified_gmt":"2026-04-21T14:36:23","slug":"aktuelle-rechtsfragen-des-ortsteilrechts-in-brandenburg-ebook","status":"publish","type":"product","link":"https:\/\/shop.verlag.uni-potsdam.de\/en\/shop\/aktuelle-rechtsfragen-des-ortsteilrechts-in-brandenburg-ebook\/","title":{"rendered":"Aktuelle Rechtsfragen des Ortsteilrechts in Brandenburg"},"content":{"rendered":"<p class=\"qtranxs-available-languages-message qtranxs-available-languages-message-en\">Sorry, this entry is only available in <a href=\"https:\/\/shop.verlag.uni-potsdam.de\/de\/wp-json\/wp\/v2\/product\/74158\" class=\"qtranxs-available-language-link qtranxs-available-language-link-de\" title=\"Deutsch\">Deutsch<\/a>.<\/p><p>Ortsteile als Untergliederungen der Gemeinden sind nicht nur f\u00fcr das Identit\u00e4tsverst\u00e4ndnis der lokalen Gemeinschaft bedeutsam, sondern auch f\u00fcr das Demokratieprinzip und die Verwirklichung der Ziele der Gebietsreform. Die Bildung von Ortsteilen unterliegt bestimmten gesetzlichen Voraussetzungen. Dabei sind drei verschiedene Ausgestaltungen m\u00f6glich: Ortsteile ohne Vertretung, Ortsteile mit Ortsbeirat und Ortsvorsteher sowie Ortsteile mit isoliertem Ortsvorsteher. Die gew\u00e4hlte Form der Ortsteilvertretung hat Auswirkungen darauf, in welchem Umfang die \u00f6rtliche Expertise in gemeindliche Entscheidungsprozesse einflie\u00dfen kann und welche Entscheidungen vor Ort getroffen werden k\u00f6nnen. Dabei ist zwischen der Verpflichtung, die Ortsvertretung in bestimmten Konstellationen anzuh\u00f6ren, dem Antragsrecht der Ortsvertretung und der Entscheidungsbefugnis des Ortsbeirates zu differenzieren. Die Abgrenzung dieser organschaftlichen Rechte und ihr Umfang sind in der kommunalen Praxis konflikttr\u00e4chtig. F\u00fcr die M\u00f6glichkeiten der Ortsvertretungen, das lokale Zusammenleben zu gestalten, ist weiterhin das (mittlerweile) obligatorische Ortsteilbudget relevant, das Gegenstand der Reform der Kommunalverfassung im Juni 2021 war. Die Verwirklichung dieser materiellrechtlichen Positionen h\u00e4ngt von ihrer prozessualen Durchsetzbarkeit ab. In der Praxis rankt sich h\u00e4ufig Streit darum, ob Eingemeindungsvertr\u00e4ge und die in ihnen get\u00e4tigten Versprechen (noch) verbindlich sind. Diejenigen, die als Mitglieder des Ortsbeirates bzw. als Ortsvorsteher der \u00f6rtlichen Gemeinschaft einen wichtigen und zeitintensiven Dienst erweisen, k\u00f6nnen eine angemessene Aufwandsentsch\u00e4digung erhalten.<\/p>","protected":false},"excerpt":{"rendered":"<p class=\"qtranxs-available-languages-message qtranxs-available-languages-message-en\">Sorry, this entry is only available in <a href=\"https:\/\/shop.verlag.uni-potsdam.de\/de\/wp-json\/wp\/v2\/product\/74158\" class=\"qtranxs-available-language-link qtranxs-available-language-link-de\" title=\"Deutsch\">Deutsch<\/a>.<\/p>\n<p>Ortsteile als Untergliederungen der Gemeinden sind nicht nur f\u00fcr das Identit\u00e4tsverst\u00e4ndnis der lokalen Gemeinschaft bedeutsam, sondern auch f\u00fcr das Demokratieprinzip und die Verwirklichung der Ziele der Gebietsreform. Die Bildung von Ortsteilen unterliegt bestimmten gesetzlichen Voraussetzungen. Dabei sind drei verschiedene Ausgestaltungen m\u00f6glich: Ortsteile ohne Vertretung, Ortsteile mit Ortsbeirat und Ortsvorsteher sowie Ortsteile mit isoliertem Ortsvorsteher. Die gew\u00e4hlte Form der Ortsteilvertretung hat Auswirkungen darauf, in welchem Umfang die \u00f6rtliche Expertise in gemeindliche Entscheidungsprozesse einflie\u00dfen kann und welche Entscheidungen vor Ort getroffen werden k\u00f6nnen. Dabei ist zwischen der Verpflichtung, die Ortsvertretung in bestimmten Konstellationen anzuh\u00f6ren, dem Antragsrecht der Ortsvertretung und der Entscheidungsbefugnis des Ortsbeirates zu differenzieren. Die Abgrenzung dieser organschaftlichen Rechte und ihr Umfang sind in der kommunalen Praxis konflikttr\u00e4chtig. F\u00fcr die M\u00f6glichkeiten der Ortsvertretungen, das lokale Zusammenleben zu gestalten, ist weiterhin das (mittlerweile) obligatorische Ortsteilbudget relevant, das Gegenstand der Reform der Kommunalverfassung im Juni 2021 war. Die Verwirklichung dieser materiellrechtlichen Positionen h\u00e4ngt von ihrer prozessualen Durchsetzbarkeit ab. In der Praxis rankt sich h\u00e4ufig Streit darum, ob Eingemeindungsvertr\u00e4ge und die in ihnen get\u00e4tigten Versprechen (noch) verbindlich sind. Diejenigen, die als Mitglieder des Ortsbeirates bzw. als Ortsvorsteher der \u00f6rtlichen Gemeinschaft einen wichtigen und zeitintensiven Dienst erweisen, k\u00f6nnen eine angemessene Aufwandsentsch\u00e4digung erhalten.<\/p>\n","protected":false},"featured_media":96423,"template":"","meta":{"_acf_changed":false},"product_brand":[],"product_cat":[6223,6225],"product_tag":[7256],"class_list":{"0":"post-74158","1":"product","2":"type-product","3":"status-publish","4":"has-post-thumbnail","6":"product_cat-politikwissenschaft-web-kategorie","7":"product_cat-recht-web-kategorie","8":"product_tag-eingemeindungsvertrag-kommunalverfassungsstreit-ortsbeirat-ortsteilbudget-ortsvorsteher","9":"autor-tristan-lemke","10":"edition-online-only","11":"reihe-kwi-diskurs","13":"first","14":"instock","15":"downloadable","16":"virtual","17":"product-type-simple"},"acf":[],"yoast_head":"<!-- This site is optimized with the Yoast SEO plugin v27.1.1 - https:\/\/yoast.com\/product\/yoast-seo-wordpress\/ -->\n<title>Aktuelle Rechtsfragen des Ortsteilrechts in Brandenburg - Universit\u00e4tsverlag Potsdam<\/title>\n<meta name=\"robots\" content=\"index, follow, max-snippet:-1, max-image-preview:large, max-video-preview:-1\" \/>\n<link rel=\"canonical\" href=\"https:\/\/shop.verlag.uni-potsdam.de\/en\/shop\/aktuelle-rechtsfragen-des-ortsteilrechts-in-brandenburg-ebook\/\" \/>\n<meta property=\"og:locale\" content=\"en_US\" \/>\n<meta property=\"og:type\" content=\"article\" \/>\n<meta property=\"og:title\" content=\"Aktuelle Rechtsfragen des Ortsteilrechts in Brandenburg - Universit\u00e4tsverlag Potsdam\" \/>\n<meta property=\"og:description\" content=\"Ortsteile als Untergliederungen der Gemeinden sind nicht nur f\u00fcr das Identit\u00e4tsverst\u00e4ndnis der lokalen Gemeinschaft bedeutsam, sondern auch f\u00fcr das Demokratieprinzip und die Verwirklichung der Ziele der Gebietsreform. Die Bildung von Ortsteilen unterliegt bestimmten gesetzlichen Voraussetzungen. Dabei sind drei verschiedene Ausgestaltungen m\u00f6glich: Ortsteile ohne Vertretung, Ortsteile mit Ortsbeirat und Ortsvorsteher sowie Ortsteile mit isoliertem Ortsvorsteher. Die gew\u00e4hlte Form der Ortsteilvertretung hat Auswirkungen darauf, in welchem Umfang die \u00f6rtliche Expertise in gemeindliche Entscheidungsprozesse einflie\u00dfen kann und welche Entscheidungen vor Ort getroffen werden k\u00f6nnen. Dabei ist zwischen der Verpflichtung, die Ortsvertretung in bestimmten Konstellationen anzuh\u00f6ren, dem Antragsrecht der Ortsvertretung und der Entscheidungsbefugnis des Ortsbeirates zu differenzieren. Die Abgrenzung dieser organschaftlichen Rechte und ihr Umfang sind in der kommunalen Praxis konflikttr\u00e4chtig. F\u00fcr die M\u00f6glichkeiten der Ortsvertretungen, das lokale Zusammenleben zu gestalten, ist weiterhin das (mittlerweile) obligatorische Ortsteilbudget relevant, das Gegenstand der Reform der Kommunalverfassung im Juni 2021 war. Die Verwirklichung dieser materiellrechtlichen Positionen h\u00e4ngt von ihrer prozessualen Durchsetzbarkeit ab. In der Praxis rankt sich h\u00e4ufig Streit darum, ob Eingemeindungsvertr\u00e4ge und die in ihnen get\u00e4tigten Versprechen (noch) verbindlich sind. Diejenigen, die als Mitglieder des Ortsbeirates bzw. als Ortsvorsteher der \u00f6rtlichen Gemeinschaft einen wichtigen und zeitintensiven Dienst erweisen, k\u00f6nnen eine angemessene Aufwandsentsch\u00e4digung erhalten.\" \/>\n<meta property=\"og:url\" content=\"https:\/\/shop.verlag.uni-potsdam.de\/en\/shop\/aktuelle-rechtsfragen-des-ortsteilrechts-in-brandenburg-ebook\/\" \/>\n<meta property=\"og:site_name\" content=\"Universit\u00e4tsverlag Potsdam\" \/>\n<meta property=\"article:modified_time\" content=\"2026-04-21T14:36:23+00:00\" \/>\n<meta property=\"og:image\" content=\"https:\/\/shop.verlag.uni-potsdam.de\/wp-content\/uploads\/asolmerce\/image-u1_kwi-diskurs01.jpg\" \/>\n\t<meta property=\"og:image:width\" content=\"1339\" \/>\n\t<meta property=\"og:image:height\" content=\"1890\" \/>\n\t<meta property=\"og:image:type\" content=\"image\/jpeg\" \/>\n<meta name=\"twitter:card\" content=\"summary_large_image\" \/>\n<meta name=\"twitter:label1\" content=\"Est. reading time\" \/>\n\t<meta name=\"twitter:data1\" content=\"1 minute\" \/>\n<script type=\"application\/ld+json\" class=\"yoast-schema-graph\">{\"@context\":\"https:\/\/schema.org\",\"@graph\":[{\"@type\":\"WebPage\",\"@id\":\"https:\/\/shop.verlag.uni-potsdam.de\/en\/shop\/aktuelle-rechtsfragen-des-ortsteilrechts-in-brandenburg-ebook\/\",\"url\":\"https:\/\/shop.verlag.uni-potsdam.de\/en\/shop\/aktuelle-rechtsfragen-des-ortsteilrechts-in-brandenburg-ebook\/\",\"name\":\"Aktuelle Rechtsfragen des Ortsteilrechts in Brandenburg - Universit\u00e4tsverlag Potsdam\",\"isPartOf\":{\"@id\":\"https:\/\/shop.verlag.uni-potsdam.de\/en\/#website\"},\"primaryImageOfPage\":{\"@id\":\"https:\/\/shop.verlag.uni-potsdam.de\/en\/shop\/aktuelle-rechtsfragen-des-ortsteilrechts-in-brandenburg-ebook\/#primaryimage\"},\"image\":{\"@id\":\"https:\/\/shop.verlag.uni-potsdam.de\/shop\/aktuelle-rechtsfragen-des-ortsteilrechts-in-brandenburg-ebook\/#primaryimage\"},\"thumbnailUrl\":\"https:\/\/shop.verlag.uni-potsdam.de\/wp-content\/uploads\/asolmerce\/image-u1_kwi-diskurs01.jpg\",\"datePublished\":\"2026-04-21T12:35:23+00:00\",\"dateModified\":\"2026-04-21T14:36:23+00:00\",\"breadcrumb\":{\"@id\":\"https:\/\/shop.verlag.uni-potsdam.de\/en\/shop\/aktuelle-rechtsfragen-des-ortsteilrechts-in-brandenburg-ebook\/#breadcrumb\"},\"inLanguage\":\"en-US\",\"potentialAction\":[{\"@type\":\"ReadAction\",\"target\":[[\"https:\/\/shop.verlag.uni-potsdam.de\/en\/shop\/aktuelle-rechtsfragen-des-ortsteilrechts-in-brandenburg-ebook\/\"]]}]},{\"@type\":\"ImageObject\",\"inLanguage\":\"en-US\",\"@id\":\"https:\/\/shop.verlag.uni-potsdam.de\/en\/shop\/aktuelle-rechtsfragen-des-ortsteilrechts-in-brandenburg-ebook\/#primaryimage\",\"url\":\"https:\/\/shop.verlag.uni-potsdam.de\/wp-content\/uploads\/asolmerce\/image-u1_kwi-diskurs01.jpg\",\"contentUrl\":\"https:\/\/shop.verlag.uni-potsdam.de\/wp-content\/uploads\/asolmerce\/image-u1_kwi-diskurs01.jpg\",\"width\":1339,\"height\":1890},{\"@type\":\"BreadcrumbList\",\"@id\":\"https:\/\/shop.verlag.uni-potsdam.de\/en\/shop\/aktuelle-rechtsfragen-des-ortsteilrechts-in-brandenburg-ebook\/#breadcrumb\",\"itemListElement\":[{\"@type\":\"ListItem\",\"position\":1,\"name\":\"Startseite\",\"item\":\"https:\/\/shop.verlag.uni-potsdam.de\/en\/\"},{\"@type\":\"ListItem\",\"position\":2,\"name\":\"Shop\",\"item\":\"https:\/\/shop.verlag.uni-potsdam.de\/en\/shop\/\"},{\"@type\":\"ListItem\",\"position\":3,\"name\":\"Aktuelle Rechtsfragen des Ortsteilrechts in Brandenburg\"}]},{\"@type\":\"WebSite\",\"@id\":\"https:\/\/shop.verlag.uni-potsdam.de\/en\/#website\",\"url\":\"https:\/\/shop.verlag.uni-potsdam.de\/en\/\",\"name\":\"Universit\u00e4tsverlag Potsdam\",\"description\":\"\",\"publisher\":{\"@id\":\"https:\/\/shop.verlag.uni-potsdam.de\/en\/#organization\"},\"potentialAction\":[{\"@type\":\"SearchAction\",\"target\":{\"@type\":\"EntryPoint\",\"urlTemplate\":\"https:\/\/shop.verlag.uni-potsdam.de\/en\/?s={search_term_string}\"},\"query-input\":{\"@type\":\"PropertyValueSpecification\",\"valueRequired\":true,\"valueName\":\"search_term_string\"}}],\"inLanguage\":\"en-US\"},{\"@type\":\"Organization\",\"@id\":\"https:\/\/shop.verlag.uni-potsdam.de\/en\/#organization\",\"name\":\"Universit\u00e4tsverlag Potsdam\",\"url\":\"https:\/\/shop.verlag.uni-potsdam.de\/en\/\",\"logo\":{\"@type\":\"ImageObject\",\"inLanguage\":\"en-US\",\"@id\":\"https:\/\/shop.verlag.uni-potsdam.de\/en\/#\/schema\/logo\/image\/\",\"url\":\"https:\/\/shop.verlag.uni-potsdam.de\/wp-content\/uploads\/2017\/04\/up_logo_university_2.png\",\"contentUrl\":\"https:\/\/shop.verlag.uni-potsdam.de\/wp-content\/uploads\/2017\/04\/up_logo_university_2.png\",\"width\":160,\"height\":172,\"caption\":\"Universit\u00e4tsverlag Potsdam\"},\"image\":{\"@id\":\"https:\/\/shop.verlag.uni-potsdam.de\/en\/#\/schema\/logo\/image\/\"}}]}<\/script>\n<!-- \/ Yoast SEO plugin. -->","yoast_head_json":{"title":"Aktuelle Rechtsfragen des Ortsteilrechts in Brandenburg - Universit\u00e4tsverlag Potsdam","robots":{"index":"index","follow":"follow","max-snippet":"max-snippet:-1","max-image-preview":"max-image-preview:large","max-video-preview":"max-video-preview:-1"},"canonical":"https:\/\/shop.verlag.uni-potsdam.de\/en\/shop\/aktuelle-rechtsfragen-des-ortsteilrechts-in-brandenburg-ebook\/","og_locale":"en_US","og_type":"article","og_title":"Aktuelle Rechtsfragen des Ortsteilrechts in Brandenburg - Universit\u00e4tsverlag Potsdam","og_description":"Ortsteile als Untergliederungen der Gemeinden sind nicht nur f\u00fcr das Identit\u00e4tsverst\u00e4ndnis der lokalen Gemeinschaft bedeutsam, sondern auch f\u00fcr das Demokratieprinzip und die Verwirklichung der Ziele der Gebietsreform. Die Bildung von Ortsteilen unterliegt bestimmten gesetzlichen Voraussetzungen. Dabei sind drei verschiedene Ausgestaltungen m\u00f6glich: Ortsteile ohne Vertretung, Ortsteile mit Ortsbeirat und Ortsvorsteher sowie Ortsteile mit isoliertem Ortsvorsteher. Die gew\u00e4hlte Form der Ortsteilvertretung hat Auswirkungen darauf, in welchem Umfang die \u00f6rtliche Expertise in gemeindliche Entscheidungsprozesse einflie\u00dfen kann und welche Entscheidungen vor Ort getroffen werden k\u00f6nnen. Dabei ist zwischen der Verpflichtung, die Ortsvertretung in bestimmten Konstellationen anzuh\u00f6ren, dem Antragsrecht der Ortsvertretung und der Entscheidungsbefugnis des Ortsbeirates zu differenzieren. Die Abgrenzung dieser organschaftlichen Rechte und ihr Umfang sind in der kommunalen Praxis konflikttr\u00e4chtig. F\u00fcr die M\u00f6glichkeiten der Ortsvertretungen, das lokale Zusammenleben zu gestalten, ist weiterhin das (mittlerweile) obligatorische Ortsteilbudget relevant, das Gegenstand der Reform der Kommunalverfassung im Juni 2021 war. Die Verwirklichung dieser materiellrechtlichen Positionen h\u00e4ngt von ihrer prozessualen Durchsetzbarkeit ab. In der Praxis rankt sich h\u00e4ufig Streit darum, ob Eingemeindungsvertr\u00e4ge und die in ihnen get\u00e4tigten Versprechen (noch) verbindlich sind. Diejenigen, die als Mitglieder des Ortsbeirates bzw. als Ortsvorsteher der \u00f6rtlichen Gemeinschaft einen wichtigen und zeitintensiven Dienst erweisen, k\u00f6nnen eine angemessene Aufwandsentsch\u00e4digung erhalten.","og_url":"https:\/\/shop.verlag.uni-potsdam.de\/en\/shop\/aktuelle-rechtsfragen-des-ortsteilrechts-in-brandenburg-ebook\/","og_site_name":"Universit\u00e4tsverlag Potsdam","article_modified_time":"2026-04-21T14:36:23+00:00","og_image":[{"width":1339,"height":1890,"url":"https:\/\/shop.verlag.uni-potsdam.de\/wp-content\/uploads\/asolmerce\/image-u1_kwi-diskurs01.jpg","type":"image\/jpeg"}],"twitter_card":"summary_large_image","twitter_misc":{"Est. reading time":"1 minute"},"schema":{"@context":"https:\/\/schema.org","@graph":[{"@type":"WebPage","@id":"https:\/\/shop.verlag.uni-potsdam.de\/en\/shop\/aktuelle-rechtsfragen-des-ortsteilrechts-in-brandenburg-ebook\/","url":"https:\/\/shop.verlag.uni-potsdam.de\/en\/shop\/aktuelle-rechtsfragen-des-ortsteilrechts-in-brandenburg-ebook\/","name":"Aktuelle Rechtsfragen des Ortsteilrechts in Brandenburg - Universit\u00e4tsverlag Potsdam","isPartOf":{"@id":"https:\/\/shop.verlag.uni-potsdam.de\/en\/#website"},"primaryImageOfPage":{"@id":"https:\/\/shop.verlag.uni-potsdam.de\/en\/shop\/aktuelle-rechtsfragen-des-ortsteilrechts-in-brandenburg-ebook\/#primaryimage"},"image":{"@id":"https:\/\/shop.verlag.uni-potsdam.de\/shop\/aktuelle-rechtsfragen-des-ortsteilrechts-in-brandenburg-ebook\/#primaryimage"},"thumbnailUrl":"https:\/\/shop.verlag.uni-potsdam.de\/wp-content\/uploads\/asolmerce\/image-u1_kwi-diskurs01.jpg","datePublished":"2026-04-21T12:35:23+00:00","dateModified":"2026-04-21T14:36:23+00:00","breadcrumb":{"@id":"https:\/\/shop.verlag.uni-potsdam.de\/en\/shop\/aktuelle-rechtsfragen-des-ortsteilrechts-in-brandenburg-ebook\/#breadcrumb"},"inLanguage":"en-US","potentialAction":[{"@type":"ReadAction","target":[["https:\/\/shop.verlag.uni-potsdam.de\/en\/shop\/aktuelle-rechtsfragen-des-ortsteilrechts-in-brandenburg-ebook\/"]]}]},{"@type":"ImageObject","inLanguage":"en-US","@id":"https:\/\/shop.verlag.uni-potsdam.de\/en\/shop\/aktuelle-rechtsfragen-des-ortsteilrechts-in-brandenburg-ebook\/#primaryimage","url":"https:\/\/shop.verlag.uni-potsdam.de\/wp-content\/uploads\/asolmerce\/image-u1_kwi-diskurs01.jpg","contentUrl":"https:\/\/shop.verlag.uni-potsdam.de\/wp-content\/uploads\/asolmerce\/image-u1_kwi-diskurs01.jpg","width":1339,"height":1890},{"@type":"BreadcrumbList","@id":"https:\/\/shop.verlag.uni-potsdam.de\/en\/shop\/aktuelle-rechtsfragen-des-ortsteilrechts-in-brandenburg-ebook\/#breadcrumb","itemListElement":[{"@type":"ListItem","position":1,"name":"Startseite","item":"https:\/\/shop.verlag.uni-potsdam.de\/en\/"},{"@type":"ListItem","position":2,"name":"Shop","item":"https:\/\/shop.verlag.uni-potsdam.de\/en\/shop\/"},{"@type":"ListItem","position":3,"name":"Aktuelle Rechtsfragen des Ortsteilrechts in Brandenburg"}]},{"@type":"WebSite","@id":"https:\/\/shop.verlag.uni-potsdam.de\/en\/#website","url":"https:\/\/shop.verlag.uni-potsdam.de\/en\/","name":"Universit\u00e4tsverlag Potsdam","description":"","publisher":{"@id":"https:\/\/shop.verlag.uni-potsdam.de\/en\/#organization"},"potentialAction":[{"@type":"SearchAction","target":{"@type":"EntryPoint","urlTemplate":"https:\/\/shop.verlag.uni-potsdam.de\/en\/?s={search_term_string}"},"query-input":{"@type":"PropertyValueSpecification","valueRequired":true,"valueName":"search_term_string"}}],"inLanguage":"en-US"},{"@type":"Organization","@id":"https:\/\/shop.verlag.uni-potsdam.de\/en\/#organization","name":"Universit\u00e4tsverlag Potsdam","url":"https:\/\/shop.verlag.uni-potsdam.de\/en\/","logo":{"@type":"ImageObject","inLanguage":"en-US","@id":"https:\/\/shop.verlag.uni-potsdam.de\/en\/#\/schema\/logo\/image\/","url":"https:\/\/shop.verlag.uni-potsdam.de\/wp-content\/uploads\/2017\/04\/up_logo_university_2.png","contentUrl":"https:\/\/shop.verlag.uni-potsdam.de\/wp-content\/uploads\/2017\/04\/up_logo_university_2.png","width":160,"height":172,"caption":"Universit\u00e4tsverlag Potsdam"},"image":{"@id":"https:\/\/shop.verlag.uni-potsdam.de\/en\/#\/schema\/logo\/image\/"}}]}},"_links":{"self":[{"href":"https:\/\/shop.verlag.uni-potsdam.de\/en\/wp-json\/wp\/v2\/product\/74158","targetHints":{"allow":["GET"]}}],"collection":[{"href":"https:\/\/shop.verlag.uni-potsdam.de\/en\/wp-json\/wp\/v2\/product"}],"about":[{"href":"https:\/\/shop.verlag.uni-potsdam.de\/en\/wp-json\/wp\/v2\/types\/product"}],"wp:featuredmedia":[{"embeddable":true,"href":"https:\/\/shop.verlag.uni-potsdam.de\/en\/wp-json\/wp\/v2\/media\/96423"}],"wp:attachment":[{"href":"https:\/\/shop.verlag.uni-potsdam.de\/en\/wp-json\/wp\/v2\/media?parent=74158"}],"wp:term":[{"taxonomy":"product_brand","embeddable":true,"href":"https:\/\/shop.verlag.uni-potsdam.de\/en\/wp-json\/wp\/v2\/product_brand?post=74158"},{"taxonomy":"product_cat","embeddable":true,"href":"https:\/\/shop.verlag.uni-potsdam.de\/en\/wp-json\/wp\/v2\/product_cat?post=74158"},{"taxonomy":"product_tag","embeddable":true,"href":"https:\/\/shop.verlag.uni-potsdam.de\/en\/wp-json\/wp\/v2\/product_tag?post=74158"}],"curies":[{"name":"wp","href":"https:\/\/api.w.org\/{rel}","templated":true}]}}