{"id":74159,"date":"2026-04-21T12:38:56","date_gmt":"2026-04-21T12:38:56","guid":{"rendered":"https:\/\/shop.verlag.uni-potsdam.de\/shop\/empty-product-container-2\/"},"modified":"2026-04-21T16:39:56","modified_gmt":"2026-04-21T14:39:56","slug":"grenzueberschreitende-daseinsvorsorge-im-deutsch-polnischen-grenzraum-ebook","status":"publish","type":"product","link":"https:\/\/shop.verlag.uni-potsdam.de\/en\/shop\/grenzueberschreitende-daseinsvorsorge-im-deutsch-polnischen-grenzraum-ebook\/","title":{"rendered":"Grenz\u00fcberschreitende Daseinsvorsorge im deutsch-polnischen Grenzraum"},"content":{"rendered":"<p class=\"qtranxs-available-languages-message qtranxs-available-languages-message-en\">Sorry, this entry is only available in <a href=\"https:\/\/shop.verlag.uni-potsdam.de\/de\/wp-json\/wp\/v2\/product\/74159\" class=\"qtranxs-available-language-link qtranxs-available-language-link-de\" title=\"Deutsch\">Deutsch<\/a>.<\/p><p>Der Bereich der grenz\u00fcberschreitenden Daseinsvorsorge ist eines der zentralen Potentialfelder in der Grenz\u00fcberschreitenden Zusammenarbeit. Grenz\u00fcberschreitende Daseinsvorsorge kann ein wesentliches Element zur Verbesserung der Lebensverh\u00e4ltnisse in Grenzregionen sein. Bei der Umsetzung von Projekten im diesem Bereich sind \u2013 sofern der politische Wille hierf\u00fcr vorhanden ist \u2013 erhebliche rechtliche H\u00fcrden zu \u00fcberwinden: Zwar existieren passend ausgerichtete europ\u00e4ische F\u00f6rdermittelprogramme als Anreiz, andererseits scheinen die europarechtlichen und nationalrechtlichen Rahmenbedingungen vielfach hochgradig komplex und k\u00f6nnen auch mit europarechtlichen Instrumenten, etwa dem Europ\u00e4ischen Verbund f\u00fcr territoriale Zusammenarbeit (EVTZ), kaum \u00fcberwunden werden.<br \/>Der vorliegende Text analysiert am Beispiel der deutsch-polnischen die rechtlichen Schwierigkeiten, aber auch die M\u00f6glichkeiten zur Umsetzung grenz\u00fcberschreitender Projekte in diesem Bereich.<\/p>\n<div><\/div>\n<p>Obszar transgranicznych us\u0142ug u\u017cyteczno\u015bci publicznej jest jednym z g\u0142\u00f3wnych potencjalnych obszar\u00f3w wsp\u00f3\u0142pracy transgranicznej. Transgraniczne us\u0142ugi u\u017cyteczno\u015bci publicznej mog\u0105 by\u0107 istotnym elementem poprawy warunk\u00f3w \u017cycia w regionach przygranicznych. Wdra\u017caj\u0105c projekty w tym obszarze, nale\u017cy pokona\u0107 znaczne przeszkody prawne &#8211; pod warunkiem, \u017ce istnieje wola polityczna: Chocia\u017c istniej\u0105 odpowiednio ukierunkowane europejskie programy finansowania jako zach\u0119ta, z drugiej strony warunki ramowe wynikaj\u0105ce z prawa europejskiego i krajowego cz\u0119sto wydaj\u0105 si\u0119<br \/>bardzo z\u0142o\u017cone i trudno je pokona\u0107 nawet za pomoc\u0105 instrument\u00f3w prawa europejskiego, takich jak Europejskie Ugrupowanie Wsp\u00f3\u0142pracy Terytorialnej (EUWT).<br \/>Niniejszy tekst analizuje trudno\u015bci prawne, ale tak\u017ce mo\u017cliwo\u015bci realizacji projekt\u00f3w transgranicznych w tym obszarze, na przyk\u0142adzie polsko-niemieckim.<\/p>","protected":false},"excerpt":{"rendered":"<p class=\"qtranxs-available-languages-message qtranxs-available-languages-message-en\">Sorry, this entry is only available in <a href=\"https:\/\/shop.verlag.uni-potsdam.de\/de\/wp-json\/wp\/v2\/product\/74159\" class=\"qtranxs-available-language-link qtranxs-available-language-link-de\" title=\"Deutsch\">Deutsch<\/a>.<\/p>\n<p>Der Bereich der grenz\u00fcberschreitenden Daseinsvorsorge ist eines der zentralen Potentialfelder in der Grenz\u00fcberschreitenden Zusammenarbeit. Grenz\u00fcberschreitende Daseinsvorsorge kann ein wesentliches Element zur Verbesserung der Lebensverh\u00e4ltnisse in Grenzregionen sein. Bei der Umsetzung von Projekten im diesem Bereich sind \u2013 sofern der politische Wille hierf\u00fcr vorhanden ist \u2013 erhebliche rechtliche H\u00fcrden zu \u00fcberwinden: Zwar existieren passend ausgerichtete europ\u00e4ische F\u00f6rdermittelprogramme als Anreiz, andererseits scheinen die europarechtlichen und nationalrechtlichen Rahmenbedingungen vielfach hochgradig komplex und k\u00f6nnen auch mit europarechtlichen Instrumenten, etwa dem Europ\u00e4ischen Verbund f\u00fcr territoriale Zusammenarbeit (EVTZ), kaum \u00fcberwunden werden.<br \/>Der vorliegende Text analysiert am Beispiel der deutsch-polnischen die rechtlichen Schwierigkeiten, aber auch die M\u00f6glichkeiten zur Umsetzung grenz\u00fcberschreitender Projekte in diesem Bereich.<\/p>\n<div><\/div>\n<p>Obszar transgranicznych us\u0142ug u\u017cyteczno\u015bci publicznej jest jednym z g\u0142\u00f3wnych potencjalnych obszar\u00f3w wsp\u00f3\u0142pracy transgranicznej. Transgraniczne us\u0142ugi u\u017cyteczno\u015bci publicznej mog\u0105 by\u0107 istotnym elementem poprawy warunk\u00f3w \u017cycia w regionach przygranicznych. Wdra\u017caj\u0105c projekty w tym obszarze, nale\u017cy pokona\u0107 znaczne przeszkody prawne &#8211; pod warunkiem, \u017ce istnieje wola polityczna: Chocia\u017c istniej\u0105 odpowiednio ukierunkowane europejskie programy finansowania jako zach\u0119ta, z drugiej strony warunki ramowe wynikaj\u0105ce z prawa europejskiego i krajowego cz\u0119sto wydaj\u0105 si\u0119<br \/>bardzo z\u0142o\u017cone i trudno je pokona\u0107 nawet za pomoc\u0105 instrument\u00f3w prawa europejskiego, takich jak Europejskie Ugrupowanie Wsp\u00f3\u0142pracy Terytorialnej (EUWT).<br \/>Niniejszy tekst analizuje trudno\u015bci prawne, ale tak\u017ce mo\u017cliwo\u015bci realizacji projekt\u00f3w transgranicznych w tym obszarze, na przyk\u0142adzie polsko-niemieckim.<\/p>\n","protected":false},"featured_media":96422,"template":"","meta":{"_acf_changed":false},"product_brand":[],"product_cat":[6166,6223],"product_tag":[7254],"class_list":{"0":"post-74159","1":"product","2":"type-product","3":"status-publish","4":"has-post-thumbnail","6":"product_cat-sozialwissenschaften-web-kategorie","7":"product_cat-politikwissenschaft-web-kategorie","8":"product_tag-daseinsvorsorge-polen-deutsch-polnische-grenzregion-grenzueberschreitende-daseinsvorsorge-grenzueberschreitende-kooperation","9":"autor-michael-frey","10":"edition-online-only","11":"reihe-kwi-diskurs","13":"first","14":"instock","15":"downloadable","16":"virtual","17":"product-type-simple"},"acf":[],"yoast_head":"<!-- This site is optimized with the Yoast SEO plugin v27.1.1 - https:\/\/yoast.com\/product\/yoast-seo-wordpress\/ -->\n<title>Grenz\u00fcberschreitende Daseinsvorsorge im deutsch-polnischen Grenzraum - Universit\u00e4tsverlag Potsdam<\/title>\n<meta name=\"robots\" content=\"index, follow, max-snippet:-1, max-image-preview:large, max-video-preview:-1\" \/>\n<link rel=\"canonical\" href=\"https:\/\/shop.verlag.uni-potsdam.de\/en\/shop\/grenzueberschreitende-daseinsvorsorge-im-deutsch-polnischen-grenzraum-ebook\/\" \/>\n<meta property=\"og:locale\" content=\"en_US\" \/>\n<meta property=\"og:type\" content=\"article\" \/>\n<meta property=\"og:title\" content=\"Grenz\u00fcberschreitende Daseinsvorsorge im deutsch-polnischen Grenzraum - Universit\u00e4tsverlag Potsdam\" \/>\n<meta property=\"og:description\" content=\"Der Bereich der grenz\u00fcberschreitenden Daseinsvorsorge ist eines der zentralen Potentialfelder in der Grenz\u00fcberschreitenden Zusammenarbeit. Grenz\u00fcberschreitende Daseinsvorsorge kann ein wesentliches Element zur Verbesserung der Lebensverh\u00e4ltnisse in Grenzregionen sein. Bei der Umsetzung von Projekten im diesem Bereich sind \u2013 sofern der politische Wille hierf\u00fcr vorhanden ist \u2013 erhebliche rechtliche H\u00fcrden zu \u00fcberwinden: Zwar existieren passend ausgerichtete europ\u00e4ische F\u00f6rdermittelprogramme als Anreiz, andererseits scheinen die europarechtlichen und nationalrechtlichen Rahmenbedingungen vielfach hochgradig komplex und k\u00f6nnen auch mit europarechtlichen Instrumenten, etwa dem Europ\u00e4ischen Verbund f\u00fcr territoriale Zusammenarbeit (EVTZ), kaum \u00fcberwunden werden.Der vorliegende Text analysiert am Beispiel der deutsch-polnischen die rechtlichen Schwierigkeiten, aber auch die M\u00f6glichkeiten zur Umsetzung grenz\u00fcberschreitender Projekte in diesem Bereich.Obszar transgranicznych us\u0142ug u\u017cyteczno\u015bci publicznej jest jednym z g\u0142\u00f3wnych potencjalnych obszar\u00f3w wsp\u00f3\u0142pracy transgranicznej. Transgraniczne us\u0142ugi u\u017cyteczno\u015bci publicznej mog\u0105 by\u0107 istotnym elementem poprawy warunk\u00f3w \u017cycia w regionach przygranicznych. Wdra\u017caj\u0105c projekty w tym obszarze, nale\u017cy pokona\u0107 znaczne przeszkody prawne - pod warunkiem, \u017ce istnieje wola polityczna: Chocia\u017c istniej\u0105 odpowiednio ukierunkowane europejskie programy finansowania jako zach\u0119ta, z drugiej strony warunki ramowe wynikaj\u0105ce z prawa europejskiego i krajowego cz\u0119sto wydaj\u0105 si\u0119bardzo z\u0142o\u017cone i trudno je pokona\u0107 nawet za pomoc\u0105 instrument\u00f3w prawa europejskiego, takich jak Europejskie Ugrupowanie Wsp\u00f3\u0142pracy Terytorialnej (EUWT).Niniejszy tekst analizuje trudno\u015bci prawne, ale tak\u017ce mo\u017cliwo\u015bci realizacji projekt\u00f3w transgranicznych w tym obszarze, na przyk\u0142adzie polsko-niemieckim.\" \/>\n<meta property=\"og:url\" content=\"https:\/\/shop.verlag.uni-potsdam.de\/en\/shop\/grenzueberschreitende-daseinsvorsorge-im-deutsch-polnischen-grenzraum-ebook\/\" \/>\n<meta property=\"og:site_name\" content=\"Universit\u00e4tsverlag Potsdam\" \/>\n<meta property=\"article:modified_time\" content=\"2026-04-21T14:39:56+00:00\" \/>\n<meta property=\"og:image\" content=\"https:\/\/shop.verlag.uni-potsdam.de\/wp-content\/uploads\/asolmerce\/image-u1_kwi-diskurs02.jpg\" \/>\n\t<meta property=\"og:image:width\" content=\"1339\" \/>\n\t<meta property=\"og:image:height\" content=\"1890\" \/>\n\t<meta property=\"og:image:type\" content=\"image\/jpeg\" \/>\n<meta name=\"twitter:card\" content=\"summary_large_image\" \/>\n<meta name=\"twitter:label1\" content=\"Est. reading time\" \/>\n\t<meta name=\"twitter:data1\" content=\"1 minute\" \/>\n<script type=\"application\/ld+json\" class=\"yoast-schema-graph\">{\"@context\":\"https:\/\/schema.org\",\"@graph\":[{\"@type\":\"WebPage\",\"@id\":\"https:\/\/shop.verlag.uni-potsdam.de\/en\/shop\/grenzueberschreitende-daseinsvorsorge-im-deutsch-polnischen-grenzraum-ebook\/\",\"url\":\"https:\/\/shop.verlag.uni-potsdam.de\/en\/shop\/grenzueberschreitende-daseinsvorsorge-im-deutsch-polnischen-grenzraum-ebook\/\",\"name\":\"Grenz\u00fcberschreitende Daseinsvorsorge im deutsch-polnischen Grenzraum - Universit\u00e4tsverlag Potsdam\",\"isPartOf\":{\"@id\":\"https:\/\/shop.verlag.uni-potsdam.de\/en\/#website\"},\"primaryImageOfPage\":{\"@id\":\"https:\/\/shop.verlag.uni-potsdam.de\/en\/shop\/grenzueberschreitende-daseinsvorsorge-im-deutsch-polnischen-grenzraum-ebook\/#primaryimage\"},\"image\":{\"@id\":\"https:\/\/shop.verlag.uni-potsdam.de\/shop\/grenzueberschreitende-daseinsvorsorge-im-deutsch-polnischen-grenzraum-ebook\/#primaryimage\"},\"thumbnailUrl\":\"https:\/\/shop.verlag.uni-potsdam.de\/wp-content\/uploads\/asolmerce\/image-u1_kwi-diskurs02.jpg\",\"datePublished\":\"2026-04-21T12:38:56+00:00\",\"dateModified\":\"2026-04-21T14:39:56+00:00\",\"breadcrumb\":{\"@id\":\"https:\/\/shop.verlag.uni-potsdam.de\/en\/shop\/grenzueberschreitende-daseinsvorsorge-im-deutsch-polnischen-grenzraum-ebook\/#breadcrumb\"},\"inLanguage\":\"en-US\",\"potentialAction\":[{\"@type\":\"ReadAction\",\"target\":[[\"https:\/\/shop.verlag.uni-potsdam.de\/en\/shop\/grenzueberschreitende-daseinsvorsorge-im-deutsch-polnischen-grenzraum-ebook\/\"]]}]},{\"@type\":\"ImageObject\",\"inLanguage\":\"en-US\",\"@id\":\"https:\/\/shop.verlag.uni-potsdam.de\/en\/shop\/grenzueberschreitende-daseinsvorsorge-im-deutsch-polnischen-grenzraum-ebook\/#primaryimage\",\"url\":\"https:\/\/shop.verlag.uni-potsdam.de\/wp-content\/uploads\/asolmerce\/image-u1_kwi-diskurs02.jpg\",\"contentUrl\":\"https:\/\/shop.verlag.uni-potsdam.de\/wp-content\/uploads\/asolmerce\/image-u1_kwi-diskurs02.jpg\",\"width\":1339,\"height\":1890},{\"@type\":\"BreadcrumbList\",\"@id\":\"https:\/\/shop.verlag.uni-potsdam.de\/en\/shop\/grenzueberschreitende-daseinsvorsorge-im-deutsch-polnischen-grenzraum-ebook\/#breadcrumb\",\"itemListElement\":[{\"@type\":\"ListItem\",\"position\":1,\"name\":\"Startseite\",\"item\":\"https:\/\/shop.verlag.uni-potsdam.de\/en\/\"},{\"@type\":\"ListItem\",\"position\":2,\"name\":\"Shop\",\"item\":\"https:\/\/shop.verlag.uni-potsdam.de\/en\/shop\/\"},{\"@type\":\"ListItem\",\"position\":3,\"name\":\"Grenz\u00fcberschreitende Daseinsvorsorge im deutsch-polnischen Grenzraum\"}]},{\"@type\":\"WebSite\",\"@id\":\"https:\/\/shop.verlag.uni-potsdam.de\/en\/#website\",\"url\":\"https:\/\/shop.verlag.uni-potsdam.de\/en\/\",\"name\":\"Universit\u00e4tsverlag Potsdam\",\"description\":\"\",\"publisher\":{\"@id\":\"https:\/\/shop.verlag.uni-potsdam.de\/en\/#organization\"},\"potentialAction\":[{\"@type\":\"SearchAction\",\"target\":{\"@type\":\"EntryPoint\",\"urlTemplate\":\"https:\/\/shop.verlag.uni-potsdam.de\/en\/?s={search_term_string}\"},\"query-input\":{\"@type\":\"PropertyValueSpecification\",\"valueRequired\":true,\"valueName\":\"search_term_string\"}}],\"inLanguage\":\"en-US\"},{\"@type\":\"Organization\",\"@id\":\"https:\/\/shop.verlag.uni-potsdam.de\/en\/#organization\",\"name\":\"Universit\u00e4tsverlag Potsdam\",\"url\":\"https:\/\/shop.verlag.uni-potsdam.de\/en\/\",\"logo\":{\"@type\":\"ImageObject\",\"inLanguage\":\"en-US\",\"@id\":\"https:\/\/shop.verlag.uni-potsdam.de\/en\/#\/schema\/logo\/image\/\",\"url\":\"https:\/\/shop.verlag.uni-potsdam.de\/wp-content\/uploads\/2017\/04\/up_logo_university_2.png\",\"contentUrl\":\"https:\/\/shop.verlag.uni-potsdam.de\/wp-content\/uploads\/2017\/04\/up_logo_university_2.png\",\"width\":160,\"height\":172,\"caption\":\"Universit\u00e4tsverlag Potsdam\"},\"image\":{\"@id\":\"https:\/\/shop.verlag.uni-potsdam.de\/en\/#\/schema\/logo\/image\/\"}}]}<\/script>\n<!-- \/ Yoast SEO plugin. -->","yoast_head_json":{"title":"Grenz\u00fcberschreitende Daseinsvorsorge im deutsch-polnischen Grenzraum - Universit\u00e4tsverlag Potsdam","robots":{"index":"index","follow":"follow","max-snippet":"max-snippet:-1","max-image-preview":"max-image-preview:large","max-video-preview":"max-video-preview:-1"},"canonical":"https:\/\/shop.verlag.uni-potsdam.de\/en\/shop\/grenzueberschreitende-daseinsvorsorge-im-deutsch-polnischen-grenzraum-ebook\/","og_locale":"en_US","og_type":"article","og_title":"Grenz\u00fcberschreitende Daseinsvorsorge im deutsch-polnischen Grenzraum - Universit\u00e4tsverlag Potsdam","og_description":"Der Bereich der grenz\u00fcberschreitenden Daseinsvorsorge ist eines der zentralen Potentialfelder in der Grenz\u00fcberschreitenden Zusammenarbeit. Grenz\u00fcberschreitende Daseinsvorsorge kann ein wesentliches Element zur Verbesserung der Lebensverh\u00e4ltnisse in Grenzregionen sein. Bei der Umsetzung von Projekten im diesem Bereich sind \u2013 sofern der politische Wille hierf\u00fcr vorhanden ist \u2013 erhebliche rechtliche H\u00fcrden zu \u00fcberwinden: Zwar existieren passend ausgerichtete europ\u00e4ische F\u00f6rdermittelprogramme als Anreiz, andererseits scheinen die europarechtlichen und nationalrechtlichen Rahmenbedingungen vielfach hochgradig komplex und k\u00f6nnen auch mit europarechtlichen Instrumenten, etwa dem Europ\u00e4ischen Verbund f\u00fcr territoriale Zusammenarbeit (EVTZ), kaum \u00fcberwunden werden.Der vorliegende Text analysiert am Beispiel der deutsch-polnischen die rechtlichen Schwierigkeiten, aber auch die M\u00f6glichkeiten zur Umsetzung grenz\u00fcberschreitender Projekte in diesem Bereich.Obszar transgranicznych us\u0142ug u\u017cyteczno\u015bci publicznej jest jednym z g\u0142\u00f3wnych potencjalnych obszar\u00f3w wsp\u00f3\u0142pracy transgranicznej. Transgraniczne us\u0142ugi u\u017cyteczno\u015bci publicznej mog\u0105 by\u0107 istotnym elementem poprawy warunk\u00f3w \u017cycia w regionach przygranicznych. Wdra\u017caj\u0105c projekty w tym obszarze, nale\u017cy pokona\u0107 znaczne przeszkody prawne - pod warunkiem, \u017ce istnieje wola polityczna: Chocia\u017c istniej\u0105 odpowiednio ukierunkowane europejskie programy finansowania jako zach\u0119ta, z drugiej strony warunki ramowe wynikaj\u0105ce z prawa europejskiego i krajowego cz\u0119sto wydaj\u0105 si\u0119bardzo z\u0142o\u017cone i trudno je pokona\u0107 nawet za pomoc\u0105 instrument\u00f3w prawa europejskiego, takich jak Europejskie Ugrupowanie Wsp\u00f3\u0142pracy Terytorialnej (EUWT).Niniejszy tekst analizuje trudno\u015bci prawne, ale tak\u017ce mo\u017cliwo\u015bci realizacji projekt\u00f3w transgranicznych w tym obszarze, na przyk\u0142adzie polsko-niemieckim.","og_url":"https:\/\/shop.verlag.uni-potsdam.de\/en\/shop\/grenzueberschreitende-daseinsvorsorge-im-deutsch-polnischen-grenzraum-ebook\/","og_site_name":"Universit\u00e4tsverlag Potsdam","article_modified_time":"2026-04-21T14:39:56+00:00","og_image":[{"width":1339,"height":1890,"url":"https:\/\/shop.verlag.uni-potsdam.de\/wp-content\/uploads\/asolmerce\/image-u1_kwi-diskurs02.jpg","type":"image\/jpeg"}],"twitter_card":"summary_large_image","twitter_misc":{"Est. reading time":"1 minute"},"schema":{"@context":"https:\/\/schema.org","@graph":[{"@type":"WebPage","@id":"https:\/\/shop.verlag.uni-potsdam.de\/en\/shop\/grenzueberschreitende-daseinsvorsorge-im-deutsch-polnischen-grenzraum-ebook\/","url":"https:\/\/shop.verlag.uni-potsdam.de\/en\/shop\/grenzueberschreitende-daseinsvorsorge-im-deutsch-polnischen-grenzraum-ebook\/","name":"Grenz\u00fcberschreitende Daseinsvorsorge im deutsch-polnischen Grenzraum - Universit\u00e4tsverlag Potsdam","isPartOf":{"@id":"https:\/\/shop.verlag.uni-potsdam.de\/en\/#website"},"primaryImageOfPage":{"@id":"https:\/\/shop.verlag.uni-potsdam.de\/en\/shop\/grenzueberschreitende-daseinsvorsorge-im-deutsch-polnischen-grenzraum-ebook\/#primaryimage"},"image":{"@id":"https:\/\/shop.verlag.uni-potsdam.de\/shop\/grenzueberschreitende-daseinsvorsorge-im-deutsch-polnischen-grenzraum-ebook\/#primaryimage"},"thumbnailUrl":"https:\/\/shop.verlag.uni-potsdam.de\/wp-content\/uploads\/asolmerce\/image-u1_kwi-diskurs02.jpg","datePublished":"2026-04-21T12:38:56+00:00","dateModified":"2026-04-21T14:39:56+00:00","breadcrumb":{"@id":"https:\/\/shop.verlag.uni-potsdam.de\/en\/shop\/grenzueberschreitende-daseinsvorsorge-im-deutsch-polnischen-grenzraum-ebook\/#breadcrumb"},"inLanguage":"en-US","potentialAction":[{"@type":"ReadAction","target":[["https:\/\/shop.verlag.uni-potsdam.de\/en\/shop\/grenzueberschreitende-daseinsvorsorge-im-deutsch-polnischen-grenzraum-ebook\/"]]}]},{"@type":"ImageObject","inLanguage":"en-US","@id":"https:\/\/shop.verlag.uni-potsdam.de\/en\/shop\/grenzueberschreitende-daseinsvorsorge-im-deutsch-polnischen-grenzraum-ebook\/#primaryimage","url":"https:\/\/shop.verlag.uni-potsdam.de\/wp-content\/uploads\/asolmerce\/image-u1_kwi-diskurs02.jpg","contentUrl":"https:\/\/shop.verlag.uni-potsdam.de\/wp-content\/uploads\/asolmerce\/image-u1_kwi-diskurs02.jpg","width":1339,"height":1890},{"@type":"BreadcrumbList","@id":"https:\/\/shop.verlag.uni-potsdam.de\/en\/shop\/grenzueberschreitende-daseinsvorsorge-im-deutsch-polnischen-grenzraum-ebook\/#breadcrumb","itemListElement":[{"@type":"ListItem","position":1,"name":"Startseite","item":"https:\/\/shop.verlag.uni-potsdam.de\/en\/"},{"@type":"ListItem","position":2,"name":"Shop","item":"https:\/\/shop.verlag.uni-potsdam.de\/en\/shop\/"},{"@type":"ListItem","position":3,"name":"Grenz\u00fcberschreitende Daseinsvorsorge im deutsch-polnischen Grenzraum"}]},{"@type":"WebSite","@id":"https:\/\/shop.verlag.uni-potsdam.de\/en\/#website","url":"https:\/\/shop.verlag.uni-potsdam.de\/en\/","name":"Universit\u00e4tsverlag Potsdam","description":"","publisher":{"@id":"https:\/\/shop.verlag.uni-potsdam.de\/en\/#organization"},"potentialAction":[{"@type":"SearchAction","target":{"@type":"EntryPoint","urlTemplate":"https:\/\/shop.verlag.uni-potsdam.de\/en\/?s={search_term_string}"},"query-input":{"@type":"PropertyValueSpecification","valueRequired":true,"valueName":"search_term_string"}}],"inLanguage":"en-US"},{"@type":"Organization","@id":"https:\/\/shop.verlag.uni-potsdam.de\/en\/#organization","name":"Universit\u00e4tsverlag Potsdam","url":"https:\/\/shop.verlag.uni-potsdam.de\/en\/","logo":{"@type":"ImageObject","inLanguage":"en-US","@id":"https:\/\/shop.verlag.uni-potsdam.de\/en\/#\/schema\/logo\/image\/","url":"https:\/\/shop.verlag.uni-potsdam.de\/wp-content\/uploads\/2017\/04\/up_logo_university_2.png","contentUrl":"https:\/\/shop.verlag.uni-potsdam.de\/wp-content\/uploads\/2017\/04\/up_logo_university_2.png","width":160,"height":172,"caption":"Universit\u00e4tsverlag Potsdam"},"image":{"@id":"https:\/\/shop.verlag.uni-potsdam.de\/en\/#\/schema\/logo\/image\/"}}]}},"_links":{"self":[{"href":"https:\/\/shop.verlag.uni-potsdam.de\/en\/wp-json\/wp\/v2\/product\/74159","targetHints":{"allow":["GET"]}}],"collection":[{"href":"https:\/\/shop.verlag.uni-potsdam.de\/en\/wp-json\/wp\/v2\/product"}],"about":[{"href":"https:\/\/shop.verlag.uni-potsdam.de\/en\/wp-json\/wp\/v2\/types\/product"}],"wp:featuredmedia":[{"embeddable":true,"href":"https:\/\/shop.verlag.uni-potsdam.de\/en\/wp-json\/wp\/v2\/media\/96422"}],"wp:attachment":[{"href":"https:\/\/shop.verlag.uni-potsdam.de\/en\/wp-json\/wp\/v2\/media?parent=74159"}],"wp:term":[{"taxonomy":"product_brand","embeddable":true,"href":"https:\/\/shop.verlag.uni-potsdam.de\/en\/wp-json\/wp\/v2\/product_brand?post=74159"},{"taxonomy":"product_cat","embeddable":true,"href":"https:\/\/shop.verlag.uni-potsdam.de\/en\/wp-json\/wp\/v2\/product_cat?post=74159"},{"taxonomy":"product_tag","embeddable":true,"href":"https:\/\/shop.verlag.uni-potsdam.de\/en\/wp-json\/wp\/v2\/product_tag?post=74159"}],"curies":[{"name":"wp","href":"https:\/\/api.w.org\/{rel}","templated":true}]}}