{"id":74160,"date":"2026-03-23T08:55:34","date_gmt":"2026-03-23T08:55:34","guid":{"rendered":"https:\/\/shop.verlag.uni-potsdam.de\/shop\/empty-product-container-2\/"},"modified":"2026-03-23T11:56:34","modified_gmt":"2026-03-23T10:56:34","slug":"die-preussische-seehandlung-zwischen-markt-staat-und-kultur","status":"publish","type":"product","link":"https:\/\/shop.verlag.uni-potsdam.de\/en\/shop\/die-preussische-seehandlung-zwischen-markt-staat-und-kultur\/","title":{"rendered":"Die Preu\u00dfische Seehandlung zwischen Markt, Staat und Kultur"},"content":{"rendered":"<p class=\"qtranxs-available-languages-message qtranxs-available-languages-message-en\">Sorry, this entry is only available in <a href=\"https:\/\/shop.verlag.uni-potsdam.de\/de\/wp-json\/wp\/v2\/product\/74160\" class=\"qtranxs-available-language-link qtranxs-available-language-link-de\" title=\"Deutsch\">Deutsch<\/a>.<\/p><p>Die K\u00f6niglich Preu\u00dfische Seehandlung, nach der heute die \u201eStiftung Preu\u00dfische Seehandlung\u201c benannt ist, besitzt eine lange und vielseitige Geschichte. Der anl\u00e4sslich des Stiftungsjubil\u00e4ums erscheinende Band wirft einen Blick auf die Gr\u00fcndungskonstellation 1772, als K\u00f6nig Friedrich II. die Gewerbe in Preu\u00dfen f\u00f6rdern wollte. Er zeichnet die Aktivit\u00e4ten von M\u00e4nnern an der Spitze der Seehandlung nach, wie Finanzminister Carl August von Struensee und dem unternehmerisch denkenden Karrierebeamten Christian Rother.<br \/>Das Geb\u00e4ude der Seehandlung wurde nach 1900 neu erbaut und ist heute in der Berlin-Brandenburgischen Akademie am Gendarmenmarkt lebendige Gegenwart. Die Seehandlung erhielt von ihren Zeitgenossen im 19. Jahrhundert ambivalente Urteile. Ein Ausblick auf die Geschichte der Stiftung Preu\u00dfische Seehandlung seit 1983 zeigt das Bem\u00fchen um Kunst- und Kulturf\u00f6rderung als zentrale Aufgabe.<br \/><\/p>","protected":false},"excerpt":{"rendered":"<p class=\"qtranxs-available-languages-message qtranxs-available-languages-message-en\">Sorry, this entry is only available in <a href=\"https:\/\/shop.verlag.uni-potsdam.de\/de\/wp-json\/wp\/v2\/product\/74160\" class=\"qtranxs-available-language-link qtranxs-available-language-link-de\" title=\"Deutsch\">Deutsch<\/a>.<\/p>\n<p>Die K\u00f6niglich Preu\u00dfische Seehandlung, nach der heute die \u201eStiftung Preu\u00dfische Seehandlung\u201c benannt ist, besitzt eine lange und vielseitige Geschichte. Der anl\u00e4sslich des Stiftungsjubil\u00e4ums erscheinende Band wirft einen Blick auf die Gr\u00fcndungskonstellation 1772, als K\u00f6nig Friedrich II. die Gewerbe in Preu\u00dfen f\u00f6rdern wollte. Er zeichnet die Aktivit\u00e4ten von M\u00e4nnern an der Spitze der Seehandlung nach, wie Finanzminister Carl August von Struensee und dem unternehmerisch denkenden Karrierebeamten Christian Rother.<br \/>Das Geb\u00e4ude der Seehandlung wurde nach 1900 neu erbaut und ist heute in der Berlin-Brandenburgischen Akademie am Gendarmenmarkt lebendige Gegenwart. Die Seehandlung erhielt von ihren Zeitgenossen im 19. Jahrhundert ambivalente Urteile. Ein Ausblick auf die Geschichte der Stiftung Preu\u00dfische Seehandlung seit 1983 zeigt das Bem\u00fchen um Kunst- und Kulturf\u00f6rderung als zentrale Aufgabe.<\/p>\n","protected":false},"featured_media":74215,"template":"","meta":{"_acf_changed":false},"product_brand":[],"product_cat":[5096],"product_tag":[6614],"class_list":{"0":"post-74160","1":"product","2":"type-product","3":"status-publish","4":"has-post-thumbnail","6":"product_cat-unkategorisiert","7":"product_tag-19-jahrhundert-friedrich-ii-preussen-seehandlung-stiftung","8":"autor-hans-gerhard-hannesen","9":"autor-hermann-parzinger","10":"autor-horst-bredekamp","11":"autor-iwan-michelangelo-daprile","12":"autor-juergen-luh","13":"autor-kay-usenbinz","14":"autor-monika-wienfort","15":"autor-wolfgang-radtke","17":"first","18":"instock","19":"shipping-taxable","20":"purchasable","21":"product-type-simple"},"acf":[],"yoast_head":"<!-- This site is optimized with the Yoast SEO plugin v27.1.1 - https:\/\/yoast.com\/product\/yoast-seo-wordpress\/ -->\n<title>Die Preu\u00dfische Seehandlung zwischen Markt, Staat und Kultur - Universit\u00e4tsverlag Potsdam<\/title>\n<meta name=\"robots\" content=\"index, follow, max-snippet:-1, max-image-preview:large, max-video-preview:-1\" \/>\n<link rel=\"canonical\" href=\"https:\/\/shop.verlag.uni-potsdam.de\/en\/shop\/die-preussische-seehandlung-zwischen-markt-staat-und-kultur\/\" \/>\n<meta property=\"og:locale\" content=\"en_US\" \/>\n<meta property=\"og:type\" content=\"article\" \/>\n<meta property=\"og:title\" content=\"Die Preu\u00dfische Seehandlung zwischen Markt, Staat und Kultur - Universit\u00e4tsverlag Potsdam\" \/>\n<meta property=\"og:description\" content=\"Die K\u00f6niglich Preu\u00dfische Seehandlung, nach der heute die \u201eStiftung Preu\u00dfische Seehandlung\u201c benannt ist, besitzt eine lange und vielseitige Geschichte. Der anl\u00e4sslich des Stiftungsjubil\u00e4ums erscheinende Band wirft einen Blick auf die Gr\u00fcndungskonstellation 1772, als K\u00f6nig Friedrich II. die Gewerbe in Preu\u00dfen f\u00f6rdern wollte. Er zeichnet die Aktivit\u00e4ten von M\u00e4nnern an der Spitze der Seehandlung nach, wie Finanzminister Carl August von Struensee und dem unternehmerisch denkenden Karrierebeamten Christian Rother.Das Geb\u00e4ude der Seehandlung wurde nach 1900 neu erbaut und ist heute in der Berlin-Brandenburgischen Akademie am Gendarmenmarkt lebendige Gegenwart. Die Seehandlung erhielt von ihren Zeitgenossen im 19. Jahrhundert ambivalente Urteile. Ein Ausblick auf die Geschichte der Stiftung Preu\u00dfische Seehandlung seit 1983 zeigt das Bem\u00fchen um Kunst- und Kulturf\u00f6rderung als zentrale Aufgabe.\" \/>\n<meta property=\"og:url\" content=\"https:\/\/shop.verlag.uni-potsdam.de\/en\/shop\/die-preussische-seehandlung-zwischen-markt-staat-und-kultur\/\" \/>\n<meta property=\"og:site_name\" content=\"Universit\u00e4tsverlag Potsdam\" \/>\n<meta property=\"article:modified_time\" content=\"2026-03-23T10:56:34+00:00\" \/>\n<meta property=\"og:image\" content=\"https:\/\/shop.verlag.uni-potsdam.de\/wp-content\/uploads\/asolmerce\/image-978-3-86956-562-0.jpg\" \/>\n\t<meta property=\"og:image:width\" content=\"1418\" \/>\n\t<meta property=\"og:image:height\" content=\"2209\" \/>\n\t<meta property=\"og:image:type\" content=\"image\/jpeg\" \/>\n<meta name=\"twitter:card\" content=\"summary_large_image\" \/>\n<meta name=\"twitter:label1\" content=\"Est. reading time\" \/>\n\t<meta name=\"twitter:data1\" content=\"1 minute\" \/>\n<script type=\"application\/ld+json\" class=\"yoast-schema-graph\">{\"@context\":\"https:\/\/schema.org\",\"@graph\":[{\"@type\":\"WebPage\",\"@id\":\"https:\/\/shop.verlag.uni-potsdam.de\/en\/shop\/die-preussische-seehandlung-zwischen-markt-staat-und-kultur\/\",\"url\":\"https:\/\/shop.verlag.uni-potsdam.de\/en\/shop\/die-preussische-seehandlung-zwischen-markt-staat-und-kultur\/\",\"name\":\"Die Preu\u00dfische Seehandlung zwischen Markt, Staat und Kultur - Universit\u00e4tsverlag Potsdam\",\"isPartOf\":{\"@id\":\"https:\/\/shop.verlag.uni-potsdam.de\/en\/#website\"},\"primaryImageOfPage\":{\"@id\":\"https:\/\/shop.verlag.uni-potsdam.de\/en\/shop\/die-preussische-seehandlung-zwischen-markt-staat-und-kultur\/#primaryimage\"},\"image\":{\"@id\":\"https:\/\/shop.verlag.uni-potsdam.de\/shop\/die-preussische-seehandlung-zwischen-markt-staat-und-kultur\/#primaryimage\"},\"thumbnailUrl\":\"https:\/\/shop.verlag.uni-potsdam.de\/wp-content\/uploads\/asolmerce\/image-978-3-86956-562-0.jpg\",\"datePublished\":\"2026-03-23T08:55:34+00:00\",\"dateModified\":\"2026-03-23T10:56:34+00:00\",\"breadcrumb\":{\"@id\":\"https:\/\/shop.verlag.uni-potsdam.de\/en\/shop\/die-preussische-seehandlung-zwischen-markt-staat-und-kultur\/#breadcrumb\"},\"inLanguage\":\"en-US\",\"potentialAction\":[{\"@type\":\"ReadAction\",\"target\":[[\"https:\/\/shop.verlag.uni-potsdam.de\/en\/shop\/die-preussische-seehandlung-zwischen-markt-staat-und-kultur\/\"]]}]},{\"@type\":\"ImageObject\",\"inLanguage\":\"en-US\",\"@id\":\"https:\/\/shop.verlag.uni-potsdam.de\/en\/shop\/die-preussische-seehandlung-zwischen-markt-staat-und-kultur\/#primaryimage\",\"url\":\"https:\/\/shop.verlag.uni-potsdam.de\/wp-content\/uploads\/asolmerce\/image-978-3-86956-562-0.jpg\",\"contentUrl\":\"https:\/\/shop.verlag.uni-potsdam.de\/wp-content\/uploads\/asolmerce\/image-978-3-86956-562-0.jpg\",\"width\":1418,\"height\":2209},{\"@type\":\"BreadcrumbList\",\"@id\":\"https:\/\/shop.verlag.uni-potsdam.de\/en\/shop\/die-preussische-seehandlung-zwischen-markt-staat-und-kultur\/#breadcrumb\",\"itemListElement\":[{\"@type\":\"ListItem\",\"position\":1,\"name\":\"Startseite\",\"item\":\"https:\/\/shop.verlag.uni-potsdam.de\/en\/\"},{\"@type\":\"ListItem\",\"position\":2,\"name\":\"Shop\",\"item\":\"https:\/\/shop.verlag.uni-potsdam.de\/en\/shop\/\"},{\"@type\":\"ListItem\",\"position\":3,\"name\":\"Die Preu\u00dfische Seehandlung zwischen Markt, Staat und Kultur\"}]},{\"@type\":\"WebSite\",\"@id\":\"https:\/\/shop.verlag.uni-potsdam.de\/en\/#website\",\"url\":\"https:\/\/shop.verlag.uni-potsdam.de\/en\/\",\"name\":\"Universit\u00e4tsverlag Potsdam\",\"description\":\"\",\"publisher\":{\"@id\":\"https:\/\/shop.verlag.uni-potsdam.de\/en\/#organization\"},\"potentialAction\":[{\"@type\":\"SearchAction\",\"target\":{\"@type\":\"EntryPoint\",\"urlTemplate\":\"https:\/\/shop.verlag.uni-potsdam.de\/en\/?s={search_term_string}\"},\"query-input\":{\"@type\":\"PropertyValueSpecification\",\"valueRequired\":true,\"valueName\":\"search_term_string\"}}],\"inLanguage\":\"en-US\"},{\"@type\":\"Organization\",\"@id\":\"https:\/\/shop.verlag.uni-potsdam.de\/en\/#organization\",\"name\":\"Universit\u00e4tsverlag Potsdam\",\"url\":\"https:\/\/shop.verlag.uni-potsdam.de\/en\/\",\"logo\":{\"@type\":\"ImageObject\",\"inLanguage\":\"en-US\",\"@id\":\"https:\/\/shop.verlag.uni-potsdam.de\/en\/#\/schema\/logo\/image\/\",\"url\":\"https:\/\/shop.verlag.uni-potsdam.de\/wp-content\/uploads\/2017\/04\/up_logo_university_2.png\",\"contentUrl\":\"https:\/\/shop.verlag.uni-potsdam.de\/wp-content\/uploads\/2017\/04\/up_logo_university_2.png\",\"width\":160,\"height\":172,\"caption\":\"Universit\u00e4tsverlag Potsdam\"},\"image\":{\"@id\":\"https:\/\/shop.verlag.uni-potsdam.de\/en\/#\/schema\/logo\/image\/\"}}]}<\/script>\n<!-- \/ Yoast SEO plugin. -->","yoast_head_json":{"title":"Die Preu\u00dfische Seehandlung zwischen Markt, Staat und Kultur - Universit\u00e4tsverlag Potsdam","robots":{"index":"index","follow":"follow","max-snippet":"max-snippet:-1","max-image-preview":"max-image-preview:large","max-video-preview":"max-video-preview:-1"},"canonical":"https:\/\/shop.verlag.uni-potsdam.de\/en\/shop\/die-preussische-seehandlung-zwischen-markt-staat-und-kultur\/","og_locale":"en_US","og_type":"article","og_title":"Die Preu\u00dfische Seehandlung zwischen Markt, Staat und Kultur - Universit\u00e4tsverlag Potsdam","og_description":"Die K\u00f6niglich Preu\u00dfische Seehandlung, nach der heute die \u201eStiftung Preu\u00dfische Seehandlung\u201c benannt ist, besitzt eine lange und vielseitige Geschichte. Der anl\u00e4sslich des Stiftungsjubil\u00e4ums erscheinende Band wirft einen Blick auf die Gr\u00fcndungskonstellation 1772, als K\u00f6nig Friedrich II. die Gewerbe in Preu\u00dfen f\u00f6rdern wollte. Er zeichnet die Aktivit\u00e4ten von M\u00e4nnern an der Spitze der Seehandlung nach, wie Finanzminister Carl August von Struensee und dem unternehmerisch denkenden Karrierebeamten Christian Rother.Das Geb\u00e4ude der Seehandlung wurde nach 1900 neu erbaut und ist heute in der Berlin-Brandenburgischen Akademie am Gendarmenmarkt lebendige Gegenwart. Die Seehandlung erhielt von ihren Zeitgenossen im 19. Jahrhundert ambivalente Urteile. Ein Ausblick auf die Geschichte der Stiftung Preu\u00dfische Seehandlung seit 1983 zeigt das Bem\u00fchen um Kunst- und Kulturf\u00f6rderung als zentrale Aufgabe.","og_url":"https:\/\/shop.verlag.uni-potsdam.de\/en\/shop\/die-preussische-seehandlung-zwischen-markt-staat-und-kultur\/","og_site_name":"Universit\u00e4tsverlag Potsdam","article_modified_time":"2026-03-23T10:56:34+00:00","og_image":[{"width":1418,"height":2209,"url":"https:\/\/shop.verlag.uni-potsdam.de\/wp-content\/uploads\/asolmerce\/image-978-3-86956-562-0.jpg","type":"image\/jpeg"}],"twitter_card":"summary_large_image","twitter_misc":{"Est. reading time":"1 minute"},"schema":{"@context":"https:\/\/schema.org","@graph":[{"@type":"WebPage","@id":"https:\/\/shop.verlag.uni-potsdam.de\/en\/shop\/die-preussische-seehandlung-zwischen-markt-staat-und-kultur\/","url":"https:\/\/shop.verlag.uni-potsdam.de\/en\/shop\/die-preussische-seehandlung-zwischen-markt-staat-und-kultur\/","name":"Die Preu\u00dfische Seehandlung zwischen Markt, Staat und Kultur - Universit\u00e4tsverlag Potsdam","isPartOf":{"@id":"https:\/\/shop.verlag.uni-potsdam.de\/en\/#website"},"primaryImageOfPage":{"@id":"https:\/\/shop.verlag.uni-potsdam.de\/en\/shop\/die-preussische-seehandlung-zwischen-markt-staat-und-kultur\/#primaryimage"},"image":{"@id":"https:\/\/shop.verlag.uni-potsdam.de\/shop\/die-preussische-seehandlung-zwischen-markt-staat-und-kultur\/#primaryimage"},"thumbnailUrl":"https:\/\/shop.verlag.uni-potsdam.de\/wp-content\/uploads\/asolmerce\/image-978-3-86956-562-0.jpg","datePublished":"2026-03-23T08:55:34+00:00","dateModified":"2026-03-23T10:56:34+00:00","breadcrumb":{"@id":"https:\/\/shop.verlag.uni-potsdam.de\/en\/shop\/die-preussische-seehandlung-zwischen-markt-staat-und-kultur\/#breadcrumb"},"inLanguage":"en-US","potentialAction":[{"@type":"ReadAction","target":[["https:\/\/shop.verlag.uni-potsdam.de\/en\/shop\/die-preussische-seehandlung-zwischen-markt-staat-und-kultur\/"]]}]},{"@type":"ImageObject","inLanguage":"en-US","@id":"https:\/\/shop.verlag.uni-potsdam.de\/en\/shop\/die-preussische-seehandlung-zwischen-markt-staat-und-kultur\/#primaryimage","url":"https:\/\/shop.verlag.uni-potsdam.de\/wp-content\/uploads\/asolmerce\/image-978-3-86956-562-0.jpg","contentUrl":"https:\/\/shop.verlag.uni-potsdam.de\/wp-content\/uploads\/asolmerce\/image-978-3-86956-562-0.jpg","width":1418,"height":2209},{"@type":"BreadcrumbList","@id":"https:\/\/shop.verlag.uni-potsdam.de\/en\/shop\/die-preussische-seehandlung-zwischen-markt-staat-und-kultur\/#breadcrumb","itemListElement":[{"@type":"ListItem","position":1,"name":"Startseite","item":"https:\/\/shop.verlag.uni-potsdam.de\/en\/"},{"@type":"ListItem","position":2,"name":"Shop","item":"https:\/\/shop.verlag.uni-potsdam.de\/en\/shop\/"},{"@type":"ListItem","position":3,"name":"Die Preu\u00dfische Seehandlung zwischen Markt, Staat und Kultur"}]},{"@type":"WebSite","@id":"https:\/\/shop.verlag.uni-potsdam.de\/en\/#website","url":"https:\/\/shop.verlag.uni-potsdam.de\/en\/","name":"Universit\u00e4tsverlag Potsdam","description":"","publisher":{"@id":"https:\/\/shop.verlag.uni-potsdam.de\/en\/#organization"},"potentialAction":[{"@type":"SearchAction","target":{"@type":"EntryPoint","urlTemplate":"https:\/\/shop.verlag.uni-potsdam.de\/en\/?s={search_term_string}"},"query-input":{"@type":"PropertyValueSpecification","valueRequired":true,"valueName":"search_term_string"}}],"inLanguage":"en-US"},{"@type":"Organization","@id":"https:\/\/shop.verlag.uni-potsdam.de\/en\/#organization","name":"Universit\u00e4tsverlag Potsdam","url":"https:\/\/shop.verlag.uni-potsdam.de\/en\/","logo":{"@type":"ImageObject","inLanguage":"en-US","@id":"https:\/\/shop.verlag.uni-potsdam.de\/en\/#\/schema\/logo\/image\/","url":"https:\/\/shop.verlag.uni-potsdam.de\/wp-content\/uploads\/2017\/04\/up_logo_university_2.png","contentUrl":"https:\/\/shop.verlag.uni-potsdam.de\/wp-content\/uploads\/2017\/04\/up_logo_university_2.png","width":160,"height":172,"caption":"Universit\u00e4tsverlag Potsdam"},"image":{"@id":"https:\/\/shop.verlag.uni-potsdam.de\/en\/#\/schema\/logo\/image\/"}}]}},"_links":{"self":[{"href":"https:\/\/shop.verlag.uni-potsdam.de\/en\/wp-json\/wp\/v2\/product\/74160","targetHints":{"allow":["GET"]}}],"collection":[{"href":"https:\/\/shop.verlag.uni-potsdam.de\/en\/wp-json\/wp\/v2\/product"}],"about":[{"href":"https:\/\/shop.verlag.uni-potsdam.de\/en\/wp-json\/wp\/v2\/types\/product"}],"wp:featuredmedia":[{"embeddable":true,"href":"https:\/\/shop.verlag.uni-potsdam.de\/en\/wp-json\/wp\/v2\/media\/74215"}],"wp:attachment":[{"href":"https:\/\/shop.verlag.uni-potsdam.de\/en\/wp-json\/wp\/v2\/media?parent=74160"}],"wp:term":[{"taxonomy":"product_brand","embeddable":true,"href":"https:\/\/shop.verlag.uni-potsdam.de\/en\/wp-json\/wp\/v2\/product_brand?post=74160"},{"taxonomy":"product_cat","embeddable":true,"href":"https:\/\/shop.verlag.uni-potsdam.de\/en\/wp-json\/wp\/v2\/product_cat?post=74160"},{"taxonomy":"product_tag","embeddable":true,"href":"https:\/\/shop.verlag.uni-potsdam.de\/en\/wp-json\/wp\/v2\/product_tag?post=74160"}],"curies":[{"name":"wp","href":"https:\/\/api.w.org\/{rel}","templated":true}]}}