{"id":74195,"date":"2026-03-23T08:55:34","date_gmt":"2026-03-23T08:55:34","guid":{"rendered":"https:\/\/shop.verlag.uni-potsdam.de\/shop\/empty-product-container-2\/"},"modified":"2026-03-23T11:56:35","modified_gmt":"2026-03-23T10:56:35","slug":"reflexion-in-der-lehrkraeftebildung","status":"publish","type":"product","link":"https:\/\/shop.verlag.uni-potsdam.de\/en\/shop\/reflexion-in-der-lehrkraeftebildung\/","title":{"rendered":"Reflexion in der Lehrkr\u00e4ftebildung"},"content":{"rendered":"<p class=\"qtranxs-available-languages-message qtranxs-available-languages-message-en\">Sorry, this entry is only available in <a href=\"https:\/\/shop.verlag.uni-potsdam.de\/de\/wp-json\/wp\/v2\/product\/74195\" class=\"qtranxs-available-language-link qtranxs-available-language-link-de\" title=\"Deutsch\">Deutsch<\/a>.<\/p><p>Reflexion ist eine Schl\u00fcsselkategorie f\u00fcr die professionelle Entwicklung von Lehrkr\u00e4ften, welche als Ausbildungsziel in den Bildungsstandards f\u00fcr die Lehrkr\u00e4ftebildung verankert ist. Eine Verstetigung universit\u00e4r gepr\u00e4gter Forschung und Modellierung in der praxisnahen Anwendung im schulischen Kontext bietet Potentiale nachhaltiger Professionalisierung. Die St\u00e4rkung reflexionsbezogener Kompetenzen durch Empirie und Anwendung scheint eine phasen\u00fcbergreifende Herausforderung der Lehrkr\u00e4ftebildung zu sein, die es zu bew\u00e4ltigen gilt. Ziele des Tagungsbandes Reflexion in der Lehrkr\u00e4ftebildung sind eine theoretische Sch\u00e4rfung des Konzeptes \u201eReflexive Professionalisierung\u201c und der Austausch \u00fcber Fragen der Einbettung wirksamer reflexionsbezogener Lerngelegenheiten in die Lehrkr\u00e4ftebildung. Forschende und Lehrende der\u201a drei Phasen (Studium, Referendariat sowie Fort- und Weiterbildung) der Lehrkr\u00e4ftebildung stellen Lehrkonzepte und Forschungsprojekte zum Thema Reflexion in der Lehrkr\u00e4ftebildung vor und diskutieren diese. Gemeinsam mit Teilnehmenden aller Phasen und von verschiedenen Standorten der Lehrkr\u00e4ftebildung werden zuk\u00fcnftige Herausforderungen identifiziert und L\u00f6sungsans\u00e4tze herausgearbeitet.<\/p>","protected":false},"excerpt":{"rendered":"<p class=\"qtranxs-available-languages-message qtranxs-available-languages-message-en\">Sorry, this entry is only available in <a href=\"https:\/\/shop.verlag.uni-potsdam.de\/de\/wp-json\/wp\/v2\/product\/74195\" class=\"qtranxs-available-language-link qtranxs-available-language-link-de\" title=\"Deutsch\">Deutsch<\/a>.<\/p>\n<p>Reflexion ist eine Schl\u00fcsselkategorie f\u00fcr die professionelle Entwicklung von Lehrkr\u00e4ften, welche als Ausbildungsziel in den Bildungsstandards f\u00fcr die Lehrkr\u00e4ftebildung verankert ist. Eine Verstetigung universit\u00e4r gepr\u00e4gter Forschung und Modellierung in der praxisnahen Anwendung im schulischen Kontext bietet Potentiale nachhaltiger Professionalisierung. Die St\u00e4rkung reflexionsbezogener Kompetenzen durch Empirie und Anwendung scheint eine phasen\u00fcbergreifende Herausforderung der Lehrkr\u00e4ftebildung zu sein, die es zu bew\u00e4ltigen gilt. Ziele des Tagungsbandes Reflexion in der Lehrkr\u00e4ftebildung sind eine theoretische Sch\u00e4rfung des Konzeptes \u201eReflexive Professionalisierung\u201c und der Austausch \u00fcber Fragen der Einbettung wirksamer reflexionsbezogener Lerngelegenheiten in die Lehrkr\u00e4ftebildung. Forschende und Lehrende der\u201a drei Phasen (Studium, Referendariat sowie Fort- und Weiterbildung) der Lehrkr\u00e4ftebildung stellen Lehrkonzepte und Forschungsprojekte zum Thema Reflexion in der Lehrkr\u00e4ftebildung vor und diskutieren diese. Gemeinsam mit Teilnehmenden aller Phasen und von verschiedenen Standorten der Lehrkr\u00e4ftebildung werden zuk\u00fcnftige Herausforderungen identifiziert und L\u00f6sungsans\u00e4tze herausgearbeitet.<\/p>\n","protected":false},"featured_media":74295,"template":"","meta":{"_acf_changed":false},"product_brand":[],"product_cat":[6220],"product_tag":[6649],"class_list":{"0":"post-74195","1":"product","2":"type-product","3":"status-publish","4":"has-post-thumbnail","6":"product_cat-paedagogik-web-kategorie","7":"product_tag-feedback-lehrkraeftebildung-reflexion-reflexionskompetenz-reflexivitaet","8":"autor-andreas-borowski","9":"autor-angelika-preisfeld","10":"autor-angelika-wiehl","11":"autor-anja-boehnke","12":"autor-anja-tinnefeld","13":"autor-anke-redecker","14":"autor-ann-catherine-liebsch","15":"autor-ann-christin-faix","16":"autor-anna-loebig","17":"autor-anna-nowak","18":"autor-anna-weissbach","19":"autor-anne-marie-lachmund","20":"autor-annett-wienmeister","21":"autor-ben-opitz","22":"autor-bengta-marie-leopold","23":"autor-bettina-hannover","24":"autor-birgit-brandt","25":"autor-carolin-d-fellenz","26":"autor-cathleen-larisch","27":"autor-christiane-klempin","28":"autor-christina-knott","29":"autor-christina-watson","30":"autor-christoph-kulgemeyer","31":"autor-christoph-schaefer","32":"autor-christoph-vogelsang","33":"autor-christopher-jaenisch","34":"autor-claudia-von-aufschnaiter","35":"autor-corinne-wyss","36":"autor-daniel-rehfeldt","37":"autor-daniel-scholl","38":"autor-daria-ferencik-lehmkuhl","39":"autor-david-gasparjan","40":"autor-dennis-dietz","41":"autor-detlef-pech","42":"autor-doerte-ostersehlt","43":"autor-edina-schneider","44":"autor-eveline-wittmann","45":"autor-franz-kaiser","46":"autor-franziska-schisslbauer","47":"autor-friedericke-rechl","48":"autor-gesine-andersen","49":"autor-henriette-dausend","50":"autor-hilde-koester","51":"autor-jan-simon-zimmermann","52":"autor-jana-meier","53":"autor-jennifer-malek","54":"autor-jens-damkoehler","55":"autor-joerg-holle","56":"autor-julia-frohn","57":"autor-julia-nadine-warrelmann","58":"autor-katharina-hoeller","59":"autor-kathrin-boukrayaa-trabelsi","60":"autor-kathrin-te-poel","61":"autor-kati-puegner","62":"autor-katrin-koerner","63":"autor-kristin-kindermann-guezel","64":"autor-laureen-gadinger","65":"autor-lea-kallenbach","66":"autor-leena-broell","67":"autor-lena-heinze","68":"autor-leroy-grossmann","69":"autor-lesya-skintey","70":"autor-lisa-jiang","71":"autor-lisa-spitzer","72":"autor-lisa-marie-lottermoser","73":"autor-lukas-lemberger","74":"autor-lukas-mientus","75":"autor-magdalena-buddeberg","76":"autor-magdalena-foerster","77":"autor-mandy-oetken","78":"autor-manuela-franke","79":"autor-marcus-kubsch","80":"autor-maren-meissner","81":"autor-maria-degeling","82":"autor-markus-elsholz","83":"autor-martin-braemer","84":"autor-martin-luecke","85":"autor-martin-pieper","86":"autor-maximilian-haberbosch","87":"autor-meike-breuer","88":"autor-melanie-bruechner","89":"autor-mergenfel-a-vaz-ferreira","90":"autor-michael-krelle","91":"autor-michael-sambanis","92":"autor-mirjam-dick","93":"autor-moiken-jessen","94":"autor-nadia-wahbe","95":"autor-nadine-franken","96":"autor-nadine-sonnenburg","97":"autor-nadine-weber","98":"autor-nathalie-stegmueller","99":"autor-nina-skorsetz","100":"autor-novid-ghassemi-tabrizi","101":"autor-pascal-schreier","102":"autor-paul-voerkel","103":"autor-peggy-schmidt","104":"autor-peter-wulff-1","105":"autor-renata-behrendt","106":"autor-sabine-hornberg","107":"autor-sarah-brauns","108":"autor-sarah-rau-patschke","109":"autor-sascha-falke","110":"autor-sebastian-gorski","111":"autor-selim-akarsu","112":"autor-silvia-fraenkel","113":"autor-simon-kueth","114":"autor-simone-abels","115":"autor-sonja-schaal","116":"autor-sophia-peukert","117":"autor-stefan-sorge","118":"autor-stefanie-reimer","119":"autor-steffen-schaal","120":"autor-stephanie-gruenbauer","121":"autor-stephanie-grundmann","122":"autor-susanne-gerlach","123":"autor-susanne-schnell","124":"autor-tamara-riehle","125":"autor-thomas-trefzger","126":"autor-till-zoppke","127":"autor-tim-rogge","128":"autor-tobias-bauer","129":"autor-tobias-lewek","130":"autor-ulrike-barth","131":"autor-uta-grossmann","132":"autor-valentina-conty","133":"autor-vanessa-henke","134":"autor-volkhard-nordmeier","135":"autor-yvette-voelschow","137":"first","138":"instock","139":"shipping-taxable","140":"purchasable","141":"product-type-simple"},"acf":[],"yoast_head":"<!-- This site is optimized with the Yoast SEO plugin v27.1.1 - https:\/\/yoast.com\/product\/yoast-seo-wordpress\/ -->\n<title>Reflexion in der Lehrkr\u00e4ftebildung - Universit\u00e4tsverlag Potsdam<\/title>\n<meta name=\"robots\" content=\"index, follow, max-snippet:-1, max-image-preview:large, max-video-preview:-1\" \/>\n<link rel=\"canonical\" href=\"https:\/\/shop.verlag.uni-potsdam.de\/en\/shop\/reflexion-in-der-lehrkraeftebildung\/\" \/>\n<meta property=\"og:locale\" content=\"en_US\" \/>\n<meta property=\"og:type\" content=\"article\" \/>\n<meta property=\"og:title\" content=\"Reflexion in der Lehrkr\u00e4ftebildung - Universit\u00e4tsverlag Potsdam\" \/>\n<meta property=\"og:description\" content=\"Reflexion ist eine Schl\u00fcsselkategorie f\u00fcr die professionelle Entwicklung von Lehrkr\u00e4ften, welche als Ausbildungsziel in den Bildungsstandards f\u00fcr die Lehrkr\u00e4ftebildung verankert ist. Eine Verstetigung universit\u00e4r gepr\u00e4gter Forschung und Modellierung in der praxisnahen Anwendung im schulischen Kontext bietet Potentiale nachhaltiger Professionalisierung. Die St\u00e4rkung reflexionsbezogener Kompetenzen durch Empirie und Anwendung scheint eine phasen\u00fcbergreifende Herausforderung der Lehrkr\u00e4ftebildung zu sein, die es zu bew\u00e4ltigen gilt. Ziele des Tagungsbandes Reflexion in der Lehrkr\u00e4ftebildung sind eine theoretische Sch\u00e4rfung des Konzeptes \u201eReflexive Professionalisierung\u201c und der Austausch \u00fcber Fragen der Einbettung wirksamer reflexionsbezogener Lerngelegenheiten in die Lehrkr\u00e4ftebildung. Forschende und Lehrende der\u201a drei Phasen (Studium, Referendariat sowie Fort- und Weiterbildung) der Lehrkr\u00e4ftebildung stellen Lehrkonzepte und Forschungsprojekte zum Thema Reflexion in der Lehrkr\u00e4ftebildung vor und diskutieren diese. Gemeinsam mit Teilnehmenden aller Phasen und von verschiedenen Standorten der Lehrkr\u00e4ftebildung werden zuk\u00fcnftige Herausforderungen identifiziert und L\u00f6sungsans\u00e4tze herausgearbeitet.\" \/>\n<meta property=\"og:url\" content=\"https:\/\/shop.verlag.uni-potsdam.de\/en\/shop\/reflexion-in-der-lehrkraeftebildung\/\" \/>\n<meta property=\"og:site_name\" content=\"Universit\u00e4tsverlag Potsdam\" \/>\n<meta property=\"article:modified_time\" content=\"2026-03-23T10:56:35+00:00\" \/>\n<meta property=\"og:image\" content=\"https:\/\/shop.verlag.uni-potsdam.de\/wp-content\/uploads\/asolmerce\/image-978-3-86956-566-8.jpg\" \/>\n\t<meta property=\"og:image:width\" content=\"1749\" \/>\n\t<meta property=\"og:image:height\" content=\"2481\" \/>\n\t<meta property=\"og:image:type\" content=\"image\/jpeg\" \/>\n<meta name=\"twitter:card\" content=\"summary_large_image\" \/>\n<meta name=\"twitter:label1\" content=\"Est. reading time\" \/>\n\t<meta name=\"twitter:data1\" content=\"1 minute\" \/>\n<script type=\"application\/ld+json\" class=\"yoast-schema-graph\">{\"@context\":\"https:\/\/schema.org\",\"@graph\":[{\"@type\":\"WebPage\",\"@id\":\"https:\/\/shop.verlag.uni-potsdam.de\/en\/shop\/reflexion-in-der-lehrkraeftebildung\/\",\"url\":\"https:\/\/shop.verlag.uni-potsdam.de\/en\/shop\/reflexion-in-der-lehrkraeftebildung\/\",\"name\":\"Reflexion in der Lehrkr\u00e4ftebildung - Universit\u00e4tsverlag Potsdam\",\"isPartOf\":{\"@id\":\"https:\/\/shop.verlag.uni-potsdam.de\/en\/#website\"},\"primaryImageOfPage\":{\"@id\":\"https:\/\/shop.verlag.uni-potsdam.de\/en\/shop\/reflexion-in-der-lehrkraeftebildung\/#primaryimage\"},\"image\":{\"@id\":\"https:\/\/shop.verlag.uni-potsdam.de\/shop\/reflexion-in-der-lehrkraeftebildung\/#primaryimage\"},\"thumbnailUrl\":\"https:\/\/shop.verlag.uni-potsdam.de\/wp-content\/uploads\/asolmerce\/image-978-3-86956-566-8.jpg\",\"datePublished\":\"2026-03-23T08:55:34+00:00\",\"dateModified\":\"2026-03-23T10:56:35+00:00\",\"breadcrumb\":{\"@id\":\"https:\/\/shop.verlag.uni-potsdam.de\/en\/shop\/reflexion-in-der-lehrkraeftebildung\/#breadcrumb\"},\"inLanguage\":\"en-US\",\"potentialAction\":[{\"@type\":\"ReadAction\",\"target\":[[\"https:\/\/shop.verlag.uni-potsdam.de\/en\/shop\/reflexion-in-der-lehrkraeftebildung\/\"]]}]},{\"@type\":\"ImageObject\",\"inLanguage\":\"en-US\",\"@id\":\"https:\/\/shop.verlag.uni-potsdam.de\/en\/shop\/reflexion-in-der-lehrkraeftebildung\/#primaryimage\",\"url\":\"https:\/\/shop.verlag.uni-potsdam.de\/wp-content\/uploads\/asolmerce\/image-978-3-86956-566-8.jpg\",\"contentUrl\":\"https:\/\/shop.verlag.uni-potsdam.de\/wp-content\/uploads\/asolmerce\/image-978-3-86956-566-8.jpg\",\"width\":1749,\"height\":2481},{\"@type\":\"BreadcrumbList\",\"@id\":\"https:\/\/shop.verlag.uni-potsdam.de\/en\/shop\/reflexion-in-der-lehrkraeftebildung\/#breadcrumb\",\"itemListElement\":[{\"@type\":\"ListItem\",\"position\":1,\"name\":\"Startseite\",\"item\":\"https:\/\/shop.verlag.uni-potsdam.de\/en\/\"},{\"@type\":\"ListItem\",\"position\":2,\"name\":\"Shop\",\"item\":\"https:\/\/shop.verlag.uni-potsdam.de\/en\/shop\/\"},{\"@type\":\"ListItem\",\"position\":3,\"name\":\"Reflexion in der Lehrkr\u00e4ftebildung\"}]},{\"@type\":\"WebSite\",\"@id\":\"https:\/\/shop.verlag.uni-potsdam.de\/en\/#website\",\"url\":\"https:\/\/shop.verlag.uni-potsdam.de\/en\/\",\"name\":\"Universit\u00e4tsverlag Potsdam\",\"description\":\"\",\"publisher\":{\"@id\":\"https:\/\/shop.verlag.uni-potsdam.de\/en\/#organization\"},\"potentialAction\":[{\"@type\":\"SearchAction\",\"target\":{\"@type\":\"EntryPoint\",\"urlTemplate\":\"https:\/\/shop.verlag.uni-potsdam.de\/en\/?s={search_term_string}\"},\"query-input\":{\"@type\":\"PropertyValueSpecification\",\"valueRequired\":true,\"valueName\":\"search_term_string\"}}],\"inLanguage\":\"en-US\"},{\"@type\":\"Organization\",\"@id\":\"https:\/\/shop.verlag.uni-potsdam.de\/en\/#organization\",\"name\":\"Universit\u00e4tsverlag Potsdam\",\"url\":\"https:\/\/shop.verlag.uni-potsdam.de\/en\/\",\"logo\":{\"@type\":\"ImageObject\",\"inLanguage\":\"en-US\",\"@id\":\"https:\/\/shop.verlag.uni-potsdam.de\/en\/#\/schema\/logo\/image\/\",\"url\":\"https:\/\/shop.verlag.uni-potsdam.de\/wp-content\/uploads\/2017\/04\/up_logo_university_2.png\",\"contentUrl\":\"https:\/\/shop.verlag.uni-potsdam.de\/wp-content\/uploads\/2017\/04\/up_logo_university_2.png\",\"width\":160,\"height\":172,\"caption\":\"Universit\u00e4tsverlag Potsdam\"},\"image\":{\"@id\":\"https:\/\/shop.verlag.uni-potsdam.de\/en\/#\/schema\/logo\/image\/\"}}]}<\/script>\n<!-- \/ Yoast SEO plugin. -->","yoast_head_json":{"title":"Reflexion in der Lehrkr\u00e4ftebildung - Universit\u00e4tsverlag Potsdam","robots":{"index":"index","follow":"follow","max-snippet":"max-snippet:-1","max-image-preview":"max-image-preview:large","max-video-preview":"max-video-preview:-1"},"canonical":"https:\/\/shop.verlag.uni-potsdam.de\/en\/shop\/reflexion-in-der-lehrkraeftebildung\/","og_locale":"en_US","og_type":"article","og_title":"Reflexion in der Lehrkr\u00e4ftebildung - Universit\u00e4tsverlag Potsdam","og_description":"Reflexion ist eine Schl\u00fcsselkategorie f\u00fcr die professionelle Entwicklung von Lehrkr\u00e4ften, welche als Ausbildungsziel in den Bildungsstandards f\u00fcr die Lehrkr\u00e4ftebildung verankert ist. Eine Verstetigung universit\u00e4r gepr\u00e4gter Forschung und Modellierung in der praxisnahen Anwendung im schulischen Kontext bietet Potentiale nachhaltiger Professionalisierung. Die St\u00e4rkung reflexionsbezogener Kompetenzen durch Empirie und Anwendung scheint eine phasen\u00fcbergreifende Herausforderung der Lehrkr\u00e4ftebildung zu sein, die es zu bew\u00e4ltigen gilt. Ziele des Tagungsbandes Reflexion in der Lehrkr\u00e4ftebildung sind eine theoretische Sch\u00e4rfung des Konzeptes \u201eReflexive Professionalisierung\u201c und der Austausch \u00fcber Fragen der Einbettung wirksamer reflexionsbezogener Lerngelegenheiten in die Lehrkr\u00e4ftebildung. Forschende und Lehrende der\u201a drei Phasen (Studium, Referendariat sowie Fort- und Weiterbildung) der Lehrkr\u00e4ftebildung stellen Lehrkonzepte und Forschungsprojekte zum Thema Reflexion in der Lehrkr\u00e4ftebildung vor und diskutieren diese. Gemeinsam mit Teilnehmenden aller Phasen und von verschiedenen Standorten der Lehrkr\u00e4ftebildung werden zuk\u00fcnftige Herausforderungen identifiziert und L\u00f6sungsans\u00e4tze herausgearbeitet.","og_url":"https:\/\/shop.verlag.uni-potsdam.de\/en\/shop\/reflexion-in-der-lehrkraeftebildung\/","og_site_name":"Universit\u00e4tsverlag Potsdam","article_modified_time":"2026-03-23T10:56:35+00:00","og_image":[{"width":1749,"height":2481,"url":"https:\/\/shop.verlag.uni-potsdam.de\/wp-content\/uploads\/asolmerce\/image-978-3-86956-566-8.jpg","type":"image\/jpeg"}],"twitter_card":"summary_large_image","twitter_misc":{"Est. reading time":"1 minute"},"schema":{"@context":"https:\/\/schema.org","@graph":[{"@type":"WebPage","@id":"https:\/\/shop.verlag.uni-potsdam.de\/en\/shop\/reflexion-in-der-lehrkraeftebildung\/","url":"https:\/\/shop.verlag.uni-potsdam.de\/en\/shop\/reflexion-in-der-lehrkraeftebildung\/","name":"Reflexion in der Lehrkr\u00e4ftebildung - Universit\u00e4tsverlag Potsdam","isPartOf":{"@id":"https:\/\/shop.verlag.uni-potsdam.de\/en\/#website"},"primaryImageOfPage":{"@id":"https:\/\/shop.verlag.uni-potsdam.de\/en\/shop\/reflexion-in-der-lehrkraeftebildung\/#primaryimage"},"image":{"@id":"https:\/\/shop.verlag.uni-potsdam.de\/shop\/reflexion-in-der-lehrkraeftebildung\/#primaryimage"},"thumbnailUrl":"https:\/\/shop.verlag.uni-potsdam.de\/wp-content\/uploads\/asolmerce\/image-978-3-86956-566-8.jpg","datePublished":"2026-03-23T08:55:34+00:00","dateModified":"2026-03-23T10:56:35+00:00","breadcrumb":{"@id":"https:\/\/shop.verlag.uni-potsdam.de\/en\/shop\/reflexion-in-der-lehrkraeftebildung\/#breadcrumb"},"inLanguage":"en-US","potentialAction":[{"@type":"ReadAction","target":[["https:\/\/shop.verlag.uni-potsdam.de\/en\/shop\/reflexion-in-der-lehrkraeftebildung\/"]]}]},{"@type":"ImageObject","inLanguage":"en-US","@id":"https:\/\/shop.verlag.uni-potsdam.de\/en\/shop\/reflexion-in-der-lehrkraeftebildung\/#primaryimage","url":"https:\/\/shop.verlag.uni-potsdam.de\/wp-content\/uploads\/asolmerce\/image-978-3-86956-566-8.jpg","contentUrl":"https:\/\/shop.verlag.uni-potsdam.de\/wp-content\/uploads\/asolmerce\/image-978-3-86956-566-8.jpg","width":1749,"height":2481},{"@type":"BreadcrumbList","@id":"https:\/\/shop.verlag.uni-potsdam.de\/en\/shop\/reflexion-in-der-lehrkraeftebildung\/#breadcrumb","itemListElement":[{"@type":"ListItem","position":1,"name":"Startseite","item":"https:\/\/shop.verlag.uni-potsdam.de\/en\/"},{"@type":"ListItem","position":2,"name":"Shop","item":"https:\/\/shop.verlag.uni-potsdam.de\/en\/shop\/"},{"@type":"ListItem","position":3,"name":"Reflexion in der Lehrkr\u00e4ftebildung"}]},{"@type":"WebSite","@id":"https:\/\/shop.verlag.uni-potsdam.de\/en\/#website","url":"https:\/\/shop.verlag.uni-potsdam.de\/en\/","name":"Universit\u00e4tsverlag Potsdam","description":"","publisher":{"@id":"https:\/\/shop.verlag.uni-potsdam.de\/en\/#organization"},"potentialAction":[{"@type":"SearchAction","target":{"@type":"EntryPoint","urlTemplate":"https:\/\/shop.verlag.uni-potsdam.de\/en\/?s={search_term_string}"},"query-input":{"@type":"PropertyValueSpecification","valueRequired":true,"valueName":"search_term_string"}}],"inLanguage":"en-US"},{"@type":"Organization","@id":"https:\/\/shop.verlag.uni-potsdam.de\/en\/#organization","name":"Universit\u00e4tsverlag Potsdam","url":"https:\/\/shop.verlag.uni-potsdam.de\/en\/","logo":{"@type":"ImageObject","inLanguage":"en-US","@id":"https:\/\/shop.verlag.uni-potsdam.de\/en\/#\/schema\/logo\/image\/","url":"https:\/\/shop.verlag.uni-potsdam.de\/wp-content\/uploads\/2017\/04\/up_logo_university_2.png","contentUrl":"https:\/\/shop.verlag.uni-potsdam.de\/wp-content\/uploads\/2017\/04\/up_logo_university_2.png","width":160,"height":172,"caption":"Universit\u00e4tsverlag Potsdam"},"image":{"@id":"https:\/\/shop.verlag.uni-potsdam.de\/en\/#\/schema\/logo\/image\/"}}]}},"_links":{"self":[{"href":"https:\/\/shop.verlag.uni-potsdam.de\/en\/wp-json\/wp\/v2\/product\/74195","targetHints":{"allow":["GET"]}}],"collection":[{"href":"https:\/\/shop.verlag.uni-potsdam.de\/en\/wp-json\/wp\/v2\/product"}],"about":[{"href":"https:\/\/shop.verlag.uni-potsdam.de\/en\/wp-json\/wp\/v2\/types\/product"}],"wp:featuredmedia":[{"embeddable":true,"href":"https:\/\/shop.verlag.uni-potsdam.de\/en\/wp-json\/wp\/v2\/media\/74295"}],"wp:attachment":[{"href":"https:\/\/shop.verlag.uni-potsdam.de\/en\/wp-json\/wp\/v2\/media?parent=74195"}],"wp:term":[{"taxonomy":"product_brand","embeddable":true,"href":"https:\/\/shop.verlag.uni-potsdam.de\/en\/wp-json\/wp\/v2\/product_brand?post=74195"},{"taxonomy":"product_cat","embeddable":true,"href":"https:\/\/shop.verlag.uni-potsdam.de\/en\/wp-json\/wp\/v2\/product_cat?post=74195"},{"taxonomy":"product_tag","embeddable":true,"href":"https:\/\/shop.verlag.uni-potsdam.de\/en\/wp-json\/wp\/v2\/product_tag?post=74195"}],"curies":[{"name":"wp","href":"https:\/\/api.w.org\/{rel}","templated":true}]}}