{"id":74203,"date":"2026-03-23T08:55:35","date_gmt":"2026-03-23T08:55:35","guid":{"rendered":"https:\/\/shop.verlag.uni-potsdam.de\/shop\/empty-product-container-2\/"},"modified":"2026-03-23T11:56:36","modified_gmt":"2026-03-23T10:56:36","slug":"studien-zur-juristischen-ideengeschichte","status":"publish","type":"product","link":"https:\/\/shop.verlag.uni-potsdam.de\/en\/shop\/studien-zur-juristischen-ideengeschichte\/","title":{"rendered":"Studien zur juristischen Ideengeschichte"},"content":{"rendered":"<p class=\"qtranxs-available-languages-message qtranxs-available-languages-message-en\">Sorry, this entry is only available in <a href=\"https:\/\/shop.verlag.uni-potsdam.de\/de\/wp-json\/wp\/v2\/product\/74203\" class=\"qtranxs-available-language-link qtranxs-available-language-link-de\" title=\"Deutsch\">Deutsch<\/a>.<\/p><p>Albert Hirschman hat sein schmales, aber \u00fcberaus gehaltvolles Werk \u00fcber \u201aLeidenschaften und Interessen\u2018 mit einer nachdenkenswerten Bemerkung beschlossen, die veranschaulicht, warum die Besch\u00e4ftigung mit der Ideen- und Geistesgeschichte auch aus heutiger Sicht noch lohnenswert ist: \u201eDas ist wohl das einzige, was man vom Studium der Geschichte, insbesondere der Theorie- und Geistesgeschichte erwarten darf: Nicht, dass die Streitfragen entschieden, sondern dass das Niveau der Auseinandersetzung \u00fcber sie gehoben wird.\u201c<\/p>\n<p>Die im vorliegenden Band abgedruckten Beitr\u00e4ge wurden in den 25 Jahren zwischen 1997 und 2022 in unterschiedlichen Zeit- und Festschriften ver\u00f6ffentlicht und f\u00fcr die vorliegende Zusammenstellung behutsam \u00fcberarbeitet.<\/p>","protected":false},"excerpt":{"rendered":"<p class=\"qtranxs-available-languages-message qtranxs-available-languages-message-en\">Sorry, this entry is only available in <a href=\"https:\/\/shop.verlag.uni-potsdam.de\/de\/wp-json\/wp\/v2\/product\/74203\" class=\"qtranxs-available-language-link qtranxs-available-language-link-de\" title=\"Deutsch\">Deutsch<\/a>.<\/p>\n<p>Albert Hirschman hat sein schmales, aber \u00fcberaus gehaltvolles Werk \u00fcber \u201aLeidenschaften und Interessen\u2018 mit einer nachdenkenswerten Bemerkung beschlossen, die veranschaulicht, warum die Besch\u00e4ftigung mit der Ideen- und Geistesgeschichte auch aus heutiger Sicht noch lohnenswert ist: \u201eDas ist wohl das einzige, was man vom Studium der Geschichte, insbesondere der Theorie- und Geistesgeschichte erwarten darf: Nicht, dass die Streitfragen entschieden, sondern dass das Niveau der Auseinandersetzung \u00fcber sie gehoben wird.\u201c<\/p>\n<p>Die im vorliegenden Band abgedruckten Beitr\u00e4ge wurden in den 25 Jahren zwischen 1997 und 2022 in unterschiedlichen Zeit- und Festschriften ver\u00f6ffentlicht und f\u00fcr die vorliegende Zusammenstellung behutsam \u00fcberarbeitet.<\/p>\n","protected":false},"featured_media":74204,"template":"","meta":{"_acf_changed":false},"product_brand":[],"product_cat":[5096],"product_tag":[6595,6596],"class_list":{"0":"post-74203","1":"product","2":"type-product","3":"status-publish","4":"has-post-thumbnail","6":"product_cat-unkategorisiert","7":"product_tag-antike-gerechtigkeit-gracian","8":"product_tag-baltasar-interdisziplinaritaet-literatur-ovid-religion-juristische-geistesgeschichte-der-neuzeit-juristische-ideengeschichte-oekologie-oekonomie","9":"autor-jens-petersen","11":"first","12":"instock","13":"shipping-taxable","14":"purchasable","15":"product-type-simple"},"acf":[],"yoast_head":"<!-- This site is optimized with the Yoast SEO plugin v27.1.1 - https:\/\/yoast.com\/product\/yoast-seo-wordpress\/ -->\n<title>Studien zur juristischen Ideengeschichte - Universit\u00e4tsverlag Potsdam<\/title>\n<meta name=\"robots\" content=\"index, follow, max-snippet:-1, max-image-preview:large, max-video-preview:-1\" \/>\n<link rel=\"canonical\" href=\"https:\/\/shop.verlag.uni-potsdam.de\/en\/shop\/studien-zur-juristischen-ideengeschichte\/\" \/>\n<meta property=\"og:locale\" content=\"en_US\" \/>\n<meta property=\"og:type\" content=\"article\" \/>\n<meta property=\"og:title\" content=\"Studien zur juristischen Ideengeschichte - Universit\u00e4tsverlag Potsdam\" \/>\n<meta property=\"og:description\" content=\"Albert Hirschman hat sein schmales, aber \u00fcberaus gehaltvolles Werk \u00fcber \u201aLeidenschaften und Interessen\u2018 mit einer nachdenkenswerten Bemerkung beschlossen, die veranschaulicht, warum die Besch\u00e4ftigung mit der Ideen- und Geistesgeschichte auch aus heutiger Sicht noch lohnenswert ist: \u201eDas ist wohl das einzige, was man vom Studium der Geschichte, insbesondere der Theorie- und Geistesgeschichte erwarten darf: Nicht, dass die Streitfragen entschieden, sondern dass das Niveau der Auseinandersetzung \u00fcber sie gehoben wird.\u201cDie im vorliegenden Band abgedruckten Beitr\u00e4ge wurden in den 25 Jahren zwischen 1997 und 2022 in unterschiedlichen Zeit- und Festschriften ver\u00f6ffentlicht und f\u00fcr die vorliegende Zusammenstellung behutsam \u00fcberarbeitet.\" \/>\n<meta property=\"og:url\" content=\"https:\/\/shop.verlag.uni-potsdam.de\/en\/shop\/studien-zur-juristischen-ideengeschichte\/\" \/>\n<meta property=\"og:site_name\" content=\"Universit\u00e4tsverlag Potsdam\" \/>\n<meta property=\"article:modified_time\" content=\"2026-03-23T10:56:36+00:00\" \/>\n<meta property=\"og:image\" content=\"https:\/\/shop.verlag.uni-potsdam.de\/wp-content\/uploads\/asolmerce\/image-978-3-86956-543-9.jpg\" \/>\n\t<meta property=\"og:image:width\" content=\"1166\" \/>\n\t<meta property=\"og:image:height\" content=\"1812\" \/>\n\t<meta property=\"og:image:type\" content=\"image\/jpeg\" \/>\n<meta name=\"twitter:card\" content=\"summary_large_image\" \/>\n<script type=\"application\/ld+json\" class=\"yoast-schema-graph\">{\"@context\":\"https:\/\/schema.org\",\"@graph\":[{\"@type\":\"WebPage\",\"@id\":\"https:\/\/shop.verlag.uni-potsdam.de\/en\/shop\/studien-zur-juristischen-ideengeschichte\/\",\"url\":\"https:\/\/shop.verlag.uni-potsdam.de\/en\/shop\/studien-zur-juristischen-ideengeschichte\/\",\"name\":\"Studien zur juristischen Ideengeschichte - Universit\u00e4tsverlag Potsdam\",\"isPartOf\":{\"@id\":\"https:\/\/shop.verlag.uni-potsdam.de\/en\/#website\"},\"primaryImageOfPage\":{\"@id\":\"https:\/\/shop.verlag.uni-potsdam.de\/en\/shop\/studien-zur-juristischen-ideengeschichte\/#primaryimage\"},\"image\":{\"@id\":\"https:\/\/shop.verlag.uni-potsdam.de\/shop\/studien-zur-juristischen-ideengeschichte\/#primaryimage\"},\"thumbnailUrl\":\"https:\/\/shop.verlag.uni-potsdam.de\/wp-content\/uploads\/asolmerce\/image-978-3-86956-543-9.jpg\",\"datePublished\":\"2026-03-23T08:55:35+00:00\",\"dateModified\":\"2026-03-23T10:56:36+00:00\",\"breadcrumb\":{\"@id\":\"https:\/\/shop.verlag.uni-potsdam.de\/en\/shop\/studien-zur-juristischen-ideengeschichte\/#breadcrumb\"},\"inLanguage\":\"en-US\",\"potentialAction\":[{\"@type\":\"ReadAction\",\"target\":[[\"https:\/\/shop.verlag.uni-potsdam.de\/en\/shop\/studien-zur-juristischen-ideengeschichte\/\"]]}]},{\"@type\":\"ImageObject\",\"inLanguage\":\"en-US\",\"@id\":\"https:\/\/shop.verlag.uni-potsdam.de\/en\/shop\/studien-zur-juristischen-ideengeschichte\/#primaryimage\",\"url\":\"https:\/\/shop.verlag.uni-potsdam.de\/wp-content\/uploads\/asolmerce\/image-978-3-86956-543-9.jpg\",\"contentUrl\":\"https:\/\/shop.verlag.uni-potsdam.de\/wp-content\/uploads\/asolmerce\/image-978-3-86956-543-9.jpg\",\"width\":1166,\"height\":1812},{\"@type\":\"BreadcrumbList\",\"@id\":\"https:\/\/shop.verlag.uni-potsdam.de\/en\/shop\/studien-zur-juristischen-ideengeschichte\/#breadcrumb\",\"itemListElement\":[{\"@type\":\"ListItem\",\"position\":1,\"name\":\"Startseite\",\"item\":\"https:\/\/shop.verlag.uni-potsdam.de\/en\/\"},{\"@type\":\"ListItem\",\"position\":2,\"name\":\"Shop\",\"item\":\"https:\/\/shop.verlag.uni-potsdam.de\/en\/shop\/\"},{\"@type\":\"ListItem\",\"position\":3,\"name\":\"Studien zur juristischen Ideengeschichte\"}]},{\"@type\":\"WebSite\",\"@id\":\"https:\/\/shop.verlag.uni-potsdam.de\/en\/#website\",\"url\":\"https:\/\/shop.verlag.uni-potsdam.de\/en\/\",\"name\":\"Universit\u00e4tsverlag Potsdam\",\"description\":\"\",\"publisher\":{\"@id\":\"https:\/\/shop.verlag.uni-potsdam.de\/en\/#organization\"},\"potentialAction\":[{\"@type\":\"SearchAction\",\"target\":{\"@type\":\"EntryPoint\",\"urlTemplate\":\"https:\/\/shop.verlag.uni-potsdam.de\/en\/?s={search_term_string}\"},\"query-input\":{\"@type\":\"PropertyValueSpecification\",\"valueRequired\":true,\"valueName\":\"search_term_string\"}}],\"inLanguage\":\"en-US\"},{\"@type\":\"Organization\",\"@id\":\"https:\/\/shop.verlag.uni-potsdam.de\/en\/#organization\",\"name\":\"Universit\u00e4tsverlag Potsdam\",\"url\":\"https:\/\/shop.verlag.uni-potsdam.de\/en\/\",\"logo\":{\"@type\":\"ImageObject\",\"inLanguage\":\"en-US\",\"@id\":\"https:\/\/shop.verlag.uni-potsdam.de\/en\/#\/schema\/logo\/image\/\",\"url\":\"https:\/\/shop.verlag.uni-potsdam.de\/wp-content\/uploads\/2017\/04\/up_logo_university_2.png\",\"contentUrl\":\"https:\/\/shop.verlag.uni-potsdam.de\/wp-content\/uploads\/2017\/04\/up_logo_university_2.png\",\"width\":160,\"height\":172,\"caption\":\"Universit\u00e4tsverlag Potsdam\"},\"image\":{\"@id\":\"https:\/\/shop.verlag.uni-potsdam.de\/en\/#\/schema\/logo\/image\/\"}}]}<\/script>\n<!-- \/ Yoast SEO plugin. -->","yoast_head_json":{"title":"Studien zur juristischen Ideengeschichte - Universit\u00e4tsverlag Potsdam","robots":{"index":"index","follow":"follow","max-snippet":"max-snippet:-1","max-image-preview":"max-image-preview:large","max-video-preview":"max-video-preview:-1"},"canonical":"https:\/\/shop.verlag.uni-potsdam.de\/en\/shop\/studien-zur-juristischen-ideengeschichte\/","og_locale":"en_US","og_type":"article","og_title":"Studien zur juristischen Ideengeschichte - Universit\u00e4tsverlag Potsdam","og_description":"Albert Hirschman hat sein schmales, aber \u00fcberaus gehaltvolles Werk \u00fcber \u201aLeidenschaften und Interessen\u2018 mit einer nachdenkenswerten Bemerkung beschlossen, die veranschaulicht, warum die Besch\u00e4ftigung mit der Ideen- und Geistesgeschichte auch aus heutiger Sicht noch lohnenswert ist: \u201eDas ist wohl das einzige, was man vom Studium der Geschichte, insbesondere der Theorie- und Geistesgeschichte erwarten darf: Nicht, dass die Streitfragen entschieden, sondern dass das Niveau der Auseinandersetzung \u00fcber sie gehoben wird.\u201cDie im vorliegenden Band abgedruckten Beitr\u00e4ge wurden in den 25 Jahren zwischen 1997 und 2022 in unterschiedlichen Zeit- und Festschriften ver\u00f6ffentlicht und f\u00fcr die vorliegende Zusammenstellung behutsam \u00fcberarbeitet.","og_url":"https:\/\/shop.verlag.uni-potsdam.de\/en\/shop\/studien-zur-juristischen-ideengeschichte\/","og_site_name":"Universit\u00e4tsverlag Potsdam","article_modified_time":"2026-03-23T10:56:36+00:00","og_image":[{"width":1166,"height":1812,"url":"https:\/\/shop.verlag.uni-potsdam.de\/wp-content\/uploads\/asolmerce\/image-978-3-86956-543-9.jpg","type":"image\/jpeg"}],"twitter_card":"summary_large_image","schema":{"@context":"https:\/\/schema.org","@graph":[{"@type":"WebPage","@id":"https:\/\/shop.verlag.uni-potsdam.de\/en\/shop\/studien-zur-juristischen-ideengeschichte\/","url":"https:\/\/shop.verlag.uni-potsdam.de\/en\/shop\/studien-zur-juristischen-ideengeschichte\/","name":"Studien zur juristischen Ideengeschichte - Universit\u00e4tsverlag Potsdam","isPartOf":{"@id":"https:\/\/shop.verlag.uni-potsdam.de\/en\/#website"},"primaryImageOfPage":{"@id":"https:\/\/shop.verlag.uni-potsdam.de\/en\/shop\/studien-zur-juristischen-ideengeschichte\/#primaryimage"},"image":{"@id":"https:\/\/shop.verlag.uni-potsdam.de\/shop\/studien-zur-juristischen-ideengeschichte\/#primaryimage"},"thumbnailUrl":"https:\/\/shop.verlag.uni-potsdam.de\/wp-content\/uploads\/asolmerce\/image-978-3-86956-543-9.jpg","datePublished":"2026-03-23T08:55:35+00:00","dateModified":"2026-03-23T10:56:36+00:00","breadcrumb":{"@id":"https:\/\/shop.verlag.uni-potsdam.de\/en\/shop\/studien-zur-juristischen-ideengeschichte\/#breadcrumb"},"inLanguage":"en-US","potentialAction":[{"@type":"ReadAction","target":[["https:\/\/shop.verlag.uni-potsdam.de\/en\/shop\/studien-zur-juristischen-ideengeschichte\/"]]}]},{"@type":"ImageObject","inLanguage":"en-US","@id":"https:\/\/shop.verlag.uni-potsdam.de\/en\/shop\/studien-zur-juristischen-ideengeschichte\/#primaryimage","url":"https:\/\/shop.verlag.uni-potsdam.de\/wp-content\/uploads\/asolmerce\/image-978-3-86956-543-9.jpg","contentUrl":"https:\/\/shop.verlag.uni-potsdam.de\/wp-content\/uploads\/asolmerce\/image-978-3-86956-543-9.jpg","width":1166,"height":1812},{"@type":"BreadcrumbList","@id":"https:\/\/shop.verlag.uni-potsdam.de\/en\/shop\/studien-zur-juristischen-ideengeschichte\/#breadcrumb","itemListElement":[{"@type":"ListItem","position":1,"name":"Startseite","item":"https:\/\/shop.verlag.uni-potsdam.de\/en\/"},{"@type":"ListItem","position":2,"name":"Shop","item":"https:\/\/shop.verlag.uni-potsdam.de\/en\/shop\/"},{"@type":"ListItem","position":3,"name":"Studien zur juristischen Ideengeschichte"}]},{"@type":"WebSite","@id":"https:\/\/shop.verlag.uni-potsdam.de\/en\/#website","url":"https:\/\/shop.verlag.uni-potsdam.de\/en\/","name":"Universit\u00e4tsverlag Potsdam","description":"","publisher":{"@id":"https:\/\/shop.verlag.uni-potsdam.de\/en\/#organization"},"potentialAction":[{"@type":"SearchAction","target":{"@type":"EntryPoint","urlTemplate":"https:\/\/shop.verlag.uni-potsdam.de\/en\/?s={search_term_string}"},"query-input":{"@type":"PropertyValueSpecification","valueRequired":true,"valueName":"search_term_string"}}],"inLanguage":"en-US"},{"@type":"Organization","@id":"https:\/\/shop.verlag.uni-potsdam.de\/en\/#organization","name":"Universit\u00e4tsverlag Potsdam","url":"https:\/\/shop.verlag.uni-potsdam.de\/en\/","logo":{"@type":"ImageObject","inLanguage":"en-US","@id":"https:\/\/shop.verlag.uni-potsdam.de\/en\/#\/schema\/logo\/image\/","url":"https:\/\/shop.verlag.uni-potsdam.de\/wp-content\/uploads\/2017\/04\/up_logo_university_2.png","contentUrl":"https:\/\/shop.verlag.uni-potsdam.de\/wp-content\/uploads\/2017\/04\/up_logo_university_2.png","width":160,"height":172,"caption":"Universit\u00e4tsverlag Potsdam"},"image":{"@id":"https:\/\/shop.verlag.uni-potsdam.de\/en\/#\/schema\/logo\/image\/"}}]}},"_links":{"self":[{"href":"https:\/\/shop.verlag.uni-potsdam.de\/en\/wp-json\/wp\/v2\/product\/74203","targetHints":{"allow":["GET"]}}],"collection":[{"href":"https:\/\/shop.verlag.uni-potsdam.de\/en\/wp-json\/wp\/v2\/product"}],"about":[{"href":"https:\/\/shop.verlag.uni-potsdam.de\/en\/wp-json\/wp\/v2\/types\/product"}],"wp:featuredmedia":[{"embeddable":true,"href":"https:\/\/shop.verlag.uni-potsdam.de\/en\/wp-json\/wp\/v2\/media\/74204"}],"wp:attachment":[{"href":"https:\/\/shop.verlag.uni-potsdam.de\/en\/wp-json\/wp\/v2\/media?parent=74203"}],"wp:term":[{"taxonomy":"product_brand","embeddable":true,"href":"https:\/\/shop.verlag.uni-potsdam.de\/en\/wp-json\/wp\/v2\/product_brand?post=74203"},{"taxonomy":"product_cat","embeddable":true,"href":"https:\/\/shop.verlag.uni-potsdam.de\/en\/wp-json\/wp\/v2\/product_cat?post=74203"},{"taxonomy":"product_tag","embeddable":true,"href":"https:\/\/shop.verlag.uni-potsdam.de\/en\/wp-json\/wp\/v2\/product_tag?post=74203"}],"curies":[{"name":"wp","href":"https:\/\/api.w.org\/{rel}","templated":true}]}}