{"id":74212,"date":"2026-04-27T05:35:08","date_gmt":"2026-04-27T05:35:08","guid":{"rendered":"https:\/\/shop.verlag.uni-potsdam.de\/shop\/empty-product-container-2\/"},"modified":"2026-04-27T09:36:09","modified_gmt":"2026-04-27T07:36:09","slug":"psi-potsdam-2","status":"publish","type":"product","link":"https:\/\/shop.verlag.uni-potsdam.de\/en\/shop\/psi-potsdam-2\/","title":{"rendered":"PSI-Potsdam"},"content":{"rendered":"<p class=\"qtranxs-available-languages-message qtranxs-available-languages-message-en\">Sorry, this entry is only available in <a href=\"https:\/\/shop.verlag.uni-potsdam.de\/de\/wp-json\/wp\/v2\/product\/74212\" class=\"qtranxs-available-language-link qtranxs-available-language-link-de\" title=\"Deutsch\">Deutsch<\/a>.<\/p><p>An der Universit\u00e4t Potsdam wird seit 2015 im Rahmen der \u201eQualit\u00e4tsoffensive Lehrerbildung\u201c das Projekt \u201eProfessionalisierung \u2013 Schulpraktische Studien \u2013 Inklusion\u201c (PSI-Potsdam) durchgef\u00fchrt und am Zentrum f\u00fcr Lehrerbildung und Bildungsforschung (ZeLB) koordiniert. Zur ersten Projektf\u00f6rderphase (2015-2018) erschien der Band \u201ePSI-Potsdam \u2013 Ergebnisbericht zu den Aktivit\u00e4ten im Rahmen der Qualit\u00e4tsoffensive Lehrerbildung (2015-2018)\u201c zum Auftakt der Reihe \u201ePotsdamer Beitr\u00e4ge zur Lehrerbildung und Bildungsforschung\u201c. <br \/>Der vorliegende Band aus der gleichen Reihe gibt in den Kapiteln \u201eErhebungen\u201c, \u201eLehrkonzepte\u201c und \u201eVernetzungen\u201c einen \u00dcberblick \u00fcber alle Teilprojekte der zweiten Projektf\u00f6rderphase (2019-2023). Wissenschaftler:innen aus verschiedenen Fachdidaktiken, Fachwissenschaften sowie aus den Bildungswissenschaften und der Inklusionsp\u00e4dagogik haben im Rahmen des Projektes kooperiert. Sowohl praxisnahe Forschung als auch die Entwicklung neuer Lehrkonzepte sowie Strategien zur Vernetzung innerhalb der Lehrkr\u00e4ftebildung stehen im Fokus dieses Bandes. Die Praxisphasen, die im Rahmen des \u201ePotsdamer Modells der Lehrerbildung\u201c eine zentrale Rolle spielen, wurden in einer gro\u00dfen Studie \u00fcber alle Praxisphasen untersucht. <br \/>Der Band gibt interessante Einblicke in die Ergebnisse der Teilprojekte und Anregungen sowohl f\u00fcr die eigene Forschung als auch f\u00fcr Entwicklungsarbeit wie zum Beispiel die Entwicklung neuer Lehrkonzepte. Herausgegeben wird dieser Band von PD Dr. Jolanda Hermanns (Gesamtkoordinatorin PSI-Potsdam und Chemiedidaktikerin).<\/p>","protected":false},"excerpt":{"rendered":"<p class=\"qtranxs-available-languages-message qtranxs-available-languages-message-en\">Sorry, this entry is only available in <a href=\"https:\/\/shop.verlag.uni-potsdam.de\/de\/wp-json\/wp\/v2\/product\/74212\" class=\"qtranxs-available-language-link qtranxs-available-language-link-de\" title=\"Deutsch\">Deutsch<\/a>.<\/p>\n<p>An der Universit\u00e4t Potsdam wird seit 2015 im Rahmen der \u201eQualit\u00e4tsoffensive Lehrerbildung\u201c das Projekt \u201eProfessionalisierung \u2013 Schulpraktische Studien \u2013 Inklusion\u201c (PSI-Potsdam) durchgef\u00fchrt und am Zentrum f\u00fcr Lehrerbildung und Bildungsforschung (ZeLB) koordiniert. Zur ersten Projektf\u00f6rderphase (2015-2018) erschien der Band \u201ePSI-Potsdam \u2013 Ergebnisbericht zu den Aktivit\u00e4ten im Rahmen der Qualit\u00e4tsoffensive Lehrerbildung (2015-2018)\u201c zum Auftakt der Reihe \u201ePotsdamer Beitr\u00e4ge zur Lehrerbildung und Bildungsforschung\u201c. <br \/>Der vorliegende Band aus der gleichen Reihe gibt in den Kapiteln \u201eErhebungen\u201c, \u201eLehrkonzepte\u201c und \u201eVernetzungen\u201c einen \u00dcberblick \u00fcber alle Teilprojekte der zweiten Projektf\u00f6rderphase (2019-2023). Wissenschaftler:innen aus verschiedenen Fachdidaktiken, Fachwissenschaften sowie aus den Bildungswissenschaften und der Inklusionsp\u00e4dagogik haben im Rahmen des Projektes kooperiert. Sowohl praxisnahe Forschung als auch die Entwicklung neuer Lehrkonzepte sowie Strategien zur Vernetzung innerhalb der Lehrkr\u00e4ftebildung stehen im Fokus dieses Bandes. Die Praxisphasen, die im Rahmen des \u201ePotsdamer Modells der Lehrerbildung\u201c eine zentrale Rolle spielen, wurden in einer gro\u00dfen Studie \u00fcber alle Praxisphasen untersucht. <br \/>Der Band gibt interessante Einblicke in die Ergebnisse der Teilprojekte und Anregungen sowohl f\u00fcr die eigene Forschung als auch f\u00fcr Entwicklungsarbeit wie zum Beispiel die Entwicklung neuer Lehrkonzepte. Herausgegeben wird dieser Band von PD Dr. Jolanda Hermanns (Gesamtkoordinatorin PSI-Potsdam und Chemiedidaktikerin).<\/p>\n","protected":false},"featured_media":74294,"template":"","meta":{"_acf_changed":false},"product_brand":[],"product_cat":[6220],"product_tag":[6643],"class_list":{"0":"post-74212","1":"product","2":"type-product","3":"status-publish","4":"has-post-thumbnail","6":"product_cat-paedagogik-web-kategorie","7":"product_tag-evaluation-konzepte-lehrerbildung-testinstrumente-vernetzung","8":"autor-ana-kuzle","9":"autor-andreas-borowski","10":"autor-anna-bitmann","11":"autor-anna-haupenthal","12":"autor-anna-nowak","13":"autor-anne-menke","14":"autor-antje-ehlert","15":"autor-britta-freitag-hild","16":"autor-daniela-niesta-kayser","17":"autor-dorothea-koerner","18":"autor-dustin-boerner","19":"autor-ella-baer","20":"autor-fabian-lampart","21":"autor-frank-tosch","22":"autor-ingrid-glowinski-1","23":"autor-isabell-hussner","24":"autor-isabelle-fuchs","25":"autor-jakob-thomas-fischer","26":"autor-jana-roos","27":"autor-jannis-bosch","28":"autor-jolanda-hermanns","29":"autor-julia-kruse","30":"autor-juergen-wilbert","31":"autor-karen-reitz-koncebovski","32":"autor-karsten-krauskopf","33":"autor-katrin-boehme","34":"autor-lukas-mientus","35":"autor-marijke-autenrieth","36":"autor-martin-leubner","37":"autor-meike-meyering","38":"autor-michel-knigge","39":"autor-mirko-wendland","40":"autor-monika-fenn","41":"autor-paula-burg","42":"autor-peter-wulff-1","43":"autor-rebecca-lazarides","44":"autor-satyam-antonio-schramm","45":"autor-simon-wagner","46":"autor-stefanie-rother","47":"autor-susanne-reinhardt","48":"autor-thea-radke","49":"autor-tim-braesel","50":"autor-ulrich-kortenkamp","52":"first","53":"instock","54":"shipping-taxable","55":"purchasable","56":"product-type-simple"},"acf":[],"yoast_head":"<!-- This site is optimized with the Yoast SEO plugin v27.1.1 - https:\/\/yoast.com\/product\/yoast-seo-wordpress\/ -->\n<title>PSI-Potsdam - Universit\u00e4tsverlag Potsdam<\/title>\n<meta name=\"robots\" content=\"index, follow, max-snippet:-1, max-image-preview:large, max-video-preview:-1\" \/>\n<link rel=\"canonical\" href=\"https:\/\/shop.verlag.uni-potsdam.de\/en\/shop\/psi-potsdam-2\/\" \/>\n<meta property=\"og:locale\" content=\"en_US\" \/>\n<meta property=\"og:type\" content=\"article\" \/>\n<meta property=\"og:title\" content=\"PSI-Potsdam - Universit\u00e4tsverlag Potsdam\" \/>\n<meta property=\"og:description\" content=\"An der Universit\u00e4t Potsdam wird seit 2015 im Rahmen der \u201eQualit\u00e4tsoffensive Lehrerbildung\u201c das Projekt \u201eProfessionalisierung \u2013 Schulpraktische Studien \u2013 Inklusion\u201c (PSI-Potsdam) durchgef\u00fchrt und am Zentrum f\u00fcr Lehrerbildung und Bildungsforschung (ZeLB) koordiniert. Zur ersten Projektf\u00f6rderphase (2015-2018) erschien der Band \u201ePSI-Potsdam \u2013 Ergebnisbericht zu den Aktivit\u00e4ten im Rahmen der Qualit\u00e4tsoffensive Lehrerbildung (2015-2018)\u201c zum Auftakt der Reihe \u201ePotsdamer Beitr\u00e4ge zur Lehrerbildung und Bildungsforschung\u201c. Der vorliegende Band aus der gleichen Reihe gibt in den Kapiteln \u201eErhebungen\u201c, \u201eLehrkonzepte\u201c und \u201eVernetzungen\u201c einen \u00dcberblick \u00fcber alle Teilprojekte der zweiten Projektf\u00f6rderphase (2019-2023). Wissenschaftler:innen aus verschiedenen Fachdidaktiken, Fachwissenschaften sowie aus den Bildungswissenschaften und der Inklusionsp\u00e4dagogik haben im Rahmen des Projektes kooperiert. Sowohl praxisnahe Forschung als auch die Entwicklung neuer Lehrkonzepte sowie Strategien zur Vernetzung innerhalb der Lehrkr\u00e4ftebildung stehen im Fokus dieses Bandes. Die Praxisphasen, die im Rahmen des \u201ePotsdamer Modells der Lehrerbildung\u201c eine zentrale Rolle spielen, wurden in einer gro\u00dfen Studie \u00fcber alle Praxisphasen untersucht. Der Band gibt interessante Einblicke in die Ergebnisse der Teilprojekte und Anregungen sowohl f\u00fcr die eigene Forschung als auch f\u00fcr Entwicklungsarbeit wie zum Beispiel die Entwicklung neuer Lehrkonzepte. Herausgegeben wird dieser Band von PD Dr. Jolanda Hermanns (Gesamtkoordinatorin PSI-Potsdam und Chemiedidaktikerin).\" \/>\n<meta property=\"og:url\" content=\"https:\/\/shop.verlag.uni-potsdam.de\/en\/shop\/psi-potsdam-2\/\" \/>\n<meta property=\"og:site_name\" content=\"Universit\u00e4tsverlag Potsdam\" \/>\n<meta property=\"article:modified_time\" content=\"2026-04-27T07:36:09+00:00\" \/>\n<meta property=\"og:image\" content=\"https:\/\/shop.verlag.uni-potsdam.de\/wp-content\/uploads\/asolmerce\/image-978-3-86956-568-2.jpg\" \/>\n\t<meta property=\"og:image:width\" content=\"1749\" \/>\n\t<meta property=\"og:image:height\" content=\"2481\" \/>\n\t<meta property=\"og:image:type\" content=\"image\/jpeg\" \/>\n<meta name=\"twitter:card\" content=\"summary_large_image\" \/>\n<meta name=\"twitter:label1\" content=\"Est. reading time\" \/>\n\t<meta name=\"twitter:data1\" content=\"1 minute\" \/>\n<script type=\"application\/ld+json\" class=\"yoast-schema-graph\">{\"@context\":\"https:\/\/schema.org\",\"@graph\":[{\"@type\":\"WebPage\",\"@id\":\"https:\/\/shop.verlag.uni-potsdam.de\/en\/shop\/psi-potsdam-2\/\",\"url\":\"https:\/\/shop.verlag.uni-potsdam.de\/en\/shop\/psi-potsdam-2\/\",\"name\":\"PSI-Potsdam - Universit\u00e4tsverlag Potsdam\",\"isPartOf\":{\"@id\":\"https:\/\/shop.verlag.uni-potsdam.de\/en\/#website\"},\"primaryImageOfPage\":{\"@id\":\"https:\/\/shop.verlag.uni-potsdam.de\/en\/shop\/psi-potsdam-2\/#primaryimage\"},\"image\":{\"@id\":\"https:\/\/shop.verlag.uni-potsdam.de\/shop\/psi-potsdam-2\/#primaryimage\"},\"thumbnailUrl\":\"https:\/\/shop.verlag.uni-potsdam.de\/wp-content\/uploads\/asolmerce\/image-978-3-86956-568-2.jpg\",\"datePublished\":\"2026-04-27T05:35:08+00:00\",\"dateModified\":\"2026-04-27T07:36:09+00:00\",\"breadcrumb\":{\"@id\":\"https:\/\/shop.verlag.uni-potsdam.de\/en\/shop\/psi-potsdam-2\/#breadcrumb\"},\"inLanguage\":\"en-US\",\"potentialAction\":[{\"@type\":\"ReadAction\",\"target\":[[\"https:\/\/shop.verlag.uni-potsdam.de\/en\/shop\/psi-potsdam-2\/\"]]}]},{\"@type\":\"ImageObject\",\"inLanguage\":\"en-US\",\"@id\":\"https:\/\/shop.verlag.uni-potsdam.de\/en\/shop\/psi-potsdam-2\/#primaryimage\",\"url\":\"https:\/\/shop.verlag.uni-potsdam.de\/wp-content\/uploads\/asolmerce\/image-978-3-86956-568-2.jpg\",\"contentUrl\":\"https:\/\/shop.verlag.uni-potsdam.de\/wp-content\/uploads\/asolmerce\/image-978-3-86956-568-2.jpg\",\"width\":1749,\"height\":2481},{\"@type\":\"BreadcrumbList\",\"@id\":\"https:\/\/shop.verlag.uni-potsdam.de\/en\/shop\/psi-potsdam-2\/#breadcrumb\",\"itemListElement\":[{\"@type\":\"ListItem\",\"position\":1,\"name\":\"Startseite\",\"item\":\"https:\/\/shop.verlag.uni-potsdam.de\/en\/\"},{\"@type\":\"ListItem\",\"position\":2,\"name\":\"Shop\",\"item\":\"https:\/\/shop.verlag.uni-potsdam.de\/en\/shop\/\"},{\"@type\":\"ListItem\",\"position\":3,\"name\":\"PSI-Potsdam\"}]},{\"@type\":\"WebSite\",\"@id\":\"https:\/\/shop.verlag.uni-potsdam.de\/en\/#website\",\"url\":\"https:\/\/shop.verlag.uni-potsdam.de\/en\/\",\"name\":\"Universit\u00e4tsverlag Potsdam\",\"description\":\"\",\"publisher\":{\"@id\":\"https:\/\/shop.verlag.uni-potsdam.de\/en\/#organization\"},\"potentialAction\":[{\"@type\":\"SearchAction\",\"target\":{\"@type\":\"EntryPoint\",\"urlTemplate\":\"https:\/\/shop.verlag.uni-potsdam.de\/en\/?s={search_term_string}\"},\"query-input\":{\"@type\":\"PropertyValueSpecification\",\"valueRequired\":true,\"valueName\":\"search_term_string\"}}],\"inLanguage\":\"en-US\"},{\"@type\":\"Organization\",\"@id\":\"https:\/\/shop.verlag.uni-potsdam.de\/en\/#organization\",\"name\":\"Universit\u00e4tsverlag Potsdam\",\"url\":\"https:\/\/shop.verlag.uni-potsdam.de\/en\/\",\"logo\":{\"@type\":\"ImageObject\",\"inLanguage\":\"en-US\",\"@id\":\"https:\/\/shop.verlag.uni-potsdam.de\/en\/#\/schema\/logo\/image\/\",\"url\":\"https:\/\/shop.verlag.uni-potsdam.de\/wp-content\/uploads\/2017\/04\/up_logo_university_2.png\",\"contentUrl\":\"https:\/\/shop.verlag.uni-potsdam.de\/wp-content\/uploads\/2017\/04\/up_logo_university_2.png\",\"width\":160,\"height\":172,\"caption\":\"Universit\u00e4tsverlag Potsdam\"},\"image\":{\"@id\":\"https:\/\/shop.verlag.uni-potsdam.de\/en\/#\/schema\/logo\/image\/\"}}]}<\/script>\n<!-- \/ Yoast SEO plugin. -->","yoast_head_json":{"title":"PSI-Potsdam - Universit\u00e4tsverlag Potsdam","robots":{"index":"index","follow":"follow","max-snippet":"max-snippet:-1","max-image-preview":"max-image-preview:large","max-video-preview":"max-video-preview:-1"},"canonical":"https:\/\/shop.verlag.uni-potsdam.de\/en\/shop\/psi-potsdam-2\/","og_locale":"en_US","og_type":"article","og_title":"PSI-Potsdam - Universit\u00e4tsverlag Potsdam","og_description":"An der Universit\u00e4t Potsdam wird seit 2015 im Rahmen der \u201eQualit\u00e4tsoffensive Lehrerbildung\u201c das Projekt \u201eProfessionalisierung \u2013 Schulpraktische Studien \u2013 Inklusion\u201c (PSI-Potsdam) durchgef\u00fchrt und am Zentrum f\u00fcr Lehrerbildung und Bildungsforschung (ZeLB) koordiniert. Zur ersten Projektf\u00f6rderphase (2015-2018) erschien der Band \u201ePSI-Potsdam \u2013 Ergebnisbericht zu den Aktivit\u00e4ten im Rahmen der Qualit\u00e4tsoffensive Lehrerbildung (2015-2018)\u201c zum Auftakt der Reihe \u201ePotsdamer Beitr\u00e4ge zur Lehrerbildung und Bildungsforschung\u201c. Der vorliegende Band aus der gleichen Reihe gibt in den Kapiteln \u201eErhebungen\u201c, \u201eLehrkonzepte\u201c und \u201eVernetzungen\u201c einen \u00dcberblick \u00fcber alle Teilprojekte der zweiten Projektf\u00f6rderphase (2019-2023). Wissenschaftler:innen aus verschiedenen Fachdidaktiken, Fachwissenschaften sowie aus den Bildungswissenschaften und der Inklusionsp\u00e4dagogik haben im Rahmen des Projektes kooperiert. Sowohl praxisnahe Forschung als auch die Entwicklung neuer Lehrkonzepte sowie Strategien zur Vernetzung innerhalb der Lehrkr\u00e4ftebildung stehen im Fokus dieses Bandes. Die Praxisphasen, die im Rahmen des \u201ePotsdamer Modells der Lehrerbildung\u201c eine zentrale Rolle spielen, wurden in einer gro\u00dfen Studie \u00fcber alle Praxisphasen untersucht. Der Band gibt interessante Einblicke in die Ergebnisse der Teilprojekte und Anregungen sowohl f\u00fcr die eigene Forschung als auch f\u00fcr Entwicklungsarbeit wie zum Beispiel die Entwicklung neuer Lehrkonzepte. Herausgegeben wird dieser Band von PD Dr. Jolanda Hermanns (Gesamtkoordinatorin PSI-Potsdam und Chemiedidaktikerin).","og_url":"https:\/\/shop.verlag.uni-potsdam.de\/en\/shop\/psi-potsdam-2\/","og_site_name":"Universit\u00e4tsverlag Potsdam","article_modified_time":"2026-04-27T07:36:09+00:00","og_image":[{"width":1749,"height":2481,"url":"https:\/\/shop.verlag.uni-potsdam.de\/wp-content\/uploads\/asolmerce\/image-978-3-86956-568-2.jpg","type":"image\/jpeg"}],"twitter_card":"summary_large_image","twitter_misc":{"Est. reading time":"1 minute"},"schema":{"@context":"https:\/\/schema.org","@graph":[{"@type":"WebPage","@id":"https:\/\/shop.verlag.uni-potsdam.de\/en\/shop\/psi-potsdam-2\/","url":"https:\/\/shop.verlag.uni-potsdam.de\/en\/shop\/psi-potsdam-2\/","name":"PSI-Potsdam - Universit\u00e4tsverlag Potsdam","isPartOf":{"@id":"https:\/\/shop.verlag.uni-potsdam.de\/en\/#website"},"primaryImageOfPage":{"@id":"https:\/\/shop.verlag.uni-potsdam.de\/en\/shop\/psi-potsdam-2\/#primaryimage"},"image":{"@id":"https:\/\/shop.verlag.uni-potsdam.de\/shop\/psi-potsdam-2\/#primaryimage"},"thumbnailUrl":"https:\/\/shop.verlag.uni-potsdam.de\/wp-content\/uploads\/asolmerce\/image-978-3-86956-568-2.jpg","datePublished":"2026-04-27T05:35:08+00:00","dateModified":"2026-04-27T07:36:09+00:00","breadcrumb":{"@id":"https:\/\/shop.verlag.uni-potsdam.de\/en\/shop\/psi-potsdam-2\/#breadcrumb"},"inLanguage":"en-US","potentialAction":[{"@type":"ReadAction","target":[["https:\/\/shop.verlag.uni-potsdam.de\/en\/shop\/psi-potsdam-2\/"]]}]},{"@type":"ImageObject","inLanguage":"en-US","@id":"https:\/\/shop.verlag.uni-potsdam.de\/en\/shop\/psi-potsdam-2\/#primaryimage","url":"https:\/\/shop.verlag.uni-potsdam.de\/wp-content\/uploads\/asolmerce\/image-978-3-86956-568-2.jpg","contentUrl":"https:\/\/shop.verlag.uni-potsdam.de\/wp-content\/uploads\/asolmerce\/image-978-3-86956-568-2.jpg","width":1749,"height":2481},{"@type":"BreadcrumbList","@id":"https:\/\/shop.verlag.uni-potsdam.de\/en\/shop\/psi-potsdam-2\/#breadcrumb","itemListElement":[{"@type":"ListItem","position":1,"name":"Startseite","item":"https:\/\/shop.verlag.uni-potsdam.de\/en\/"},{"@type":"ListItem","position":2,"name":"Shop","item":"https:\/\/shop.verlag.uni-potsdam.de\/en\/shop\/"},{"@type":"ListItem","position":3,"name":"PSI-Potsdam"}]},{"@type":"WebSite","@id":"https:\/\/shop.verlag.uni-potsdam.de\/en\/#website","url":"https:\/\/shop.verlag.uni-potsdam.de\/en\/","name":"Universit\u00e4tsverlag Potsdam","description":"","publisher":{"@id":"https:\/\/shop.verlag.uni-potsdam.de\/en\/#organization"},"potentialAction":[{"@type":"SearchAction","target":{"@type":"EntryPoint","urlTemplate":"https:\/\/shop.verlag.uni-potsdam.de\/en\/?s={search_term_string}"},"query-input":{"@type":"PropertyValueSpecification","valueRequired":true,"valueName":"search_term_string"}}],"inLanguage":"en-US"},{"@type":"Organization","@id":"https:\/\/shop.verlag.uni-potsdam.de\/en\/#organization","name":"Universit\u00e4tsverlag Potsdam","url":"https:\/\/shop.verlag.uni-potsdam.de\/en\/","logo":{"@type":"ImageObject","inLanguage":"en-US","@id":"https:\/\/shop.verlag.uni-potsdam.de\/en\/#\/schema\/logo\/image\/","url":"https:\/\/shop.verlag.uni-potsdam.de\/wp-content\/uploads\/2017\/04\/up_logo_university_2.png","contentUrl":"https:\/\/shop.verlag.uni-potsdam.de\/wp-content\/uploads\/2017\/04\/up_logo_university_2.png","width":160,"height":172,"caption":"Universit\u00e4tsverlag Potsdam"},"image":{"@id":"https:\/\/shop.verlag.uni-potsdam.de\/en\/#\/schema\/logo\/image\/"}}]}},"_links":{"self":[{"href":"https:\/\/shop.verlag.uni-potsdam.de\/en\/wp-json\/wp\/v2\/product\/74212","targetHints":{"allow":["GET"]}}],"collection":[{"href":"https:\/\/shop.verlag.uni-potsdam.de\/en\/wp-json\/wp\/v2\/product"}],"about":[{"href":"https:\/\/shop.verlag.uni-potsdam.de\/en\/wp-json\/wp\/v2\/types\/product"}],"wp:featuredmedia":[{"embeddable":true,"href":"https:\/\/shop.verlag.uni-potsdam.de\/en\/wp-json\/wp\/v2\/media\/74294"}],"wp:attachment":[{"href":"https:\/\/shop.verlag.uni-potsdam.de\/en\/wp-json\/wp\/v2\/media?parent=74212"}],"wp:term":[{"taxonomy":"product_brand","embeddable":true,"href":"https:\/\/shop.verlag.uni-potsdam.de\/en\/wp-json\/wp\/v2\/product_brand?post=74212"},{"taxonomy":"product_cat","embeddable":true,"href":"https:\/\/shop.verlag.uni-potsdam.de\/en\/wp-json\/wp\/v2\/product_cat?post=74212"},{"taxonomy":"product_tag","embeddable":true,"href":"https:\/\/shop.verlag.uni-potsdam.de\/en\/wp-json\/wp\/v2\/product_tag?post=74212"}],"curies":[{"name":"wp","href":"https:\/\/api.w.org\/{rel}","templated":true}]}}