{"id":74214,"date":"2026-03-23T08:55:36","date_gmt":"2026-03-23T08:55:36","guid":{"rendered":"https:\/\/shop.verlag.uni-potsdam.de\/shop\/empty-product-container-2\/"},"modified":"2026-03-23T11:56:36","modified_gmt":"2026-03-23T10:56:36","slug":"uebungsbuch-zur-stochastik","status":"publish","type":"product","link":"https:\/\/shop.verlag.uni-potsdam.de\/en\/shop\/uebungsbuch-zur-stochastik\/","title":{"rendered":"\u00dcbungsbuch zur Stochastik"},"content":{"rendered":"<p class=\"qtranxs-available-languages-message qtranxs-available-languages-message-en\">Sorry, this entry is only available in <a href=\"https:\/\/shop.verlag.uni-potsdam.de\/de\/wp-json\/wp\/v2\/product\/74214\" class=\"qtranxs-available-language-link qtranxs-available-language-link-de\" title=\"Deutsch\">Deutsch<\/a>.<\/p><p>Dieses Buch stellt \u00dcbungen zu den Grundbegriffen und Grunds\u00e4tzen der<br \/>\nStochastik und ihre L\u00f6sungen zur Verf\u00fcgung. So wie man Tonleitern in der<br \/>\n Musik trainiert, so berechnet man \u00dcbungsaufgaben in der Mathematik. In<br \/>\ndiesem Sinne soll dieses \u00dcbungsbuch vor allem als Vorlage dienen f\u00fcr das<br \/>\n intensive, eigenverantwortliche Lernen und \u00dcben.<\/p>\n<p>Die Sch\u00f6nheit und Einzigartigkeit der Wahrscheinlichkeitstheorie besteht<br \/>\n darin, dass sie eine Vielzahl von realen Ph\u00e4nomenen modellieren kann.<br \/>\nDaher findet man hier Aufgaben mit Verbindungen zur Geometrie, zu<br \/>\nGl\u00fccksspielen, zur Versicherungsmathematik, zur Demographie und vielen<br \/>\nanderen Themen.<\/p>","protected":false},"excerpt":{"rendered":"<p class=\"qtranxs-available-languages-message qtranxs-available-languages-message-en\">Sorry, this entry is only available in <a href=\"https:\/\/shop.verlag.uni-potsdam.de\/de\/wp-json\/wp\/v2\/product\/74214\" class=\"qtranxs-available-language-link qtranxs-available-language-link-de\" title=\"Deutsch\">Deutsch<\/a>.<\/p>\n<p>Dieses Buch stellt \u00dcbungen zu den Grundbegriffen und Grunds\u00e4tzen der<br \/>\nStochastik und ihre L\u00f6sungen zur Verf\u00fcgung. So wie man Tonleitern in der<br \/>\n Musik trainiert, so berechnet man \u00dcbungsaufgaben in der Mathematik. In<br \/>\ndiesem Sinne soll dieses \u00dcbungsbuch vor allem als Vorlage dienen f\u00fcr das<br \/>\n intensive, eigenverantwortliche Lernen und \u00dcben.<\/p>\n<p>Die Sch\u00f6nheit und Einzigartigkeit der Wahrscheinlichkeitstheorie besteht<br \/>\n darin, dass sie eine Vielzahl von realen Ph\u00e4nomenen modellieren kann.<br \/>\nDaher findet man hier Aufgaben mit Verbindungen zur Geometrie, zu<br \/>\nGl\u00fccksspielen, zur Versicherungsmathematik, zur Demographie und vielen<br \/>\nanderen Themen.<\/p>\n","protected":false},"featured_media":74255,"template":"","meta":{"_acf_changed":false},"product_brand":[],"product_cat":[5096],"product_tag":[6637],"class_list":{"0":"post-74214","1":"product","2":"type-product","3":"status-publish","4":"has-post-thumbnail","6":"product_cat-unkategorisiert","7":"product_tag-aufgabensammlung-grenzwertsatz-konfidenzintervall-stochastik-wahrscheinlichkeitstheorie-wahrscheinlichkeitsverteilung-zufallsvariable","8":"autor-annie-floege","9":"autor-franziska-goebel","10":"autor-peter-keller","11":"autor-sylvie-roelly","12":"autor-tobias-ehlen","14":"first","15":"instock","16":"shipping-taxable","17":"purchasable","18":"product-type-simple"},"acf":[],"yoast_head":"<!-- This site is optimized with the Yoast SEO plugin v27.1.1 - https:\/\/yoast.com\/product\/yoast-seo-wordpress\/ -->\n<title>\u00dcbungsbuch zur Stochastik - Universit\u00e4tsverlag Potsdam<\/title>\n<meta name=\"robots\" content=\"index, follow, max-snippet:-1, max-image-preview:large, max-video-preview:-1\" \/>\n<link rel=\"canonical\" href=\"https:\/\/shop.verlag.uni-potsdam.de\/en\/shop\/uebungsbuch-zur-stochastik\/\" \/>\n<meta property=\"og:locale\" content=\"en_US\" \/>\n<meta property=\"og:type\" content=\"article\" \/>\n<meta property=\"og:title\" content=\"\u00dcbungsbuch zur Stochastik - Universit\u00e4tsverlag Potsdam\" \/>\n<meta property=\"og:description\" content=\"Dieses Buch stellt \u00dcbungen zu den Grundbegriffen und Grunds\u00e4tzen der Stochastik und ihre L\u00f6sungen zur Verf\u00fcgung. So wie man Tonleitern in der Musik trainiert, so berechnet man \u00dcbungsaufgaben in der Mathematik. In diesem Sinne soll dieses \u00dcbungsbuch vor allem als Vorlage dienen f\u00fcr das intensive, eigenverantwortliche Lernen und \u00dcben. Die Sch\u00f6nheit und Einzigartigkeit der Wahrscheinlichkeitstheorie besteht darin, dass sie eine Vielzahl von realen Ph\u00e4nomenen modellieren kann. Daher findet man hier Aufgaben mit Verbindungen zur Geometrie, zu Gl\u00fccksspielen, zur Versicherungsmathematik, zur Demographie und vielen anderen Themen.\" \/>\n<meta property=\"og:url\" content=\"https:\/\/shop.verlag.uni-potsdam.de\/en\/shop\/uebungsbuch-zur-stochastik\/\" \/>\n<meta property=\"og:site_name\" content=\"Universit\u00e4tsverlag Potsdam\" \/>\n<meta property=\"article:modified_time\" content=\"2026-03-23T10:56:36+00:00\" \/>\n<meta property=\"og:image\" content=\"https:\/\/shop.verlag.uni-potsdam.de\/wp-content\/uploads\/asolmerce\/image-978-3-86956-563-7.jpg\" \/>\n\t<meta property=\"og:image:width\" content=\"1813\" \/>\n\t<meta property=\"og:image:height\" content=\"2560\" \/>\n\t<meta property=\"og:image:type\" content=\"image\/jpeg\" \/>\n<meta name=\"twitter:card\" content=\"summary_large_image\" \/>\n<script type=\"application\/ld+json\" class=\"yoast-schema-graph\">{\"@context\":\"https:\/\/schema.org\",\"@graph\":[{\"@type\":\"WebPage\",\"@id\":\"https:\/\/shop.verlag.uni-potsdam.de\/en\/shop\/uebungsbuch-zur-stochastik\/\",\"url\":\"https:\/\/shop.verlag.uni-potsdam.de\/en\/shop\/uebungsbuch-zur-stochastik\/\",\"name\":\"\u00dcbungsbuch zur Stochastik - Universit\u00e4tsverlag Potsdam\",\"isPartOf\":{\"@id\":\"https:\/\/shop.verlag.uni-potsdam.de\/en\/#website\"},\"primaryImageOfPage\":{\"@id\":\"https:\/\/shop.verlag.uni-potsdam.de\/en\/shop\/uebungsbuch-zur-stochastik\/#primaryimage\"},\"image\":{\"@id\":\"https:\/\/shop.verlag.uni-potsdam.de\/shop\/uebungsbuch-zur-stochastik\/#primaryimage\"},\"thumbnailUrl\":\"https:\/\/shop.verlag.uni-potsdam.de\/wp-content\/uploads\/asolmerce\/image-978-3-86956-563-7.jpg\",\"datePublished\":\"2026-03-23T08:55:36+00:00\",\"dateModified\":\"2026-03-23T10:56:36+00:00\",\"breadcrumb\":{\"@id\":\"https:\/\/shop.verlag.uni-potsdam.de\/en\/shop\/uebungsbuch-zur-stochastik\/#breadcrumb\"},\"inLanguage\":\"en-US\",\"potentialAction\":[{\"@type\":\"ReadAction\",\"target\":[[\"https:\/\/shop.verlag.uni-potsdam.de\/en\/shop\/uebungsbuch-zur-stochastik\/\"]]}]},{\"@type\":\"ImageObject\",\"inLanguage\":\"en-US\",\"@id\":\"https:\/\/shop.verlag.uni-potsdam.de\/en\/shop\/uebungsbuch-zur-stochastik\/#primaryimage\",\"url\":\"https:\/\/shop.verlag.uni-potsdam.de\/wp-content\/uploads\/asolmerce\/image-978-3-86956-563-7.jpg\",\"contentUrl\":\"https:\/\/shop.verlag.uni-potsdam.de\/wp-content\/uploads\/asolmerce\/image-978-3-86956-563-7.jpg\",\"width\":1813,\"height\":2560},{\"@type\":\"BreadcrumbList\",\"@id\":\"https:\/\/shop.verlag.uni-potsdam.de\/en\/shop\/uebungsbuch-zur-stochastik\/#breadcrumb\",\"itemListElement\":[{\"@type\":\"ListItem\",\"position\":1,\"name\":\"Startseite\",\"item\":\"https:\/\/shop.verlag.uni-potsdam.de\/en\/\"},{\"@type\":\"ListItem\",\"position\":2,\"name\":\"Shop\",\"item\":\"https:\/\/shop.verlag.uni-potsdam.de\/en\/shop\/\"},{\"@type\":\"ListItem\",\"position\":3,\"name\":\"\u00dcbungsbuch zur Stochastik\"}]},{\"@type\":\"WebSite\",\"@id\":\"https:\/\/shop.verlag.uni-potsdam.de\/en\/#website\",\"url\":\"https:\/\/shop.verlag.uni-potsdam.de\/en\/\",\"name\":\"Universit\u00e4tsverlag Potsdam\",\"description\":\"\",\"publisher\":{\"@id\":\"https:\/\/shop.verlag.uni-potsdam.de\/en\/#organization\"},\"potentialAction\":[{\"@type\":\"SearchAction\",\"target\":{\"@type\":\"EntryPoint\",\"urlTemplate\":\"https:\/\/shop.verlag.uni-potsdam.de\/en\/?s={search_term_string}\"},\"query-input\":{\"@type\":\"PropertyValueSpecification\",\"valueRequired\":true,\"valueName\":\"search_term_string\"}}],\"inLanguage\":\"en-US\"},{\"@type\":\"Organization\",\"@id\":\"https:\/\/shop.verlag.uni-potsdam.de\/en\/#organization\",\"name\":\"Universit\u00e4tsverlag Potsdam\",\"url\":\"https:\/\/shop.verlag.uni-potsdam.de\/en\/\",\"logo\":{\"@type\":\"ImageObject\",\"inLanguage\":\"en-US\",\"@id\":\"https:\/\/shop.verlag.uni-potsdam.de\/en\/#\/schema\/logo\/image\/\",\"url\":\"https:\/\/shop.verlag.uni-potsdam.de\/wp-content\/uploads\/2017\/04\/up_logo_university_2.png\",\"contentUrl\":\"https:\/\/shop.verlag.uni-potsdam.de\/wp-content\/uploads\/2017\/04\/up_logo_university_2.png\",\"width\":160,\"height\":172,\"caption\":\"Universit\u00e4tsverlag Potsdam\"},\"image\":{\"@id\":\"https:\/\/shop.verlag.uni-potsdam.de\/en\/#\/schema\/logo\/image\/\"}}]}<\/script>\n<!-- \/ Yoast SEO plugin. -->","yoast_head_json":{"title":"\u00dcbungsbuch zur Stochastik - Universit\u00e4tsverlag Potsdam","robots":{"index":"index","follow":"follow","max-snippet":"max-snippet:-1","max-image-preview":"max-image-preview:large","max-video-preview":"max-video-preview:-1"},"canonical":"https:\/\/shop.verlag.uni-potsdam.de\/en\/shop\/uebungsbuch-zur-stochastik\/","og_locale":"en_US","og_type":"article","og_title":"\u00dcbungsbuch zur Stochastik - Universit\u00e4tsverlag Potsdam","og_description":"Dieses Buch stellt \u00dcbungen zu den Grundbegriffen und Grunds\u00e4tzen der Stochastik und ihre L\u00f6sungen zur Verf\u00fcgung. So wie man Tonleitern in der Musik trainiert, so berechnet man \u00dcbungsaufgaben in der Mathematik. In diesem Sinne soll dieses \u00dcbungsbuch vor allem als Vorlage dienen f\u00fcr das intensive, eigenverantwortliche Lernen und \u00dcben. Die Sch\u00f6nheit und Einzigartigkeit der Wahrscheinlichkeitstheorie besteht darin, dass sie eine Vielzahl von realen Ph\u00e4nomenen modellieren kann. Daher findet man hier Aufgaben mit Verbindungen zur Geometrie, zu Gl\u00fccksspielen, zur Versicherungsmathematik, zur Demographie und vielen anderen Themen.","og_url":"https:\/\/shop.verlag.uni-potsdam.de\/en\/shop\/uebungsbuch-zur-stochastik\/","og_site_name":"Universit\u00e4tsverlag Potsdam","article_modified_time":"2026-03-23T10:56:36+00:00","og_image":[{"width":1813,"height":2560,"url":"https:\/\/shop.verlag.uni-potsdam.de\/wp-content\/uploads\/asolmerce\/image-978-3-86956-563-7.jpg","type":"image\/jpeg"}],"twitter_card":"summary_large_image","schema":{"@context":"https:\/\/schema.org","@graph":[{"@type":"WebPage","@id":"https:\/\/shop.verlag.uni-potsdam.de\/en\/shop\/uebungsbuch-zur-stochastik\/","url":"https:\/\/shop.verlag.uni-potsdam.de\/en\/shop\/uebungsbuch-zur-stochastik\/","name":"\u00dcbungsbuch zur Stochastik - Universit\u00e4tsverlag Potsdam","isPartOf":{"@id":"https:\/\/shop.verlag.uni-potsdam.de\/en\/#website"},"primaryImageOfPage":{"@id":"https:\/\/shop.verlag.uni-potsdam.de\/en\/shop\/uebungsbuch-zur-stochastik\/#primaryimage"},"image":{"@id":"https:\/\/shop.verlag.uni-potsdam.de\/shop\/uebungsbuch-zur-stochastik\/#primaryimage"},"thumbnailUrl":"https:\/\/shop.verlag.uni-potsdam.de\/wp-content\/uploads\/asolmerce\/image-978-3-86956-563-7.jpg","datePublished":"2026-03-23T08:55:36+00:00","dateModified":"2026-03-23T10:56:36+00:00","breadcrumb":{"@id":"https:\/\/shop.verlag.uni-potsdam.de\/en\/shop\/uebungsbuch-zur-stochastik\/#breadcrumb"},"inLanguage":"en-US","potentialAction":[{"@type":"ReadAction","target":[["https:\/\/shop.verlag.uni-potsdam.de\/en\/shop\/uebungsbuch-zur-stochastik\/"]]}]},{"@type":"ImageObject","inLanguage":"en-US","@id":"https:\/\/shop.verlag.uni-potsdam.de\/en\/shop\/uebungsbuch-zur-stochastik\/#primaryimage","url":"https:\/\/shop.verlag.uni-potsdam.de\/wp-content\/uploads\/asolmerce\/image-978-3-86956-563-7.jpg","contentUrl":"https:\/\/shop.verlag.uni-potsdam.de\/wp-content\/uploads\/asolmerce\/image-978-3-86956-563-7.jpg","width":1813,"height":2560},{"@type":"BreadcrumbList","@id":"https:\/\/shop.verlag.uni-potsdam.de\/en\/shop\/uebungsbuch-zur-stochastik\/#breadcrumb","itemListElement":[{"@type":"ListItem","position":1,"name":"Startseite","item":"https:\/\/shop.verlag.uni-potsdam.de\/en\/"},{"@type":"ListItem","position":2,"name":"Shop","item":"https:\/\/shop.verlag.uni-potsdam.de\/en\/shop\/"},{"@type":"ListItem","position":3,"name":"\u00dcbungsbuch zur Stochastik"}]},{"@type":"WebSite","@id":"https:\/\/shop.verlag.uni-potsdam.de\/en\/#website","url":"https:\/\/shop.verlag.uni-potsdam.de\/en\/","name":"Universit\u00e4tsverlag Potsdam","description":"","publisher":{"@id":"https:\/\/shop.verlag.uni-potsdam.de\/en\/#organization"},"potentialAction":[{"@type":"SearchAction","target":{"@type":"EntryPoint","urlTemplate":"https:\/\/shop.verlag.uni-potsdam.de\/en\/?s={search_term_string}"},"query-input":{"@type":"PropertyValueSpecification","valueRequired":true,"valueName":"search_term_string"}}],"inLanguage":"en-US"},{"@type":"Organization","@id":"https:\/\/shop.verlag.uni-potsdam.de\/en\/#organization","name":"Universit\u00e4tsverlag Potsdam","url":"https:\/\/shop.verlag.uni-potsdam.de\/en\/","logo":{"@type":"ImageObject","inLanguage":"en-US","@id":"https:\/\/shop.verlag.uni-potsdam.de\/en\/#\/schema\/logo\/image\/","url":"https:\/\/shop.verlag.uni-potsdam.de\/wp-content\/uploads\/2017\/04\/up_logo_university_2.png","contentUrl":"https:\/\/shop.verlag.uni-potsdam.de\/wp-content\/uploads\/2017\/04\/up_logo_university_2.png","width":160,"height":172,"caption":"Universit\u00e4tsverlag Potsdam"},"image":{"@id":"https:\/\/shop.verlag.uni-potsdam.de\/en\/#\/schema\/logo\/image\/"}}]}},"_links":{"self":[{"href":"https:\/\/shop.verlag.uni-potsdam.de\/en\/wp-json\/wp\/v2\/product\/74214","targetHints":{"allow":["GET"]}}],"collection":[{"href":"https:\/\/shop.verlag.uni-potsdam.de\/en\/wp-json\/wp\/v2\/product"}],"about":[{"href":"https:\/\/shop.verlag.uni-potsdam.de\/en\/wp-json\/wp\/v2\/types\/product"}],"wp:featuredmedia":[{"embeddable":true,"href":"https:\/\/shop.verlag.uni-potsdam.de\/en\/wp-json\/wp\/v2\/media\/74255"}],"wp:attachment":[{"href":"https:\/\/shop.verlag.uni-potsdam.de\/en\/wp-json\/wp\/v2\/media?parent=74214"}],"wp:term":[{"taxonomy":"product_brand","embeddable":true,"href":"https:\/\/shop.verlag.uni-potsdam.de\/en\/wp-json\/wp\/v2\/product_brand?post=74214"},{"taxonomy":"product_cat","embeddable":true,"href":"https:\/\/shop.verlag.uni-potsdam.de\/en\/wp-json\/wp\/v2\/product_cat?post=74214"},{"taxonomy":"product_tag","embeddable":true,"href":"https:\/\/shop.verlag.uni-potsdam.de\/en\/wp-json\/wp\/v2\/product_tag?post=74214"}],"curies":[{"name":"wp","href":"https:\/\/api.w.org\/{rel}","templated":true}]}}