{"id":74227,"date":"2026-03-23T08:55:40","date_gmt":"2026-03-23T08:55:40","guid":{"rendered":"https:\/\/shop.verlag.uni-potsdam.de\/shop\/empty-product-container-2\/"},"modified":"2026-03-23T11:56:40","modified_gmt":"2026-03-23T10:56:40","slug":"servate-silvas-nachhaltige-holzwirtschaft-im-spiegel-antiken-umweltbewusstseins-ebook","status":"publish","type":"product","link":"https:\/\/shop.verlag.uni-potsdam.de\/en\/shop\/servate-silvas-nachhaltige-holzwirtschaft-im-spiegel-antiken-umweltbewusstseins-ebook\/","title":{"rendered":"Servate silvas! Nachhaltige Holzwirtschaft im Spiegel antiken Umweltbewusstseins"},"content":{"rendered":"<p class=\"qtranxs-available-languages-message qtranxs-available-languages-message-en\">Sorry, this entry is only available in <a href=\"https:\/\/shop.verlag.uni-potsdam.de\/de\/wp-json\/wp\/v2\/product\/74227\" class=\"qtranxs-available-language-link qtranxs-available-language-link-de\" title=\"Deutsch\">Deutsch<\/a>.<\/p><p>Umweltschutz und nachhaltige Lebensweise sind die globalen Herausforderungen der heutigen Zeit. Diese Arbeit wird zu den derzeit gef\u00fchrten Debatten einen Beitrag aus altsprachlicher Perspektive leisten, indem sie das Thema Holzwirtschaft in den Blick nimmt und dem Lateinunterricht zug\u00e4nglich macht. Dabei geht die Autorin auf die antike Forstwirtschaft ein, beleuchtet den vielf\u00e4ltigen Einsatz der Ressource Holz und vergleicht die damals herrschenden Vorstellungen vom Nachwachsen nat\u00fcrlicher Rohstoffe mit dem heutigen Kenntnisstand.<\/p>","protected":false},"excerpt":{"rendered":"<p class=\"qtranxs-available-languages-message qtranxs-available-languages-message-en\">Sorry, this entry is only available in <a href=\"https:\/\/shop.verlag.uni-potsdam.de\/de\/wp-json\/wp\/v2\/product\/74227\" class=\"qtranxs-available-language-link qtranxs-available-language-link-de\" title=\"Deutsch\">Deutsch<\/a>.<\/p>\n<p>Umweltschutz und nachhaltige Lebensweise sind die globalen Herausforderungen der heutigen Zeit. Diese Arbeit wird zu den derzeit gef\u00fchrten Debatten einen Beitrag aus altsprachlicher Perspektive leisten, indem sie das Thema Holzwirtschaft in den Blick nimmt und dem Lateinunterricht zug\u00e4nglich macht. Dabei geht die Autorin auf die antike Forstwirtschaft ein, beleuchtet den vielf\u00e4ltigen Einsatz der Ressource Holz und vergleicht die damals herrschenden Vorstellungen vom Nachwachsen nat\u00fcrlicher Rohstoffe mit dem heutigen Kenntnisstand.<\/p>\n","protected":false},"featured_media":96231,"template":"","meta":{"_acf_changed":false},"product_brand":[],"product_cat":[6212],"product_tag":[6871],"class_list":{"0":"post-74227","1":"product","2":"type-product","3":"status-publish","4":"has-post-thumbnail","6":"product_cat-klassische-sprachwissenschaft-literaturwissenschaft-web-kategorie","7":"product_tag-holz-lateinunterricht-nachhaltigkeit-schuelermaterial-umweltschutz-umweltverhalten","8":"autor-saskia-kuschmierz","9":"edition-online-only","11":"first","12":"instock","13":"downloadable","14":"virtual","15":"product-type-simple"},"acf":[],"yoast_head":"<!-- This site is optimized with the Yoast SEO plugin v27.1.1 - https:\/\/yoast.com\/product\/yoast-seo-wordpress\/ -->\n<title>Servate silvas! Nachhaltige Holzwirtschaft im Spiegel antiken Umweltbewusstseins - Universit\u00e4tsverlag Potsdam<\/title>\n<meta name=\"robots\" content=\"index, follow, max-snippet:-1, max-image-preview:large, max-video-preview:-1\" \/>\n<link rel=\"canonical\" href=\"https:\/\/shop.verlag.uni-potsdam.de\/en\/shop\/servate-silvas-nachhaltige-holzwirtschaft-im-spiegel-antiken-umweltbewusstseins-ebook\/\" \/>\n<meta property=\"og:locale\" content=\"en_US\" \/>\n<meta property=\"og:type\" content=\"article\" \/>\n<meta property=\"og:title\" content=\"Servate silvas! Nachhaltige Holzwirtschaft im Spiegel antiken Umweltbewusstseins - Universit\u00e4tsverlag Potsdam\" \/>\n<meta property=\"og:description\" content=\"Umweltschutz und nachhaltige Lebensweise sind die globalen Herausforderungen der heutigen Zeit. Diese Arbeit wird zu den derzeit gef\u00fchrten Debatten einen Beitrag aus altsprachlicher Perspektive leisten, indem sie das Thema Holzwirtschaft in den Blick nimmt und dem Lateinunterricht zug\u00e4nglich macht. Dabei geht die Autorin auf die antike Forstwirtschaft ein, beleuchtet den vielf\u00e4ltigen Einsatz der Ressource Holz und vergleicht die damals herrschenden Vorstellungen vom Nachwachsen nat\u00fcrlicher Rohstoffe mit dem heutigen Kenntnisstand.\" \/>\n<meta property=\"og:url\" content=\"https:\/\/shop.verlag.uni-potsdam.de\/en\/shop\/servate-silvas-nachhaltige-holzwirtschaft-im-spiegel-antiken-umweltbewusstseins-ebook\/\" \/>\n<meta property=\"og:site_name\" content=\"Universit\u00e4tsverlag Potsdam\" \/>\n<meta property=\"article:modified_time\" content=\"2026-03-23T10:56:40+00:00\" \/>\n<meta property=\"og:image\" content=\"https:\/\/shop.verlag.uni-potsdam.de\/wp-content\/uploads\/asolmerce\/image-u1_copia7.jpg\" \/>\n\t<meta property=\"og:image:width\" content=\"1811\" \/>\n\t<meta property=\"og:image:height\" content=\"2560\" \/>\n\t<meta property=\"og:image:type\" content=\"image\/jpeg\" \/>\n<meta name=\"twitter:card\" content=\"summary_large_image\" \/>\n<script type=\"application\/ld+json\" class=\"yoast-schema-graph\">{\"@context\":\"https:\/\/schema.org\",\"@graph\":[{\"@type\":\"WebPage\",\"@id\":\"https:\/\/shop.verlag.uni-potsdam.de\/en\/shop\/servate-silvas-nachhaltige-holzwirtschaft-im-spiegel-antiken-umweltbewusstseins-ebook\/\",\"url\":\"https:\/\/shop.verlag.uni-potsdam.de\/en\/shop\/servate-silvas-nachhaltige-holzwirtschaft-im-spiegel-antiken-umweltbewusstseins-ebook\/\",\"name\":\"Servate silvas! Nachhaltige Holzwirtschaft im Spiegel antiken Umweltbewusstseins - Universit\u00e4tsverlag Potsdam\",\"isPartOf\":{\"@id\":\"https:\/\/shop.verlag.uni-potsdam.de\/en\/#website\"},\"primaryImageOfPage\":{\"@id\":\"https:\/\/shop.verlag.uni-potsdam.de\/en\/shop\/servate-silvas-nachhaltige-holzwirtschaft-im-spiegel-antiken-umweltbewusstseins-ebook\/#primaryimage\"},\"image\":{\"@id\":\"https:\/\/shop.verlag.uni-potsdam.de\/shop\/servate-silvas-nachhaltige-holzwirtschaft-im-spiegel-antiken-umweltbewusstseins-ebook\/#primaryimage\"},\"thumbnailUrl\":\"https:\/\/shop.verlag.uni-potsdam.de\/wp-content\/uploads\/asolmerce\/image-u1_copia7.jpg\",\"datePublished\":\"2026-03-23T08:55:40+00:00\",\"dateModified\":\"2026-03-23T10:56:40+00:00\",\"breadcrumb\":{\"@id\":\"https:\/\/shop.verlag.uni-potsdam.de\/en\/shop\/servate-silvas-nachhaltige-holzwirtschaft-im-spiegel-antiken-umweltbewusstseins-ebook\/#breadcrumb\"},\"inLanguage\":\"en-US\",\"potentialAction\":[{\"@type\":\"ReadAction\",\"target\":[[\"https:\/\/shop.verlag.uni-potsdam.de\/en\/shop\/servate-silvas-nachhaltige-holzwirtschaft-im-spiegel-antiken-umweltbewusstseins-ebook\/\"]]}]},{\"@type\":\"ImageObject\",\"inLanguage\":\"en-US\",\"@id\":\"https:\/\/shop.verlag.uni-potsdam.de\/en\/shop\/servate-silvas-nachhaltige-holzwirtschaft-im-spiegel-antiken-umweltbewusstseins-ebook\/#primaryimage\",\"url\":\"https:\/\/shop.verlag.uni-potsdam.de\/wp-content\/uploads\/asolmerce\/image-u1_copia7.jpg\",\"contentUrl\":\"https:\/\/shop.verlag.uni-potsdam.de\/wp-content\/uploads\/asolmerce\/image-u1_copia7.jpg\",\"width\":1811,\"height\":2560},{\"@type\":\"BreadcrumbList\",\"@id\":\"https:\/\/shop.verlag.uni-potsdam.de\/en\/shop\/servate-silvas-nachhaltige-holzwirtschaft-im-spiegel-antiken-umweltbewusstseins-ebook\/#breadcrumb\",\"itemListElement\":[{\"@type\":\"ListItem\",\"position\":1,\"name\":\"Startseite\",\"item\":\"https:\/\/shop.verlag.uni-potsdam.de\/en\/\"},{\"@type\":\"ListItem\",\"position\":2,\"name\":\"Shop\",\"item\":\"https:\/\/shop.verlag.uni-potsdam.de\/en\/shop\/\"},{\"@type\":\"ListItem\",\"position\":3,\"name\":\"Servate silvas! Nachhaltige Holzwirtschaft im Spiegel antiken Umweltbewusstseins\"}]},{\"@type\":\"WebSite\",\"@id\":\"https:\/\/shop.verlag.uni-potsdam.de\/en\/#website\",\"url\":\"https:\/\/shop.verlag.uni-potsdam.de\/en\/\",\"name\":\"Universit\u00e4tsverlag Potsdam\",\"description\":\"\",\"publisher\":{\"@id\":\"https:\/\/shop.verlag.uni-potsdam.de\/en\/#organization\"},\"potentialAction\":[{\"@type\":\"SearchAction\",\"target\":{\"@type\":\"EntryPoint\",\"urlTemplate\":\"https:\/\/shop.verlag.uni-potsdam.de\/en\/?s={search_term_string}\"},\"query-input\":{\"@type\":\"PropertyValueSpecification\",\"valueRequired\":true,\"valueName\":\"search_term_string\"}}],\"inLanguage\":\"en-US\"},{\"@type\":\"Organization\",\"@id\":\"https:\/\/shop.verlag.uni-potsdam.de\/en\/#organization\",\"name\":\"Universit\u00e4tsverlag Potsdam\",\"url\":\"https:\/\/shop.verlag.uni-potsdam.de\/en\/\",\"logo\":{\"@type\":\"ImageObject\",\"inLanguage\":\"en-US\",\"@id\":\"https:\/\/shop.verlag.uni-potsdam.de\/en\/#\/schema\/logo\/image\/\",\"url\":\"https:\/\/shop.verlag.uni-potsdam.de\/wp-content\/uploads\/2017\/04\/up_logo_university_2.png\",\"contentUrl\":\"https:\/\/shop.verlag.uni-potsdam.de\/wp-content\/uploads\/2017\/04\/up_logo_university_2.png\",\"width\":160,\"height\":172,\"caption\":\"Universit\u00e4tsverlag Potsdam\"},\"image\":{\"@id\":\"https:\/\/shop.verlag.uni-potsdam.de\/en\/#\/schema\/logo\/image\/\"}}]}<\/script>\n<!-- \/ Yoast SEO plugin. -->","yoast_head_json":{"title":"Servate silvas! Nachhaltige Holzwirtschaft im Spiegel antiken Umweltbewusstseins - Universit\u00e4tsverlag Potsdam","robots":{"index":"index","follow":"follow","max-snippet":"max-snippet:-1","max-image-preview":"max-image-preview:large","max-video-preview":"max-video-preview:-1"},"canonical":"https:\/\/shop.verlag.uni-potsdam.de\/en\/shop\/servate-silvas-nachhaltige-holzwirtschaft-im-spiegel-antiken-umweltbewusstseins-ebook\/","og_locale":"en_US","og_type":"article","og_title":"Servate silvas! Nachhaltige Holzwirtschaft im Spiegel antiken Umweltbewusstseins - Universit\u00e4tsverlag Potsdam","og_description":"Umweltschutz und nachhaltige Lebensweise sind die globalen Herausforderungen der heutigen Zeit. Diese Arbeit wird zu den derzeit gef\u00fchrten Debatten einen Beitrag aus altsprachlicher Perspektive leisten, indem sie das Thema Holzwirtschaft in den Blick nimmt und dem Lateinunterricht zug\u00e4nglich macht. Dabei geht die Autorin auf die antike Forstwirtschaft ein, beleuchtet den vielf\u00e4ltigen Einsatz der Ressource Holz und vergleicht die damals herrschenden Vorstellungen vom Nachwachsen nat\u00fcrlicher Rohstoffe mit dem heutigen Kenntnisstand.","og_url":"https:\/\/shop.verlag.uni-potsdam.de\/en\/shop\/servate-silvas-nachhaltige-holzwirtschaft-im-spiegel-antiken-umweltbewusstseins-ebook\/","og_site_name":"Universit\u00e4tsverlag Potsdam","article_modified_time":"2026-03-23T10:56:40+00:00","og_image":[{"width":1811,"height":2560,"url":"https:\/\/shop.verlag.uni-potsdam.de\/wp-content\/uploads\/asolmerce\/image-u1_copia7.jpg","type":"image\/jpeg"}],"twitter_card":"summary_large_image","schema":{"@context":"https:\/\/schema.org","@graph":[{"@type":"WebPage","@id":"https:\/\/shop.verlag.uni-potsdam.de\/en\/shop\/servate-silvas-nachhaltige-holzwirtschaft-im-spiegel-antiken-umweltbewusstseins-ebook\/","url":"https:\/\/shop.verlag.uni-potsdam.de\/en\/shop\/servate-silvas-nachhaltige-holzwirtschaft-im-spiegel-antiken-umweltbewusstseins-ebook\/","name":"Servate silvas! Nachhaltige Holzwirtschaft im Spiegel antiken Umweltbewusstseins - Universit\u00e4tsverlag Potsdam","isPartOf":{"@id":"https:\/\/shop.verlag.uni-potsdam.de\/en\/#website"},"primaryImageOfPage":{"@id":"https:\/\/shop.verlag.uni-potsdam.de\/en\/shop\/servate-silvas-nachhaltige-holzwirtschaft-im-spiegel-antiken-umweltbewusstseins-ebook\/#primaryimage"},"image":{"@id":"https:\/\/shop.verlag.uni-potsdam.de\/shop\/servate-silvas-nachhaltige-holzwirtschaft-im-spiegel-antiken-umweltbewusstseins-ebook\/#primaryimage"},"thumbnailUrl":"https:\/\/shop.verlag.uni-potsdam.de\/wp-content\/uploads\/asolmerce\/image-u1_copia7.jpg","datePublished":"2026-03-23T08:55:40+00:00","dateModified":"2026-03-23T10:56:40+00:00","breadcrumb":{"@id":"https:\/\/shop.verlag.uni-potsdam.de\/en\/shop\/servate-silvas-nachhaltige-holzwirtschaft-im-spiegel-antiken-umweltbewusstseins-ebook\/#breadcrumb"},"inLanguage":"en-US","potentialAction":[{"@type":"ReadAction","target":[["https:\/\/shop.verlag.uni-potsdam.de\/en\/shop\/servate-silvas-nachhaltige-holzwirtschaft-im-spiegel-antiken-umweltbewusstseins-ebook\/"]]}]},{"@type":"ImageObject","inLanguage":"en-US","@id":"https:\/\/shop.verlag.uni-potsdam.de\/en\/shop\/servate-silvas-nachhaltige-holzwirtschaft-im-spiegel-antiken-umweltbewusstseins-ebook\/#primaryimage","url":"https:\/\/shop.verlag.uni-potsdam.de\/wp-content\/uploads\/asolmerce\/image-u1_copia7.jpg","contentUrl":"https:\/\/shop.verlag.uni-potsdam.de\/wp-content\/uploads\/asolmerce\/image-u1_copia7.jpg","width":1811,"height":2560},{"@type":"BreadcrumbList","@id":"https:\/\/shop.verlag.uni-potsdam.de\/en\/shop\/servate-silvas-nachhaltige-holzwirtschaft-im-spiegel-antiken-umweltbewusstseins-ebook\/#breadcrumb","itemListElement":[{"@type":"ListItem","position":1,"name":"Startseite","item":"https:\/\/shop.verlag.uni-potsdam.de\/en\/"},{"@type":"ListItem","position":2,"name":"Shop","item":"https:\/\/shop.verlag.uni-potsdam.de\/en\/shop\/"},{"@type":"ListItem","position":3,"name":"Servate silvas! Nachhaltige Holzwirtschaft im Spiegel antiken Umweltbewusstseins"}]},{"@type":"WebSite","@id":"https:\/\/shop.verlag.uni-potsdam.de\/en\/#website","url":"https:\/\/shop.verlag.uni-potsdam.de\/en\/","name":"Universit\u00e4tsverlag Potsdam","description":"","publisher":{"@id":"https:\/\/shop.verlag.uni-potsdam.de\/en\/#organization"},"potentialAction":[{"@type":"SearchAction","target":{"@type":"EntryPoint","urlTemplate":"https:\/\/shop.verlag.uni-potsdam.de\/en\/?s={search_term_string}"},"query-input":{"@type":"PropertyValueSpecification","valueRequired":true,"valueName":"search_term_string"}}],"inLanguage":"en-US"},{"@type":"Organization","@id":"https:\/\/shop.verlag.uni-potsdam.de\/en\/#organization","name":"Universit\u00e4tsverlag Potsdam","url":"https:\/\/shop.verlag.uni-potsdam.de\/en\/","logo":{"@type":"ImageObject","inLanguage":"en-US","@id":"https:\/\/shop.verlag.uni-potsdam.de\/en\/#\/schema\/logo\/image\/","url":"https:\/\/shop.verlag.uni-potsdam.de\/wp-content\/uploads\/2017\/04\/up_logo_university_2.png","contentUrl":"https:\/\/shop.verlag.uni-potsdam.de\/wp-content\/uploads\/2017\/04\/up_logo_university_2.png","width":160,"height":172,"caption":"Universit\u00e4tsverlag Potsdam"},"image":{"@id":"https:\/\/shop.verlag.uni-potsdam.de\/en\/#\/schema\/logo\/image\/"}}]}},"_links":{"self":[{"href":"https:\/\/shop.verlag.uni-potsdam.de\/en\/wp-json\/wp\/v2\/product\/74227","targetHints":{"allow":["GET"]}}],"collection":[{"href":"https:\/\/shop.verlag.uni-potsdam.de\/en\/wp-json\/wp\/v2\/product"}],"about":[{"href":"https:\/\/shop.verlag.uni-potsdam.de\/en\/wp-json\/wp\/v2\/types\/product"}],"wp:featuredmedia":[{"embeddable":true,"href":"https:\/\/shop.verlag.uni-potsdam.de\/en\/wp-json\/wp\/v2\/media\/96231"}],"wp:attachment":[{"href":"https:\/\/shop.verlag.uni-potsdam.de\/en\/wp-json\/wp\/v2\/media?parent=74227"}],"wp:term":[{"taxonomy":"product_brand","embeddable":true,"href":"https:\/\/shop.verlag.uni-potsdam.de\/en\/wp-json\/wp\/v2\/product_brand?post=74227"},{"taxonomy":"product_cat","embeddable":true,"href":"https:\/\/shop.verlag.uni-potsdam.de\/en\/wp-json\/wp\/v2\/product_cat?post=74227"},{"taxonomy":"product_tag","embeddable":true,"href":"https:\/\/shop.verlag.uni-potsdam.de\/en\/wp-json\/wp\/v2\/product_tag?post=74227"}],"curies":[{"name":"wp","href":"https:\/\/api.w.org\/{rel}","templated":true}]}}