{"id":74247,"date":"2026-03-30T12:50:37","date_gmt":"2026-03-30T12:50:37","guid":{"rendered":"https:\/\/shop.verlag.uni-potsdam.de\/shop\/empty-product-container-2\/"},"modified":"2026-03-30T16:51:37","modified_gmt":"2026-03-30T14:51:37","slug":"digitale-souveraenitaet-2","status":"publish","type":"product","link":"https:\/\/shop.verlag.uni-potsdam.de\/en\/shop\/digitale-souveraenitaet-2\/","title":{"rendered":"Digitale Souver\u00e4nit\u00e4t"},"content":{"rendered":"<p class=\"qtranxs-available-languages-message qtranxs-available-languages-message-en\">Sorry, this entry is only available in <a href=\"https:\/\/shop.verlag.uni-potsdam.de\/de\/wp-json\/wp\/v2\/product\/74247\" class=\"qtranxs-available-language-link qtranxs-available-language-link-de\" title=\"Deutsch\">Deutsch<\/a>.<\/p><p>Digitale Technologien bieten erhebliche politische, wirtschaftliche und gesellschaftliche Chancen. Zugleich ist der Begriff digitale Souver\u00e4nit\u00e4t zu einem Leitmotiv im deutschen Diskurs \u00fcber digitale Technologien geworden: das hei\u00dft, die F\u00e4higkeit des Staates, seine Verantwortung wahrzunehmen und die Bef\u00e4higung der Gesellschaft \u2013 und des Einzelnen \u2013 sicherzustellen, die digitale Transformation selbstbestimmt zu gestalten. Exemplarisch f\u00fcr die Herausforderung in Deutschland und Europa, die Vorteile digitaler Technologien zu nutzen und gleichzeitig Souver\u00e4nit\u00e4tsbedenken zu ber\u00fccksichtigen, steht der Bildungssektor. Er umfasst Bildung als zentrales \u00f6ffentliches Gut, ein schnell aufkommendes Gesch\u00e4ftsfeld und wachsende Best\u00e4nde an hochsensiblen personenbezogenen Daten. Davon ausgehend beschreibt der Bericht Wege zur Entsch\u00e4rfung des Spannungsverh\u00e4ltnisses zwischen Digitalisierung und Souver\u00e4nit\u00e4t auf drei verschiedenen Ebenen \u2013 Staat, Wirtschaft und Individuum \u2013 anhand konkreter technischer Projekte im Bildungsbereich: die HPI Schul-Cloud (staatliche Souver\u00e4nit\u00e4t), die MERLOT-Datenr\u00e4ume (wirtschaftliche Souver\u00e4nit\u00e4t) und die openHPI-Plattform (individuelle Souver\u00e4nit\u00e4t).<\/p>","protected":false},"excerpt":{"rendered":"<p class=\"qtranxs-available-languages-message qtranxs-available-languages-message-en\">Sorry, this entry is only available in <a href=\"https:\/\/shop.verlag.uni-potsdam.de\/de\/wp-json\/wp\/v2\/product\/74247\" class=\"qtranxs-available-language-link qtranxs-available-language-link-de\" title=\"Deutsch\">Deutsch<\/a>.<\/p>\n<p>Digitale Technologien bieten erhebliche politische, wirtschaftliche und gesellschaftliche Chancen. Zugleich ist der Begriff digitale Souver\u00e4nit\u00e4t zu einem Leitmotiv im deutschen Diskurs \u00fcber digitale Technologien geworden: das hei\u00dft, die F\u00e4higkeit des Staates, seine Verantwortung wahrzunehmen und die Bef\u00e4higung der Gesellschaft \u2013 und des Einzelnen \u2013 sicherzustellen, die digitale Transformation selbstbestimmt zu gestalten. Exemplarisch f\u00fcr die Herausforderung in Deutschland und Europa, die Vorteile digitaler Technologien zu nutzen und gleichzeitig Souver\u00e4nit\u00e4tsbedenken zu ber\u00fccksichtigen, steht der Bildungssektor. Er umfasst Bildung als zentrales \u00f6ffentliches Gut, ein schnell aufkommendes Gesch\u00e4ftsfeld und wachsende Best\u00e4nde an hochsensiblen personenbezogenen Daten. Davon ausgehend beschreibt der Bericht Wege zur Entsch\u00e4rfung des Spannungsverh\u00e4ltnisses zwischen Digitalisierung und Souver\u00e4nit\u00e4t auf drei verschiedenen Ebenen \u2013 Staat, Wirtschaft und Individuum \u2013 anhand konkreter technischer Projekte im Bildungsbereich: die HPI Schul-Cloud (staatliche Souver\u00e4nit\u00e4t), die MERLOT-Datenr\u00e4ume (wirtschaftliche Souver\u00e4nit\u00e4t) und die openHPI-Plattform (individuelle Souver\u00e4nit\u00e4t).<\/p>\n","protected":false},"featured_media":74249,"template":"","meta":{"_acf_changed":false},"product_brand":[],"product_cat":[6211],"product_tag":[],"class_list":{"0":"post-74247","1":"product","2":"type-product","3":"status-publish","4":"has-post-thumbnail","6":"product_cat-informatik-edv-web-kategorie","7":"autor-christoph-meinel","8":"autor-david-hageboelling","9":"autor-michael-galbas","11":"first","12":"instock","13":"shipping-taxable","14":"purchasable","15":"product-type-simple"},"acf":[],"yoast_head":"<!-- This site is optimized with the Yoast SEO plugin v27.1.1 - https:\/\/yoast.com\/product\/yoast-seo-wordpress\/ -->\n<title>Digitale Souver\u00e4nit\u00e4t - Universit\u00e4tsverlag Potsdam<\/title>\n<meta name=\"robots\" content=\"index, follow, max-snippet:-1, max-image-preview:large, max-video-preview:-1\" \/>\n<link rel=\"canonical\" href=\"https:\/\/shop.verlag.uni-potsdam.de\/en\/shop\/digitale-souveraenitaet-2\/\" \/>\n<meta property=\"og:locale\" content=\"en_US\" \/>\n<meta property=\"og:type\" content=\"article\" \/>\n<meta property=\"og:title\" content=\"Digitale Souver\u00e4nit\u00e4t - Universit\u00e4tsverlag Potsdam\" \/>\n<meta property=\"og:description\" content=\"Digitale Technologien bieten erhebliche politische, wirtschaftliche und gesellschaftliche Chancen. Zugleich ist der Begriff digitale Souver\u00e4nit\u00e4t zu einem Leitmotiv im deutschen Diskurs \u00fcber digitale Technologien geworden: das hei\u00dft, die F\u00e4higkeit des Staates, seine Verantwortung wahrzunehmen und die Bef\u00e4higung der Gesellschaft \u2013 und des Einzelnen \u2013 sicherzustellen, die digitale Transformation selbstbestimmt zu gestalten. Exemplarisch f\u00fcr die Herausforderung in Deutschland und Europa, die Vorteile digitaler Technologien zu nutzen und gleichzeitig Souver\u00e4nit\u00e4tsbedenken zu ber\u00fccksichtigen, steht der Bildungssektor. Er umfasst Bildung als zentrales \u00f6ffentliches Gut, ein schnell aufkommendes Gesch\u00e4ftsfeld und wachsende Best\u00e4nde an hochsensiblen personenbezogenen Daten. Davon ausgehend beschreibt der Bericht Wege zur Entsch\u00e4rfung des Spannungsverh\u00e4ltnisses zwischen Digitalisierung und Souver\u00e4nit\u00e4t auf drei verschiedenen Ebenen \u2013 Staat, Wirtschaft und Individuum \u2013 anhand konkreter technischer Projekte im Bildungsbereich: die HPI Schul-Cloud (staatliche Souver\u00e4nit\u00e4t), die MERLOT-Datenr\u00e4ume (wirtschaftliche Souver\u00e4nit\u00e4t) und die openHPI-Plattform (individuelle Souver\u00e4nit\u00e4t).\" \/>\n<meta property=\"og:url\" content=\"https:\/\/shop.verlag.uni-potsdam.de\/en\/shop\/digitale-souveraenitaet-2\/\" \/>\n<meta property=\"og:site_name\" content=\"Universit\u00e4tsverlag Potsdam\" \/>\n<meta property=\"article:modified_time\" content=\"2026-03-30T14:51:37+00:00\" \/>\n<meta property=\"og:image\" content=\"https:\/\/shop.verlag.uni-potsdam.de\/wp-content\/uploads\/asolmerce\/image-978-3-86956-560-6.png\" \/>\n\t<meta property=\"og:image:width\" content=\"1654\" \/>\n\t<meta property=\"og:image:height\" content=\"2339\" \/>\n\t<meta property=\"og:image:type\" content=\"image\/png\" \/>\n<meta name=\"twitter:card\" content=\"summary_large_image\" \/>\n<meta name=\"twitter:label1\" content=\"Est. reading time\" \/>\n\t<meta name=\"twitter:data1\" content=\"1 minute\" \/>\n<script type=\"application\/ld+json\" class=\"yoast-schema-graph\">{\"@context\":\"https:\/\/schema.org\",\"@graph\":[{\"@type\":\"WebPage\",\"@id\":\"https:\/\/shop.verlag.uni-potsdam.de\/en\/shop\/digitale-souveraenitaet-2\/\",\"url\":\"https:\/\/shop.verlag.uni-potsdam.de\/en\/shop\/digitale-souveraenitaet-2\/\",\"name\":\"Digitale Souver\u00e4nit\u00e4t - Universit\u00e4tsverlag Potsdam\",\"isPartOf\":{\"@id\":\"https:\/\/shop.verlag.uni-potsdam.de\/en\/#website\"},\"primaryImageOfPage\":{\"@id\":\"https:\/\/shop.verlag.uni-potsdam.de\/en\/shop\/digitale-souveraenitaet-2\/#primaryimage\"},\"image\":{\"@id\":\"https:\/\/shop.verlag.uni-potsdam.de\/shop\/digitale-souveraenitaet-2\/#primaryimage\"},\"thumbnailUrl\":\"https:\/\/shop.verlag.uni-potsdam.de\/wp-content\/uploads\/asolmerce\/image-978-3-86956-560-6.png\",\"datePublished\":\"2026-03-30T12:50:37+00:00\",\"dateModified\":\"2026-03-30T14:51:37+00:00\",\"breadcrumb\":{\"@id\":\"https:\/\/shop.verlag.uni-potsdam.de\/en\/shop\/digitale-souveraenitaet-2\/#breadcrumb\"},\"inLanguage\":\"en-US\",\"potentialAction\":[{\"@type\":\"ReadAction\",\"target\":[[\"https:\/\/shop.verlag.uni-potsdam.de\/en\/shop\/digitale-souveraenitaet-2\/\"]]}]},{\"@type\":\"ImageObject\",\"inLanguage\":\"en-US\",\"@id\":\"https:\/\/shop.verlag.uni-potsdam.de\/en\/shop\/digitale-souveraenitaet-2\/#primaryimage\",\"url\":\"https:\/\/shop.verlag.uni-potsdam.de\/wp-content\/uploads\/asolmerce\/image-978-3-86956-560-6.png\",\"contentUrl\":\"https:\/\/shop.verlag.uni-potsdam.de\/wp-content\/uploads\/asolmerce\/image-978-3-86956-560-6.png\",\"width\":1654,\"height\":2339},{\"@type\":\"BreadcrumbList\",\"@id\":\"https:\/\/shop.verlag.uni-potsdam.de\/en\/shop\/digitale-souveraenitaet-2\/#breadcrumb\",\"itemListElement\":[{\"@type\":\"ListItem\",\"position\":1,\"name\":\"Startseite\",\"item\":\"https:\/\/shop.verlag.uni-potsdam.de\/en\/\"},{\"@type\":\"ListItem\",\"position\":2,\"name\":\"Shop\",\"item\":\"https:\/\/shop.verlag.uni-potsdam.de\/en\/shop\/\"},{\"@type\":\"ListItem\",\"position\":3,\"name\":\"Digitale Souver\u00e4nit\u00e4t\"}]},{\"@type\":\"WebSite\",\"@id\":\"https:\/\/shop.verlag.uni-potsdam.de\/en\/#website\",\"url\":\"https:\/\/shop.verlag.uni-potsdam.de\/en\/\",\"name\":\"Universit\u00e4tsverlag Potsdam\",\"description\":\"\",\"publisher\":{\"@id\":\"https:\/\/shop.verlag.uni-potsdam.de\/en\/#organization\"},\"potentialAction\":[{\"@type\":\"SearchAction\",\"target\":{\"@type\":\"EntryPoint\",\"urlTemplate\":\"https:\/\/shop.verlag.uni-potsdam.de\/en\/?s={search_term_string}\"},\"query-input\":{\"@type\":\"PropertyValueSpecification\",\"valueRequired\":true,\"valueName\":\"search_term_string\"}}],\"inLanguage\":\"en-US\"},{\"@type\":\"Organization\",\"@id\":\"https:\/\/shop.verlag.uni-potsdam.de\/en\/#organization\",\"name\":\"Universit\u00e4tsverlag Potsdam\",\"url\":\"https:\/\/shop.verlag.uni-potsdam.de\/en\/\",\"logo\":{\"@type\":\"ImageObject\",\"inLanguage\":\"en-US\",\"@id\":\"https:\/\/shop.verlag.uni-potsdam.de\/en\/#\/schema\/logo\/image\/\",\"url\":\"https:\/\/shop.verlag.uni-potsdam.de\/wp-content\/uploads\/2017\/04\/up_logo_university_2.png\",\"contentUrl\":\"https:\/\/shop.verlag.uni-potsdam.de\/wp-content\/uploads\/2017\/04\/up_logo_university_2.png\",\"width\":160,\"height\":172,\"caption\":\"Universit\u00e4tsverlag Potsdam\"},\"image\":{\"@id\":\"https:\/\/shop.verlag.uni-potsdam.de\/en\/#\/schema\/logo\/image\/\"}}]}<\/script>\n<!-- \/ Yoast SEO plugin. -->","yoast_head_json":{"title":"Digitale Souver\u00e4nit\u00e4t - Universit\u00e4tsverlag Potsdam","robots":{"index":"index","follow":"follow","max-snippet":"max-snippet:-1","max-image-preview":"max-image-preview:large","max-video-preview":"max-video-preview:-1"},"canonical":"https:\/\/shop.verlag.uni-potsdam.de\/en\/shop\/digitale-souveraenitaet-2\/","og_locale":"en_US","og_type":"article","og_title":"Digitale Souver\u00e4nit\u00e4t - Universit\u00e4tsverlag Potsdam","og_description":"Digitale Technologien bieten erhebliche politische, wirtschaftliche und gesellschaftliche Chancen. Zugleich ist der Begriff digitale Souver\u00e4nit\u00e4t zu einem Leitmotiv im deutschen Diskurs \u00fcber digitale Technologien geworden: das hei\u00dft, die F\u00e4higkeit des Staates, seine Verantwortung wahrzunehmen und die Bef\u00e4higung der Gesellschaft \u2013 und des Einzelnen \u2013 sicherzustellen, die digitale Transformation selbstbestimmt zu gestalten. Exemplarisch f\u00fcr die Herausforderung in Deutschland und Europa, die Vorteile digitaler Technologien zu nutzen und gleichzeitig Souver\u00e4nit\u00e4tsbedenken zu ber\u00fccksichtigen, steht der Bildungssektor. Er umfasst Bildung als zentrales \u00f6ffentliches Gut, ein schnell aufkommendes Gesch\u00e4ftsfeld und wachsende Best\u00e4nde an hochsensiblen personenbezogenen Daten. Davon ausgehend beschreibt der Bericht Wege zur Entsch\u00e4rfung des Spannungsverh\u00e4ltnisses zwischen Digitalisierung und Souver\u00e4nit\u00e4t auf drei verschiedenen Ebenen \u2013 Staat, Wirtschaft und Individuum \u2013 anhand konkreter technischer Projekte im Bildungsbereich: die HPI Schul-Cloud (staatliche Souver\u00e4nit\u00e4t), die MERLOT-Datenr\u00e4ume (wirtschaftliche Souver\u00e4nit\u00e4t) und die openHPI-Plattform (individuelle Souver\u00e4nit\u00e4t).","og_url":"https:\/\/shop.verlag.uni-potsdam.de\/en\/shop\/digitale-souveraenitaet-2\/","og_site_name":"Universit\u00e4tsverlag Potsdam","article_modified_time":"2026-03-30T14:51:37+00:00","og_image":[{"width":1654,"height":2339,"url":"https:\/\/shop.verlag.uni-potsdam.de\/wp-content\/uploads\/asolmerce\/image-978-3-86956-560-6.png","type":"image\/png"}],"twitter_card":"summary_large_image","twitter_misc":{"Est. reading time":"1 minute"},"schema":{"@context":"https:\/\/schema.org","@graph":[{"@type":"WebPage","@id":"https:\/\/shop.verlag.uni-potsdam.de\/en\/shop\/digitale-souveraenitaet-2\/","url":"https:\/\/shop.verlag.uni-potsdam.de\/en\/shop\/digitale-souveraenitaet-2\/","name":"Digitale Souver\u00e4nit\u00e4t - Universit\u00e4tsverlag Potsdam","isPartOf":{"@id":"https:\/\/shop.verlag.uni-potsdam.de\/en\/#website"},"primaryImageOfPage":{"@id":"https:\/\/shop.verlag.uni-potsdam.de\/en\/shop\/digitale-souveraenitaet-2\/#primaryimage"},"image":{"@id":"https:\/\/shop.verlag.uni-potsdam.de\/shop\/digitale-souveraenitaet-2\/#primaryimage"},"thumbnailUrl":"https:\/\/shop.verlag.uni-potsdam.de\/wp-content\/uploads\/asolmerce\/image-978-3-86956-560-6.png","datePublished":"2026-03-30T12:50:37+00:00","dateModified":"2026-03-30T14:51:37+00:00","breadcrumb":{"@id":"https:\/\/shop.verlag.uni-potsdam.de\/en\/shop\/digitale-souveraenitaet-2\/#breadcrumb"},"inLanguage":"en-US","potentialAction":[{"@type":"ReadAction","target":[["https:\/\/shop.verlag.uni-potsdam.de\/en\/shop\/digitale-souveraenitaet-2\/"]]}]},{"@type":"ImageObject","inLanguage":"en-US","@id":"https:\/\/shop.verlag.uni-potsdam.de\/en\/shop\/digitale-souveraenitaet-2\/#primaryimage","url":"https:\/\/shop.verlag.uni-potsdam.de\/wp-content\/uploads\/asolmerce\/image-978-3-86956-560-6.png","contentUrl":"https:\/\/shop.verlag.uni-potsdam.de\/wp-content\/uploads\/asolmerce\/image-978-3-86956-560-6.png","width":1654,"height":2339},{"@type":"BreadcrumbList","@id":"https:\/\/shop.verlag.uni-potsdam.de\/en\/shop\/digitale-souveraenitaet-2\/#breadcrumb","itemListElement":[{"@type":"ListItem","position":1,"name":"Startseite","item":"https:\/\/shop.verlag.uni-potsdam.de\/en\/"},{"@type":"ListItem","position":2,"name":"Shop","item":"https:\/\/shop.verlag.uni-potsdam.de\/en\/shop\/"},{"@type":"ListItem","position":3,"name":"Digitale Souver\u00e4nit\u00e4t"}]},{"@type":"WebSite","@id":"https:\/\/shop.verlag.uni-potsdam.de\/en\/#website","url":"https:\/\/shop.verlag.uni-potsdam.de\/en\/","name":"Universit\u00e4tsverlag Potsdam","description":"","publisher":{"@id":"https:\/\/shop.verlag.uni-potsdam.de\/en\/#organization"},"potentialAction":[{"@type":"SearchAction","target":{"@type":"EntryPoint","urlTemplate":"https:\/\/shop.verlag.uni-potsdam.de\/en\/?s={search_term_string}"},"query-input":{"@type":"PropertyValueSpecification","valueRequired":true,"valueName":"search_term_string"}}],"inLanguage":"en-US"},{"@type":"Organization","@id":"https:\/\/shop.verlag.uni-potsdam.de\/en\/#organization","name":"Universit\u00e4tsverlag Potsdam","url":"https:\/\/shop.verlag.uni-potsdam.de\/en\/","logo":{"@type":"ImageObject","inLanguage":"en-US","@id":"https:\/\/shop.verlag.uni-potsdam.de\/en\/#\/schema\/logo\/image\/","url":"https:\/\/shop.verlag.uni-potsdam.de\/wp-content\/uploads\/2017\/04\/up_logo_university_2.png","contentUrl":"https:\/\/shop.verlag.uni-potsdam.de\/wp-content\/uploads\/2017\/04\/up_logo_university_2.png","width":160,"height":172,"caption":"Universit\u00e4tsverlag Potsdam"},"image":{"@id":"https:\/\/shop.verlag.uni-potsdam.de\/en\/#\/schema\/logo\/image\/"}}]}},"_links":{"self":[{"href":"https:\/\/shop.verlag.uni-potsdam.de\/en\/wp-json\/wp\/v2\/product\/74247","targetHints":{"allow":["GET"]}}],"collection":[{"href":"https:\/\/shop.verlag.uni-potsdam.de\/en\/wp-json\/wp\/v2\/product"}],"about":[{"href":"https:\/\/shop.verlag.uni-potsdam.de\/en\/wp-json\/wp\/v2\/types\/product"}],"wp:featuredmedia":[{"embeddable":true,"href":"https:\/\/shop.verlag.uni-potsdam.de\/en\/wp-json\/wp\/v2\/media\/74249"}],"wp:attachment":[{"href":"https:\/\/shop.verlag.uni-potsdam.de\/en\/wp-json\/wp\/v2\/media?parent=74247"}],"wp:term":[{"taxonomy":"product_brand","embeddable":true,"href":"https:\/\/shop.verlag.uni-potsdam.de\/en\/wp-json\/wp\/v2\/product_brand?post=74247"},{"taxonomy":"product_cat","embeddable":true,"href":"https:\/\/shop.verlag.uni-potsdam.de\/en\/wp-json\/wp\/v2\/product_cat?post=74247"},{"taxonomy":"product_tag","embeddable":true,"href":"https:\/\/shop.verlag.uni-potsdam.de\/en\/wp-json\/wp\/v2\/product_tag?post=74247"}],"curies":[{"name":"wp","href":"https:\/\/api.w.org\/{rel}","templated":true}]}}