{"id":74263,"date":"2026-03-31T10:03:20","date_gmt":"2026-03-31T10:03:20","guid":{"rendered":"https:\/\/shop.verlag.uni-potsdam.de\/shop\/empty-product-container-2\/"},"modified":"2026-03-31T14:04:20","modified_gmt":"2026-03-31T12:04:20","slug":"alexander-von-humboldt-im-netz-24-2023-47","status":"publish","type":"product","link":"https:\/\/shop.verlag.uni-potsdam.de\/en\/shop\/alexander-von-humboldt-im-netz-24-2023-47\/","title":{"rendered":"Alexander von Humboldt im Netz ; 24 (2023) 47"},"content":{"rendered":"<p class=\"qtranxs-available-languages-message qtranxs-available-languages-message-en\">Sorry, this entry is only available in <a href=\"https:\/\/shop.verlag.uni-potsdam.de\/de\/wp-json\/wp\/v2\/product\/74263\" class=\"qtranxs-available-language-link qtranxs-available-language-link-de\" title=\"Deutsch\">Deutsch<\/a>.<\/p><p><\/p>\n<div>Aus dem Inhalt:<\/div>\n<div><\/div>\n<ul>\n<li>Eberhard Knobloch: Alexander von Humboldts unbekannter Briefwechsel mit Ludwig August von Buch<\/li>\n<li>Tobias Kraft und Ulrich P\u00e4\u00dfler: Das Ganze erfassen. Dem Alexander-von-Humboldt-Forscher Eberhard Knobloch zum 80. Geburtstag<\/li>\n<li>Ottmar Ette: Vor und nach der \u201egl\u00fccklichen Revolution\u201c. Langsdorff, die Berliner Debatte um die Neue Welt und ihre Folgen f\u00fcr die wissenschaftlichen Expeditionen<\/li>\n<li>Carmen G\u00f6tz: Die (Un-)Ordnung des Schreibens. Der Index g\u00e9n\u00e9ral und die Amerikanischen Reisetageb\u00fccher<\/li>\n<li>Ingo Schwarz: \u201eJedes ernste wissenschaftliche Streben ist ehrenwert.\u201c Carl Friedrich von Kl\u00f6dens Rezension des Kosmos von Alexander von Humboldt (1845)<\/li>\n<li>Tobias Kraft und Ulrich P\u00e4\u00dfler: Schriftenverzeichnis: Publikationen von Eberhard Knobloch zu Alexander von Humboldt<\/li>\n<li>Eberhard Knobloch: Alexander von Humboldts Naturgem\u00e4lde der Anden<\/li>\n<\/ul>\n<p><\/p>","protected":false},"excerpt":{"rendered":"<p class=\"qtranxs-available-languages-message qtranxs-available-languages-message-en\">Sorry, this entry is only available in <a href=\"https:\/\/shop.verlag.uni-potsdam.de\/de\/wp-json\/wp\/v2\/product\/74263\" class=\"qtranxs-available-language-link qtranxs-available-language-link-de\" title=\"Deutsch\">Deutsch<\/a>.<\/p>\n<div>Aus dem Inhalt:<\/div>\n<div><\/div>\n<ul>\n<li>Eberhard Knobloch: Alexander von Humboldts unbekannter Briefwechsel mit Ludwig August von Buch<\/li>\n<li>Tobias Kraft und Ulrich P\u00e4\u00dfler: Das Ganze erfassen. Dem Alexander-von-Humboldt-Forscher Eberhard Knobloch zum 80. Geburtstag<\/li>\n<li>Ottmar Ette: Vor und nach der \u201egl\u00fccklichen Revolution\u201c. Langsdorff, die Berliner Debatte um die Neue Welt und ihre Folgen f\u00fcr die wissenschaftlichen Expeditionen<\/li>\n<li>Carmen G\u00f6tz: Die (Un-)Ordnung des Schreibens. Der Index g\u00e9n\u00e9ral und die Amerikanischen Reisetageb\u00fccher<\/li>\n<li>Ingo Schwarz: \u201eJedes ernste wissenschaftliche Streben ist ehrenwert.\u201c Carl Friedrich von Kl\u00f6dens Rezension des Kosmos von Alexander von Humboldt (1845)<\/li>\n<li>Tobias Kraft und Ulrich P\u00e4\u00dfler: Schriftenverzeichnis: Publikationen von Eberhard Knobloch zu Alexander von Humboldt<\/li>\n<li>Eberhard Knobloch: Alexander von Humboldts Naturgem\u00e4lde der Anden<\/li>\n<\/ul>\n","protected":false},"featured_media":74264,"template":"","meta":{"_acf_changed":false},"product_brand":[],"product_cat":[6207],"product_tag":[],"class_list":{"0":"post-74263","1":"product","2":"type-product","3":"status-publish","4":"has-post-thumbnail","6":"product_cat-geschichte-web-kategorie","7":"autor-goetz-carmen","8":"autor-eberhard-knobloch","9":"autor-ingo-schwarz","10":"autor-tobias-kraft","11":"autor-ulrich-paessler","12":"zeitschriften-hin-alexander-von-humboldt-im-netz","14":"first","15":"instock","16":"shipping-taxable","17":"purchasable","18":"product-type-simple"},"acf":[],"yoast_head":"<!-- This site is optimized with the Yoast SEO plugin v27.1.1 - https:\/\/yoast.com\/product\/yoast-seo-wordpress\/ -->\n<title>Alexander von Humboldt im Netz ; 24 (2023) 47 - Universit\u00e4tsverlag Potsdam<\/title>\n<meta name=\"robots\" content=\"index, follow, max-snippet:-1, max-image-preview:large, max-video-preview:-1\" \/>\n<link rel=\"canonical\" href=\"https:\/\/shop.verlag.uni-potsdam.de\/en\/shop\/alexander-von-humboldt-im-netz-24-2023-47\/\" \/>\n<meta property=\"og:locale\" content=\"en_US\" \/>\n<meta property=\"og:type\" content=\"article\" \/>\n<meta property=\"og:title\" content=\"Alexander von Humboldt im Netz ; 24 (2023) 47 - Universit\u00e4tsverlag Potsdam\" \/>\n<meta property=\"og:description\" content=\"Aus dem Inhalt:Eberhard Knobloch: Alexander von Humboldts unbekannter Briefwechsel mit Ludwig August von BuchTobias Kraft und Ulrich P\u00e4\u00dfler: Das Ganze erfassen. Dem Alexander-von-Humboldt-Forscher Eberhard Knobloch zum 80. GeburtstagOttmar Ette: Vor und nach der \u201egl\u00fccklichen Revolution\u201c. Langsdorff, die Berliner Debatte um die Neue Welt und ihre Folgen f\u00fcr die wissenschaftlichen ExpeditionenCarmen G\u00f6tz: Die (Un-)Ordnung des Schreibens. Der Index g\u00e9n\u00e9ral und die Amerikanischen Reisetageb\u00fccherIngo Schwarz: \u201eJedes ernste wissenschaftliche Streben ist ehrenwert.\u201c Carl Friedrich von Kl\u00f6dens Rezension des Kosmos von Alexander von Humboldt (1845)Tobias Kraft und Ulrich P\u00e4\u00dfler: Schriftenverzeichnis: Publikationen von Eberhard Knobloch zu Alexander von HumboldtEberhard Knobloch: Alexander von Humboldts Naturgem\u00e4lde der Anden\" \/>\n<meta property=\"og:url\" content=\"https:\/\/shop.verlag.uni-potsdam.de\/en\/shop\/alexander-von-humboldt-im-netz-24-2023-47\/\" \/>\n<meta property=\"og:site_name\" content=\"Universit\u00e4tsverlag Potsdam\" \/>\n<meta property=\"article:modified_time\" content=\"2026-03-31T12:04:20+00:00\" \/>\n<meta property=\"og:image\" content=\"https:\/\/shop.verlag.uni-potsdam.de\/wp-content\/uploads\/asolmerce\/image-22510.jpg\" \/>\n\t<meta property=\"og:image:width\" content=\"1141\" \/>\n\t<meta property=\"og:image:height\" content=\"1602\" \/>\n\t<meta property=\"og:image:type\" content=\"image\/jpeg\" \/>\n<meta name=\"twitter:card\" content=\"summary_large_image\" \/>\n<meta name=\"twitter:label1\" content=\"Est. reading time\" \/>\n\t<meta name=\"twitter:data1\" content=\"1 minute\" \/>\n<script type=\"application\/ld+json\" class=\"yoast-schema-graph\">{\"@context\":\"https:\/\/schema.org\",\"@graph\":[{\"@type\":\"WebPage\",\"@id\":\"https:\/\/shop.verlag.uni-potsdam.de\/en\/shop\/alexander-von-humboldt-im-netz-24-2023-47\/\",\"url\":\"https:\/\/shop.verlag.uni-potsdam.de\/en\/shop\/alexander-von-humboldt-im-netz-24-2023-47\/\",\"name\":\"Alexander von Humboldt im Netz ; 24 (2023) 47 - Universit\u00e4tsverlag Potsdam\",\"isPartOf\":{\"@id\":\"https:\/\/shop.verlag.uni-potsdam.de\/en\/#website\"},\"primaryImageOfPage\":{\"@id\":\"https:\/\/shop.verlag.uni-potsdam.de\/en\/shop\/alexander-von-humboldt-im-netz-24-2023-47\/#primaryimage\"},\"image\":{\"@id\":\"https:\/\/shop.verlag.uni-potsdam.de\/shop\/alexander-von-humboldt-im-netz-24-2023-47\/#primaryimage\"},\"thumbnailUrl\":\"https:\/\/shop.verlag.uni-potsdam.de\/wp-content\/uploads\/asolmerce\/image-22510.jpg\",\"datePublished\":\"2026-03-31T10:03:20+00:00\",\"dateModified\":\"2026-03-31T12:04:20+00:00\",\"breadcrumb\":{\"@id\":\"https:\/\/shop.verlag.uni-potsdam.de\/en\/shop\/alexander-von-humboldt-im-netz-24-2023-47\/#breadcrumb\"},\"inLanguage\":\"en-US\",\"potentialAction\":[{\"@type\":\"ReadAction\",\"target\":[[\"https:\/\/shop.verlag.uni-potsdam.de\/en\/shop\/alexander-von-humboldt-im-netz-24-2023-47\/\"]]}]},{\"@type\":\"ImageObject\",\"inLanguage\":\"en-US\",\"@id\":\"https:\/\/shop.verlag.uni-potsdam.de\/en\/shop\/alexander-von-humboldt-im-netz-24-2023-47\/#primaryimage\",\"url\":\"https:\/\/shop.verlag.uni-potsdam.de\/wp-content\/uploads\/asolmerce\/image-22510.jpg\",\"contentUrl\":\"https:\/\/shop.verlag.uni-potsdam.de\/wp-content\/uploads\/asolmerce\/image-22510.jpg\",\"width\":1141,\"height\":1602},{\"@type\":\"BreadcrumbList\",\"@id\":\"https:\/\/shop.verlag.uni-potsdam.de\/en\/shop\/alexander-von-humboldt-im-netz-24-2023-47\/#breadcrumb\",\"itemListElement\":[{\"@type\":\"ListItem\",\"position\":1,\"name\":\"Startseite\",\"item\":\"https:\/\/shop.verlag.uni-potsdam.de\/en\/\"},{\"@type\":\"ListItem\",\"position\":2,\"name\":\"Shop\",\"item\":\"https:\/\/shop.verlag.uni-potsdam.de\/en\/shop\/\"},{\"@type\":\"ListItem\",\"position\":3,\"name\":\"Alexander von Humboldt im Netz ; 24 (2023) 47\"}]},{\"@type\":\"WebSite\",\"@id\":\"https:\/\/shop.verlag.uni-potsdam.de\/en\/#website\",\"url\":\"https:\/\/shop.verlag.uni-potsdam.de\/en\/\",\"name\":\"Universit\u00e4tsverlag Potsdam\",\"description\":\"\",\"publisher\":{\"@id\":\"https:\/\/shop.verlag.uni-potsdam.de\/en\/#organization\"},\"potentialAction\":[{\"@type\":\"SearchAction\",\"target\":{\"@type\":\"EntryPoint\",\"urlTemplate\":\"https:\/\/shop.verlag.uni-potsdam.de\/en\/?s={search_term_string}\"},\"query-input\":{\"@type\":\"PropertyValueSpecification\",\"valueRequired\":true,\"valueName\":\"search_term_string\"}}],\"inLanguage\":\"en-US\"},{\"@type\":\"Organization\",\"@id\":\"https:\/\/shop.verlag.uni-potsdam.de\/en\/#organization\",\"name\":\"Universit\u00e4tsverlag Potsdam\",\"url\":\"https:\/\/shop.verlag.uni-potsdam.de\/en\/\",\"logo\":{\"@type\":\"ImageObject\",\"inLanguage\":\"en-US\",\"@id\":\"https:\/\/shop.verlag.uni-potsdam.de\/en\/#\/schema\/logo\/image\/\",\"url\":\"https:\/\/shop.verlag.uni-potsdam.de\/wp-content\/uploads\/2017\/04\/up_logo_university_2.png\",\"contentUrl\":\"https:\/\/shop.verlag.uni-potsdam.de\/wp-content\/uploads\/2017\/04\/up_logo_university_2.png\",\"width\":160,\"height\":172,\"caption\":\"Universit\u00e4tsverlag Potsdam\"},\"image\":{\"@id\":\"https:\/\/shop.verlag.uni-potsdam.de\/en\/#\/schema\/logo\/image\/\"}}]}<\/script>\n<!-- \/ Yoast SEO plugin. -->","yoast_head_json":{"title":"Alexander von Humboldt im Netz ; 24 (2023) 47 - Universit\u00e4tsverlag Potsdam","robots":{"index":"index","follow":"follow","max-snippet":"max-snippet:-1","max-image-preview":"max-image-preview:large","max-video-preview":"max-video-preview:-1"},"canonical":"https:\/\/shop.verlag.uni-potsdam.de\/en\/shop\/alexander-von-humboldt-im-netz-24-2023-47\/","og_locale":"en_US","og_type":"article","og_title":"Alexander von Humboldt im Netz ; 24 (2023) 47 - Universit\u00e4tsverlag Potsdam","og_description":"Aus dem Inhalt:Eberhard Knobloch: Alexander von Humboldts unbekannter Briefwechsel mit Ludwig August von BuchTobias Kraft und Ulrich P\u00e4\u00dfler: Das Ganze erfassen. Dem Alexander-von-Humboldt-Forscher Eberhard Knobloch zum 80. GeburtstagOttmar Ette: Vor und nach der \u201egl\u00fccklichen Revolution\u201c. Langsdorff, die Berliner Debatte um die Neue Welt und ihre Folgen f\u00fcr die wissenschaftlichen ExpeditionenCarmen G\u00f6tz: Die (Un-)Ordnung des Schreibens. Der Index g\u00e9n\u00e9ral und die Amerikanischen Reisetageb\u00fccherIngo Schwarz: \u201eJedes ernste wissenschaftliche Streben ist ehrenwert.\u201c Carl Friedrich von Kl\u00f6dens Rezension des Kosmos von Alexander von Humboldt (1845)Tobias Kraft und Ulrich P\u00e4\u00dfler: Schriftenverzeichnis: Publikationen von Eberhard Knobloch zu Alexander von HumboldtEberhard Knobloch: Alexander von Humboldts Naturgem\u00e4lde der Anden","og_url":"https:\/\/shop.verlag.uni-potsdam.de\/en\/shop\/alexander-von-humboldt-im-netz-24-2023-47\/","og_site_name":"Universit\u00e4tsverlag Potsdam","article_modified_time":"2026-03-31T12:04:20+00:00","og_image":[{"width":1141,"height":1602,"url":"https:\/\/shop.verlag.uni-potsdam.de\/wp-content\/uploads\/asolmerce\/image-22510.jpg","type":"image\/jpeg"}],"twitter_card":"summary_large_image","twitter_misc":{"Est. reading time":"1 minute"},"schema":{"@context":"https:\/\/schema.org","@graph":[{"@type":"WebPage","@id":"https:\/\/shop.verlag.uni-potsdam.de\/en\/shop\/alexander-von-humboldt-im-netz-24-2023-47\/","url":"https:\/\/shop.verlag.uni-potsdam.de\/en\/shop\/alexander-von-humboldt-im-netz-24-2023-47\/","name":"Alexander von Humboldt im Netz ; 24 (2023) 47 - Universit\u00e4tsverlag Potsdam","isPartOf":{"@id":"https:\/\/shop.verlag.uni-potsdam.de\/en\/#website"},"primaryImageOfPage":{"@id":"https:\/\/shop.verlag.uni-potsdam.de\/en\/shop\/alexander-von-humboldt-im-netz-24-2023-47\/#primaryimage"},"image":{"@id":"https:\/\/shop.verlag.uni-potsdam.de\/shop\/alexander-von-humboldt-im-netz-24-2023-47\/#primaryimage"},"thumbnailUrl":"https:\/\/shop.verlag.uni-potsdam.de\/wp-content\/uploads\/asolmerce\/image-22510.jpg","datePublished":"2026-03-31T10:03:20+00:00","dateModified":"2026-03-31T12:04:20+00:00","breadcrumb":{"@id":"https:\/\/shop.verlag.uni-potsdam.de\/en\/shop\/alexander-von-humboldt-im-netz-24-2023-47\/#breadcrumb"},"inLanguage":"en-US","potentialAction":[{"@type":"ReadAction","target":[["https:\/\/shop.verlag.uni-potsdam.de\/en\/shop\/alexander-von-humboldt-im-netz-24-2023-47\/"]]}]},{"@type":"ImageObject","inLanguage":"en-US","@id":"https:\/\/shop.verlag.uni-potsdam.de\/en\/shop\/alexander-von-humboldt-im-netz-24-2023-47\/#primaryimage","url":"https:\/\/shop.verlag.uni-potsdam.de\/wp-content\/uploads\/asolmerce\/image-22510.jpg","contentUrl":"https:\/\/shop.verlag.uni-potsdam.de\/wp-content\/uploads\/asolmerce\/image-22510.jpg","width":1141,"height":1602},{"@type":"BreadcrumbList","@id":"https:\/\/shop.verlag.uni-potsdam.de\/en\/shop\/alexander-von-humboldt-im-netz-24-2023-47\/#breadcrumb","itemListElement":[{"@type":"ListItem","position":1,"name":"Startseite","item":"https:\/\/shop.verlag.uni-potsdam.de\/en\/"},{"@type":"ListItem","position":2,"name":"Shop","item":"https:\/\/shop.verlag.uni-potsdam.de\/en\/shop\/"},{"@type":"ListItem","position":3,"name":"Alexander von Humboldt im Netz ; 24 (2023) 47"}]},{"@type":"WebSite","@id":"https:\/\/shop.verlag.uni-potsdam.de\/en\/#website","url":"https:\/\/shop.verlag.uni-potsdam.de\/en\/","name":"Universit\u00e4tsverlag Potsdam","description":"","publisher":{"@id":"https:\/\/shop.verlag.uni-potsdam.de\/en\/#organization"},"potentialAction":[{"@type":"SearchAction","target":{"@type":"EntryPoint","urlTemplate":"https:\/\/shop.verlag.uni-potsdam.de\/en\/?s={search_term_string}"},"query-input":{"@type":"PropertyValueSpecification","valueRequired":true,"valueName":"search_term_string"}}],"inLanguage":"en-US"},{"@type":"Organization","@id":"https:\/\/shop.verlag.uni-potsdam.de\/en\/#organization","name":"Universit\u00e4tsverlag Potsdam","url":"https:\/\/shop.verlag.uni-potsdam.de\/en\/","logo":{"@type":"ImageObject","inLanguage":"en-US","@id":"https:\/\/shop.verlag.uni-potsdam.de\/en\/#\/schema\/logo\/image\/","url":"https:\/\/shop.verlag.uni-potsdam.de\/wp-content\/uploads\/2017\/04\/up_logo_university_2.png","contentUrl":"https:\/\/shop.verlag.uni-potsdam.de\/wp-content\/uploads\/2017\/04\/up_logo_university_2.png","width":160,"height":172,"caption":"Universit\u00e4tsverlag Potsdam"},"image":{"@id":"https:\/\/shop.verlag.uni-potsdam.de\/en\/#\/schema\/logo\/image\/"}}]}},"_links":{"self":[{"href":"https:\/\/shop.verlag.uni-potsdam.de\/en\/wp-json\/wp\/v2\/product\/74263","targetHints":{"allow":["GET"]}}],"collection":[{"href":"https:\/\/shop.verlag.uni-potsdam.de\/en\/wp-json\/wp\/v2\/product"}],"about":[{"href":"https:\/\/shop.verlag.uni-potsdam.de\/en\/wp-json\/wp\/v2\/types\/product"}],"wp:featuredmedia":[{"embeddable":true,"href":"https:\/\/shop.verlag.uni-potsdam.de\/en\/wp-json\/wp\/v2\/media\/74264"}],"wp:attachment":[{"href":"https:\/\/shop.verlag.uni-potsdam.de\/en\/wp-json\/wp\/v2\/media?parent=74263"}],"wp:term":[{"taxonomy":"product_brand","embeddable":true,"href":"https:\/\/shop.verlag.uni-potsdam.de\/en\/wp-json\/wp\/v2\/product_brand?post=74263"},{"taxonomy":"product_cat","embeddable":true,"href":"https:\/\/shop.verlag.uni-potsdam.de\/en\/wp-json\/wp\/v2\/product_cat?post=74263"},{"taxonomy":"product_tag","embeddable":true,"href":"https:\/\/shop.verlag.uni-potsdam.de\/en\/wp-json\/wp\/v2\/product_tag?post=74263"}],"curies":[{"name":"wp","href":"https:\/\/api.w.org\/{rel}","templated":true}]}}