{"id":74274,"date":"2026-03-31T09:35:02","date_gmt":"2026-03-31T09:35:02","guid":{"rendered":"https:\/\/shop.verlag.uni-potsdam.de\/shop\/empty-product-container-2\/"},"modified":"2026-03-31T13:36:02","modified_gmt":"2026-03-31T11:36:02","slug":"digitale-pioniere-als-schluesselakteure-laendlicher-governance","status":"publish","type":"product","link":"https:\/\/shop.verlag.uni-potsdam.de\/en\/shop\/digitale-pioniere-als-schluesselakteure-laendlicher-governance\/","title":{"rendered":"Digitale Pioniere als Schl\u00fcsselakteure l\u00e4ndlicher Governance"},"content":{"rendered":"<p class=\"qtranxs-available-languages-message qtranxs-available-languages-message-en\">Sorry, this entry is only available in <a href=\"https:\/\/shop.verlag.uni-potsdam.de\/de\/wp-json\/wp\/v2\/product\/74274\" class=\"qtranxs-available-language-link qtranxs-available-language-link-de\" title=\"Deutsch\">Deutsch<\/a>.<\/p><p>Zentrale Aufgaben von Kommunen in Deutschland umfassen die Gew\u00e4hrleistung der Daseinsvorsorge, des \u00f6ffentlichen Verkehrs, Wirtschaftsf\u00f6rderung, Zugang zu ausreichender Breitbandinfrastruktur, gesundheitliche und soziale Betreuung und Zugang zu kulturellem Leben. Kommunen in l\u00e4ndlichen Regionen stehen gleichzeitig vor zahlreichen gesellschaftlichen, wirtschaftlichen, sozialen und politischen Herausforderungen. Neuartige Ans\u00e4tze und innovative Akteure und Netzwerke werden daher im Kontext der Schaffung von sozialen oder digitalen Innovationen von den Kommunen als Antwort auf diese Herausforderungen begr\u00fc\u00dft, sto\u00dfen aber auch teilweise auf Barrieren. <br \/>In dem Sammelband wird von den Herausgebenden die Frage untersucht, wie sich digitale Vorreiter:innen, die wir \u201eDigitale Pioniere\u201c nennen, in l\u00e4ndlichen Regionen vernetzen, um einen positiven Beitrag zur l\u00e4ndlichen Regionalentwicklung zu leisten. Dabei liegt der Fokus haupts\u00e4chlich auf der kommunalpolitischen Ebene und auf der Frage, wie Digitale Pioniere als Schl\u00fcsselakteure in der l\u00e4ndlichen Governance agieren. Die Forschungsergebnisse kommunaler Governance sind anhand l\u00e4ndlicher Untersuchungsteilregionen in Baden-W\u00fcrttemberg und Mecklenburg-Vorpommern im Rahmen des Forschungsprojekts \u201eDigPion \u2013 Digitale Pioniere in der l\u00e4ndlichen Regionalentwicklung\u201c (2020\u20132023) erarbeitet worden. Abschlie\u00dfend wird \u00fcberpr\u00fcft, wie die Erkenntnisse und erarbeiteten Handlungsempfehlungen f\u00fcr das Bundesland Brandenburg \u00fcbertragbar sind.<\/p>","protected":false},"excerpt":{"rendered":"<p class=\"qtranxs-available-languages-message qtranxs-available-languages-message-en\">Sorry, this entry is only available in <a href=\"https:\/\/shop.verlag.uni-potsdam.de\/de\/wp-json\/wp\/v2\/product\/74274\" class=\"qtranxs-available-language-link qtranxs-available-language-link-de\" title=\"Deutsch\">Deutsch<\/a>.<\/p>\n<p>Zentrale Aufgaben von Kommunen in Deutschland umfassen die Gew\u00e4hrleistung der Daseinsvorsorge, des \u00f6ffentlichen Verkehrs, Wirtschaftsf\u00f6rderung, Zugang zu ausreichender Breitbandinfrastruktur, gesundheitliche und soziale Betreuung und Zugang zu kulturellem Leben. Kommunen in l\u00e4ndlichen Regionen stehen gleichzeitig vor zahlreichen gesellschaftlichen, wirtschaftlichen, sozialen und politischen Herausforderungen. Neuartige Ans\u00e4tze und innovative Akteure und Netzwerke werden daher im Kontext der Schaffung von sozialen oder digitalen Innovationen von den Kommunen als Antwort auf diese Herausforderungen begr\u00fc\u00dft, sto\u00dfen aber auch teilweise auf Barrieren. <br \/>In dem Sammelband wird von den Herausgebenden die Frage untersucht, wie sich digitale Vorreiter:innen, die wir \u201eDigitale Pioniere\u201c nennen, in l\u00e4ndlichen Regionen vernetzen, um einen positiven Beitrag zur l\u00e4ndlichen Regionalentwicklung zu leisten. Dabei liegt der Fokus haupts\u00e4chlich auf der kommunalpolitischen Ebene und auf der Frage, wie Digitale Pioniere als Schl\u00fcsselakteure in der l\u00e4ndlichen Governance agieren. Die Forschungsergebnisse kommunaler Governance sind anhand l\u00e4ndlicher Untersuchungsteilregionen in Baden-W\u00fcrttemberg und Mecklenburg-Vorpommern im Rahmen des Forschungsprojekts \u201eDigPion \u2013 Digitale Pioniere in der l\u00e4ndlichen Regionalentwicklung\u201c (2020\u20132023) erarbeitet worden. Abschlie\u00dfend wird \u00fcberpr\u00fcft, wie die Erkenntnisse und erarbeiteten Handlungsempfehlungen f\u00fcr das Bundesland Brandenburg \u00fcbertragbar sind.<\/p>\n","protected":false},"featured_media":74301,"template":"","meta":{"_acf_changed":false},"product_brand":[],"product_cat":[6223],"product_tag":[6832],"class_list":{"0":"post-74274","1":"product","2":"type-product","3":"status-publish","4":"has-post-thumbnail","6":"product_cat-politikwissenschaft-web-kategorie","7":"product_tag-digitalisierung-regionalentwicklung-daseinsvorsorge-entrepreneurship-lokale-governance-laendliche-raeume","8":"autor-antje-witting","9":"autor-hanna-zeissig","10":"autor-julia-binder","11":"autor-julia-zscherneck","12":"autor-kamil-bembnista","13":"autor-peter-ulrich","14":"autor-tobias-mettenberger","16":"first","17":"instock","18":"shipping-taxable","19":"purchasable","20":"product-type-simple"},"acf":[],"yoast_head":"<!-- This site is optimized with the Yoast SEO plugin v27.1.1 - https:\/\/yoast.com\/product\/yoast-seo-wordpress\/ -->\n<title>Digitale Pioniere als Schl\u00fcsselakteure l\u00e4ndlicher Governance - Universit\u00e4tsverlag Potsdam<\/title>\n<meta name=\"robots\" content=\"index, follow, max-snippet:-1, max-image-preview:large, max-video-preview:-1\" \/>\n<link rel=\"canonical\" href=\"https:\/\/shop.verlag.uni-potsdam.de\/en\/shop\/digitale-pioniere-als-schluesselakteure-laendlicher-governance\/\" \/>\n<meta property=\"og:locale\" content=\"en_US\" \/>\n<meta property=\"og:type\" content=\"article\" \/>\n<meta property=\"og:title\" content=\"Digitale Pioniere als Schl\u00fcsselakteure l\u00e4ndlicher Governance - Universit\u00e4tsverlag Potsdam\" \/>\n<meta property=\"og:description\" content=\"Zentrale Aufgaben von Kommunen in Deutschland umfassen die Gew\u00e4hrleistung der Daseinsvorsorge, des \u00f6ffentlichen Verkehrs, Wirtschaftsf\u00f6rderung, Zugang zu ausreichender Breitbandinfrastruktur, gesundheitliche und soziale Betreuung und Zugang zu kulturellem Leben. Kommunen in l\u00e4ndlichen Regionen stehen gleichzeitig vor zahlreichen gesellschaftlichen, wirtschaftlichen, sozialen und politischen Herausforderungen. Neuartige Ans\u00e4tze und innovative Akteure und Netzwerke werden daher im Kontext der Schaffung von sozialen oder digitalen Innovationen von den Kommunen als Antwort auf diese Herausforderungen begr\u00fc\u00dft, sto\u00dfen aber auch teilweise auf Barrieren. In dem Sammelband wird von den Herausgebenden die Frage untersucht, wie sich digitale Vorreiter:innen, die wir \u201eDigitale Pioniere\u201c nennen, in l\u00e4ndlichen Regionen vernetzen, um einen positiven Beitrag zur l\u00e4ndlichen Regionalentwicklung zu leisten. Dabei liegt der Fokus haupts\u00e4chlich auf der kommunalpolitischen Ebene und auf der Frage, wie Digitale Pioniere als Schl\u00fcsselakteure in der l\u00e4ndlichen Governance agieren. Die Forschungsergebnisse kommunaler Governance sind anhand l\u00e4ndlicher Untersuchungsteilregionen in Baden-W\u00fcrttemberg und Mecklenburg-Vorpommern im Rahmen des Forschungsprojekts \u201eDigPion \u2013 Digitale Pioniere in der l\u00e4ndlichen Regionalentwicklung\u201c (2020\u20132023) erarbeitet worden. Abschlie\u00dfend wird \u00fcberpr\u00fcft, wie die Erkenntnisse und erarbeiteten Handlungsempfehlungen f\u00fcr das Bundesland Brandenburg \u00fcbertragbar sind.\" \/>\n<meta property=\"og:url\" content=\"https:\/\/shop.verlag.uni-potsdam.de\/en\/shop\/digitale-pioniere-als-schluesselakteure-laendlicher-governance\/\" \/>\n<meta property=\"og:site_name\" content=\"Universit\u00e4tsverlag Potsdam\" \/>\n<meta property=\"article:modified_time\" content=\"2026-03-31T11:36:02+00:00\" \/>\n<meta property=\"og:image\" content=\"https:\/\/shop.verlag.uni-potsdam.de\/wp-content\/uploads\/asolmerce\/image-978-3-86956-571-2.jpg\" \/>\n\t<meta property=\"og:image:width\" content=\"1339\" \/>\n\t<meta property=\"og:image:height\" content=\"1890\" \/>\n\t<meta property=\"og:image:type\" content=\"image\/jpeg\" \/>\n<meta name=\"twitter:card\" content=\"summary_large_image\" \/>\n<meta name=\"twitter:label1\" content=\"Est. reading time\" \/>\n\t<meta name=\"twitter:data1\" content=\"1 minute\" \/>\n<script type=\"application\/ld+json\" class=\"yoast-schema-graph\">{\"@context\":\"https:\/\/schema.org\",\"@graph\":[{\"@type\":\"WebPage\",\"@id\":\"https:\/\/shop.verlag.uni-potsdam.de\/en\/shop\/digitale-pioniere-als-schluesselakteure-laendlicher-governance\/\",\"url\":\"https:\/\/shop.verlag.uni-potsdam.de\/en\/shop\/digitale-pioniere-als-schluesselakteure-laendlicher-governance\/\",\"name\":\"Digitale Pioniere als Schl\u00fcsselakteure l\u00e4ndlicher Governance - Universit\u00e4tsverlag Potsdam\",\"isPartOf\":{\"@id\":\"https:\/\/shop.verlag.uni-potsdam.de\/en\/#website\"},\"primaryImageOfPage\":{\"@id\":\"https:\/\/shop.verlag.uni-potsdam.de\/en\/shop\/digitale-pioniere-als-schluesselakteure-laendlicher-governance\/#primaryimage\"},\"image\":{\"@id\":\"https:\/\/shop.verlag.uni-potsdam.de\/shop\/digitale-pioniere-als-schluesselakteure-laendlicher-governance\/#primaryimage\"},\"thumbnailUrl\":\"https:\/\/shop.verlag.uni-potsdam.de\/wp-content\/uploads\/asolmerce\/image-978-3-86956-571-2.jpg\",\"datePublished\":\"2026-03-31T09:35:02+00:00\",\"dateModified\":\"2026-03-31T11:36:02+00:00\",\"breadcrumb\":{\"@id\":\"https:\/\/shop.verlag.uni-potsdam.de\/en\/shop\/digitale-pioniere-als-schluesselakteure-laendlicher-governance\/#breadcrumb\"},\"inLanguage\":\"en-US\",\"potentialAction\":[{\"@type\":\"ReadAction\",\"target\":[[\"https:\/\/shop.verlag.uni-potsdam.de\/en\/shop\/digitale-pioniere-als-schluesselakteure-laendlicher-governance\/\"]]}]},{\"@type\":\"ImageObject\",\"inLanguage\":\"en-US\",\"@id\":\"https:\/\/shop.verlag.uni-potsdam.de\/en\/shop\/digitale-pioniere-als-schluesselakteure-laendlicher-governance\/#primaryimage\",\"url\":\"https:\/\/shop.verlag.uni-potsdam.de\/wp-content\/uploads\/asolmerce\/image-978-3-86956-571-2.jpg\",\"contentUrl\":\"https:\/\/shop.verlag.uni-potsdam.de\/wp-content\/uploads\/asolmerce\/image-978-3-86956-571-2.jpg\",\"width\":1339,\"height\":1890},{\"@type\":\"BreadcrumbList\",\"@id\":\"https:\/\/shop.verlag.uni-potsdam.de\/en\/shop\/digitale-pioniere-als-schluesselakteure-laendlicher-governance\/#breadcrumb\",\"itemListElement\":[{\"@type\":\"ListItem\",\"position\":1,\"name\":\"Startseite\",\"item\":\"https:\/\/shop.verlag.uni-potsdam.de\/en\/\"},{\"@type\":\"ListItem\",\"position\":2,\"name\":\"Shop\",\"item\":\"https:\/\/shop.verlag.uni-potsdam.de\/en\/shop\/\"},{\"@type\":\"ListItem\",\"position\":3,\"name\":\"Digitale Pioniere als Schl\u00fcsselakteure l\u00e4ndlicher Governance\"}]},{\"@type\":\"WebSite\",\"@id\":\"https:\/\/shop.verlag.uni-potsdam.de\/en\/#website\",\"url\":\"https:\/\/shop.verlag.uni-potsdam.de\/en\/\",\"name\":\"Universit\u00e4tsverlag Potsdam\",\"description\":\"\",\"publisher\":{\"@id\":\"https:\/\/shop.verlag.uni-potsdam.de\/en\/#organization\"},\"potentialAction\":[{\"@type\":\"SearchAction\",\"target\":{\"@type\":\"EntryPoint\",\"urlTemplate\":\"https:\/\/shop.verlag.uni-potsdam.de\/en\/?s={search_term_string}\"},\"query-input\":{\"@type\":\"PropertyValueSpecification\",\"valueRequired\":true,\"valueName\":\"search_term_string\"}}],\"inLanguage\":\"en-US\"},{\"@type\":\"Organization\",\"@id\":\"https:\/\/shop.verlag.uni-potsdam.de\/en\/#organization\",\"name\":\"Universit\u00e4tsverlag Potsdam\",\"url\":\"https:\/\/shop.verlag.uni-potsdam.de\/en\/\",\"logo\":{\"@type\":\"ImageObject\",\"inLanguage\":\"en-US\",\"@id\":\"https:\/\/shop.verlag.uni-potsdam.de\/en\/#\/schema\/logo\/image\/\",\"url\":\"https:\/\/shop.verlag.uni-potsdam.de\/wp-content\/uploads\/2017\/04\/up_logo_university_2.png\",\"contentUrl\":\"https:\/\/shop.verlag.uni-potsdam.de\/wp-content\/uploads\/2017\/04\/up_logo_university_2.png\",\"width\":160,\"height\":172,\"caption\":\"Universit\u00e4tsverlag Potsdam\"},\"image\":{\"@id\":\"https:\/\/shop.verlag.uni-potsdam.de\/en\/#\/schema\/logo\/image\/\"}}]}<\/script>\n<!-- \/ Yoast SEO plugin. -->","yoast_head_json":{"title":"Digitale Pioniere als Schl\u00fcsselakteure l\u00e4ndlicher Governance - Universit\u00e4tsverlag Potsdam","robots":{"index":"index","follow":"follow","max-snippet":"max-snippet:-1","max-image-preview":"max-image-preview:large","max-video-preview":"max-video-preview:-1"},"canonical":"https:\/\/shop.verlag.uni-potsdam.de\/en\/shop\/digitale-pioniere-als-schluesselakteure-laendlicher-governance\/","og_locale":"en_US","og_type":"article","og_title":"Digitale Pioniere als Schl\u00fcsselakteure l\u00e4ndlicher Governance - Universit\u00e4tsverlag Potsdam","og_description":"Zentrale Aufgaben von Kommunen in Deutschland umfassen die Gew\u00e4hrleistung der Daseinsvorsorge, des \u00f6ffentlichen Verkehrs, Wirtschaftsf\u00f6rderung, Zugang zu ausreichender Breitbandinfrastruktur, gesundheitliche und soziale Betreuung und Zugang zu kulturellem Leben. Kommunen in l\u00e4ndlichen Regionen stehen gleichzeitig vor zahlreichen gesellschaftlichen, wirtschaftlichen, sozialen und politischen Herausforderungen. Neuartige Ans\u00e4tze und innovative Akteure und Netzwerke werden daher im Kontext der Schaffung von sozialen oder digitalen Innovationen von den Kommunen als Antwort auf diese Herausforderungen begr\u00fc\u00dft, sto\u00dfen aber auch teilweise auf Barrieren. In dem Sammelband wird von den Herausgebenden die Frage untersucht, wie sich digitale Vorreiter:innen, die wir \u201eDigitale Pioniere\u201c nennen, in l\u00e4ndlichen Regionen vernetzen, um einen positiven Beitrag zur l\u00e4ndlichen Regionalentwicklung zu leisten. Dabei liegt der Fokus haupts\u00e4chlich auf der kommunalpolitischen Ebene und auf der Frage, wie Digitale Pioniere als Schl\u00fcsselakteure in der l\u00e4ndlichen Governance agieren. Die Forschungsergebnisse kommunaler Governance sind anhand l\u00e4ndlicher Untersuchungsteilregionen in Baden-W\u00fcrttemberg und Mecklenburg-Vorpommern im Rahmen des Forschungsprojekts \u201eDigPion \u2013 Digitale Pioniere in der l\u00e4ndlichen Regionalentwicklung\u201c (2020\u20132023) erarbeitet worden. Abschlie\u00dfend wird \u00fcberpr\u00fcft, wie die Erkenntnisse und erarbeiteten Handlungsempfehlungen f\u00fcr das Bundesland Brandenburg \u00fcbertragbar sind.","og_url":"https:\/\/shop.verlag.uni-potsdam.de\/en\/shop\/digitale-pioniere-als-schluesselakteure-laendlicher-governance\/","og_site_name":"Universit\u00e4tsverlag Potsdam","article_modified_time":"2026-03-31T11:36:02+00:00","og_image":[{"width":1339,"height":1890,"url":"https:\/\/shop.verlag.uni-potsdam.de\/wp-content\/uploads\/asolmerce\/image-978-3-86956-571-2.jpg","type":"image\/jpeg"}],"twitter_card":"summary_large_image","twitter_misc":{"Est. reading time":"1 minute"},"schema":{"@context":"https:\/\/schema.org","@graph":[{"@type":"WebPage","@id":"https:\/\/shop.verlag.uni-potsdam.de\/en\/shop\/digitale-pioniere-als-schluesselakteure-laendlicher-governance\/","url":"https:\/\/shop.verlag.uni-potsdam.de\/en\/shop\/digitale-pioniere-als-schluesselakteure-laendlicher-governance\/","name":"Digitale Pioniere als Schl\u00fcsselakteure l\u00e4ndlicher Governance - Universit\u00e4tsverlag Potsdam","isPartOf":{"@id":"https:\/\/shop.verlag.uni-potsdam.de\/en\/#website"},"primaryImageOfPage":{"@id":"https:\/\/shop.verlag.uni-potsdam.de\/en\/shop\/digitale-pioniere-als-schluesselakteure-laendlicher-governance\/#primaryimage"},"image":{"@id":"https:\/\/shop.verlag.uni-potsdam.de\/shop\/digitale-pioniere-als-schluesselakteure-laendlicher-governance\/#primaryimage"},"thumbnailUrl":"https:\/\/shop.verlag.uni-potsdam.de\/wp-content\/uploads\/asolmerce\/image-978-3-86956-571-2.jpg","datePublished":"2026-03-31T09:35:02+00:00","dateModified":"2026-03-31T11:36:02+00:00","breadcrumb":{"@id":"https:\/\/shop.verlag.uni-potsdam.de\/en\/shop\/digitale-pioniere-als-schluesselakteure-laendlicher-governance\/#breadcrumb"},"inLanguage":"en-US","potentialAction":[{"@type":"ReadAction","target":[["https:\/\/shop.verlag.uni-potsdam.de\/en\/shop\/digitale-pioniere-als-schluesselakteure-laendlicher-governance\/"]]}]},{"@type":"ImageObject","inLanguage":"en-US","@id":"https:\/\/shop.verlag.uni-potsdam.de\/en\/shop\/digitale-pioniere-als-schluesselakteure-laendlicher-governance\/#primaryimage","url":"https:\/\/shop.verlag.uni-potsdam.de\/wp-content\/uploads\/asolmerce\/image-978-3-86956-571-2.jpg","contentUrl":"https:\/\/shop.verlag.uni-potsdam.de\/wp-content\/uploads\/asolmerce\/image-978-3-86956-571-2.jpg","width":1339,"height":1890},{"@type":"BreadcrumbList","@id":"https:\/\/shop.verlag.uni-potsdam.de\/en\/shop\/digitale-pioniere-als-schluesselakteure-laendlicher-governance\/#breadcrumb","itemListElement":[{"@type":"ListItem","position":1,"name":"Startseite","item":"https:\/\/shop.verlag.uni-potsdam.de\/en\/"},{"@type":"ListItem","position":2,"name":"Shop","item":"https:\/\/shop.verlag.uni-potsdam.de\/en\/shop\/"},{"@type":"ListItem","position":3,"name":"Digitale Pioniere als Schl\u00fcsselakteure l\u00e4ndlicher Governance"}]},{"@type":"WebSite","@id":"https:\/\/shop.verlag.uni-potsdam.de\/en\/#website","url":"https:\/\/shop.verlag.uni-potsdam.de\/en\/","name":"Universit\u00e4tsverlag Potsdam","description":"","publisher":{"@id":"https:\/\/shop.verlag.uni-potsdam.de\/en\/#organization"},"potentialAction":[{"@type":"SearchAction","target":{"@type":"EntryPoint","urlTemplate":"https:\/\/shop.verlag.uni-potsdam.de\/en\/?s={search_term_string}"},"query-input":{"@type":"PropertyValueSpecification","valueRequired":true,"valueName":"search_term_string"}}],"inLanguage":"en-US"},{"@type":"Organization","@id":"https:\/\/shop.verlag.uni-potsdam.de\/en\/#organization","name":"Universit\u00e4tsverlag Potsdam","url":"https:\/\/shop.verlag.uni-potsdam.de\/en\/","logo":{"@type":"ImageObject","inLanguage":"en-US","@id":"https:\/\/shop.verlag.uni-potsdam.de\/en\/#\/schema\/logo\/image\/","url":"https:\/\/shop.verlag.uni-potsdam.de\/wp-content\/uploads\/2017\/04\/up_logo_university_2.png","contentUrl":"https:\/\/shop.verlag.uni-potsdam.de\/wp-content\/uploads\/2017\/04\/up_logo_university_2.png","width":160,"height":172,"caption":"Universit\u00e4tsverlag Potsdam"},"image":{"@id":"https:\/\/shop.verlag.uni-potsdam.de\/en\/#\/schema\/logo\/image\/"}}]}},"_links":{"self":[{"href":"https:\/\/shop.verlag.uni-potsdam.de\/en\/wp-json\/wp\/v2\/product\/74274","targetHints":{"allow":["GET"]}}],"collection":[{"href":"https:\/\/shop.verlag.uni-potsdam.de\/en\/wp-json\/wp\/v2\/product"}],"about":[{"href":"https:\/\/shop.verlag.uni-potsdam.de\/en\/wp-json\/wp\/v2\/types\/product"}],"wp:featuredmedia":[{"embeddable":true,"href":"https:\/\/shop.verlag.uni-potsdam.de\/en\/wp-json\/wp\/v2\/media\/74301"}],"wp:attachment":[{"href":"https:\/\/shop.verlag.uni-potsdam.de\/en\/wp-json\/wp\/v2\/media?parent=74274"}],"wp:term":[{"taxonomy":"product_brand","embeddable":true,"href":"https:\/\/shop.verlag.uni-potsdam.de\/en\/wp-json\/wp\/v2\/product_brand?post=74274"},{"taxonomy":"product_cat","embeddable":true,"href":"https:\/\/shop.verlag.uni-potsdam.de\/en\/wp-json\/wp\/v2\/product_cat?post=74274"},{"taxonomy":"product_tag","embeddable":true,"href":"https:\/\/shop.verlag.uni-potsdam.de\/en\/wp-json\/wp\/v2\/product_tag?post=74274"}],"curies":[{"name":"wp","href":"https:\/\/api.w.org\/{rel}","templated":true}]}}