{"id":83310,"date":"2026-03-23T08:55:41","date_gmt":"2026-03-23T08:55:41","guid":{"rendered":"https:\/\/shop.verlag.uni-potsdam.de\/shop\/empty-product-container-3\/"},"modified":"2026-03-23T11:56:42","modified_gmt":"2026-03-23T10:56:42","slug":"bildung-fuer-nachhaltige-entwicklung-im-sachunterricht","status":"publish","type":"product","link":"https:\/\/shop.verlag.uni-potsdam.de\/en\/shop\/bildung-fuer-nachhaltige-entwicklung-im-sachunterricht\/","title":{"rendered":"Bildung f\u00fcr Nachhaltige Entwicklung im Sachunterricht"},"content":{"rendered":"<p class=\"qtranxs-available-languages-message qtranxs-available-languages-message-en\">Sorry, this entry is only available in <a href=\"https:\/\/shop.verlag.uni-potsdam.de\/de\/wp-json\/wp\/v2\/product\/83310\" class=\"qtranxs-available-language-link qtranxs-available-language-link-de\" title=\"Deutsch\">Deutsch<\/a>.<\/p><p>Der vorliegende Band betrachtet die zentrale Rolle des Sachunterrichts in der Grundschule f\u00fcr die Vermittlung von Kompetenzen im Bereich der nachhaltigen Entwicklung. Angesichts der globalen \u00f6kologischen Herausforderungen und den damit verbundenen politischen und \u00f6konomischen Dilemmata wird Bildung als Schl\u00fcsselfaktor f\u00fcr eine m\u00fcndige und verantwortungsbewusste Umsetzung des Konzepts der Nachhaltigen Entwicklung betrachtet. Der Sachunterricht erweist sich dabei als besonders geeignet, da er integrative und f\u00e4cher\u00fcbergreifende Ans\u00e4tze in den Mittelpunkt stellt.<br \/>Es werden sowohl theoretische Zug\u00e4nge als auch empirische Forschungsergebnisse zur Bildung f\u00fcr Nachhaltige Entwicklung im Sachunterricht geboten. Dabei stehen Themen wie die Kompetenzentwicklung durch Schulgartenunterricht, die Biodiversit\u00e4t im Rahmenlehrplan und die Bedeutung nachhaltigen Handelns f\u00fcr die Lehramtsausbildung im Vordergrund. Auch herausfordernde Themen wie die Verschmutzung der Weltmeere und der nachhaltige Umgang mit Ressourcen wie Papier werden diskutiert und deren didaktische Umsetzung im Sachunterricht aufgezeigt.<br \/>Der Band greift aktuelle bildungspolitische und didaktische Fragestellungen auf und tr\u00e4gt so zur weiteren theoretischen und praktischen Fundierung der Bildung f\u00fcr Nachhaltige Entwicklung bei. Die Beitr\u00e4ge bieten wertvolle Impulse f\u00fcr Forschende, Lehrkr\u00e4fte und Studierende, die sich mit der F\u00f6rderung nachhaltigen Handelns im schulischen Kontext besch\u00e4ftigen.<\/p>","protected":false},"excerpt":{"rendered":"<p class=\"qtranxs-available-languages-message qtranxs-available-languages-message-en\">Sorry, this entry is only available in <a href=\"https:\/\/shop.verlag.uni-potsdam.de\/de\/wp-json\/wp\/v2\/product\/83310\" class=\"qtranxs-available-language-link qtranxs-available-language-link-de\" title=\"Deutsch\">Deutsch<\/a>.<\/p>\n<p>Der vorliegende Band betrachtet die zentrale Rolle des Sachunterrichts in der Grundschule f\u00fcr die Vermittlung von Kompetenzen im Bereich der nachhaltigen Entwicklung. Angesichts der globalen \u00f6kologischen Herausforderungen und den damit verbundenen politischen und \u00f6konomischen Dilemmata wird Bildung als Schl\u00fcsselfaktor f\u00fcr eine m\u00fcndige und verantwortungsbewusste Umsetzung des Konzepts der Nachhaltigen Entwicklung betrachtet. Der Sachunterricht erweist sich dabei als besonders geeignet, da er integrative und f\u00e4cher\u00fcbergreifende Ans\u00e4tze in den Mittelpunkt stellt.<br \/>Es werden sowohl theoretische Zug\u00e4nge als auch empirische Forschungsergebnisse zur Bildung f\u00fcr Nachhaltige Entwicklung im Sachunterricht geboten. Dabei stehen Themen wie die Kompetenzentwicklung durch Schulgartenunterricht, die Biodiversit\u00e4t im Rahmenlehrplan und die Bedeutung nachhaltigen Handelns f\u00fcr die Lehramtsausbildung im Vordergrund. Auch herausfordernde Themen wie die Verschmutzung der Weltmeere und der nachhaltige Umgang mit Ressourcen wie Papier werden diskutiert und deren didaktische Umsetzung im Sachunterricht aufgezeigt.<br \/>Der Band greift aktuelle bildungspolitische und didaktische Fragestellungen auf und tr\u00e4gt so zur weiteren theoretischen und praktischen Fundierung der Bildung f\u00fcr Nachhaltige Entwicklung bei. Die Beitr\u00e4ge bieten wertvolle Impulse f\u00fcr Forschende, Lehrkr\u00e4fte und Studierende, die sich mit der F\u00f6rderung nachhaltigen Handelns im schulischen Kontext besch\u00e4ftigen.<\/p>\n","protected":false},"featured_media":96270,"template":"","meta":{"_acf_changed":false},"product_brand":[],"product_cat":[6220],"product_tag":[6998],"class_list":{"0":"post-83310","1":"product","2":"type-product","3":"status-publish","4":"has-post-thumbnail","6":"product_cat-paedagogik-web-kategorie","7":"product_tag-bildung-fuer-nachhaltige-entwicklung-bne-didaktik-kompetenzentwicklung-lehramtsausbildung-nachhaltigkeit-im-grundschulunterricht-sachunterricht","8":"autor-aline-haustein","9":"autor-anne-rindfleisch","10":"autor-anne-christine-wolf","11":"autor-bjoern-egbert","12":"autor-jennifer-czarnecki","13":"autor-julius-erdmann","14":"autor-katja-dorothee-wuerfl","15":"autor-ksenia-hintze","16":"autor-leena-broell","17":"autor-vanessa-pfarr","19":"first","20":"instock","21":"shipping-taxable","22":"purchasable","23":"product-type-simple"},"acf":[],"yoast_head":"<!-- This site is optimized with the Yoast SEO plugin v27.1.1 - https:\/\/yoast.com\/product\/yoast-seo-wordpress\/ -->\n<title>Bildung f\u00fcr Nachhaltige Entwicklung im Sachunterricht - Universit\u00e4tsverlag Potsdam<\/title>\n<meta name=\"robots\" content=\"index, follow, max-snippet:-1, max-image-preview:large, max-video-preview:-1\" \/>\n<link rel=\"canonical\" href=\"https:\/\/shop.verlag.uni-potsdam.de\/en\/shop\/bildung-fuer-nachhaltige-entwicklung-im-sachunterricht\/\" \/>\n<meta property=\"og:locale\" content=\"en_US\" \/>\n<meta property=\"og:type\" content=\"article\" \/>\n<meta property=\"og:title\" content=\"Bildung f\u00fcr Nachhaltige Entwicklung im Sachunterricht - Universit\u00e4tsverlag Potsdam\" \/>\n<meta property=\"og:description\" content=\"Der vorliegende Band betrachtet die zentrale Rolle des Sachunterrichts in der Grundschule f\u00fcr die Vermittlung von Kompetenzen im Bereich der nachhaltigen Entwicklung. Angesichts der globalen \u00f6kologischen Herausforderungen und den damit verbundenen politischen und \u00f6konomischen Dilemmata wird Bildung als Schl\u00fcsselfaktor f\u00fcr eine m\u00fcndige und verantwortungsbewusste Umsetzung des Konzepts der Nachhaltigen Entwicklung betrachtet. Der Sachunterricht erweist sich dabei als besonders geeignet, da er integrative und f\u00e4cher\u00fcbergreifende Ans\u00e4tze in den Mittelpunkt stellt.Es werden sowohl theoretische Zug\u00e4nge als auch empirische Forschungsergebnisse zur Bildung f\u00fcr Nachhaltige Entwicklung im Sachunterricht geboten. Dabei stehen Themen wie die Kompetenzentwicklung durch Schulgartenunterricht, die Biodiversit\u00e4t im Rahmenlehrplan und die Bedeutung nachhaltigen Handelns f\u00fcr die Lehramtsausbildung im Vordergrund. Auch herausfordernde Themen wie die Verschmutzung der Weltmeere und der nachhaltige Umgang mit Ressourcen wie Papier werden diskutiert und deren didaktische Umsetzung im Sachunterricht aufgezeigt.Der Band greift aktuelle bildungspolitische und didaktische Fragestellungen auf und tr\u00e4gt so zur weiteren theoretischen und praktischen Fundierung der Bildung f\u00fcr Nachhaltige Entwicklung bei. Die Beitr\u00e4ge bieten wertvolle Impulse f\u00fcr Forschende, Lehrkr\u00e4fte und Studierende, die sich mit der F\u00f6rderung nachhaltigen Handelns im schulischen Kontext besch\u00e4ftigen.\" \/>\n<meta property=\"og:url\" content=\"https:\/\/shop.verlag.uni-potsdam.de\/en\/shop\/bildung-fuer-nachhaltige-entwicklung-im-sachunterricht\/\" \/>\n<meta property=\"og:site_name\" content=\"Universit\u00e4tsverlag Potsdam\" \/>\n<meta property=\"article:modified_time\" content=\"2026-03-23T10:56:42+00:00\" \/>\n<meta property=\"og:image\" content=\"https:\/\/shop.verlag.uni-potsdam.de\/wp-content\/uploads\/asolmerce\/image-u1_pblb05.jpg\" \/>\n\t<meta property=\"og:image:width\" content=\"1749\" \/>\n\t<meta property=\"og:image:height\" content=\"2481\" \/>\n\t<meta property=\"og:image:type\" content=\"image\/jpeg\" \/>\n<meta name=\"twitter:card\" content=\"summary_large_image\" \/>\n<meta name=\"twitter:label1\" content=\"Est. reading time\" \/>\n\t<meta name=\"twitter:data1\" content=\"1 minute\" \/>\n<script type=\"application\/ld+json\" class=\"yoast-schema-graph\">{\"@context\":\"https:\/\/schema.org\",\"@graph\":[{\"@type\":\"WebPage\",\"@id\":\"https:\/\/shop.verlag.uni-potsdam.de\/en\/shop\/bildung-fuer-nachhaltige-entwicklung-im-sachunterricht\/\",\"url\":\"https:\/\/shop.verlag.uni-potsdam.de\/en\/shop\/bildung-fuer-nachhaltige-entwicklung-im-sachunterricht\/\",\"name\":\"Bildung f\u00fcr Nachhaltige Entwicklung im Sachunterricht - Universit\u00e4tsverlag Potsdam\",\"isPartOf\":{\"@id\":\"https:\/\/shop.verlag.uni-potsdam.de\/en\/#website\"},\"primaryImageOfPage\":{\"@id\":\"https:\/\/shop.verlag.uni-potsdam.de\/en\/shop\/bildung-fuer-nachhaltige-entwicklung-im-sachunterricht\/#primaryimage\"},\"image\":{\"@id\":\"https:\/\/shop.verlag.uni-potsdam.de\/shop\/bildung-fuer-nachhaltige-entwicklung-im-sachunterricht\/#primaryimage\"},\"thumbnailUrl\":\"https:\/\/shop.verlag.uni-potsdam.de\/wp-content\/uploads\/asolmerce\/image-u1_pblb05.jpg\",\"datePublished\":\"2026-03-23T08:55:41+00:00\",\"dateModified\":\"2026-03-23T10:56:42+00:00\",\"breadcrumb\":{\"@id\":\"https:\/\/shop.verlag.uni-potsdam.de\/en\/shop\/bildung-fuer-nachhaltige-entwicklung-im-sachunterricht\/#breadcrumb\"},\"inLanguage\":\"en-US\",\"potentialAction\":[{\"@type\":\"ReadAction\",\"target\":[[\"https:\/\/shop.verlag.uni-potsdam.de\/en\/shop\/bildung-fuer-nachhaltige-entwicklung-im-sachunterricht\/\"]]}]},{\"@type\":\"ImageObject\",\"inLanguage\":\"en-US\",\"@id\":\"https:\/\/shop.verlag.uni-potsdam.de\/en\/shop\/bildung-fuer-nachhaltige-entwicklung-im-sachunterricht\/#primaryimage\",\"url\":\"https:\/\/shop.verlag.uni-potsdam.de\/wp-content\/uploads\/asolmerce\/image-u1_pblb05.jpg\",\"contentUrl\":\"https:\/\/shop.verlag.uni-potsdam.de\/wp-content\/uploads\/asolmerce\/image-u1_pblb05.jpg\",\"width\":1749,\"height\":2481},{\"@type\":\"BreadcrumbList\",\"@id\":\"https:\/\/shop.verlag.uni-potsdam.de\/en\/shop\/bildung-fuer-nachhaltige-entwicklung-im-sachunterricht\/#breadcrumb\",\"itemListElement\":[{\"@type\":\"ListItem\",\"position\":1,\"name\":\"Startseite\",\"item\":\"https:\/\/shop.verlag.uni-potsdam.de\/en\/\"},{\"@type\":\"ListItem\",\"position\":2,\"name\":\"Shop\",\"item\":\"https:\/\/shop.verlag.uni-potsdam.de\/en\/shop\/\"},{\"@type\":\"ListItem\",\"position\":3,\"name\":\"Bildung f\u00fcr Nachhaltige Entwicklung im Sachunterricht\"}]},{\"@type\":\"WebSite\",\"@id\":\"https:\/\/shop.verlag.uni-potsdam.de\/en\/#website\",\"url\":\"https:\/\/shop.verlag.uni-potsdam.de\/en\/\",\"name\":\"Universit\u00e4tsverlag Potsdam\",\"description\":\"\",\"publisher\":{\"@id\":\"https:\/\/shop.verlag.uni-potsdam.de\/en\/#organization\"},\"potentialAction\":[{\"@type\":\"SearchAction\",\"target\":{\"@type\":\"EntryPoint\",\"urlTemplate\":\"https:\/\/shop.verlag.uni-potsdam.de\/en\/?s={search_term_string}\"},\"query-input\":{\"@type\":\"PropertyValueSpecification\",\"valueRequired\":true,\"valueName\":\"search_term_string\"}}],\"inLanguage\":\"en-US\"},{\"@type\":\"Organization\",\"@id\":\"https:\/\/shop.verlag.uni-potsdam.de\/en\/#organization\",\"name\":\"Universit\u00e4tsverlag Potsdam\",\"url\":\"https:\/\/shop.verlag.uni-potsdam.de\/en\/\",\"logo\":{\"@type\":\"ImageObject\",\"inLanguage\":\"en-US\",\"@id\":\"https:\/\/shop.verlag.uni-potsdam.de\/en\/#\/schema\/logo\/image\/\",\"url\":\"https:\/\/shop.verlag.uni-potsdam.de\/wp-content\/uploads\/2017\/04\/up_logo_university_2.png\",\"contentUrl\":\"https:\/\/shop.verlag.uni-potsdam.de\/wp-content\/uploads\/2017\/04\/up_logo_university_2.png\",\"width\":160,\"height\":172,\"caption\":\"Universit\u00e4tsverlag Potsdam\"},\"image\":{\"@id\":\"https:\/\/shop.verlag.uni-potsdam.de\/en\/#\/schema\/logo\/image\/\"}}]}<\/script>\n<!-- \/ Yoast SEO plugin. -->","yoast_head_json":{"title":"Bildung f\u00fcr Nachhaltige Entwicklung im Sachunterricht - Universit\u00e4tsverlag Potsdam","robots":{"index":"index","follow":"follow","max-snippet":"max-snippet:-1","max-image-preview":"max-image-preview:large","max-video-preview":"max-video-preview:-1"},"canonical":"https:\/\/shop.verlag.uni-potsdam.de\/en\/shop\/bildung-fuer-nachhaltige-entwicklung-im-sachunterricht\/","og_locale":"en_US","og_type":"article","og_title":"Bildung f\u00fcr Nachhaltige Entwicklung im Sachunterricht - Universit\u00e4tsverlag Potsdam","og_description":"Der vorliegende Band betrachtet die zentrale Rolle des Sachunterrichts in der Grundschule f\u00fcr die Vermittlung von Kompetenzen im Bereich der nachhaltigen Entwicklung. Angesichts der globalen \u00f6kologischen Herausforderungen und den damit verbundenen politischen und \u00f6konomischen Dilemmata wird Bildung als Schl\u00fcsselfaktor f\u00fcr eine m\u00fcndige und verantwortungsbewusste Umsetzung des Konzepts der Nachhaltigen Entwicklung betrachtet. Der Sachunterricht erweist sich dabei als besonders geeignet, da er integrative und f\u00e4cher\u00fcbergreifende Ans\u00e4tze in den Mittelpunkt stellt.Es werden sowohl theoretische Zug\u00e4nge als auch empirische Forschungsergebnisse zur Bildung f\u00fcr Nachhaltige Entwicklung im Sachunterricht geboten. Dabei stehen Themen wie die Kompetenzentwicklung durch Schulgartenunterricht, die Biodiversit\u00e4t im Rahmenlehrplan und die Bedeutung nachhaltigen Handelns f\u00fcr die Lehramtsausbildung im Vordergrund. Auch herausfordernde Themen wie die Verschmutzung der Weltmeere und der nachhaltige Umgang mit Ressourcen wie Papier werden diskutiert und deren didaktische Umsetzung im Sachunterricht aufgezeigt.Der Band greift aktuelle bildungspolitische und didaktische Fragestellungen auf und tr\u00e4gt so zur weiteren theoretischen und praktischen Fundierung der Bildung f\u00fcr Nachhaltige Entwicklung bei. Die Beitr\u00e4ge bieten wertvolle Impulse f\u00fcr Forschende, Lehrkr\u00e4fte und Studierende, die sich mit der F\u00f6rderung nachhaltigen Handelns im schulischen Kontext besch\u00e4ftigen.","og_url":"https:\/\/shop.verlag.uni-potsdam.de\/en\/shop\/bildung-fuer-nachhaltige-entwicklung-im-sachunterricht\/","og_site_name":"Universit\u00e4tsverlag Potsdam","article_modified_time":"2026-03-23T10:56:42+00:00","og_image":[{"width":1749,"height":2481,"url":"https:\/\/shop.verlag.uni-potsdam.de\/wp-content\/uploads\/asolmerce\/image-u1_pblb05.jpg","type":"image\/jpeg"}],"twitter_card":"summary_large_image","twitter_misc":{"Est. reading time":"1 minute"},"schema":{"@context":"https:\/\/schema.org","@graph":[{"@type":"WebPage","@id":"https:\/\/shop.verlag.uni-potsdam.de\/en\/shop\/bildung-fuer-nachhaltige-entwicklung-im-sachunterricht\/","url":"https:\/\/shop.verlag.uni-potsdam.de\/en\/shop\/bildung-fuer-nachhaltige-entwicklung-im-sachunterricht\/","name":"Bildung f\u00fcr Nachhaltige Entwicklung im Sachunterricht - Universit\u00e4tsverlag Potsdam","isPartOf":{"@id":"https:\/\/shop.verlag.uni-potsdam.de\/en\/#website"},"primaryImageOfPage":{"@id":"https:\/\/shop.verlag.uni-potsdam.de\/en\/shop\/bildung-fuer-nachhaltige-entwicklung-im-sachunterricht\/#primaryimage"},"image":{"@id":"https:\/\/shop.verlag.uni-potsdam.de\/shop\/bildung-fuer-nachhaltige-entwicklung-im-sachunterricht\/#primaryimage"},"thumbnailUrl":"https:\/\/shop.verlag.uni-potsdam.de\/wp-content\/uploads\/asolmerce\/image-u1_pblb05.jpg","datePublished":"2026-03-23T08:55:41+00:00","dateModified":"2026-03-23T10:56:42+00:00","breadcrumb":{"@id":"https:\/\/shop.verlag.uni-potsdam.de\/en\/shop\/bildung-fuer-nachhaltige-entwicklung-im-sachunterricht\/#breadcrumb"},"inLanguage":"en-US","potentialAction":[{"@type":"ReadAction","target":[["https:\/\/shop.verlag.uni-potsdam.de\/en\/shop\/bildung-fuer-nachhaltige-entwicklung-im-sachunterricht\/"]]}]},{"@type":"ImageObject","inLanguage":"en-US","@id":"https:\/\/shop.verlag.uni-potsdam.de\/en\/shop\/bildung-fuer-nachhaltige-entwicklung-im-sachunterricht\/#primaryimage","url":"https:\/\/shop.verlag.uni-potsdam.de\/wp-content\/uploads\/asolmerce\/image-u1_pblb05.jpg","contentUrl":"https:\/\/shop.verlag.uni-potsdam.de\/wp-content\/uploads\/asolmerce\/image-u1_pblb05.jpg","width":1749,"height":2481},{"@type":"BreadcrumbList","@id":"https:\/\/shop.verlag.uni-potsdam.de\/en\/shop\/bildung-fuer-nachhaltige-entwicklung-im-sachunterricht\/#breadcrumb","itemListElement":[{"@type":"ListItem","position":1,"name":"Startseite","item":"https:\/\/shop.verlag.uni-potsdam.de\/en\/"},{"@type":"ListItem","position":2,"name":"Shop","item":"https:\/\/shop.verlag.uni-potsdam.de\/en\/shop\/"},{"@type":"ListItem","position":3,"name":"Bildung f\u00fcr Nachhaltige Entwicklung im Sachunterricht"}]},{"@type":"WebSite","@id":"https:\/\/shop.verlag.uni-potsdam.de\/en\/#website","url":"https:\/\/shop.verlag.uni-potsdam.de\/en\/","name":"Universit\u00e4tsverlag Potsdam","description":"","publisher":{"@id":"https:\/\/shop.verlag.uni-potsdam.de\/en\/#organization"},"potentialAction":[{"@type":"SearchAction","target":{"@type":"EntryPoint","urlTemplate":"https:\/\/shop.verlag.uni-potsdam.de\/en\/?s={search_term_string}"},"query-input":{"@type":"PropertyValueSpecification","valueRequired":true,"valueName":"search_term_string"}}],"inLanguage":"en-US"},{"@type":"Organization","@id":"https:\/\/shop.verlag.uni-potsdam.de\/en\/#organization","name":"Universit\u00e4tsverlag Potsdam","url":"https:\/\/shop.verlag.uni-potsdam.de\/en\/","logo":{"@type":"ImageObject","inLanguage":"en-US","@id":"https:\/\/shop.verlag.uni-potsdam.de\/en\/#\/schema\/logo\/image\/","url":"https:\/\/shop.verlag.uni-potsdam.de\/wp-content\/uploads\/2017\/04\/up_logo_university_2.png","contentUrl":"https:\/\/shop.verlag.uni-potsdam.de\/wp-content\/uploads\/2017\/04\/up_logo_university_2.png","width":160,"height":172,"caption":"Universit\u00e4tsverlag Potsdam"},"image":{"@id":"https:\/\/shop.verlag.uni-potsdam.de\/en\/#\/schema\/logo\/image\/"}}]}},"_links":{"self":[{"href":"https:\/\/shop.verlag.uni-potsdam.de\/en\/wp-json\/wp\/v2\/product\/83310","targetHints":{"allow":["GET"]}}],"collection":[{"href":"https:\/\/shop.verlag.uni-potsdam.de\/en\/wp-json\/wp\/v2\/product"}],"about":[{"href":"https:\/\/shop.verlag.uni-potsdam.de\/en\/wp-json\/wp\/v2\/types\/product"}],"wp:featuredmedia":[{"embeddable":true,"href":"https:\/\/shop.verlag.uni-potsdam.de\/en\/wp-json\/wp\/v2\/media\/96270"}],"wp:attachment":[{"href":"https:\/\/shop.verlag.uni-potsdam.de\/en\/wp-json\/wp\/v2\/media?parent=83310"}],"wp:term":[{"taxonomy":"product_brand","embeddable":true,"href":"https:\/\/shop.verlag.uni-potsdam.de\/en\/wp-json\/wp\/v2\/product_brand?post=83310"},{"taxonomy":"product_cat","embeddable":true,"href":"https:\/\/shop.verlag.uni-potsdam.de\/en\/wp-json\/wp\/v2\/product_cat?post=83310"},{"taxonomy":"product_tag","embeddable":true,"href":"https:\/\/shop.verlag.uni-potsdam.de\/en\/wp-json\/wp\/v2\/product_tag?post=83310"}],"curies":[{"name":"wp","href":"https:\/\/api.w.org\/{rel}","templated":true}]}}