{"id":83314,"date":"2026-03-23T08:55:42","date_gmt":"2026-03-23T08:55:42","guid":{"rendered":"https:\/\/shop.verlag.uni-potsdam.de\/shop\/empty-product-container-3\/"},"modified":"2026-03-23T11:56:42","modified_gmt":"2026-03-23T10:56:42","slug":"qualitaet-in-der-lehre-fuer-das-lehramt","status":"publish","type":"product","link":"https:\/\/shop.verlag.uni-potsdam.de\/en\/shop\/qualitaet-in-der-lehre-fuer-das-lehramt\/","title":{"rendered":"Qualit\u00e4t in der Lehre f\u00fcr das Lehramt"},"content":{"rendered":"<p class=\"qtranxs-available-languages-message qtranxs-available-languages-message-en\">Sorry, this entry is only available in <a href=\"https:\/\/shop.verlag.uni-potsdam.de\/de\/wp-json\/wp\/v2\/product\/83314\" class=\"qtranxs-available-language-link qtranxs-available-language-link-de\" title=\"Deutsch\">Deutsch<\/a>.<\/p><p>Wie kann eine hochwertige Lehrkr\u00e4ftebildung weiterentwickelt werden, um zuk\u00fcnftige Lehrkr\u00e4fte bestm\u00f6glich zu qualifizieren und um die Studienerfolgsquote anzuheben? In diesem Band bieten acht Beitr\u00e4ge unterschiedliche und spannende Antworten. Sie geben Einblicke in Projekte, die durch die Leitung der Universit\u00e4t Potsdam \u00fcber das Ausschreibungsverfahren \u201eQualitative Ma\u00dfnahmen im Lehramtsstudium\u201c von 2020 bis 2023 gef\u00f6rdert wurden. Zu den Zielen der Projekte geh\u00f6rten zum Beispiel die Erh\u00f6hung des Berufsfeldbezugs in Fachveranstaltungen, der Ausbau von Beratungs- und Unterst\u00fctzungsangeboten und Vorschl\u00e4ge zur Digitalisierung in Lehrveranstaltungen. Jeder Beitr\u00e4ge skizziert zun\u00e4chst die Konzeption der entwickelten Ma\u00dfnahme und beschreibt Erfahrungen bei der Umsetzung. Schlie\u00dflich werden Adaptionsm\u00f6glichkeiten diskutiert. Viele Projekte pr\u00e4sentieren au\u00dferdem Ergebnisse von Studierendenbefragungen. Sie unterstreichen den Nutzen der \u201eQualitativen Ma\u00dfnahmen\u201c f\u00fcr die Lehrkr\u00e4ftebildung.<br \/><\/p>","protected":false},"excerpt":{"rendered":"<p class=\"qtranxs-available-languages-message qtranxs-available-languages-message-en\">Sorry, this entry is only available in <a href=\"https:\/\/shop.verlag.uni-potsdam.de\/de\/wp-json\/wp\/v2\/product\/83314\" class=\"qtranxs-available-language-link qtranxs-available-language-link-de\" title=\"Deutsch\">Deutsch<\/a>.<\/p>\n<p>Wie kann eine hochwertige Lehrkr\u00e4ftebildung weiterentwickelt werden, um zuk\u00fcnftige Lehrkr\u00e4fte bestm\u00f6glich zu qualifizieren und um die Studienerfolgsquote anzuheben? In diesem Band bieten acht Beitr\u00e4ge unterschiedliche und spannende Antworten. Sie geben Einblicke in Projekte, die durch die Leitung der Universit\u00e4t Potsdam \u00fcber das Ausschreibungsverfahren \u201eQualitative Ma\u00dfnahmen im Lehramtsstudium\u201c von 2020 bis 2023 gef\u00f6rdert wurden. Zu den Zielen der Projekte geh\u00f6rten zum Beispiel die Erh\u00f6hung des Berufsfeldbezugs in Fachveranstaltungen, der Ausbau von Beratungs- und Unterst\u00fctzungsangeboten und Vorschl\u00e4ge zur Digitalisierung in Lehrveranstaltungen. Jeder Beitr\u00e4ge skizziert zun\u00e4chst die Konzeption der entwickelten Ma\u00dfnahme und beschreibt Erfahrungen bei der Umsetzung. Schlie\u00dflich werden Adaptionsm\u00f6glichkeiten diskutiert. Viele Projekte pr\u00e4sentieren au\u00dferdem Ergebnisse von Studierendenbefragungen. Sie unterstreichen den Nutzen der \u201eQualitativen Ma\u00dfnahmen\u201c f\u00fcr die Lehrkr\u00e4ftebildung.<\/p>\n","protected":false},"featured_media":96271,"template":"","meta":{"_acf_changed":false},"product_brand":[],"product_cat":[6220],"product_tag":[],"class_list":{"0":"post-83314","1":"product","2":"type-product","3":"status-publish","4":"has-post-thumbnail","6":"product_cat-paedagogik-web-kategorie","7":"autor-amitabh-banerji","8":"autor-ana-kuzle","9":"autor-anja-tschiersch","10":"autor-christian-schlossnickel","11":"autor-christian-spitz","12":"autor-felix-reinhardt","13":"autor-ingrid-glowinski-1","14":"autor-lilian-wilpert","15":"autor-maike-niehues","16":"autor-michele-brott","17":"autor-monika-fenn","18":"autor-nastja-riemer","19":"autor-oliver-henneberg","20":"autor-philipp-meyer","21":"autor-robert-wagner","22":"autor-theresa-schlegel","23":"autor-tim-braesel","24":"autor-viola-seitz","26":"first","27":"instock","28":"shipping-taxable","29":"purchasable","30":"product-type-simple"},"acf":[],"yoast_head":"<!-- This site is optimized with the Yoast SEO plugin v27.1.1 - https:\/\/yoast.com\/product\/yoast-seo-wordpress\/ -->\n<title>Qualit\u00e4t in der Lehre f\u00fcr das Lehramt - Universit\u00e4tsverlag Potsdam<\/title>\n<meta name=\"robots\" content=\"index, follow, max-snippet:-1, max-image-preview:large, max-video-preview:-1\" \/>\n<link rel=\"canonical\" href=\"https:\/\/shop.verlag.uni-potsdam.de\/en\/shop\/qualitaet-in-der-lehre-fuer-das-lehramt\/\" \/>\n<meta property=\"og:locale\" content=\"en_US\" \/>\n<meta property=\"og:type\" content=\"article\" \/>\n<meta property=\"og:title\" content=\"Qualit\u00e4t in der Lehre f\u00fcr das Lehramt - Universit\u00e4tsverlag Potsdam\" \/>\n<meta property=\"og:description\" content=\"Wie kann eine hochwertige Lehrkr\u00e4ftebildung weiterentwickelt werden, um zuk\u00fcnftige Lehrkr\u00e4fte bestm\u00f6glich zu qualifizieren und um die Studienerfolgsquote anzuheben? In diesem Band bieten acht Beitr\u00e4ge unterschiedliche und spannende Antworten. Sie geben Einblicke in Projekte, die durch die Leitung der Universit\u00e4t Potsdam \u00fcber das Ausschreibungsverfahren \u201eQualitative Ma\u00dfnahmen im Lehramtsstudium\u201c von 2020 bis 2023 gef\u00f6rdert wurden. Zu den Zielen der Projekte geh\u00f6rten zum Beispiel die Erh\u00f6hung des Berufsfeldbezugs in Fachveranstaltungen, der Ausbau von Beratungs- und Unterst\u00fctzungsangeboten und Vorschl\u00e4ge zur Digitalisierung in Lehrveranstaltungen. Jeder Beitr\u00e4ge skizziert zun\u00e4chst die Konzeption der entwickelten Ma\u00dfnahme und beschreibt Erfahrungen bei der Umsetzung. Schlie\u00dflich werden Adaptionsm\u00f6glichkeiten diskutiert. Viele Projekte pr\u00e4sentieren au\u00dferdem Ergebnisse von Studierendenbefragungen. Sie unterstreichen den Nutzen der \u201eQualitativen Ma\u00dfnahmen\u201c f\u00fcr die Lehrkr\u00e4ftebildung.\" \/>\n<meta property=\"og:url\" content=\"https:\/\/shop.verlag.uni-potsdam.de\/en\/shop\/qualitaet-in-der-lehre-fuer-das-lehramt\/\" \/>\n<meta property=\"og:site_name\" content=\"Universit\u00e4tsverlag Potsdam\" \/>\n<meta property=\"article:modified_time\" content=\"2026-03-23T10:56:42+00:00\" \/>\n<meta property=\"og:image\" content=\"https:\/\/shop.verlag.uni-potsdam.de\/wp-content\/uploads\/asolmerce\/image-u1_pblb06.jpg\" \/>\n\t<meta property=\"og:image:width\" content=\"1749\" \/>\n\t<meta property=\"og:image:height\" content=\"2481\" \/>\n\t<meta property=\"og:image:type\" content=\"image\/jpeg\" \/>\n<meta name=\"twitter:card\" content=\"summary_large_image\" \/>\n<meta name=\"twitter:label1\" content=\"Est. reading time\" \/>\n\t<meta name=\"twitter:data1\" content=\"1 minute\" \/>\n<script type=\"application\/ld+json\" class=\"yoast-schema-graph\">{\"@context\":\"https:\/\/schema.org\",\"@graph\":[{\"@type\":\"WebPage\",\"@id\":\"https:\/\/shop.verlag.uni-potsdam.de\/en\/shop\/qualitaet-in-der-lehre-fuer-das-lehramt\/\",\"url\":\"https:\/\/shop.verlag.uni-potsdam.de\/en\/shop\/qualitaet-in-der-lehre-fuer-das-lehramt\/\",\"name\":\"Qualit\u00e4t in der Lehre f\u00fcr das Lehramt - Universit\u00e4tsverlag Potsdam\",\"isPartOf\":{\"@id\":\"https:\/\/shop.verlag.uni-potsdam.de\/en\/#website\"},\"primaryImageOfPage\":{\"@id\":\"https:\/\/shop.verlag.uni-potsdam.de\/en\/shop\/qualitaet-in-der-lehre-fuer-das-lehramt\/#primaryimage\"},\"image\":{\"@id\":\"https:\/\/shop.verlag.uni-potsdam.de\/shop\/qualitaet-in-der-lehre-fuer-das-lehramt\/#primaryimage\"},\"thumbnailUrl\":\"https:\/\/shop.verlag.uni-potsdam.de\/wp-content\/uploads\/asolmerce\/image-u1_pblb06.jpg\",\"datePublished\":\"2026-03-23T08:55:42+00:00\",\"dateModified\":\"2026-03-23T10:56:42+00:00\",\"breadcrumb\":{\"@id\":\"https:\/\/shop.verlag.uni-potsdam.de\/en\/shop\/qualitaet-in-der-lehre-fuer-das-lehramt\/#breadcrumb\"},\"inLanguage\":\"en-US\",\"potentialAction\":[{\"@type\":\"ReadAction\",\"target\":[[\"https:\/\/shop.verlag.uni-potsdam.de\/en\/shop\/qualitaet-in-der-lehre-fuer-das-lehramt\/\"]]}]},{\"@type\":\"ImageObject\",\"inLanguage\":\"en-US\",\"@id\":\"https:\/\/shop.verlag.uni-potsdam.de\/en\/shop\/qualitaet-in-der-lehre-fuer-das-lehramt\/#primaryimage\",\"url\":\"https:\/\/shop.verlag.uni-potsdam.de\/wp-content\/uploads\/asolmerce\/image-u1_pblb06.jpg\",\"contentUrl\":\"https:\/\/shop.verlag.uni-potsdam.de\/wp-content\/uploads\/asolmerce\/image-u1_pblb06.jpg\",\"width\":1749,\"height\":2481},{\"@type\":\"BreadcrumbList\",\"@id\":\"https:\/\/shop.verlag.uni-potsdam.de\/en\/shop\/qualitaet-in-der-lehre-fuer-das-lehramt\/#breadcrumb\",\"itemListElement\":[{\"@type\":\"ListItem\",\"position\":1,\"name\":\"Startseite\",\"item\":\"https:\/\/shop.verlag.uni-potsdam.de\/en\/\"},{\"@type\":\"ListItem\",\"position\":2,\"name\":\"Shop\",\"item\":\"https:\/\/shop.verlag.uni-potsdam.de\/en\/shop\/\"},{\"@type\":\"ListItem\",\"position\":3,\"name\":\"Qualit\u00e4t in der Lehre f\u00fcr das Lehramt\"}]},{\"@type\":\"WebSite\",\"@id\":\"https:\/\/shop.verlag.uni-potsdam.de\/en\/#website\",\"url\":\"https:\/\/shop.verlag.uni-potsdam.de\/en\/\",\"name\":\"Universit\u00e4tsverlag Potsdam\",\"description\":\"\",\"publisher\":{\"@id\":\"https:\/\/shop.verlag.uni-potsdam.de\/en\/#organization\"},\"potentialAction\":[{\"@type\":\"SearchAction\",\"target\":{\"@type\":\"EntryPoint\",\"urlTemplate\":\"https:\/\/shop.verlag.uni-potsdam.de\/en\/?s={search_term_string}\"},\"query-input\":{\"@type\":\"PropertyValueSpecification\",\"valueRequired\":true,\"valueName\":\"search_term_string\"}}],\"inLanguage\":\"en-US\"},{\"@type\":\"Organization\",\"@id\":\"https:\/\/shop.verlag.uni-potsdam.de\/en\/#organization\",\"name\":\"Universit\u00e4tsverlag Potsdam\",\"url\":\"https:\/\/shop.verlag.uni-potsdam.de\/en\/\",\"logo\":{\"@type\":\"ImageObject\",\"inLanguage\":\"en-US\",\"@id\":\"https:\/\/shop.verlag.uni-potsdam.de\/en\/#\/schema\/logo\/image\/\",\"url\":\"https:\/\/shop.verlag.uni-potsdam.de\/wp-content\/uploads\/2017\/04\/up_logo_university_2.png\",\"contentUrl\":\"https:\/\/shop.verlag.uni-potsdam.de\/wp-content\/uploads\/2017\/04\/up_logo_university_2.png\",\"width\":160,\"height\":172,\"caption\":\"Universit\u00e4tsverlag Potsdam\"},\"image\":{\"@id\":\"https:\/\/shop.verlag.uni-potsdam.de\/en\/#\/schema\/logo\/image\/\"}}]}<\/script>\n<!-- \/ Yoast SEO plugin. -->","yoast_head_json":{"title":"Qualit\u00e4t in der Lehre f\u00fcr das Lehramt - Universit\u00e4tsverlag Potsdam","robots":{"index":"index","follow":"follow","max-snippet":"max-snippet:-1","max-image-preview":"max-image-preview:large","max-video-preview":"max-video-preview:-1"},"canonical":"https:\/\/shop.verlag.uni-potsdam.de\/en\/shop\/qualitaet-in-der-lehre-fuer-das-lehramt\/","og_locale":"en_US","og_type":"article","og_title":"Qualit\u00e4t in der Lehre f\u00fcr das Lehramt - Universit\u00e4tsverlag Potsdam","og_description":"Wie kann eine hochwertige Lehrkr\u00e4ftebildung weiterentwickelt werden, um zuk\u00fcnftige Lehrkr\u00e4fte bestm\u00f6glich zu qualifizieren und um die Studienerfolgsquote anzuheben? In diesem Band bieten acht Beitr\u00e4ge unterschiedliche und spannende Antworten. Sie geben Einblicke in Projekte, die durch die Leitung der Universit\u00e4t Potsdam \u00fcber das Ausschreibungsverfahren \u201eQualitative Ma\u00dfnahmen im Lehramtsstudium\u201c von 2020 bis 2023 gef\u00f6rdert wurden. Zu den Zielen der Projekte geh\u00f6rten zum Beispiel die Erh\u00f6hung des Berufsfeldbezugs in Fachveranstaltungen, der Ausbau von Beratungs- und Unterst\u00fctzungsangeboten und Vorschl\u00e4ge zur Digitalisierung in Lehrveranstaltungen. Jeder Beitr\u00e4ge skizziert zun\u00e4chst die Konzeption der entwickelten Ma\u00dfnahme und beschreibt Erfahrungen bei der Umsetzung. Schlie\u00dflich werden Adaptionsm\u00f6glichkeiten diskutiert. Viele Projekte pr\u00e4sentieren au\u00dferdem Ergebnisse von Studierendenbefragungen. Sie unterstreichen den Nutzen der \u201eQualitativen Ma\u00dfnahmen\u201c f\u00fcr die Lehrkr\u00e4ftebildung.","og_url":"https:\/\/shop.verlag.uni-potsdam.de\/en\/shop\/qualitaet-in-der-lehre-fuer-das-lehramt\/","og_site_name":"Universit\u00e4tsverlag Potsdam","article_modified_time":"2026-03-23T10:56:42+00:00","og_image":[{"width":1749,"height":2481,"url":"https:\/\/shop.verlag.uni-potsdam.de\/wp-content\/uploads\/asolmerce\/image-u1_pblb06.jpg","type":"image\/jpeg"}],"twitter_card":"summary_large_image","twitter_misc":{"Est. reading time":"1 minute"},"schema":{"@context":"https:\/\/schema.org","@graph":[{"@type":"WebPage","@id":"https:\/\/shop.verlag.uni-potsdam.de\/en\/shop\/qualitaet-in-der-lehre-fuer-das-lehramt\/","url":"https:\/\/shop.verlag.uni-potsdam.de\/en\/shop\/qualitaet-in-der-lehre-fuer-das-lehramt\/","name":"Qualit\u00e4t in der Lehre f\u00fcr das Lehramt - Universit\u00e4tsverlag Potsdam","isPartOf":{"@id":"https:\/\/shop.verlag.uni-potsdam.de\/en\/#website"},"primaryImageOfPage":{"@id":"https:\/\/shop.verlag.uni-potsdam.de\/en\/shop\/qualitaet-in-der-lehre-fuer-das-lehramt\/#primaryimage"},"image":{"@id":"https:\/\/shop.verlag.uni-potsdam.de\/shop\/qualitaet-in-der-lehre-fuer-das-lehramt\/#primaryimage"},"thumbnailUrl":"https:\/\/shop.verlag.uni-potsdam.de\/wp-content\/uploads\/asolmerce\/image-u1_pblb06.jpg","datePublished":"2026-03-23T08:55:42+00:00","dateModified":"2026-03-23T10:56:42+00:00","breadcrumb":{"@id":"https:\/\/shop.verlag.uni-potsdam.de\/en\/shop\/qualitaet-in-der-lehre-fuer-das-lehramt\/#breadcrumb"},"inLanguage":"en-US","potentialAction":[{"@type":"ReadAction","target":[["https:\/\/shop.verlag.uni-potsdam.de\/en\/shop\/qualitaet-in-der-lehre-fuer-das-lehramt\/"]]}]},{"@type":"ImageObject","inLanguage":"en-US","@id":"https:\/\/shop.verlag.uni-potsdam.de\/en\/shop\/qualitaet-in-der-lehre-fuer-das-lehramt\/#primaryimage","url":"https:\/\/shop.verlag.uni-potsdam.de\/wp-content\/uploads\/asolmerce\/image-u1_pblb06.jpg","contentUrl":"https:\/\/shop.verlag.uni-potsdam.de\/wp-content\/uploads\/asolmerce\/image-u1_pblb06.jpg","width":1749,"height":2481},{"@type":"BreadcrumbList","@id":"https:\/\/shop.verlag.uni-potsdam.de\/en\/shop\/qualitaet-in-der-lehre-fuer-das-lehramt\/#breadcrumb","itemListElement":[{"@type":"ListItem","position":1,"name":"Startseite","item":"https:\/\/shop.verlag.uni-potsdam.de\/en\/"},{"@type":"ListItem","position":2,"name":"Shop","item":"https:\/\/shop.verlag.uni-potsdam.de\/en\/shop\/"},{"@type":"ListItem","position":3,"name":"Qualit\u00e4t in der Lehre f\u00fcr das Lehramt"}]},{"@type":"WebSite","@id":"https:\/\/shop.verlag.uni-potsdam.de\/en\/#website","url":"https:\/\/shop.verlag.uni-potsdam.de\/en\/","name":"Universit\u00e4tsverlag Potsdam","description":"","publisher":{"@id":"https:\/\/shop.verlag.uni-potsdam.de\/en\/#organization"},"potentialAction":[{"@type":"SearchAction","target":{"@type":"EntryPoint","urlTemplate":"https:\/\/shop.verlag.uni-potsdam.de\/en\/?s={search_term_string}"},"query-input":{"@type":"PropertyValueSpecification","valueRequired":true,"valueName":"search_term_string"}}],"inLanguage":"en-US"},{"@type":"Organization","@id":"https:\/\/shop.verlag.uni-potsdam.de\/en\/#organization","name":"Universit\u00e4tsverlag Potsdam","url":"https:\/\/shop.verlag.uni-potsdam.de\/en\/","logo":{"@type":"ImageObject","inLanguage":"en-US","@id":"https:\/\/shop.verlag.uni-potsdam.de\/en\/#\/schema\/logo\/image\/","url":"https:\/\/shop.verlag.uni-potsdam.de\/wp-content\/uploads\/2017\/04\/up_logo_university_2.png","contentUrl":"https:\/\/shop.verlag.uni-potsdam.de\/wp-content\/uploads\/2017\/04\/up_logo_university_2.png","width":160,"height":172,"caption":"Universit\u00e4tsverlag Potsdam"},"image":{"@id":"https:\/\/shop.verlag.uni-potsdam.de\/en\/#\/schema\/logo\/image\/"}}]}},"_links":{"self":[{"href":"https:\/\/shop.verlag.uni-potsdam.de\/en\/wp-json\/wp\/v2\/product\/83314","targetHints":{"allow":["GET"]}}],"collection":[{"href":"https:\/\/shop.verlag.uni-potsdam.de\/en\/wp-json\/wp\/v2\/product"}],"about":[{"href":"https:\/\/shop.verlag.uni-potsdam.de\/en\/wp-json\/wp\/v2\/types\/product"}],"wp:featuredmedia":[{"embeddable":true,"href":"https:\/\/shop.verlag.uni-potsdam.de\/en\/wp-json\/wp\/v2\/media\/96271"}],"wp:attachment":[{"href":"https:\/\/shop.verlag.uni-potsdam.de\/en\/wp-json\/wp\/v2\/media?parent=83314"}],"wp:term":[{"taxonomy":"product_brand","embeddable":true,"href":"https:\/\/shop.verlag.uni-potsdam.de\/en\/wp-json\/wp\/v2\/product_brand?post=83314"},{"taxonomy":"product_cat","embeddable":true,"href":"https:\/\/shop.verlag.uni-potsdam.de\/en\/wp-json\/wp\/v2\/product_cat?post=83314"},{"taxonomy":"product_tag","embeddable":true,"href":"https:\/\/shop.verlag.uni-potsdam.de\/en\/wp-json\/wp\/v2\/product_tag?post=83314"}],"curies":[{"name":"wp","href":"https:\/\/api.w.org\/{rel}","templated":true}]}}