{"id":83317,"date":"2026-03-23T08:55:42","date_gmt":"2026-03-23T08:55:42","guid":{"rendered":"https:\/\/shop.verlag.uni-potsdam.de\/shop\/empty-product-container-3\/"},"modified":"2026-03-23T11:56:42","modified_gmt":"2026-03-23T10:56:42","slug":"spectant-victores-ruinam-naturae-ebook","status":"publish","type":"product","link":"https:\/\/shop.verlag.uni-potsdam.de\/en\/shop\/spectant-victores-ruinam-naturae-ebook\/","title":{"rendered":"Spectant victores ruinam naturae"},"content":{"rendered":"<p class=\"qtranxs-available-languages-message qtranxs-available-languages-message-en\">Sorry, this entry is only available in <a href=\"https:\/\/shop.verlag.uni-potsdam.de\/de\/wp-json\/wp\/v2\/product\/83317\" class=\"qtranxs-available-language-link qtranxs-available-language-link-de\" title=\"Deutsch\">Deutsch<\/a>.<\/p><p>Das Anliegen der vorliegenden Arbeit ist die Vermittlung des antiken Verh\u00e4ltnisses zwischen Mensch und nat\u00fcrlicher Umgebung im Lateinunterricht sowie ein Vergleich mit der heutigen Situation. Die Ergr\u00fcndung jenes Verh\u00e4ltnisses erfolgt am Beispiel des antiken Bergbaus, eines besonders anschaulichen Feldes der Umweltgeschichte. Denn es weist ein hohes Ma\u00df an Aktualit\u00e4t auf sowie ein gro\u00dfes Potential, aus der Besch\u00e4ftigung mit ihm Erkenntnisse f\u00fcr die Gegenwart zu gewinnen. <\/p>\n<div>Vorgelegt wird eine Unterrichtskonzeption, die zugleich eine Analyse der menschlichen Naturwahrnehmung vornimmt. Zun\u00e4chst wird dabei die Heterogenit\u00e4t dieser Wahrnehmung in der Antike aufgezeigt und in Bezug zur damals ge\u00e4u\u00dferten Kritik am Bergbau gesetzt. Anschlie\u00dfend werden folgende Teilaspekte behandelt:&nbsp;<\/div>\n<div>1. die antike bergbauliche Technik und Praxis, 2. die damals herrschenden Arbeitsbedingungen, 3. die gewonnenen Rohstoffe und ihre Verwendung sowie 4. die Folgen des Bergbaus f\u00fcr Mensch und Umwelt.&nbsp;<\/div>\n<div>Der didaktische Teil besteht aus einem Entwurf f\u00fcr drei Doppelstunden. Er enth\u00e4lt die Lehrmaterialien, die jeweiligen Erl\u00e4uterungen und den Erwartungshorizont. <\/div>\n<div><\/div>\n<div>&#8211;<\/div>\n<div><i>Die Lehrmaterialien sind <a href=\"https:\/\/doi.org\/10.25932\/publishup-63591\">auf dem Publikationsserver der Universit\u00e4t Potsdam<\/a> zus\u00e4tzlich als anpassbare MS-Word-Version zum Download verf\u00fcgbar.<\/i><\/div>\n<p><\/p>","protected":false},"excerpt":{"rendered":"<p class=\"qtranxs-available-languages-message qtranxs-available-languages-message-en\">Sorry, this entry is only available in <a href=\"https:\/\/shop.verlag.uni-potsdam.de\/de\/wp-json\/wp\/v2\/product\/83317\" class=\"qtranxs-available-language-link qtranxs-available-language-link-de\" title=\"Deutsch\">Deutsch<\/a>.<\/p>\n<p>Das Anliegen der vorliegenden Arbeit ist die Vermittlung des antiken Verh\u00e4ltnisses zwischen Mensch und nat\u00fcrlicher Umgebung im Lateinunterricht sowie ein Vergleich mit der heutigen Situation. Die Ergr\u00fcndung jenes Verh\u00e4ltnisses erfolgt am Beispiel des antiken Bergbaus, eines besonders anschaulichen Feldes der Umweltgeschichte. Denn es weist ein hohes Ma\u00df an Aktualit\u00e4t auf sowie ein gro\u00dfes Potential, aus der Besch\u00e4ftigung mit ihm Erkenntnisse f\u00fcr die Gegenwart zu gewinnen. <\/p>\n<div>Vorgelegt wird eine Unterrichtskonzeption, die zugleich eine Analyse der menschlichen Naturwahrnehmung vornimmt. Zun\u00e4chst wird dabei die Heterogenit\u00e4t dieser Wahrnehmung in der Antike aufgezeigt und in Bezug zur damals ge\u00e4u\u00dferten Kritik am Bergbau gesetzt. Anschlie\u00dfend werden folgende Teilaspekte behandelt:&nbsp;<\/div>\n<div>1. die antike bergbauliche Technik und Praxis, 2. die damals herrschenden Arbeitsbedingungen, 3. die gewonnenen Rohstoffe und ihre Verwendung sowie 4. die Folgen des Bergbaus f\u00fcr Mensch und Umwelt.&nbsp;<\/div>\n<div>Der didaktische Teil besteht aus einem Entwurf f\u00fcr drei Doppelstunden. Er enth\u00e4lt die Lehrmaterialien, die jeweiligen Erl\u00e4uterungen und den Erwartungshorizont. <\/div>\n<div><\/div>\n<div>&#8211;<\/div>\n<div><i>Die Lehrmaterialien sind <a href=\"https:\/\/doi.org\/10.25932\/publishup-63591\">auf dem Publikationsserver der Universit\u00e4t Potsdam<\/a> zus\u00e4tzlich als anpassbare MS-Word-Version zum Download verf\u00fcgbar.<\/i><\/div>\n","protected":false},"featured_media":96213,"template":"","meta":{"_acf_changed":false},"product_brand":[],"product_cat":[6212],"product_tag":[6976],"class_list":{"0":"post-83317","1":"product","2":"type-product","3":"status-publish","4":"has-post-thumbnail","6":"product_cat-klassische-sprachwissenschaft-literaturwissenschaft-web-kategorie","7":"product_tag-lateinunterricht-natur-umweltschutz-unterrichtsmaterial-antiker-bergbau","8":"autor-tom-dera","9":"edition-online-only","11":"first","12":"instock","13":"downloadable","14":"virtual","15":"product-type-simple"},"acf":[],"yoast_head":"<!-- This site is optimized with the Yoast SEO plugin v27.1.1 - https:\/\/yoast.com\/product\/yoast-seo-wordpress\/ -->\n<title>Spectant victores ruinam naturae - Universit\u00e4tsverlag Potsdam<\/title>\n<meta name=\"robots\" content=\"index, follow, max-snippet:-1, max-image-preview:large, max-video-preview:-1\" \/>\n<link rel=\"canonical\" href=\"https:\/\/shop.verlag.uni-potsdam.de\/en\/shop\/spectant-victores-ruinam-naturae-ebook\/\" \/>\n<meta property=\"og:locale\" content=\"en_US\" \/>\n<meta property=\"og:type\" content=\"article\" \/>\n<meta property=\"og:title\" content=\"Spectant victores ruinam naturae - Universit\u00e4tsverlag Potsdam\" \/>\n<meta property=\"og:description\" content=\"Das Anliegen der vorliegenden Arbeit ist die Vermittlung des antiken Verh\u00e4ltnisses zwischen Mensch und nat\u00fcrlicher Umgebung im Lateinunterricht sowie ein Vergleich mit der heutigen Situation. Die Ergr\u00fcndung jenes Verh\u00e4ltnisses erfolgt am Beispiel des antiken Bergbaus, eines besonders anschaulichen Feldes der Umweltgeschichte. Denn es weist ein hohes Ma\u00df an Aktualit\u00e4t auf sowie ein gro\u00dfes Potential, aus der Besch\u00e4ftigung mit ihm Erkenntnisse f\u00fcr die Gegenwart zu gewinnen. Vorgelegt wird eine Unterrichtskonzeption, die zugleich eine Analyse der menschlichen Naturwahrnehmung vornimmt. Zun\u00e4chst wird dabei die Heterogenit\u00e4t dieser Wahrnehmung in der Antike aufgezeigt und in Bezug zur damals ge\u00e4u\u00dferten Kritik am Bergbau gesetzt. Anschlie\u00dfend werden folgende Teilaspekte behandelt:&nbsp;1. die antike bergbauliche Technik und Praxis, 2. die damals herrschenden Arbeitsbedingungen, 3. die gewonnenen Rohstoffe und ihre Verwendung sowie 4. die Folgen des Bergbaus f\u00fcr Mensch und Umwelt.&nbsp;Der didaktische Teil besteht aus einem Entwurf f\u00fcr drei Doppelstunden. Er enth\u00e4lt die Lehrmaterialien, die jeweiligen Erl\u00e4uterungen und den Erwartungshorizont. -Die Lehrmaterialien sind auf dem Publikationsserver der Universit\u00e4t Potsdam zus\u00e4tzlich als anpassbare MS-Word-Version zum Download verf\u00fcgbar.\" \/>\n<meta property=\"og:url\" content=\"https:\/\/shop.verlag.uni-potsdam.de\/en\/shop\/spectant-victores-ruinam-naturae-ebook\/\" \/>\n<meta property=\"og:site_name\" content=\"Universit\u00e4tsverlag Potsdam\" \/>\n<meta property=\"article:modified_time\" content=\"2026-03-23T10:56:42+00:00\" \/>\n<meta property=\"og:image\" content=\"https:\/\/shop.verlag.uni-potsdam.de\/wp-content\/uploads\/asolmerce\/image-u1_copia9.jpg\" \/>\n\t<meta property=\"og:image:width\" content=\"1810\" \/>\n\t<meta property=\"og:image:height\" content=\"2560\" \/>\n\t<meta property=\"og:image:type\" content=\"image\/jpeg\" \/>\n<meta name=\"twitter:card\" content=\"summary_large_image\" \/>\n<meta name=\"twitter:label1\" content=\"Est. reading time\" \/>\n\t<meta name=\"twitter:data1\" content=\"1 minute\" \/>\n<script type=\"application\/ld+json\" class=\"yoast-schema-graph\">{\"@context\":\"https:\/\/schema.org\",\"@graph\":[{\"@type\":\"WebPage\",\"@id\":\"https:\/\/shop.verlag.uni-potsdam.de\/en\/shop\/spectant-victores-ruinam-naturae-ebook\/\",\"url\":\"https:\/\/shop.verlag.uni-potsdam.de\/en\/shop\/spectant-victores-ruinam-naturae-ebook\/\",\"name\":\"Spectant victores ruinam naturae - Universit\u00e4tsverlag Potsdam\",\"isPartOf\":{\"@id\":\"https:\/\/shop.verlag.uni-potsdam.de\/en\/#website\"},\"primaryImageOfPage\":{\"@id\":\"https:\/\/shop.verlag.uni-potsdam.de\/en\/shop\/spectant-victores-ruinam-naturae-ebook\/#primaryimage\"},\"image\":{\"@id\":\"https:\/\/shop.verlag.uni-potsdam.de\/shop\/spectant-victores-ruinam-naturae-ebook\/#primaryimage\"},\"thumbnailUrl\":\"https:\/\/shop.verlag.uni-potsdam.de\/wp-content\/uploads\/asolmerce\/image-u1_copia9.jpg\",\"datePublished\":\"2026-03-23T08:55:42+00:00\",\"dateModified\":\"2026-03-23T10:56:42+00:00\",\"breadcrumb\":{\"@id\":\"https:\/\/shop.verlag.uni-potsdam.de\/en\/shop\/spectant-victores-ruinam-naturae-ebook\/#breadcrumb\"},\"inLanguage\":\"en-US\",\"potentialAction\":[{\"@type\":\"ReadAction\",\"target\":[[\"https:\/\/shop.verlag.uni-potsdam.de\/en\/shop\/spectant-victores-ruinam-naturae-ebook\/\"]]}]},{\"@type\":\"ImageObject\",\"inLanguage\":\"en-US\",\"@id\":\"https:\/\/shop.verlag.uni-potsdam.de\/en\/shop\/spectant-victores-ruinam-naturae-ebook\/#primaryimage\",\"url\":\"https:\/\/shop.verlag.uni-potsdam.de\/wp-content\/uploads\/asolmerce\/image-u1_copia9.jpg\",\"contentUrl\":\"https:\/\/shop.verlag.uni-potsdam.de\/wp-content\/uploads\/asolmerce\/image-u1_copia9.jpg\",\"width\":1810,\"height\":2560},{\"@type\":\"BreadcrumbList\",\"@id\":\"https:\/\/shop.verlag.uni-potsdam.de\/en\/shop\/spectant-victores-ruinam-naturae-ebook\/#breadcrumb\",\"itemListElement\":[{\"@type\":\"ListItem\",\"position\":1,\"name\":\"Startseite\",\"item\":\"https:\/\/shop.verlag.uni-potsdam.de\/en\/\"},{\"@type\":\"ListItem\",\"position\":2,\"name\":\"Shop\",\"item\":\"https:\/\/shop.verlag.uni-potsdam.de\/en\/shop\/\"},{\"@type\":\"ListItem\",\"position\":3,\"name\":\"Spectant victores ruinam naturae\"}]},{\"@type\":\"WebSite\",\"@id\":\"https:\/\/shop.verlag.uni-potsdam.de\/en\/#website\",\"url\":\"https:\/\/shop.verlag.uni-potsdam.de\/en\/\",\"name\":\"Universit\u00e4tsverlag Potsdam\",\"description\":\"\",\"publisher\":{\"@id\":\"https:\/\/shop.verlag.uni-potsdam.de\/en\/#organization\"},\"potentialAction\":[{\"@type\":\"SearchAction\",\"target\":{\"@type\":\"EntryPoint\",\"urlTemplate\":\"https:\/\/shop.verlag.uni-potsdam.de\/en\/?s={search_term_string}\"},\"query-input\":{\"@type\":\"PropertyValueSpecification\",\"valueRequired\":true,\"valueName\":\"search_term_string\"}}],\"inLanguage\":\"en-US\"},{\"@type\":\"Organization\",\"@id\":\"https:\/\/shop.verlag.uni-potsdam.de\/en\/#organization\",\"name\":\"Universit\u00e4tsverlag Potsdam\",\"url\":\"https:\/\/shop.verlag.uni-potsdam.de\/en\/\",\"logo\":{\"@type\":\"ImageObject\",\"inLanguage\":\"en-US\",\"@id\":\"https:\/\/shop.verlag.uni-potsdam.de\/en\/#\/schema\/logo\/image\/\",\"url\":\"https:\/\/shop.verlag.uni-potsdam.de\/wp-content\/uploads\/2017\/04\/up_logo_university_2.png\",\"contentUrl\":\"https:\/\/shop.verlag.uni-potsdam.de\/wp-content\/uploads\/2017\/04\/up_logo_university_2.png\",\"width\":160,\"height\":172,\"caption\":\"Universit\u00e4tsverlag Potsdam\"},\"image\":{\"@id\":\"https:\/\/shop.verlag.uni-potsdam.de\/en\/#\/schema\/logo\/image\/\"}}]}<\/script>\n<!-- \/ Yoast SEO plugin. -->","yoast_head_json":{"title":"Spectant victores ruinam naturae - Universit\u00e4tsverlag Potsdam","robots":{"index":"index","follow":"follow","max-snippet":"max-snippet:-1","max-image-preview":"max-image-preview:large","max-video-preview":"max-video-preview:-1"},"canonical":"https:\/\/shop.verlag.uni-potsdam.de\/en\/shop\/spectant-victores-ruinam-naturae-ebook\/","og_locale":"en_US","og_type":"article","og_title":"Spectant victores ruinam naturae - Universit\u00e4tsverlag Potsdam","og_description":"Das Anliegen der vorliegenden Arbeit ist die Vermittlung des antiken Verh\u00e4ltnisses zwischen Mensch und nat\u00fcrlicher Umgebung im Lateinunterricht sowie ein Vergleich mit der heutigen Situation. Die Ergr\u00fcndung jenes Verh\u00e4ltnisses erfolgt am Beispiel des antiken Bergbaus, eines besonders anschaulichen Feldes der Umweltgeschichte. Denn es weist ein hohes Ma\u00df an Aktualit\u00e4t auf sowie ein gro\u00dfes Potential, aus der Besch\u00e4ftigung mit ihm Erkenntnisse f\u00fcr die Gegenwart zu gewinnen. Vorgelegt wird eine Unterrichtskonzeption, die zugleich eine Analyse der menschlichen Naturwahrnehmung vornimmt. Zun\u00e4chst wird dabei die Heterogenit\u00e4t dieser Wahrnehmung in der Antike aufgezeigt und in Bezug zur damals ge\u00e4u\u00dferten Kritik am Bergbau gesetzt. Anschlie\u00dfend werden folgende Teilaspekte behandelt:&nbsp;1. die antike bergbauliche Technik und Praxis, 2. die damals herrschenden Arbeitsbedingungen, 3. die gewonnenen Rohstoffe und ihre Verwendung sowie 4. die Folgen des Bergbaus f\u00fcr Mensch und Umwelt.&nbsp;Der didaktische Teil besteht aus einem Entwurf f\u00fcr drei Doppelstunden. Er enth\u00e4lt die Lehrmaterialien, die jeweiligen Erl\u00e4uterungen und den Erwartungshorizont. -Die Lehrmaterialien sind auf dem Publikationsserver der Universit\u00e4t Potsdam zus\u00e4tzlich als anpassbare MS-Word-Version zum Download verf\u00fcgbar.","og_url":"https:\/\/shop.verlag.uni-potsdam.de\/en\/shop\/spectant-victores-ruinam-naturae-ebook\/","og_site_name":"Universit\u00e4tsverlag Potsdam","article_modified_time":"2026-03-23T10:56:42+00:00","og_image":[{"width":1810,"height":2560,"url":"https:\/\/shop.verlag.uni-potsdam.de\/wp-content\/uploads\/asolmerce\/image-u1_copia9.jpg","type":"image\/jpeg"}],"twitter_card":"summary_large_image","twitter_misc":{"Est. reading time":"1 minute"},"schema":{"@context":"https:\/\/schema.org","@graph":[{"@type":"WebPage","@id":"https:\/\/shop.verlag.uni-potsdam.de\/en\/shop\/spectant-victores-ruinam-naturae-ebook\/","url":"https:\/\/shop.verlag.uni-potsdam.de\/en\/shop\/spectant-victores-ruinam-naturae-ebook\/","name":"Spectant victores ruinam naturae - Universit\u00e4tsverlag Potsdam","isPartOf":{"@id":"https:\/\/shop.verlag.uni-potsdam.de\/en\/#website"},"primaryImageOfPage":{"@id":"https:\/\/shop.verlag.uni-potsdam.de\/en\/shop\/spectant-victores-ruinam-naturae-ebook\/#primaryimage"},"image":{"@id":"https:\/\/shop.verlag.uni-potsdam.de\/shop\/spectant-victores-ruinam-naturae-ebook\/#primaryimage"},"thumbnailUrl":"https:\/\/shop.verlag.uni-potsdam.de\/wp-content\/uploads\/asolmerce\/image-u1_copia9.jpg","datePublished":"2026-03-23T08:55:42+00:00","dateModified":"2026-03-23T10:56:42+00:00","breadcrumb":{"@id":"https:\/\/shop.verlag.uni-potsdam.de\/en\/shop\/spectant-victores-ruinam-naturae-ebook\/#breadcrumb"},"inLanguage":"en-US","potentialAction":[{"@type":"ReadAction","target":[["https:\/\/shop.verlag.uni-potsdam.de\/en\/shop\/spectant-victores-ruinam-naturae-ebook\/"]]}]},{"@type":"ImageObject","inLanguage":"en-US","@id":"https:\/\/shop.verlag.uni-potsdam.de\/en\/shop\/spectant-victores-ruinam-naturae-ebook\/#primaryimage","url":"https:\/\/shop.verlag.uni-potsdam.de\/wp-content\/uploads\/asolmerce\/image-u1_copia9.jpg","contentUrl":"https:\/\/shop.verlag.uni-potsdam.de\/wp-content\/uploads\/asolmerce\/image-u1_copia9.jpg","width":1810,"height":2560},{"@type":"BreadcrumbList","@id":"https:\/\/shop.verlag.uni-potsdam.de\/en\/shop\/spectant-victores-ruinam-naturae-ebook\/#breadcrumb","itemListElement":[{"@type":"ListItem","position":1,"name":"Startseite","item":"https:\/\/shop.verlag.uni-potsdam.de\/en\/"},{"@type":"ListItem","position":2,"name":"Shop","item":"https:\/\/shop.verlag.uni-potsdam.de\/en\/shop\/"},{"@type":"ListItem","position":3,"name":"Spectant victores ruinam naturae"}]},{"@type":"WebSite","@id":"https:\/\/shop.verlag.uni-potsdam.de\/en\/#website","url":"https:\/\/shop.verlag.uni-potsdam.de\/en\/","name":"Universit\u00e4tsverlag Potsdam","description":"","publisher":{"@id":"https:\/\/shop.verlag.uni-potsdam.de\/en\/#organization"},"potentialAction":[{"@type":"SearchAction","target":{"@type":"EntryPoint","urlTemplate":"https:\/\/shop.verlag.uni-potsdam.de\/en\/?s={search_term_string}"},"query-input":{"@type":"PropertyValueSpecification","valueRequired":true,"valueName":"search_term_string"}}],"inLanguage":"en-US"},{"@type":"Organization","@id":"https:\/\/shop.verlag.uni-potsdam.de\/en\/#organization","name":"Universit\u00e4tsverlag Potsdam","url":"https:\/\/shop.verlag.uni-potsdam.de\/en\/","logo":{"@type":"ImageObject","inLanguage":"en-US","@id":"https:\/\/shop.verlag.uni-potsdam.de\/en\/#\/schema\/logo\/image\/","url":"https:\/\/shop.verlag.uni-potsdam.de\/wp-content\/uploads\/2017\/04\/up_logo_university_2.png","contentUrl":"https:\/\/shop.verlag.uni-potsdam.de\/wp-content\/uploads\/2017\/04\/up_logo_university_2.png","width":160,"height":172,"caption":"Universit\u00e4tsverlag Potsdam"},"image":{"@id":"https:\/\/shop.verlag.uni-potsdam.de\/en\/#\/schema\/logo\/image\/"}}]}},"_links":{"self":[{"href":"https:\/\/shop.verlag.uni-potsdam.de\/en\/wp-json\/wp\/v2\/product\/83317","targetHints":{"allow":["GET"]}}],"collection":[{"href":"https:\/\/shop.verlag.uni-potsdam.de\/en\/wp-json\/wp\/v2\/product"}],"about":[{"href":"https:\/\/shop.verlag.uni-potsdam.de\/en\/wp-json\/wp\/v2\/types\/product"}],"wp:featuredmedia":[{"embeddable":true,"href":"https:\/\/shop.verlag.uni-potsdam.de\/en\/wp-json\/wp\/v2\/media\/96213"}],"wp:attachment":[{"href":"https:\/\/shop.verlag.uni-potsdam.de\/en\/wp-json\/wp\/v2\/media?parent=83317"}],"wp:term":[{"taxonomy":"product_brand","embeddable":true,"href":"https:\/\/shop.verlag.uni-potsdam.de\/en\/wp-json\/wp\/v2\/product_brand?post=83317"},{"taxonomy":"product_cat","embeddable":true,"href":"https:\/\/shop.verlag.uni-potsdam.de\/en\/wp-json\/wp\/v2\/product_cat?post=83317"},{"taxonomy":"product_tag","embeddable":true,"href":"https:\/\/shop.verlag.uni-potsdam.de\/en\/wp-json\/wp\/v2\/product_tag?post=83317"}],"curies":[{"name":"wp","href":"https:\/\/api.w.org\/{rel}","templated":true}]}}