{"id":83319,"date":"2026-03-23T08:55:42","date_gmt":"2026-03-23T08:55:42","guid":{"rendered":"https:\/\/shop.verlag.uni-potsdam.de\/shop\/empty-product-container-3\/"},"modified":"2026-03-23T11:56:42","modified_gmt":"2026-03-23T10:56:42","slug":"taenzerischer-kreativitaetstest-fuer-8-bis-12-jaehrige-ebook","status":"publish","type":"product","link":"https:\/\/shop.verlag.uni-potsdam.de\/en\/shop\/taenzerischer-kreativitaetstest-fuer-8-bis-12-jaehrige-ebook\/","title":{"rendered":"T\u00e4nzerischer Kreativit\u00e4tstest f\u00fcr 8- bis 12-J\u00e4hrige"},"content":{"rendered":"<p>The dance creativity test represents a valid instrument based on dance-specific tasks, designed for the differentiated and standardized evaluation of dance creativity in children aged 8 to 12 years. With the dance creativity test questions regarding the status and development of dance-creative abilities in childhood be addressed. It also provides valuable information for optimizing training, promotion, and teaching. The following dance-creative abilities are captured: 1) Variety and originality in locomotor movements and body shapes, and 2) Fluency, variety, and originality in movement patterns and compositions. This test can be conducted with larger groups and minimal material effort, is not time-restricted, and allows for the identification of different performance levels. The dance creativity test offers researchers and teachers a valuable opportunity to analyze and promote the dance creative abilities of children.<\/p>","protected":false},"excerpt":{"rendered":"<p>The dance creativity test represents a valid instrument based on dance-specific tasks, designed for the differentiated and standardized evaluation of dance creativity in children aged 8 to 12 years. With the dance creativity test questions regarding the status and development of dance-creative abilities in childhood be addressed. It also provides valuable information for optimizing training, promotion, and teaching. The following dance-creative abilities are captured: 1) Variety and originality in locomotor movements and body shapes, and 2) Fluency, variety, and originality in movement patterns and compositions. This test can be conducted with larger groups and minimal material effort, is not time-restricted, and allows for the identification of different performance levels. The dance creativity test offers researchers and teachers a valuable opportunity to analyze and promote the dance creative abilities of children.<\/p>\n","protected":false},"featured_media":90617,"template":"","meta":{"_acf_changed":false},"product_brand":[],"product_cat":[5096],"product_tag":[6874],"class_list":{"0":"post-83319","1":"product","2":"type-product","3":"status-publish","4":"has-post-thumbnail","6":"product_cat-unkategorisiert","7":"product_tag-kinder-kreativitaetstest-tanz-test-testmanual-children-creativity-test-dance-test-test-manual","8":"autor-esther-puergstaller","9":"autor-nils-neuber","10":"edition-online-only","12":"first","13":"instock","14":"downloadable","15":"virtual","16":"product-type-simple"},"acf":[],"yoast_head":"<!-- This site is optimized with the Yoast SEO plugin v27.1.1 - https:\/\/yoast.com\/product\/yoast-seo-wordpress\/ -->\n<title>T\u00e4nzerischer Kreativit\u00e4tstest f\u00fcr 8- bis 12-J\u00e4hrige - Universit\u00e4tsverlag Potsdam<\/title>\n<meta name=\"robots\" content=\"index, follow, max-snippet:-1, max-image-preview:large, max-video-preview:-1\" \/>\n<link rel=\"canonical\" href=\"https:\/\/shop.verlag.uni-potsdam.de\/en\/shop\/taenzerischer-kreativitaetstest-fuer-8-bis-12-jaehrige-ebook\/\" \/>\n<meta property=\"og:locale\" content=\"en_US\" \/>\n<meta property=\"og:type\" content=\"article\" \/>\n<meta property=\"og:title\" content=\"T\u00e4nzerischer Kreativit\u00e4tstest f\u00fcr 8- bis 12-J\u00e4hrige - Universit\u00e4tsverlag Potsdam\" \/>\n<meta property=\"og:description\" content=\"The dance creativity test represents a valid instrument based on dance-specific tasks, designed for the differentiated and standardized evaluation of dance creativity in children aged 8 to 12 years. With the dance creativity test questions regarding the status and development of dance-creative abilities in childhood be addressed. It also provides valuable information for optimizing training, promotion, and teaching. The following dance-creative abilities are captured: 1) Variety and originality in locomotor movements and body shapes, and 2) Fluency, variety, and originality in movement patterns and compositions. This test can be conducted with larger groups and minimal material effort, is not time-restricted, and allows for the identification of different performance levels. The dance creativity test offers researchers and teachers a valuable opportunity to analyze and promote the dance creative abilities of children.\" \/>\n<meta property=\"og:url\" content=\"https:\/\/shop.verlag.uni-potsdam.de\/en\/shop\/taenzerischer-kreativitaetstest-fuer-8-bis-12-jaehrige-ebook\/\" \/>\n<meta property=\"og:site_name\" content=\"Universit\u00e4tsverlag Potsdam\" \/>\n<meta property=\"article:modified_time\" content=\"2026-03-23T10:56:42+00:00\" \/>\n<meta property=\"og:image\" content=\"https:\/\/shop.verlag.uni-potsdam.de\/wp-content\/uploads\/asolmerce\/image-22528.jpg\" \/>\n\t<meta property=\"og:image:width\" content=\"1339\" \/>\n\t<meta property=\"og:image:height\" content=\"1890\" \/>\n\t<meta property=\"og:image:type\" content=\"image\/jpeg\" \/>\n<meta name=\"twitter:card\" content=\"summary_large_image\" \/>\n<meta name=\"twitter:label1\" content=\"Est. reading time\" \/>\n\t<meta name=\"twitter:data1\" content=\"1 minute\" \/>\n<script type=\"application\/ld+json\" class=\"yoast-schema-graph\">{\"@context\":\"https:\/\/schema.org\",\"@graph\":[{\"@type\":\"WebPage\",\"@id\":\"https:\/\/shop.verlag.uni-potsdam.de\/en\/shop\/taenzerischer-kreativitaetstest-fuer-8-bis-12-jaehrige-ebook\/\",\"url\":\"https:\/\/shop.verlag.uni-potsdam.de\/en\/shop\/taenzerischer-kreativitaetstest-fuer-8-bis-12-jaehrige-ebook\/\",\"name\":\"T\u00e4nzerischer Kreativit\u00e4tstest f\u00fcr 8- bis 12-J\u00e4hrige - Universit\u00e4tsverlag Potsdam\",\"isPartOf\":{\"@id\":\"https:\/\/shop.verlag.uni-potsdam.de\/en\/#website\"},\"primaryImageOfPage\":{\"@id\":\"https:\/\/shop.verlag.uni-potsdam.de\/en\/shop\/taenzerischer-kreativitaetstest-fuer-8-bis-12-jaehrige-ebook\/#primaryimage\"},\"image\":{\"@id\":\"https:\/\/shop.verlag.uni-potsdam.de\/shop\/taenzerischer-kreativitaetstest-fuer-8-bis-12-jaehrige-ebook\/#primaryimage\"},\"thumbnailUrl\":\"https:\/\/shop.verlag.uni-potsdam.de\/wp-content\/uploads\/asolmerce\/image-22528.jpg\",\"datePublished\":\"2026-03-23T08:55:42+00:00\",\"dateModified\":\"2026-03-23T10:56:42+00:00\",\"breadcrumb\":{\"@id\":\"https:\/\/shop.verlag.uni-potsdam.de\/en\/shop\/taenzerischer-kreativitaetstest-fuer-8-bis-12-jaehrige-ebook\/#breadcrumb\"},\"inLanguage\":\"en-US\",\"potentialAction\":[{\"@type\":\"ReadAction\",\"target\":[[\"https:\/\/shop.verlag.uni-potsdam.de\/en\/shop\/taenzerischer-kreativitaetstest-fuer-8-bis-12-jaehrige-ebook\/\"]]}]},{\"@type\":\"ImageObject\",\"inLanguage\":\"en-US\",\"@id\":\"https:\/\/shop.verlag.uni-potsdam.de\/en\/shop\/taenzerischer-kreativitaetstest-fuer-8-bis-12-jaehrige-ebook\/#primaryimage\",\"url\":\"https:\/\/shop.verlag.uni-potsdam.de\/wp-content\/uploads\/asolmerce\/image-22528.jpg\",\"contentUrl\":\"https:\/\/shop.verlag.uni-potsdam.de\/wp-content\/uploads\/asolmerce\/image-22528.jpg\",\"width\":1339,\"height\":1890},{\"@type\":\"BreadcrumbList\",\"@id\":\"https:\/\/shop.verlag.uni-potsdam.de\/en\/shop\/taenzerischer-kreativitaetstest-fuer-8-bis-12-jaehrige-ebook\/#breadcrumb\",\"itemListElement\":[{\"@type\":\"ListItem\",\"position\":1,\"name\":\"Startseite\",\"item\":\"https:\/\/shop.verlag.uni-potsdam.de\/en\/\"},{\"@type\":\"ListItem\",\"position\":2,\"name\":\"Shop\",\"item\":\"https:\/\/shop.verlag.uni-potsdam.de\/en\/shop\/\"},{\"@type\":\"ListItem\",\"position\":3,\"name\":\"T\u00e4nzerischer Kreativit\u00e4tstest f\u00fcr 8- bis 12-J\u00e4hrige\"}]},{\"@type\":\"WebSite\",\"@id\":\"https:\/\/shop.verlag.uni-potsdam.de\/en\/#website\",\"url\":\"https:\/\/shop.verlag.uni-potsdam.de\/en\/\",\"name\":\"Universit\u00e4tsverlag Potsdam\",\"description\":\"\",\"publisher\":{\"@id\":\"https:\/\/shop.verlag.uni-potsdam.de\/en\/#organization\"},\"potentialAction\":[{\"@type\":\"SearchAction\",\"target\":{\"@type\":\"EntryPoint\",\"urlTemplate\":\"https:\/\/shop.verlag.uni-potsdam.de\/en\/?s={search_term_string}\"},\"query-input\":{\"@type\":\"PropertyValueSpecification\",\"valueRequired\":true,\"valueName\":\"search_term_string\"}}],\"inLanguage\":\"en-US\"},{\"@type\":\"Organization\",\"@id\":\"https:\/\/shop.verlag.uni-potsdam.de\/en\/#organization\",\"name\":\"Universit\u00e4tsverlag Potsdam\",\"url\":\"https:\/\/shop.verlag.uni-potsdam.de\/en\/\",\"logo\":{\"@type\":\"ImageObject\",\"inLanguage\":\"en-US\",\"@id\":\"https:\/\/shop.verlag.uni-potsdam.de\/en\/#\/schema\/logo\/image\/\",\"url\":\"https:\/\/shop.verlag.uni-potsdam.de\/wp-content\/uploads\/2017\/04\/up_logo_university_2.png\",\"contentUrl\":\"https:\/\/shop.verlag.uni-potsdam.de\/wp-content\/uploads\/2017\/04\/up_logo_university_2.png\",\"width\":160,\"height\":172,\"caption\":\"Universit\u00e4tsverlag Potsdam\"},\"image\":{\"@id\":\"https:\/\/shop.verlag.uni-potsdam.de\/en\/#\/schema\/logo\/image\/\"}}]}<\/script>\n<!-- \/ Yoast SEO plugin. -->","yoast_head_json":{"title":"T\u00e4nzerischer Kreativit\u00e4tstest f\u00fcr 8- bis 12-J\u00e4hrige - Universit\u00e4tsverlag Potsdam","robots":{"index":"index","follow":"follow","max-snippet":"max-snippet:-1","max-image-preview":"max-image-preview:large","max-video-preview":"max-video-preview:-1"},"canonical":"https:\/\/shop.verlag.uni-potsdam.de\/en\/shop\/taenzerischer-kreativitaetstest-fuer-8-bis-12-jaehrige-ebook\/","og_locale":"en_US","og_type":"article","og_title":"T\u00e4nzerischer Kreativit\u00e4tstest f\u00fcr 8- bis 12-J\u00e4hrige - Universit\u00e4tsverlag Potsdam","og_description":"The dance creativity test represents a valid instrument based on dance-specific tasks, designed for the differentiated and standardized evaluation of dance creativity in children aged 8 to 12 years. With the dance creativity test questions regarding the status and development of dance-creative abilities in childhood be addressed. It also provides valuable information for optimizing training, promotion, and teaching. The following dance-creative abilities are captured: 1) Variety and originality in locomotor movements and body shapes, and 2) Fluency, variety, and originality in movement patterns and compositions. This test can be conducted with larger groups and minimal material effort, is not time-restricted, and allows for the identification of different performance levels. The dance creativity test offers researchers and teachers a valuable opportunity to analyze and promote the dance creative abilities of children.","og_url":"https:\/\/shop.verlag.uni-potsdam.de\/en\/shop\/taenzerischer-kreativitaetstest-fuer-8-bis-12-jaehrige-ebook\/","og_site_name":"Universit\u00e4tsverlag Potsdam","article_modified_time":"2026-03-23T10:56:42+00:00","og_image":[{"width":1339,"height":1890,"url":"https:\/\/shop.verlag.uni-potsdam.de\/wp-content\/uploads\/asolmerce\/image-22528.jpg","type":"image\/jpeg"}],"twitter_card":"summary_large_image","twitter_misc":{"Est. reading time":"1 minute"},"schema":{"@context":"https:\/\/schema.org","@graph":[{"@type":"WebPage","@id":"https:\/\/shop.verlag.uni-potsdam.de\/en\/shop\/taenzerischer-kreativitaetstest-fuer-8-bis-12-jaehrige-ebook\/","url":"https:\/\/shop.verlag.uni-potsdam.de\/en\/shop\/taenzerischer-kreativitaetstest-fuer-8-bis-12-jaehrige-ebook\/","name":"T\u00e4nzerischer Kreativit\u00e4tstest f\u00fcr 8- bis 12-J\u00e4hrige - Universit\u00e4tsverlag Potsdam","isPartOf":{"@id":"https:\/\/shop.verlag.uni-potsdam.de\/en\/#website"},"primaryImageOfPage":{"@id":"https:\/\/shop.verlag.uni-potsdam.de\/en\/shop\/taenzerischer-kreativitaetstest-fuer-8-bis-12-jaehrige-ebook\/#primaryimage"},"image":{"@id":"https:\/\/shop.verlag.uni-potsdam.de\/shop\/taenzerischer-kreativitaetstest-fuer-8-bis-12-jaehrige-ebook\/#primaryimage"},"thumbnailUrl":"https:\/\/shop.verlag.uni-potsdam.de\/wp-content\/uploads\/asolmerce\/image-22528.jpg","datePublished":"2026-03-23T08:55:42+00:00","dateModified":"2026-03-23T10:56:42+00:00","breadcrumb":{"@id":"https:\/\/shop.verlag.uni-potsdam.de\/en\/shop\/taenzerischer-kreativitaetstest-fuer-8-bis-12-jaehrige-ebook\/#breadcrumb"},"inLanguage":"en-US","potentialAction":[{"@type":"ReadAction","target":[["https:\/\/shop.verlag.uni-potsdam.de\/en\/shop\/taenzerischer-kreativitaetstest-fuer-8-bis-12-jaehrige-ebook\/"]]}]},{"@type":"ImageObject","inLanguage":"en-US","@id":"https:\/\/shop.verlag.uni-potsdam.de\/en\/shop\/taenzerischer-kreativitaetstest-fuer-8-bis-12-jaehrige-ebook\/#primaryimage","url":"https:\/\/shop.verlag.uni-potsdam.de\/wp-content\/uploads\/asolmerce\/image-22528.jpg","contentUrl":"https:\/\/shop.verlag.uni-potsdam.de\/wp-content\/uploads\/asolmerce\/image-22528.jpg","width":1339,"height":1890},{"@type":"BreadcrumbList","@id":"https:\/\/shop.verlag.uni-potsdam.de\/en\/shop\/taenzerischer-kreativitaetstest-fuer-8-bis-12-jaehrige-ebook\/#breadcrumb","itemListElement":[{"@type":"ListItem","position":1,"name":"Startseite","item":"https:\/\/shop.verlag.uni-potsdam.de\/en\/"},{"@type":"ListItem","position":2,"name":"Shop","item":"https:\/\/shop.verlag.uni-potsdam.de\/en\/shop\/"},{"@type":"ListItem","position":3,"name":"T\u00e4nzerischer Kreativit\u00e4tstest f\u00fcr 8- bis 12-J\u00e4hrige"}]},{"@type":"WebSite","@id":"https:\/\/shop.verlag.uni-potsdam.de\/en\/#website","url":"https:\/\/shop.verlag.uni-potsdam.de\/en\/","name":"Universit\u00e4tsverlag Potsdam","description":"","publisher":{"@id":"https:\/\/shop.verlag.uni-potsdam.de\/en\/#organization"},"potentialAction":[{"@type":"SearchAction","target":{"@type":"EntryPoint","urlTemplate":"https:\/\/shop.verlag.uni-potsdam.de\/en\/?s={search_term_string}"},"query-input":{"@type":"PropertyValueSpecification","valueRequired":true,"valueName":"search_term_string"}}],"inLanguage":"en-US"},{"@type":"Organization","@id":"https:\/\/shop.verlag.uni-potsdam.de\/en\/#organization","name":"Universit\u00e4tsverlag Potsdam","url":"https:\/\/shop.verlag.uni-potsdam.de\/en\/","logo":{"@type":"ImageObject","inLanguage":"en-US","@id":"https:\/\/shop.verlag.uni-potsdam.de\/en\/#\/schema\/logo\/image\/","url":"https:\/\/shop.verlag.uni-potsdam.de\/wp-content\/uploads\/2017\/04\/up_logo_university_2.png","contentUrl":"https:\/\/shop.verlag.uni-potsdam.de\/wp-content\/uploads\/2017\/04\/up_logo_university_2.png","width":160,"height":172,"caption":"Universit\u00e4tsverlag Potsdam"},"image":{"@id":"https:\/\/shop.verlag.uni-potsdam.de\/en\/#\/schema\/logo\/image\/"}}]}},"_links":{"self":[{"href":"https:\/\/shop.verlag.uni-potsdam.de\/en\/wp-json\/wp\/v2\/product\/83319","targetHints":{"allow":["GET"]}}],"collection":[{"href":"https:\/\/shop.verlag.uni-potsdam.de\/en\/wp-json\/wp\/v2\/product"}],"about":[{"href":"https:\/\/shop.verlag.uni-potsdam.de\/en\/wp-json\/wp\/v2\/types\/product"}],"wp:featuredmedia":[{"embeddable":true,"href":"https:\/\/shop.verlag.uni-potsdam.de\/en\/wp-json\/wp\/v2\/media\/90617"}],"wp:attachment":[{"href":"https:\/\/shop.verlag.uni-potsdam.de\/en\/wp-json\/wp\/v2\/media?parent=83319"}],"wp:term":[{"taxonomy":"product_brand","embeddable":true,"href":"https:\/\/shop.verlag.uni-potsdam.de\/en\/wp-json\/wp\/v2\/product_brand?post=83319"},{"taxonomy":"product_cat","embeddable":true,"href":"https:\/\/shop.verlag.uni-potsdam.de\/en\/wp-json\/wp\/v2\/product_cat?post=83319"},{"taxonomy":"product_tag","embeddable":true,"href":"https:\/\/shop.verlag.uni-potsdam.de\/en\/wp-json\/wp\/v2\/product_tag?post=83319"}],"curies":[{"name":"wp","href":"https:\/\/api.w.org\/{rel}","templated":true}]}}