{"id":83320,"date":"2026-03-23T08:55:42","date_gmt":"2026-03-23T08:55:42","guid":{"rendered":"https:\/\/shop.verlag.uni-potsdam.de\/shop\/empty-product-container-3\/"},"modified":"2026-03-23T11:56:42","modified_gmt":"2026-03-23T10:56:42","slug":"silent-leges-inter-arma-von-der-tat-bis-zur-verurteilung-ebook","status":"publish","type":"product","link":"https:\/\/shop.verlag.uni-potsdam.de\/en\/shop\/silent-leges-inter-arma-von-der-tat-bis-zur-verurteilung-ebook\/","title":{"rendered":"Silent leges inter arma. Von der Tat bis zur Verurteilung"},"content":{"rendered":"<p class=\"qtranxs-available-languages-message qtranxs-available-languages-message-en\">Sorry, this entry is only available in <a href=\"https:\/\/shop.verlag.uni-potsdam.de\/de\/wp-json\/wp\/v2\/product\/83320\" class=\"qtranxs-available-language-link qtranxs-available-language-link-de\" title=\"Deutsch\">Deutsch<\/a>.<\/p><p>Der Fall des T. Annius Milo bietet f\u00fcr den Lateinunterricht gro\u00dfes didaktisches Potenzial. Denn an seinem Beispiel kann die Lekt\u00fcre eines lateinischen Textes hervorragend mit realienkundlichen Aspekten verkn\u00fcpft und es k\u00f6nnen plausible Bez\u00fcge zur Gegenwart hergestellt werden. Die vorliegende Masterarbeit zeigt, welch reiches Themenspektrum in Ciceros Rede Pro Milone steckt. Dazu z\u00e4hlen der historische Kontext des Falls, der Tatbestand des Mordes und der Ablauf des damaligen Gerichtsverfahrens. Dar\u00fcber hinaus wird das r\u00f6mische Recht mit dem heutzutage in Deutschland geltenden Strafrecht verglichen. Und zu guter Letzt wird hier die Glaubw\u00fcrdigkeit verschiedener schriftlicher Zeugnisse gepr\u00fcft, insbesondere die Frage, ob die \u00fcberlieferte Rede das einstige Prozessgeschehen in authentischer Weise widerspiegelt.<\/p>","protected":false},"excerpt":{"rendered":"<p class=\"qtranxs-available-languages-message qtranxs-available-languages-message-en\">Sorry, this entry is only available in <a href=\"https:\/\/shop.verlag.uni-potsdam.de\/de\/wp-json\/wp\/v2\/product\/83320\" class=\"qtranxs-available-language-link qtranxs-available-language-link-de\" title=\"Deutsch\">Deutsch<\/a>.<\/p>\n<p>Der Fall des T. Annius Milo bietet f\u00fcr den Lateinunterricht gro\u00dfes didaktisches Potenzial. Denn an seinem Beispiel kann die Lekt\u00fcre eines lateinischen Textes hervorragend mit realienkundlichen Aspekten verkn\u00fcpft und es k\u00f6nnen plausible Bez\u00fcge zur Gegenwart hergestellt werden. Die vorliegende Masterarbeit zeigt, welch reiches Themenspektrum in Ciceros Rede Pro Milone steckt. Dazu z\u00e4hlen der historische Kontext des Falls, der Tatbestand des Mordes und der Ablauf des damaligen Gerichtsverfahrens. Dar\u00fcber hinaus wird das r\u00f6mische Recht mit dem heutzutage in Deutschland geltenden Strafrecht verglichen. Und zu guter Letzt wird hier die Glaubw\u00fcrdigkeit verschiedener schriftlicher Zeugnisse gepr\u00fcft, insbesondere die Frage, ob die \u00fcberlieferte Rede das einstige Prozessgeschehen in authentischer Weise widerspiegelt.<\/p>\n","protected":false},"featured_media":90595,"template":"","meta":{"_acf_changed":false},"product_brand":[],"product_cat":[6212],"product_tag":[6869],"class_list":{"0":"post-83320","1":"product","2":"type-product","3":"status-publish","4":"has-post-thumbnail","6":"product_cat-klassische-sprachwissenschaft-literaturwissenschaft-web-kategorie","7":"product_tag-cicero-lateinunterricht-schuelermaterial-roemisches-recht-pro-milone","8":"autor-franz-ivan-jass","9":"edition-online-only","11":"first","12":"instock","13":"downloadable","14":"virtual","15":"product-type-simple"},"acf":[],"yoast_head":"<!-- This site is optimized with the Yoast SEO plugin v27.1.1 - https:\/\/yoast.com\/product\/yoast-seo-wordpress\/ -->\n<title>Silent leges inter arma. Von der Tat bis zur Verurteilung - Universit\u00e4tsverlag Potsdam<\/title>\n<meta name=\"robots\" content=\"index, follow, max-snippet:-1, max-image-preview:large, max-video-preview:-1\" \/>\n<link rel=\"canonical\" href=\"https:\/\/shop.verlag.uni-potsdam.de\/en\/shop\/silent-leges-inter-arma-von-der-tat-bis-zur-verurteilung-ebook\/\" \/>\n<meta property=\"og:locale\" content=\"en_US\" \/>\n<meta property=\"og:type\" content=\"article\" \/>\n<meta property=\"og:title\" content=\"Silent leges inter arma. Von der Tat bis zur Verurteilung - Universit\u00e4tsverlag Potsdam\" \/>\n<meta property=\"og:description\" content=\"Der Fall des T. Annius Milo bietet f\u00fcr den Lateinunterricht gro\u00dfes didaktisches Potenzial. Denn an seinem Beispiel kann die Lekt\u00fcre eines lateinischen Textes hervorragend mit realienkundlichen Aspekten verkn\u00fcpft und es k\u00f6nnen plausible Bez\u00fcge zur Gegenwart hergestellt werden. Die vorliegende Masterarbeit zeigt, welch reiches Themenspektrum in Ciceros Rede Pro Milone steckt. Dazu z\u00e4hlen der historische Kontext des Falls, der Tatbestand des Mordes und der Ablauf des damaligen Gerichtsverfahrens. Dar\u00fcber hinaus wird das r\u00f6mische Recht mit dem heutzutage in Deutschland geltenden Strafrecht verglichen. Und zu guter Letzt wird hier die Glaubw\u00fcrdigkeit verschiedener schriftlicher Zeugnisse gepr\u00fcft, insbesondere die Frage, ob die \u00fcberlieferte Rede das einstige Prozessgeschehen in authentischer Weise widerspiegelt.\" \/>\n<meta property=\"og:url\" content=\"https:\/\/shop.verlag.uni-potsdam.de\/en\/shop\/silent-leges-inter-arma-von-der-tat-bis-zur-verurteilung-ebook\/\" \/>\n<meta property=\"og:site_name\" content=\"Universit\u00e4tsverlag Potsdam\" \/>\n<meta property=\"article:modified_time\" content=\"2026-03-23T10:56:42+00:00\" \/>\n<meta property=\"og:image\" content=\"https:\/\/shop.verlag.uni-potsdam.de\/wp-content\/uploads\/asolmerce\/image-22529.jpg\" \/>\n\t<meta property=\"og:image:width\" content=\"1811\" \/>\n\t<meta property=\"og:image:height\" content=\"2560\" \/>\n\t<meta property=\"og:image:type\" content=\"image\/jpeg\" \/>\n<meta name=\"twitter:card\" content=\"summary_large_image\" \/>\n<meta name=\"twitter:label1\" content=\"Est. reading time\" \/>\n\t<meta name=\"twitter:data1\" content=\"1 minute\" \/>\n<script type=\"application\/ld+json\" class=\"yoast-schema-graph\">{\"@context\":\"https:\/\/schema.org\",\"@graph\":[{\"@type\":\"WebPage\",\"@id\":\"https:\/\/shop.verlag.uni-potsdam.de\/en\/shop\/silent-leges-inter-arma-von-der-tat-bis-zur-verurteilung-ebook\/\",\"url\":\"https:\/\/shop.verlag.uni-potsdam.de\/en\/shop\/silent-leges-inter-arma-von-der-tat-bis-zur-verurteilung-ebook\/\",\"name\":\"Silent leges inter arma. Von der Tat bis zur Verurteilung - Universit\u00e4tsverlag Potsdam\",\"isPartOf\":{\"@id\":\"https:\/\/shop.verlag.uni-potsdam.de\/en\/#website\"},\"primaryImageOfPage\":{\"@id\":\"https:\/\/shop.verlag.uni-potsdam.de\/en\/shop\/silent-leges-inter-arma-von-der-tat-bis-zur-verurteilung-ebook\/#primaryimage\"},\"image\":{\"@id\":\"https:\/\/shop.verlag.uni-potsdam.de\/shop\/silent-leges-inter-arma-von-der-tat-bis-zur-verurteilung-ebook\/#primaryimage\"},\"thumbnailUrl\":\"https:\/\/shop.verlag.uni-potsdam.de\/wp-content\/uploads\/asolmerce\/image-22529.jpg\",\"datePublished\":\"2026-03-23T08:55:42+00:00\",\"dateModified\":\"2026-03-23T10:56:42+00:00\",\"breadcrumb\":{\"@id\":\"https:\/\/shop.verlag.uni-potsdam.de\/en\/shop\/silent-leges-inter-arma-von-der-tat-bis-zur-verurteilung-ebook\/#breadcrumb\"},\"inLanguage\":\"en-US\",\"potentialAction\":[{\"@type\":\"ReadAction\",\"target\":[[\"https:\/\/shop.verlag.uni-potsdam.de\/en\/shop\/silent-leges-inter-arma-von-der-tat-bis-zur-verurteilung-ebook\/\"]]}]},{\"@type\":\"ImageObject\",\"inLanguage\":\"en-US\",\"@id\":\"https:\/\/shop.verlag.uni-potsdam.de\/en\/shop\/silent-leges-inter-arma-von-der-tat-bis-zur-verurteilung-ebook\/#primaryimage\",\"url\":\"https:\/\/shop.verlag.uni-potsdam.de\/wp-content\/uploads\/asolmerce\/image-22529.jpg\",\"contentUrl\":\"https:\/\/shop.verlag.uni-potsdam.de\/wp-content\/uploads\/asolmerce\/image-22529.jpg\",\"width\":1811,\"height\":2560},{\"@type\":\"BreadcrumbList\",\"@id\":\"https:\/\/shop.verlag.uni-potsdam.de\/en\/shop\/silent-leges-inter-arma-von-der-tat-bis-zur-verurteilung-ebook\/#breadcrumb\",\"itemListElement\":[{\"@type\":\"ListItem\",\"position\":1,\"name\":\"Startseite\",\"item\":\"https:\/\/shop.verlag.uni-potsdam.de\/en\/\"},{\"@type\":\"ListItem\",\"position\":2,\"name\":\"Shop\",\"item\":\"https:\/\/shop.verlag.uni-potsdam.de\/en\/shop\/\"},{\"@type\":\"ListItem\",\"position\":3,\"name\":\"Silent leges inter arma. Von der Tat bis zur Verurteilung\"}]},{\"@type\":\"WebSite\",\"@id\":\"https:\/\/shop.verlag.uni-potsdam.de\/en\/#website\",\"url\":\"https:\/\/shop.verlag.uni-potsdam.de\/en\/\",\"name\":\"Universit\u00e4tsverlag Potsdam\",\"description\":\"\",\"publisher\":{\"@id\":\"https:\/\/shop.verlag.uni-potsdam.de\/en\/#organization\"},\"potentialAction\":[{\"@type\":\"SearchAction\",\"target\":{\"@type\":\"EntryPoint\",\"urlTemplate\":\"https:\/\/shop.verlag.uni-potsdam.de\/en\/?s={search_term_string}\"},\"query-input\":{\"@type\":\"PropertyValueSpecification\",\"valueRequired\":true,\"valueName\":\"search_term_string\"}}],\"inLanguage\":\"en-US\"},{\"@type\":\"Organization\",\"@id\":\"https:\/\/shop.verlag.uni-potsdam.de\/en\/#organization\",\"name\":\"Universit\u00e4tsverlag Potsdam\",\"url\":\"https:\/\/shop.verlag.uni-potsdam.de\/en\/\",\"logo\":{\"@type\":\"ImageObject\",\"inLanguage\":\"en-US\",\"@id\":\"https:\/\/shop.verlag.uni-potsdam.de\/en\/#\/schema\/logo\/image\/\",\"url\":\"https:\/\/shop.verlag.uni-potsdam.de\/wp-content\/uploads\/2017\/04\/up_logo_university_2.png\",\"contentUrl\":\"https:\/\/shop.verlag.uni-potsdam.de\/wp-content\/uploads\/2017\/04\/up_logo_university_2.png\",\"width\":160,\"height\":172,\"caption\":\"Universit\u00e4tsverlag Potsdam\"},\"image\":{\"@id\":\"https:\/\/shop.verlag.uni-potsdam.de\/en\/#\/schema\/logo\/image\/\"}}]}<\/script>\n<!-- \/ Yoast SEO plugin. -->","yoast_head_json":{"title":"Silent leges inter arma. Von der Tat bis zur Verurteilung - Universit\u00e4tsverlag Potsdam","robots":{"index":"index","follow":"follow","max-snippet":"max-snippet:-1","max-image-preview":"max-image-preview:large","max-video-preview":"max-video-preview:-1"},"canonical":"https:\/\/shop.verlag.uni-potsdam.de\/en\/shop\/silent-leges-inter-arma-von-der-tat-bis-zur-verurteilung-ebook\/","og_locale":"en_US","og_type":"article","og_title":"Silent leges inter arma. Von der Tat bis zur Verurteilung - Universit\u00e4tsverlag Potsdam","og_description":"Der Fall des T. Annius Milo bietet f\u00fcr den Lateinunterricht gro\u00dfes didaktisches Potenzial. Denn an seinem Beispiel kann die Lekt\u00fcre eines lateinischen Textes hervorragend mit realienkundlichen Aspekten verkn\u00fcpft und es k\u00f6nnen plausible Bez\u00fcge zur Gegenwart hergestellt werden. Die vorliegende Masterarbeit zeigt, welch reiches Themenspektrum in Ciceros Rede Pro Milone steckt. Dazu z\u00e4hlen der historische Kontext des Falls, der Tatbestand des Mordes und der Ablauf des damaligen Gerichtsverfahrens. Dar\u00fcber hinaus wird das r\u00f6mische Recht mit dem heutzutage in Deutschland geltenden Strafrecht verglichen. Und zu guter Letzt wird hier die Glaubw\u00fcrdigkeit verschiedener schriftlicher Zeugnisse gepr\u00fcft, insbesondere die Frage, ob die \u00fcberlieferte Rede das einstige Prozessgeschehen in authentischer Weise widerspiegelt.","og_url":"https:\/\/shop.verlag.uni-potsdam.de\/en\/shop\/silent-leges-inter-arma-von-der-tat-bis-zur-verurteilung-ebook\/","og_site_name":"Universit\u00e4tsverlag Potsdam","article_modified_time":"2026-03-23T10:56:42+00:00","og_image":[{"width":1811,"height":2560,"url":"https:\/\/shop.verlag.uni-potsdam.de\/wp-content\/uploads\/asolmerce\/image-22529.jpg","type":"image\/jpeg"}],"twitter_card":"summary_large_image","twitter_misc":{"Est. reading time":"1 minute"},"schema":{"@context":"https:\/\/schema.org","@graph":[{"@type":"WebPage","@id":"https:\/\/shop.verlag.uni-potsdam.de\/en\/shop\/silent-leges-inter-arma-von-der-tat-bis-zur-verurteilung-ebook\/","url":"https:\/\/shop.verlag.uni-potsdam.de\/en\/shop\/silent-leges-inter-arma-von-der-tat-bis-zur-verurteilung-ebook\/","name":"Silent leges inter arma. Von der Tat bis zur Verurteilung - Universit\u00e4tsverlag Potsdam","isPartOf":{"@id":"https:\/\/shop.verlag.uni-potsdam.de\/en\/#website"},"primaryImageOfPage":{"@id":"https:\/\/shop.verlag.uni-potsdam.de\/en\/shop\/silent-leges-inter-arma-von-der-tat-bis-zur-verurteilung-ebook\/#primaryimage"},"image":{"@id":"https:\/\/shop.verlag.uni-potsdam.de\/shop\/silent-leges-inter-arma-von-der-tat-bis-zur-verurteilung-ebook\/#primaryimage"},"thumbnailUrl":"https:\/\/shop.verlag.uni-potsdam.de\/wp-content\/uploads\/asolmerce\/image-22529.jpg","datePublished":"2026-03-23T08:55:42+00:00","dateModified":"2026-03-23T10:56:42+00:00","breadcrumb":{"@id":"https:\/\/shop.verlag.uni-potsdam.de\/en\/shop\/silent-leges-inter-arma-von-der-tat-bis-zur-verurteilung-ebook\/#breadcrumb"},"inLanguage":"en-US","potentialAction":[{"@type":"ReadAction","target":[["https:\/\/shop.verlag.uni-potsdam.de\/en\/shop\/silent-leges-inter-arma-von-der-tat-bis-zur-verurteilung-ebook\/"]]}]},{"@type":"ImageObject","inLanguage":"en-US","@id":"https:\/\/shop.verlag.uni-potsdam.de\/en\/shop\/silent-leges-inter-arma-von-der-tat-bis-zur-verurteilung-ebook\/#primaryimage","url":"https:\/\/shop.verlag.uni-potsdam.de\/wp-content\/uploads\/asolmerce\/image-22529.jpg","contentUrl":"https:\/\/shop.verlag.uni-potsdam.de\/wp-content\/uploads\/asolmerce\/image-22529.jpg","width":1811,"height":2560},{"@type":"BreadcrumbList","@id":"https:\/\/shop.verlag.uni-potsdam.de\/en\/shop\/silent-leges-inter-arma-von-der-tat-bis-zur-verurteilung-ebook\/#breadcrumb","itemListElement":[{"@type":"ListItem","position":1,"name":"Startseite","item":"https:\/\/shop.verlag.uni-potsdam.de\/en\/"},{"@type":"ListItem","position":2,"name":"Shop","item":"https:\/\/shop.verlag.uni-potsdam.de\/en\/shop\/"},{"@type":"ListItem","position":3,"name":"Silent leges inter arma. Von der Tat bis zur Verurteilung"}]},{"@type":"WebSite","@id":"https:\/\/shop.verlag.uni-potsdam.de\/en\/#website","url":"https:\/\/shop.verlag.uni-potsdam.de\/en\/","name":"Universit\u00e4tsverlag Potsdam","description":"","publisher":{"@id":"https:\/\/shop.verlag.uni-potsdam.de\/en\/#organization"},"potentialAction":[{"@type":"SearchAction","target":{"@type":"EntryPoint","urlTemplate":"https:\/\/shop.verlag.uni-potsdam.de\/en\/?s={search_term_string}"},"query-input":{"@type":"PropertyValueSpecification","valueRequired":true,"valueName":"search_term_string"}}],"inLanguage":"en-US"},{"@type":"Organization","@id":"https:\/\/shop.verlag.uni-potsdam.de\/en\/#organization","name":"Universit\u00e4tsverlag Potsdam","url":"https:\/\/shop.verlag.uni-potsdam.de\/en\/","logo":{"@type":"ImageObject","inLanguage":"en-US","@id":"https:\/\/shop.verlag.uni-potsdam.de\/en\/#\/schema\/logo\/image\/","url":"https:\/\/shop.verlag.uni-potsdam.de\/wp-content\/uploads\/2017\/04\/up_logo_university_2.png","contentUrl":"https:\/\/shop.verlag.uni-potsdam.de\/wp-content\/uploads\/2017\/04\/up_logo_university_2.png","width":160,"height":172,"caption":"Universit\u00e4tsverlag Potsdam"},"image":{"@id":"https:\/\/shop.verlag.uni-potsdam.de\/en\/#\/schema\/logo\/image\/"}}]}},"_links":{"self":[{"href":"https:\/\/shop.verlag.uni-potsdam.de\/en\/wp-json\/wp\/v2\/product\/83320","targetHints":{"allow":["GET"]}}],"collection":[{"href":"https:\/\/shop.verlag.uni-potsdam.de\/en\/wp-json\/wp\/v2\/product"}],"about":[{"href":"https:\/\/shop.verlag.uni-potsdam.de\/en\/wp-json\/wp\/v2\/types\/product"}],"wp:featuredmedia":[{"embeddable":true,"href":"https:\/\/shop.verlag.uni-potsdam.de\/en\/wp-json\/wp\/v2\/media\/90595"}],"wp:attachment":[{"href":"https:\/\/shop.verlag.uni-potsdam.de\/en\/wp-json\/wp\/v2\/media?parent=83320"}],"wp:term":[{"taxonomy":"product_brand","embeddable":true,"href":"https:\/\/shop.verlag.uni-potsdam.de\/en\/wp-json\/wp\/v2\/product_brand?post=83320"},{"taxonomy":"product_cat","embeddable":true,"href":"https:\/\/shop.verlag.uni-potsdam.de\/en\/wp-json\/wp\/v2\/product_cat?post=83320"},{"taxonomy":"product_tag","embeddable":true,"href":"https:\/\/shop.verlag.uni-potsdam.de\/en\/wp-json\/wp\/v2\/product_tag?post=83320"}],"curies":[{"name":"wp","href":"https:\/\/api.w.org\/{rel}","templated":true}]}}