{"id":83342,"date":"2026-03-23T08:55:42","date_gmt":"2026-03-23T08:55:42","guid":{"rendered":"https:\/\/shop.verlag.uni-potsdam.de\/shop\/empty-product-container-3\/"},"modified":"2026-03-23T11:56:43","modified_gmt":"2026-03-23T10:56:43","slug":"jahresbericht-2023","status":"publish","type":"product","link":"https:\/\/shop.verlag.uni-potsdam.de\/en\/shop\/jahresbericht-2023\/","title":{"rendered":"Jahresbericht 2023"},"content":{"rendered":"<p class=\"qtranxs-available-languages-message qtranxs-available-languages-message-en\">Sorry, this entry is only available in <a href=\"https:\/\/shop.verlag.uni-potsdam.de\/de\/wp-json\/wp\/v2\/product\/83342\" class=\"qtranxs-available-language-link qtranxs-available-language-link-de\" title=\"Deutsch\">Deutsch<\/a>.<\/p><p>Dieser Jahresbericht umfasst den Berichtszeitraum 2023, in dem Forschung und Lehre wieder in Pr\u00e4senz stattfinden konnten. Begegnung und Austausch in H\u00f6rsaal und Seminarraum, auf Konferenzpaneln und w\u00e4hrend Kaffeepausen sind wieder m\u00f6glich, aber die M\u00f6glichkeiten von Homeoffice und Onlinekommunikation bleiben weiter bestehen, wie die Erfahrung zeigt.<\/p>\n<p>Das MenschenRechtsZentrum als interdisziplin\u00e4r arbeitende, zentrale wissenschaftliche Einrichtung der Universit\u00e4t Potsdam hat es im Berichtszeitraum erneut unternommen, juristische, philosophische, geschichts- und kultur- sowie politikwissenschaftliche Perspektiven auf das Thema Menschenrechte in Forschung und Lehre miteinander zu verbinden.<\/p>\n<p>Die Wissenschaftler*innen des MenschenRechtsZentrums lehren an den Fakult\u00e4ten, denen sie angeh\u00f6ren. Hier werden daher nur diejenigen Aktivit\u00e4ten angef\u00fchrt, die einen Bezug zur Arbeit des MenschenRechtsZentrums sowie zu menschenrechtlichen Fragestellungen haben; weitergehende Informationen finden sich auf den Homepages der jeweiligen Personen.<\/p>","protected":false},"excerpt":{"rendered":"<p class=\"qtranxs-available-languages-message qtranxs-available-languages-message-en\">Sorry, this entry is only available in <a href=\"https:\/\/shop.verlag.uni-potsdam.de\/de\/wp-json\/wp\/v2\/product\/83342\" class=\"qtranxs-available-language-link qtranxs-available-language-link-de\" title=\"Deutsch\">Deutsch<\/a>.<\/p>\n<p>Dieser Jahresbericht umfasst den Berichtszeitraum 2023, in dem Forschung und Lehre wieder in Pr\u00e4senz stattfinden konnten. Begegnung und Austausch in H\u00f6rsaal und Seminarraum, auf Konferenzpaneln und w\u00e4hrend Kaffeepausen sind wieder m\u00f6glich, aber die M\u00f6glichkeiten von Homeoffice und Onlinekommunikation bleiben weiter bestehen, wie die Erfahrung zeigt.<\/p>\n<p>Das MenschenRechtsZentrum als interdisziplin\u00e4r arbeitende, zentrale wissenschaftliche Einrichtung der Universit\u00e4t Potsdam hat es im Berichtszeitraum erneut unternommen, juristische, philosophische, geschichts- und kultur- sowie politikwissenschaftliche Perspektiven auf das Thema Menschenrechte in Forschung und Lehre miteinander zu verbinden.<\/p>\n<p>Die Wissenschaftler*innen des MenschenRechtsZentrums lehren an den Fakult\u00e4ten, denen sie angeh\u00f6ren. Hier werden daher nur diejenigen Aktivit\u00e4ten angef\u00fchrt, die einen Bezug zur Arbeit des MenschenRechtsZentrums sowie zu menschenrechtlichen Fragestellungen haben; weitergehende Informationen finden sich auf den Homepages der jeweiligen Personen.<\/p>\n","protected":false},"featured_media":83343,"template":"","meta":{"_acf_changed":false},"product_brand":[],"product_cat":[6225],"product_tag":[6920],"class_list":{"0":"post-83342","1":"product","2":"type-product","3":"status-publish","4":"has-post-thumbnail","6":"product_cat-recht-web-kategorie","7":"product_tag-menschenrechte-philosophie-rechtswissenschaft","8":"autor-andreas-zimmermann","9":"autor-logi-gunnarsson","10":"autor-norman-weiss","11":"edition-online-only","13":"first","14":"instock","15":"shipping-taxable","16":"purchasable","17":"product-type-simple"},"acf":[],"yoast_head":"<!-- This site is optimized with the Yoast SEO plugin v27.1.1 - https:\/\/yoast.com\/product\/yoast-seo-wordpress\/ -->\n<title>Jahresbericht 2023 - Universit\u00e4tsverlag Potsdam<\/title>\n<meta name=\"robots\" content=\"index, follow, max-snippet:-1, max-image-preview:large, max-video-preview:-1\" \/>\n<link rel=\"canonical\" href=\"https:\/\/shop.verlag.uni-potsdam.de\/en\/shop\/jahresbericht-2023\/\" \/>\n<meta property=\"og:locale\" content=\"en_US\" \/>\n<meta property=\"og:type\" content=\"article\" \/>\n<meta property=\"og:title\" content=\"Jahresbericht 2023 - Universit\u00e4tsverlag Potsdam\" \/>\n<meta property=\"og:description\" content=\"Dieser Jahresbericht umfasst den Berichtszeitraum 2023, in dem Forschung und Lehre wieder in Pr\u00e4senz stattfinden konnten. Begegnung und Austausch in H\u00f6rsaal und Seminarraum, auf Konferenzpaneln und w\u00e4hrend Kaffeepausen sind wieder m\u00f6glich, aber die M\u00f6glichkeiten von Homeoffice und Onlinekommunikation bleiben weiter bestehen, wie die Erfahrung zeigt.Das MenschenRechtsZentrum als interdisziplin\u00e4r arbeitende, zentrale wissenschaftliche Einrichtung der Universit\u00e4t Potsdam hat es im Berichtszeitraum erneut unternommen, juristische, philosophische, geschichts- und kultur- sowie politikwissenschaftliche Perspektiven auf das Thema Menschenrechte in Forschung und Lehre miteinander zu verbinden.Die Wissenschaftler*innen des MenschenRechtsZentrums lehren an den Fakult\u00e4ten, denen sie angeh\u00f6ren. Hier werden daher nur diejenigen Aktivit\u00e4ten angef\u00fchrt, die einen Bezug zur Arbeit des MenschenRechtsZentrums sowie zu menschenrechtlichen Fragestellungen haben; weitergehende Informationen finden sich auf den Homepages der jeweiligen Personen.\" \/>\n<meta property=\"og:url\" content=\"https:\/\/shop.verlag.uni-potsdam.de\/en\/shop\/jahresbericht-2023\/\" \/>\n<meta property=\"og:site_name\" content=\"Universit\u00e4tsverlag Potsdam\" \/>\n<meta property=\"article:modified_time\" content=\"2026-03-23T10:56:43+00:00\" \/>\n<meta property=\"og:image\" content=\"https:\/\/shop.verlag.uni-potsdam.de\/wp-content\/uploads\/asolmerce\/image-22532.jpg\" \/>\n\t<meta property=\"og:image:width\" content=\"1750\" \/>\n\t<meta property=\"og:image:height\" content=\"2480\" \/>\n\t<meta property=\"og:image:type\" content=\"image\/jpeg\" \/>\n<meta name=\"twitter:card\" content=\"summary_large_image\" \/>\n<meta name=\"twitter:label1\" content=\"Est. reading time\" \/>\n\t<meta name=\"twitter:data1\" content=\"1 minute\" \/>\n<script type=\"application\/ld+json\" class=\"yoast-schema-graph\">{\"@context\":\"https:\/\/schema.org\",\"@graph\":[{\"@type\":\"WebPage\",\"@id\":\"https:\/\/shop.verlag.uni-potsdam.de\/en\/shop\/jahresbericht-2023\/\",\"url\":\"https:\/\/shop.verlag.uni-potsdam.de\/en\/shop\/jahresbericht-2023\/\",\"name\":\"Jahresbericht 2023 - Universit\u00e4tsverlag Potsdam\",\"isPartOf\":{\"@id\":\"https:\/\/shop.verlag.uni-potsdam.de\/en\/#website\"},\"primaryImageOfPage\":{\"@id\":\"https:\/\/shop.verlag.uni-potsdam.de\/en\/shop\/jahresbericht-2023\/#primaryimage\"},\"image\":{\"@id\":\"https:\/\/shop.verlag.uni-potsdam.de\/shop\/jahresbericht-2023\/#primaryimage\"},\"thumbnailUrl\":\"https:\/\/shop.verlag.uni-potsdam.de\/wp-content\/uploads\/asolmerce\/image-22532.jpg\",\"datePublished\":\"2026-03-23T08:55:42+00:00\",\"dateModified\":\"2026-03-23T10:56:43+00:00\",\"breadcrumb\":{\"@id\":\"https:\/\/shop.verlag.uni-potsdam.de\/en\/shop\/jahresbericht-2023\/#breadcrumb\"},\"inLanguage\":\"en-US\",\"potentialAction\":[{\"@type\":\"ReadAction\",\"target\":[[\"https:\/\/shop.verlag.uni-potsdam.de\/en\/shop\/jahresbericht-2023\/\"]]}]},{\"@type\":\"ImageObject\",\"inLanguage\":\"en-US\",\"@id\":\"https:\/\/shop.verlag.uni-potsdam.de\/en\/shop\/jahresbericht-2023\/#primaryimage\",\"url\":\"https:\/\/shop.verlag.uni-potsdam.de\/wp-content\/uploads\/asolmerce\/image-22532.jpg\",\"contentUrl\":\"https:\/\/shop.verlag.uni-potsdam.de\/wp-content\/uploads\/asolmerce\/image-22532.jpg\",\"width\":1750,\"height\":2480},{\"@type\":\"BreadcrumbList\",\"@id\":\"https:\/\/shop.verlag.uni-potsdam.de\/en\/shop\/jahresbericht-2023\/#breadcrumb\",\"itemListElement\":[{\"@type\":\"ListItem\",\"position\":1,\"name\":\"Startseite\",\"item\":\"https:\/\/shop.verlag.uni-potsdam.de\/en\/\"},{\"@type\":\"ListItem\",\"position\":2,\"name\":\"Shop\",\"item\":\"https:\/\/shop.verlag.uni-potsdam.de\/en\/shop\/\"},{\"@type\":\"ListItem\",\"position\":3,\"name\":\"Jahresbericht 2023\"}]},{\"@type\":\"WebSite\",\"@id\":\"https:\/\/shop.verlag.uni-potsdam.de\/en\/#website\",\"url\":\"https:\/\/shop.verlag.uni-potsdam.de\/en\/\",\"name\":\"Universit\u00e4tsverlag Potsdam\",\"description\":\"\",\"publisher\":{\"@id\":\"https:\/\/shop.verlag.uni-potsdam.de\/en\/#organization\"},\"potentialAction\":[{\"@type\":\"SearchAction\",\"target\":{\"@type\":\"EntryPoint\",\"urlTemplate\":\"https:\/\/shop.verlag.uni-potsdam.de\/en\/?s={search_term_string}\"},\"query-input\":{\"@type\":\"PropertyValueSpecification\",\"valueRequired\":true,\"valueName\":\"search_term_string\"}}],\"inLanguage\":\"en-US\"},{\"@type\":\"Organization\",\"@id\":\"https:\/\/shop.verlag.uni-potsdam.de\/en\/#organization\",\"name\":\"Universit\u00e4tsverlag Potsdam\",\"url\":\"https:\/\/shop.verlag.uni-potsdam.de\/en\/\",\"logo\":{\"@type\":\"ImageObject\",\"inLanguage\":\"en-US\",\"@id\":\"https:\/\/shop.verlag.uni-potsdam.de\/en\/#\/schema\/logo\/image\/\",\"url\":\"https:\/\/shop.verlag.uni-potsdam.de\/wp-content\/uploads\/2017\/04\/up_logo_university_2.png\",\"contentUrl\":\"https:\/\/shop.verlag.uni-potsdam.de\/wp-content\/uploads\/2017\/04\/up_logo_university_2.png\",\"width\":160,\"height\":172,\"caption\":\"Universit\u00e4tsverlag Potsdam\"},\"image\":{\"@id\":\"https:\/\/shop.verlag.uni-potsdam.de\/en\/#\/schema\/logo\/image\/\"}}]}<\/script>\n<!-- \/ Yoast SEO plugin. -->","yoast_head_json":{"title":"Jahresbericht 2023 - Universit\u00e4tsverlag Potsdam","robots":{"index":"index","follow":"follow","max-snippet":"max-snippet:-1","max-image-preview":"max-image-preview:large","max-video-preview":"max-video-preview:-1"},"canonical":"https:\/\/shop.verlag.uni-potsdam.de\/en\/shop\/jahresbericht-2023\/","og_locale":"en_US","og_type":"article","og_title":"Jahresbericht 2023 - Universit\u00e4tsverlag Potsdam","og_description":"Dieser Jahresbericht umfasst den Berichtszeitraum 2023, in dem Forschung und Lehre wieder in Pr\u00e4senz stattfinden konnten. Begegnung und Austausch in H\u00f6rsaal und Seminarraum, auf Konferenzpaneln und w\u00e4hrend Kaffeepausen sind wieder m\u00f6glich, aber die M\u00f6glichkeiten von Homeoffice und Onlinekommunikation bleiben weiter bestehen, wie die Erfahrung zeigt.Das MenschenRechtsZentrum als interdisziplin\u00e4r arbeitende, zentrale wissenschaftliche Einrichtung der Universit\u00e4t Potsdam hat es im Berichtszeitraum erneut unternommen, juristische, philosophische, geschichts- und kultur- sowie politikwissenschaftliche Perspektiven auf das Thema Menschenrechte in Forschung und Lehre miteinander zu verbinden.Die Wissenschaftler*innen des MenschenRechtsZentrums lehren an den Fakult\u00e4ten, denen sie angeh\u00f6ren. Hier werden daher nur diejenigen Aktivit\u00e4ten angef\u00fchrt, die einen Bezug zur Arbeit des MenschenRechtsZentrums sowie zu menschenrechtlichen Fragestellungen haben; weitergehende Informationen finden sich auf den Homepages der jeweiligen Personen.","og_url":"https:\/\/shop.verlag.uni-potsdam.de\/en\/shop\/jahresbericht-2023\/","og_site_name":"Universit\u00e4tsverlag Potsdam","article_modified_time":"2026-03-23T10:56:43+00:00","og_image":[{"width":1750,"height":2480,"url":"https:\/\/shop.verlag.uni-potsdam.de\/wp-content\/uploads\/asolmerce\/image-22532.jpg","type":"image\/jpeg"}],"twitter_card":"summary_large_image","twitter_misc":{"Est. reading time":"1 minute"},"schema":{"@context":"https:\/\/schema.org","@graph":[{"@type":"WebPage","@id":"https:\/\/shop.verlag.uni-potsdam.de\/en\/shop\/jahresbericht-2023\/","url":"https:\/\/shop.verlag.uni-potsdam.de\/en\/shop\/jahresbericht-2023\/","name":"Jahresbericht 2023 - Universit\u00e4tsverlag Potsdam","isPartOf":{"@id":"https:\/\/shop.verlag.uni-potsdam.de\/en\/#website"},"primaryImageOfPage":{"@id":"https:\/\/shop.verlag.uni-potsdam.de\/en\/shop\/jahresbericht-2023\/#primaryimage"},"image":{"@id":"https:\/\/shop.verlag.uni-potsdam.de\/shop\/jahresbericht-2023\/#primaryimage"},"thumbnailUrl":"https:\/\/shop.verlag.uni-potsdam.de\/wp-content\/uploads\/asolmerce\/image-22532.jpg","datePublished":"2026-03-23T08:55:42+00:00","dateModified":"2026-03-23T10:56:43+00:00","breadcrumb":{"@id":"https:\/\/shop.verlag.uni-potsdam.de\/en\/shop\/jahresbericht-2023\/#breadcrumb"},"inLanguage":"en-US","potentialAction":[{"@type":"ReadAction","target":[["https:\/\/shop.verlag.uni-potsdam.de\/en\/shop\/jahresbericht-2023\/"]]}]},{"@type":"ImageObject","inLanguage":"en-US","@id":"https:\/\/shop.verlag.uni-potsdam.de\/en\/shop\/jahresbericht-2023\/#primaryimage","url":"https:\/\/shop.verlag.uni-potsdam.de\/wp-content\/uploads\/asolmerce\/image-22532.jpg","contentUrl":"https:\/\/shop.verlag.uni-potsdam.de\/wp-content\/uploads\/asolmerce\/image-22532.jpg","width":1750,"height":2480},{"@type":"BreadcrumbList","@id":"https:\/\/shop.verlag.uni-potsdam.de\/en\/shop\/jahresbericht-2023\/#breadcrumb","itemListElement":[{"@type":"ListItem","position":1,"name":"Startseite","item":"https:\/\/shop.verlag.uni-potsdam.de\/en\/"},{"@type":"ListItem","position":2,"name":"Shop","item":"https:\/\/shop.verlag.uni-potsdam.de\/en\/shop\/"},{"@type":"ListItem","position":3,"name":"Jahresbericht 2023"}]},{"@type":"WebSite","@id":"https:\/\/shop.verlag.uni-potsdam.de\/en\/#website","url":"https:\/\/shop.verlag.uni-potsdam.de\/en\/","name":"Universit\u00e4tsverlag Potsdam","description":"","publisher":{"@id":"https:\/\/shop.verlag.uni-potsdam.de\/en\/#organization"},"potentialAction":[{"@type":"SearchAction","target":{"@type":"EntryPoint","urlTemplate":"https:\/\/shop.verlag.uni-potsdam.de\/en\/?s={search_term_string}"},"query-input":{"@type":"PropertyValueSpecification","valueRequired":true,"valueName":"search_term_string"}}],"inLanguage":"en-US"},{"@type":"Organization","@id":"https:\/\/shop.verlag.uni-potsdam.de\/en\/#organization","name":"Universit\u00e4tsverlag Potsdam","url":"https:\/\/shop.verlag.uni-potsdam.de\/en\/","logo":{"@type":"ImageObject","inLanguage":"en-US","@id":"https:\/\/shop.verlag.uni-potsdam.de\/en\/#\/schema\/logo\/image\/","url":"https:\/\/shop.verlag.uni-potsdam.de\/wp-content\/uploads\/2017\/04\/up_logo_university_2.png","contentUrl":"https:\/\/shop.verlag.uni-potsdam.de\/wp-content\/uploads\/2017\/04\/up_logo_university_2.png","width":160,"height":172,"caption":"Universit\u00e4tsverlag Potsdam"},"image":{"@id":"https:\/\/shop.verlag.uni-potsdam.de\/en\/#\/schema\/logo\/image\/"}}]}},"_links":{"self":[{"href":"https:\/\/shop.verlag.uni-potsdam.de\/en\/wp-json\/wp\/v2\/product\/83342","targetHints":{"allow":["GET"]}}],"collection":[{"href":"https:\/\/shop.verlag.uni-potsdam.de\/en\/wp-json\/wp\/v2\/product"}],"about":[{"href":"https:\/\/shop.verlag.uni-potsdam.de\/en\/wp-json\/wp\/v2\/types\/product"}],"wp:featuredmedia":[{"embeddable":true,"href":"https:\/\/shop.verlag.uni-potsdam.de\/en\/wp-json\/wp\/v2\/media\/83343"}],"wp:attachment":[{"href":"https:\/\/shop.verlag.uni-potsdam.de\/en\/wp-json\/wp\/v2\/media?parent=83342"}],"wp:term":[{"taxonomy":"product_brand","embeddable":true,"href":"https:\/\/shop.verlag.uni-potsdam.de\/en\/wp-json\/wp\/v2\/product_brand?post=83342"},{"taxonomy":"product_cat","embeddable":true,"href":"https:\/\/shop.verlag.uni-potsdam.de\/en\/wp-json\/wp\/v2\/product_cat?post=83342"},{"taxonomy":"product_tag","embeddable":true,"href":"https:\/\/shop.verlag.uni-potsdam.de\/en\/wp-json\/wp\/v2\/product_tag?post=83342"}],"curies":[{"name":"wp","href":"https:\/\/api.w.org\/{rel}","templated":true}]}}