{"id":90584,"date":"2026-03-31T09:34:13","date_gmt":"2026-03-31T09:34:13","guid":{"rendered":"https:\/\/shop.verlag.uni-potsdam.de\/shop\/empty-product-container-3\/"},"modified":"2026-03-31T13:35:13","modified_gmt":"2026-03-31T11:35:13","slug":"kommunalwissenschaften-an-der-universitaet-potsdam","status":"publish","type":"product","link":"https:\/\/shop.verlag.uni-potsdam.de\/en\/shop\/kommunalwissenschaften-an-der-universitaet-potsdam\/","title":{"rendered":"Kommunalwissenschaften an der Universit\u00e4t Potsdam"},"content":{"rendered":"<p class=\"qtranxs-available-languages-message qtranxs-available-languages-message-en\">Sorry, this entry is only available in <a href=\"https:\/\/shop.verlag.uni-potsdam.de\/de\/wp-json\/wp\/v2\/product\/90584\" class=\"qtranxs-available-language-link qtranxs-available-language-link-de\" title=\"Deutsch\">Deutsch<\/a>.<\/p><p>Zum drei\u00dfigj\u00e4hrigen Bestehen des Kommunalwissenschaftlichen Instituts an der Universit\u00e4t Potsdam vereint dieser Jubil\u00e4umsband kurze Aufs\u00e4tze von ehemaligen und aktuellen Vorstandsmitgliedern, von Ehrenmitgliedern des Vorstands, langj\u00e4hrigen wissenschaftlichen Mitarbeitern des Instituts und aktuellen wissenschaftlichen Kooperationspartnern. Die insgesamt zw\u00f6lf Beitr\u00e4ge befassen sich mit den Kommunalwissenschaften und der Geschichte des Kommunalwissenschaftlichen Instituts, mit aktuellen kommunalwissenschaftlichen Fragestellungen und wissenschaftlichen Kooperationen des KWI. Der vom KWI-Vorstand herausgegebene Band soll einen breiten Blick auf 30 Jahre Kommunalwissenschaften in Brandenburg und an der Universit\u00e4t Potsdam werfen und einen Ausblick auf zuk\u00fcnftige kommunalwissenschaftliche Forschung geben.<\/p>","protected":false},"excerpt":{"rendered":"<p class=\"qtranxs-available-languages-message qtranxs-available-languages-message-en\">Sorry, this entry is only available in <a href=\"https:\/\/shop.verlag.uni-potsdam.de\/de\/wp-json\/wp\/v2\/product\/90584\" class=\"qtranxs-available-language-link qtranxs-available-language-link-de\" title=\"Deutsch\">Deutsch<\/a>.<\/p>\n<p>Zum drei\u00dfigj\u00e4hrigen Bestehen des Kommunalwissenschaftlichen Instituts an der Universit\u00e4t Potsdam vereint dieser Jubil\u00e4umsband kurze Aufs\u00e4tze von ehemaligen und aktuellen Vorstandsmitgliedern, von Ehrenmitgliedern des Vorstands, langj\u00e4hrigen wissenschaftlichen Mitarbeitern des Instituts und aktuellen wissenschaftlichen Kooperationspartnern. Die insgesamt zw\u00f6lf Beitr\u00e4ge befassen sich mit den Kommunalwissenschaften und der Geschichte des Kommunalwissenschaftlichen Instituts, mit aktuellen kommunalwissenschaftlichen Fragestellungen und wissenschaftlichen Kooperationen des KWI. Der vom KWI-Vorstand herausgegebene Band soll einen breiten Blick auf 30 Jahre Kommunalwissenschaften in Brandenburg und an der Universit\u00e4t Potsdam werfen und einen Ausblick auf zuk\u00fcnftige kommunalwissenschaftliche Forschung geben.<\/p>\n","protected":false},"featured_media":90588,"template":"","meta":{"_acf_changed":false},"product_brand":[],"product_cat":[6223],"product_tag":[6929],"class_list":{"0":"post-90584","1":"product","2":"type-product","3":"status-publish","4":"has-post-thumbnail","6":"product_cat-politikwissenschaft-web-kategorie","7":"product_tag-brandenburg-institut-kommunalwissenschaft-potsdam-universitaet","8":"autor-christian-bickenbach","9":"autor-christian-maass","10":"autor-christiane-buechner","11":"autor-christoph-bruening","12":"autor-christoph-reichard","13":"autor-dieter-wagner","14":"autor-elisa-kochskaemper","15":"autor-hartmut-bauer","16":"autor-jens-tessmann","17":"autor-jochen-franzke","18":"autor-kristine-kern","19":"autor-ludger-gailing","20":"autor-marcin-krzymuski","21":"autor-niklas-peters","22":"autor-peter-ulrich","23":"autor-sabine-kuhlmann","24":"autor-thorsten-ingo-schmidt","25":"autor-werner-jann","27":"first","28":"instock","29":"shipping-taxable","30":"purchasable","31":"product-type-simple"},"acf":[],"yoast_head":"<!-- This site is optimized with the Yoast SEO plugin v27.1.1 - https:\/\/yoast.com\/product\/yoast-seo-wordpress\/ -->\n<title>Kommunalwissenschaften an der Universit\u00e4t Potsdam - Universit\u00e4tsverlag Potsdam<\/title>\n<meta name=\"robots\" content=\"index, follow, max-snippet:-1, max-image-preview:large, max-video-preview:-1\" \/>\n<link rel=\"canonical\" href=\"https:\/\/shop.verlag.uni-potsdam.de\/en\/shop\/kommunalwissenschaften-an-der-universitaet-potsdam\/\" \/>\n<meta property=\"og:locale\" content=\"en_US\" \/>\n<meta property=\"og:type\" content=\"article\" \/>\n<meta property=\"og:title\" content=\"Kommunalwissenschaften an der Universit\u00e4t Potsdam - Universit\u00e4tsverlag Potsdam\" \/>\n<meta property=\"og:description\" content=\"Zum drei\u00dfigj\u00e4hrigen Bestehen des Kommunalwissenschaftlichen Instituts an der Universit\u00e4t Potsdam vereint dieser Jubil\u00e4umsband kurze Aufs\u00e4tze von ehemaligen und aktuellen Vorstandsmitgliedern, von Ehrenmitgliedern des Vorstands, langj\u00e4hrigen wissenschaftlichen Mitarbeitern des Instituts und aktuellen wissenschaftlichen Kooperationspartnern. Die insgesamt zw\u00f6lf Beitr\u00e4ge befassen sich mit den Kommunalwissenschaften und der Geschichte des Kommunalwissenschaftlichen Instituts, mit aktuellen kommunalwissenschaftlichen Fragestellungen und wissenschaftlichen Kooperationen des KWI. Der vom KWI-Vorstand herausgegebene Band soll einen breiten Blick auf 30 Jahre Kommunalwissenschaften in Brandenburg und an der Universit\u00e4t Potsdam werfen und einen Ausblick auf zuk\u00fcnftige kommunalwissenschaftliche Forschung geben.\" \/>\n<meta property=\"og:url\" content=\"https:\/\/shop.verlag.uni-potsdam.de\/en\/shop\/kommunalwissenschaften-an-der-universitaet-potsdam\/\" \/>\n<meta property=\"og:site_name\" content=\"Universit\u00e4tsverlag Potsdam\" \/>\n<meta property=\"article:modified_time\" content=\"2026-03-31T11:35:13+00:00\" \/>\n<meta property=\"og:image\" content=\"https:\/\/shop.verlag.uni-potsdam.de\/wp-content\/uploads\/asolmerce\/image-978-3-86956-581-1.png\" \/>\n\t<meta property=\"og:image:width\" content=\"1339\" \/>\n\t<meta property=\"og:image:height\" content=\"1889\" \/>\n\t<meta property=\"og:image:type\" content=\"image\/png\" \/>\n<meta name=\"twitter:card\" content=\"summary_large_image\" \/>\n<script type=\"application\/ld+json\" class=\"yoast-schema-graph\">{\"@context\":\"https:\/\/schema.org\",\"@graph\":[{\"@type\":\"WebPage\",\"@id\":\"https:\/\/shop.verlag.uni-potsdam.de\/en\/shop\/kommunalwissenschaften-an-der-universitaet-potsdam\/\",\"url\":\"https:\/\/shop.verlag.uni-potsdam.de\/en\/shop\/kommunalwissenschaften-an-der-universitaet-potsdam\/\",\"name\":\"Kommunalwissenschaften an der Universit\u00e4t Potsdam - Universit\u00e4tsverlag Potsdam\",\"isPartOf\":{\"@id\":\"https:\/\/shop.verlag.uni-potsdam.de\/en\/#website\"},\"primaryImageOfPage\":{\"@id\":\"https:\/\/shop.verlag.uni-potsdam.de\/en\/shop\/kommunalwissenschaften-an-der-universitaet-potsdam\/#primaryimage\"},\"image\":{\"@id\":\"https:\/\/shop.verlag.uni-potsdam.de\/shop\/kommunalwissenschaften-an-der-universitaet-potsdam\/#primaryimage\"},\"thumbnailUrl\":\"https:\/\/shop.verlag.uni-potsdam.de\/wp-content\/uploads\/asolmerce\/image-978-3-86956-581-1.png\",\"datePublished\":\"2026-03-31T09:34:13+00:00\",\"dateModified\":\"2026-03-31T11:35:13+00:00\",\"breadcrumb\":{\"@id\":\"https:\/\/shop.verlag.uni-potsdam.de\/en\/shop\/kommunalwissenschaften-an-der-universitaet-potsdam\/#breadcrumb\"},\"inLanguage\":\"en-US\",\"potentialAction\":[{\"@type\":\"ReadAction\",\"target\":[[\"https:\/\/shop.verlag.uni-potsdam.de\/en\/shop\/kommunalwissenschaften-an-der-universitaet-potsdam\/\"]]}]},{\"@type\":\"ImageObject\",\"inLanguage\":\"en-US\",\"@id\":\"https:\/\/shop.verlag.uni-potsdam.de\/en\/shop\/kommunalwissenschaften-an-der-universitaet-potsdam\/#primaryimage\",\"url\":\"https:\/\/shop.verlag.uni-potsdam.de\/wp-content\/uploads\/asolmerce\/image-978-3-86956-581-1.png\",\"contentUrl\":\"https:\/\/shop.verlag.uni-potsdam.de\/wp-content\/uploads\/asolmerce\/image-978-3-86956-581-1.png\",\"width\":1339,\"height\":1889},{\"@type\":\"BreadcrumbList\",\"@id\":\"https:\/\/shop.verlag.uni-potsdam.de\/en\/shop\/kommunalwissenschaften-an-der-universitaet-potsdam\/#breadcrumb\",\"itemListElement\":[{\"@type\":\"ListItem\",\"position\":1,\"name\":\"Startseite\",\"item\":\"https:\/\/shop.verlag.uni-potsdam.de\/en\/\"},{\"@type\":\"ListItem\",\"position\":2,\"name\":\"Shop\",\"item\":\"https:\/\/shop.verlag.uni-potsdam.de\/en\/shop\/\"},{\"@type\":\"ListItem\",\"position\":3,\"name\":\"Kommunalwissenschaften an der Universit\u00e4t Potsdam\"}]},{\"@type\":\"WebSite\",\"@id\":\"https:\/\/shop.verlag.uni-potsdam.de\/en\/#website\",\"url\":\"https:\/\/shop.verlag.uni-potsdam.de\/en\/\",\"name\":\"Universit\u00e4tsverlag Potsdam\",\"description\":\"\",\"publisher\":{\"@id\":\"https:\/\/shop.verlag.uni-potsdam.de\/en\/#organization\"},\"potentialAction\":[{\"@type\":\"SearchAction\",\"target\":{\"@type\":\"EntryPoint\",\"urlTemplate\":\"https:\/\/shop.verlag.uni-potsdam.de\/en\/?s={search_term_string}\"},\"query-input\":{\"@type\":\"PropertyValueSpecification\",\"valueRequired\":true,\"valueName\":\"search_term_string\"}}],\"inLanguage\":\"en-US\"},{\"@type\":\"Organization\",\"@id\":\"https:\/\/shop.verlag.uni-potsdam.de\/en\/#organization\",\"name\":\"Universit\u00e4tsverlag Potsdam\",\"url\":\"https:\/\/shop.verlag.uni-potsdam.de\/en\/\",\"logo\":{\"@type\":\"ImageObject\",\"inLanguage\":\"en-US\",\"@id\":\"https:\/\/shop.verlag.uni-potsdam.de\/en\/#\/schema\/logo\/image\/\",\"url\":\"https:\/\/shop.verlag.uni-potsdam.de\/wp-content\/uploads\/2017\/04\/up_logo_university_2.png\",\"contentUrl\":\"https:\/\/shop.verlag.uni-potsdam.de\/wp-content\/uploads\/2017\/04\/up_logo_university_2.png\",\"width\":160,\"height\":172,\"caption\":\"Universit\u00e4tsverlag Potsdam\"},\"image\":{\"@id\":\"https:\/\/shop.verlag.uni-potsdam.de\/en\/#\/schema\/logo\/image\/\"}}]}<\/script>\n<!-- \/ Yoast SEO plugin. -->","yoast_head_json":{"title":"Kommunalwissenschaften an der Universit\u00e4t Potsdam - Universit\u00e4tsverlag Potsdam","robots":{"index":"index","follow":"follow","max-snippet":"max-snippet:-1","max-image-preview":"max-image-preview:large","max-video-preview":"max-video-preview:-1"},"canonical":"https:\/\/shop.verlag.uni-potsdam.de\/en\/shop\/kommunalwissenschaften-an-der-universitaet-potsdam\/","og_locale":"en_US","og_type":"article","og_title":"Kommunalwissenschaften an der Universit\u00e4t Potsdam - Universit\u00e4tsverlag Potsdam","og_description":"Zum drei\u00dfigj\u00e4hrigen Bestehen des Kommunalwissenschaftlichen Instituts an der Universit\u00e4t Potsdam vereint dieser Jubil\u00e4umsband kurze Aufs\u00e4tze von ehemaligen und aktuellen Vorstandsmitgliedern, von Ehrenmitgliedern des Vorstands, langj\u00e4hrigen wissenschaftlichen Mitarbeitern des Instituts und aktuellen wissenschaftlichen Kooperationspartnern. Die insgesamt zw\u00f6lf Beitr\u00e4ge befassen sich mit den Kommunalwissenschaften und der Geschichte des Kommunalwissenschaftlichen Instituts, mit aktuellen kommunalwissenschaftlichen Fragestellungen und wissenschaftlichen Kooperationen des KWI. Der vom KWI-Vorstand herausgegebene Band soll einen breiten Blick auf 30 Jahre Kommunalwissenschaften in Brandenburg und an der Universit\u00e4t Potsdam werfen und einen Ausblick auf zuk\u00fcnftige kommunalwissenschaftliche Forschung geben.","og_url":"https:\/\/shop.verlag.uni-potsdam.de\/en\/shop\/kommunalwissenschaften-an-der-universitaet-potsdam\/","og_site_name":"Universit\u00e4tsverlag Potsdam","article_modified_time":"2026-03-31T11:35:13+00:00","og_image":[{"width":1339,"height":1889,"url":"https:\/\/shop.verlag.uni-potsdam.de\/wp-content\/uploads\/asolmerce\/image-978-3-86956-581-1.png","type":"image\/png"}],"twitter_card":"summary_large_image","schema":{"@context":"https:\/\/schema.org","@graph":[{"@type":"WebPage","@id":"https:\/\/shop.verlag.uni-potsdam.de\/en\/shop\/kommunalwissenschaften-an-der-universitaet-potsdam\/","url":"https:\/\/shop.verlag.uni-potsdam.de\/en\/shop\/kommunalwissenschaften-an-der-universitaet-potsdam\/","name":"Kommunalwissenschaften an der Universit\u00e4t Potsdam - Universit\u00e4tsverlag Potsdam","isPartOf":{"@id":"https:\/\/shop.verlag.uni-potsdam.de\/en\/#website"},"primaryImageOfPage":{"@id":"https:\/\/shop.verlag.uni-potsdam.de\/en\/shop\/kommunalwissenschaften-an-der-universitaet-potsdam\/#primaryimage"},"image":{"@id":"https:\/\/shop.verlag.uni-potsdam.de\/shop\/kommunalwissenschaften-an-der-universitaet-potsdam\/#primaryimage"},"thumbnailUrl":"https:\/\/shop.verlag.uni-potsdam.de\/wp-content\/uploads\/asolmerce\/image-978-3-86956-581-1.png","datePublished":"2026-03-31T09:34:13+00:00","dateModified":"2026-03-31T11:35:13+00:00","breadcrumb":{"@id":"https:\/\/shop.verlag.uni-potsdam.de\/en\/shop\/kommunalwissenschaften-an-der-universitaet-potsdam\/#breadcrumb"},"inLanguage":"en-US","potentialAction":[{"@type":"ReadAction","target":[["https:\/\/shop.verlag.uni-potsdam.de\/en\/shop\/kommunalwissenschaften-an-der-universitaet-potsdam\/"]]}]},{"@type":"ImageObject","inLanguage":"en-US","@id":"https:\/\/shop.verlag.uni-potsdam.de\/en\/shop\/kommunalwissenschaften-an-der-universitaet-potsdam\/#primaryimage","url":"https:\/\/shop.verlag.uni-potsdam.de\/wp-content\/uploads\/asolmerce\/image-978-3-86956-581-1.png","contentUrl":"https:\/\/shop.verlag.uni-potsdam.de\/wp-content\/uploads\/asolmerce\/image-978-3-86956-581-1.png","width":1339,"height":1889},{"@type":"BreadcrumbList","@id":"https:\/\/shop.verlag.uni-potsdam.de\/en\/shop\/kommunalwissenschaften-an-der-universitaet-potsdam\/#breadcrumb","itemListElement":[{"@type":"ListItem","position":1,"name":"Startseite","item":"https:\/\/shop.verlag.uni-potsdam.de\/en\/"},{"@type":"ListItem","position":2,"name":"Shop","item":"https:\/\/shop.verlag.uni-potsdam.de\/en\/shop\/"},{"@type":"ListItem","position":3,"name":"Kommunalwissenschaften an der Universit\u00e4t Potsdam"}]},{"@type":"WebSite","@id":"https:\/\/shop.verlag.uni-potsdam.de\/en\/#website","url":"https:\/\/shop.verlag.uni-potsdam.de\/en\/","name":"Universit\u00e4tsverlag Potsdam","description":"","publisher":{"@id":"https:\/\/shop.verlag.uni-potsdam.de\/en\/#organization"},"potentialAction":[{"@type":"SearchAction","target":{"@type":"EntryPoint","urlTemplate":"https:\/\/shop.verlag.uni-potsdam.de\/en\/?s={search_term_string}"},"query-input":{"@type":"PropertyValueSpecification","valueRequired":true,"valueName":"search_term_string"}}],"inLanguage":"en-US"},{"@type":"Organization","@id":"https:\/\/shop.verlag.uni-potsdam.de\/en\/#organization","name":"Universit\u00e4tsverlag Potsdam","url":"https:\/\/shop.verlag.uni-potsdam.de\/en\/","logo":{"@type":"ImageObject","inLanguage":"en-US","@id":"https:\/\/shop.verlag.uni-potsdam.de\/en\/#\/schema\/logo\/image\/","url":"https:\/\/shop.verlag.uni-potsdam.de\/wp-content\/uploads\/2017\/04\/up_logo_university_2.png","contentUrl":"https:\/\/shop.verlag.uni-potsdam.de\/wp-content\/uploads\/2017\/04\/up_logo_university_2.png","width":160,"height":172,"caption":"Universit\u00e4tsverlag Potsdam"},"image":{"@id":"https:\/\/shop.verlag.uni-potsdam.de\/en\/#\/schema\/logo\/image\/"}}]}},"_links":{"self":[{"href":"https:\/\/shop.verlag.uni-potsdam.de\/en\/wp-json\/wp\/v2\/product\/90584","targetHints":{"allow":["GET"]}}],"collection":[{"href":"https:\/\/shop.verlag.uni-potsdam.de\/en\/wp-json\/wp\/v2\/product"}],"about":[{"href":"https:\/\/shop.verlag.uni-potsdam.de\/en\/wp-json\/wp\/v2\/types\/product"}],"wp:featuredmedia":[{"embeddable":true,"href":"https:\/\/shop.verlag.uni-potsdam.de\/en\/wp-json\/wp\/v2\/media\/90588"}],"wp:attachment":[{"href":"https:\/\/shop.verlag.uni-potsdam.de\/en\/wp-json\/wp\/v2\/media?parent=90584"}],"wp:term":[{"taxonomy":"product_brand","embeddable":true,"href":"https:\/\/shop.verlag.uni-potsdam.de\/en\/wp-json\/wp\/v2\/product_brand?post=90584"},{"taxonomy":"product_cat","embeddable":true,"href":"https:\/\/shop.verlag.uni-potsdam.de\/en\/wp-json\/wp\/v2\/product_cat?post=90584"},{"taxonomy":"product_tag","embeddable":true,"href":"https:\/\/shop.verlag.uni-potsdam.de\/en\/wp-json\/wp\/v2\/product_tag?post=90584"}],"curies":[{"name":"wp","href":"https:\/\/api.w.org\/{rel}","templated":true}]}}