{"id":90590,"date":"2026-03-23T08:55:48","date_gmt":"2026-03-23T08:55:48","guid":{"rendered":"https:\/\/shop.verlag.uni-potsdam.de\/shop\/empty-product-container-3\/"},"modified":"2026-03-23T11:56:48","modified_gmt":"2026-03-23T10:56:48","slug":"evaluation-der-foerderschulen-mit-dem-sonderpaedagogischen-foerderschwerpunkt-geistige-entwicklung-im-land-brandenburg-2022-2024-ebook","status":"publish","type":"product","link":"https:\/\/shop.verlag.uni-potsdam.de\/en\/shop\/evaluation-der-foerderschulen-mit-dem-sonderpaedagogischen-foerderschwerpunkt-geistige-entwicklung-im-land-brandenburg-2022-2024-ebook\/","title":{"rendered":"Evaluation der F\u00f6rderschulen mit dem sonderp\u00e4dagogischen F\u00f6rderschwerpunkt Geistige Entwicklung im Land Brandenburg (2022\u20132024)"},"content":{"rendered":"<p class=\"qtranxs-available-languages-message qtranxs-available-languages-message-en\">Sorry, this entry is only available in <a href=\"https:\/\/shop.verlag.uni-potsdam.de\/de\/wp-json\/wp\/v2\/product\/90590\" class=\"qtranxs-available-language-link qtranxs-available-language-link-de\" title=\"Deutsch\">Deutsch<\/a>.<\/p><p>Die vorliegende Evaluationsstudie wurde als Auftragsforschung f\u00fcr das Ministerium f\u00fcr Bildung, Jugend und Sport des Landes Brandenburg (MBJS) im Schuljahr 2022\/23 durchgef\u00fchrt. Ziel war es, die Situation von Sch\u00fcler:innen mit dem sonderp\u00e4dagogischen Schwerpunkt Geistige Entwicklung sowohl an F\u00f6rderschulen als auch an Schulen mit Gemeinsamem Unterricht im Bundesland Brandenburg zu analysieren. Hierf\u00fcr wurde ein Mixed-Methods-Design gew\u00e4hlt, welches eine quantitative onlinebasierte Fragebogenstudie von Schulleitungen und Lehrkr\u00e4ften mit leitfadengest\u00fctzten, teilstandardisierten Interviews kombinierte.<\/p>\n<p>Im Erhebungszeitraum von August 2022 bis M\u00e4rz 2023 wurden 30 F\u00f6rderschulen mit dem sonderp\u00e4dagogischen Schwerpunkt Geistige Entwicklung sowie sechs Schulen mit Gemeinsamen Unterricht in die Studie einbezogen. Auf Schulleitungsebene nahmen 49 Schulleitungen bzw. stellvertretende Schulleitungen an der Fragebogenerhebung teil. Von diesen Schulleitungen wurden 18 Personen f\u00fcr die Interview-Teilnahme rekrutiert. Ferner beantworteten 346 Lehrkr\u00e4fte aus beiden Schulformen die Lehrkr\u00e4ftefrageb\u00f6gen. Aus dem Personenkreis der Lehrkr\u00e4fte nahmen 13 Lehrkr\u00e4fte aus insgesamt 12 verschiedenen Schulen am Interview teil.<\/p>\n<p>Die Befunde strukturieren sich anhand dreier zentraler Themenfelder: Abschnitt A widmet sich der Beschreibung der Sch\u00fcler:innen im Schwerpunkt Geistige Entwicklung. Neben spezifischen Charakteristika der Lernenden werden auch deren heterogene Bedarfe herausgestellt. Abschnitt B richtet den Fokus auf die Organisation und Gestaltung von Unterricht und Ganztag, die Ausgestaltung von au\u00dferschulischen Angeboten und der Ferienbetreuung sowie auf Transitionsprozesse. Es werden Herausforderungen, Gelingensbedingungen und Optimierungsm\u00f6glichkeiten diskutiert. Abschnitt C fokussiert Aspekte der inner- und au\u00dferschulischen Kooperation sowie der Kooperation mit Eltern und Erziehungsberechtigten. Dar\u00fcber hinaus werden die Inanspruchnahme von Beratungs- und Unterst\u00fctzungsangeboten, das Belastungserleben von Lehrkr\u00e4ften sowie die Nutzung von Fortbildungsangeboten untersucht.<\/p>\n<p>Erg\u00e4nzend zum Evaluationsbericht stehen die folgenden Materialien &#8211; ebenfalls \u00fcber den Publikationsserver der Universit\u00e4t Potsdam (s. Link oben) &#8211; zum Download zur Verf\u00fcgung:&nbsp;<\/p>\n<ul>\n<li>Skalenhandbuch: Fragebogen f\u00fcr Lehrkr\u00e4fte<\/li>\n<li>Skalenhandbuch: Fragebogen f\u00fcr Schulleitungen<\/li>\n<\/ul>\n<p><\/p>","protected":false},"excerpt":{"rendered":"<p class=\"qtranxs-available-languages-message qtranxs-available-languages-message-en\">Sorry, this entry is only available in <a href=\"https:\/\/shop.verlag.uni-potsdam.de\/de\/wp-json\/wp\/v2\/product\/90590\" class=\"qtranxs-available-language-link qtranxs-available-language-link-de\" title=\"Deutsch\">Deutsch<\/a>.<\/p>\n<p>Die vorliegende Evaluationsstudie wurde als Auftragsforschung f\u00fcr das Ministerium f\u00fcr Bildung, Jugend und Sport des Landes Brandenburg (MBJS) im Schuljahr 2022\/23 durchgef\u00fchrt. Ziel war es, die Situation von Sch\u00fcler:innen mit dem sonderp\u00e4dagogischen Schwerpunkt Geistige Entwicklung sowohl an F\u00f6rderschulen als auch an Schulen mit Gemeinsamem Unterricht im Bundesland Brandenburg zu analysieren. Hierf\u00fcr wurde ein Mixed-Methods-Design gew\u00e4hlt, welches eine quantitative onlinebasierte Fragebogenstudie von Schulleitungen und Lehrkr\u00e4ften mit leitfadengest\u00fctzten, teilstandardisierten Interviews kombinierte.<\/p>\n<p>Im Erhebungszeitraum von August 2022 bis M\u00e4rz 2023 wurden 30 F\u00f6rderschulen mit dem sonderp\u00e4dagogischen Schwerpunkt Geistige Entwicklung sowie sechs Schulen mit Gemeinsamen Unterricht in die Studie einbezogen. Auf Schulleitungsebene nahmen 49 Schulleitungen bzw. stellvertretende Schulleitungen an der Fragebogenerhebung teil. Von diesen Schulleitungen wurden 18 Personen f\u00fcr die Interview-Teilnahme rekrutiert. Ferner beantworteten 346 Lehrkr\u00e4fte aus beiden Schulformen die Lehrkr\u00e4ftefrageb\u00f6gen. Aus dem Personenkreis der Lehrkr\u00e4fte nahmen 13 Lehrkr\u00e4fte aus insgesamt 12 verschiedenen Schulen am Interview teil.<\/p>\n<p>Die Befunde strukturieren sich anhand dreier zentraler Themenfelder: Abschnitt A widmet sich der Beschreibung der Sch\u00fcler:innen im Schwerpunkt Geistige Entwicklung. Neben spezifischen Charakteristika der Lernenden werden auch deren heterogene Bedarfe herausgestellt. Abschnitt B richtet den Fokus auf die Organisation und Gestaltung von Unterricht und Ganztag, die Ausgestaltung von au\u00dferschulischen Angeboten und der Ferienbetreuung sowie auf Transitionsprozesse. Es werden Herausforderungen, Gelingensbedingungen und Optimierungsm\u00f6glichkeiten diskutiert. Abschnitt C fokussiert Aspekte der inner- und au\u00dferschulischen Kooperation sowie der Kooperation mit Eltern und Erziehungsberechtigten. Dar\u00fcber hinaus werden die Inanspruchnahme von Beratungs- und Unterst\u00fctzungsangeboten, das Belastungserleben von Lehrkr\u00e4ften sowie die Nutzung von Fortbildungsangeboten untersucht.<\/p>\n<p>Erg\u00e4nzend zum Evaluationsbericht stehen die folgenden Materialien &#8211; ebenfalls \u00fcber den Publikationsserver der Universit\u00e4t Potsdam (s. Link oben) &#8211; zum Download zur Verf\u00fcgung:&nbsp;<\/p>\n<ul>\n<li>Skalenhandbuch: Fragebogen f\u00fcr Lehrkr\u00e4fte<\/li>\n<li>Skalenhandbuch: Fragebogen f\u00fcr Schulleitungen<\/li>\n<\/ul>\n","protected":false},"featured_media":96526,"template":"","meta":{"_acf_changed":false},"product_brand":[],"product_cat":[6220],"product_tag":[7412],"class_list":{"0":"post-90590","1":"product","2":"type-product","3":"status-publish","4":"has-post-thumbnail","6":"product_cat-paedagogik-web-kategorie","7":"product_tag-evaluation-foerderschule-foerderschwerpunkt-geistige-entwicklung-gemeinsamer-unterricht-mixed-methods-design","8":"autor-anna-seifart","9":"autor-antje-ehlert","10":"autor-ewa-sliwinski","11":"autor-katrin-boehme","12":"autor-nadine-poltz","13":"autor-oliver-wendt","15":"first","16":"instock","17":"downloadable","18":"virtual","19":"product-type-simple"},"acf":[],"yoast_head":"<!-- This site is optimized with the Yoast SEO plugin v27.1.1 - https:\/\/yoast.com\/product\/yoast-seo-wordpress\/ -->\n<title>Evaluation der F\u00f6rderschulen mit dem sonderp\u00e4dagogischen F\u00f6rderschwerpunkt Geistige Entwicklung im Land Brandenburg (2022\u20132024) - Universit\u00e4tsverlag Potsdam<\/title>\n<meta name=\"robots\" content=\"index, follow, max-snippet:-1, max-image-preview:large, max-video-preview:-1\" \/>\n<link rel=\"canonical\" href=\"https:\/\/shop.verlag.uni-potsdam.de\/en\/shop\/evaluation-der-foerderschulen-mit-dem-sonderpaedagogischen-foerderschwerpunkt-geistige-entwicklung-im-land-brandenburg-2022-2024-ebook\/\" \/>\n<meta property=\"og:locale\" content=\"en_US\" \/>\n<meta property=\"og:type\" content=\"article\" \/>\n<meta property=\"og:title\" content=\"Evaluation der F\u00f6rderschulen mit dem sonderp\u00e4dagogischen F\u00f6rderschwerpunkt Geistige Entwicklung im Land Brandenburg (2022\u20132024) - Universit\u00e4tsverlag Potsdam\" \/>\n<meta property=\"og:description\" content=\"Die vorliegende Evaluationsstudie wurde als Auftragsforschung f\u00fcr das Ministerium f\u00fcr Bildung, Jugend und Sport des Landes Brandenburg (MBJS) im Schuljahr 2022\/23 durchgef\u00fchrt. Ziel war es, die Situation von Sch\u00fcler:innen mit dem sonderp\u00e4dagogischen Schwerpunkt Geistige Entwicklung sowohl an F\u00f6rderschulen als auch an Schulen mit Gemeinsamem Unterricht im Bundesland Brandenburg zu analysieren. Hierf\u00fcr wurde ein Mixed-Methods-Design gew\u00e4hlt, welches eine quantitative onlinebasierte Fragebogenstudie von Schulleitungen und Lehrkr\u00e4ften mit leitfadengest\u00fctzten, teilstandardisierten Interviews kombinierte.Im Erhebungszeitraum von August 2022 bis M\u00e4rz 2023 wurden 30 F\u00f6rderschulen mit dem sonderp\u00e4dagogischen Schwerpunkt Geistige Entwicklung sowie sechs Schulen mit Gemeinsamen Unterricht in die Studie einbezogen. Auf Schulleitungsebene nahmen 49 Schulleitungen bzw. stellvertretende Schulleitungen an der Fragebogenerhebung teil. Von diesen Schulleitungen wurden 18 Personen f\u00fcr die Interview-Teilnahme rekrutiert. Ferner beantworteten 346 Lehrkr\u00e4fte aus beiden Schulformen die Lehrkr\u00e4ftefrageb\u00f6gen. Aus dem Personenkreis der Lehrkr\u00e4fte nahmen 13 Lehrkr\u00e4fte aus insgesamt 12 verschiedenen Schulen am Interview teil.Die Befunde strukturieren sich anhand dreier zentraler Themenfelder: Abschnitt A widmet sich der Beschreibung der Sch\u00fcler:innen im Schwerpunkt Geistige Entwicklung. Neben spezifischen Charakteristika der Lernenden werden auch deren heterogene Bedarfe herausgestellt. Abschnitt B richtet den Fokus auf die Organisation und Gestaltung von Unterricht und Ganztag, die Ausgestaltung von au\u00dferschulischen Angeboten und der Ferienbetreuung sowie auf Transitionsprozesse. Es werden Herausforderungen, Gelingensbedingungen und Optimierungsm\u00f6glichkeiten diskutiert. Abschnitt C fokussiert Aspekte der inner- und au\u00dferschulischen Kooperation sowie der Kooperation mit Eltern und Erziehungsberechtigten. Dar\u00fcber hinaus werden die Inanspruchnahme von Beratungs- und Unterst\u00fctzungsangeboten, das Belastungserleben von Lehrkr\u00e4ften sowie die Nutzung von Fortbildungsangeboten untersucht.Erg\u00e4nzend zum Evaluationsbericht stehen die folgenden Materialien - ebenfalls \u00fcber den Publikationsserver der Universit\u00e4t Potsdam (s. Link oben) - zum Download zur Verf\u00fcgung:&nbsp;Skalenhandbuch: Fragebogen f\u00fcr Lehrkr\u00e4fteSkalenhandbuch: Fragebogen f\u00fcr Schulleitungen\" \/>\n<meta property=\"og:url\" content=\"https:\/\/shop.verlag.uni-potsdam.de\/en\/shop\/evaluation-der-foerderschulen-mit-dem-sonderpaedagogischen-foerderschwerpunkt-geistige-entwicklung-im-land-brandenburg-2022-2024-ebook\/\" \/>\n<meta property=\"og:site_name\" content=\"Universit\u00e4tsverlag Potsdam\" \/>\n<meta property=\"article:modified_time\" content=\"2026-03-23T10:56:48+00:00\" \/>\n<meta property=\"og:image\" content=\"https:\/\/shop.verlag.uni-potsdam.de\/wp-content\/uploads\/asolmerce\/image-u1_bericht_eval_geistigeentwicklung.jpg\" \/>\n\t<meta property=\"og:image:width\" content=\"1654\" \/>\n\t<meta property=\"og:image:height\" content=\"2339\" \/>\n\t<meta property=\"og:image:type\" content=\"image\/jpeg\" \/>\n<meta name=\"twitter:card\" content=\"summary_large_image\" \/>\n<meta name=\"twitter:label1\" content=\"Est. reading time\" \/>\n\t<meta name=\"twitter:data1\" content=\"1 minute\" \/>\n<script type=\"application\/ld+json\" class=\"yoast-schema-graph\">{\"@context\":\"https:\/\/schema.org\",\"@graph\":[{\"@type\":\"WebPage\",\"@id\":\"https:\/\/shop.verlag.uni-potsdam.de\/en\/shop\/evaluation-der-foerderschulen-mit-dem-sonderpaedagogischen-foerderschwerpunkt-geistige-entwicklung-im-land-brandenburg-2022-2024-ebook\/\",\"url\":\"https:\/\/shop.verlag.uni-potsdam.de\/en\/shop\/evaluation-der-foerderschulen-mit-dem-sonderpaedagogischen-foerderschwerpunkt-geistige-entwicklung-im-land-brandenburg-2022-2024-ebook\/\",\"name\":\"Evaluation der F\u00f6rderschulen mit dem sonderp\u00e4dagogischen F\u00f6rderschwerpunkt Geistige Entwicklung im Land Brandenburg (2022\u20132024) - Universit\u00e4tsverlag Potsdam\",\"isPartOf\":{\"@id\":\"https:\/\/shop.verlag.uni-potsdam.de\/en\/#website\"},\"primaryImageOfPage\":{\"@id\":\"https:\/\/shop.verlag.uni-potsdam.de\/en\/shop\/evaluation-der-foerderschulen-mit-dem-sonderpaedagogischen-foerderschwerpunkt-geistige-entwicklung-im-land-brandenburg-2022-2024-ebook\/#primaryimage\"},\"image\":{\"@id\":\"https:\/\/shop.verlag.uni-potsdam.de\/shop\/evaluation-der-foerderschulen-mit-dem-sonderpaedagogischen-foerderschwerpunkt-geistige-entwicklung-im-land-brandenburg-2022-2024-ebook\/#primaryimage\"},\"thumbnailUrl\":\"https:\/\/shop.verlag.uni-potsdam.de\/wp-content\/uploads\/asolmerce\/image-u1_bericht_eval_geistigeentwicklung.jpg\",\"datePublished\":\"2026-03-23T08:55:48+00:00\",\"dateModified\":\"2026-03-23T10:56:48+00:00\",\"breadcrumb\":{\"@id\":\"https:\/\/shop.verlag.uni-potsdam.de\/en\/shop\/evaluation-der-foerderschulen-mit-dem-sonderpaedagogischen-foerderschwerpunkt-geistige-entwicklung-im-land-brandenburg-2022-2024-ebook\/#breadcrumb\"},\"inLanguage\":\"en-US\",\"potentialAction\":[{\"@type\":\"ReadAction\",\"target\":[[\"https:\/\/shop.verlag.uni-potsdam.de\/en\/shop\/evaluation-der-foerderschulen-mit-dem-sonderpaedagogischen-foerderschwerpunkt-geistige-entwicklung-im-land-brandenburg-2022-2024-ebook\/\"]]}]},{\"@type\":\"ImageObject\",\"inLanguage\":\"en-US\",\"@id\":\"https:\/\/shop.verlag.uni-potsdam.de\/en\/shop\/evaluation-der-foerderschulen-mit-dem-sonderpaedagogischen-foerderschwerpunkt-geistige-entwicklung-im-land-brandenburg-2022-2024-ebook\/#primaryimage\",\"url\":\"https:\/\/shop.verlag.uni-potsdam.de\/wp-content\/uploads\/asolmerce\/image-u1_bericht_eval_geistigeentwicklung.jpg\",\"contentUrl\":\"https:\/\/shop.verlag.uni-potsdam.de\/wp-content\/uploads\/asolmerce\/image-u1_bericht_eval_geistigeentwicklung.jpg\",\"width\":1654,\"height\":2339},{\"@type\":\"BreadcrumbList\",\"@id\":\"https:\/\/shop.verlag.uni-potsdam.de\/en\/shop\/evaluation-der-foerderschulen-mit-dem-sonderpaedagogischen-foerderschwerpunkt-geistige-entwicklung-im-land-brandenburg-2022-2024-ebook\/#breadcrumb\",\"itemListElement\":[{\"@type\":\"ListItem\",\"position\":1,\"name\":\"Startseite\",\"item\":\"https:\/\/shop.verlag.uni-potsdam.de\/en\/\"},{\"@type\":\"ListItem\",\"position\":2,\"name\":\"Shop\",\"item\":\"https:\/\/shop.verlag.uni-potsdam.de\/en\/shop\/\"},{\"@type\":\"ListItem\",\"position\":3,\"name\":\"Evaluation der F\u00f6rderschulen mit dem sonderp\u00e4dagogischen F\u00f6rderschwerpunkt Geistige Entwicklung im Land Brandenburg (2022\u20132024)\"}]},{\"@type\":\"WebSite\",\"@id\":\"https:\/\/shop.verlag.uni-potsdam.de\/en\/#website\",\"url\":\"https:\/\/shop.verlag.uni-potsdam.de\/en\/\",\"name\":\"Universit\u00e4tsverlag Potsdam\",\"description\":\"\",\"publisher\":{\"@id\":\"https:\/\/shop.verlag.uni-potsdam.de\/en\/#organization\"},\"potentialAction\":[{\"@type\":\"SearchAction\",\"target\":{\"@type\":\"EntryPoint\",\"urlTemplate\":\"https:\/\/shop.verlag.uni-potsdam.de\/en\/?s={search_term_string}\"},\"query-input\":{\"@type\":\"PropertyValueSpecification\",\"valueRequired\":true,\"valueName\":\"search_term_string\"}}],\"inLanguage\":\"en-US\"},{\"@type\":\"Organization\",\"@id\":\"https:\/\/shop.verlag.uni-potsdam.de\/en\/#organization\",\"name\":\"Universit\u00e4tsverlag Potsdam\",\"url\":\"https:\/\/shop.verlag.uni-potsdam.de\/en\/\",\"logo\":{\"@type\":\"ImageObject\",\"inLanguage\":\"en-US\",\"@id\":\"https:\/\/shop.verlag.uni-potsdam.de\/en\/#\/schema\/logo\/image\/\",\"url\":\"https:\/\/shop.verlag.uni-potsdam.de\/wp-content\/uploads\/2017\/04\/up_logo_university_2.png\",\"contentUrl\":\"https:\/\/shop.verlag.uni-potsdam.de\/wp-content\/uploads\/2017\/04\/up_logo_university_2.png\",\"width\":160,\"height\":172,\"caption\":\"Universit\u00e4tsverlag Potsdam\"},\"image\":{\"@id\":\"https:\/\/shop.verlag.uni-potsdam.de\/en\/#\/schema\/logo\/image\/\"}}]}<\/script>\n<!-- \/ Yoast SEO plugin. -->","yoast_head_json":{"title":"Evaluation der F\u00f6rderschulen mit dem sonderp\u00e4dagogischen F\u00f6rderschwerpunkt Geistige Entwicklung im Land Brandenburg (2022\u20132024) - Universit\u00e4tsverlag Potsdam","robots":{"index":"index","follow":"follow","max-snippet":"max-snippet:-1","max-image-preview":"max-image-preview:large","max-video-preview":"max-video-preview:-1"},"canonical":"https:\/\/shop.verlag.uni-potsdam.de\/en\/shop\/evaluation-der-foerderschulen-mit-dem-sonderpaedagogischen-foerderschwerpunkt-geistige-entwicklung-im-land-brandenburg-2022-2024-ebook\/","og_locale":"en_US","og_type":"article","og_title":"Evaluation der F\u00f6rderschulen mit dem sonderp\u00e4dagogischen F\u00f6rderschwerpunkt Geistige Entwicklung im Land Brandenburg (2022\u20132024) - Universit\u00e4tsverlag Potsdam","og_description":"Die vorliegende Evaluationsstudie wurde als Auftragsforschung f\u00fcr das Ministerium f\u00fcr Bildung, Jugend und Sport des Landes Brandenburg (MBJS) im Schuljahr 2022\/23 durchgef\u00fchrt. Ziel war es, die Situation von Sch\u00fcler:innen mit dem sonderp\u00e4dagogischen Schwerpunkt Geistige Entwicklung sowohl an F\u00f6rderschulen als auch an Schulen mit Gemeinsamem Unterricht im Bundesland Brandenburg zu analysieren. Hierf\u00fcr wurde ein Mixed-Methods-Design gew\u00e4hlt, welches eine quantitative onlinebasierte Fragebogenstudie von Schulleitungen und Lehrkr\u00e4ften mit leitfadengest\u00fctzten, teilstandardisierten Interviews kombinierte.Im Erhebungszeitraum von August 2022 bis M\u00e4rz 2023 wurden 30 F\u00f6rderschulen mit dem sonderp\u00e4dagogischen Schwerpunkt Geistige Entwicklung sowie sechs Schulen mit Gemeinsamen Unterricht in die Studie einbezogen. Auf Schulleitungsebene nahmen 49 Schulleitungen bzw. stellvertretende Schulleitungen an der Fragebogenerhebung teil. Von diesen Schulleitungen wurden 18 Personen f\u00fcr die Interview-Teilnahme rekrutiert. Ferner beantworteten 346 Lehrkr\u00e4fte aus beiden Schulformen die Lehrkr\u00e4ftefrageb\u00f6gen. Aus dem Personenkreis der Lehrkr\u00e4fte nahmen 13 Lehrkr\u00e4fte aus insgesamt 12 verschiedenen Schulen am Interview teil.Die Befunde strukturieren sich anhand dreier zentraler Themenfelder: Abschnitt A widmet sich der Beschreibung der Sch\u00fcler:innen im Schwerpunkt Geistige Entwicklung. Neben spezifischen Charakteristika der Lernenden werden auch deren heterogene Bedarfe herausgestellt. Abschnitt B richtet den Fokus auf die Organisation und Gestaltung von Unterricht und Ganztag, die Ausgestaltung von au\u00dferschulischen Angeboten und der Ferienbetreuung sowie auf Transitionsprozesse. Es werden Herausforderungen, Gelingensbedingungen und Optimierungsm\u00f6glichkeiten diskutiert. Abschnitt C fokussiert Aspekte der inner- und au\u00dferschulischen Kooperation sowie der Kooperation mit Eltern und Erziehungsberechtigten. Dar\u00fcber hinaus werden die Inanspruchnahme von Beratungs- und Unterst\u00fctzungsangeboten, das Belastungserleben von Lehrkr\u00e4ften sowie die Nutzung von Fortbildungsangeboten untersucht.Erg\u00e4nzend zum Evaluationsbericht stehen die folgenden Materialien - ebenfalls \u00fcber den Publikationsserver der Universit\u00e4t Potsdam (s. Link oben) - zum Download zur Verf\u00fcgung:&nbsp;Skalenhandbuch: Fragebogen f\u00fcr Lehrkr\u00e4fteSkalenhandbuch: Fragebogen f\u00fcr Schulleitungen","og_url":"https:\/\/shop.verlag.uni-potsdam.de\/en\/shop\/evaluation-der-foerderschulen-mit-dem-sonderpaedagogischen-foerderschwerpunkt-geistige-entwicklung-im-land-brandenburg-2022-2024-ebook\/","og_site_name":"Universit\u00e4tsverlag Potsdam","article_modified_time":"2026-03-23T10:56:48+00:00","og_image":[{"width":1654,"height":2339,"url":"https:\/\/shop.verlag.uni-potsdam.de\/wp-content\/uploads\/asolmerce\/image-u1_bericht_eval_geistigeentwicklung.jpg","type":"image\/jpeg"}],"twitter_card":"summary_large_image","twitter_misc":{"Est. reading time":"1 minute"},"schema":{"@context":"https:\/\/schema.org","@graph":[{"@type":"WebPage","@id":"https:\/\/shop.verlag.uni-potsdam.de\/en\/shop\/evaluation-der-foerderschulen-mit-dem-sonderpaedagogischen-foerderschwerpunkt-geistige-entwicklung-im-land-brandenburg-2022-2024-ebook\/","url":"https:\/\/shop.verlag.uni-potsdam.de\/en\/shop\/evaluation-der-foerderschulen-mit-dem-sonderpaedagogischen-foerderschwerpunkt-geistige-entwicklung-im-land-brandenburg-2022-2024-ebook\/","name":"Evaluation der F\u00f6rderschulen mit dem sonderp\u00e4dagogischen F\u00f6rderschwerpunkt Geistige Entwicklung im Land Brandenburg (2022\u20132024) - Universit\u00e4tsverlag Potsdam","isPartOf":{"@id":"https:\/\/shop.verlag.uni-potsdam.de\/en\/#website"},"primaryImageOfPage":{"@id":"https:\/\/shop.verlag.uni-potsdam.de\/en\/shop\/evaluation-der-foerderschulen-mit-dem-sonderpaedagogischen-foerderschwerpunkt-geistige-entwicklung-im-land-brandenburg-2022-2024-ebook\/#primaryimage"},"image":{"@id":"https:\/\/shop.verlag.uni-potsdam.de\/shop\/evaluation-der-foerderschulen-mit-dem-sonderpaedagogischen-foerderschwerpunkt-geistige-entwicklung-im-land-brandenburg-2022-2024-ebook\/#primaryimage"},"thumbnailUrl":"https:\/\/shop.verlag.uni-potsdam.de\/wp-content\/uploads\/asolmerce\/image-u1_bericht_eval_geistigeentwicklung.jpg","datePublished":"2026-03-23T08:55:48+00:00","dateModified":"2026-03-23T10:56:48+00:00","breadcrumb":{"@id":"https:\/\/shop.verlag.uni-potsdam.de\/en\/shop\/evaluation-der-foerderschulen-mit-dem-sonderpaedagogischen-foerderschwerpunkt-geistige-entwicklung-im-land-brandenburg-2022-2024-ebook\/#breadcrumb"},"inLanguage":"en-US","potentialAction":[{"@type":"ReadAction","target":[["https:\/\/shop.verlag.uni-potsdam.de\/en\/shop\/evaluation-der-foerderschulen-mit-dem-sonderpaedagogischen-foerderschwerpunkt-geistige-entwicklung-im-land-brandenburg-2022-2024-ebook\/"]]}]},{"@type":"ImageObject","inLanguage":"en-US","@id":"https:\/\/shop.verlag.uni-potsdam.de\/en\/shop\/evaluation-der-foerderschulen-mit-dem-sonderpaedagogischen-foerderschwerpunkt-geistige-entwicklung-im-land-brandenburg-2022-2024-ebook\/#primaryimage","url":"https:\/\/shop.verlag.uni-potsdam.de\/wp-content\/uploads\/asolmerce\/image-u1_bericht_eval_geistigeentwicklung.jpg","contentUrl":"https:\/\/shop.verlag.uni-potsdam.de\/wp-content\/uploads\/asolmerce\/image-u1_bericht_eval_geistigeentwicklung.jpg","width":1654,"height":2339},{"@type":"BreadcrumbList","@id":"https:\/\/shop.verlag.uni-potsdam.de\/en\/shop\/evaluation-der-foerderschulen-mit-dem-sonderpaedagogischen-foerderschwerpunkt-geistige-entwicklung-im-land-brandenburg-2022-2024-ebook\/#breadcrumb","itemListElement":[{"@type":"ListItem","position":1,"name":"Startseite","item":"https:\/\/shop.verlag.uni-potsdam.de\/en\/"},{"@type":"ListItem","position":2,"name":"Shop","item":"https:\/\/shop.verlag.uni-potsdam.de\/en\/shop\/"},{"@type":"ListItem","position":3,"name":"Evaluation der F\u00f6rderschulen mit dem sonderp\u00e4dagogischen F\u00f6rderschwerpunkt Geistige Entwicklung im Land Brandenburg (2022\u20132024)"}]},{"@type":"WebSite","@id":"https:\/\/shop.verlag.uni-potsdam.de\/en\/#website","url":"https:\/\/shop.verlag.uni-potsdam.de\/en\/","name":"Universit\u00e4tsverlag Potsdam","description":"","publisher":{"@id":"https:\/\/shop.verlag.uni-potsdam.de\/en\/#organization"},"potentialAction":[{"@type":"SearchAction","target":{"@type":"EntryPoint","urlTemplate":"https:\/\/shop.verlag.uni-potsdam.de\/en\/?s={search_term_string}"},"query-input":{"@type":"PropertyValueSpecification","valueRequired":true,"valueName":"search_term_string"}}],"inLanguage":"en-US"},{"@type":"Organization","@id":"https:\/\/shop.verlag.uni-potsdam.de\/en\/#organization","name":"Universit\u00e4tsverlag Potsdam","url":"https:\/\/shop.verlag.uni-potsdam.de\/en\/","logo":{"@type":"ImageObject","inLanguage":"en-US","@id":"https:\/\/shop.verlag.uni-potsdam.de\/en\/#\/schema\/logo\/image\/","url":"https:\/\/shop.verlag.uni-potsdam.de\/wp-content\/uploads\/2017\/04\/up_logo_university_2.png","contentUrl":"https:\/\/shop.verlag.uni-potsdam.de\/wp-content\/uploads\/2017\/04\/up_logo_university_2.png","width":160,"height":172,"caption":"Universit\u00e4tsverlag Potsdam"},"image":{"@id":"https:\/\/shop.verlag.uni-potsdam.de\/en\/#\/schema\/logo\/image\/"}}]}},"_links":{"self":[{"href":"https:\/\/shop.verlag.uni-potsdam.de\/en\/wp-json\/wp\/v2\/product\/90590","targetHints":{"allow":["GET"]}}],"collection":[{"href":"https:\/\/shop.verlag.uni-potsdam.de\/en\/wp-json\/wp\/v2\/product"}],"about":[{"href":"https:\/\/shop.verlag.uni-potsdam.de\/en\/wp-json\/wp\/v2\/types\/product"}],"wp:featuredmedia":[{"embeddable":true,"href":"https:\/\/shop.verlag.uni-potsdam.de\/en\/wp-json\/wp\/v2\/media\/96526"}],"wp:attachment":[{"href":"https:\/\/shop.verlag.uni-potsdam.de\/en\/wp-json\/wp\/v2\/media?parent=90590"}],"wp:term":[{"taxonomy":"product_brand","embeddable":true,"href":"https:\/\/shop.verlag.uni-potsdam.de\/en\/wp-json\/wp\/v2\/product_brand?post=90590"},{"taxonomy":"product_cat","embeddable":true,"href":"https:\/\/shop.verlag.uni-potsdam.de\/en\/wp-json\/wp\/v2\/product_cat?post=90590"},{"taxonomy":"product_tag","embeddable":true,"href":"https:\/\/shop.verlag.uni-potsdam.de\/en\/wp-json\/wp\/v2\/product_tag?post=90590"}],"curies":[{"name":"wp","href":"https:\/\/api.w.org\/{rel}","templated":true}]}}