{"id":90619,"date":"2026-03-30T12:49:40","date_gmt":"2026-03-30T12:49:40","guid":{"rendered":"https:\/\/shop.verlag.uni-potsdam.de\/shop\/empty-product-container-5\/"},"modified":"2026-03-30T16:50:41","modified_gmt":"2026-03-30T14:50:41","slug":"openhpi-ebook","status":"publish","type":"product","link":"https:\/\/shop.verlag.uni-potsdam.de\/en\/shop\/openhpi-ebook\/","title":{"rendered":"openHPI"},"content":{"rendered":"<p class=\"qtranxs-available-languages-message qtranxs-available-languages-message-en\">Sorry, this entry is only available in <a href=\"https:\/\/shop.verlag.uni-potsdam.de\/de\/wp-json\/wp\/v2\/product\/90619\" class=\"qtranxs-available-language-link qtranxs-available-language-link-de\" title=\"Deutsch\">Deutsch<\/a>.<\/p><p>Anl\u00e4sslich des 10-j\u00e4hrigen Jubil\u00e4ums von openHPI informiert dieser technische Bericht \u00fcber die HPI-MOOC-Plattform einschlie\u00dflich ihrer Kernfunktionen, Technologie und Architektur.<br \/>In einer Einleitung wird die Plattformfamilie mit allen Partnerplattformen vorgestellt; diese belaufen sich inklusive openHPI aktuell auf neun Plattformen. In diesem Abschnitt wird au\u00dferdem gezeigt, wie openHPI als Berater und Forschungspartner in verschiedenen Projekten fungiert. <\/p>\n<p>Im zweiten Kapitel werden die Funktionalit\u00e4ten und g\u00e4ngigen Kursformate der Plattform pr\u00e4sentiert. Die Funktionalit\u00e4ten sind in Lerner- und Admin-Funktionen unterteilt. Der Bereich Lernerfunktionen bietet detaillierte Informationen zu Leistungsnachweisen, Kursen und den Lernmaterialien, aus denen sich ein Kurs zusammensetzt: Videos, Texte und Quiz. Dar\u00fcber hinaus k\u00f6nnen die Lernmaterialien durch externe \u00dcbungstools angereichert werden, die \u00fcber den Standard Learning Tools Interoperability (LTI) mit der HPI MOOC-Plattform kommunizieren. Das Konzept der Peer-Assessments rundet die m\u00f6glichen Lernmaterialien ab.<br \/>Der Abschnitt geht dann weiter auf das Diskussionsforum ein, das einen grundlegenden Unterschied von MOOCs im Vergleich zu traditionellen E-Learning-Angeboten darstellt. Zum Abschluss des Abschnitts folgen eine Beschreibung von Quiz-Recap, Lernzielen, mobilen Anwendungen, spielerischen Lernens und dem Helpdesk.<\/p>\n<p>Der n\u00e4chste Teil dieses Kapitels besch\u00e4ftigt sich mit den Admin-Funktionen. Die Funktionalit\u00e4tsbeschreibung beschr\u00e4nkt sich Neuigkeiten und Ank\u00fcndigungen, Dashboards und Statistiken, Berichtsfunktionen, Forschungsoptionen mit A\/B-Tests, den Kurs-Feed und das TransPipe-Tool zur Unterst\u00fctzung beim Erstellen von automatischen oder manuellen Untertiteln. Die Plattform unterst\u00fctzt au\u00dferdem eine Vielzahl zus\u00e4tzlicher Funktionen, doch eine detaillierte Beschreibung dieser Funktionen w\u00fcrde den Rahmen des Berichts sprengen.<br \/>Das Kapitel geht dann auf g\u00e4ngige Kursformate und openHPI-Lehrveranstaltungen am HPI ein, bevor es mit einigen Best Practices f\u00fcr die Gestaltung und Durchf\u00fchrung von Kursen schlie\u00dft.<br \/>Zum Abschluss des technischen Berichts gibt das letzte Kapitel eine Zusammenfassung und einen Ausblick auf die Zukunft der digitalen Bildung. <\/p>\n<p>Ein besonderes Merkmal des openHPI-Projekts ist die bewusste Entscheidung, die komplette Anwendung von den physischen Netzwerkkomponenten bis zur Plattformentwicklung eigenst\u00e4ndig zu betreiben. Bei der vorliegenden deutschen Variante handelt es sich um eine gek\u00fcrzte \u00dcbersetzung des technischen Berichts 148, bei der kein Einblick in die Technologien und Architektur von openHPI gegeben wird. Interessierte Leser:innen k\u00f6nnen im technischen Bericht 148 (vollst\u00e4ndige englische Version) detaillierte Informationen zum Rechenzentrum und den Ger\u00e4ten, der Cloud-Software und dem openHPI Cloud Service aber auch zu Infrastruktur-Anwendungskomponenten wie Entwicklungstools, Automatisierung, Deployment-Pipeline und Monitoring erhalten. Au\u00dferdem finden sich dort weitere Informationen \u00fcber den Technologiestack und konkrete Implementierungsdetails der Plattform inklusive der serviceorientierten Ruby on Rails-Anwendung, die Kommunikation zwischen den Diensten, \u00f6ffentliche APIs, sowie Designsystem und -komponenten. Der Abschnitt schlie\u00dft mit einer Diskussion \u00fcber die urspr\u00fcngliche Microservice-Architektur und die Migration zu einer monolithischen Anwendung.<\/p>","protected":false},"excerpt":{"rendered":"<p class=\"qtranxs-available-languages-message qtranxs-available-languages-message-en\">Sorry, this entry is only available in <a href=\"https:\/\/shop.verlag.uni-potsdam.de\/de\/wp-json\/wp\/v2\/product\/90619\" class=\"qtranxs-available-language-link qtranxs-available-language-link-de\" title=\"Deutsch\">Deutsch<\/a>.<\/p>\n<p>Anl\u00e4sslich des 10-j\u00e4hrigen Jubil\u00e4ums von openHPI informiert dieser technische Bericht \u00fcber die HPI-MOOC-Plattform einschlie\u00dflich ihrer Kernfunktionen, Technologie und Architektur.<br \/>In einer Einleitung wird die Plattformfamilie mit allen Partnerplattformen vorgestellt; diese belaufen sich inklusive openHPI aktuell auf neun Plattformen. In diesem Abschnitt wird au\u00dferdem gezeigt, wie openHPI als Berater und Forschungspartner in verschiedenen Projekten fungiert. <\/p>\n<p>Im zweiten Kapitel werden die Funktionalit\u00e4ten und g\u00e4ngigen Kursformate der Plattform pr\u00e4sentiert. Die Funktionalit\u00e4ten sind in Lerner- und Admin-Funktionen unterteilt. Der Bereich Lernerfunktionen bietet detaillierte Informationen zu Leistungsnachweisen, Kursen und den Lernmaterialien, aus denen sich ein Kurs zusammensetzt: Videos, Texte und Quiz. Dar\u00fcber hinaus k\u00f6nnen die Lernmaterialien durch externe \u00dcbungstools angereichert werden, die \u00fcber den Standard Learning Tools Interoperability (LTI) mit der HPI MOOC-Plattform kommunizieren. Das Konzept der Peer-Assessments rundet die m\u00f6glichen Lernmaterialien ab.<br \/>Der Abschnitt geht dann weiter auf das Diskussionsforum ein, das einen grundlegenden Unterschied von MOOCs im Vergleich zu traditionellen E-Learning-Angeboten darstellt. Zum Abschluss des Abschnitts folgen eine Beschreibung von Quiz-Recap, Lernzielen, mobilen Anwendungen, spielerischen Lernens und dem Helpdesk.<\/p>\n<p>Der n\u00e4chste Teil dieses Kapitels besch\u00e4ftigt sich mit den Admin-Funktionen. Die Funktionalit\u00e4tsbeschreibung beschr\u00e4nkt sich Neuigkeiten und Ank\u00fcndigungen, Dashboards und Statistiken, Berichtsfunktionen, Forschungsoptionen mit A\/B-Tests, den Kurs-Feed und das TransPipe-Tool zur Unterst\u00fctzung beim Erstellen von automatischen oder manuellen Untertiteln. Die Plattform unterst\u00fctzt au\u00dferdem eine Vielzahl zus\u00e4tzlicher Funktionen, doch eine detaillierte Beschreibung dieser Funktionen w\u00fcrde den Rahmen des Berichts sprengen.<br \/>Das Kapitel geht dann auf g\u00e4ngige Kursformate und openHPI-Lehrveranstaltungen am HPI ein, bevor es mit einigen Best Practices f\u00fcr die Gestaltung und Durchf\u00fchrung von Kursen schlie\u00dft.<br \/>Zum Abschluss des technischen Berichts gibt das letzte Kapitel eine Zusammenfassung und einen Ausblick auf die Zukunft der digitalen Bildung. <\/p>\n<p>Ein besonderes Merkmal des openHPI-Projekts ist die bewusste Entscheidung, die komplette Anwendung von den physischen Netzwerkkomponenten bis zur Plattformentwicklung eigenst\u00e4ndig zu betreiben. Bei der vorliegenden deutschen Variante handelt es sich um eine gek\u00fcrzte \u00dcbersetzung des technischen Berichts 148, bei der kein Einblick in die Technologien und Architektur von openHPI gegeben wird. Interessierte Leser:innen k\u00f6nnen im technischen Bericht 148 (vollst\u00e4ndige englische Version) detaillierte Informationen zum Rechenzentrum und den Ger\u00e4ten, der Cloud-Software und dem openHPI Cloud Service aber auch zu Infrastruktur-Anwendungskomponenten wie Entwicklungstools, Automatisierung, Deployment-Pipeline und Monitoring erhalten. Au\u00dferdem finden sich dort weitere Informationen \u00fcber den Technologiestack und konkrete Implementierungsdetails der Plattform inklusive der serviceorientierten Ruby on Rails-Anwendung, die Kommunikation zwischen den Diensten, \u00f6ffentliche APIs, sowie Designsystem und -komponenten. Der Abschnitt schlie\u00dft mit einer Diskussion \u00fcber die urspr\u00fcngliche Microservice-Architektur und die Migration zu einer monolithischen Anwendung.<\/p>\n","protected":false},"featured_media":90627,"template":"","meta":{"_acf_changed":false},"product_brand":[],"product_cat":[6211],"product_tag":[6446],"class_list":{"0":"post-90619","1":"product","2":"type-product","3":"status-publish","4":"has-post-thumbnail","6":"product_cat-informatik-edv-web-kategorie","7":"product_tag-mooc-digitale-aufklaerung-digitale-lernplattform-lebenslanges-lernen-openhpi","8":"autor-christian-willems","9":"autor-christiane-hagedorn","10":"autor-christoph-meinel","11":"autor-dominic-sauer","12":"autor-thomas-staubitz","13":"edition-online-only","15":"first","16":"instock","17":"downloadable","18":"virtual","19":"product-type-simple"},"acf":[],"yoast_head":"<!-- This site is optimized with the Yoast SEO plugin v27.1.1 - https:\/\/yoast.com\/product\/yoast-seo-wordpress\/ -->\n<title>openHPI - Universit\u00e4tsverlag Potsdam<\/title>\n<meta name=\"robots\" content=\"index, follow, max-snippet:-1, max-image-preview:large, max-video-preview:-1\" \/>\n<link rel=\"canonical\" href=\"https:\/\/shop.verlag.uni-potsdam.de\/en\/shop\/openhpi-ebook\/\" \/>\n<meta property=\"og:locale\" content=\"en_US\" \/>\n<meta property=\"og:type\" content=\"article\" \/>\n<meta property=\"og:title\" content=\"openHPI - Universit\u00e4tsverlag Potsdam\" \/>\n<meta property=\"og:description\" content=\"Anl\u00e4sslich des 10-j\u00e4hrigen Jubil\u00e4ums von openHPI informiert dieser technische Bericht \u00fcber die HPI-MOOC-Plattform einschlie\u00dflich ihrer Kernfunktionen, Technologie und Architektur.In einer Einleitung wird die Plattformfamilie mit allen Partnerplattformen vorgestellt; diese belaufen sich inklusive openHPI aktuell auf neun Plattformen. In diesem Abschnitt wird au\u00dferdem gezeigt, wie openHPI als Berater und Forschungspartner in verschiedenen Projekten fungiert. Im zweiten Kapitel werden die Funktionalit\u00e4ten und g\u00e4ngigen Kursformate der Plattform pr\u00e4sentiert. Die Funktionalit\u00e4ten sind in Lerner- und Admin-Funktionen unterteilt. Der Bereich Lernerfunktionen bietet detaillierte Informationen zu Leistungsnachweisen, Kursen und den Lernmaterialien, aus denen sich ein Kurs zusammensetzt: Videos, Texte und Quiz. Dar\u00fcber hinaus k\u00f6nnen die Lernmaterialien durch externe \u00dcbungstools angereichert werden, die \u00fcber den Standard Learning Tools Interoperability (LTI) mit der HPI MOOC-Plattform kommunizieren. Das Konzept der Peer-Assessments rundet die m\u00f6glichen Lernmaterialien ab.Der Abschnitt geht dann weiter auf das Diskussionsforum ein, das einen grundlegenden Unterschied von MOOCs im Vergleich zu traditionellen E-Learning-Angeboten darstellt. Zum Abschluss des Abschnitts folgen eine Beschreibung von Quiz-Recap, Lernzielen, mobilen Anwendungen, spielerischen Lernens und dem Helpdesk.Der n\u00e4chste Teil dieses Kapitels besch\u00e4ftigt sich mit den Admin-Funktionen. Die Funktionalit\u00e4tsbeschreibung beschr\u00e4nkt sich Neuigkeiten und Ank\u00fcndigungen, Dashboards und Statistiken, Berichtsfunktionen, Forschungsoptionen mit A\/B-Tests, den Kurs-Feed und das TransPipe-Tool zur Unterst\u00fctzung beim Erstellen von automatischen oder manuellen Untertiteln. Die Plattform unterst\u00fctzt au\u00dferdem eine Vielzahl zus\u00e4tzlicher Funktionen, doch eine detaillierte Beschreibung dieser Funktionen w\u00fcrde den Rahmen des Berichts sprengen.Das Kapitel geht dann auf g\u00e4ngige Kursformate und openHPI-Lehrveranstaltungen am HPI ein, bevor es mit einigen Best Practices f\u00fcr die Gestaltung und Durchf\u00fchrung von Kursen schlie\u00dft.Zum Abschluss des technischen Berichts gibt das letzte Kapitel eine Zusammenfassung und einen Ausblick auf die Zukunft der digitalen Bildung. Ein besonderes Merkmal des openHPI-Projekts ist die bewusste Entscheidung, die komplette Anwendung von den physischen Netzwerkkomponenten bis zur Plattformentwicklung eigenst\u00e4ndig zu betreiben. Bei der vorliegenden deutschen Variante handelt es sich um eine gek\u00fcrzte \u00dcbersetzung des technischen Berichts 148, bei der kein Einblick in die Technologien und Architektur von openHPI gegeben wird. Interessierte Leser:innen k\u00f6nnen im technischen Bericht 148 (vollst\u00e4ndige englische Version) detaillierte Informationen zum Rechenzentrum und den Ger\u00e4ten, der Cloud-Software und dem openHPI Cloud Service aber auch zu Infrastruktur-Anwendungskomponenten wie Entwicklungstools, Automatisierung, Deployment-Pipeline und Monitoring erhalten. Au\u00dferdem finden sich dort weitere Informationen \u00fcber den Technologiestack und konkrete Implementierungsdetails der Plattform inklusive der serviceorientierten Ruby on Rails-Anwendung, die Kommunikation zwischen den Diensten, \u00f6ffentliche APIs, sowie Designsystem und -komponenten. Der Abschnitt schlie\u00dft mit einer Diskussion \u00fcber die urspr\u00fcngliche Microservice-Architektur und die Migration zu einer monolithischen Anwendung.\" \/>\n<meta property=\"og:url\" content=\"https:\/\/shop.verlag.uni-potsdam.de\/en\/shop\/openhpi-ebook\/\" \/>\n<meta property=\"og:site_name\" content=\"Universit\u00e4tsverlag Potsdam\" \/>\n<meta property=\"article:modified_time\" content=\"2026-03-30T14:50:41+00:00\" \/>\n<meta property=\"og:image\" content=\"https:\/\/shop.verlag.uni-potsdam.de\/wp-content\/uploads\/asolmerce\/image-978-3-86956-546-0.jpg\" \/>\n\t<meta property=\"og:image:width\" content=\"1654\" \/>\n\t<meta property=\"og:image:height\" content=\"2339\" \/>\n\t<meta property=\"og:image:type\" content=\"image\/jpeg\" \/>\n<meta name=\"twitter:card\" content=\"summary_large_image\" \/>\n<meta name=\"twitter:label1\" content=\"Est. reading time\" \/>\n\t<meta name=\"twitter:data1\" content=\"2 minutes\" \/>\n<script type=\"application\/ld+json\" class=\"yoast-schema-graph\">{\"@context\":\"https:\/\/schema.org\",\"@graph\":[{\"@type\":\"WebPage\",\"@id\":\"https:\/\/shop.verlag.uni-potsdam.de\/en\/shop\/openhpi-ebook\/\",\"url\":\"https:\/\/shop.verlag.uni-potsdam.de\/en\/shop\/openhpi-ebook\/\",\"name\":\"openHPI - Universit\u00e4tsverlag Potsdam\",\"isPartOf\":{\"@id\":\"https:\/\/shop.verlag.uni-potsdam.de\/en\/#website\"},\"primaryImageOfPage\":{\"@id\":\"https:\/\/shop.verlag.uni-potsdam.de\/en\/shop\/openhpi-ebook\/#primaryimage\"},\"image\":{\"@id\":\"https:\/\/shop.verlag.uni-potsdam.de\/shop\/openhpi-ebook\/#primaryimage\"},\"thumbnailUrl\":\"https:\/\/shop.verlag.uni-potsdam.de\/wp-content\/uploads\/asolmerce\/image-978-3-86956-546-0.jpg\",\"datePublished\":\"2026-03-30T12:49:40+00:00\",\"dateModified\":\"2026-03-30T14:50:41+00:00\",\"breadcrumb\":{\"@id\":\"https:\/\/shop.verlag.uni-potsdam.de\/en\/shop\/openhpi-ebook\/#breadcrumb\"},\"inLanguage\":\"en-US\",\"potentialAction\":[{\"@type\":\"ReadAction\",\"target\":[[\"https:\/\/shop.verlag.uni-potsdam.de\/en\/shop\/openhpi-ebook\/\"]]}]},{\"@type\":\"ImageObject\",\"inLanguage\":\"en-US\",\"@id\":\"https:\/\/shop.verlag.uni-potsdam.de\/en\/shop\/openhpi-ebook\/#primaryimage\",\"url\":\"https:\/\/shop.verlag.uni-potsdam.de\/wp-content\/uploads\/asolmerce\/image-978-3-86956-546-0.jpg\",\"contentUrl\":\"https:\/\/shop.verlag.uni-potsdam.de\/wp-content\/uploads\/asolmerce\/image-978-3-86956-546-0.jpg\",\"width\":1654,\"height\":2339},{\"@type\":\"BreadcrumbList\",\"@id\":\"https:\/\/shop.verlag.uni-potsdam.de\/en\/shop\/openhpi-ebook\/#breadcrumb\",\"itemListElement\":[{\"@type\":\"ListItem\",\"position\":1,\"name\":\"Startseite\",\"item\":\"https:\/\/shop.verlag.uni-potsdam.de\/en\/\"},{\"@type\":\"ListItem\",\"position\":2,\"name\":\"Shop\",\"item\":\"https:\/\/shop.verlag.uni-potsdam.de\/en\/shop\/\"},{\"@type\":\"ListItem\",\"position\":3,\"name\":\"openHPI\"}]},{\"@type\":\"WebSite\",\"@id\":\"https:\/\/shop.verlag.uni-potsdam.de\/en\/#website\",\"url\":\"https:\/\/shop.verlag.uni-potsdam.de\/en\/\",\"name\":\"Universit\u00e4tsverlag Potsdam\",\"description\":\"\",\"publisher\":{\"@id\":\"https:\/\/shop.verlag.uni-potsdam.de\/en\/#organization\"},\"potentialAction\":[{\"@type\":\"SearchAction\",\"target\":{\"@type\":\"EntryPoint\",\"urlTemplate\":\"https:\/\/shop.verlag.uni-potsdam.de\/en\/?s={search_term_string}\"},\"query-input\":{\"@type\":\"PropertyValueSpecification\",\"valueRequired\":true,\"valueName\":\"search_term_string\"}}],\"inLanguage\":\"en-US\"},{\"@type\":\"Organization\",\"@id\":\"https:\/\/shop.verlag.uni-potsdam.de\/en\/#organization\",\"name\":\"Universit\u00e4tsverlag Potsdam\",\"url\":\"https:\/\/shop.verlag.uni-potsdam.de\/en\/\",\"logo\":{\"@type\":\"ImageObject\",\"inLanguage\":\"en-US\",\"@id\":\"https:\/\/shop.verlag.uni-potsdam.de\/en\/#\/schema\/logo\/image\/\",\"url\":\"https:\/\/shop.verlag.uni-potsdam.de\/wp-content\/uploads\/2017\/04\/up_logo_university_2.png\",\"contentUrl\":\"https:\/\/shop.verlag.uni-potsdam.de\/wp-content\/uploads\/2017\/04\/up_logo_university_2.png\",\"width\":160,\"height\":172,\"caption\":\"Universit\u00e4tsverlag Potsdam\"},\"image\":{\"@id\":\"https:\/\/shop.verlag.uni-potsdam.de\/en\/#\/schema\/logo\/image\/\"}}]}<\/script>\n<!-- \/ Yoast SEO plugin. -->","yoast_head_json":{"title":"openHPI - Universit\u00e4tsverlag Potsdam","robots":{"index":"index","follow":"follow","max-snippet":"max-snippet:-1","max-image-preview":"max-image-preview:large","max-video-preview":"max-video-preview:-1"},"canonical":"https:\/\/shop.verlag.uni-potsdam.de\/en\/shop\/openhpi-ebook\/","og_locale":"en_US","og_type":"article","og_title":"openHPI - Universit\u00e4tsverlag Potsdam","og_description":"Anl\u00e4sslich des 10-j\u00e4hrigen Jubil\u00e4ums von openHPI informiert dieser technische Bericht \u00fcber die HPI-MOOC-Plattform einschlie\u00dflich ihrer Kernfunktionen, Technologie und Architektur.In einer Einleitung wird die Plattformfamilie mit allen Partnerplattformen vorgestellt; diese belaufen sich inklusive openHPI aktuell auf neun Plattformen. In diesem Abschnitt wird au\u00dferdem gezeigt, wie openHPI als Berater und Forschungspartner in verschiedenen Projekten fungiert. Im zweiten Kapitel werden die Funktionalit\u00e4ten und g\u00e4ngigen Kursformate der Plattform pr\u00e4sentiert. Die Funktionalit\u00e4ten sind in Lerner- und Admin-Funktionen unterteilt. Der Bereich Lernerfunktionen bietet detaillierte Informationen zu Leistungsnachweisen, Kursen und den Lernmaterialien, aus denen sich ein Kurs zusammensetzt: Videos, Texte und Quiz. Dar\u00fcber hinaus k\u00f6nnen die Lernmaterialien durch externe \u00dcbungstools angereichert werden, die \u00fcber den Standard Learning Tools Interoperability (LTI) mit der HPI MOOC-Plattform kommunizieren. Das Konzept der Peer-Assessments rundet die m\u00f6glichen Lernmaterialien ab.Der Abschnitt geht dann weiter auf das Diskussionsforum ein, das einen grundlegenden Unterschied von MOOCs im Vergleich zu traditionellen E-Learning-Angeboten darstellt. Zum Abschluss des Abschnitts folgen eine Beschreibung von Quiz-Recap, Lernzielen, mobilen Anwendungen, spielerischen Lernens und dem Helpdesk.Der n\u00e4chste Teil dieses Kapitels besch\u00e4ftigt sich mit den Admin-Funktionen. Die Funktionalit\u00e4tsbeschreibung beschr\u00e4nkt sich Neuigkeiten und Ank\u00fcndigungen, Dashboards und Statistiken, Berichtsfunktionen, Forschungsoptionen mit A\/B-Tests, den Kurs-Feed und das TransPipe-Tool zur Unterst\u00fctzung beim Erstellen von automatischen oder manuellen Untertiteln. Die Plattform unterst\u00fctzt au\u00dferdem eine Vielzahl zus\u00e4tzlicher Funktionen, doch eine detaillierte Beschreibung dieser Funktionen w\u00fcrde den Rahmen des Berichts sprengen.Das Kapitel geht dann auf g\u00e4ngige Kursformate und openHPI-Lehrveranstaltungen am HPI ein, bevor es mit einigen Best Practices f\u00fcr die Gestaltung und Durchf\u00fchrung von Kursen schlie\u00dft.Zum Abschluss des technischen Berichts gibt das letzte Kapitel eine Zusammenfassung und einen Ausblick auf die Zukunft der digitalen Bildung. Ein besonderes Merkmal des openHPI-Projekts ist die bewusste Entscheidung, die komplette Anwendung von den physischen Netzwerkkomponenten bis zur Plattformentwicklung eigenst\u00e4ndig zu betreiben. Bei der vorliegenden deutschen Variante handelt es sich um eine gek\u00fcrzte \u00dcbersetzung des technischen Berichts 148, bei der kein Einblick in die Technologien und Architektur von openHPI gegeben wird. Interessierte Leser:innen k\u00f6nnen im technischen Bericht 148 (vollst\u00e4ndige englische Version) detaillierte Informationen zum Rechenzentrum und den Ger\u00e4ten, der Cloud-Software und dem openHPI Cloud Service aber auch zu Infrastruktur-Anwendungskomponenten wie Entwicklungstools, Automatisierung, Deployment-Pipeline und Monitoring erhalten. Au\u00dferdem finden sich dort weitere Informationen \u00fcber den Technologiestack und konkrete Implementierungsdetails der Plattform inklusive der serviceorientierten Ruby on Rails-Anwendung, die Kommunikation zwischen den Diensten, \u00f6ffentliche APIs, sowie Designsystem und -komponenten. Der Abschnitt schlie\u00dft mit einer Diskussion \u00fcber die urspr\u00fcngliche Microservice-Architektur und die Migration zu einer monolithischen Anwendung.","og_url":"https:\/\/shop.verlag.uni-potsdam.de\/en\/shop\/openhpi-ebook\/","og_site_name":"Universit\u00e4tsverlag Potsdam","article_modified_time":"2026-03-30T14:50:41+00:00","og_image":[{"width":1654,"height":2339,"url":"https:\/\/shop.verlag.uni-potsdam.de\/wp-content\/uploads\/asolmerce\/image-978-3-86956-546-0.jpg","type":"image\/jpeg"}],"twitter_card":"summary_large_image","twitter_misc":{"Est. reading time":"2 minutes"},"schema":{"@context":"https:\/\/schema.org","@graph":[{"@type":"WebPage","@id":"https:\/\/shop.verlag.uni-potsdam.de\/en\/shop\/openhpi-ebook\/","url":"https:\/\/shop.verlag.uni-potsdam.de\/en\/shop\/openhpi-ebook\/","name":"openHPI - Universit\u00e4tsverlag Potsdam","isPartOf":{"@id":"https:\/\/shop.verlag.uni-potsdam.de\/en\/#website"},"primaryImageOfPage":{"@id":"https:\/\/shop.verlag.uni-potsdam.de\/en\/shop\/openhpi-ebook\/#primaryimage"},"image":{"@id":"https:\/\/shop.verlag.uni-potsdam.de\/shop\/openhpi-ebook\/#primaryimage"},"thumbnailUrl":"https:\/\/shop.verlag.uni-potsdam.de\/wp-content\/uploads\/asolmerce\/image-978-3-86956-546-0.jpg","datePublished":"2026-03-30T12:49:40+00:00","dateModified":"2026-03-30T14:50:41+00:00","breadcrumb":{"@id":"https:\/\/shop.verlag.uni-potsdam.de\/en\/shop\/openhpi-ebook\/#breadcrumb"},"inLanguage":"en-US","potentialAction":[{"@type":"ReadAction","target":[["https:\/\/shop.verlag.uni-potsdam.de\/en\/shop\/openhpi-ebook\/"]]}]},{"@type":"ImageObject","inLanguage":"en-US","@id":"https:\/\/shop.verlag.uni-potsdam.de\/en\/shop\/openhpi-ebook\/#primaryimage","url":"https:\/\/shop.verlag.uni-potsdam.de\/wp-content\/uploads\/asolmerce\/image-978-3-86956-546-0.jpg","contentUrl":"https:\/\/shop.verlag.uni-potsdam.de\/wp-content\/uploads\/asolmerce\/image-978-3-86956-546-0.jpg","width":1654,"height":2339},{"@type":"BreadcrumbList","@id":"https:\/\/shop.verlag.uni-potsdam.de\/en\/shop\/openhpi-ebook\/#breadcrumb","itemListElement":[{"@type":"ListItem","position":1,"name":"Startseite","item":"https:\/\/shop.verlag.uni-potsdam.de\/en\/"},{"@type":"ListItem","position":2,"name":"Shop","item":"https:\/\/shop.verlag.uni-potsdam.de\/en\/shop\/"},{"@type":"ListItem","position":3,"name":"openHPI"}]},{"@type":"WebSite","@id":"https:\/\/shop.verlag.uni-potsdam.de\/en\/#website","url":"https:\/\/shop.verlag.uni-potsdam.de\/en\/","name":"Universit\u00e4tsverlag Potsdam","description":"","publisher":{"@id":"https:\/\/shop.verlag.uni-potsdam.de\/en\/#organization"},"potentialAction":[{"@type":"SearchAction","target":{"@type":"EntryPoint","urlTemplate":"https:\/\/shop.verlag.uni-potsdam.de\/en\/?s={search_term_string}"},"query-input":{"@type":"PropertyValueSpecification","valueRequired":true,"valueName":"search_term_string"}}],"inLanguage":"en-US"},{"@type":"Organization","@id":"https:\/\/shop.verlag.uni-potsdam.de\/en\/#organization","name":"Universit\u00e4tsverlag Potsdam","url":"https:\/\/shop.verlag.uni-potsdam.de\/en\/","logo":{"@type":"ImageObject","inLanguage":"en-US","@id":"https:\/\/shop.verlag.uni-potsdam.de\/en\/#\/schema\/logo\/image\/","url":"https:\/\/shop.verlag.uni-potsdam.de\/wp-content\/uploads\/2017\/04\/up_logo_university_2.png","contentUrl":"https:\/\/shop.verlag.uni-potsdam.de\/wp-content\/uploads\/2017\/04\/up_logo_university_2.png","width":160,"height":172,"caption":"Universit\u00e4tsverlag Potsdam"},"image":{"@id":"https:\/\/shop.verlag.uni-potsdam.de\/en\/#\/schema\/logo\/image\/"}}]}},"_links":{"self":[{"href":"https:\/\/shop.verlag.uni-potsdam.de\/en\/wp-json\/wp\/v2\/product\/90619","targetHints":{"allow":["GET"]}}],"collection":[{"href":"https:\/\/shop.verlag.uni-potsdam.de\/en\/wp-json\/wp\/v2\/product"}],"about":[{"href":"https:\/\/shop.verlag.uni-potsdam.de\/en\/wp-json\/wp\/v2\/types\/product"}],"wp:featuredmedia":[{"embeddable":true,"href":"https:\/\/shop.verlag.uni-potsdam.de\/en\/wp-json\/wp\/v2\/media\/90627"}],"wp:attachment":[{"href":"https:\/\/shop.verlag.uni-potsdam.de\/en\/wp-json\/wp\/v2\/media?parent=90619"}],"wp:term":[{"taxonomy":"product_brand","embeddable":true,"href":"https:\/\/shop.verlag.uni-potsdam.de\/en\/wp-json\/wp\/v2\/product_brand?post=90619"},{"taxonomy":"product_cat","embeddable":true,"href":"https:\/\/shop.verlag.uni-potsdam.de\/en\/wp-json\/wp\/v2\/product_cat?post=90619"},{"taxonomy":"product_tag","embeddable":true,"href":"https:\/\/shop.verlag.uni-potsdam.de\/en\/wp-json\/wp\/v2\/product_tag?post=90619"}],"curies":[{"name":"wp","href":"https:\/\/api.w.org\/{rel}","templated":true}]}}