{"id":90644,"date":"2026-03-23T08:55:49","date_gmt":"2026-03-23T08:55:49","guid":{"rendered":"https:\/\/shop.verlag.uni-potsdam.de\/shop\/empty-product-container-5\/"},"modified":"2026-03-23T11:56:49","modified_gmt":"2026-03-23T10:56:49","slug":"juristische-methodenlehre-und-digitalisierung","status":"publish","type":"product","link":"https:\/\/shop.verlag.uni-potsdam.de\/en\/shop\/juristische-methodenlehre-und-digitalisierung\/","title":{"rendered":"Juristische Methodenlehre und Digitalisierung"},"content":{"rendered":"<p class=\"qtranxs-available-languages-message qtranxs-available-languages-message-en\">Sorry, this entry is only available in <a href=\"https:\/\/shop.verlag.uni-potsdam.de\/de\/wp-json\/wp\/v2\/product\/90644\" class=\"qtranxs-available-language-link qtranxs-available-language-link-de\" title=\"Deutsch\">Deutsch<\/a>.<\/p><p>Die juristische Methodenlehre enth\u00e4lt die anerkannten Regeln der Rechtsanwendung. Ob ein Gesetz auf einen bestimmten Sachverhalt passt und mit welchen Konsequenzen, wird durch Auslegung ermittelt. Dabei bezieht man sich im Kern noch heute auf den vor \u00fcber 180 Jahren von Friedrich Carl von Savigny aufgestellten Kanon.<br \/>Im M\u00e4rz 2024 fand an der Universit\u00e4t Potsdam ein Kolloquium dazu statt, inwiefern sich die Methodenlehre durch die Digitalisierung ver\u00e4ndert. Welche Auswirkungen haben die technischen Entwicklungen und wie wird auf neu entstehende Rechtsfragen reagiert?<br \/>Referiert wurde zum Einsatz von K\u00fcnstlicher Intelligenz im Rahmen der Entscheidungsfindung (Bj\u00f6rn Steinr\u00f6tter, Victoria Ibold), \u00fcber die Bedeutung von Sprachmodellen wie ChatGPT (Thomas M. J. M\u00f6llers) und die Auswirkungen verbesserter Recherchem\u00f6glichkeiten auf die Auslegung (Marie Herberger) sowie zu Richtlinien der Gesetzesauslegung und Legitimation strafbewehrter Verbote (Erik Weiss).<br \/>Die Vortr\u00e4ge sowie Zusammenfassungen der anregenden Diskussionen werden in diesem Tagungsband vorgelegt.<\/p>","protected":false},"excerpt":{"rendered":"<p class=\"qtranxs-available-languages-message qtranxs-available-languages-message-en\">Sorry, this entry is only available in <a href=\"https:\/\/shop.verlag.uni-potsdam.de\/de\/wp-json\/wp\/v2\/product\/90644\" class=\"qtranxs-available-language-link qtranxs-available-language-link-de\" title=\"Deutsch\">Deutsch<\/a>.<\/p>\n<p>Die juristische Methodenlehre enth\u00e4lt die anerkannten Regeln der Rechtsanwendung. Ob ein Gesetz auf einen bestimmten Sachverhalt passt und mit welchen Konsequenzen, wird durch Auslegung ermittelt. Dabei bezieht man sich im Kern noch heute auf den vor \u00fcber 180 Jahren von Friedrich Carl von Savigny aufgestellten Kanon.<br \/>Im M\u00e4rz 2024 fand an der Universit\u00e4t Potsdam ein Kolloquium dazu statt, inwiefern sich die Methodenlehre durch die Digitalisierung ver\u00e4ndert. Welche Auswirkungen haben die technischen Entwicklungen und wie wird auf neu entstehende Rechtsfragen reagiert?<br \/>Referiert wurde zum Einsatz von K\u00fcnstlicher Intelligenz im Rahmen der Entscheidungsfindung (Bj\u00f6rn Steinr\u00f6tter, Victoria Ibold), \u00fcber die Bedeutung von Sprachmodellen wie ChatGPT (Thomas M. J. M\u00f6llers) und die Auswirkungen verbesserter Recherchem\u00f6glichkeiten auf die Auslegung (Marie Herberger) sowie zu Richtlinien der Gesetzesauslegung und Legitimation strafbewehrter Verbote (Erik Weiss).<br \/>Die Vortr\u00e4ge sowie Zusammenfassungen der anregenden Diskussionen werden in diesem Tagungsband vorgelegt.<\/p>\n","protected":false},"featured_media":96570,"template":"","meta":{"_acf_changed":false},"product_brand":[],"product_cat":[6223,6225],"product_tag":[7010],"class_list":{"0":"post-90644","1":"product","2":"type-product","3":"status-publish","4":"has-post-thumbnail","6":"product_cat-politikwissenschaft-web-kategorie","7":"product_cat-recht-web-kategorie","8":"product_tag-auslegung-chatgpt-methodenlehre-rechtsanwendung-rechtsinformatik","9":"autor-bjoern-steinroetter","10":"autor-erik-weiss","11":"autor-marie-herberger","12":"autor-susanne-haehnchen","13":"autor-thomas-m-j-moellers","14":"autor-victoria-ibold","16":"first","17":"instock","18":"shipping-taxable","19":"purchasable","20":"product-type-simple"},"acf":[],"yoast_head":"<!-- This site is optimized with the Yoast SEO plugin v27.1.1 - https:\/\/yoast.com\/product\/yoast-seo-wordpress\/ -->\n<title>Juristische Methodenlehre und Digitalisierung - Universit\u00e4tsverlag Potsdam<\/title>\n<meta name=\"robots\" content=\"index, follow, max-snippet:-1, max-image-preview:large, max-video-preview:-1\" \/>\n<link rel=\"canonical\" href=\"https:\/\/shop.verlag.uni-potsdam.de\/en\/shop\/juristische-methodenlehre-und-digitalisierung\/\" \/>\n<meta property=\"og:locale\" content=\"en_US\" \/>\n<meta property=\"og:type\" content=\"article\" \/>\n<meta property=\"og:title\" content=\"Juristische Methodenlehre und Digitalisierung - Universit\u00e4tsverlag Potsdam\" \/>\n<meta property=\"og:description\" content=\"Die juristische Methodenlehre enth\u00e4lt die anerkannten Regeln der Rechtsanwendung. Ob ein Gesetz auf einen bestimmten Sachverhalt passt und mit welchen Konsequenzen, wird durch Auslegung ermittelt. Dabei bezieht man sich im Kern noch heute auf den vor \u00fcber 180 Jahren von Friedrich Carl von Savigny aufgestellten Kanon.Im M\u00e4rz 2024 fand an der Universit\u00e4t Potsdam ein Kolloquium dazu statt, inwiefern sich die Methodenlehre durch die Digitalisierung ver\u00e4ndert. Welche Auswirkungen haben die technischen Entwicklungen und wie wird auf neu entstehende Rechtsfragen reagiert?Referiert wurde zum Einsatz von K\u00fcnstlicher Intelligenz im Rahmen der Entscheidungsfindung (Bj\u00f6rn Steinr\u00f6tter, Victoria Ibold), \u00fcber die Bedeutung von Sprachmodellen wie ChatGPT (Thomas M. J. M\u00f6llers) und die Auswirkungen verbesserter Recherchem\u00f6glichkeiten auf die Auslegung (Marie Herberger) sowie zu Richtlinien der Gesetzesauslegung und Legitimation strafbewehrter Verbote (Erik Weiss).Die Vortr\u00e4ge sowie Zusammenfassungen der anregenden Diskussionen werden in diesem Tagungsband vorgelegt.\" \/>\n<meta property=\"og:url\" content=\"https:\/\/shop.verlag.uni-potsdam.de\/en\/shop\/juristische-methodenlehre-und-digitalisierung\/\" \/>\n<meta property=\"og:site_name\" content=\"Universit\u00e4tsverlag Potsdam\" \/>\n<meta property=\"article:modified_time\" content=\"2026-03-23T10:56:49+00:00\" \/>\n<meta property=\"og:image\" content=\"https:\/\/shop.verlag.uni-potsdam.de\/wp-content\/uploads\/asolmerce\/image-u1_978-3-86956-584-2.jpg\" \/>\n\t<meta property=\"og:image:width\" content=\"1221\" \/>\n\t<meta property=\"og:image:height\" content=\"1812\" \/>\n\t<meta property=\"og:image:type\" content=\"image\/jpeg\" \/>\n<meta name=\"twitter:card\" content=\"summary_large_image\" \/>\n<meta name=\"twitter:label1\" content=\"Est. reading time\" \/>\n\t<meta name=\"twitter:data1\" content=\"1 minute\" \/>\n<script type=\"application\/ld+json\" class=\"yoast-schema-graph\">{\"@context\":\"https:\/\/schema.org\",\"@graph\":[{\"@type\":\"WebPage\",\"@id\":\"https:\/\/shop.verlag.uni-potsdam.de\/en\/shop\/juristische-methodenlehre-und-digitalisierung\/\",\"url\":\"https:\/\/shop.verlag.uni-potsdam.de\/en\/shop\/juristische-methodenlehre-und-digitalisierung\/\",\"name\":\"Juristische Methodenlehre und Digitalisierung - Universit\u00e4tsverlag Potsdam\",\"isPartOf\":{\"@id\":\"https:\/\/shop.verlag.uni-potsdam.de\/en\/#website\"},\"primaryImageOfPage\":{\"@id\":\"https:\/\/shop.verlag.uni-potsdam.de\/en\/shop\/juristische-methodenlehre-und-digitalisierung\/#primaryimage\"},\"image\":{\"@id\":\"https:\/\/shop.verlag.uni-potsdam.de\/shop\/juristische-methodenlehre-und-digitalisierung\/#primaryimage\"},\"thumbnailUrl\":\"https:\/\/shop.verlag.uni-potsdam.de\/wp-content\/uploads\/asolmerce\/image-u1_978-3-86956-584-2_22549.jpg\",\"datePublished\":\"2026-03-23T08:55:49+00:00\",\"dateModified\":\"2026-03-23T10:56:49+00:00\",\"breadcrumb\":{\"@id\":\"https:\/\/shop.verlag.uni-potsdam.de\/en\/shop\/juristische-methodenlehre-und-digitalisierung\/#breadcrumb\"},\"inLanguage\":\"en-US\",\"potentialAction\":[{\"@type\":\"ReadAction\",\"target\":[[\"https:\/\/shop.verlag.uni-potsdam.de\/en\/shop\/juristische-methodenlehre-und-digitalisierung\/\"]]}]},{\"@type\":\"ImageObject\",\"inLanguage\":\"en-US\",\"@id\":\"https:\/\/shop.verlag.uni-potsdam.de\/en\/shop\/juristische-methodenlehre-und-digitalisierung\/#primaryimage\",\"url\":\"https:\/\/shop.verlag.uni-potsdam.de\/wp-content\/uploads\/asolmerce\/image-u1_978-3-86956-584-2_22549.jpg\",\"contentUrl\":\"https:\/\/shop.verlag.uni-potsdam.de\/wp-content\/uploads\/asolmerce\/image-u1_978-3-86956-584-2_22549.jpg\",\"width\":1221,\"height\":1812},{\"@type\":\"BreadcrumbList\",\"@id\":\"https:\/\/shop.verlag.uni-potsdam.de\/en\/shop\/juristische-methodenlehre-und-digitalisierung\/#breadcrumb\",\"itemListElement\":[{\"@type\":\"ListItem\",\"position\":1,\"name\":\"Startseite\",\"item\":\"https:\/\/shop.verlag.uni-potsdam.de\/en\/\"},{\"@type\":\"ListItem\",\"position\":2,\"name\":\"Shop\",\"item\":\"https:\/\/shop.verlag.uni-potsdam.de\/en\/shop\/\"},{\"@type\":\"ListItem\",\"position\":3,\"name\":\"Juristische Methodenlehre und Digitalisierung\"}]},{\"@type\":\"WebSite\",\"@id\":\"https:\/\/shop.verlag.uni-potsdam.de\/en\/#website\",\"url\":\"https:\/\/shop.verlag.uni-potsdam.de\/en\/\",\"name\":\"Universit\u00e4tsverlag Potsdam\",\"description\":\"\",\"publisher\":{\"@id\":\"https:\/\/shop.verlag.uni-potsdam.de\/en\/#organization\"},\"potentialAction\":[{\"@type\":\"SearchAction\",\"target\":{\"@type\":\"EntryPoint\",\"urlTemplate\":\"https:\/\/shop.verlag.uni-potsdam.de\/en\/?s={search_term_string}\"},\"query-input\":{\"@type\":\"PropertyValueSpecification\",\"valueRequired\":true,\"valueName\":\"search_term_string\"}}],\"inLanguage\":\"en-US\"},{\"@type\":\"Organization\",\"@id\":\"https:\/\/shop.verlag.uni-potsdam.de\/en\/#organization\",\"name\":\"Universit\u00e4tsverlag Potsdam\",\"url\":\"https:\/\/shop.verlag.uni-potsdam.de\/en\/\",\"logo\":{\"@type\":\"ImageObject\",\"inLanguage\":\"en-US\",\"@id\":\"https:\/\/shop.verlag.uni-potsdam.de\/en\/#\/schema\/logo\/image\/\",\"url\":\"https:\/\/shop.verlag.uni-potsdam.de\/wp-content\/uploads\/2017\/04\/up_logo_university_2.png\",\"contentUrl\":\"https:\/\/shop.verlag.uni-potsdam.de\/wp-content\/uploads\/2017\/04\/up_logo_university_2.png\",\"width\":160,\"height\":172,\"caption\":\"Universit\u00e4tsverlag Potsdam\"},\"image\":{\"@id\":\"https:\/\/shop.verlag.uni-potsdam.de\/en\/#\/schema\/logo\/image\/\"}}]}<\/script>\n<!-- \/ Yoast SEO plugin. -->","yoast_head_json":{"title":"Juristische Methodenlehre und Digitalisierung - Universit\u00e4tsverlag Potsdam","robots":{"index":"index","follow":"follow","max-snippet":"max-snippet:-1","max-image-preview":"max-image-preview:large","max-video-preview":"max-video-preview:-1"},"canonical":"https:\/\/shop.verlag.uni-potsdam.de\/en\/shop\/juristische-methodenlehre-und-digitalisierung\/","og_locale":"en_US","og_type":"article","og_title":"Juristische Methodenlehre und Digitalisierung - Universit\u00e4tsverlag Potsdam","og_description":"Die juristische Methodenlehre enth\u00e4lt die anerkannten Regeln der Rechtsanwendung. Ob ein Gesetz auf einen bestimmten Sachverhalt passt und mit welchen Konsequenzen, wird durch Auslegung ermittelt. Dabei bezieht man sich im Kern noch heute auf den vor \u00fcber 180 Jahren von Friedrich Carl von Savigny aufgestellten Kanon.Im M\u00e4rz 2024 fand an der Universit\u00e4t Potsdam ein Kolloquium dazu statt, inwiefern sich die Methodenlehre durch die Digitalisierung ver\u00e4ndert. Welche Auswirkungen haben die technischen Entwicklungen und wie wird auf neu entstehende Rechtsfragen reagiert?Referiert wurde zum Einsatz von K\u00fcnstlicher Intelligenz im Rahmen der Entscheidungsfindung (Bj\u00f6rn Steinr\u00f6tter, Victoria Ibold), \u00fcber die Bedeutung von Sprachmodellen wie ChatGPT (Thomas M. J. M\u00f6llers) und die Auswirkungen verbesserter Recherchem\u00f6glichkeiten auf die Auslegung (Marie Herberger) sowie zu Richtlinien der Gesetzesauslegung und Legitimation strafbewehrter Verbote (Erik Weiss).Die Vortr\u00e4ge sowie Zusammenfassungen der anregenden Diskussionen werden in diesem Tagungsband vorgelegt.","og_url":"https:\/\/shop.verlag.uni-potsdam.de\/en\/shop\/juristische-methodenlehre-und-digitalisierung\/","og_site_name":"Universit\u00e4tsverlag Potsdam","article_modified_time":"2026-03-23T10:56:49+00:00","og_image":[{"width":1221,"height":1812,"url":"https:\/\/shop.verlag.uni-potsdam.de\/wp-content\/uploads\/asolmerce\/image-u1_978-3-86956-584-2.jpg","type":"image\/jpeg"}],"twitter_card":"summary_large_image","twitter_misc":{"Est. reading time":"1 minute"},"schema":{"@context":"https:\/\/schema.org","@graph":[{"@type":"WebPage","@id":"https:\/\/shop.verlag.uni-potsdam.de\/en\/shop\/juristische-methodenlehre-und-digitalisierung\/","url":"https:\/\/shop.verlag.uni-potsdam.de\/en\/shop\/juristische-methodenlehre-und-digitalisierung\/","name":"Juristische Methodenlehre und Digitalisierung - Universit\u00e4tsverlag Potsdam","isPartOf":{"@id":"https:\/\/shop.verlag.uni-potsdam.de\/en\/#website"},"primaryImageOfPage":{"@id":"https:\/\/shop.verlag.uni-potsdam.de\/en\/shop\/juristische-methodenlehre-und-digitalisierung\/#primaryimage"},"image":{"@id":"https:\/\/shop.verlag.uni-potsdam.de\/shop\/juristische-methodenlehre-und-digitalisierung\/#primaryimage"},"thumbnailUrl":"https:\/\/shop.verlag.uni-potsdam.de\/wp-content\/uploads\/asolmerce\/image-u1_978-3-86956-584-2_22549.jpg","datePublished":"2026-03-23T08:55:49+00:00","dateModified":"2026-03-23T10:56:49+00:00","breadcrumb":{"@id":"https:\/\/shop.verlag.uni-potsdam.de\/en\/shop\/juristische-methodenlehre-und-digitalisierung\/#breadcrumb"},"inLanguage":"en-US","potentialAction":[{"@type":"ReadAction","target":[["https:\/\/shop.verlag.uni-potsdam.de\/en\/shop\/juristische-methodenlehre-und-digitalisierung\/"]]}]},{"@type":"ImageObject","inLanguage":"en-US","@id":"https:\/\/shop.verlag.uni-potsdam.de\/en\/shop\/juristische-methodenlehre-und-digitalisierung\/#primaryimage","url":"https:\/\/shop.verlag.uni-potsdam.de\/wp-content\/uploads\/asolmerce\/image-u1_978-3-86956-584-2_22549.jpg","contentUrl":"https:\/\/shop.verlag.uni-potsdam.de\/wp-content\/uploads\/asolmerce\/image-u1_978-3-86956-584-2_22549.jpg","width":1221,"height":1812},{"@type":"BreadcrumbList","@id":"https:\/\/shop.verlag.uni-potsdam.de\/en\/shop\/juristische-methodenlehre-und-digitalisierung\/#breadcrumb","itemListElement":[{"@type":"ListItem","position":1,"name":"Startseite","item":"https:\/\/shop.verlag.uni-potsdam.de\/en\/"},{"@type":"ListItem","position":2,"name":"Shop","item":"https:\/\/shop.verlag.uni-potsdam.de\/en\/shop\/"},{"@type":"ListItem","position":3,"name":"Juristische Methodenlehre und Digitalisierung"}]},{"@type":"WebSite","@id":"https:\/\/shop.verlag.uni-potsdam.de\/en\/#website","url":"https:\/\/shop.verlag.uni-potsdam.de\/en\/","name":"Universit\u00e4tsverlag Potsdam","description":"","publisher":{"@id":"https:\/\/shop.verlag.uni-potsdam.de\/en\/#organization"},"potentialAction":[{"@type":"SearchAction","target":{"@type":"EntryPoint","urlTemplate":"https:\/\/shop.verlag.uni-potsdam.de\/en\/?s={search_term_string}"},"query-input":{"@type":"PropertyValueSpecification","valueRequired":true,"valueName":"search_term_string"}}],"inLanguage":"en-US"},{"@type":"Organization","@id":"https:\/\/shop.verlag.uni-potsdam.de\/en\/#organization","name":"Universit\u00e4tsverlag Potsdam","url":"https:\/\/shop.verlag.uni-potsdam.de\/en\/","logo":{"@type":"ImageObject","inLanguage":"en-US","@id":"https:\/\/shop.verlag.uni-potsdam.de\/en\/#\/schema\/logo\/image\/","url":"https:\/\/shop.verlag.uni-potsdam.de\/wp-content\/uploads\/2017\/04\/up_logo_university_2.png","contentUrl":"https:\/\/shop.verlag.uni-potsdam.de\/wp-content\/uploads\/2017\/04\/up_logo_university_2.png","width":160,"height":172,"caption":"Universit\u00e4tsverlag Potsdam"},"image":{"@id":"https:\/\/shop.verlag.uni-potsdam.de\/en\/#\/schema\/logo\/image\/"}}]}},"_links":{"self":[{"href":"https:\/\/shop.verlag.uni-potsdam.de\/en\/wp-json\/wp\/v2\/product\/90644","targetHints":{"allow":["GET"]}}],"collection":[{"href":"https:\/\/shop.verlag.uni-potsdam.de\/en\/wp-json\/wp\/v2\/product"}],"about":[{"href":"https:\/\/shop.verlag.uni-potsdam.de\/en\/wp-json\/wp\/v2\/types\/product"}],"wp:featuredmedia":[{"embeddable":true,"href":"https:\/\/shop.verlag.uni-potsdam.de\/en\/wp-json\/wp\/v2\/media\/96570"}],"wp:attachment":[{"href":"https:\/\/shop.verlag.uni-potsdam.de\/en\/wp-json\/wp\/v2\/media?parent=90644"}],"wp:term":[{"taxonomy":"product_brand","embeddable":true,"href":"https:\/\/shop.verlag.uni-potsdam.de\/en\/wp-json\/wp\/v2\/product_brand?post=90644"},{"taxonomy":"product_cat","embeddable":true,"href":"https:\/\/shop.verlag.uni-potsdam.de\/en\/wp-json\/wp\/v2\/product_cat?post=90644"},{"taxonomy":"product_tag","embeddable":true,"href":"https:\/\/shop.verlag.uni-potsdam.de\/en\/wp-json\/wp\/v2\/product_tag?post=90644"}],"curies":[{"name":"wp","href":"https:\/\/api.w.org\/{rel}","templated":true}]}}