{"id":96212,"date":"2026-03-23T08:55:49","date_gmt":"2026-03-23T08:55:49","guid":{"rendered":"https:\/\/shop.verlag.uni-potsdam.de\/shop\/empty-product-container-6\/"},"modified":"2026-03-23T11:56:49","modified_gmt":"2026-03-23T10:56:49","slug":"imkern-als-zugang-einer-ganzheitlichen-bildung-im-sachunterricht","status":"publish","type":"product","link":"https:\/\/shop.verlag.uni-potsdam.de\/en\/shop\/imkern-als-zugang-einer-ganzheitlichen-bildung-im-sachunterricht\/","title":{"rendered":"Imkern als Zugang einer ganzheitlichen Bildung im Sachunterricht"},"content":{"rendered":"<p class=\"qtranxs-available-languages-message qtranxs-available-languages-message-en\">Sorry, this entry is only available in <a href=\"https:\/\/shop.verlag.uni-potsdam.de\/de\/wp-json\/wp\/v2\/product\/96212\" class=\"qtranxs-available-language-link qtranxs-available-language-link-de\" title=\"Deutsch\">Deutsch<\/a>.<\/p><p><span id=\"abstractFull_138955\" class=\"abstractFull\" style=\"\">\u201e\u00dcber die vergangenen Jahrzehnte wurde der Ruf nach einer nachhaltigen Entwicklung aufgrund zahlreicher globaler, die gesamte Menschheit betreffender Herausforderungen immer lauter (Kropp, 2019, S. 4).\u201c<\/p>\n<p>Bildung f\u00fcr nachhaltige Entwicklung (BNE) verfolgt das Ziel, Menschen dazu zu bef\u00e4higen, diesen globalen Herausforderungen aktiv zu begegnen, ihre eigene Zukunft mitzugestalten sowie Verantwortung f\u00fcr die Zukunft nachfolgender Generationen zu \u00fcbernehmen. Auch der Sachunterricht in der Grundschule sieht sich vor der Aufgabe, die Prinzipien der BNE in die schulische Praxis zu \u00fcbertragen. Im Zentrum steht dabei die Frage nach geeigneten Zug\u00e4ngen zu diesem perspektivenvernetzenden Thema, die f\u00fcr die Sch\u00fclerinnen und Sch\u00fcler motivierend und zugleich bildungswirksam sein sollen. Einen derartigen Zugang innerhalb des Schulunterrichts kann bei angemessener Umsetzung das Imkern darstellen. <\/p>\n<p>Der auf die schulische Praxis ausgerichtete Band 3 der Potsdamer Beitr\u00e4ge zur Innovation des Sachunterrichts pr\u00e4sentiert daher am Beispiel des Imkerns ein Konzept, wie im Rahmen des Sachunterrichts der Grundschule eine praktische Lernt\u00e4tigkeit der Kinder im Einklang mit den Zielen, Dimensionen und Kompetenzerwartungen der Bildung f\u00fcr nachhaltige Entwicklung erm\u00f6glicht werden kann. Der Band richtet sich als Grundlagenwerk an alle Lehrkr\u00e4fte des Sachunterrichts und dessen Bezugsf\u00e4cher sowie an andere interessierte Leserinnen und Leser.<\/span><span id=\"abstractThreeDots_138955\" class=\"abstractThreeDots\" style=\"display: none;\"><\/span><\/p>","protected":false},"excerpt":{"rendered":"<p class=\"qtranxs-available-languages-message qtranxs-available-languages-message-en\">Sorry, this entry is only available in <a href=\"https:\/\/shop.verlag.uni-potsdam.de\/de\/wp-json\/wp\/v2\/product\/96212\" class=\"qtranxs-available-language-link qtranxs-available-language-link-de\" title=\"Deutsch\">Deutsch<\/a>.<\/p>\n<p><span id=\"abstractFull_138955\" class=\"abstractFull\" style=\"\">\u201e\u00dcber die vergangenen Jahrzehnte wurde der Ruf nach einer nachhaltigen Entwicklung aufgrund zahlreicher globaler, die gesamte Menschheit betreffender Herausforderungen immer lauter (Kropp, 2019, S. 4).\u201c<\/p>\n<p>Bildung f\u00fcr nachhaltige Entwicklung (BNE) verfolgt das Ziel, Menschen dazu zu bef\u00e4higen, diesen globalen Herausforderungen aktiv zu begegnen, ihre eigene Zukunft mitzugestalten sowie Verantwortung f\u00fcr die Zukunft nachfolgender Generationen zu \u00fcbernehmen. Auch der Sachunterricht in der Grundschule sieht sich vor der Aufgabe, die Prinzipien der BNE in die schulische Praxis zu \u00fcbertragen. Im Zentrum steht dabei die Frage nach geeigneten Zug\u00e4ngen zu diesem perspektivenvernetzenden Thema, die f\u00fcr die Sch\u00fclerinnen und Sch\u00fcler motivierend und zugleich bildungswirksam sein sollen. Einen derartigen Zugang innerhalb des Schulunterrichts kann bei angemessener Umsetzung das Imkern darstellen. <\/p>\n<p>Der auf die schulische Praxis ausgerichtete Band 3 der Potsdamer Beitr\u00e4ge zur Innovation des Sachunterrichts pr\u00e4sentiert daher am Beispiel des Imkerns ein Konzept, wie im Rahmen des Sachunterrichts der Grundschule eine praktische Lernt\u00e4tigkeit der Kinder im Einklang mit den Zielen, Dimensionen und Kompetenzerwartungen der Bildung f\u00fcr nachhaltige Entwicklung erm\u00f6glicht werden kann. Der Band richtet sich als Grundlagenwerk an alle Lehrkr\u00e4fte des Sachunterrichts und dessen Bezugsf\u00e4cher sowie an andere interessierte Leserinnen und Leser.<\/span><span id=\"abstractThreeDots_138955\" class=\"abstractThreeDots\" style=\"display: none;\"><\/span><\/p>\n","protected":false},"featured_media":96248,"template":"","meta":{"_acf_changed":false},"product_brand":[],"product_cat":[6220],"product_tag":[6990],"class_list":{"0":"post-96212","1":"product","2":"type-product","3":"status-publish","4":"has-post-thumbnail","6":"product_cat-paedagogik-web-kategorie","7":"product_tag-bildung-fuer-nachhaltige-entwicklung-imkern-im-sachunterricht-lehrhandreichung-sachunterricht-unterrichtsvorbereitung-bildung-fuer-nachhaltige-entwicklung","8":"autor-gina-marie-peisker","10":"first","11":"instock","12":"shipping-taxable","13":"purchasable","14":"product-type-simple"},"acf":[],"yoast_head":"<!-- This site is optimized with the Yoast SEO plugin v27.1.1 - https:\/\/yoast.com\/product\/yoast-seo-wordpress\/ -->\n<title>Imkern als Zugang einer ganzheitlichen Bildung im Sachunterricht - Universit\u00e4tsverlag Potsdam<\/title>\n<meta name=\"robots\" content=\"index, follow, max-snippet:-1, max-image-preview:large, max-video-preview:-1\" \/>\n<link rel=\"canonical\" href=\"https:\/\/shop.verlag.uni-potsdam.de\/en\/shop\/imkern-als-zugang-einer-ganzheitlichen-bildung-im-sachunterricht\/\" \/>\n<meta property=\"og:locale\" content=\"en_US\" \/>\n<meta property=\"og:type\" content=\"article\" \/>\n<meta property=\"og:title\" content=\"Imkern als Zugang einer ganzheitlichen Bildung im Sachunterricht - Universit\u00e4tsverlag Potsdam\" \/>\n<meta property=\"og:description\" content=\"\u201e\u00dcber die vergangenen Jahrzehnte wurde der Ruf nach einer nachhaltigen Entwicklung aufgrund zahlreicher globaler, die gesamte Menschheit betreffender Herausforderungen immer lauter (Kropp, 2019, S. 4).\u201cBildung f\u00fcr nachhaltige Entwicklung (BNE) verfolgt das Ziel, Menschen dazu zu bef\u00e4higen, diesen globalen Herausforderungen aktiv zu begegnen, ihre eigene Zukunft mitzugestalten sowie Verantwortung f\u00fcr die Zukunft nachfolgender Generationen zu \u00fcbernehmen. Auch der Sachunterricht in der Grundschule sieht sich vor der Aufgabe, die Prinzipien der BNE in die schulische Praxis zu \u00fcbertragen. Im Zentrum steht dabei die Frage nach geeigneten Zug\u00e4ngen zu diesem perspektivenvernetzenden Thema, die f\u00fcr die Sch\u00fclerinnen und Sch\u00fcler motivierend und zugleich bildungswirksam sein sollen. Einen derartigen Zugang innerhalb des Schulunterrichts kann bei angemessener Umsetzung das Imkern darstellen. Der auf die schulische Praxis ausgerichtete Band 3 der Potsdamer Beitr\u00e4ge zur Innovation des Sachunterrichts pr\u00e4sentiert daher am Beispiel des Imkerns ein Konzept, wie im Rahmen des Sachunterrichts der Grundschule eine praktische Lernt\u00e4tigkeit der Kinder im Einklang mit den Zielen, Dimensionen und Kompetenzerwartungen der Bildung f\u00fcr nachhaltige Entwicklung erm\u00f6glicht werden kann. Der Band richtet sich als Grundlagenwerk an alle Lehrkr\u00e4fte des Sachunterrichts und dessen Bezugsf\u00e4cher sowie an andere interessierte Leserinnen und Leser.\" \/>\n<meta property=\"og:url\" content=\"https:\/\/shop.verlag.uni-potsdam.de\/en\/shop\/imkern-als-zugang-einer-ganzheitlichen-bildung-im-sachunterricht\/\" \/>\n<meta property=\"og:site_name\" content=\"Universit\u00e4tsverlag Potsdam\" \/>\n<meta property=\"article:modified_time\" content=\"2026-03-23T10:56:49+00:00\" \/>\n<meta property=\"og:image\" content=\"https:\/\/shop.verlag.uni-potsdam.de\/wp-content\/uploads\/asolmerce\/image-978-3-86956-575-0-726x1024.png\" \/>\n\t<meta property=\"og:image:width\" content=\"726\" \/>\n\t<meta property=\"og:image:height\" content=\"1024\" \/>\n\t<meta property=\"og:image:type\" content=\"image\/png\" \/>\n<meta name=\"twitter:card\" content=\"summary_large_image\" \/>\n<meta name=\"twitter:label1\" content=\"Est. reading time\" \/>\n\t<meta name=\"twitter:data1\" content=\"1 minute\" \/>\n<script type=\"application\/ld+json\" class=\"yoast-schema-graph\">{\"@context\":\"https:\/\/schema.org\",\"@graph\":[{\"@type\":\"WebPage\",\"@id\":\"https:\/\/shop.verlag.uni-potsdam.de\/en\/shop\/imkern-als-zugang-einer-ganzheitlichen-bildung-im-sachunterricht\/\",\"url\":\"https:\/\/shop.verlag.uni-potsdam.de\/en\/shop\/imkern-als-zugang-einer-ganzheitlichen-bildung-im-sachunterricht\/\",\"name\":\"Imkern als Zugang einer ganzheitlichen Bildung im Sachunterricht - Universit\u00e4tsverlag Potsdam\",\"isPartOf\":{\"@id\":\"https:\/\/shop.verlag.uni-potsdam.de\/en\/#website\"},\"primaryImageOfPage\":{\"@id\":\"https:\/\/shop.verlag.uni-potsdam.de\/en\/shop\/imkern-als-zugang-einer-ganzheitlichen-bildung-im-sachunterricht\/#primaryimage\"},\"image\":{\"@id\":\"https:\/\/shop.verlag.uni-potsdam.de\/shop\/imkern-als-zugang-einer-ganzheitlichen-bildung-im-sachunterricht\/#primaryimage\"},\"thumbnailUrl\":\"https:\/\/shop.verlag.uni-potsdam.de\/wp-content\/uploads\/asolmerce\/image-978-3-86956-575-0.png\",\"datePublished\":\"2026-03-23T08:55:49+00:00\",\"dateModified\":\"2026-03-23T10:56:49+00:00\",\"breadcrumb\":{\"@id\":\"https:\/\/shop.verlag.uni-potsdam.de\/en\/shop\/imkern-als-zugang-einer-ganzheitlichen-bildung-im-sachunterricht\/#breadcrumb\"},\"inLanguage\":\"en-US\",\"potentialAction\":[{\"@type\":\"ReadAction\",\"target\":[[\"https:\/\/shop.verlag.uni-potsdam.de\/en\/shop\/imkern-als-zugang-einer-ganzheitlichen-bildung-im-sachunterricht\/\"]]}]},{\"@type\":\"ImageObject\",\"inLanguage\":\"en-US\",\"@id\":\"https:\/\/shop.verlag.uni-potsdam.de\/en\/shop\/imkern-als-zugang-einer-ganzheitlichen-bildung-im-sachunterricht\/#primaryimage\",\"url\":\"https:\/\/shop.verlag.uni-potsdam.de\/wp-content\/uploads\/asolmerce\/image-978-3-86956-575-0.png\",\"contentUrl\":\"https:\/\/shop.verlag.uni-potsdam.de\/wp-content\/uploads\/asolmerce\/image-978-3-86956-575-0.png\",\"width\":2009,\"height\":2834},{\"@type\":\"BreadcrumbList\",\"@id\":\"https:\/\/shop.verlag.uni-potsdam.de\/en\/shop\/imkern-als-zugang-einer-ganzheitlichen-bildung-im-sachunterricht\/#breadcrumb\",\"itemListElement\":[{\"@type\":\"ListItem\",\"position\":1,\"name\":\"Startseite\",\"item\":\"https:\/\/shop.verlag.uni-potsdam.de\/en\/\"},{\"@type\":\"ListItem\",\"position\":2,\"name\":\"Shop\",\"item\":\"https:\/\/shop.verlag.uni-potsdam.de\/en\/shop\/\"},{\"@type\":\"ListItem\",\"position\":3,\"name\":\"Imkern als Zugang einer ganzheitlichen Bildung im Sachunterricht\"}]},{\"@type\":\"WebSite\",\"@id\":\"https:\/\/shop.verlag.uni-potsdam.de\/en\/#website\",\"url\":\"https:\/\/shop.verlag.uni-potsdam.de\/en\/\",\"name\":\"Universit\u00e4tsverlag Potsdam\",\"description\":\"\",\"publisher\":{\"@id\":\"https:\/\/shop.verlag.uni-potsdam.de\/en\/#organization\"},\"potentialAction\":[{\"@type\":\"SearchAction\",\"target\":{\"@type\":\"EntryPoint\",\"urlTemplate\":\"https:\/\/shop.verlag.uni-potsdam.de\/en\/?s={search_term_string}\"},\"query-input\":{\"@type\":\"PropertyValueSpecification\",\"valueRequired\":true,\"valueName\":\"search_term_string\"}}],\"inLanguage\":\"en-US\"},{\"@type\":\"Organization\",\"@id\":\"https:\/\/shop.verlag.uni-potsdam.de\/en\/#organization\",\"name\":\"Universit\u00e4tsverlag Potsdam\",\"url\":\"https:\/\/shop.verlag.uni-potsdam.de\/en\/\",\"logo\":{\"@type\":\"ImageObject\",\"inLanguage\":\"en-US\",\"@id\":\"https:\/\/shop.verlag.uni-potsdam.de\/en\/#\/schema\/logo\/image\/\",\"url\":\"https:\/\/shop.verlag.uni-potsdam.de\/wp-content\/uploads\/2017\/04\/up_logo_university_2.png\",\"contentUrl\":\"https:\/\/shop.verlag.uni-potsdam.de\/wp-content\/uploads\/2017\/04\/up_logo_university_2.png\",\"width\":160,\"height\":172,\"caption\":\"Universit\u00e4tsverlag Potsdam\"},\"image\":{\"@id\":\"https:\/\/shop.verlag.uni-potsdam.de\/en\/#\/schema\/logo\/image\/\"}}]}<\/script>\n<!-- \/ Yoast SEO plugin. -->","yoast_head_json":{"title":"Imkern als Zugang einer ganzheitlichen Bildung im Sachunterricht - Universit\u00e4tsverlag Potsdam","robots":{"index":"index","follow":"follow","max-snippet":"max-snippet:-1","max-image-preview":"max-image-preview:large","max-video-preview":"max-video-preview:-1"},"canonical":"https:\/\/shop.verlag.uni-potsdam.de\/en\/shop\/imkern-als-zugang-einer-ganzheitlichen-bildung-im-sachunterricht\/","og_locale":"en_US","og_type":"article","og_title":"Imkern als Zugang einer ganzheitlichen Bildung im Sachunterricht - Universit\u00e4tsverlag Potsdam","og_description":"\u201e\u00dcber die vergangenen Jahrzehnte wurde der Ruf nach einer nachhaltigen Entwicklung aufgrund zahlreicher globaler, die gesamte Menschheit betreffender Herausforderungen immer lauter (Kropp, 2019, S. 4).\u201cBildung f\u00fcr nachhaltige Entwicklung (BNE) verfolgt das Ziel, Menschen dazu zu bef\u00e4higen, diesen globalen Herausforderungen aktiv zu begegnen, ihre eigene Zukunft mitzugestalten sowie Verantwortung f\u00fcr die Zukunft nachfolgender Generationen zu \u00fcbernehmen. Auch der Sachunterricht in der Grundschule sieht sich vor der Aufgabe, die Prinzipien der BNE in die schulische Praxis zu \u00fcbertragen. Im Zentrum steht dabei die Frage nach geeigneten Zug\u00e4ngen zu diesem perspektivenvernetzenden Thema, die f\u00fcr die Sch\u00fclerinnen und Sch\u00fcler motivierend und zugleich bildungswirksam sein sollen. Einen derartigen Zugang innerhalb des Schulunterrichts kann bei angemessener Umsetzung das Imkern darstellen. Der auf die schulische Praxis ausgerichtete Band 3 der Potsdamer Beitr\u00e4ge zur Innovation des Sachunterrichts pr\u00e4sentiert daher am Beispiel des Imkerns ein Konzept, wie im Rahmen des Sachunterrichts der Grundschule eine praktische Lernt\u00e4tigkeit der Kinder im Einklang mit den Zielen, Dimensionen und Kompetenzerwartungen der Bildung f\u00fcr nachhaltige Entwicklung erm\u00f6glicht werden kann. Der Band richtet sich als Grundlagenwerk an alle Lehrkr\u00e4fte des Sachunterrichts und dessen Bezugsf\u00e4cher sowie an andere interessierte Leserinnen und Leser.","og_url":"https:\/\/shop.verlag.uni-potsdam.de\/en\/shop\/imkern-als-zugang-einer-ganzheitlichen-bildung-im-sachunterricht\/","og_site_name":"Universit\u00e4tsverlag Potsdam","article_modified_time":"2026-03-23T10:56:49+00:00","og_image":[{"width":726,"height":1024,"url":"https:\/\/shop.verlag.uni-potsdam.de\/wp-content\/uploads\/asolmerce\/image-978-3-86956-575-0-726x1024.png","type":"image\/png"}],"twitter_card":"summary_large_image","twitter_misc":{"Est. reading time":"1 minute"},"schema":{"@context":"https:\/\/schema.org","@graph":[{"@type":"WebPage","@id":"https:\/\/shop.verlag.uni-potsdam.de\/en\/shop\/imkern-als-zugang-einer-ganzheitlichen-bildung-im-sachunterricht\/","url":"https:\/\/shop.verlag.uni-potsdam.de\/en\/shop\/imkern-als-zugang-einer-ganzheitlichen-bildung-im-sachunterricht\/","name":"Imkern als Zugang einer ganzheitlichen Bildung im Sachunterricht - Universit\u00e4tsverlag Potsdam","isPartOf":{"@id":"https:\/\/shop.verlag.uni-potsdam.de\/en\/#website"},"primaryImageOfPage":{"@id":"https:\/\/shop.verlag.uni-potsdam.de\/en\/shop\/imkern-als-zugang-einer-ganzheitlichen-bildung-im-sachunterricht\/#primaryimage"},"image":{"@id":"https:\/\/shop.verlag.uni-potsdam.de\/shop\/imkern-als-zugang-einer-ganzheitlichen-bildung-im-sachunterricht\/#primaryimage"},"thumbnailUrl":"https:\/\/shop.verlag.uni-potsdam.de\/wp-content\/uploads\/asolmerce\/image-978-3-86956-575-0.png","datePublished":"2026-03-23T08:55:49+00:00","dateModified":"2026-03-23T10:56:49+00:00","breadcrumb":{"@id":"https:\/\/shop.verlag.uni-potsdam.de\/en\/shop\/imkern-als-zugang-einer-ganzheitlichen-bildung-im-sachunterricht\/#breadcrumb"},"inLanguage":"en-US","potentialAction":[{"@type":"ReadAction","target":[["https:\/\/shop.verlag.uni-potsdam.de\/en\/shop\/imkern-als-zugang-einer-ganzheitlichen-bildung-im-sachunterricht\/"]]}]},{"@type":"ImageObject","inLanguage":"en-US","@id":"https:\/\/shop.verlag.uni-potsdam.de\/en\/shop\/imkern-als-zugang-einer-ganzheitlichen-bildung-im-sachunterricht\/#primaryimage","url":"https:\/\/shop.verlag.uni-potsdam.de\/wp-content\/uploads\/asolmerce\/image-978-3-86956-575-0.png","contentUrl":"https:\/\/shop.verlag.uni-potsdam.de\/wp-content\/uploads\/asolmerce\/image-978-3-86956-575-0.png","width":2009,"height":2834},{"@type":"BreadcrumbList","@id":"https:\/\/shop.verlag.uni-potsdam.de\/en\/shop\/imkern-als-zugang-einer-ganzheitlichen-bildung-im-sachunterricht\/#breadcrumb","itemListElement":[{"@type":"ListItem","position":1,"name":"Startseite","item":"https:\/\/shop.verlag.uni-potsdam.de\/en\/"},{"@type":"ListItem","position":2,"name":"Shop","item":"https:\/\/shop.verlag.uni-potsdam.de\/en\/shop\/"},{"@type":"ListItem","position":3,"name":"Imkern als Zugang einer ganzheitlichen Bildung im Sachunterricht"}]},{"@type":"WebSite","@id":"https:\/\/shop.verlag.uni-potsdam.de\/en\/#website","url":"https:\/\/shop.verlag.uni-potsdam.de\/en\/","name":"Universit\u00e4tsverlag Potsdam","description":"","publisher":{"@id":"https:\/\/shop.verlag.uni-potsdam.de\/en\/#organization"},"potentialAction":[{"@type":"SearchAction","target":{"@type":"EntryPoint","urlTemplate":"https:\/\/shop.verlag.uni-potsdam.de\/en\/?s={search_term_string}"},"query-input":{"@type":"PropertyValueSpecification","valueRequired":true,"valueName":"search_term_string"}}],"inLanguage":"en-US"},{"@type":"Organization","@id":"https:\/\/shop.verlag.uni-potsdam.de\/en\/#organization","name":"Universit\u00e4tsverlag Potsdam","url":"https:\/\/shop.verlag.uni-potsdam.de\/en\/","logo":{"@type":"ImageObject","inLanguage":"en-US","@id":"https:\/\/shop.verlag.uni-potsdam.de\/en\/#\/schema\/logo\/image\/","url":"https:\/\/shop.verlag.uni-potsdam.de\/wp-content\/uploads\/2017\/04\/up_logo_university_2.png","contentUrl":"https:\/\/shop.verlag.uni-potsdam.de\/wp-content\/uploads\/2017\/04\/up_logo_university_2.png","width":160,"height":172,"caption":"Universit\u00e4tsverlag Potsdam"},"image":{"@id":"https:\/\/shop.verlag.uni-potsdam.de\/en\/#\/schema\/logo\/image\/"}}]}},"_links":{"self":[{"href":"https:\/\/shop.verlag.uni-potsdam.de\/en\/wp-json\/wp\/v2\/product\/96212","targetHints":{"allow":["GET"]}}],"collection":[{"href":"https:\/\/shop.verlag.uni-potsdam.de\/en\/wp-json\/wp\/v2\/product"}],"about":[{"href":"https:\/\/shop.verlag.uni-potsdam.de\/en\/wp-json\/wp\/v2\/types\/product"}],"wp:featuredmedia":[{"embeddable":true,"href":"https:\/\/shop.verlag.uni-potsdam.de\/en\/wp-json\/wp\/v2\/media\/96248"}],"wp:attachment":[{"href":"https:\/\/shop.verlag.uni-potsdam.de\/en\/wp-json\/wp\/v2\/media?parent=96212"}],"wp:term":[{"taxonomy":"product_brand","embeddable":true,"href":"https:\/\/shop.verlag.uni-potsdam.de\/en\/wp-json\/wp\/v2\/product_brand?post=96212"},{"taxonomy":"product_cat","embeddable":true,"href":"https:\/\/shop.verlag.uni-potsdam.de\/en\/wp-json\/wp\/v2\/product_cat?post=96212"},{"taxonomy":"product_tag","embeddable":true,"href":"https:\/\/shop.verlag.uni-potsdam.de\/en\/wp-json\/wp\/v2\/product_tag?post=96212"}],"curies":[{"name":"wp","href":"https:\/\/api.w.org\/{rel}","templated":true}]}}