{"id":96225,"date":"2026-04-27T05:33:36","date_gmt":"2026-04-27T05:33:36","guid":{"rendered":"https:\/\/shop.verlag.uni-potsdam.de\/shop\/empty-product-container-6\/"},"modified":"2026-04-27T09:34:36","modified_gmt":"2026-04-27T07:34:36","slug":"konstruktion-eines-reflectorys-zum-sdg-14-leben-unter-wasser-im-rahmen-einer-kritisch-emanzipatorischen-bildung-fuer-nachhaltige-entwicklung","status":"publish","type":"product","link":"https:\/\/shop.verlag.uni-potsdam.de\/en\/shop\/konstruktion-eines-reflectorys-zum-sdg-14-leben-unter-wasser-im-rahmen-einer-kritisch-emanzipatorischen-bildung-fuer-nachhaltige-entwicklung\/","title":{"rendered":"Konstruktion eines Reflectorys zum SDG 14 \u201aLeben unter Wasser\u2018 im Rahmen einer kritisch-emanzipatorischen Bildung f\u00fcr nachhaltige Entwicklung"},"content":{"rendered":"<p class=\"qtranxs-available-languages-message qtranxs-available-languages-message-en\">Sorry, this entry is only available in <a href=\"https:\/\/shop.verlag.uni-potsdam.de\/de\/wp-json\/wp\/v2\/product\/96225\" class=\"qtranxs-available-language-link qtranxs-available-language-link-de\" title=\"Deutsch\">Deutsch<\/a>.<\/p><p><span id=\"abstractFull_142920\" class=\"abstractFull\" style=\"\">Der Umgang mit gegenw\u00e4rtigen Herausforderungen wie dem Fortschreiten der Klimakrise, dem Artensterben oder der Meeresverschmutzung erfordern zukunftsf\u00e4hige Kompetenzen, das Abw\u00e4gen verschiedener M\u00f6glichkeiten, eine kritische Positionierung sowie einen reflektierten, bewussten Umgang mit Ressourcen, um eine nachhaltige Entwicklung zu bewirken. Durch den Einsatz von Reflectories (zusammengesetzt aus \u201areflect\u2018 und \u201astories\u2018) k\u00f6nnen diese Kompetenzen gef\u00f6rdert werden, indem Sch\u00fcler*innen mit (Dilemma-)Situationen und komplexen Entscheidungen konfrontiert werden und dabei \u00f6kologische, \u00f6konomische, soziale sowie politische Zusammenh\u00e4nge betrachten. Reflectories stellen onlinebasierte Lernumgebungen dar, die jeweils zu einem Sustainable Development Goal (SDG) im Sinne einer Bildung f\u00fcr nachhaltige Entwicklung (BNE) konstruiert wurden. Dabei werden Lernende in eine Geschichte involviert, gestalten selbst den Weitergang des Reflectorys und erfahren Unsicherheit sowie Nicht-Wissen, da die Konsequenzen eigener Entscheidungen nicht immer absehbar sind. <\/p>\n<p>Die emanzipatorische Ausrichtung einer BNE m\u00f6chte Sch\u00fcler*innen bef\u00e4higen, eine nachhaltige Entwicklung kritisch, aktiv, m\u00fcndig, selbstbestimmt und verantwortungsvoll zu gestalten, um den Herausforderungen der Zukunft kompetent begegnen zu k\u00f6nnen. Im Rahmen der durchgef\u00fchrten Studie wurde untersucht, inwiefern eine kritisch-emanzipatorische Haltung bei Sch\u00fcler*innen durch den Einsatz eines Reflectorys zum SDG 14 \u201eLeben unter Wasser\u201c gef\u00f6rdert werden kann. <\/p>\n<p>Zur Beantwortung der Forschungsfrage wurde ein Reflectory zum SDG 14 \u201eLeben unter Wasser\u201c konstruiert und in zwei Schulklassen des zehnten Jahrgangs zweier Gymnasien in Brandenburg durchgef\u00fchrt. Im Anschluss daran erfolgte eine Nachbesprechung in Form einer Gruppendiskussion. Die Gruppendiskussionen wurden mithilfe des deduktiv-induktiven Verfahrens qualitativ ausgewertet.<\/p>\n<p>Durch die Gruppendiskussionen konnte zum einen ein kritisches Denken und Positionieren festgestellt werden, indem Handlungsm\u00f6glichkeiten sowie (Experten*innen-)Meinungen kritisch hinterfragt und eigene L\u00f6sungsvorschl\u00e4ge von Sch\u00fcler*innen entwickelt wurden. Zudem wurden Handlungsm\u00f6glichkeiten auf die eigene Lebenswelt \u00fcbertragen, sofern sich Sch\u00fcler*innen mit der Thematik identifizieren konnten. Dar\u00fcber hinaus dienten eigene Wertvorstellungen oder Bewertungsma\u00dfst\u00e4be als Orientierung, um mit Unsicherheit und Nicht-Wissen umgehen zu k\u00f6nnen.<\/span><span id=\"abstractThreeDots_142920\" class=\"abstractThreeDots\" style=\"display: none;\"><\/span><\/p>","protected":false},"excerpt":{"rendered":"<p class=\"qtranxs-available-languages-message qtranxs-available-languages-message-en\">Sorry, this entry is only available in <a href=\"https:\/\/shop.verlag.uni-potsdam.de\/de\/wp-json\/wp\/v2\/product\/96225\" class=\"qtranxs-available-language-link qtranxs-available-language-link-de\" title=\"Deutsch\">Deutsch<\/a>.<\/p>\n<p><span id=\"abstractFull_142920\" class=\"abstractFull\" style=\"\">Der Umgang mit gegenw\u00e4rtigen Herausforderungen wie dem Fortschreiten der Klimakrise, dem Artensterben oder der Meeresverschmutzung erfordern zukunftsf\u00e4hige Kompetenzen, das Abw\u00e4gen verschiedener M\u00f6glichkeiten, eine kritische Positionierung sowie einen reflektierten, bewussten Umgang mit Ressourcen, um eine nachhaltige Entwicklung zu bewirken. Durch den Einsatz von Reflectories (zusammengesetzt aus \u201areflect\u2018 und \u201astories\u2018) k\u00f6nnen diese Kompetenzen gef\u00f6rdert werden, indem Sch\u00fcler*innen mit (Dilemma-)Situationen und komplexen Entscheidungen konfrontiert werden und dabei \u00f6kologische, \u00f6konomische, soziale sowie politische Zusammenh\u00e4nge betrachten. Reflectories stellen onlinebasierte Lernumgebungen dar, die jeweils zu einem Sustainable Development Goal (SDG) im Sinne einer Bildung f\u00fcr nachhaltige Entwicklung (BNE) konstruiert wurden. Dabei werden Lernende in eine Geschichte involviert, gestalten selbst den Weitergang des Reflectorys und erfahren Unsicherheit sowie Nicht-Wissen, da die Konsequenzen eigener Entscheidungen nicht immer absehbar sind. <\/p>\n<p>Die emanzipatorische Ausrichtung einer BNE m\u00f6chte Sch\u00fcler*innen bef\u00e4higen, eine nachhaltige Entwicklung kritisch, aktiv, m\u00fcndig, selbstbestimmt und verantwortungsvoll zu gestalten, um den Herausforderungen der Zukunft kompetent begegnen zu k\u00f6nnen. Im Rahmen der durchgef\u00fchrten Studie wurde untersucht, inwiefern eine kritisch-emanzipatorische Haltung bei Sch\u00fcler*innen durch den Einsatz eines Reflectorys zum SDG 14 \u201eLeben unter Wasser\u201c gef\u00f6rdert werden kann. <\/p>\n<p>Zur Beantwortung der Forschungsfrage wurde ein Reflectory zum SDG 14 \u201eLeben unter Wasser\u201c konstruiert und in zwei Schulklassen des zehnten Jahrgangs zweier Gymnasien in Brandenburg durchgef\u00fchrt. Im Anschluss daran erfolgte eine Nachbesprechung in Form einer Gruppendiskussion. Die Gruppendiskussionen wurden mithilfe des deduktiv-induktiven Verfahrens qualitativ ausgewertet.<\/p>\n<p>Durch die Gruppendiskussionen konnte zum einen ein kritisches Denken und Positionieren festgestellt werden, indem Handlungsm\u00f6glichkeiten sowie (Experten*innen-)Meinungen kritisch hinterfragt und eigene L\u00f6sungsvorschl\u00e4ge von Sch\u00fcler*innen entwickelt wurden. Zudem wurden Handlungsm\u00f6glichkeiten auf die eigene Lebenswelt \u00fcbertragen, sofern sich Sch\u00fcler*innen mit der Thematik identifizieren konnten. Dar\u00fcber hinaus dienten eigene Wertvorstellungen oder Bewertungsma\u00dfst\u00e4be als Orientierung, um mit Unsicherheit und Nicht-Wissen umgehen zu k\u00f6nnen.<\/span><span id=\"abstractThreeDots_142920\" class=\"abstractThreeDots\" style=\"display: none;\"><\/span><\/p>\n","protected":false},"featured_media":96325,"template":"","meta":{"_acf_changed":false},"product_brand":[],"product_cat":[6166,6220],"product_tag":[6992],"class_list":{"0":"post-96225","1":"product","2":"type-product","3":"status-publish","4":"has-post-thumbnail","6":"product_cat-sozialwissenschaften-web-kategorie","7":"product_cat-paedagogik-web-kategorie","8":"product_tag-bildung-fuer-nachhaltige-entwicklung-reflectory-digitale-lernumgebung-emanzipatorische-lernprozesse-kritisches-denken","9":"autor-lisann-prote","10":"reihe-potsdamer-geographische-praxis","12":"first","13":"instock","14":"shipping-taxable","15":"purchasable","16":"product-type-simple"},"acf":[],"yoast_head":"<!-- This site is optimized with the Yoast SEO plugin v27.1.1 - https:\/\/yoast.com\/product\/yoast-seo-wordpress\/ -->\n<title>Konstruktion eines Reflectorys zum SDG 14 \u201aLeben unter Wasser\u2018 im Rahmen einer kritisch-emanzipatorischen Bildung f\u00fcr nachhaltige Entwicklung - Universit\u00e4tsverlag Potsdam<\/title>\n<meta name=\"robots\" content=\"index, follow, max-snippet:-1, max-image-preview:large, max-video-preview:-1\" \/>\n<link rel=\"canonical\" href=\"https:\/\/shop.verlag.uni-potsdam.de\/en\/shop\/konstruktion-eines-reflectorys-zum-sdg-14-leben-unter-wasser-im-rahmen-einer-kritisch-emanzipatorischen-bildung-fuer-nachhaltige-entwicklung\/\" \/>\n<meta property=\"og:locale\" content=\"en_US\" \/>\n<meta property=\"og:type\" content=\"article\" \/>\n<meta property=\"og:title\" content=\"Konstruktion eines Reflectorys zum SDG 14 \u201aLeben unter Wasser\u2018 im Rahmen einer kritisch-emanzipatorischen Bildung f\u00fcr nachhaltige Entwicklung - Universit\u00e4tsverlag Potsdam\" \/>\n<meta property=\"og:description\" content=\"Der Umgang mit gegenw\u00e4rtigen Herausforderungen wie dem Fortschreiten der Klimakrise, dem Artensterben oder der Meeresverschmutzung erfordern zukunftsf\u00e4hige Kompetenzen, das Abw\u00e4gen verschiedener M\u00f6glichkeiten, eine kritische Positionierung sowie einen reflektierten, bewussten Umgang mit Ressourcen, um eine nachhaltige Entwicklung zu bewirken. Durch den Einsatz von Reflectories (zusammengesetzt aus \u201areflect\u2018 und \u201astories\u2018) k\u00f6nnen diese Kompetenzen gef\u00f6rdert werden, indem Sch\u00fcler*innen mit (Dilemma-)Situationen und komplexen Entscheidungen konfrontiert werden und dabei \u00f6kologische, \u00f6konomische, soziale sowie politische Zusammenh\u00e4nge betrachten. Reflectories stellen onlinebasierte Lernumgebungen dar, die jeweils zu einem Sustainable Development Goal (SDG) im Sinne einer Bildung f\u00fcr nachhaltige Entwicklung (BNE) konstruiert wurden. Dabei werden Lernende in eine Geschichte involviert, gestalten selbst den Weitergang des Reflectorys und erfahren Unsicherheit sowie Nicht-Wissen, da die Konsequenzen eigener Entscheidungen nicht immer absehbar sind. Die emanzipatorische Ausrichtung einer BNE m\u00f6chte Sch\u00fcler*innen bef\u00e4higen, eine nachhaltige Entwicklung kritisch, aktiv, m\u00fcndig, selbstbestimmt und verantwortungsvoll zu gestalten, um den Herausforderungen der Zukunft kompetent begegnen zu k\u00f6nnen. Im Rahmen der durchgef\u00fchrten Studie wurde untersucht, inwiefern eine kritisch-emanzipatorische Haltung bei Sch\u00fcler*innen durch den Einsatz eines Reflectorys zum SDG 14 \u201eLeben unter Wasser\u201c gef\u00f6rdert werden kann. Zur Beantwortung der Forschungsfrage wurde ein Reflectory zum SDG 14 \u201eLeben unter Wasser\u201c konstruiert und in zwei Schulklassen des zehnten Jahrgangs zweier Gymnasien in Brandenburg durchgef\u00fchrt. Im Anschluss daran erfolgte eine Nachbesprechung in Form einer Gruppendiskussion. Die Gruppendiskussionen wurden mithilfe des deduktiv-induktiven Verfahrens qualitativ ausgewertet.Durch die Gruppendiskussionen konnte zum einen ein kritisches Denken und Positionieren festgestellt werden, indem Handlungsm\u00f6glichkeiten sowie (Experten*innen-)Meinungen kritisch hinterfragt und eigene L\u00f6sungsvorschl\u00e4ge von Sch\u00fcler*innen entwickelt wurden. Zudem wurden Handlungsm\u00f6glichkeiten auf die eigene Lebenswelt \u00fcbertragen, sofern sich Sch\u00fcler*innen mit der Thematik identifizieren konnten. Dar\u00fcber hinaus dienten eigene Wertvorstellungen oder Bewertungsma\u00dfst\u00e4be als Orientierung, um mit Unsicherheit und Nicht-Wissen umgehen zu k\u00f6nnen.\" \/>\n<meta property=\"og:url\" content=\"https:\/\/shop.verlag.uni-potsdam.de\/en\/shop\/konstruktion-eines-reflectorys-zum-sdg-14-leben-unter-wasser-im-rahmen-einer-kritisch-emanzipatorischen-bildung-fuer-nachhaltige-entwicklung\/\" \/>\n<meta property=\"og:site_name\" content=\"Universit\u00e4tsverlag Potsdam\" \/>\n<meta property=\"article:modified_time\" content=\"2026-04-27T07:34:36+00:00\" \/>\n<meta property=\"og:image\" content=\"https:\/\/shop.verlag.uni-potsdam.de\/wp-content\/uploads\/asolmerce\/image-u1_978-3-86956-570-5.jpg\" \/>\n\t<meta property=\"og:image:width\" content=\"1815\" \/>\n\t<meta property=\"og:image:height\" content=\"2560\" \/>\n\t<meta property=\"og:image:type\" content=\"image\/jpeg\" \/>\n<meta name=\"twitter:card\" content=\"summary_large_image\" \/>\n<meta name=\"twitter:label1\" content=\"Est. reading time\" \/>\n\t<meta name=\"twitter:data1\" content=\"2 minutes\" \/>\n<script type=\"application\/ld+json\" class=\"yoast-schema-graph\">{\"@context\":\"https:\/\/schema.org\",\"@graph\":[{\"@type\":\"WebPage\",\"@id\":\"https:\/\/shop.verlag.uni-potsdam.de\/en\/shop\/konstruktion-eines-reflectorys-zum-sdg-14-leben-unter-wasser-im-rahmen-einer-kritisch-emanzipatorischen-bildung-fuer-nachhaltige-entwicklung\/\",\"url\":\"https:\/\/shop.verlag.uni-potsdam.de\/en\/shop\/konstruktion-eines-reflectorys-zum-sdg-14-leben-unter-wasser-im-rahmen-einer-kritisch-emanzipatorischen-bildung-fuer-nachhaltige-entwicklung\/\",\"name\":\"Konstruktion eines Reflectorys zum SDG 14 \u201aLeben unter Wasser\u2018 im Rahmen einer kritisch-emanzipatorischen Bildung f\u00fcr nachhaltige Entwicklung - Universit\u00e4tsverlag Potsdam\",\"isPartOf\":{\"@id\":\"https:\/\/shop.verlag.uni-potsdam.de\/en\/#website\"},\"primaryImageOfPage\":{\"@id\":\"https:\/\/shop.verlag.uni-potsdam.de\/en\/shop\/konstruktion-eines-reflectorys-zum-sdg-14-leben-unter-wasser-im-rahmen-einer-kritisch-emanzipatorischen-bildung-fuer-nachhaltige-entwicklung\/#primaryimage\"},\"image\":{\"@id\":\"https:\/\/shop.verlag.uni-potsdam.de\/shop\/konstruktion-eines-reflectorys-zum-sdg-14-leben-unter-wasser-im-rahmen-einer-kritisch-emanzipatorischen-bildung-fuer-nachhaltige-entwicklung\/#primaryimage\"},\"thumbnailUrl\":\"https:\/\/shop.verlag.uni-potsdam.de\/wp-content\/uploads\/asolmerce\/image-u1_978-3-86956-570-5.jpg\",\"datePublished\":\"2026-04-27T05:33:36+00:00\",\"dateModified\":\"2026-04-27T07:34:36+00:00\",\"breadcrumb\":{\"@id\":\"https:\/\/shop.verlag.uni-potsdam.de\/en\/shop\/konstruktion-eines-reflectorys-zum-sdg-14-leben-unter-wasser-im-rahmen-einer-kritisch-emanzipatorischen-bildung-fuer-nachhaltige-entwicklung\/#breadcrumb\"},\"inLanguage\":\"en-US\",\"potentialAction\":[{\"@type\":\"ReadAction\",\"target\":[[\"https:\/\/shop.verlag.uni-potsdam.de\/en\/shop\/konstruktion-eines-reflectorys-zum-sdg-14-leben-unter-wasser-im-rahmen-einer-kritisch-emanzipatorischen-bildung-fuer-nachhaltige-entwicklung\/\"]]}]},{\"@type\":\"ImageObject\",\"inLanguage\":\"en-US\",\"@id\":\"https:\/\/shop.verlag.uni-potsdam.de\/en\/shop\/konstruktion-eines-reflectorys-zum-sdg-14-leben-unter-wasser-im-rahmen-einer-kritisch-emanzipatorischen-bildung-fuer-nachhaltige-entwicklung\/#primaryimage\",\"url\":\"https:\/\/shop.verlag.uni-potsdam.de\/wp-content\/uploads\/asolmerce\/image-u1_978-3-86956-570-5.jpg\",\"contentUrl\":\"https:\/\/shop.verlag.uni-potsdam.de\/wp-content\/uploads\/asolmerce\/image-u1_978-3-86956-570-5.jpg\",\"width\":1815,\"height\":2560},{\"@type\":\"BreadcrumbList\",\"@id\":\"https:\/\/shop.verlag.uni-potsdam.de\/en\/shop\/konstruktion-eines-reflectorys-zum-sdg-14-leben-unter-wasser-im-rahmen-einer-kritisch-emanzipatorischen-bildung-fuer-nachhaltige-entwicklung\/#breadcrumb\",\"itemListElement\":[{\"@type\":\"ListItem\",\"position\":1,\"name\":\"Startseite\",\"item\":\"https:\/\/shop.verlag.uni-potsdam.de\/en\/\"},{\"@type\":\"ListItem\",\"position\":2,\"name\":\"Shop\",\"item\":\"https:\/\/shop.verlag.uni-potsdam.de\/en\/shop\/\"},{\"@type\":\"ListItem\",\"position\":3,\"name\":\"Konstruktion eines Reflectorys zum SDG 14 \u201aLeben unter Wasser\u2018 im Rahmen einer kritisch-emanzipatorischen Bildung f\u00fcr nachhaltige Entwicklung\"}]},{\"@type\":\"WebSite\",\"@id\":\"https:\/\/shop.verlag.uni-potsdam.de\/en\/#website\",\"url\":\"https:\/\/shop.verlag.uni-potsdam.de\/en\/\",\"name\":\"Universit\u00e4tsverlag Potsdam\",\"description\":\"\",\"publisher\":{\"@id\":\"https:\/\/shop.verlag.uni-potsdam.de\/en\/#organization\"},\"potentialAction\":[{\"@type\":\"SearchAction\",\"target\":{\"@type\":\"EntryPoint\",\"urlTemplate\":\"https:\/\/shop.verlag.uni-potsdam.de\/en\/?s={search_term_string}\"},\"query-input\":{\"@type\":\"PropertyValueSpecification\",\"valueRequired\":true,\"valueName\":\"search_term_string\"}}],\"inLanguage\":\"en-US\"},{\"@type\":\"Organization\",\"@id\":\"https:\/\/shop.verlag.uni-potsdam.de\/en\/#organization\",\"name\":\"Universit\u00e4tsverlag Potsdam\",\"url\":\"https:\/\/shop.verlag.uni-potsdam.de\/en\/\",\"logo\":{\"@type\":\"ImageObject\",\"inLanguage\":\"en-US\",\"@id\":\"https:\/\/shop.verlag.uni-potsdam.de\/en\/#\/schema\/logo\/image\/\",\"url\":\"https:\/\/shop.verlag.uni-potsdam.de\/wp-content\/uploads\/2017\/04\/up_logo_university_2.png\",\"contentUrl\":\"https:\/\/shop.verlag.uni-potsdam.de\/wp-content\/uploads\/2017\/04\/up_logo_university_2.png\",\"width\":160,\"height\":172,\"caption\":\"Universit\u00e4tsverlag Potsdam\"},\"image\":{\"@id\":\"https:\/\/shop.verlag.uni-potsdam.de\/en\/#\/schema\/logo\/image\/\"}}]}<\/script>\n<!-- \/ Yoast SEO plugin. -->","yoast_head_json":{"title":"Konstruktion eines Reflectorys zum SDG 14 \u201aLeben unter Wasser\u2018 im Rahmen einer kritisch-emanzipatorischen Bildung f\u00fcr nachhaltige Entwicklung - Universit\u00e4tsverlag Potsdam","robots":{"index":"index","follow":"follow","max-snippet":"max-snippet:-1","max-image-preview":"max-image-preview:large","max-video-preview":"max-video-preview:-1"},"canonical":"https:\/\/shop.verlag.uni-potsdam.de\/en\/shop\/konstruktion-eines-reflectorys-zum-sdg-14-leben-unter-wasser-im-rahmen-einer-kritisch-emanzipatorischen-bildung-fuer-nachhaltige-entwicklung\/","og_locale":"en_US","og_type":"article","og_title":"Konstruktion eines Reflectorys zum SDG 14 \u201aLeben unter Wasser\u2018 im Rahmen einer kritisch-emanzipatorischen Bildung f\u00fcr nachhaltige Entwicklung - Universit\u00e4tsverlag Potsdam","og_description":"Der Umgang mit gegenw\u00e4rtigen Herausforderungen wie dem Fortschreiten der Klimakrise, dem Artensterben oder der Meeresverschmutzung erfordern zukunftsf\u00e4hige Kompetenzen, das Abw\u00e4gen verschiedener M\u00f6glichkeiten, eine kritische Positionierung sowie einen reflektierten, bewussten Umgang mit Ressourcen, um eine nachhaltige Entwicklung zu bewirken. Durch den Einsatz von Reflectories (zusammengesetzt aus \u201areflect\u2018 und \u201astories\u2018) k\u00f6nnen diese Kompetenzen gef\u00f6rdert werden, indem Sch\u00fcler*innen mit (Dilemma-)Situationen und komplexen Entscheidungen konfrontiert werden und dabei \u00f6kologische, \u00f6konomische, soziale sowie politische Zusammenh\u00e4nge betrachten. Reflectories stellen onlinebasierte Lernumgebungen dar, die jeweils zu einem Sustainable Development Goal (SDG) im Sinne einer Bildung f\u00fcr nachhaltige Entwicklung (BNE) konstruiert wurden. Dabei werden Lernende in eine Geschichte involviert, gestalten selbst den Weitergang des Reflectorys und erfahren Unsicherheit sowie Nicht-Wissen, da die Konsequenzen eigener Entscheidungen nicht immer absehbar sind. Die emanzipatorische Ausrichtung einer BNE m\u00f6chte Sch\u00fcler*innen bef\u00e4higen, eine nachhaltige Entwicklung kritisch, aktiv, m\u00fcndig, selbstbestimmt und verantwortungsvoll zu gestalten, um den Herausforderungen der Zukunft kompetent begegnen zu k\u00f6nnen. Im Rahmen der durchgef\u00fchrten Studie wurde untersucht, inwiefern eine kritisch-emanzipatorische Haltung bei Sch\u00fcler*innen durch den Einsatz eines Reflectorys zum SDG 14 \u201eLeben unter Wasser\u201c gef\u00f6rdert werden kann. Zur Beantwortung der Forschungsfrage wurde ein Reflectory zum SDG 14 \u201eLeben unter Wasser\u201c konstruiert und in zwei Schulklassen des zehnten Jahrgangs zweier Gymnasien in Brandenburg durchgef\u00fchrt. Im Anschluss daran erfolgte eine Nachbesprechung in Form einer Gruppendiskussion. Die Gruppendiskussionen wurden mithilfe des deduktiv-induktiven Verfahrens qualitativ ausgewertet.Durch die Gruppendiskussionen konnte zum einen ein kritisches Denken und Positionieren festgestellt werden, indem Handlungsm\u00f6glichkeiten sowie (Experten*innen-)Meinungen kritisch hinterfragt und eigene L\u00f6sungsvorschl\u00e4ge von Sch\u00fcler*innen entwickelt wurden. Zudem wurden Handlungsm\u00f6glichkeiten auf die eigene Lebenswelt \u00fcbertragen, sofern sich Sch\u00fcler*innen mit der Thematik identifizieren konnten. Dar\u00fcber hinaus dienten eigene Wertvorstellungen oder Bewertungsma\u00dfst\u00e4be als Orientierung, um mit Unsicherheit und Nicht-Wissen umgehen zu k\u00f6nnen.","og_url":"https:\/\/shop.verlag.uni-potsdam.de\/en\/shop\/konstruktion-eines-reflectorys-zum-sdg-14-leben-unter-wasser-im-rahmen-einer-kritisch-emanzipatorischen-bildung-fuer-nachhaltige-entwicklung\/","og_site_name":"Universit\u00e4tsverlag Potsdam","article_modified_time":"2026-04-27T07:34:36+00:00","og_image":[{"width":1815,"height":2560,"url":"https:\/\/shop.verlag.uni-potsdam.de\/wp-content\/uploads\/asolmerce\/image-u1_978-3-86956-570-5.jpg","type":"image\/jpeg"}],"twitter_card":"summary_large_image","twitter_misc":{"Est. reading time":"2 minutes"},"schema":{"@context":"https:\/\/schema.org","@graph":[{"@type":"WebPage","@id":"https:\/\/shop.verlag.uni-potsdam.de\/en\/shop\/konstruktion-eines-reflectorys-zum-sdg-14-leben-unter-wasser-im-rahmen-einer-kritisch-emanzipatorischen-bildung-fuer-nachhaltige-entwicklung\/","url":"https:\/\/shop.verlag.uni-potsdam.de\/en\/shop\/konstruktion-eines-reflectorys-zum-sdg-14-leben-unter-wasser-im-rahmen-einer-kritisch-emanzipatorischen-bildung-fuer-nachhaltige-entwicklung\/","name":"Konstruktion eines Reflectorys zum SDG 14 \u201aLeben unter Wasser\u2018 im Rahmen einer kritisch-emanzipatorischen Bildung f\u00fcr nachhaltige Entwicklung - Universit\u00e4tsverlag Potsdam","isPartOf":{"@id":"https:\/\/shop.verlag.uni-potsdam.de\/en\/#website"},"primaryImageOfPage":{"@id":"https:\/\/shop.verlag.uni-potsdam.de\/en\/shop\/konstruktion-eines-reflectorys-zum-sdg-14-leben-unter-wasser-im-rahmen-einer-kritisch-emanzipatorischen-bildung-fuer-nachhaltige-entwicklung\/#primaryimage"},"image":{"@id":"https:\/\/shop.verlag.uni-potsdam.de\/shop\/konstruktion-eines-reflectorys-zum-sdg-14-leben-unter-wasser-im-rahmen-einer-kritisch-emanzipatorischen-bildung-fuer-nachhaltige-entwicklung\/#primaryimage"},"thumbnailUrl":"https:\/\/shop.verlag.uni-potsdam.de\/wp-content\/uploads\/asolmerce\/image-u1_978-3-86956-570-5.jpg","datePublished":"2026-04-27T05:33:36+00:00","dateModified":"2026-04-27T07:34:36+00:00","breadcrumb":{"@id":"https:\/\/shop.verlag.uni-potsdam.de\/en\/shop\/konstruktion-eines-reflectorys-zum-sdg-14-leben-unter-wasser-im-rahmen-einer-kritisch-emanzipatorischen-bildung-fuer-nachhaltige-entwicklung\/#breadcrumb"},"inLanguage":"en-US","potentialAction":[{"@type":"ReadAction","target":[["https:\/\/shop.verlag.uni-potsdam.de\/en\/shop\/konstruktion-eines-reflectorys-zum-sdg-14-leben-unter-wasser-im-rahmen-einer-kritisch-emanzipatorischen-bildung-fuer-nachhaltige-entwicklung\/"]]}]},{"@type":"ImageObject","inLanguage":"en-US","@id":"https:\/\/shop.verlag.uni-potsdam.de\/en\/shop\/konstruktion-eines-reflectorys-zum-sdg-14-leben-unter-wasser-im-rahmen-einer-kritisch-emanzipatorischen-bildung-fuer-nachhaltige-entwicklung\/#primaryimage","url":"https:\/\/shop.verlag.uni-potsdam.de\/wp-content\/uploads\/asolmerce\/image-u1_978-3-86956-570-5.jpg","contentUrl":"https:\/\/shop.verlag.uni-potsdam.de\/wp-content\/uploads\/asolmerce\/image-u1_978-3-86956-570-5.jpg","width":1815,"height":2560},{"@type":"BreadcrumbList","@id":"https:\/\/shop.verlag.uni-potsdam.de\/en\/shop\/konstruktion-eines-reflectorys-zum-sdg-14-leben-unter-wasser-im-rahmen-einer-kritisch-emanzipatorischen-bildung-fuer-nachhaltige-entwicklung\/#breadcrumb","itemListElement":[{"@type":"ListItem","position":1,"name":"Startseite","item":"https:\/\/shop.verlag.uni-potsdam.de\/en\/"},{"@type":"ListItem","position":2,"name":"Shop","item":"https:\/\/shop.verlag.uni-potsdam.de\/en\/shop\/"},{"@type":"ListItem","position":3,"name":"Konstruktion eines Reflectorys zum SDG 14 \u201aLeben unter Wasser\u2018 im Rahmen einer kritisch-emanzipatorischen Bildung f\u00fcr nachhaltige Entwicklung"}]},{"@type":"WebSite","@id":"https:\/\/shop.verlag.uni-potsdam.de\/en\/#website","url":"https:\/\/shop.verlag.uni-potsdam.de\/en\/","name":"Universit\u00e4tsverlag Potsdam","description":"","publisher":{"@id":"https:\/\/shop.verlag.uni-potsdam.de\/en\/#organization"},"potentialAction":[{"@type":"SearchAction","target":{"@type":"EntryPoint","urlTemplate":"https:\/\/shop.verlag.uni-potsdam.de\/en\/?s={search_term_string}"},"query-input":{"@type":"PropertyValueSpecification","valueRequired":true,"valueName":"search_term_string"}}],"inLanguage":"en-US"},{"@type":"Organization","@id":"https:\/\/shop.verlag.uni-potsdam.de\/en\/#organization","name":"Universit\u00e4tsverlag Potsdam","url":"https:\/\/shop.verlag.uni-potsdam.de\/en\/","logo":{"@type":"ImageObject","inLanguage":"en-US","@id":"https:\/\/shop.verlag.uni-potsdam.de\/en\/#\/schema\/logo\/image\/","url":"https:\/\/shop.verlag.uni-potsdam.de\/wp-content\/uploads\/2017\/04\/up_logo_university_2.png","contentUrl":"https:\/\/shop.verlag.uni-potsdam.de\/wp-content\/uploads\/2017\/04\/up_logo_university_2.png","width":160,"height":172,"caption":"Universit\u00e4tsverlag Potsdam"},"image":{"@id":"https:\/\/shop.verlag.uni-potsdam.de\/en\/#\/schema\/logo\/image\/"}}]}},"_links":{"self":[{"href":"https:\/\/shop.verlag.uni-potsdam.de\/en\/wp-json\/wp\/v2\/product\/96225","targetHints":{"allow":["GET"]}}],"collection":[{"href":"https:\/\/shop.verlag.uni-potsdam.de\/en\/wp-json\/wp\/v2\/product"}],"about":[{"href":"https:\/\/shop.verlag.uni-potsdam.de\/en\/wp-json\/wp\/v2\/types\/product"}],"wp:featuredmedia":[{"embeddable":true,"href":"https:\/\/shop.verlag.uni-potsdam.de\/en\/wp-json\/wp\/v2\/media\/96325"}],"wp:attachment":[{"href":"https:\/\/shop.verlag.uni-potsdam.de\/en\/wp-json\/wp\/v2\/media?parent=96225"}],"wp:term":[{"taxonomy":"product_brand","embeddable":true,"href":"https:\/\/shop.verlag.uni-potsdam.de\/en\/wp-json\/wp\/v2\/product_brand?post=96225"},{"taxonomy":"product_cat","embeddable":true,"href":"https:\/\/shop.verlag.uni-potsdam.de\/en\/wp-json\/wp\/v2\/product_cat?post=96225"},{"taxonomy":"product_tag","embeddable":true,"href":"https:\/\/shop.verlag.uni-potsdam.de\/en\/wp-json\/wp\/v2\/product_tag?post=96225"}],"curies":[{"name":"wp","href":"https:\/\/api.w.org\/{rel}","templated":true}]}}