{"id":96226,"date":"2026-04-27T05:38:34","date_gmt":"2026-04-27T05:38:34","guid":{"rendered":"https:\/\/shop.verlag.uni-potsdam.de\/shop\/empty-product-container-6\/"},"modified":"2026-04-27T09:39:34","modified_gmt":"2026-04-27T07:39:34","slug":"historische-bildquellen","status":"publish","type":"product","link":"https:\/\/shop.verlag.uni-potsdam.de\/en\/shop\/historische-bildquellen\/","title":{"rendered":"Historische Bildquellen"},"content":{"rendered":"<p class=\"qtranxs-available-languages-message qtranxs-available-languages-message-en\">Sorry, this entry is only available in <a href=\"https:\/\/shop.verlag.uni-potsdam.de\/de\/wp-json\/wp\/v2\/product\/96226\" class=\"qtranxs-available-language-link qtranxs-available-language-link-de\" title=\"Deutsch\">Deutsch<\/a>.<\/p><p><\/p>\n<div>Bilder sind ein Wesensmerkmal europ\u00e4ischer Kultur. Ihre Interpretation als historische Bildquelle, auch historische Bildkunde genannt, ist eine an Bedeutung wachsende historische Hilfswissenschaft. Sie vereint kunsthistorische, bildwissenschaftliche ebenso wie unterschiedliche historische Methoden und hat allein durch die Vielfalt der dargestellten Motive ein noch l\u00e4ngst nicht ausgesch\u00f6pftes Potenzial f\u00fcr unterschiedliche Fragestellungen. Die vorliegende Handreichung bietet erstmals eine praxisnahe methodische Einf\u00fchrung in die Interpretation brandenburgischer Bildquellen. Sie richtet sich an jeden historisch Interessierten ebenso wie an angehende Geschichtslehrer und Landeshistoriker.<\/div>\n<div><\/div>\n<p>Neben grundlegenden Hinweisen zum Auffinden von Bildern bietet diese Publikation eine Schritt-F\u00fcr-Schritt-Anleitung zu deren Interpretation, inklusive einem Kapitel zu Bildrechten. F\u00fcr die 15 sorgf\u00e4ltig ausgew\u00e4hlten Beispielinterpretationen von Ortsansichten, Ereignisdarstellungen, Genrebildern und Portr\u00e4ts vom 16. bis zum 19. Jahrhundert in Malerei, Zeichnung und Druckgraphik kann die Autorin auf ihre \u00fcber 20-j\u00e4hrige wissenschaftliche Besch\u00e4ftigung mit dieser Quellengattung zur\u00fcckgreifen.<\/p>","protected":false},"excerpt":{"rendered":"<p class=\"qtranxs-available-languages-message qtranxs-available-languages-message-en\">Sorry, this entry is only available in <a href=\"https:\/\/shop.verlag.uni-potsdam.de\/de\/wp-json\/wp\/v2\/product\/96226\" class=\"qtranxs-available-language-link qtranxs-available-language-link-de\" title=\"Deutsch\">Deutsch<\/a>.<\/p>\n<div>Bilder sind ein Wesensmerkmal europ\u00e4ischer Kultur. Ihre Interpretation als historische Bildquelle, auch historische Bildkunde genannt, ist eine an Bedeutung wachsende historische Hilfswissenschaft. Sie vereint kunsthistorische, bildwissenschaftliche ebenso wie unterschiedliche historische Methoden und hat allein durch die Vielfalt der dargestellten Motive ein noch l\u00e4ngst nicht ausgesch\u00f6pftes Potenzial f\u00fcr unterschiedliche Fragestellungen. Die vorliegende Handreichung bietet erstmals eine praxisnahe methodische Einf\u00fchrung in die Interpretation brandenburgischer Bildquellen. Sie richtet sich an jeden historisch Interessierten ebenso wie an angehende Geschichtslehrer und Landeshistoriker.<\/div>\n<div><\/div>\n<p>Neben grundlegenden Hinweisen zum Auffinden von Bildern bietet diese Publikation eine Schritt-F\u00fcr-Schritt-Anleitung zu deren Interpretation, inklusive einem Kapitel zu Bildrechten. F\u00fcr die 15 sorgf\u00e4ltig ausgew\u00e4hlten Beispielinterpretationen von Ortsansichten, Ereignisdarstellungen, Genrebildern und Portr\u00e4ts vom 16. bis zum 19. Jahrhundert in Malerei, Zeichnung und Druckgraphik kann die Autorin auf ihre \u00fcber 20-j\u00e4hrige wissenschaftliche Besch\u00e4ftigung mit dieser Quellengattung zur\u00fcckgreifen.<\/p>\n","protected":false},"featured_media":96229,"template":"","meta":{"_acf_changed":false},"product_brand":[],"product_cat":[6208,6207,6217],"product_tag":[],"class_list":{"0":"post-96226","1":"product","2":"type-product","3":"status-publish","4":"has-post-thumbnail","6":"product_cat-geisteswissenschaften-web-kategorie","7":"product_cat-geschichte-web-kategorie","8":"product_cat-medien-kommunikation-web-kategorie","9":"autor-iris-berndt","11":"first","12":"instock","13":"shipping-taxable","14":"purchasable","15":"product-type-simple"},"acf":[],"yoast_head":"<!-- This site is optimized with the Yoast SEO plugin v27.1.1 - https:\/\/yoast.com\/product\/yoast-seo-wordpress\/ -->\n<title>Historische Bildquellen - Universit\u00e4tsverlag Potsdam<\/title>\n<meta name=\"robots\" content=\"index, follow, max-snippet:-1, max-image-preview:large, max-video-preview:-1\" \/>\n<link rel=\"canonical\" href=\"https:\/\/shop.verlag.uni-potsdam.de\/en\/shop\/historische-bildquellen\/\" \/>\n<meta property=\"og:locale\" content=\"en_US\" \/>\n<meta property=\"og:type\" content=\"article\" \/>\n<meta property=\"og:title\" content=\"Historische Bildquellen - Universit\u00e4tsverlag Potsdam\" \/>\n<meta property=\"og:description\" content=\"Bilder sind ein Wesensmerkmal europ\u00e4ischer Kultur. Ihre Interpretation als historische Bildquelle, auch historische Bildkunde genannt, ist eine an Bedeutung wachsende historische Hilfswissenschaft. Sie vereint kunsthistorische, bildwissenschaftliche ebenso wie unterschiedliche historische Methoden und hat allein durch die Vielfalt der dargestellten Motive ein noch l\u00e4ngst nicht ausgesch\u00f6pftes Potenzial f\u00fcr unterschiedliche Fragestellungen. Die vorliegende Handreichung bietet erstmals eine praxisnahe methodische Einf\u00fchrung in die Interpretation brandenburgischer Bildquellen. Sie richtet sich an jeden historisch Interessierten ebenso wie an angehende Geschichtslehrer und Landeshistoriker.Neben grundlegenden Hinweisen zum Auffinden von Bildern bietet diese Publikation eine Schritt-F\u00fcr-Schritt-Anleitung zu deren Interpretation, inklusive einem Kapitel zu Bildrechten. F\u00fcr die 15 sorgf\u00e4ltig ausgew\u00e4hlten Beispielinterpretationen von Ortsansichten, Ereignisdarstellungen, Genrebildern und Portr\u00e4ts vom 16. bis zum 19. Jahrhundert in Malerei, Zeichnung und Druckgraphik kann die Autorin auf ihre \u00fcber 20-j\u00e4hrige wissenschaftliche Besch\u00e4ftigung mit dieser Quellengattung zur\u00fcckgreifen.\" \/>\n<meta property=\"og:url\" content=\"https:\/\/shop.verlag.uni-potsdam.de\/en\/shop\/historische-bildquellen\/\" \/>\n<meta property=\"og:site_name\" content=\"Universit\u00e4tsverlag Potsdam\" \/>\n<meta property=\"article:modified_time\" content=\"2026-04-27T07:39:34+00:00\" \/>\n<meta property=\"og:image\" content=\"https:\/\/shop.verlag.uni-potsdam.de\/wp-content\/uploads\/asolmerce\/image-u1_9783869565866.jpg\" \/>\n\t<meta property=\"og:image:width\" content=\"1809\" \/>\n\t<meta property=\"og:image:height\" content=\"2560\" \/>\n\t<meta property=\"og:image:type\" content=\"image\/jpeg\" \/>\n<meta name=\"twitter:card\" content=\"summary_large_image\" \/>\n<meta name=\"twitter:label1\" content=\"Est. reading time\" \/>\n\t<meta name=\"twitter:data1\" content=\"1 minute\" \/>\n<script type=\"application\/ld+json\" class=\"yoast-schema-graph\">{\"@context\":\"https:\/\/schema.org\",\"@graph\":[{\"@type\":\"WebPage\",\"@id\":\"https:\/\/shop.verlag.uni-potsdam.de\/en\/shop\/historische-bildquellen\/\",\"url\":\"https:\/\/shop.verlag.uni-potsdam.de\/en\/shop\/historische-bildquellen\/\",\"name\":\"Historische Bildquellen - Universit\u00e4tsverlag Potsdam\",\"isPartOf\":{\"@id\":\"https:\/\/shop.verlag.uni-potsdam.de\/en\/#website\"},\"primaryImageOfPage\":{\"@id\":\"https:\/\/shop.verlag.uni-potsdam.de\/en\/shop\/historische-bildquellen\/#primaryimage\"},\"image\":{\"@id\":\"https:\/\/shop.verlag.uni-potsdam.de\/shop\/historische-bildquellen\/#primaryimage\"},\"thumbnailUrl\":\"https:\/\/shop.verlag.uni-potsdam.de\/wp-content\/uploads\/asolmerce\/image-u1_9783869565866.jpg\",\"datePublished\":\"2026-04-27T05:38:34+00:00\",\"dateModified\":\"2026-04-27T07:39:34+00:00\",\"breadcrumb\":{\"@id\":\"https:\/\/shop.verlag.uni-potsdam.de\/en\/shop\/historische-bildquellen\/#breadcrumb\"},\"inLanguage\":\"en-US\",\"potentialAction\":[{\"@type\":\"ReadAction\",\"target\":[[\"https:\/\/shop.verlag.uni-potsdam.de\/en\/shop\/historische-bildquellen\/\"]]}]},{\"@type\":\"ImageObject\",\"inLanguage\":\"en-US\",\"@id\":\"https:\/\/shop.verlag.uni-potsdam.de\/en\/shop\/historische-bildquellen\/#primaryimage\",\"url\":\"https:\/\/shop.verlag.uni-potsdam.de\/wp-content\/uploads\/asolmerce\/image-u1_9783869565866.jpg\",\"contentUrl\":\"https:\/\/shop.verlag.uni-potsdam.de\/wp-content\/uploads\/asolmerce\/image-u1_9783869565866.jpg\",\"width\":1809,\"height\":2560},{\"@type\":\"BreadcrumbList\",\"@id\":\"https:\/\/shop.verlag.uni-potsdam.de\/en\/shop\/historische-bildquellen\/#breadcrumb\",\"itemListElement\":[{\"@type\":\"ListItem\",\"position\":1,\"name\":\"Startseite\",\"item\":\"https:\/\/shop.verlag.uni-potsdam.de\/en\/\"},{\"@type\":\"ListItem\",\"position\":2,\"name\":\"Shop\",\"item\":\"https:\/\/shop.verlag.uni-potsdam.de\/en\/shop\/\"},{\"@type\":\"ListItem\",\"position\":3,\"name\":\"Historische Bildquellen\"}]},{\"@type\":\"WebSite\",\"@id\":\"https:\/\/shop.verlag.uni-potsdam.de\/en\/#website\",\"url\":\"https:\/\/shop.verlag.uni-potsdam.de\/en\/\",\"name\":\"Universit\u00e4tsverlag Potsdam\",\"description\":\"\",\"publisher\":{\"@id\":\"https:\/\/shop.verlag.uni-potsdam.de\/en\/#organization\"},\"potentialAction\":[{\"@type\":\"SearchAction\",\"target\":{\"@type\":\"EntryPoint\",\"urlTemplate\":\"https:\/\/shop.verlag.uni-potsdam.de\/en\/?s={search_term_string}\"},\"query-input\":{\"@type\":\"PropertyValueSpecification\",\"valueRequired\":true,\"valueName\":\"search_term_string\"}}],\"inLanguage\":\"en-US\"},{\"@type\":\"Organization\",\"@id\":\"https:\/\/shop.verlag.uni-potsdam.de\/en\/#organization\",\"name\":\"Universit\u00e4tsverlag Potsdam\",\"url\":\"https:\/\/shop.verlag.uni-potsdam.de\/en\/\",\"logo\":{\"@type\":\"ImageObject\",\"inLanguage\":\"en-US\",\"@id\":\"https:\/\/shop.verlag.uni-potsdam.de\/en\/#\/schema\/logo\/image\/\",\"url\":\"https:\/\/shop.verlag.uni-potsdam.de\/wp-content\/uploads\/2017\/04\/up_logo_university_2.png\",\"contentUrl\":\"https:\/\/shop.verlag.uni-potsdam.de\/wp-content\/uploads\/2017\/04\/up_logo_university_2.png\",\"width\":160,\"height\":172,\"caption\":\"Universit\u00e4tsverlag Potsdam\"},\"image\":{\"@id\":\"https:\/\/shop.verlag.uni-potsdam.de\/en\/#\/schema\/logo\/image\/\"}}]}<\/script>\n<!-- \/ Yoast SEO plugin. -->","yoast_head_json":{"title":"Historische Bildquellen - Universit\u00e4tsverlag Potsdam","robots":{"index":"index","follow":"follow","max-snippet":"max-snippet:-1","max-image-preview":"max-image-preview:large","max-video-preview":"max-video-preview:-1"},"canonical":"https:\/\/shop.verlag.uni-potsdam.de\/en\/shop\/historische-bildquellen\/","og_locale":"en_US","og_type":"article","og_title":"Historische Bildquellen - Universit\u00e4tsverlag Potsdam","og_description":"Bilder sind ein Wesensmerkmal europ\u00e4ischer Kultur. Ihre Interpretation als historische Bildquelle, auch historische Bildkunde genannt, ist eine an Bedeutung wachsende historische Hilfswissenschaft. Sie vereint kunsthistorische, bildwissenschaftliche ebenso wie unterschiedliche historische Methoden und hat allein durch die Vielfalt der dargestellten Motive ein noch l\u00e4ngst nicht ausgesch\u00f6pftes Potenzial f\u00fcr unterschiedliche Fragestellungen. Die vorliegende Handreichung bietet erstmals eine praxisnahe methodische Einf\u00fchrung in die Interpretation brandenburgischer Bildquellen. Sie richtet sich an jeden historisch Interessierten ebenso wie an angehende Geschichtslehrer und Landeshistoriker.Neben grundlegenden Hinweisen zum Auffinden von Bildern bietet diese Publikation eine Schritt-F\u00fcr-Schritt-Anleitung zu deren Interpretation, inklusive einem Kapitel zu Bildrechten. F\u00fcr die 15 sorgf\u00e4ltig ausgew\u00e4hlten Beispielinterpretationen von Ortsansichten, Ereignisdarstellungen, Genrebildern und Portr\u00e4ts vom 16. bis zum 19. Jahrhundert in Malerei, Zeichnung und Druckgraphik kann die Autorin auf ihre \u00fcber 20-j\u00e4hrige wissenschaftliche Besch\u00e4ftigung mit dieser Quellengattung zur\u00fcckgreifen.","og_url":"https:\/\/shop.verlag.uni-potsdam.de\/en\/shop\/historische-bildquellen\/","og_site_name":"Universit\u00e4tsverlag Potsdam","article_modified_time":"2026-04-27T07:39:34+00:00","og_image":[{"width":1809,"height":2560,"url":"https:\/\/shop.verlag.uni-potsdam.de\/wp-content\/uploads\/asolmerce\/image-u1_9783869565866.jpg","type":"image\/jpeg"}],"twitter_card":"summary_large_image","twitter_misc":{"Est. reading time":"1 minute"},"schema":{"@context":"https:\/\/schema.org","@graph":[{"@type":"WebPage","@id":"https:\/\/shop.verlag.uni-potsdam.de\/en\/shop\/historische-bildquellen\/","url":"https:\/\/shop.verlag.uni-potsdam.de\/en\/shop\/historische-bildquellen\/","name":"Historische Bildquellen - Universit\u00e4tsverlag Potsdam","isPartOf":{"@id":"https:\/\/shop.verlag.uni-potsdam.de\/en\/#website"},"primaryImageOfPage":{"@id":"https:\/\/shop.verlag.uni-potsdam.de\/en\/shop\/historische-bildquellen\/#primaryimage"},"image":{"@id":"https:\/\/shop.verlag.uni-potsdam.de\/shop\/historische-bildquellen\/#primaryimage"},"thumbnailUrl":"https:\/\/shop.verlag.uni-potsdam.de\/wp-content\/uploads\/asolmerce\/image-u1_9783869565866.jpg","datePublished":"2026-04-27T05:38:34+00:00","dateModified":"2026-04-27T07:39:34+00:00","breadcrumb":{"@id":"https:\/\/shop.verlag.uni-potsdam.de\/en\/shop\/historische-bildquellen\/#breadcrumb"},"inLanguage":"en-US","potentialAction":[{"@type":"ReadAction","target":[["https:\/\/shop.verlag.uni-potsdam.de\/en\/shop\/historische-bildquellen\/"]]}]},{"@type":"ImageObject","inLanguage":"en-US","@id":"https:\/\/shop.verlag.uni-potsdam.de\/en\/shop\/historische-bildquellen\/#primaryimage","url":"https:\/\/shop.verlag.uni-potsdam.de\/wp-content\/uploads\/asolmerce\/image-u1_9783869565866.jpg","contentUrl":"https:\/\/shop.verlag.uni-potsdam.de\/wp-content\/uploads\/asolmerce\/image-u1_9783869565866.jpg","width":1809,"height":2560},{"@type":"BreadcrumbList","@id":"https:\/\/shop.verlag.uni-potsdam.de\/en\/shop\/historische-bildquellen\/#breadcrumb","itemListElement":[{"@type":"ListItem","position":1,"name":"Startseite","item":"https:\/\/shop.verlag.uni-potsdam.de\/en\/"},{"@type":"ListItem","position":2,"name":"Shop","item":"https:\/\/shop.verlag.uni-potsdam.de\/en\/shop\/"},{"@type":"ListItem","position":3,"name":"Historische Bildquellen"}]},{"@type":"WebSite","@id":"https:\/\/shop.verlag.uni-potsdam.de\/en\/#website","url":"https:\/\/shop.verlag.uni-potsdam.de\/en\/","name":"Universit\u00e4tsverlag Potsdam","description":"","publisher":{"@id":"https:\/\/shop.verlag.uni-potsdam.de\/en\/#organization"},"potentialAction":[{"@type":"SearchAction","target":{"@type":"EntryPoint","urlTemplate":"https:\/\/shop.verlag.uni-potsdam.de\/en\/?s={search_term_string}"},"query-input":{"@type":"PropertyValueSpecification","valueRequired":true,"valueName":"search_term_string"}}],"inLanguage":"en-US"},{"@type":"Organization","@id":"https:\/\/shop.verlag.uni-potsdam.de\/en\/#organization","name":"Universit\u00e4tsverlag Potsdam","url":"https:\/\/shop.verlag.uni-potsdam.de\/en\/","logo":{"@type":"ImageObject","inLanguage":"en-US","@id":"https:\/\/shop.verlag.uni-potsdam.de\/en\/#\/schema\/logo\/image\/","url":"https:\/\/shop.verlag.uni-potsdam.de\/wp-content\/uploads\/2017\/04\/up_logo_university_2.png","contentUrl":"https:\/\/shop.verlag.uni-potsdam.de\/wp-content\/uploads\/2017\/04\/up_logo_university_2.png","width":160,"height":172,"caption":"Universit\u00e4tsverlag Potsdam"},"image":{"@id":"https:\/\/shop.verlag.uni-potsdam.de\/en\/#\/schema\/logo\/image\/"}}]}},"_links":{"self":[{"href":"https:\/\/shop.verlag.uni-potsdam.de\/en\/wp-json\/wp\/v2\/product\/96226","targetHints":{"allow":["GET"]}}],"collection":[{"href":"https:\/\/shop.verlag.uni-potsdam.de\/en\/wp-json\/wp\/v2\/product"}],"about":[{"href":"https:\/\/shop.verlag.uni-potsdam.de\/en\/wp-json\/wp\/v2\/types\/product"}],"wp:featuredmedia":[{"embeddable":true,"href":"https:\/\/shop.verlag.uni-potsdam.de\/en\/wp-json\/wp\/v2\/media\/96229"}],"wp:attachment":[{"href":"https:\/\/shop.verlag.uni-potsdam.de\/en\/wp-json\/wp\/v2\/media?parent=96226"}],"wp:term":[{"taxonomy":"product_brand","embeddable":true,"href":"https:\/\/shop.verlag.uni-potsdam.de\/en\/wp-json\/wp\/v2\/product_brand?post=96226"},{"taxonomy":"product_cat","embeddable":true,"href":"https:\/\/shop.verlag.uni-potsdam.de\/en\/wp-json\/wp\/v2\/product_cat?post=96226"},{"taxonomy":"product_tag","embeddable":true,"href":"https:\/\/shop.verlag.uni-potsdam.de\/en\/wp-json\/wp\/v2\/product_tag?post=96226"}],"curies":[{"name":"wp","href":"https:\/\/api.w.org\/{rel}","templated":true}]}}