{"id":96237,"date":"2026-04-15T07:19:15","date_gmt":"2026-04-15T07:19:15","guid":{"rendered":"https:\/\/shop.verlag.uni-potsdam.de\/shop\/empty-product-container-7\/"},"modified":"2026-04-15T11:20:16","modified_gmt":"2026-04-15T09:20:16","slug":"antike-zum-nachdenken-und-schmunzeln","status":"publish","type":"product","link":"https:\/\/shop.verlag.uni-potsdam.de\/en\/shop\/antike-zum-nachdenken-und-schmunzeln\/","title":{"rendered":"Antike zum Nachdenken und Schmunzeln"},"content":{"rendered":"<p class=\"qtranxs-available-languages-message qtranxs-available-languages-message-en\">Sorry, this entry is only available in <a href=\"https:\/\/shop.verlag.uni-potsdam.de\/de\/wp-json\/wp\/v2\/product\/96237\" class=\"qtranxs-available-language-link qtranxs-available-language-link-de\" title=\"Deutsch\">Deutsch<\/a>.<\/p><p>Wir unternehmen eine Reise durch die mehr als tausendj\u00e4hrige Geschichte des klassischen Altertums. Keine Chronik im engeren Sinne: Alle Geschichten handeln von bemerkenswerten, nachdenklichen oder skurrilen Figuren und Motiven, die von der Mythologie bis zur Historiographie reichen. Zugleich ragen sie weit \u00fcber ein konkretes Ereignis hinaus.<\/p>\n<p>Der epischen Deutung der Welt wird ein besonderer Platz einger\u00e4umt, aber auch das Orakelwesen, literarische Figuren, historische Ereignisse und philosophische Abhandlungen werden zu Gegenst\u00e4nden der Darstellung. Mit Alexander dem Gro\u00dfen betreten wir die B\u00fchne, auf der Orient und Okzident aufeinandertreffen. Die Kapitel ranken sich um eigenwillige historische oder fiktive Personen. Wir begegnen bekannten und weniger bekannten Gestalten, M\u00e4nnern wie Frauen.<\/p>\n<p>Das Panoptikum der Szenen haben wir durch subjektive Analogien und Analysen erg\u00e4nzt, die mit der conditio humana zu tun haben, aber auch mit Episoden aus der j\u00fcngeren Geschichte und Gegenwart verkn\u00fcpft werden, als Impulse f\u00fcr das Nachdenken \u00fcber Zeitl\u00e4ufe.<\/p>","protected":false},"excerpt":{"rendered":"<p class=\"qtranxs-available-languages-message qtranxs-available-languages-message-en\">Sorry, this entry is only available in <a href=\"https:\/\/shop.verlag.uni-potsdam.de\/de\/wp-json\/wp\/v2\/product\/96237\" class=\"qtranxs-available-language-link qtranxs-available-language-link-de\" title=\"Deutsch\">Deutsch<\/a>.<\/p>\n<p>Wir unternehmen eine Reise durch die mehr als tausendj\u00e4hrige Geschichte des klassischen Altertums. Keine Chronik im engeren Sinne: Alle Geschichten handeln von bemerkenswerten, nachdenklichen oder skurrilen Figuren und Motiven, die von der Mythologie bis zur Historiographie reichen. Zugleich ragen sie weit \u00fcber ein konkretes Ereignis hinaus.<\/p>\n<p>Der epischen Deutung der Welt wird ein besonderer Platz einger\u00e4umt, aber auch das Orakelwesen, literarische Figuren, historische Ereignisse und philosophische Abhandlungen werden zu Gegenst\u00e4nden der Darstellung. Mit Alexander dem Gro\u00dfen betreten wir die B\u00fchne, auf der Orient und Okzident aufeinandertreffen. Die Kapitel ranken sich um eigenwillige historische oder fiktive Personen. Wir begegnen bekannten und weniger bekannten Gestalten, M\u00e4nnern wie Frauen.<\/p>\n<p>Das Panoptikum der Szenen haben wir durch subjektive Analogien und Analysen erg\u00e4nzt, die mit der conditio humana zu tun haben, aber auch mit Episoden aus der j\u00fcngeren Geschichte und Gegenwart verkn\u00fcpft werden, als Impulse f\u00fcr das Nachdenken \u00fcber Zeitl\u00e4ufe.<\/p>\n","protected":false},"featured_media":96343,"template":"","meta":{"_acf_changed":false},"product_brand":[],"product_cat":[6207],"product_tag":[7107],"class_list":{"0":"post-96237","1":"product","2":"type-product","3":"status-publish","4":"has-post-thumbnail","6":"product_cat-geschichte-web-kategorie","7":"product_tag-kulthandlungen-machtmenschen-mythen-rivalitaeten-travestien-cult-heroes-and-heroines-manpower-myths-travesties-war","8":"autor-eike-faber","9":"autor-marianne-haeuptle-barcelo","10":"autor-pedro-barcelo","12":"first","13":"instock","14":"shipping-taxable","15":"purchasable","16":"product-type-simple"},"acf":[],"yoast_head":"<!-- This site is optimized with the Yoast SEO plugin v27.1.1 - https:\/\/yoast.com\/product\/yoast-seo-wordpress\/ -->\n<title>Antike zum Nachdenken und Schmunzeln - Universit\u00e4tsverlag Potsdam<\/title>\n<meta name=\"robots\" content=\"index, follow, max-snippet:-1, max-image-preview:large, max-video-preview:-1\" \/>\n<link rel=\"canonical\" href=\"https:\/\/shop.verlag.uni-potsdam.de\/en\/shop\/antike-zum-nachdenken-und-schmunzeln\/\" \/>\n<meta property=\"og:locale\" content=\"en_US\" \/>\n<meta property=\"og:type\" content=\"article\" \/>\n<meta property=\"og:title\" content=\"Antike zum Nachdenken und Schmunzeln - Universit\u00e4tsverlag Potsdam\" \/>\n<meta property=\"og:description\" content=\"Wir unternehmen eine Reise durch die mehr als tausendj\u00e4hrige Geschichte des klassischen Altertums. Keine Chronik im engeren Sinne: Alle Geschichten handeln von bemerkenswerten, nachdenklichen oder skurrilen Figuren und Motiven, die von der Mythologie bis zur Historiographie reichen. Zugleich ragen sie weit \u00fcber ein konkretes Ereignis hinaus.Der epischen Deutung der Welt wird ein besonderer Platz einger\u00e4umt, aber auch das Orakelwesen, literarische Figuren, historische Ereignisse und philosophische Abhandlungen werden zu Gegenst\u00e4nden der Darstellung. Mit Alexander dem Gro\u00dfen betreten wir die B\u00fchne, auf der Orient und Okzident aufeinandertreffen. Die Kapitel ranken sich um eigenwillige historische oder fiktive Personen. Wir begegnen bekannten und weniger bekannten Gestalten, M\u00e4nnern wie Frauen.Das Panoptikum der Szenen haben wir durch subjektive Analogien und Analysen erg\u00e4nzt, die mit der conditio humana zu tun haben, aber auch mit Episoden aus der j\u00fcngeren Geschichte und Gegenwart verkn\u00fcpft werden, als Impulse f\u00fcr das Nachdenken \u00fcber Zeitl\u00e4ufe.\" \/>\n<meta property=\"og:url\" content=\"https:\/\/shop.verlag.uni-potsdam.de\/en\/shop\/antike-zum-nachdenken-und-schmunzeln\/\" \/>\n<meta property=\"og:site_name\" content=\"Universit\u00e4tsverlag Potsdam\" \/>\n<meta property=\"article:modified_time\" content=\"2026-04-15T09:20:16+00:00\" \/>\n<meta property=\"og:image\" content=\"https:\/\/shop.verlag.uni-potsdam.de\/wp-content\/uploads\/asolmerce\/image-u1_barcelo_mono.jpg\" \/>\n\t<meta property=\"og:image:width\" content=\"1418\" \/>\n\t<meta property=\"og:image:height\" content=\"2209\" \/>\n\t<meta property=\"og:image:type\" content=\"image\/jpeg\" \/>\n<meta name=\"twitter:card\" content=\"summary_large_image\" \/>\n<meta name=\"twitter:label1\" content=\"Est. reading time\" \/>\n\t<meta name=\"twitter:data1\" content=\"1 minute\" \/>\n<script type=\"application\/ld+json\" class=\"yoast-schema-graph\">{\"@context\":\"https:\/\/schema.org\",\"@graph\":[{\"@type\":\"WebPage\",\"@id\":\"https:\/\/shop.verlag.uni-potsdam.de\/en\/shop\/antike-zum-nachdenken-und-schmunzeln\/\",\"url\":\"https:\/\/shop.verlag.uni-potsdam.de\/en\/shop\/antike-zum-nachdenken-und-schmunzeln\/\",\"name\":\"Antike zum Nachdenken und Schmunzeln - Universit\u00e4tsverlag Potsdam\",\"isPartOf\":{\"@id\":\"https:\/\/shop.verlag.uni-potsdam.de\/en\/#website\"},\"primaryImageOfPage\":{\"@id\":\"https:\/\/shop.verlag.uni-potsdam.de\/en\/shop\/antike-zum-nachdenken-und-schmunzeln\/#primaryimage\"},\"image\":{\"@id\":\"https:\/\/shop.verlag.uni-potsdam.de\/shop\/antike-zum-nachdenken-und-schmunzeln\/#primaryimage\"},\"thumbnailUrl\":\"https:\/\/shop.verlag.uni-potsdam.de\/wp-content\/uploads\/asolmerce\/image-u1_barcelo_mono.jpg\",\"datePublished\":\"2026-04-15T07:19:15+00:00\",\"dateModified\":\"2026-04-15T09:20:16+00:00\",\"breadcrumb\":{\"@id\":\"https:\/\/shop.verlag.uni-potsdam.de\/en\/shop\/antike-zum-nachdenken-und-schmunzeln\/#breadcrumb\"},\"inLanguage\":\"en-US\",\"potentialAction\":[{\"@type\":\"ReadAction\",\"target\":[[\"https:\/\/shop.verlag.uni-potsdam.de\/en\/shop\/antike-zum-nachdenken-und-schmunzeln\/\"]]}]},{\"@type\":\"ImageObject\",\"inLanguage\":\"en-US\",\"@id\":\"https:\/\/shop.verlag.uni-potsdam.de\/en\/shop\/antike-zum-nachdenken-und-schmunzeln\/#primaryimage\",\"url\":\"https:\/\/shop.verlag.uni-potsdam.de\/wp-content\/uploads\/asolmerce\/image-u1_barcelo_mono.jpg\",\"contentUrl\":\"https:\/\/shop.verlag.uni-potsdam.de\/wp-content\/uploads\/asolmerce\/image-u1_barcelo_mono.jpg\",\"width\":1418,\"height\":2209},{\"@type\":\"BreadcrumbList\",\"@id\":\"https:\/\/shop.verlag.uni-potsdam.de\/en\/shop\/antike-zum-nachdenken-und-schmunzeln\/#breadcrumb\",\"itemListElement\":[{\"@type\":\"ListItem\",\"position\":1,\"name\":\"Startseite\",\"item\":\"https:\/\/shop.verlag.uni-potsdam.de\/en\/\"},{\"@type\":\"ListItem\",\"position\":2,\"name\":\"Shop\",\"item\":\"https:\/\/shop.verlag.uni-potsdam.de\/en\/shop\/\"},{\"@type\":\"ListItem\",\"position\":3,\"name\":\"Antike zum Nachdenken und Schmunzeln\"}]},{\"@type\":\"WebSite\",\"@id\":\"https:\/\/shop.verlag.uni-potsdam.de\/en\/#website\",\"url\":\"https:\/\/shop.verlag.uni-potsdam.de\/en\/\",\"name\":\"Universit\u00e4tsverlag Potsdam\",\"description\":\"\",\"publisher\":{\"@id\":\"https:\/\/shop.verlag.uni-potsdam.de\/en\/#organization\"},\"potentialAction\":[{\"@type\":\"SearchAction\",\"target\":{\"@type\":\"EntryPoint\",\"urlTemplate\":\"https:\/\/shop.verlag.uni-potsdam.de\/en\/?s={search_term_string}\"},\"query-input\":{\"@type\":\"PropertyValueSpecification\",\"valueRequired\":true,\"valueName\":\"search_term_string\"}}],\"inLanguage\":\"en-US\"},{\"@type\":\"Organization\",\"@id\":\"https:\/\/shop.verlag.uni-potsdam.de\/en\/#organization\",\"name\":\"Universit\u00e4tsverlag Potsdam\",\"url\":\"https:\/\/shop.verlag.uni-potsdam.de\/en\/\",\"logo\":{\"@type\":\"ImageObject\",\"inLanguage\":\"en-US\",\"@id\":\"https:\/\/shop.verlag.uni-potsdam.de\/en\/#\/schema\/logo\/image\/\",\"url\":\"https:\/\/shop.verlag.uni-potsdam.de\/wp-content\/uploads\/2017\/04\/up_logo_university_2.png\",\"contentUrl\":\"https:\/\/shop.verlag.uni-potsdam.de\/wp-content\/uploads\/2017\/04\/up_logo_university_2.png\",\"width\":160,\"height\":172,\"caption\":\"Universit\u00e4tsverlag Potsdam\"},\"image\":{\"@id\":\"https:\/\/shop.verlag.uni-potsdam.de\/en\/#\/schema\/logo\/image\/\"}}]}<\/script>\n<!-- \/ Yoast SEO plugin. -->","yoast_head_json":{"title":"Antike zum Nachdenken und Schmunzeln - Universit\u00e4tsverlag Potsdam","robots":{"index":"index","follow":"follow","max-snippet":"max-snippet:-1","max-image-preview":"max-image-preview:large","max-video-preview":"max-video-preview:-1"},"canonical":"https:\/\/shop.verlag.uni-potsdam.de\/en\/shop\/antike-zum-nachdenken-und-schmunzeln\/","og_locale":"en_US","og_type":"article","og_title":"Antike zum Nachdenken und Schmunzeln - Universit\u00e4tsverlag Potsdam","og_description":"Wir unternehmen eine Reise durch die mehr als tausendj\u00e4hrige Geschichte des klassischen Altertums. Keine Chronik im engeren Sinne: Alle Geschichten handeln von bemerkenswerten, nachdenklichen oder skurrilen Figuren und Motiven, die von der Mythologie bis zur Historiographie reichen. Zugleich ragen sie weit \u00fcber ein konkretes Ereignis hinaus.Der epischen Deutung der Welt wird ein besonderer Platz einger\u00e4umt, aber auch das Orakelwesen, literarische Figuren, historische Ereignisse und philosophische Abhandlungen werden zu Gegenst\u00e4nden der Darstellung. Mit Alexander dem Gro\u00dfen betreten wir die B\u00fchne, auf der Orient und Okzident aufeinandertreffen. Die Kapitel ranken sich um eigenwillige historische oder fiktive Personen. Wir begegnen bekannten und weniger bekannten Gestalten, M\u00e4nnern wie Frauen.Das Panoptikum der Szenen haben wir durch subjektive Analogien und Analysen erg\u00e4nzt, die mit der conditio humana zu tun haben, aber auch mit Episoden aus der j\u00fcngeren Geschichte und Gegenwart verkn\u00fcpft werden, als Impulse f\u00fcr das Nachdenken \u00fcber Zeitl\u00e4ufe.","og_url":"https:\/\/shop.verlag.uni-potsdam.de\/en\/shop\/antike-zum-nachdenken-und-schmunzeln\/","og_site_name":"Universit\u00e4tsverlag Potsdam","article_modified_time":"2026-04-15T09:20:16+00:00","og_image":[{"width":1418,"height":2209,"url":"https:\/\/shop.verlag.uni-potsdam.de\/wp-content\/uploads\/asolmerce\/image-u1_barcelo_mono.jpg","type":"image\/jpeg"}],"twitter_card":"summary_large_image","twitter_misc":{"Est. reading time":"1 minute"},"schema":{"@context":"https:\/\/schema.org","@graph":[{"@type":"WebPage","@id":"https:\/\/shop.verlag.uni-potsdam.de\/en\/shop\/antike-zum-nachdenken-und-schmunzeln\/","url":"https:\/\/shop.verlag.uni-potsdam.de\/en\/shop\/antike-zum-nachdenken-und-schmunzeln\/","name":"Antike zum Nachdenken und Schmunzeln - Universit\u00e4tsverlag Potsdam","isPartOf":{"@id":"https:\/\/shop.verlag.uni-potsdam.de\/en\/#website"},"primaryImageOfPage":{"@id":"https:\/\/shop.verlag.uni-potsdam.de\/en\/shop\/antike-zum-nachdenken-und-schmunzeln\/#primaryimage"},"image":{"@id":"https:\/\/shop.verlag.uni-potsdam.de\/shop\/antike-zum-nachdenken-und-schmunzeln\/#primaryimage"},"thumbnailUrl":"https:\/\/shop.verlag.uni-potsdam.de\/wp-content\/uploads\/asolmerce\/image-u1_barcelo_mono.jpg","datePublished":"2026-04-15T07:19:15+00:00","dateModified":"2026-04-15T09:20:16+00:00","breadcrumb":{"@id":"https:\/\/shop.verlag.uni-potsdam.de\/en\/shop\/antike-zum-nachdenken-und-schmunzeln\/#breadcrumb"},"inLanguage":"en-US","potentialAction":[{"@type":"ReadAction","target":[["https:\/\/shop.verlag.uni-potsdam.de\/en\/shop\/antike-zum-nachdenken-und-schmunzeln\/"]]}]},{"@type":"ImageObject","inLanguage":"en-US","@id":"https:\/\/shop.verlag.uni-potsdam.de\/en\/shop\/antike-zum-nachdenken-und-schmunzeln\/#primaryimage","url":"https:\/\/shop.verlag.uni-potsdam.de\/wp-content\/uploads\/asolmerce\/image-u1_barcelo_mono.jpg","contentUrl":"https:\/\/shop.verlag.uni-potsdam.de\/wp-content\/uploads\/asolmerce\/image-u1_barcelo_mono.jpg","width":1418,"height":2209},{"@type":"BreadcrumbList","@id":"https:\/\/shop.verlag.uni-potsdam.de\/en\/shop\/antike-zum-nachdenken-und-schmunzeln\/#breadcrumb","itemListElement":[{"@type":"ListItem","position":1,"name":"Startseite","item":"https:\/\/shop.verlag.uni-potsdam.de\/en\/"},{"@type":"ListItem","position":2,"name":"Shop","item":"https:\/\/shop.verlag.uni-potsdam.de\/en\/shop\/"},{"@type":"ListItem","position":3,"name":"Antike zum Nachdenken und Schmunzeln"}]},{"@type":"WebSite","@id":"https:\/\/shop.verlag.uni-potsdam.de\/en\/#website","url":"https:\/\/shop.verlag.uni-potsdam.de\/en\/","name":"Universit\u00e4tsverlag Potsdam","description":"","publisher":{"@id":"https:\/\/shop.verlag.uni-potsdam.de\/en\/#organization"},"potentialAction":[{"@type":"SearchAction","target":{"@type":"EntryPoint","urlTemplate":"https:\/\/shop.verlag.uni-potsdam.de\/en\/?s={search_term_string}"},"query-input":{"@type":"PropertyValueSpecification","valueRequired":true,"valueName":"search_term_string"}}],"inLanguage":"en-US"},{"@type":"Organization","@id":"https:\/\/shop.verlag.uni-potsdam.de\/en\/#organization","name":"Universit\u00e4tsverlag Potsdam","url":"https:\/\/shop.verlag.uni-potsdam.de\/en\/","logo":{"@type":"ImageObject","inLanguage":"en-US","@id":"https:\/\/shop.verlag.uni-potsdam.de\/en\/#\/schema\/logo\/image\/","url":"https:\/\/shop.verlag.uni-potsdam.de\/wp-content\/uploads\/2017\/04\/up_logo_university_2.png","contentUrl":"https:\/\/shop.verlag.uni-potsdam.de\/wp-content\/uploads\/2017\/04\/up_logo_university_2.png","width":160,"height":172,"caption":"Universit\u00e4tsverlag Potsdam"},"image":{"@id":"https:\/\/shop.verlag.uni-potsdam.de\/en\/#\/schema\/logo\/image\/"}}]}},"_links":{"self":[{"href":"https:\/\/shop.verlag.uni-potsdam.de\/en\/wp-json\/wp\/v2\/product\/96237","targetHints":{"allow":["GET"]}}],"collection":[{"href":"https:\/\/shop.verlag.uni-potsdam.de\/en\/wp-json\/wp\/v2\/product"}],"about":[{"href":"https:\/\/shop.verlag.uni-potsdam.de\/en\/wp-json\/wp\/v2\/types\/product"}],"wp:featuredmedia":[{"embeddable":true,"href":"https:\/\/shop.verlag.uni-potsdam.de\/en\/wp-json\/wp\/v2\/media\/96343"}],"wp:attachment":[{"href":"https:\/\/shop.verlag.uni-potsdam.de\/en\/wp-json\/wp\/v2\/media?parent=96237"}],"wp:term":[{"taxonomy":"product_brand","embeddable":true,"href":"https:\/\/shop.verlag.uni-potsdam.de\/en\/wp-json\/wp\/v2\/product_brand?post=96237"},{"taxonomy":"product_cat","embeddable":true,"href":"https:\/\/shop.verlag.uni-potsdam.de\/en\/wp-json\/wp\/v2\/product_cat?post=96237"},{"taxonomy":"product_tag","embeddable":true,"href":"https:\/\/shop.verlag.uni-potsdam.de\/en\/wp-json\/wp\/v2\/product_tag?post=96237"}],"curies":[{"name":"wp","href":"https:\/\/api.w.org\/{rel}","templated":true}]}}