{"id":96240,"date":"2026-03-23T08:55:49","date_gmt":"2026-03-23T08:55:49","guid":{"rendered":"https:\/\/shop.verlag.uni-potsdam.de\/shop\/empty-product-container-7\/"},"modified":"2026-03-23T11:56:50","modified_gmt":"2026-03-23T10:56:50","slug":"zwischen-hoch-pop-und-alltagskultur","status":"publish","type":"product","link":"https:\/\/shop.verlag.uni-potsdam.de\/en\/shop\/zwischen-hoch-pop-und-alltagskultur\/","title":{"rendered":"Zwischen Hoch-, Pop- und Alltagskultur"},"content":{"rendered":"<p class=\"qtranxs-available-languages-message qtranxs-available-languages-message-en\">Sorry, this entry is only available in <a href=\"https:\/\/shop.verlag.uni-potsdam.de\/de\/wp-json\/wp\/v2\/product\/96240\" class=\"qtranxs-available-language-link qtranxs-available-language-link-de\" title=\"Deutsch\">Deutsch<\/a>.<\/p><p>Der Sammelband bietet einen vielschichtigen Einblick in die Verkn\u00fcpfung von Hoch-, Pop- und Alltagskultur in der Fremdsprachendidaktik Franz\u00f6sisch. Er greift gesellschaftliche und kulturelle Transformationsprozesse auf, die u.a. durch die Begriffe cultural turn und visual culture beschrieben werden, und betont die Relevanz hybrider Kulturbegriffe als Grundlage f\u00fcr eine Neuausrichtung inter- und transkulturellen Lernens. Ziel ist es, Lernende auf eine globalisierte, diversifizierte Welt vorzubereiten.<\/p>\n<p>Neben theoretischen \u00dcberlegungen zur Einbindung von Pop- und Alltagskultur im Franz\u00f6sischunterricht r\u00fcckt der Sammelband empirische Untersuchungen und unterrichtspraktische Ans\u00e4tze in den Mittelpunkt. Die auf Deutsch und Franz\u00f6sisch verfassten Beitr\u00e4ge widmen sich der Analyse von Lehrmaterialien, der Rolle von Social Media in der Sprach- und Kulturvermittlung sowie der F\u00f6rderung der interkulturellen Kompetenz. Auch die Beziehung zwischen literarischen Klassikern, die traditionell der Hochkultur zugerechnet werden, und Zug\u00e4ngen zu selbigen mittels zeitgem\u00e4\u00dfer Formate wie Comics oder Hashtag-Analysen steht im Fokus. Die Autor:innen er\u00f6rtern, wie popul\u00e4rkulturelle Inhalte im Rahmen globaler Bildungskonzepte wie der Bildung f\u00fcr nachhaltige Entwicklung oder Demokratiebildung genutzt werden k\u00f6nnen. Themen wie Esskultur, Medien und Migration verdeutlichen die enge Verkn\u00fcpfung zwischen kulturellem Lernen, der Reflexion von Alltagspraktiken und gesellschaftlichen Herausforderungen.<\/p>","protected":false},"excerpt":{"rendered":"<p class=\"qtranxs-available-languages-message qtranxs-available-languages-message-en\">Sorry, this entry is only available in <a href=\"https:\/\/shop.verlag.uni-potsdam.de\/de\/wp-json\/wp\/v2\/product\/96240\" class=\"qtranxs-available-language-link qtranxs-available-language-link-de\" title=\"Deutsch\">Deutsch<\/a>.<\/p>\n<p>Der Sammelband bietet einen vielschichtigen Einblick in die Verkn\u00fcpfung von Hoch-, Pop- und Alltagskultur in der Fremdsprachendidaktik Franz\u00f6sisch. Er greift gesellschaftliche und kulturelle Transformationsprozesse auf, die u.a. durch die Begriffe cultural turn und visual culture beschrieben werden, und betont die Relevanz hybrider Kulturbegriffe als Grundlage f\u00fcr eine Neuausrichtung inter- und transkulturellen Lernens. Ziel ist es, Lernende auf eine globalisierte, diversifizierte Welt vorzubereiten.<\/p>\n<p>Neben theoretischen \u00dcberlegungen zur Einbindung von Pop- und Alltagskultur im Franz\u00f6sischunterricht r\u00fcckt der Sammelband empirische Untersuchungen und unterrichtspraktische Ans\u00e4tze in den Mittelpunkt. Die auf Deutsch und Franz\u00f6sisch verfassten Beitr\u00e4ge widmen sich der Analyse von Lehrmaterialien, der Rolle von Social Media in der Sprach- und Kulturvermittlung sowie der F\u00f6rderung der interkulturellen Kompetenz. Auch die Beziehung zwischen literarischen Klassikern, die traditionell der Hochkultur zugerechnet werden, und Zug\u00e4ngen zu selbigen mittels zeitgem\u00e4\u00dfer Formate wie Comics oder Hashtag-Analysen steht im Fokus. Die Autor:innen er\u00f6rtern, wie popul\u00e4rkulturelle Inhalte im Rahmen globaler Bildungskonzepte wie der Bildung f\u00fcr nachhaltige Entwicklung oder Demokratiebildung genutzt werden k\u00f6nnen. Themen wie Esskultur, Medien und Migration verdeutlichen die enge Verkn\u00fcpfung zwischen kulturellem Lernen, der Reflexion von Alltagspraktiken und gesellschaftlichen Herausforderungen.<\/p>\n","protected":false},"featured_media":96358,"template":"","meta":{"_acf_changed":false},"product_brand":[],"product_cat":[6217,6220,6228],"product_tag":[],"class_list":{"0":"post-96240","1":"product","2":"type-product","3":"status-publish","4":"has-post-thumbnail","6":"product_cat-medien-kommunikation-web-kategorie","7":"product_cat-paedagogik-web-kategorie","8":"product_cat-romanische-sprachwissenschaft-literaturwissenschaft-web-kategorie","9":"autor-aline-willems","10":"autor-anissa-hamza","11":"autor-anne-marie-lachmund","12":"autor-corinna-koch","13":"autor-jeannine-feix","14":"autor-julia-putsche","15":"autor-kathleen-ploetner","16":"autor-manuela-franke","18":"first","19":"instock","20":"shipping-taxable","21":"purchasable","22":"product-type-simple"},"acf":[],"yoast_head":"<!-- This site is optimized with the Yoast SEO plugin v27.1.1 - https:\/\/yoast.com\/product\/yoast-seo-wordpress\/ -->\n<title>Zwischen Hoch-, Pop- und Alltagskultur - Universit\u00e4tsverlag Potsdam<\/title>\n<meta name=\"robots\" content=\"index, follow, max-snippet:-1, max-image-preview:large, max-video-preview:-1\" \/>\n<link rel=\"canonical\" href=\"https:\/\/shop.verlag.uni-potsdam.de\/en\/shop\/zwischen-hoch-pop-und-alltagskultur\/\" \/>\n<meta property=\"og:locale\" content=\"en_US\" \/>\n<meta property=\"og:type\" content=\"article\" \/>\n<meta property=\"og:title\" content=\"Zwischen Hoch-, Pop- und Alltagskultur - Universit\u00e4tsverlag Potsdam\" \/>\n<meta property=\"og:description\" content=\"Der Sammelband bietet einen vielschichtigen Einblick in die Verkn\u00fcpfung von Hoch-, Pop- und Alltagskultur in der Fremdsprachendidaktik Franz\u00f6sisch. Er greift gesellschaftliche und kulturelle Transformationsprozesse auf, die u.a. durch die Begriffe cultural turn und visual culture beschrieben werden, und betont die Relevanz hybrider Kulturbegriffe als Grundlage f\u00fcr eine Neuausrichtung inter- und transkulturellen Lernens. Ziel ist es, Lernende auf eine globalisierte, diversifizierte Welt vorzubereiten.Neben theoretischen \u00dcberlegungen zur Einbindung von Pop- und Alltagskultur im Franz\u00f6sischunterricht r\u00fcckt der Sammelband empirische Untersuchungen und unterrichtspraktische Ans\u00e4tze in den Mittelpunkt. Die auf Deutsch und Franz\u00f6sisch verfassten Beitr\u00e4ge widmen sich der Analyse von Lehrmaterialien, der Rolle von Social Media in der Sprach- und Kulturvermittlung sowie der F\u00f6rderung der interkulturellen Kompetenz. Auch die Beziehung zwischen literarischen Klassikern, die traditionell der Hochkultur zugerechnet werden, und Zug\u00e4ngen zu selbigen mittels zeitgem\u00e4\u00dfer Formate wie Comics oder Hashtag-Analysen steht im Fokus. Die Autor:innen er\u00f6rtern, wie popul\u00e4rkulturelle Inhalte im Rahmen globaler Bildungskonzepte wie der Bildung f\u00fcr nachhaltige Entwicklung oder Demokratiebildung genutzt werden k\u00f6nnen. Themen wie Esskultur, Medien und Migration verdeutlichen die enge Verkn\u00fcpfung zwischen kulturellem Lernen, der Reflexion von Alltagspraktiken und gesellschaftlichen Herausforderungen.\" \/>\n<meta property=\"og:url\" content=\"https:\/\/shop.verlag.uni-potsdam.de\/en\/shop\/zwischen-hoch-pop-und-alltagskultur\/\" \/>\n<meta property=\"og:site_name\" content=\"Universit\u00e4tsverlag Potsdam\" \/>\n<meta property=\"article:modified_time\" content=\"2026-03-23T10:56:50+00:00\" \/>\n<meta property=\"og:image\" content=\"https:\/\/shop.verlag.uni-potsdam.de\/wp-content\/uploads\/asolmerce\/image-pblb_7_u1.jpg\" \/>\n\t<meta property=\"og:image:width\" content=\"1383\" \/>\n\t<meta property=\"og:image:height\" content=\"1959\" \/>\n\t<meta property=\"og:image:type\" content=\"image\/jpeg\" \/>\n<meta name=\"twitter:card\" content=\"summary_large_image\" \/>\n<meta name=\"twitter:label1\" content=\"Est. reading time\" \/>\n\t<meta name=\"twitter:data1\" content=\"1 minute\" \/>\n<script type=\"application\/ld+json\" class=\"yoast-schema-graph\">{\"@context\":\"https:\/\/schema.org\",\"@graph\":[{\"@type\":\"WebPage\",\"@id\":\"https:\/\/shop.verlag.uni-potsdam.de\/en\/shop\/zwischen-hoch-pop-und-alltagskultur\/\",\"url\":\"https:\/\/shop.verlag.uni-potsdam.de\/en\/shop\/zwischen-hoch-pop-und-alltagskultur\/\",\"name\":\"Zwischen Hoch-, Pop- und Alltagskultur - Universit\u00e4tsverlag Potsdam\",\"isPartOf\":{\"@id\":\"https:\/\/shop.verlag.uni-potsdam.de\/en\/#website\"},\"primaryImageOfPage\":{\"@id\":\"https:\/\/shop.verlag.uni-potsdam.de\/en\/shop\/zwischen-hoch-pop-und-alltagskultur\/#primaryimage\"},\"image\":{\"@id\":\"https:\/\/shop.verlag.uni-potsdam.de\/shop\/zwischen-hoch-pop-und-alltagskultur\/#primaryimage\"},\"thumbnailUrl\":\"https:\/\/shop.verlag.uni-potsdam.de\/wp-content\/uploads\/asolmerce\/image-pblb_7_u1.jpg\",\"datePublished\":\"2026-03-23T08:55:49+00:00\",\"dateModified\":\"2026-03-23T10:56:50+00:00\",\"breadcrumb\":{\"@id\":\"https:\/\/shop.verlag.uni-potsdam.de\/en\/shop\/zwischen-hoch-pop-und-alltagskultur\/#breadcrumb\"},\"inLanguage\":\"en-US\",\"potentialAction\":[{\"@type\":\"ReadAction\",\"target\":[[\"https:\/\/shop.verlag.uni-potsdam.de\/en\/shop\/zwischen-hoch-pop-und-alltagskultur\/\"]]}]},{\"@type\":\"ImageObject\",\"inLanguage\":\"en-US\",\"@id\":\"https:\/\/shop.verlag.uni-potsdam.de\/en\/shop\/zwischen-hoch-pop-und-alltagskultur\/#primaryimage\",\"url\":\"https:\/\/shop.verlag.uni-potsdam.de\/wp-content\/uploads\/asolmerce\/image-pblb_7_u1.jpg\",\"contentUrl\":\"https:\/\/shop.verlag.uni-potsdam.de\/wp-content\/uploads\/asolmerce\/image-pblb_7_u1.jpg\",\"width\":1383,\"height\":1959},{\"@type\":\"BreadcrumbList\",\"@id\":\"https:\/\/shop.verlag.uni-potsdam.de\/en\/shop\/zwischen-hoch-pop-und-alltagskultur\/#breadcrumb\",\"itemListElement\":[{\"@type\":\"ListItem\",\"position\":1,\"name\":\"Startseite\",\"item\":\"https:\/\/shop.verlag.uni-potsdam.de\/en\/\"},{\"@type\":\"ListItem\",\"position\":2,\"name\":\"Shop\",\"item\":\"https:\/\/shop.verlag.uni-potsdam.de\/en\/shop\/\"},{\"@type\":\"ListItem\",\"position\":3,\"name\":\"Zwischen Hoch-, Pop- und Alltagskultur\"}]},{\"@type\":\"WebSite\",\"@id\":\"https:\/\/shop.verlag.uni-potsdam.de\/en\/#website\",\"url\":\"https:\/\/shop.verlag.uni-potsdam.de\/en\/\",\"name\":\"Universit\u00e4tsverlag Potsdam\",\"description\":\"\",\"publisher\":{\"@id\":\"https:\/\/shop.verlag.uni-potsdam.de\/en\/#organization\"},\"potentialAction\":[{\"@type\":\"SearchAction\",\"target\":{\"@type\":\"EntryPoint\",\"urlTemplate\":\"https:\/\/shop.verlag.uni-potsdam.de\/en\/?s={search_term_string}\"},\"query-input\":{\"@type\":\"PropertyValueSpecification\",\"valueRequired\":true,\"valueName\":\"search_term_string\"}}],\"inLanguage\":\"en-US\"},{\"@type\":\"Organization\",\"@id\":\"https:\/\/shop.verlag.uni-potsdam.de\/en\/#organization\",\"name\":\"Universit\u00e4tsverlag Potsdam\",\"url\":\"https:\/\/shop.verlag.uni-potsdam.de\/en\/\",\"logo\":{\"@type\":\"ImageObject\",\"inLanguage\":\"en-US\",\"@id\":\"https:\/\/shop.verlag.uni-potsdam.de\/en\/#\/schema\/logo\/image\/\",\"url\":\"https:\/\/shop.verlag.uni-potsdam.de\/wp-content\/uploads\/2017\/04\/up_logo_university_2.png\",\"contentUrl\":\"https:\/\/shop.verlag.uni-potsdam.de\/wp-content\/uploads\/2017\/04\/up_logo_university_2.png\",\"width\":160,\"height\":172,\"caption\":\"Universit\u00e4tsverlag Potsdam\"},\"image\":{\"@id\":\"https:\/\/shop.verlag.uni-potsdam.de\/en\/#\/schema\/logo\/image\/\"}}]}<\/script>\n<!-- \/ Yoast SEO plugin. -->","yoast_head_json":{"title":"Zwischen Hoch-, Pop- und Alltagskultur - Universit\u00e4tsverlag Potsdam","robots":{"index":"index","follow":"follow","max-snippet":"max-snippet:-1","max-image-preview":"max-image-preview:large","max-video-preview":"max-video-preview:-1"},"canonical":"https:\/\/shop.verlag.uni-potsdam.de\/en\/shop\/zwischen-hoch-pop-und-alltagskultur\/","og_locale":"en_US","og_type":"article","og_title":"Zwischen Hoch-, Pop- und Alltagskultur - Universit\u00e4tsverlag Potsdam","og_description":"Der Sammelband bietet einen vielschichtigen Einblick in die Verkn\u00fcpfung von Hoch-, Pop- und Alltagskultur in der Fremdsprachendidaktik Franz\u00f6sisch. Er greift gesellschaftliche und kulturelle Transformationsprozesse auf, die u.a. durch die Begriffe cultural turn und visual culture beschrieben werden, und betont die Relevanz hybrider Kulturbegriffe als Grundlage f\u00fcr eine Neuausrichtung inter- und transkulturellen Lernens. Ziel ist es, Lernende auf eine globalisierte, diversifizierte Welt vorzubereiten.Neben theoretischen \u00dcberlegungen zur Einbindung von Pop- und Alltagskultur im Franz\u00f6sischunterricht r\u00fcckt der Sammelband empirische Untersuchungen und unterrichtspraktische Ans\u00e4tze in den Mittelpunkt. Die auf Deutsch und Franz\u00f6sisch verfassten Beitr\u00e4ge widmen sich der Analyse von Lehrmaterialien, der Rolle von Social Media in der Sprach- und Kulturvermittlung sowie der F\u00f6rderung der interkulturellen Kompetenz. Auch die Beziehung zwischen literarischen Klassikern, die traditionell der Hochkultur zugerechnet werden, und Zug\u00e4ngen zu selbigen mittels zeitgem\u00e4\u00dfer Formate wie Comics oder Hashtag-Analysen steht im Fokus. Die Autor:innen er\u00f6rtern, wie popul\u00e4rkulturelle Inhalte im Rahmen globaler Bildungskonzepte wie der Bildung f\u00fcr nachhaltige Entwicklung oder Demokratiebildung genutzt werden k\u00f6nnen. Themen wie Esskultur, Medien und Migration verdeutlichen die enge Verkn\u00fcpfung zwischen kulturellem Lernen, der Reflexion von Alltagspraktiken und gesellschaftlichen Herausforderungen.","og_url":"https:\/\/shop.verlag.uni-potsdam.de\/en\/shop\/zwischen-hoch-pop-und-alltagskultur\/","og_site_name":"Universit\u00e4tsverlag Potsdam","article_modified_time":"2026-03-23T10:56:50+00:00","og_image":[{"width":1383,"height":1959,"url":"https:\/\/shop.verlag.uni-potsdam.de\/wp-content\/uploads\/asolmerce\/image-pblb_7_u1.jpg","type":"image\/jpeg"}],"twitter_card":"summary_large_image","twitter_misc":{"Est. reading time":"1 minute"},"schema":{"@context":"https:\/\/schema.org","@graph":[{"@type":"WebPage","@id":"https:\/\/shop.verlag.uni-potsdam.de\/en\/shop\/zwischen-hoch-pop-und-alltagskultur\/","url":"https:\/\/shop.verlag.uni-potsdam.de\/en\/shop\/zwischen-hoch-pop-und-alltagskultur\/","name":"Zwischen Hoch-, Pop- und Alltagskultur - Universit\u00e4tsverlag Potsdam","isPartOf":{"@id":"https:\/\/shop.verlag.uni-potsdam.de\/en\/#website"},"primaryImageOfPage":{"@id":"https:\/\/shop.verlag.uni-potsdam.de\/en\/shop\/zwischen-hoch-pop-und-alltagskultur\/#primaryimage"},"image":{"@id":"https:\/\/shop.verlag.uni-potsdam.de\/shop\/zwischen-hoch-pop-und-alltagskultur\/#primaryimage"},"thumbnailUrl":"https:\/\/shop.verlag.uni-potsdam.de\/wp-content\/uploads\/asolmerce\/image-pblb_7_u1.jpg","datePublished":"2026-03-23T08:55:49+00:00","dateModified":"2026-03-23T10:56:50+00:00","breadcrumb":{"@id":"https:\/\/shop.verlag.uni-potsdam.de\/en\/shop\/zwischen-hoch-pop-und-alltagskultur\/#breadcrumb"},"inLanguage":"en-US","potentialAction":[{"@type":"ReadAction","target":[["https:\/\/shop.verlag.uni-potsdam.de\/en\/shop\/zwischen-hoch-pop-und-alltagskultur\/"]]}]},{"@type":"ImageObject","inLanguage":"en-US","@id":"https:\/\/shop.verlag.uni-potsdam.de\/en\/shop\/zwischen-hoch-pop-und-alltagskultur\/#primaryimage","url":"https:\/\/shop.verlag.uni-potsdam.de\/wp-content\/uploads\/asolmerce\/image-pblb_7_u1.jpg","contentUrl":"https:\/\/shop.verlag.uni-potsdam.de\/wp-content\/uploads\/asolmerce\/image-pblb_7_u1.jpg","width":1383,"height":1959},{"@type":"BreadcrumbList","@id":"https:\/\/shop.verlag.uni-potsdam.de\/en\/shop\/zwischen-hoch-pop-und-alltagskultur\/#breadcrumb","itemListElement":[{"@type":"ListItem","position":1,"name":"Startseite","item":"https:\/\/shop.verlag.uni-potsdam.de\/en\/"},{"@type":"ListItem","position":2,"name":"Shop","item":"https:\/\/shop.verlag.uni-potsdam.de\/en\/shop\/"},{"@type":"ListItem","position":3,"name":"Zwischen Hoch-, Pop- und Alltagskultur"}]},{"@type":"WebSite","@id":"https:\/\/shop.verlag.uni-potsdam.de\/en\/#website","url":"https:\/\/shop.verlag.uni-potsdam.de\/en\/","name":"Universit\u00e4tsverlag Potsdam","description":"","publisher":{"@id":"https:\/\/shop.verlag.uni-potsdam.de\/en\/#organization"},"potentialAction":[{"@type":"SearchAction","target":{"@type":"EntryPoint","urlTemplate":"https:\/\/shop.verlag.uni-potsdam.de\/en\/?s={search_term_string}"},"query-input":{"@type":"PropertyValueSpecification","valueRequired":true,"valueName":"search_term_string"}}],"inLanguage":"en-US"},{"@type":"Organization","@id":"https:\/\/shop.verlag.uni-potsdam.de\/en\/#organization","name":"Universit\u00e4tsverlag Potsdam","url":"https:\/\/shop.verlag.uni-potsdam.de\/en\/","logo":{"@type":"ImageObject","inLanguage":"en-US","@id":"https:\/\/shop.verlag.uni-potsdam.de\/en\/#\/schema\/logo\/image\/","url":"https:\/\/shop.verlag.uni-potsdam.de\/wp-content\/uploads\/2017\/04\/up_logo_university_2.png","contentUrl":"https:\/\/shop.verlag.uni-potsdam.de\/wp-content\/uploads\/2017\/04\/up_logo_university_2.png","width":160,"height":172,"caption":"Universit\u00e4tsverlag Potsdam"},"image":{"@id":"https:\/\/shop.verlag.uni-potsdam.de\/en\/#\/schema\/logo\/image\/"}}]}},"_links":{"self":[{"href":"https:\/\/shop.verlag.uni-potsdam.de\/en\/wp-json\/wp\/v2\/product\/96240","targetHints":{"allow":["GET"]}}],"collection":[{"href":"https:\/\/shop.verlag.uni-potsdam.de\/en\/wp-json\/wp\/v2\/product"}],"about":[{"href":"https:\/\/shop.verlag.uni-potsdam.de\/en\/wp-json\/wp\/v2\/types\/product"}],"wp:featuredmedia":[{"embeddable":true,"href":"https:\/\/shop.verlag.uni-potsdam.de\/en\/wp-json\/wp\/v2\/media\/96358"}],"wp:attachment":[{"href":"https:\/\/shop.verlag.uni-potsdam.de\/en\/wp-json\/wp\/v2\/media?parent=96240"}],"wp:term":[{"taxonomy":"product_brand","embeddable":true,"href":"https:\/\/shop.verlag.uni-potsdam.de\/en\/wp-json\/wp\/v2\/product_brand?post=96240"},{"taxonomy":"product_cat","embeddable":true,"href":"https:\/\/shop.verlag.uni-potsdam.de\/en\/wp-json\/wp\/v2\/product_cat?post=96240"},{"taxonomy":"product_tag","embeddable":true,"href":"https:\/\/shop.verlag.uni-potsdam.de\/en\/wp-json\/wp\/v2\/product_tag?post=96240"}],"curies":[{"name":"wp","href":"https:\/\/api.w.org\/{rel}","templated":true}]}}