{"id":96256,"date":"2026-03-31T09:51:38","date_gmt":"2026-03-31T09:51:38","guid":{"rendered":"https:\/\/shop.verlag.uni-potsdam.de\/shop\/empty-product-container-8\/"},"modified":"2026-03-31T13:52:38","modified_gmt":"2026-03-31T11:52:38","slug":"valoriser-les-synergies-franco-allemandes-dans-linnovation-au-service-de-la-transition-energetique-ebook","status":"publish","type":"product","link":"https:\/\/shop.verlag.uni-potsdam.de\/en\/shop\/valoriser-les-synergies-franco-allemandes-dans-linnovation-au-service-de-la-transition-energetique-ebook\/","title":{"rendered":"Valoriser les synergies franco-allemandes dans l\u2019innovation au service de la transition \u00e9nerg\u00e9tique"},"content":{"rendered":"<p>In the context of increasing environmental concerns, innovation in the field of energy technologies represents a central bottleneck. This rapidly growing market is already the scene of fierce international competition. Energy research therefore represents a multiple challenge for Europe: The technologies developed should help reducing greenhouse gas emissions, while at the same time limiting our dependencies. In addition, the innovation produced should help positioning industrial Europe as a frontrunner in the globally competitive energy technology market. Thanks to the highly complementary national research landscapes, the Franco-German energy research cooperation has particularly high potential. Bilateral research programs are a promising tool for promoting untapped synergies. By addressing bilateral Franco-German partnerships on specific issues, bilateral programs complete the European funding tools. The Inter Carnot Fraunhofer (PICF) program is a mature example of such a program. Thanks to harmonized procedures, mutually beneficial cooperation projects in the energy sector could be realized. The PICF investigation also shows, however, that bilateral funding programs must include the possibility of follow-up funding in order to maintain the cooperation and bring it to completion. In the context of energy research, demonstration projects should also be included in the target group of the bilateral funding programs. Calls for proposals should be thematically limited based on the recommendations of an independent scientific body. Franco-German endeavors could then serve as a model of how intra-European synergies can be transformed into groundbreaking innovation.<\/p>","protected":false},"excerpt":{"rendered":"<p>In the context of increasing environmental concerns, innovation in the field of energy technologies represents a central bottleneck. This rapidly growing market is already the scene of fierce international competition. Energy research therefore represents a multiple challenge for Europe: The technologies developed should help reducing greenhouse gas emissions, while at the same time limiting our dependencies. In addition, the innovation produced should help positioning industrial Europe as a frontrunner in the globally competitive energy technology market. Thanks to the highly complementary national research landscapes, the Franco-German energy research cooperation has particularly high potential. Bilateral research programs are a promising tool for promoting untapped synergies. By addressing bilateral Franco-German partnerships on specific issues, bilateral programs complete the European funding tools. The Inter Carnot Fraunhofer (PICF) program is a mature example of such a program. Thanks to harmonized procedures, mutually beneficial cooperation projects in the energy sector could be realized. The PICF investigation also shows, however, that bilateral funding programs must include the possibility of follow-up funding in order to maintain the cooperation and bring it to completion. In the context of energy research, demonstration projects should also be included in the target group of the bilateral funding programs. Calls for proposals should be thematically limited based on the recommendations of an independent scientific body. Franco-German endeavors could then serve as a model of how intra-European synergies can be transformed into groundbreaking innovation.<\/p>\n","protected":false},"featured_media":96257,"template":"","meta":{"_acf_changed":false},"product_brand":[],"product_cat":[6225],"product_tag":[7016],"class_list":{"0":"post-96256","1":"product","2":"type-product","3":"status-publish","4":"has-post-thumbnail","6":"product_cat-recht-web-kategorie","7":"product_tag-energiewende-synergien-deutsch-franzoesisch-energy-revolution-franco-german-synergies-franco-allemand-synergies-transition-energetique","8":"autor-cyriac-massue","9":"edition-online-only","10":"reihe-mega-schriftenreihe","12":"first","13":"instock","14":"downloadable","15":"virtual","16":"product-type-simple"},"acf":[],"yoast_head":"<!-- This site is optimized with the Yoast SEO plugin v27.1.1 - https:\/\/yoast.com\/product\/yoast-seo-wordpress\/ -->\n<title>Valoriser les synergies franco-allemandes dans l\u2019innovation au service de la transition \u00e9nerg\u00e9tique - Universit\u00e4tsverlag Potsdam<\/title>\n<meta name=\"robots\" content=\"index, follow, max-snippet:-1, max-image-preview:large, max-video-preview:-1\" \/>\n<link rel=\"canonical\" href=\"https:\/\/shop.verlag.uni-potsdam.de\/en\/shop\/valoriser-les-synergies-franco-allemandes-dans-linnovation-au-service-de-la-transition-energetique-ebook\/\" \/>\n<meta property=\"og:locale\" content=\"en_US\" \/>\n<meta property=\"og:type\" content=\"article\" \/>\n<meta property=\"og:title\" content=\"Valoriser les synergies franco-allemandes dans l\u2019innovation au service de la transition \u00e9nerg\u00e9tique - Universit\u00e4tsverlag Potsdam\" \/>\n<meta property=\"og:description\" content=\"In the context of increasing environmental concerns, innovation in the field of energy technologies represents a central bottleneck. This rapidly growing market is already the scene of fierce international competition. Energy research therefore represents a multiple challenge for Europe: The technologies developed should help reducing greenhouse gas emissions, while at the same time limiting our dependencies. In addition, the innovation produced should help positioning industrial Europe as a frontrunner in the globally competitive energy technology market. Thanks to the highly complementary national research landscapes, the Franco-German energy research cooperation has particularly high potential. Bilateral research programs are a promising tool for promoting untapped synergies. By addressing bilateral Franco-German partnerships on specific issues, bilateral programs complete the European funding tools. The Inter Carnot Fraunhofer (PICF) program is a mature example of such a program. Thanks to harmonized procedures, mutually beneficial cooperation projects in the energy sector could be realized. The PICF investigation also shows, however, that bilateral funding programs must include the possibility of follow-up funding in order to maintain the cooperation and bring it to completion. In the context of energy research, demonstration projects should also be included in the target group of the bilateral funding programs. Calls for proposals should be thematically limited based on the recommendations of an independent scientific body. Franco-German endeavors could then serve as a model of how intra-European synergies can be transformed into groundbreaking innovation.\" \/>\n<meta property=\"og:url\" content=\"https:\/\/shop.verlag.uni-potsdam.de\/en\/shop\/valoriser-les-synergies-franco-allemandes-dans-linnovation-au-service-de-la-transition-energetique-ebook\/\" \/>\n<meta property=\"og:site_name\" content=\"Universit\u00e4tsverlag Potsdam\" \/>\n<meta property=\"article:modified_time\" content=\"2026-03-31T11:52:38+00:00\" \/>\n<meta property=\"og:image\" content=\"https:\/\/shop.verlag.uni-potsdam.de\/wp-content\/uploads\/asolmerce\/image-umschlag_mega04.jpg\" \/>\n\t<meta property=\"og:image:width\" content=\"1339\" \/>\n\t<meta property=\"og:image:height\" content=\"1890\" \/>\n\t<meta property=\"og:image:type\" content=\"image\/jpeg\" \/>\n<meta name=\"twitter:card\" content=\"summary_large_image\" \/>\n<meta name=\"twitter:label1\" content=\"Est. reading time\" \/>\n\t<meta name=\"twitter:data1\" content=\"2 minutes\" \/>\n<script type=\"application\/ld+json\" class=\"yoast-schema-graph\">{\"@context\":\"https:\/\/schema.org\",\"@graph\":[{\"@type\":\"WebPage\",\"@id\":\"https:\/\/shop.verlag.uni-potsdam.de\/en\/shop\/valoriser-les-synergies-franco-allemandes-dans-linnovation-au-service-de-la-transition-energetique-ebook\/\",\"url\":\"https:\/\/shop.verlag.uni-potsdam.de\/en\/shop\/valoriser-les-synergies-franco-allemandes-dans-linnovation-au-service-de-la-transition-energetique-ebook\/\",\"name\":\"Valoriser les synergies franco-allemandes dans l\u2019innovation au service de la transition \u00e9nerg\u00e9tique - Universit\u00e4tsverlag Potsdam\",\"isPartOf\":{\"@id\":\"https:\/\/shop.verlag.uni-potsdam.de\/en\/#website\"},\"primaryImageOfPage\":{\"@id\":\"https:\/\/shop.verlag.uni-potsdam.de\/en\/shop\/valoriser-les-synergies-franco-allemandes-dans-linnovation-au-service-de-la-transition-energetique-ebook\/#primaryimage\"},\"image\":{\"@id\":\"https:\/\/shop.verlag.uni-potsdam.de\/shop\/valoriser-les-synergies-franco-allemandes-dans-linnovation-au-service-de-la-transition-energetique-ebook\/#primaryimage\"},\"thumbnailUrl\":\"https:\/\/shop.verlag.uni-potsdam.de\/wp-content\/uploads\/asolmerce\/image-umschlag_mega04.jpg\",\"datePublished\":\"2026-03-31T09:51:38+00:00\",\"dateModified\":\"2026-03-31T11:52:38+00:00\",\"breadcrumb\":{\"@id\":\"https:\/\/shop.verlag.uni-potsdam.de\/en\/shop\/valoriser-les-synergies-franco-allemandes-dans-linnovation-au-service-de-la-transition-energetique-ebook\/#breadcrumb\"},\"inLanguage\":\"en-US\",\"potentialAction\":[{\"@type\":\"ReadAction\",\"target\":[[\"https:\/\/shop.verlag.uni-potsdam.de\/en\/shop\/valoriser-les-synergies-franco-allemandes-dans-linnovation-au-service-de-la-transition-energetique-ebook\/\"]]}]},{\"@type\":\"ImageObject\",\"inLanguage\":\"en-US\",\"@id\":\"https:\/\/shop.verlag.uni-potsdam.de\/en\/shop\/valoriser-les-synergies-franco-allemandes-dans-linnovation-au-service-de-la-transition-energetique-ebook\/#primaryimage\",\"url\":\"https:\/\/shop.verlag.uni-potsdam.de\/wp-content\/uploads\/asolmerce\/image-umschlag_mega04.jpg\",\"contentUrl\":\"https:\/\/shop.verlag.uni-potsdam.de\/wp-content\/uploads\/asolmerce\/image-umschlag_mega04.jpg\",\"width\":1339,\"height\":1890},{\"@type\":\"BreadcrumbList\",\"@id\":\"https:\/\/shop.verlag.uni-potsdam.de\/en\/shop\/valoriser-les-synergies-franco-allemandes-dans-linnovation-au-service-de-la-transition-energetique-ebook\/#breadcrumb\",\"itemListElement\":[{\"@type\":\"ListItem\",\"position\":1,\"name\":\"Startseite\",\"item\":\"https:\/\/shop.verlag.uni-potsdam.de\/en\/\"},{\"@type\":\"ListItem\",\"position\":2,\"name\":\"Shop\",\"item\":\"https:\/\/shop.verlag.uni-potsdam.de\/en\/shop\/\"},{\"@type\":\"ListItem\",\"position\":3,\"name\":\"Valoriser les synergies franco-allemandes dans l\u2019innovation au service de la transition \u00e9nerg\u00e9tique\"}]},{\"@type\":\"WebSite\",\"@id\":\"https:\/\/shop.verlag.uni-potsdam.de\/en\/#website\",\"url\":\"https:\/\/shop.verlag.uni-potsdam.de\/en\/\",\"name\":\"Universit\u00e4tsverlag Potsdam\",\"description\":\"\",\"publisher\":{\"@id\":\"https:\/\/shop.verlag.uni-potsdam.de\/en\/#organization\"},\"potentialAction\":[{\"@type\":\"SearchAction\",\"target\":{\"@type\":\"EntryPoint\",\"urlTemplate\":\"https:\/\/shop.verlag.uni-potsdam.de\/en\/?s={search_term_string}\"},\"query-input\":{\"@type\":\"PropertyValueSpecification\",\"valueRequired\":true,\"valueName\":\"search_term_string\"}}],\"inLanguage\":\"en-US\"},{\"@type\":\"Organization\",\"@id\":\"https:\/\/shop.verlag.uni-potsdam.de\/en\/#organization\",\"name\":\"Universit\u00e4tsverlag Potsdam\",\"url\":\"https:\/\/shop.verlag.uni-potsdam.de\/en\/\",\"logo\":{\"@type\":\"ImageObject\",\"inLanguage\":\"en-US\",\"@id\":\"https:\/\/shop.verlag.uni-potsdam.de\/en\/#\/schema\/logo\/image\/\",\"url\":\"https:\/\/shop.verlag.uni-potsdam.de\/wp-content\/uploads\/2017\/04\/up_logo_university_2.png\",\"contentUrl\":\"https:\/\/shop.verlag.uni-potsdam.de\/wp-content\/uploads\/2017\/04\/up_logo_university_2.png\",\"width\":160,\"height\":172,\"caption\":\"Universit\u00e4tsverlag Potsdam\"},\"image\":{\"@id\":\"https:\/\/shop.verlag.uni-potsdam.de\/en\/#\/schema\/logo\/image\/\"}}]}<\/script>\n<!-- \/ Yoast SEO plugin. -->","yoast_head_json":{"title":"Valoriser les synergies franco-allemandes dans l\u2019innovation au service de la transition \u00e9nerg\u00e9tique - Universit\u00e4tsverlag Potsdam","robots":{"index":"index","follow":"follow","max-snippet":"max-snippet:-1","max-image-preview":"max-image-preview:large","max-video-preview":"max-video-preview:-1"},"canonical":"https:\/\/shop.verlag.uni-potsdam.de\/en\/shop\/valoriser-les-synergies-franco-allemandes-dans-linnovation-au-service-de-la-transition-energetique-ebook\/","og_locale":"en_US","og_type":"article","og_title":"Valoriser les synergies franco-allemandes dans l\u2019innovation au service de la transition \u00e9nerg\u00e9tique - Universit\u00e4tsverlag Potsdam","og_description":"In the context of increasing environmental concerns, innovation in the field of energy technologies represents a central bottleneck. This rapidly growing market is already the scene of fierce international competition. Energy research therefore represents a multiple challenge for Europe: The technologies developed should help reducing greenhouse gas emissions, while at the same time limiting our dependencies. In addition, the innovation produced should help positioning industrial Europe as a frontrunner in the globally competitive energy technology market. Thanks to the highly complementary national research landscapes, the Franco-German energy research cooperation has particularly high potential. Bilateral research programs are a promising tool for promoting untapped synergies. By addressing bilateral Franco-German partnerships on specific issues, bilateral programs complete the European funding tools. The Inter Carnot Fraunhofer (PICF) program is a mature example of such a program. Thanks to harmonized procedures, mutually beneficial cooperation projects in the energy sector could be realized. The PICF investigation also shows, however, that bilateral funding programs must include the possibility of follow-up funding in order to maintain the cooperation and bring it to completion. In the context of energy research, demonstration projects should also be included in the target group of the bilateral funding programs. Calls for proposals should be thematically limited based on the recommendations of an independent scientific body. Franco-German endeavors could then serve as a model of how intra-European synergies can be transformed into groundbreaking innovation.","og_url":"https:\/\/shop.verlag.uni-potsdam.de\/en\/shop\/valoriser-les-synergies-franco-allemandes-dans-linnovation-au-service-de-la-transition-energetique-ebook\/","og_site_name":"Universit\u00e4tsverlag Potsdam","article_modified_time":"2026-03-31T11:52:38+00:00","og_image":[{"width":1339,"height":1890,"url":"https:\/\/shop.verlag.uni-potsdam.de\/wp-content\/uploads\/asolmerce\/image-umschlag_mega04.jpg","type":"image\/jpeg"}],"twitter_card":"summary_large_image","twitter_misc":{"Est. reading time":"2 minutes"},"schema":{"@context":"https:\/\/schema.org","@graph":[{"@type":"WebPage","@id":"https:\/\/shop.verlag.uni-potsdam.de\/en\/shop\/valoriser-les-synergies-franco-allemandes-dans-linnovation-au-service-de-la-transition-energetique-ebook\/","url":"https:\/\/shop.verlag.uni-potsdam.de\/en\/shop\/valoriser-les-synergies-franco-allemandes-dans-linnovation-au-service-de-la-transition-energetique-ebook\/","name":"Valoriser les synergies franco-allemandes dans l\u2019innovation au service de la transition \u00e9nerg\u00e9tique - Universit\u00e4tsverlag Potsdam","isPartOf":{"@id":"https:\/\/shop.verlag.uni-potsdam.de\/en\/#website"},"primaryImageOfPage":{"@id":"https:\/\/shop.verlag.uni-potsdam.de\/en\/shop\/valoriser-les-synergies-franco-allemandes-dans-linnovation-au-service-de-la-transition-energetique-ebook\/#primaryimage"},"image":{"@id":"https:\/\/shop.verlag.uni-potsdam.de\/shop\/valoriser-les-synergies-franco-allemandes-dans-linnovation-au-service-de-la-transition-energetique-ebook\/#primaryimage"},"thumbnailUrl":"https:\/\/shop.verlag.uni-potsdam.de\/wp-content\/uploads\/asolmerce\/image-umschlag_mega04.jpg","datePublished":"2026-03-31T09:51:38+00:00","dateModified":"2026-03-31T11:52:38+00:00","breadcrumb":{"@id":"https:\/\/shop.verlag.uni-potsdam.de\/en\/shop\/valoriser-les-synergies-franco-allemandes-dans-linnovation-au-service-de-la-transition-energetique-ebook\/#breadcrumb"},"inLanguage":"en-US","potentialAction":[{"@type":"ReadAction","target":[["https:\/\/shop.verlag.uni-potsdam.de\/en\/shop\/valoriser-les-synergies-franco-allemandes-dans-linnovation-au-service-de-la-transition-energetique-ebook\/"]]}]},{"@type":"ImageObject","inLanguage":"en-US","@id":"https:\/\/shop.verlag.uni-potsdam.de\/en\/shop\/valoriser-les-synergies-franco-allemandes-dans-linnovation-au-service-de-la-transition-energetique-ebook\/#primaryimage","url":"https:\/\/shop.verlag.uni-potsdam.de\/wp-content\/uploads\/asolmerce\/image-umschlag_mega04.jpg","contentUrl":"https:\/\/shop.verlag.uni-potsdam.de\/wp-content\/uploads\/asolmerce\/image-umschlag_mega04.jpg","width":1339,"height":1890},{"@type":"BreadcrumbList","@id":"https:\/\/shop.verlag.uni-potsdam.de\/en\/shop\/valoriser-les-synergies-franco-allemandes-dans-linnovation-au-service-de-la-transition-energetique-ebook\/#breadcrumb","itemListElement":[{"@type":"ListItem","position":1,"name":"Startseite","item":"https:\/\/shop.verlag.uni-potsdam.de\/en\/"},{"@type":"ListItem","position":2,"name":"Shop","item":"https:\/\/shop.verlag.uni-potsdam.de\/en\/shop\/"},{"@type":"ListItem","position":3,"name":"Valoriser les synergies franco-allemandes dans l\u2019innovation au service de la transition \u00e9nerg\u00e9tique"}]},{"@type":"WebSite","@id":"https:\/\/shop.verlag.uni-potsdam.de\/en\/#website","url":"https:\/\/shop.verlag.uni-potsdam.de\/en\/","name":"Universit\u00e4tsverlag Potsdam","description":"","publisher":{"@id":"https:\/\/shop.verlag.uni-potsdam.de\/en\/#organization"},"potentialAction":[{"@type":"SearchAction","target":{"@type":"EntryPoint","urlTemplate":"https:\/\/shop.verlag.uni-potsdam.de\/en\/?s={search_term_string}"},"query-input":{"@type":"PropertyValueSpecification","valueRequired":true,"valueName":"search_term_string"}}],"inLanguage":"en-US"},{"@type":"Organization","@id":"https:\/\/shop.verlag.uni-potsdam.de\/en\/#organization","name":"Universit\u00e4tsverlag Potsdam","url":"https:\/\/shop.verlag.uni-potsdam.de\/en\/","logo":{"@type":"ImageObject","inLanguage":"en-US","@id":"https:\/\/shop.verlag.uni-potsdam.de\/en\/#\/schema\/logo\/image\/","url":"https:\/\/shop.verlag.uni-potsdam.de\/wp-content\/uploads\/2017\/04\/up_logo_university_2.png","contentUrl":"https:\/\/shop.verlag.uni-potsdam.de\/wp-content\/uploads\/2017\/04\/up_logo_university_2.png","width":160,"height":172,"caption":"Universit\u00e4tsverlag Potsdam"},"image":{"@id":"https:\/\/shop.verlag.uni-potsdam.de\/en\/#\/schema\/logo\/image\/"}}]}},"_links":{"self":[{"href":"https:\/\/shop.verlag.uni-potsdam.de\/en\/wp-json\/wp\/v2\/product\/96256","targetHints":{"allow":["GET"]}}],"collection":[{"href":"https:\/\/shop.verlag.uni-potsdam.de\/en\/wp-json\/wp\/v2\/product"}],"about":[{"href":"https:\/\/shop.verlag.uni-potsdam.de\/en\/wp-json\/wp\/v2\/types\/product"}],"wp:featuredmedia":[{"embeddable":true,"href":"https:\/\/shop.verlag.uni-potsdam.de\/en\/wp-json\/wp\/v2\/media\/96257"}],"wp:attachment":[{"href":"https:\/\/shop.verlag.uni-potsdam.de\/en\/wp-json\/wp\/v2\/media?parent=96256"}],"wp:term":[{"taxonomy":"product_brand","embeddable":true,"href":"https:\/\/shop.verlag.uni-potsdam.de\/en\/wp-json\/wp\/v2\/product_brand?post=96256"},{"taxonomy":"product_cat","embeddable":true,"href":"https:\/\/shop.verlag.uni-potsdam.de\/en\/wp-json\/wp\/v2\/product_cat?post=96256"},{"taxonomy":"product_tag","embeddable":true,"href":"https:\/\/shop.verlag.uni-potsdam.de\/en\/wp-json\/wp\/v2\/product_tag?post=96256"}],"curies":[{"name":"wp","href":"https:\/\/api.w.org\/{rel}","templated":true}]}}