{"id":96262,"date":"2026-03-31T09:52:34","date_gmt":"2026-03-31T09:52:34","guid":{"rendered":"https:\/\/shop.verlag.uni-potsdam.de\/shop\/empty-product-container-8\/"},"modified":"2026-03-31T13:53:34","modified_gmt":"2026-03-31T11:53:34","slug":"die-digitalwirtschaft-als-herausforderung-fuer-das-wettbewerbsrecht-welcher-reformbedarf-in-deutschland-frankreich-und-der-eu-ebook","status":"publish","type":"product","link":"https:\/\/shop.verlag.uni-potsdam.de\/en\/shop\/die-digitalwirtschaft-als-herausforderung-fuer-das-wettbewerbsrecht-welcher-reformbedarf-in-deutschland-frankreich-und-der-eu-ebook\/","title":{"rendered":"Die Digitalwirtschaft als Herausforderung f\u00fcr das Wettbewerbsrecht \u2013 welcher Reformbedarf in Deutschland, Frankreich und der EU?"},"content":{"rendered":"<p class=\"qtranxs-available-languages-message qtranxs-available-languages-message-en\">Sorry, this entry is only available in <a href=\"https:\/\/shop.verlag.uni-potsdam.de\/de\/wp-json\/wp\/v2\/product\/96262\" class=\"qtranxs-available-language-link qtranxs-available-language-link-de\" title=\"Deutsch\">Deutsch<\/a>.<\/p><p>Der bislang in Deutschland und Frankreich sowie auf EU-Ebene geltende Rechtsrahmen ist grunds\u00e4tzlich geeignet, um den Besonderheiten der Digitalwirtschaft Rechnung tragen zu k\u00f6nnen. Legislatives Handeln scheint insbesondere dort sinnvoll, wo es zur Effektivierung der Durchsetzung des bestehenden Rechts beitr\u00e4gt. Dies betrifft unter anderem die St\u00e4rkung einstweiliger Ma\u00dfnahmen, f\u00fcr deren Anwendung Frankreich als Vorbild dienen kann.<\/p>\n<p>In den untersuchten Rechtsordnungen l\u00e4sst sich ein inkrementeller Politikansatz beobachten: die S\u00e4ulen des Wettbewerbsrechts werken sukzessive in den Blick genommen und gesetzgeberische Ma\u00dfnahmen nur schrittweise vorgenommen.<\/p>\n<p>Die in Deutschland und Frankreich gef\u00fchrten Diskussionen und bereits vorgenommenen gesetzgeberischen Ma\u00dfnahmen deuten derzeit auf eine zunehmende Divergenz zwischen deutschem und franz\u00f6sischem Wettbewerbsrecht bei den Antworten auf die Herausforderungen der Digitalwirtschaft hin. Zum einen, weil die in Deutschland vorgenommenen \u00c4nderungen der Zusammenschlusskontrolle in Frankreich nicht \u00fcbernommen werden. Zum anderen, weil die in Deutschland diskutierten Vorschl\u00e4ge zur Reform der Missbrauchsaufsicht kaum auf das franz\u00f6sische Recht \u00fcbertragbar sind.<\/p>","protected":false},"excerpt":{"rendered":"<p class=\"qtranxs-available-languages-message qtranxs-available-languages-message-en\">Sorry, this entry is only available in <a href=\"https:\/\/shop.verlag.uni-potsdam.de\/de\/wp-json\/wp\/v2\/product\/96262\" class=\"qtranxs-available-language-link qtranxs-available-language-link-de\" title=\"Deutsch\">Deutsch<\/a>.<\/p>\n<p>Der bislang in Deutschland und Frankreich sowie auf EU-Ebene geltende Rechtsrahmen ist grunds\u00e4tzlich geeignet, um den Besonderheiten der Digitalwirtschaft Rechnung tragen zu k\u00f6nnen. Legislatives Handeln scheint insbesondere dort sinnvoll, wo es zur Effektivierung der Durchsetzung des bestehenden Rechts beitr\u00e4gt. Dies betrifft unter anderem die St\u00e4rkung einstweiliger Ma\u00dfnahmen, f\u00fcr deren Anwendung Frankreich als Vorbild dienen kann.<\/p>\n<p>In den untersuchten Rechtsordnungen l\u00e4sst sich ein inkrementeller Politikansatz beobachten: die S\u00e4ulen des Wettbewerbsrechts werken sukzessive in den Blick genommen und gesetzgeberische Ma\u00dfnahmen nur schrittweise vorgenommen.<\/p>\n<p>Die in Deutschland und Frankreich gef\u00fchrten Diskussionen und bereits vorgenommenen gesetzgeberischen Ma\u00dfnahmen deuten derzeit auf eine zunehmende Divergenz zwischen deutschem und franz\u00f6sischem Wettbewerbsrecht bei den Antworten auf die Herausforderungen der Digitalwirtschaft hin. Zum einen, weil die in Deutschland vorgenommenen \u00c4nderungen der Zusammenschlusskontrolle in Frankreich nicht \u00fcbernommen werden. Zum anderen, weil die in Deutschland diskutierten Vorschl\u00e4ge zur Reform der Missbrauchsaufsicht kaum auf das franz\u00f6sische Recht \u00fcbertragbar sind.<\/p>\n","protected":false},"featured_media":96415,"template":"","meta":{"_acf_changed":false},"product_brand":[],"product_cat":[6223],"product_tag":[],"class_list":{"0":"post-96262","1":"product","2":"type-product","3":"status-publish","4":"has-post-thumbnail","6":"product_cat-politikwissenschaft-web-kategorie","7":"autor-marc-lendermann","8":"edition-online-only","9":"reihe-mega-schriftenreihe","11":"first","12":"instock","13":"downloadable","14":"virtual","15":"product-type-simple"},"acf":[],"yoast_head":"<!-- This site is optimized with the Yoast SEO plugin v27.1.1 - https:\/\/yoast.com\/product\/yoast-seo-wordpress\/ -->\n<title>Die Digitalwirtschaft als Herausforderung f\u00fcr das Wettbewerbsrecht \u2013 welcher Reformbedarf in Deutschland, Frankreich und der EU? - Universit\u00e4tsverlag Potsdam<\/title>\n<meta name=\"robots\" content=\"index, follow, max-snippet:-1, max-image-preview:large, max-video-preview:-1\" \/>\n<link rel=\"canonical\" href=\"https:\/\/shop.verlag.uni-potsdam.de\/en\/shop\/die-digitalwirtschaft-als-herausforderung-fuer-das-wettbewerbsrecht-welcher-reformbedarf-in-deutschland-frankreich-und-der-eu-ebook\/\" \/>\n<meta property=\"og:locale\" content=\"en_US\" \/>\n<meta property=\"og:type\" content=\"article\" \/>\n<meta property=\"og:title\" content=\"Die Digitalwirtschaft als Herausforderung f\u00fcr das Wettbewerbsrecht \u2013 welcher Reformbedarf in Deutschland, Frankreich und der EU? - Universit\u00e4tsverlag Potsdam\" \/>\n<meta property=\"og:description\" content=\"Der bislang in Deutschland und Frankreich sowie auf EU-Ebene geltende Rechtsrahmen ist grunds\u00e4tzlich geeignet, um den Besonderheiten der Digitalwirtschaft Rechnung tragen zu k\u00f6nnen. Legislatives Handeln scheint insbesondere dort sinnvoll, wo es zur Effektivierung der Durchsetzung des bestehenden Rechts beitr\u00e4gt. Dies betrifft unter anderem die St\u00e4rkung einstweiliger Ma\u00dfnahmen, f\u00fcr deren Anwendung Frankreich als Vorbild dienen kann.In den untersuchten Rechtsordnungen l\u00e4sst sich ein inkrementeller Politikansatz beobachten: die S\u00e4ulen des Wettbewerbsrechts werken sukzessive in den Blick genommen und gesetzgeberische Ma\u00dfnahmen nur schrittweise vorgenommen.Die in Deutschland und Frankreich gef\u00fchrten Diskussionen und bereits vorgenommenen gesetzgeberischen Ma\u00dfnahmen deuten derzeit auf eine zunehmende Divergenz zwischen deutschem und franz\u00f6sischem Wettbewerbsrecht bei den Antworten auf die Herausforderungen der Digitalwirtschaft hin. Zum einen, weil die in Deutschland vorgenommenen \u00c4nderungen der Zusammenschlusskontrolle in Frankreich nicht \u00fcbernommen werden. Zum anderen, weil die in Deutschland diskutierten Vorschl\u00e4ge zur Reform der Missbrauchsaufsicht kaum auf das franz\u00f6sische Recht \u00fcbertragbar sind.\" \/>\n<meta property=\"og:url\" content=\"https:\/\/shop.verlag.uni-potsdam.de\/en\/shop\/die-digitalwirtschaft-als-herausforderung-fuer-das-wettbewerbsrecht-welcher-reformbedarf-in-deutschland-frankreich-und-der-eu-ebook\/\" \/>\n<meta property=\"og:site_name\" content=\"Universit\u00e4tsverlag Potsdam\" \/>\n<meta property=\"article:modified_time\" content=\"2026-03-31T11:53:34+00:00\" \/>\n<meta property=\"og:image\" content=\"https:\/\/shop.verlag.uni-potsdam.de\/wp-content\/uploads\/asolmerce\/image-u1_mega02.jpg\" \/>\n\t<meta property=\"og:image:width\" content=\"1813\" \/>\n\t<meta property=\"og:image:height\" content=\"2560\" \/>\n\t<meta property=\"og:image:type\" content=\"image\/jpeg\" \/>\n<meta name=\"twitter:card\" content=\"summary_large_image\" \/>\n<meta name=\"twitter:label1\" content=\"Est. reading time\" \/>\n\t<meta name=\"twitter:data1\" content=\"1 minute\" \/>\n<script type=\"application\/ld+json\" class=\"yoast-schema-graph\">{\"@context\":\"https:\/\/schema.org\",\"@graph\":[{\"@type\":\"WebPage\",\"@id\":\"https:\/\/shop.verlag.uni-potsdam.de\/en\/shop\/die-digitalwirtschaft-als-herausforderung-fuer-das-wettbewerbsrecht-welcher-reformbedarf-in-deutschland-frankreich-und-der-eu-ebook\/\",\"url\":\"https:\/\/shop.verlag.uni-potsdam.de\/en\/shop\/die-digitalwirtschaft-als-herausforderung-fuer-das-wettbewerbsrecht-welcher-reformbedarf-in-deutschland-frankreich-und-der-eu-ebook\/\",\"name\":\"Die Digitalwirtschaft als Herausforderung f\u00fcr das Wettbewerbsrecht \u2013 welcher Reformbedarf in Deutschland, Frankreich und der EU? - Universit\u00e4tsverlag Potsdam\",\"isPartOf\":{\"@id\":\"https:\/\/shop.verlag.uni-potsdam.de\/en\/#website\"},\"primaryImageOfPage\":{\"@id\":\"https:\/\/shop.verlag.uni-potsdam.de\/en\/shop\/die-digitalwirtschaft-als-herausforderung-fuer-das-wettbewerbsrecht-welcher-reformbedarf-in-deutschland-frankreich-und-der-eu-ebook\/#primaryimage\"},\"image\":{\"@id\":\"https:\/\/shop.verlag.uni-potsdam.de\/shop\/die-digitalwirtschaft-als-herausforderung-fuer-das-wettbewerbsrecht-welcher-reformbedarf-in-deutschland-frankreich-und-der-eu-ebook\/#primaryimage\"},\"thumbnailUrl\":\"https:\/\/shop.verlag.uni-potsdam.de\/wp-content\/uploads\/asolmerce\/image-u1_mega02.jpg\",\"datePublished\":\"2026-03-31T09:52:34+00:00\",\"dateModified\":\"2026-03-31T11:53:34+00:00\",\"breadcrumb\":{\"@id\":\"https:\/\/shop.verlag.uni-potsdam.de\/en\/shop\/die-digitalwirtschaft-als-herausforderung-fuer-das-wettbewerbsrecht-welcher-reformbedarf-in-deutschland-frankreich-und-der-eu-ebook\/#breadcrumb\"},\"inLanguage\":\"en-US\",\"potentialAction\":[{\"@type\":\"ReadAction\",\"target\":[[\"https:\/\/shop.verlag.uni-potsdam.de\/en\/shop\/die-digitalwirtschaft-als-herausforderung-fuer-das-wettbewerbsrecht-welcher-reformbedarf-in-deutschland-frankreich-und-der-eu-ebook\/\"]]}]},{\"@type\":\"ImageObject\",\"inLanguage\":\"en-US\",\"@id\":\"https:\/\/shop.verlag.uni-potsdam.de\/en\/shop\/die-digitalwirtschaft-als-herausforderung-fuer-das-wettbewerbsrecht-welcher-reformbedarf-in-deutschland-frankreich-und-der-eu-ebook\/#primaryimage\",\"url\":\"https:\/\/shop.verlag.uni-potsdam.de\/wp-content\/uploads\/asolmerce\/image-u1_mega02.jpg\",\"contentUrl\":\"https:\/\/shop.verlag.uni-potsdam.de\/wp-content\/uploads\/asolmerce\/image-u1_mega02.jpg\",\"width\":1813,\"height\":2560},{\"@type\":\"BreadcrumbList\",\"@id\":\"https:\/\/shop.verlag.uni-potsdam.de\/en\/shop\/die-digitalwirtschaft-als-herausforderung-fuer-das-wettbewerbsrecht-welcher-reformbedarf-in-deutschland-frankreich-und-der-eu-ebook\/#breadcrumb\",\"itemListElement\":[{\"@type\":\"ListItem\",\"position\":1,\"name\":\"Startseite\",\"item\":\"https:\/\/shop.verlag.uni-potsdam.de\/en\/\"},{\"@type\":\"ListItem\",\"position\":2,\"name\":\"Shop\",\"item\":\"https:\/\/shop.verlag.uni-potsdam.de\/en\/shop\/\"},{\"@type\":\"ListItem\",\"position\":3,\"name\":\"Die Digitalwirtschaft als Herausforderung f\u00fcr das Wettbewerbsrecht \u2013 welcher Reformbedarf in Deutschland, Frankreich und der EU?\"}]},{\"@type\":\"WebSite\",\"@id\":\"https:\/\/shop.verlag.uni-potsdam.de\/en\/#website\",\"url\":\"https:\/\/shop.verlag.uni-potsdam.de\/en\/\",\"name\":\"Universit\u00e4tsverlag Potsdam\",\"description\":\"\",\"publisher\":{\"@id\":\"https:\/\/shop.verlag.uni-potsdam.de\/en\/#organization\"},\"potentialAction\":[{\"@type\":\"SearchAction\",\"target\":{\"@type\":\"EntryPoint\",\"urlTemplate\":\"https:\/\/shop.verlag.uni-potsdam.de\/en\/?s={search_term_string}\"},\"query-input\":{\"@type\":\"PropertyValueSpecification\",\"valueRequired\":true,\"valueName\":\"search_term_string\"}}],\"inLanguage\":\"en-US\"},{\"@type\":\"Organization\",\"@id\":\"https:\/\/shop.verlag.uni-potsdam.de\/en\/#organization\",\"name\":\"Universit\u00e4tsverlag Potsdam\",\"url\":\"https:\/\/shop.verlag.uni-potsdam.de\/en\/\",\"logo\":{\"@type\":\"ImageObject\",\"inLanguage\":\"en-US\",\"@id\":\"https:\/\/shop.verlag.uni-potsdam.de\/en\/#\/schema\/logo\/image\/\",\"url\":\"https:\/\/shop.verlag.uni-potsdam.de\/wp-content\/uploads\/2017\/04\/up_logo_university_2.png\",\"contentUrl\":\"https:\/\/shop.verlag.uni-potsdam.de\/wp-content\/uploads\/2017\/04\/up_logo_university_2.png\",\"width\":160,\"height\":172,\"caption\":\"Universit\u00e4tsverlag Potsdam\"},\"image\":{\"@id\":\"https:\/\/shop.verlag.uni-potsdam.de\/en\/#\/schema\/logo\/image\/\"}}]}<\/script>\n<!-- \/ Yoast SEO plugin. -->","yoast_head_json":{"title":"Die Digitalwirtschaft als Herausforderung f\u00fcr das Wettbewerbsrecht \u2013 welcher Reformbedarf in Deutschland, Frankreich und der EU? - Universit\u00e4tsverlag Potsdam","robots":{"index":"index","follow":"follow","max-snippet":"max-snippet:-1","max-image-preview":"max-image-preview:large","max-video-preview":"max-video-preview:-1"},"canonical":"https:\/\/shop.verlag.uni-potsdam.de\/en\/shop\/die-digitalwirtschaft-als-herausforderung-fuer-das-wettbewerbsrecht-welcher-reformbedarf-in-deutschland-frankreich-und-der-eu-ebook\/","og_locale":"en_US","og_type":"article","og_title":"Die Digitalwirtschaft als Herausforderung f\u00fcr das Wettbewerbsrecht \u2013 welcher Reformbedarf in Deutschland, Frankreich und der EU? - Universit\u00e4tsverlag Potsdam","og_description":"Der bislang in Deutschland und Frankreich sowie auf EU-Ebene geltende Rechtsrahmen ist grunds\u00e4tzlich geeignet, um den Besonderheiten der Digitalwirtschaft Rechnung tragen zu k\u00f6nnen. Legislatives Handeln scheint insbesondere dort sinnvoll, wo es zur Effektivierung der Durchsetzung des bestehenden Rechts beitr\u00e4gt. Dies betrifft unter anderem die St\u00e4rkung einstweiliger Ma\u00dfnahmen, f\u00fcr deren Anwendung Frankreich als Vorbild dienen kann.In den untersuchten Rechtsordnungen l\u00e4sst sich ein inkrementeller Politikansatz beobachten: die S\u00e4ulen des Wettbewerbsrechts werken sukzessive in den Blick genommen und gesetzgeberische Ma\u00dfnahmen nur schrittweise vorgenommen.Die in Deutschland und Frankreich gef\u00fchrten Diskussionen und bereits vorgenommenen gesetzgeberischen Ma\u00dfnahmen deuten derzeit auf eine zunehmende Divergenz zwischen deutschem und franz\u00f6sischem Wettbewerbsrecht bei den Antworten auf die Herausforderungen der Digitalwirtschaft hin. Zum einen, weil die in Deutschland vorgenommenen \u00c4nderungen der Zusammenschlusskontrolle in Frankreich nicht \u00fcbernommen werden. Zum anderen, weil die in Deutschland diskutierten Vorschl\u00e4ge zur Reform der Missbrauchsaufsicht kaum auf das franz\u00f6sische Recht \u00fcbertragbar sind.","og_url":"https:\/\/shop.verlag.uni-potsdam.de\/en\/shop\/die-digitalwirtschaft-als-herausforderung-fuer-das-wettbewerbsrecht-welcher-reformbedarf-in-deutschland-frankreich-und-der-eu-ebook\/","og_site_name":"Universit\u00e4tsverlag Potsdam","article_modified_time":"2026-03-31T11:53:34+00:00","og_image":[{"width":1813,"height":2560,"url":"https:\/\/shop.verlag.uni-potsdam.de\/wp-content\/uploads\/asolmerce\/image-u1_mega02.jpg","type":"image\/jpeg"}],"twitter_card":"summary_large_image","twitter_misc":{"Est. reading time":"1 minute"},"schema":{"@context":"https:\/\/schema.org","@graph":[{"@type":"WebPage","@id":"https:\/\/shop.verlag.uni-potsdam.de\/en\/shop\/die-digitalwirtschaft-als-herausforderung-fuer-das-wettbewerbsrecht-welcher-reformbedarf-in-deutschland-frankreich-und-der-eu-ebook\/","url":"https:\/\/shop.verlag.uni-potsdam.de\/en\/shop\/die-digitalwirtschaft-als-herausforderung-fuer-das-wettbewerbsrecht-welcher-reformbedarf-in-deutschland-frankreich-und-der-eu-ebook\/","name":"Die Digitalwirtschaft als Herausforderung f\u00fcr das Wettbewerbsrecht \u2013 welcher Reformbedarf in Deutschland, Frankreich und der EU? - Universit\u00e4tsverlag Potsdam","isPartOf":{"@id":"https:\/\/shop.verlag.uni-potsdam.de\/en\/#website"},"primaryImageOfPage":{"@id":"https:\/\/shop.verlag.uni-potsdam.de\/en\/shop\/die-digitalwirtschaft-als-herausforderung-fuer-das-wettbewerbsrecht-welcher-reformbedarf-in-deutschland-frankreich-und-der-eu-ebook\/#primaryimage"},"image":{"@id":"https:\/\/shop.verlag.uni-potsdam.de\/shop\/die-digitalwirtschaft-als-herausforderung-fuer-das-wettbewerbsrecht-welcher-reformbedarf-in-deutschland-frankreich-und-der-eu-ebook\/#primaryimage"},"thumbnailUrl":"https:\/\/shop.verlag.uni-potsdam.de\/wp-content\/uploads\/asolmerce\/image-u1_mega02.jpg","datePublished":"2026-03-31T09:52:34+00:00","dateModified":"2026-03-31T11:53:34+00:00","breadcrumb":{"@id":"https:\/\/shop.verlag.uni-potsdam.de\/en\/shop\/die-digitalwirtschaft-als-herausforderung-fuer-das-wettbewerbsrecht-welcher-reformbedarf-in-deutschland-frankreich-und-der-eu-ebook\/#breadcrumb"},"inLanguage":"en-US","potentialAction":[{"@type":"ReadAction","target":[["https:\/\/shop.verlag.uni-potsdam.de\/en\/shop\/die-digitalwirtschaft-als-herausforderung-fuer-das-wettbewerbsrecht-welcher-reformbedarf-in-deutschland-frankreich-und-der-eu-ebook\/"]]}]},{"@type":"ImageObject","inLanguage":"en-US","@id":"https:\/\/shop.verlag.uni-potsdam.de\/en\/shop\/die-digitalwirtschaft-als-herausforderung-fuer-das-wettbewerbsrecht-welcher-reformbedarf-in-deutschland-frankreich-und-der-eu-ebook\/#primaryimage","url":"https:\/\/shop.verlag.uni-potsdam.de\/wp-content\/uploads\/asolmerce\/image-u1_mega02.jpg","contentUrl":"https:\/\/shop.verlag.uni-potsdam.de\/wp-content\/uploads\/asolmerce\/image-u1_mega02.jpg","width":1813,"height":2560},{"@type":"BreadcrumbList","@id":"https:\/\/shop.verlag.uni-potsdam.de\/en\/shop\/die-digitalwirtschaft-als-herausforderung-fuer-das-wettbewerbsrecht-welcher-reformbedarf-in-deutschland-frankreich-und-der-eu-ebook\/#breadcrumb","itemListElement":[{"@type":"ListItem","position":1,"name":"Startseite","item":"https:\/\/shop.verlag.uni-potsdam.de\/en\/"},{"@type":"ListItem","position":2,"name":"Shop","item":"https:\/\/shop.verlag.uni-potsdam.de\/en\/shop\/"},{"@type":"ListItem","position":3,"name":"Die Digitalwirtschaft als Herausforderung f\u00fcr das Wettbewerbsrecht \u2013 welcher Reformbedarf in Deutschland, Frankreich und der EU?"}]},{"@type":"WebSite","@id":"https:\/\/shop.verlag.uni-potsdam.de\/en\/#website","url":"https:\/\/shop.verlag.uni-potsdam.de\/en\/","name":"Universit\u00e4tsverlag Potsdam","description":"","publisher":{"@id":"https:\/\/shop.verlag.uni-potsdam.de\/en\/#organization"},"potentialAction":[{"@type":"SearchAction","target":{"@type":"EntryPoint","urlTemplate":"https:\/\/shop.verlag.uni-potsdam.de\/en\/?s={search_term_string}"},"query-input":{"@type":"PropertyValueSpecification","valueRequired":true,"valueName":"search_term_string"}}],"inLanguage":"en-US"},{"@type":"Organization","@id":"https:\/\/shop.verlag.uni-potsdam.de\/en\/#organization","name":"Universit\u00e4tsverlag Potsdam","url":"https:\/\/shop.verlag.uni-potsdam.de\/en\/","logo":{"@type":"ImageObject","inLanguage":"en-US","@id":"https:\/\/shop.verlag.uni-potsdam.de\/en\/#\/schema\/logo\/image\/","url":"https:\/\/shop.verlag.uni-potsdam.de\/wp-content\/uploads\/2017\/04\/up_logo_university_2.png","contentUrl":"https:\/\/shop.verlag.uni-potsdam.de\/wp-content\/uploads\/2017\/04\/up_logo_university_2.png","width":160,"height":172,"caption":"Universit\u00e4tsverlag Potsdam"},"image":{"@id":"https:\/\/shop.verlag.uni-potsdam.de\/en\/#\/schema\/logo\/image\/"}}]}},"_links":{"self":[{"href":"https:\/\/shop.verlag.uni-potsdam.de\/en\/wp-json\/wp\/v2\/product\/96262","targetHints":{"allow":["GET"]}}],"collection":[{"href":"https:\/\/shop.verlag.uni-potsdam.de\/en\/wp-json\/wp\/v2\/product"}],"about":[{"href":"https:\/\/shop.verlag.uni-potsdam.de\/en\/wp-json\/wp\/v2\/types\/product"}],"wp:featuredmedia":[{"embeddable":true,"href":"https:\/\/shop.verlag.uni-potsdam.de\/en\/wp-json\/wp\/v2\/media\/96415"}],"wp:attachment":[{"href":"https:\/\/shop.verlag.uni-potsdam.de\/en\/wp-json\/wp\/v2\/media?parent=96262"}],"wp:term":[{"taxonomy":"product_brand","embeddable":true,"href":"https:\/\/shop.verlag.uni-potsdam.de\/en\/wp-json\/wp\/v2\/product_brand?post=96262"},{"taxonomy":"product_cat","embeddable":true,"href":"https:\/\/shop.verlag.uni-potsdam.de\/en\/wp-json\/wp\/v2\/product_cat?post=96262"},{"taxonomy":"product_tag","embeddable":true,"href":"https:\/\/shop.verlag.uni-potsdam.de\/en\/wp-json\/wp\/v2\/product_tag?post=96262"}],"curies":[{"name":"wp","href":"https:\/\/api.w.org\/{rel}","templated":true}]}}