{"id":96266,"date":"2026-03-23T08:55:55","date_gmt":"2026-03-23T08:55:55","guid":{"rendered":"https:\/\/shop.verlag.uni-potsdam.de\/shop\/empty-product-container-13\/"},"modified":"2026-03-23T11:56:55","modified_gmt":"2026-03-23T10:56:55","slug":"lesson-study-das-spiel","status":"publish","type":"product","link":"https:\/\/shop.verlag.uni-potsdam.de\/en\/shop\/lesson-study-das-spiel\/","title":{"rendered":"Lesson Study \u2013 Das Spiel"},"content":{"rendered":"<p class=\"qtranxs-available-languages-message qtranxs-available-languages-message-en\">Sorry, this entry is only available in <a href=\"https:\/\/shop.verlag.uni-potsdam.de\/de\/wp-json\/wp\/v2\/product\/96266\" class=\"qtranxs-available-language-link qtranxs-available-language-link-de\" title=\"Deutsch\">Deutsch<\/a>.<\/p><p>\u201eLesson Study \u2013 Das Spiel\u201c bietet einen interaktiven und praxisnahen Einstieg in die kollegiale Unterrichtsentwicklung mit der Methode Lesson Study. Bei Lesson Study durchl\u00e4uft ein Team von ca. 3-6 Lehrpersonen verschiedene Phasen: Das Team identifiziert Herausforderungen im Unterrichtsalltag und formuliert eine Leitfrage, es recherchiert gemeinsam zu dieser Frage und plant eine Unterrichtsstunde, eine Lehrperson unterrichtet diese Stunde, w\u00e4hrend die Teamkolleginnen und Teamkollegen im Unterricht hospitieren und das Lernen der Sch\u00fclerinnen und Sch\u00fcler beobachten und schlie\u00dflich reflektiert das Team diese Beobachtungen und leitet Handlungsoptionen ab.<\/p>","protected":false},"excerpt":{"rendered":"<p class=\"qtranxs-available-languages-message qtranxs-available-languages-message-en\">Sorry, this entry is only available in <a href=\"https:\/\/shop.verlag.uni-potsdam.de\/de\/wp-json\/wp\/v2\/product\/96266\" class=\"qtranxs-available-language-link qtranxs-available-language-link-de\" title=\"Deutsch\">Deutsch<\/a>.<\/p>\n<p>\u201eLesson Study \u2013 Das Spiel\u201c bietet einen interaktiven und praxisnahen Einstieg in die kollegiale Unterrichtsentwicklung mit der Methode Lesson Study. Bei Lesson Study durchl\u00e4uft ein Team von ca. 3-6 Lehrpersonen verschiedene Phasen: Das Team identifiziert Herausforderungen im Unterrichtsalltag und formuliert eine Leitfrage, es recherchiert gemeinsam zu dieser Frage und plant eine Unterrichtsstunde, eine Lehrperson unterrichtet diese Stunde, w\u00e4hrend die Teamkolleginnen und Teamkollegen im Unterricht hospitieren und das Lernen der Sch\u00fclerinnen und Sch\u00fcler beobachten und schlie\u00dflich reflektiert das Team diese Beobachtungen und leitet Handlungsoptionen ab.<\/p>\n","protected":false},"featured_media":96295,"template":"","meta":{"_acf_changed":false},"product_brand":[],"product_cat":[6220],"product_tag":[7047],"class_list":{"0":"post-96266","1":"product","2":"type-product","3":"status-publish","4":"has-post-thumbnail","6":"product_cat-paedagogik-web-kategorie","7":"product_tag-fort-und-weiterbildung-von-lehrpersonen-kollaboration-lesson-study-unterrichtsentwicklung-spielbasiertes-lernen","8":"autor-anne-jurczok","9":"autor-julian-bucher","10":"autor-klara-kager","11":"autor-miriam-vock","12":"autor-swantje-bolli","14":"first","15":"instock","16":"shipping-taxable","17":"purchasable","18":"product-type-simple"},"acf":[],"yoast_head":"<!-- This site is optimized with the Yoast SEO plugin v27.1.1 - https:\/\/yoast.com\/product\/yoast-seo-wordpress\/ -->\n<title>Lesson Study \u2013 Das Spiel - Universit\u00e4tsverlag Potsdam<\/title>\n<meta name=\"robots\" content=\"index, follow, max-snippet:-1, max-image-preview:large, max-video-preview:-1\" \/>\n<link rel=\"canonical\" href=\"https:\/\/shop.verlag.uni-potsdam.de\/en\/shop\/lesson-study-das-spiel\/\" \/>\n<meta property=\"og:locale\" content=\"en_US\" \/>\n<meta property=\"og:type\" content=\"article\" \/>\n<meta property=\"og:title\" content=\"Lesson Study \u2013 Das Spiel - Universit\u00e4tsverlag Potsdam\" \/>\n<meta property=\"og:description\" content=\"\u201eLesson Study \u2013 Das Spiel\u201c bietet einen interaktiven und praxisnahen Einstieg in die kollegiale Unterrichtsentwicklung mit der Methode Lesson Study. Bei Lesson Study durchl\u00e4uft ein Team von ca. 3-6 Lehrpersonen verschiedene Phasen: Das Team identifiziert Herausforderungen im Unterrichtsalltag und formuliert eine Leitfrage, es recherchiert gemeinsam zu dieser Frage und plant eine Unterrichtsstunde, eine Lehrperson unterrichtet diese Stunde, w\u00e4hrend die Teamkolleginnen und Teamkollegen im Unterricht hospitieren und das Lernen der Sch\u00fclerinnen und Sch\u00fcler beobachten und schlie\u00dflich reflektiert das Team diese Beobachtungen und leitet Handlungsoptionen ab.\" \/>\n<meta property=\"og:url\" content=\"https:\/\/shop.verlag.uni-potsdam.de\/en\/shop\/lesson-study-das-spiel\/\" \/>\n<meta property=\"og:site_name\" content=\"Universit\u00e4tsverlag Potsdam\" \/>\n<meta property=\"article:modified_time\" content=\"2026-03-23T10:56:55+00:00\" \/>\n<meta property=\"og:image\" content=\"https:\/\/shop.verlag.uni-potsdam.de\/wp-content\/uploads\/asolmerce\/image-schachtel_oben_2024-09-27.jpg\" \/>\n\t<meta property=\"og:image:width\" content=\"2560\" \/>\n\t<meta property=\"og:image:height\" content=\"1934\" \/>\n\t<meta property=\"og:image:type\" content=\"image\/jpeg\" \/>\n<meta name=\"twitter:card\" content=\"summary_large_image\" \/>\n<script type=\"application\/ld+json\" class=\"yoast-schema-graph\">{\"@context\":\"https:\/\/schema.org\",\"@graph\":[{\"@type\":\"WebPage\",\"@id\":\"https:\/\/shop.verlag.uni-potsdam.de\/en\/shop\/lesson-study-das-spiel\/\",\"url\":\"https:\/\/shop.verlag.uni-potsdam.de\/en\/shop\/lesson-study-das-spiel\/\",\"name\":\"Lesson Study \u2013 Das Spiel - Universit\u00e4tsverlag Potsdam\",\"isPartOf\":{\"@id\":\"https:\/\/shop.verlag.uni-potsdam.de\/en\/#website\"},\"primaryImageOfPage\":{\"@id\":\"https:\/\/shop.verlag.uni-potsdam.de\/en\/shop\/lesson-study-das-spiel\/#primaryimage\"},\"image\":{\"@id\":\"https:\/\/shop.verlag.uni-potsdam.de\/shop\/lesson-study-das-spiel\/#primaryimage\"},\"thumbnailUrl\":\"https:\/\/shop.verlag.uni-potsdam.de\/wp-content\/uploads\/asolmerce\/image-schachtel_oben_2024-09-27.jpg\",\"datePublished\":\"2026-03-23T08:55:55+00:00\",\"dateModified\":\"2026-03-23T10:56:55+00:00\",\"breadcrumb\":{\"@id\":\"https:\/\/shop.verlag.uni-potsdam.de\/en\/shop\/lesson-study-das-spiel\/#breadcrumb\"},\"inLanguage\":\"en-US\",\"potentialAction\":[{\"@type\":\"ReadAction\",\"target\":[[\"https:\/\/shop.verlag.uni-potsdam.de\/en\/shop\/lesson-study-das-spiel\/\"]]}]},{\"@type\":\"ImageObject\",\"inLanguage\":\"en-US\",\"@id\":\"https:\/\/shop.verlag.uni-potsdam.de\/en\/shop\/lesson-study-das-spiel\/#primaryimage\",\"url\":\"https:\/\/shop.verlag.uni-potsdam.de\/wp-content\/uploads\/asolmerce\/image-schachtel_oben_2024-09-27.jpg\",\"contentUrl\":\"https:\/\/shop.verlag.uni-potsdam.de\/wp-content\/uploads\/asolmerce\/image-schachtel_oben_2024-09-27.jpg\",\"width\":2560,\"height\":1934},{\"@type\":\"BreadcrumbList\",\"@id\":\"https:\/\/shop.verlag.uni-potsdam.de\/en\/shop\/lesson-study-das-spiel\/#breadcrumb\",\"itemListElement\":[{\"@type\":\"ListItem\",\"position\":1,\"name\":\"Startseite\",\"item\":\"https:\/\/shop.verlag.uni-potsdam.de\/en\/\"},{\"@type\":\"ListItem\",\"position\":2,\"name\":\"Shop\",\"item\":\"https:\/\/shop.verlag.uni-potsdam.de\/en\/shop\/\"},{\"@type\":\"ListItem\",\"position\":3,\"name\":\"Lesson Study \u2013 Das Spiel\"}]},{\"@type\":\"WebSite\",\"@id\":\"https:\/\/shop.verlag.uni-potsdam.de\/en\/#website\",\"url\":\"https:\/\/shop.verlag.uni-potsdam.de\/en\/\",\"name\":\"Universit\u00e4tsverlag Potsdam\",\"description\":\"\",\"publisher\":{\"@id\":\"https:\/\/shop.verlag.uni-potsdam.de\/en\/#organization\"},\"potentialAction\":[{\"@type\":\"SearchAction\",\"target\":{\"@type\":\"EntryPoint\",\"urlTemplate\":\"https:\/\/shop.verlag.uni-potsdam.de\/en\/?s={search_term_string}\"},\"query-input\":{\"@type\":\"PropertyValueSpecification\",\"valueRequired\":true,\"valueName\":\"search_term_string\"}}],\"inLanguage\":\"en-US\"},{\"@type\":\"Organization\",\"@id\":\"https:\/\/shop.verlag.uni-potsdam.de\/en\/#organization\",\"name\":\"Universit\u00e4tsverlag Potsdam\",\"url\":\"https:\/\/shop.verlag.uni-potsdam.de\/en\/\",\"logo\":{\"@type\":\"ImageObject\",\"inLanguage\":\"en-US\",\"@id\":\"https:\/\/shop.verlag.uni-potsdam.de\/en\/#\/schema\/logo\/image\/\",\"url\":\"https:\/\/shop.verlag.uni-potsdam.de\/wp-content\/uploads\/2017\/04\/up_logo_university_2.png\",\"contentUrl\":\"https:\/\/shop.verlag.uni-potsdam.de\/wp-content\/uploads\/2017\/04\/up_logo_university_2.png\",\"width\":160,\"height\":172,\"caption\":\"Universit\u00e4tsverlag Potsdam\"},\"image\":{\"@id\":\"https:\/\/shop.verlag.uni-potsdam.de\/en\/#\/schema\/logo\/image\/\"}}]}<\/script>\n<!-- \/ Yoast SEO plugin. -->","yoast_head_json":{"title":"Lesson Study \u2013 Das Spiel - Universit\u00e4tsverlag Potsdam","robots":{"index":"index","follow":"follow","max-snippet":"max-snippet:-1","max-image-preview":"max-image-preview:large","max-video-preview":"max-video-preview:-1"},"canonical":"https:\/\/shop.verlag.uni-potsdam.de\/en\/shop\/lesson-study-das-spiel\/","og_locale":"en_US","og_type":"article","og_title":"Lesson Study \u2013 Das Spiel - Universit\u00e4tsverlag Potsdam","og_description":"\u201eLesson Study \u2013 Das Spiel\u201c bietet einen interaktiven und praxisnahen Einstieg in die kollegiale Unterrichtsentwicklung mit der Methode Lesson Study. Bei Lesson Study durchl\u00e4uft ein Team von ca. 3-6 Lehrpersonen verschiedene Phasen: Das Team identifiziert Herausforderungen im Unterrichtsalltag und formuliert eine Leitfrage, es recherchiert gemeinsam zu dieser Frage und plant eine Unterrichtsstunde, eine Lehrperson unterrichtet diese Stunde, w\u00e4hrend die Teamkolleginnen und Teamkollegen im Unterricht hospitieren und das Lernen der Sch\u00fclerinnen und Sch\u00fcler beobachten und schlie\u00dflich reflektiert das Team diese Beobachtungen und leitet Handlungsoptionen ab.","og_url":"https:\/\/shop.verlag.uni-potsdam.de\/en\/shop\/lesson-study-das-spiel\/","og_site_name":"Universit\u00e4tsverlag Potsdam","article_modified_time":"2026-03-23T10:56:55+00:00","og_image":[{"width":2560,"height":1934,"url":"https:\/\/shop.verlag.uni-potsdam.de\/wp-content\/uploads\/asolmerce\/image-schachtel_oben_2024-09-27.jpg","type":"image\/jpeg"}],"twitter_card":"summary_large_image","schema":{"@context":"https:\/\/schema.org","@graph":[{"@type":"WebPage","@id":"https:\/\/shop.verlag.uni-potsdam.de\/en\/shop\/lesson-study-das-spiel\/","url":"https:\/\/shop.verlag.uni-potsdam.de\/en\/shop\/lesson-study-das-spiel\/","name":"Lesson Study \u2013 Das Spiel - Universit\u00e4tsverlag Potsdam","isPartOf":{"@id":"https:\/\/shop.verlag.uni-potsdam.de\/en\/#website"},"primaryImageOfPage":{"@id":"https:\/\/shop.verlag.uni-potsdam.de\/en\/shop\/lesson-study-das-spiel\/#primaryimage"},"image":{"@id":"https:\/\/shop.verlag.uni-potsdam.de\/shop\/lesson-study-das-spiel\/#primaryimage"},"thumbnailUrl":"https:\/\/shop.verlag.uni-potsdam.de\/wp-content\/uploads\/asolmerce\/image-schachtel_oben_2024-09-27.jpg","datePublished":"2026-03-23T08:55:55+00:00","dateModified":"2026-03-23T10:56:55+00:00","breadcrumb":{"@id":"https:\/\/shop.verlag.uni-potsdam.de\/en\/shop\/lesson-study-das-spiel\/#breadcrumb"},"inLanguage":"en-US","potentialAction":[{"@type":"ReadAction","target":[["https:\/\/shop.verlag.uni-potsdam.de\/en\/shop\/lesson-study-das-spiel\/"]]}]},{"@type":"ImageObject","inLanguage":"en-US","@id":"https:\/\/shop.verlag.uni-potsdam.de\/en\/shop\/lesson-study-das-spiel\/#primaryimage","url":"https:\/\/shop.verlag.uni-potsdam.de\/wp-content\/uploads\/asolmerce\/image-schachtel_oben_2024-09-27.jpg","contentUrl":"https:\/\/shop.verlag.uni-potsdam.de\/wp-content\/uploads\/asolmerce\/image-schachtel_oben_2024-09-27.jpg","width":2560,"height":1934},{"@type":"BreadcrumbList","@id":"https:\/\/shop.verlag.uni-potsdam.de\/en\/shop\/lesson-study-das-spiel\/#breadcrumb","itemListElement":[{"@type":"ListItem","position":1,"name":"Startseite","item":"https:\/\/shop.verlag.uni-potsdam.de\/en\/"},{"@type":"ListItem","position":2,"name":"Shop","item":"https:\/\/shop.verlag.uni-potsdam.de\/en\/shop\/"},{"@type":"ListItem","position":3,"name":"Lesson Study \u2013 Das Spiel"}]},{"@type":"WebSite","@id":"https:\/\/shop.verlag.uni-potsdam.de\/en\/#website","url":"https:\/\/shop.verlag.uni-potsdam.de\/en\/","name":"Universit\u00e4tsverlag Potsdam","description":"","publisher":{"@id":"https:\/\/shop.verlag.uni-potsdam.de\/en\/#organization"},"potentialAction":[{"@type":"SearchAction","target":{"@type":"EntryPoint","urlTemplate":"https:\/\/shop.verlag.uni-potsdam.de\/en\/?s={search_term_string}"},"query-input":{"@type":"PropertyValueSpecification","valueRequired":true,"valueName":"search_term_string"}}],"inLanguage":"en-US"},{"@type":"Organization","@id":"https:\/\/shop.verlag.uni-potsdam.de\/en\/#organization","name":"Universit\u00e4tsverlag Potsdam","url":"https:\/\/shop.verlag.uni-potsdam.de\/en\/","logo":{"@type":"ImageObject","inLanguage":"en-US","@id":"https:\/\/shop.verlag.uni-potsdam.de\/en\/#\/schema\/logo\/image\/","url":"https:\/\/shop.verlag.uni-potsdam.de\/wp-content\/uploads\/2017\/04\/up_logo_university_2.png","contentUrl":"https:\/\/shop.verlag.uni-potsdam.de\/wp-content\/uploads\/2017\/04\/up_logo_university_2.png","width":160,"height":172,"caption":"Universit\u00e4tsverlag Potsdam"},"image":{"@id":"https:\/\/shop.verlag.uni-potsdam.de\/en\/#\/schema\/logo\/image\/"}}]}},"_links":{"self":[{"href":"https:\/\/shop.verlag.uni-potsdam.de\/en\/wp-json\/wp\/v2\/product\/96266","targetHints":{"allow":["GET"]}}],"collection":[{"href":"https:\/\/shop.verlag.uni-potsdam.de\/en\/wp-json\/wp\/v2\/product"}],"about":[{"href":"https:\/\/shop.verlag.uni-potsdam.de\/en\/wp-json\/wp\/v2\/types\/product"}],"wp:featuredmedia":[{"embeddable":true,"href":"https:\/\/shop.verlag.uni-potsdam.de\/en\/wp-json\/wp\/v2\/media\/96295"}],"wp:attachment":[{"href":"https:\/\/shop.verlag.uni-potsdam.de\/en\/wp-json\/wp\/v2\/media?parent=96266"}],"wp:term":[{"taxonomy":"product_brand","embeddable":true,"href":"https:\/\/shop.verlag.uni-potsdam.de\/en\/wp-json\/wp\/v2\/product_brand?post=96266"},{"taxonomy":"product_cat","embeddable":true,"href":"https:\/\/shop.verlag.uni-potsdam.de\/en\/wp-json\/wp\/v2\/product_cat?post=96266"},{"taxonomy":"product_tag","embeddable":true,"href":"https:\/\/shop.verlag.uni-potsdam.de\/en\/wp-json\/wp\/v2\/product_tag?post=96266"}],"curies":[{"name":"wp","href":"https:\/\/api.w.org\/{rel}","templated":true}]}}