{"id":96314,"date":"2026-03-23T08:55:55","date_gmt":"2026-03-23T08:55:55","guid":{"rendered":"https:\/\/shop.verlag.uni-potsdam.de\/shop\/empty-product-container-13\/"},"modified":"2026-03-23T11:56:55","modified_gmt":"2026-03-23T10:56:55","slug":"der-einfluss-der-grenze-und-die-grenze-des-einflusses","status":"publish","type":"product","link":"https:\/\/shop.verlag.uni-potsdam.de\/en\/shop\/der-einfluss-der-grenze-und-die-grenze-des-einflusses\/","title":{"rendered":"Der Einfluss der Grenze und die Grenze des Einflusses"},"content":{"rendered":"<p class=\"qtranxs-available-languages-message qtranxs-available-languages-message-en\">Sorry, this entry is only available in <a href=\"https:\/\/shop.verlag.uni-potsdam.de\/de\/wp-json\/wp\/v2\/product\/96314\" class=\"qtranxs-available-language-link qtranxs-available-language-link-de\" title=\"Deutsch\">Deutsch<\/a>.<\/p><p>Die Dissertation befasst sich mit der Familiensprachenpolitik (FLP, vgl. King et al. 2008; Curdt-Christiansen 2009) mehrsprachiger Familien in Brandenburg und stellt die Frage, ob und warum die Eltern in diesen Familien ihre verschiedenen Sprachen \u2013 mindestens Deutsch und Polnisch, in manchen Familien auch weitere &#8211; an ihre Kinder weitergeben oder nicht \u2013 und wenn ja, auf welche Weise sie dies tun. Brandenburg grenzt im Osten mit einer relativ d\u00fcnn besiedelten Region direkt an Polen und umgibt die vielf\u00e4ltige deutsche Hauptstadt Berlin. So wurde aufgrund der \u00f6rtlichen Gegebenheiten zudem die Frage behandelt, inwiefern sich Theorien von Transnationalit\u00e4t und Superdiversit\u00e4t auch auf Regionen abseits der Urbanit\u00e4t anwendbar sein k\u00f6nnen.<\/p>\n<p>Es wurden zehn leitfadengest\u00fctzte Interviews mit jeweils einem Elternteil aus Familien in unterschiedlicher Entfernung zur deutsch-polnischen Grenze durchgef\u00fchrt und auf dem theoretischen Hintergrund von Transnationalit\u00e4t und Superdiversit\u00e4t unter der Nutzung der Nexusanalyse (vgl. Scollon 1998; 2001; Scollon &amp; Scollon 2004) diskursanalytisch ausgewertet sowie auf der Einzeltext-, der Diskurs- und der Gesellschaftsebene dargestellt und diskutiert (vgl. Bendel Larcher 2015). Auf der Gesellschaftsebene wurde die Nexusanalyse dabei in einer innovativen Herangehensweise durch ein triadischen Analyserasters mit der Theorie der Grenze (vgl. Schiffauer et al. 2018) zusammengebracht, so dass Fragen der Grenzziehung auf den Bereich der Sprachweitergabe bezogen werden konnten. Hier konnte ein Einfluss der r\u00e4umlichen N\u00e4he zu Polen auf die Familiensprachenpolitik festgestellt werden. Die Grenzregion Brandenburgs zu Polen kann als Schlussfolgerung auch als transnational und superdivers beschrieben werden, wobei Transnationalit\u00e4t hier Yamamura (2022) folgend als sozior\u00e4umliche Expression von Superdiversit\u00e4t verstanden wird.<\/p>\n<p>Die Ergebnisse sprechen daf\u00fcr, die Spezifik des Ortes ins dynamische Modell zur Beschreibung von FLP (vgl. Curdt-Christiansen &amp; Huang 2020) aufzunehmen und den externen Einflussfaktoren zuzuordnen. Es zeigt sich zudem, dass die Theorie der Grenze zuk\u00fcnftig weitere Aspekte der Erforschung von Familiensprachenpolitik bereichern kann. Die Grenztheorie scheint geeignet, zuk\u00fcnftig sowohl auf raeumliche, als auch z.B. auf soziale oder sprachliche Grenzziehungen angewendet zu werden.<\/p>","protected":false},"excerpt":{"rendered":"<p class=\"qtranxs-available-languages-message qtranxs-available-languages-message-en\">Sorry, this entry is only available in <a href=\"https:\/\/shop.verlag.uni-potsdam.de\/de\/wp-json\/wp\/v2\/product\/96314\" class=\"qtranxs-available-language-link qtranxs-available-language-link-de\" title=\"Deutsch\">Deutsch<\/a>.<\/p>\n<p>Die Dissertation befasst sich mit der Familiensprachenpolitik (FLP, vgl. King et al. 2008; Curdt-Christiansen 2009) mehrsprachiger Familien in Brandenburg und stellt die Frage, ob und warum die Eltern in diesen Familien ihre verschiedenen Sprachen \u2013 mindestens Deutsch und Polnisch, in manchen Familien auch weitere &#8211; an ihre Kinder weitergeben oder nicht \u2013 und wenn ja, auf welche Weise sie dies tun. Brandenburg grenzt im Osten mit einer relativ d\u00fcnn besiedelten Region direkt an Polen und umgibt die vielf\u00e4ltige deutsche Hauptstadt Berlin. So wurde aufgrund der \u00f6rtlichen Gegebenheiten zudem die Frage behandelt, inwiefern sich Theorien von Transnationalit\u00e4t und Superdiversit\u00e4t auch auf Regionen abseits der Urbanit\u00e4t anwendbar sein k\u00f6nnen.<\/p>\n<p>Es wurden zehn leitfadengest\u00fctzte Interviews mit jeweils einem Elternteil aus Familien in unterschiedlicher Entfernung zur deutsch-polnischen Grenze durchgef\u00fchrt und auf dem theoretischen Hintergrund von Transnationalit\u00e4t und Superdiversit\u00e4t unter der Nutzung der Nexusanalyse (vgl. Scollon 1998; 2001; Scollon &amp; Scollon 2004) diskursanalytisch ausgewertet sowie auf der Einzeltext-, der Diskurs- und der Gesellschaftsebene dargestellt und diskutiert (vgl. Bendel Larcher 2015). Auf der Gesellschaftsebene wurde die Nexusanalyse dabei in einer innovativen Herangehensweise durch ein triadischen Analyserasters mit der Theorie der Grenze (vgl. Schiffauer et al. 2018) zusammengebracht, so dass Fragen der Grenzziehung auf den Bereich der Sprachweitergabe bezogen werden konnten. Hier konnte ein Einfluss der r\u00e4umlichen N\u00e4he zu Polen auf die Familiensprachenpolitik festgestellt werden. Die Grenzregion Brandenburgs zu Polen kann als Schlussfolgerung auch als transnational und superdivers beschrieben werden, wobei Transnationalit\u00e4t hier Yamamura (2022) folgend als sozior\u00e4umliche Expression von Superdiversit\u00e4t verstanden wird.<\/p>\n<p>Die Ergebnisse sprechen daf\u00fcr, die Spezifik des Ortes ins dynamische Modell zur Beschreibung von FLP (vgl. Curdt-Christiansen &amp; Huang 2020) aufzunehmen und den externen Einflussfaktoren zuzuordnen. Es zeigt sich zudem, dass die Theorie der Grenze zuk\u00fcnftig weitere Aspekte der Erforschung von Familiensprachenpolitik bereichern kann. Die Grenztheorie scheint geeignet, zuk\u00fcnftig sowohl auf raeumliche, als auch z.B. auf soziale oder sprachliche Grenzziehungen angewendet zu werden.<\/p>\n","protected":false},"featured_media":96315,"template":"","meta":{"_acf_changed":false},"product_brand":[],"product_cat":[6166,6203,6214],"product_tag":[7055],"class_list":{"0":"post-96314","1":"product","2":"type-product","3":"status-publish","4":"has-post-thumbnail","6":"product_cat-sozialwissenschaften-web-kategorie","7":"product_cat-allgemeine-und-vergleichende-sprachwissenschaft-web-kategorie","8":"product_cat-linguistik-web-kategorie","9":"product_tag-brandenburg-familiensprachenpolitik-grenzregion-mehrsprachigkeit-nexusanalyse-polen-brandenburg-multilingualism-poland-border-region-family-language-policy-nexus-analysis","10":"autor-verena-maar","12":"first","13":"instock","14":"shipping-taxable","15":"purchasable","16":"product-type-simple"},"acf":[],"yoast_head":"<!-- This site is optimized with the Yoast SEO plugin v27.1.1 - https:\/\/yoast.com\/product\/yoast-seo-wordpress\/ -->\n<title>Der Einfluss der Grenze und die Grenze des Einflusses - Universit\u00e4tsverlag Potsdam<\/title>\n<meta name=\"robots\" content=\"index, follow, max-snippet:-1, max-image-preview:large, max-video-preview:-1\" \/>\n<link rel=\"canonical\" href=\"https:\/\/shop.verlag.uni-potsdam.de\/en\/shop\/der-einfluss-der-grenze-und-die-grenze-des-einflusses\/\" \/>\n<meta property=\"og:locale\" content=\"en_US\" \/>\n<meta property=\"og:type\" content=\"article\" \/>\n<meta property=\"og:title\" content=\"Der Einfluss der Grenze und die Grenze des Einflusses - Universit\u00e4tsverlag Potsdam\" \/>\n<meta property=\"og:description\" content=\"Die Dissertation befasst sich mit der Familiensprachenpolitik (FLP, vgl. King et al. 2008; Curdt-Christiansen 2009) mehrsprachiger Familien in Brandenburg und stellt die Frage, ob und warum die Eltern in diesen Familien ihre verschiedenen Sprachen \u2013 mindestens Deutsch und Polnisch, in manchen Familien auch weitere - an ihre Kinder weitergeben oder nicht \u2013 und wenn ja, auf welche Weise sie dies tun. Brandenburg grenzt im Osten mit einer relativ d\u00fcnn besiedelten Region direkt an Polen und umgibt die vielf\u00e4ltige deutsche Hauptstadt Berlin. So wurde aufgrund der \u00f6rtlichen Gegebenheiten zudem die Frage behandelt, inwiefern sich Theorien von Transnationalit\u00e4t und Superdiversit\u00e4t auch auf Regionen abseits der Urbanit\u00e4t anwendbar sein k\u00f6nnen.Es wurden zehn leitfadengest\u00fctzte Interviews mit jeweils einem Elternteil aus Familien in unterschiedlicher Entfernung zur deutsch-polnischen Grenze durchgef\u00fchrt und auf dem theoretischen Hintergrund von Transnationalit\u00e4t und Superdiversit\u00e4t unter der Nutzung der Nexusanalyse (vgl. Scollon 1998; 2001; Scollon &amp; Scollon 2004) diskursanalytisch ausgewertet sowie auf der Einzeltext-, der Diskurs- und der Gesellschaftsebene dargestellt und diskutiert (vgl. Bendel Larcher 2015). Auf der Gesellschaftsebene wurde die Nexusanalyse dabei in einer innovativen Herangehensweise durch ein triadischen Analyserasters mit der Theorie der Grenze (vgl. Schiffauer et al. 2018) zusammengebracht, so dass Fragen der Grenzziehung auf den Bereich der Sprachweitergabe bezogen werden konnten. Hier konnte ein Einfluss der r\u00e4umlichen N\u00e4he zu Polen auf die Familiensprachenpolitik festgestellt werden. Die Grenzregion Brandenburgs zu Polen kann als Schlussfolgerung auch als transnational und superdivers beschrieben werden, wobei Transnationalit\u00e4t hier Yamamura (2022) folgend als sozior\u00e4umliche Expression von Superdiversit\u00e4t verstanden wird.Die Ergebnisse sprechen daf\u00fcr, die Spezifik des Ortes ins dynamische Modell zur Beschreibung von FLP (vgl. Curdt-Christiansen &amp; Huang 2020) aufzunehmen und den externen Einflussfaktoren zuzuordnen. Es zeigt sich zudem, dass die Theorie der Grenze zuk\u00fcnftig weitere Aspekte der Erforschung von Familiensprachenpolitik bereichern kann. Die Grenztheorie scheint geeignet, zuk\u00fcnftig sowohl auf raeumliche, als auch z.B. auf soziale oder sprachliche Grenzziehungen angewendet zu werden.\" \/>\n<meta property=\"og:url\" content=\"https:\/\/shop.verlag.uni-potsdam.de\/en\/shop\/der-einfluss-der-grenze-und-die-grenze-des-einflusses\/\" \/>\n<meta property=\"og:site_name\" content=\"Universit\u00e4tsverlag Potsdam\" \/>\n<meta property=\"article:modified_time\" content=\"2026-03-23T10:56:55+00:00\" \/>\n<meta property=\"og:image\" content=\"https:\/\/shop.verlag.uni-potsdam.de\/wp-content\/uploads\/asolmerce\/image-978-3-86956-576-7.jpg\" \/>\n\t<meta property=\"og:image:width\" content=\"1813\" \/>\n\t<meta property=\"og:image:height\" content=\"2560\" \/>\n\t<meta property=\"og:image:type\" content=\"image\/jpeg\" \/>\n<meta name=\"twitter:card\" content=\"summary_large_image\" \/>\n<meta name=\"twitter:label1\" content=\"Est. reading time\" \/>\n\t<meta name=\"twitter:data1\" content=\"2 minutes\" \/>\n<script type=\"application\/ld+json\" class=\"yoast-schema-graph\">{\"@context\":\"https:\/\/schema.org\",\"@graph\":[{\"@type\":\"WebPage\",\"@id\":\"https:\/\/shop.verlag.uni-potsdam.de\/en\/shop\/der-einfluss-der-grenze-und-die-grenze-des-einflusses\/\",\"url\":\"https:\/\/shop.verlag.uni-potsdam.de\/en\/shop\/der-einfluss-der-grenze-und-die-grenze-des-einflusses\/\",\"name\":\"Der Einfluss der Grenze und die Grenze des Einflusses - Universit\u00e4tsverlag Potsdam\",\"isPartOf\":{\"@id\":\"https:\/\/shop.verlag.uni-potsdam.de\/en\/#website\"},\"primaryImageOfPage\":{\"@id\":\"https:\/\/shop.verlag.uni-potsdam.de\/en\/shop\/der-einfluss-der-grenze-und-die-grenze-des-einflusses\/#primaryimage\"},\"image\":{\"@id\":\"https:\/\/shop.verlag.uni-potsdam.de\/shop\/der-einfluss-der-grenze-und-die-grenze-des-einflusses\/#primaryimage\"},\"thumbnailUrl\":\"https:\/\/shop.verlag.uni-potsdam.de\/wp-content\/uploads\/asolmerce\/image-978-3-86956-576-7.jpg\",\"datePublished\":\"2026-03-23T08:55:55+00:00\",\"dateModified\":\"2026-03-23T10:56:55+00:00\",\"breadcrumb\":{\"@id\":\"https:\/\/shop.verlag.uni-potsdam.de\/en\/shop\/der-einfluss-der-grenze-und-die-grenze-des-einflusses\/#breadcrumb\"},\"inLanguage\":\"en-US\",\"potentialAction\":[{\"@type\":\"ReadAction\",\"target\":[[\"https:\/\/shop.verlag.uni-potsdam.de\/en\/shop\/der-einfluss-der-grenze-und-die-grenze-des-einflusses\/\"]]}]},{\"@type\":\"ImageObject\",\"inLanguage\":\"en-US\",\"@id\":\"https:\/\/shop.verlag.uni-potsdam.de\/en\/shop\/der-einfluss-der-grenze-und-die-grenze-des-einflusses\/#primaryimage\",\"url\":\"https:\/\/shop.verlag.uni-potsdam.de\/wp-content\/uploads\/asolmerce\/image-978-3-86956-576-7.jpg\",\"contentUrl\":\"https:\/\/shop.verlag.uni-potsdam.de\/wp-content\/uploads\/asolmerce\/image-978-3-86956-576-7.jpg\",\"width\":1813,\"height\":2560},{\"@type\":\"BreadcrumbList\",\"@id\":\"https:\/\/shop.verlag.uni-potsdam.de\/en\/shop\/der-einfluss-der-grenze-und-die-grenze-des-einflusses\/#breadcrumb\",\"itemListElement\":[{\"@type\":\"ListItem\",\"position\":1,\"name\":\"Startseite\",\"item\":\"https:\/\/shop.verlag.uni-potsdam.de\/en\/\"},{\"@type\":\"ListItem\",\"position\":2,\"name\":\"Shop\",\"item\":\"https:\/\/shop.verlag.uni-potsdam.de\/en\/shop\/\"},{\"@type\":\"ListItem\",\"position\":3,\"name\":\"Der Einfluss der Grenze und die Grenze des Einflusses\"}]},{\"@type\":\"WebSite\",\"@id\":\"https:\/\/shop.verlag.uni-potsdam.de\/en\/#website\",\"url\":\"https:\/\/shop.verlag.uni-potsdam.de\/en\/\",\"name\":\"Universit\u00e4tsverlag Potsdam\",\"description\":\"\",\"publisher\":{\"@id\":\"https:\/\/shop.verlag.uni-potsdam.de\/en\/#organization\"},\"potentialAction\":[{\"@type\":\"SearchAction\",\"target\":{\"@type\":\"EntryPoint\",\"urlTemplate\":\"https:\/\/shop.verlag.uni-potsdam.de\/en\/?s={search_term_string}\"},\"query-input\":{\"@type\":\"PropertyValueSpecification\",\"valueRequired\":true,\"valueName\":\"search_term_string\"}}],\"inLanguage\":\"en-US\"},{\"@type\":\"Organization\",\"@id\":\"https:\/\/shop.verlag.uni-potsdam.de\/en\/#organization\",\"name\":\"Universit\u00e4tsverlag Potsdam\",\"url\":\"https:\/\/shop.verlag.uni-potsdam.de\/en\/\",\"logo\":{\"@type\":\"ImageObject\",\"inLanguage\":\"en-US\",\"@id\":\"https:\/\/shop.verlag.uni-potsdam.de\/en\/#\/schema\/logo\/image\/\",\"url\":\"https:\/\/shop.verlag.uni-potsdam.de\/wp-content\/uploads\/2017\/04\/up_logo_university_2.png\",\"contentUrl\":\"https:\/\/shop.verlag.uni-potsdam.de\/wp-content\/uploads\/2017\/04\/up_logo_university_2.png\",\"width\":160,\"height\":172,\"caption\":\"Universit\u00e4tsverlag Potsdam\"},\"image\":{\"@id\":\"https:\/\/shop.verlag.uni-potsdam.de\/en\/#\/schema\/logo\/image\/\"}}]}<\/script>\n<!-- \/ Yoast SEO plugin. -->","yoast_head_json":{"title":"Der Einfluss der Grenze und die Grenze des Einflusses - Universit\u00e4tsverlag Potsdam","robots":{"index":"index","follow":"follow","max-snippet":"max-snippet:-1","max-image-preview":"max-image-preview:large","max-video-preview":"max-video-preview:-1"},"canonical":"https:\/\/shop.verlag.uni-potsdam.de\/en\/shop\/der-einfluss-der-grenze-und-die-grenze-des-einflusses\/","og_locale":"en_US","og_type":"article","og_title":"Der Einfluss der Grenze und die Grenze des Einflusses - Universit\u00e4tsverlag Potsdam","og_description":"Die Dissertation befasst sich mit der Familiensprachenpolitik (FLP, vgl. King et al. 2008; Curdt-Christiansen 2009) mehrsprachiger Familien in Brandenburg und stellt die Frage, ob und warum die Eltern in diesen Familien ihre verschiedenen Sprachen \u2013 mindestens Deutsch und Polnisch, in manchen Familien auch weitere - an ihre Kinder weitergeben oder nicht \u2013 und wenn ja, auf welche Weise sie dies tun. Brandenburg grenzt im Osten mit einer relativ d\u00fcnn besiedelten Region direkt an Polen und umgibt die vielf\u00e4ltige deutsche Hauptstadt Berlin. So wurde aufgrund der \u00f6rtlichen Gegebenheiten zudem die Frage behandelt, inwiefern sich Theorien von Transnationalit\u00e4t und Superdiversit\u00e4t auch auf Regionen abseits der Urbanit\u00e4t anwendbar sein k\u00f6nnen.Es wurden zehn leitfadengest\u00fctzte Interviews mit jeweils einem Elternteil aus Familien in unterschiedlicher Entfernung zur deutsch-polnischen Grenze durchgef\u00fchrt und auf dem theoretischen Hintergrund von Transnationalit\u00e4t und Superdiversit\u00e4t unter der Nutzung der Nexusanalyse (vgl. Scollon 1998; 2001; Scollon &amp; Scollon 2004) diskursanalytisch ausgewertet sowie auf der Einzeltext-, der Diskurs- und der Gesellschaftsebene dargestellt und diskutiert (vgl. Bendel Larcher 2015). Auf der Gesellschaftsebene wurde die Nexusanalyse dabei in einer innovativen Herangehensweise durch ein triadischen Analyserasters mit der Theorie der Grenze (vgl. Schiffauer et al. 2018) zusammengebracht, so dass Fragen der Grenzziehung auf den Bereich der Sprachweitergabe bezogen werden konnten. Hier konnte ein Einfluss der r\u00e4umlichen N\u00e4he zu Polen auf die Familiensprachenpolitik festgestellt werden. Die Grenzregion Brandenburgs zu Polen kann als Schlussfolgerung auch als transnational und superdivers beschrieben werden, wobei Transnationalit\u00e4t hier Yamamura (2022) folgend als sozior\u00e4umliche Expression von Superdiversit\u00e4t verstanden wird.Die Ergebnisse sprechen daf\u00fcr, die Spezifik des Ortes ins dynamische Modell zur Beschreibung von FLP (vgl. Curdt-Christiansen &amp; Huang 2020) aufzunehmen und den externen Einflussfaktoren zuzuordnen. Es zeigt sich zudem, dass die Theorie der Grenze zuk\u00fcnftig weitere Aspekte der Erforschung von Familiensprachenpolitik bereichern kann. Die Grenztheorie scheint geeignet, zuk\u00fcnftig sowohl auf raeumliche, als auch z.B. auf soziale oder sprachliche Grenzziehungen angewendet zu werden.","og_url":"https:\/\/shop.verlag.uni-potsdam.de\/en\/shop\/der-einfluss-der-grenze-und-die-grenze-des-einflusses\/","og_site_name":"Universit\u00e4tsverlag Potsdam","article_modified_time":"2026-03-23T10:56:55+00:00","og_image":[{"width":1813,"height":2560,"url":"https:\/\/shop.verlag.uni-potsdam.de\/wp-content\/uploads\/asolmerce\/image-978-3-86956-576-7.jpg","type":"image\/jpeg"}],"twitter_card":"summary_large_image","twitter_misc":{"Est. reading time":"2 minutes"},"schema":{"@context":"https:\/\/schema.org","@graph":[{"@type":"WebPage","@id":"https:\/\/shop.verlag.uni-potsdam.de\/en\/shop\/der-einfluss-der-grenze-und-die-grenze-des-einflusses\/","url":"https:\/\/shop.verlag.uni-potsdam.de\/en\/shop\/der-einfluss-der-grenze-und-die-grenze-des-einflusses\/","name":"Der Einfluss der Grenze und die Grenze des Einflusses - Universit\u00e4tsverlag Potsdam","isPartOf":{"@id":"https:\/\/shop.verlag.uni-potsdam.de\/en\/#website"},"primaryImageOfPage":{"@id":"https:\/\/shop.verlag.uni-potsdam.de\/en\/shop\/der-einfluss-der-grenze-und-die-grenze-des-einflusses\/#primaryimage"},"image":{"@id":"https:\/\/shop.verlag.uni-potsdam.de\/shop\/der-einfluss-der-grenze-und-die-grenze-des-einflusses\/#primaryimage"},"thumbnailUrl":"https:\/\/shop.verlag.uni-potsdam.de\/wp-content\/uploads\/asolmerce\/image-978-3-86956-576-7.jpg","datePublished":"2026-03-23T08:55:55+00:00","dateModified":"2026-03-23T10:56:55+00:00","breadcrumb":{"@id":"https:\/\/shop.verlag.uni-potsdam.de\/en\/shop\/der-einfluss-der-grenze-und-die-grenze-des-einflusses\/#breadcrumb"},"inLanguage":"en-US","potentialAction":[{"@type":"ReadAction","target":[["https:\/\/shop.verlag.uni-potsdam.de\/en\/shop\/der-einfluss-der-grenze-und-die-grenze-des-einflusses\/"]]}]},{"@type":"ImageObject","inLanguage":"en-US","@id":"https:\/\/shop.verlag.uni-potsdam.de\/en\/shop\/der-einfluss-der-grenze-und-die-grenze-des-einflusses\/#primaryimage","url":"https:\/\/shop.verlag.uni-potsdam.de\/wp-content\/uploads\/asolmerce\/image-978-3-86956-576-7.jpg","contentUrl":"https:\/\/shop.verlag.uni-potsdam.de\/wp-content\/uploads\/asolmerce\/image-978-3-86956-576-7.jpg","width":1813,"height":2560},{"@type":"BreadcrumbList","@id":"https:\/\/shop.verlag.uni-potsdam.de\/en\/shop\/der-einfluss-der-grenze-und-die-grenze-des-einflusses\/#breadcrumb","itemListElement":[{"@type":"ListItem","position":1,"name":"Startseite","item":"https:\/\/shop.verlag.uni-potsdam.de\/en\/"},{"@type":"ListItem","position":2,"name":"Shop","item":"https:\/\/shop.verlag.uni-potsdam.de\/en\/shop\/"},{"@type":"ListItem","position":3,"name":"Der Einfluss der Grenze und die Grenze des Einflusses"}]},{"@type":"WebSite","@id":"https:\/\/shop.verlag.uni-potsdam.de\/en\/#website","url":"https:\/\/shop.verlag.uni-potsdam.de\/en\/","name":"Universit\u00e4tsverlag Potsdam","description":"","publisher":{"@id":"https:\/\/shop.verlag.uni-potsdam.de\/en\/#organization"},"potentialAction":[{"@type":"SearchAction","target":{"@type":"EntryPoint","urlTemplate":"https:\/\/shop.verlag.uni-potsdam.de\/en\/?s={search_term_string}"},"query-input":{"@type":"PropertyValueSpecification","valueRequired":true,"valueName":"search_term_string"}}],"inLanguage":"en-US"},{"@type":"Organization","@id":"https:\/\/shop.verlag.uni-potsdam.de\/en\/#organization","name":"Universit\u00e4tsverlag Potsdam","url":"https:\/\/shop.verlag.uni-potsdam.de\/en\/","logo":{"@type":"ImageObject","inLanguage":"en-US","@id":"https:\/\/shop.verlag.uni-potsdam.de\/en\/#\/schema\/logo\/image\/","url":"https:\/\/shop.verlag.uni-potsdam.de\/wp-content\/uploads\/2017\/04\/up_logo_university_2.png","contentUrl":"https:\/\/shop.verlag.uni-potsdam.de\/wp-content\/uploads\/2017\/04\/up_logo_university_2.png","width":160,"height":172,"caption":"Universit\u00e4tsverlag Potsdam"},"image":{"@id":"https:\/\/shop.verlag.uni-potsdam.de\/en\/#\/schema\/logo\/image\/"}}]}},"_links":{"self":[{"href":"https:\/\/shop.verlag.uni-potsdam.de\/en\/wp-json\/wp\/v2\/product\/96314","targetHints":{"allow":["GET"]}}],"collection":[{"href":"https:\/\/shop.verlag.uni-potsdam.de\/en\/wp-json\/wp\/v2\/product"}],"about":[{"href":"https:\/\/shop.verlag.uni-potsdam.de\/en\/wp-json\/wp\/v2\/types\/product"}],"wp:featuredmedia":[{"embeddable":true,"href":"https:\/\/shop.verlag.uni-potsdam.de\/en\/wp-json\/wp\/v2\/media\/96315"}],"wp:attachment":[{"href":"https:\/\/shop.verlag.uni-potsdam.de\/en\/wp-json\/wp\/v2\/media?parent=96314"}],"wp:term":[{"taxonomy":"product_brand","embeddable":true,"href":"https:\/\/shop.verlag.uni-potsdam.de\/en\/wp-json\/wp\/v2\/product_brand?post=96314"},{"taxonomy":"product_cat","embeddable":true,"href":"https:\/\/shop.verlag.uni-potsdam.de\/en\/wp-json\/wp\/v2\/product_cat?post=96314"},{"taxonomy":"product_tag","embeddable":true,"href":"https:\/\/shop.verlag.uni-potsdam.de\/en\/wp-json\/wp\/v2\/product_tag?post=96314"}],"curies":[{"name":"wp","href":"https:\/\/api.w.org\/{rel}","templated":true}]}}