{"id":96344,"date":"2026-04-27T05:35:27","date_gmt":"2026-04-27T05:35:27","guid":{"rendered":"https:\/\/shop.verlag.uni-potsdam.de\/shop\/empty-product-container-13\/"},"modified":"2026-04-27T09:36:28","modified_gmt":"2026-04-27T07:36:28","slug":"schoenow-1600-bis-1830-geteiltes-dorf-vereinte-dorfgemeinde","status":"publish","type":"product","link":"https:\/\/shop.verlag.uni-potsdam.de\/en\/shop\/schoenow-1600-bis-1830-geteiltes-dorf-vereinte-dorfgemeinde\/","title":{"rendered":"Sch\u00f6now 1600 bis 1830 \u2013 geteiltes Dorf, vereinte Dorfgemeinde"},"content":{"rendered":"<p class=\"qtranxs-available-languages-message qtranxs-available-languages-message-en\">Sorry, this entry is only available in <a href=\"https:\/\/shop.verlag.uni-potsdam.de\/de\/wp-json\/wp\/v2\/product\/96344\" class=\"qtranxs-available-language-link qtranxs-available-language-link-de\" title=\"Deutsch\">Deutsch<\/a>.<\/p><p>Sch\u00f6now bei Teltow war ein kleines Dorf, das bis ca. 1830 in sich dreifach geteilt war. Diese Dissertation ist eine Mikrostudie, in der die Bev\u00f6lkerung des Dorfes aufgrund eines gro\u00dfen Quellenbestandes demographisch genau untersucht werden kann. Auf diesen Erkenntnissen aufbauend k\u00f6nnen die nach Dorfteil unterschiedlichen Formen von Dorfherrschaft bewertet und ihr Zusammenwirken mit den Herausforderungen der Fr\u00fchen Neuzeit analysiert werden. Eine trotz administrativer Teilung getrennte Dorfgemeinde taucht dabei nach au\u00dfen hin im Kollektiv handelnd auf, w\u00e4hrend ihr jeweiliger Umgang mit den unterschiedlichen Herrschaftsstilen ihrer Gutsherren R\u00fcckschl\u00fcsse auf die Herrschaftspraxis und die Handlungsspielr\u00e4ume der Bauern in der Fr\u00fchen Neuzeit in Brandenburg-Teltow geben.<\/p>\n<p>Anhand der Netzwerke durch Eheschlie\u00dfungen und Patenschaften nach au\u00dfen und ihre Ver\u00e4nderungen sowohl in Bezug auf den Ort als auch die Art der Verbindung lassen sich \u00fcbergeordnete zeitgen\u00f6ssische Ereignisse im Dorf darstellen. Quellen \u00fcber die Hofinventare lassen individuelle Analysen der einzelnen Bauernfamilien in ihrer Art der Hoff\u00fchrung zu. Die unterschiedlichen Formen der Dorfherrschaft und ihre Folgen zeigen auf, wie sich unterschiedlich gro\u00dfe Handlungsspielr\u00e4ume auf das Wohlbefinden der Bauern auswirkten und im Gegenzug auch die jeweiligen Gutsherren entweder profitierten oder wirtschaftliche Verluste erlitten.<\/p>\n<p>Das Verhalten der Bewohner bei Br\u00e4nden, Seuchen und Kriegen, aber auch in Zeiten des Friedens und sogar des Wohlstandes stellt unterschiedliche Dynamiken dar, die der Forschung zur l\u00e4ndlichen Geschichte Brandenburgs in der Fr\u00fchen Neuzeit erg\u00e4nzende Facetten in Bezug auf Konflikt- und Krisenbew\u00e4ltigung, Selbstbehauptung gegen\u00fcber den Lehensherren und Selbstst\u00e4ndiges Handeln der Dorfgemeinde geben sollen.<\/p>\n<p>Der Streit zwischen Sch\u00f6now und der anliegenden Stadt Teltow zeigt einen in der Forschung selten behandelten Dorf-Stadt-Konflikt, in welchem das Verhalten der Bewohner der beiden Orte sowie die Korrespondenzen der einzelnen Guts- und Lehnsherren \u00fcber hundert Jahre lang die Praxis des Aus- und Verhandelns, sowie der Kommunikation aller handelnden Instanzen in einem zeitlich stark begrenzten Raum analysiert und dargestellt werden kann.<\/p>\n<p>Insgesamt ist diese Mikrostudie also nicht als eine Ortschronik zu verstehen, die Ihr Forschungsobjekt als \u201eNabel der Welt\u201c zur Analyse zur Geschichte des l\u00e4ndlichen Brandenburgs in der Fr\u00fchen Neuzeit in Bezug setzt. Nat\u00fcrlich spielen demographische Studien und das genaue Betrachten des Dorfes und seinen Bewohnern eine gro\u00dfe Rolle und erg\u00e4nzen den Fundus an Erkenntnissen zur Geschichte der D\u00f6rfer in Brandenburg-Preu\u00dfen. Diese Arbeit soll jedoch vor allem multiperspektiv \u00fcbergeordnete Aspekte wie die Handlungsspielr\u00e4ume der einzelnen Handelnden und die Herrschaftspraxis in Brandenburg-Preu\u00dfen im Hinblick auf die Ereignisse und Herausforderungen der Zeit miteinbeziehen, sodass eine \u201eLebenswelt\u201c oder \u201eLebenswelten\u201c, wie Hans Medick es beschrieb, vom Kleinen ins Gro\u00dfe projiziert und somit zur Diskussion in der l\u00e4ndlichen Forschung offengestellt werden k\u00f6nnen.<\/p>","protected":false},"excerpt":{"rendered":"<p class=\"qtranxs-available-languages-message qtranxs-available-languages-message-en\">Sorry, this entry is only available in <a href=\"https:\/\/shop.verlag.uni-potsdam.de\/de\/wp-json\/wp\/v2\/product\/96344\" class=\"qtranxs-available-language-link qtranxs-available-language-link-de\" title=\"Deutsch\">Deutsch<\/a>.<\/p>\n<p>Sch\u00f6now bei Teltow war ein kleines Dorf, das bis ca. 1830 in sich dreifach geteilt war. Diese Dissertation ist eine Mikrostudie, in der die Bev\u00f6lkerung des Dorfes aufgrund eines gro\u00dfen Quellenbestandes demographisch genau untersucht werden kann. Auf diesen Erkenntnissen aufbauend k\u00f6nnen die nach Dorfteil unterschiedlichen Formen von Dorfherrschaft bewertet und ihr Zusammenwirken mit den Herausforderungen der Fr\u00fchen Neuzeit analysiert werden. Eine trotz administrativer Teilung getrennte Dorfgemeinde taucht dabei nach au\u00dfen hin im Kollektiv handelnd auf, w\u00e4hrend ihr jeweiliger Umgang mit den unterschiedlichen Herrschaftsstilen ihrer Gutsherren R\u00fcckschl\u00fcsse auf die Herrschaftspraxis und die Handlungsspielr\u00e4ume der Bauern in der Fr\u00fchen Neuzeit in Brandenburg-Teltow geben.<\/p>\n<p>Anhand der Netzwerke durch Eheschlie\u00dfungen und Patenschaften nach au\u00dfen und ihre Ver\u00e4nderungen sowohl in Bezug auf den Ort als auch die Art der Verbindung lassen sich \u00fcbergeordnete zeitgen\u00f6ssische Ereignisse im Dorf darstellen. Quellen \u00fcber die Hofinventare lassen individuelle Analysen der einzelnen Bauernfamilien in ihrer Art der Hoff\u00fchrung zu. Die unterschiedlichen Formen der Dorfherrschaft und ihre Folgen zeigen auf, wie sich unterschiedlich gro\u00dfe Handlungsspielr\u00e4ume auf das Wohlbefinden der Bauern auswirkten und im Gegenzug auch die jeweiligen Gutsherren entweder profitierten oder wirtschaftliche Verluste erlitten.<\/p>\n<p>Das Verhalten der Bewohner bei Br\u00e4nden, Seuchen und Kriegen, aber auch in Zeiten des Friedens und sogar des Wohlstandes stellt unterschiedliche Dynamiken dar, die der Forschung zur l\u00e4ndlichen Geschichte Brandenburgs in der Fr\u00fchen Neuzeit erg\u00e4nzende Facetten in Bezug auf Konflikt- und Krisenbew\u00e4ltigung, Selbstbehauptung gegen\u00fcber den Lehensherren und Selbstst\u00e4ndiges Handeln der Dorfgemeinde geben sollen.<\/p>\n<p>Der Streit zwischen Sch\u00f6now und der anliegenden Stadt Teltow zeigt einen in der Forschung selten behandelten Dorf-Stadt-Konflikt, in welchem das Verhalten der Bewohner der beiden Orte sowie die Korrespondenzen der einzelnen Guts- und Lehnsherren \u00fcber hundert Jahre lang die Praxis des Aus- und Verhandelns, sowie der Kommunikation aller handelnden Instanzen in einem zeitlich stark begrenzten Raum analysiert und dargestellt werden kann.<\/p>\n<p>Insgesamt ist diese Mikrostudie also nicht als eine Ortschronik zu verstehen, die Ihr Forschungsobjekt als \u201eNabel der Welt\u201c zur Analyse zur Geschichte des l\u00e4ndlichen Brandenburgs in der Fr\u00fchen Neuzeit in Bezug setzt. Nat\u00fcrlich spielen demographische Studien und das genaue Betrachten des Dorfes und seinen Bewohnern eine gro\u00dfe Rolle und erg\u00e4nzen den Fundus an Erkenntnissen zur Geschichte der D\u00f6rfer in Brandenburg-Preu\u00dfen. Diese Arbeit soll jedoch vor allem multiperspektiv \u00fcbergeordnete Aspekte wie die Handlungsspielr\u00e4ume der einzelnen Handelnden und die Herrschaftspraxis in Brandenburg-Preu\u00dfen im Hinblick auf die Ereignisse und Herausforderungen der Zeit miteinbeziehen, sodass eine \u201eLebenswelt\u201c oder \u201eLebenswelten\u201c, wie Hans Medick es beschrieb, vom Kleinen ins Gro\u00dfe projiziert und somit zur Diskussion in der l\u00e4ndlichen Forschung offengestellt werden k\u00f6nnen.<\/p>\n","protected":false},"featured_media":96364,"template":"","meta":{"_acf_changed":false},"product_brand":[],"product_cat":[5096],"product_tag":[7109],"class_list":{"0":"post-96344","1":"product","2":"type-product","3":"status-publish","4":"has-post-thumbnail","6":"product_cat-unkategorisiert","7":"product_tag-brandenburg-preussen-dorfgeschichte-dorfherrschaft-fruehe-neuzeit-gutsherrschaft-mikrogeschichte","8":"autor-thomas-schmidt","10":"first","11":"instock","12":"shipping-taxable","13":"purchasable","14":"product-type-simple"},"acf":[],"yoast_head":"<!-- This site is optimized with the Yoast SEO plugin v27.1.1 - https:\/\/yoast.com\/product\/yoast-seo-wordpress\/ -->\n<title>Sch\u00f6now 1600 bis 1830 \u2013 geteiltes Dorf, vereinte Dorfgemeinde - Universit\u00e4tsverlag Potsdam<\/title>\n<meta name=\"robots\" content=\"index, follow, max-snippet:-1, max-image-preview:large, max-video-preview:-1\" \/>\n<link rel=\"canonical\" href=\"https:\/\/shop.verlag.uni-potsdam.de\/en\/shop\/schoenow-1600-bis-1830-geteiltes-dorf-vereinte-dorfgemeinde\/\" \/>\n<meta property=\"og:locale\" content=\"en_US\" \/>\n<meta property=\"og:type\" content=\"article\" \/>\n<meta property=\"og:title\" content=\"Sch\u00f6now 1600 bis 1830 \u2013 geteiltes Dorf, vereinte Dorfgemeinde - Universit\u00e4tsverlag Potsdam\" \/>\n<meta property=\"og:description\" content=\"Sch\u00f6now bei Teltow war ein kleines Dorf, das bis ca. 1830 in sich dreifach geteilt war. Diese Dissertation ist eine Mikrostudie, in der die Bev\u00f6lkerung des Dorfes aufgrund eines gro\u00dfen Quellenbestandes demographisch genau untersucht werden kann. Auf diesen Erkenntnissen aufbauend k\u00f6nnen die nach Dorfteil unterschiedlichen Formen von Dorfherrschaft bewertet und ihr Zusammenwirken mit den Herausforderungen der Fr\u00fchen Neuzeit analysiert werden. Eine trotz administrativer Teilung getrennte Dorfgemeinde taucht dabei nach au\u00dfen hin im Kollektiv handelnd auf, w\u00e4hrend ihr jeweiliger Umgang mit den unterschiedlichen Herrschaftsstilen ihrer Gutsherren R\u00fcckschl\u00fcsse auf die Herrschaftspraxis und die Handlungsspielr\u00e4ume der Bauern in der Fr\u00fchen Neuzeit in Brandenburg-Teltow geben.Anhand der Netzwerke durch Eheschlie\u00dfungen und Patenschaften nach au\u00dfen und ihre Ver\u00e4nderungen sowohl in Bezug auf den Ort als auch die Art der Verbindung lassen sich \u00fcbergeordnete zeitgen\u00f6ssische Ereignisse im Dorf darstellen. Quellen \u00fcber die Hofinventare lassen individuelle Analysen der einzelnen Bauernfamilien in ihrer Art der Hoff\u00fchrung zu. Die unterschiedlichen Formen der Dorfherrschaft und ihre Folgen zeigen auf, wie sich unterschiedlich gro\u00dfe Handlungsspielr\u00e4ume auf das Wohlbefinden der Bauern auswirkten und im Gegenzug auch die jeweiligen Gutsherren entweder profitierten oder wirtschaftliche Verluste erlitten.Das Verhalten der Bewohner bei Br\u00e4nden, Seuchen und Kriegen, aber auch in Zeiten des Friedens und sogar des Wohlstandes stellt unterschiedliche Dynamiken dar, die der Forschung zur l\u00e4ndlichen Geschichte Brandenburgs in der Fr\u00fchen Neuzeit erg\u00e4nzende Facetten in Bezug auf Konflikt- und Krisenbew\u00e4ltigung, Selbstbehauptung gegen\u00fcber den Lehensherren und Selbstst\u00e4ndiges Handeln der Dorfgemeinde geben sollen.Der Streit zwischen Sch\u00f6now und der anliegenden Stadt Teltow zeigt einen in der Forschung selten behandelten Dorf-Stadt-Konflikt, in welchem das Verhalten der Bewohner der beiden Orte sowie die Korrespondenzen der einzelnen Guts- und Lehnsherren \u00fcber hundert Jahre lang die Praxis des Aus- und Verhandelns, sowie der Kommunikation aller handelnden Instanzen in einem zeitlich stark begrenzten Raum analysiert und dargestellt werden kann.Insgesamt ist diese Mikrostudie also nicht als eine Ortschronik zu verstehen, die Ihr Forschungsobjekt als \u201eNabel der Welt\u201c zur Analyse zur Geschichte des l\u00e4ndlichen Brandenburgs in der Fr\u00fchen Neuzeit in Bezug setzt. Nat\u00fcrlich spielen demographische Studien und das genaue Betrachten des Dorfes und seinen Bewohnern eine gro\u00dfe Rolle und erg\u00e4nzen den Fundus an Erkenntnissen zur Geschichte der D\u00f6rfer in Brandenburg-Preu\u00dfen. Diese Arbeit soll jedoch vor allem multiperspektiv \u00fcbergeordnete Aspekte wie die Handlungsspielr\u00e4ume der einzelnen Handelnden und die Herrschaftspraxis in Brandenburg-Preu\u00dfen im Hinblick auf die Ereignisse und Herausforderungen der Zeit miteinbeziehen, sodass eine \u201eLebenswelt\u201c oder \u201eLebenswelten\u201c, wie Hans Medick es beschrieb, vom Kleinen ins Gro\u00dfe projiziert und somit zur Diskussion in der l\u00e4ndlichen Forschung offengestellt werden k\u00f6nnen.\" \/>\n<meta property=\"og:url\" content=\"https:\/\/shop.verlag.uni-potsdam.de\/en\/shop\/schoenow-1600-bis-1830-geteiltes-dorf-vereinte-dorfgemeinde\/\" \/>\n<meta property=\"og:site_name\" content=\"Universit\u00e4tsverlag Potsdam\" \/>\n<meta property=\"article:modified_time\" content=\"2026-04-27T07:36:28+00:00\" \/>\n<meta property=\"og:image\" content=\"https:\/\/shop.verlag.uni-potsdam.de\/wp-content\/uploads\/asolmerce\/image-u1_978-3-86956-588-0.jpg\" \/>\n\t<meta property=\"og:image:width\" content=\"1219\" \/>\n\t<meta property=\"og:image:height\" content=\"1719\" \/>\n\t<meta property=\"og:image:type\" content=\"image\/jpeg\" \/>\n<meta name=\"twitter:card\" content=\"summary_large_image\" \/>\n<meta name=\"twitter:label1\" content=\"Est. reading time\" \/>\n\t<meta name=\"twitter:data1\" content=\"2 minutes\" \/>\n<script type=\"application\/ld+json\" class=\"yoast-schema-graph\">{\"@context\":\"https:\/\/schema.org\",\"@graph\":[{\"@type\":\"WebPage\",\"@id\":\"https:\/\/shop.verlag.uni-potsdam.de\/en\/shop\/schoenow-1600-bis-1830-geteiltes-dorf-vereinte-dorfgemeinde\/\",\"url\":\"https:\/\/shop.verlag.uni-potsdam.de\/en\/shop\/schoenow-1600-bis-1830-geteiltes-dorf-vereinte-dorfgemeinde\/\",\"name\":\"Sch\u00f6now 1600 bis 1830 \u2013 geteiltes Dorf, vereinte Dorfgemeinde - Universit\u00e4tsverlag Potsdam\",\"isPartOf\":{\"@id\":\"https:\/\/shop.verlag.uni-potsdam.de\/en\/#website\"},\"primaryImageOfPage\":{\"@id\":\"https:\/\/shop.verlag.uni-potsdam.de\/en\/shop\/schoenow-1600-bis-1830-geteiltes-dorf-vereinte-dorfgemeinde\/#primaryimage\"},\"image\":{\"@id\":\"https:\/\/shop.verlag.uni-potsdam.de\/shop\/schoenow-1600-bis-1830-geteiltes-dorf-vereinte-dorfgemeinde\/#primaryimage\"},\"thumbnailUrl\":\"https:\/\/shop.verlag.uni-potsdam.de\/wp-content\/uploads\/asolmerce\/image-u1_978-3-86956-588-0.jpg\",\"datePublished\":\"2026-04-27T05:35:27+00:00\",\"dateModified\":\"2026-04-27T07:36:28+00:00\",\"breadcrumb\":{\"@id\":\"https:\/\/shop.verlag.uni-potsdam.de\/en\/shop\/schoenow-1600-bis-1830-geteiltes-dorf-vereinte-dorfgemeinde\/#breadcrumb\"},\"inLanguage\":\"en-US\",\"potentialAction\":[{\"@type\":\"ReadAction\",\"target\":[[\"https:\/\/shop.verlag.uni-potsdam.de\/en\/shop\/schoenow-1600-bis-1830-geteiltes-dorf-vereinte-dorfgemeinde\/\"]]}]},{\"@type\":\"ImageObject\",\"inLanguage\":\"en-US\",\"@id\":\"https:\/\/shop.verlag.uni-potsdam.de\/en\/shop\/schoenow-1600-bis-1830-geteiltes-dorf-vereinte-dorfgemeinde\/#primaryimage\",\"url\":\"https:\/\/shop.verlag.uni-potsdam.de\/wp-content\/uploads\/asolmerce\/image-u1_978-3-86956-588-0.jpg\",\"contentUrl\":\"https:\/\/shop.verlag.uni-potsdam.de\/wp-content\/uploads\/asolmerce\/image-u1_978-3-86956-588-0.jpg\",\"width\":1219,\"height\":1719},{\"@type\":\"BreadcrumbList\",\"@id\":\"https:\/\/shop.verlag.uni-potsdam.de\/en\/shop\/schoenow-1600-bis-1830-geteiltes-dorf-vereinte-dorfgemeinde\/#breadcrumb\",\"itemListElement\":[{\"@type\":\"ListItem\",\"position\":1,\"name\":\"Startseite\",\"item\":\"https:\/\/shop.verlag.uni-potsdam.de\/en\/\"},{\"@type\":\"ListItem\",\"position\":2,\"name\":\"Shop\",\"item\":\"https:\/\/shop.verlag.uni-potsdam.de\/en\/shop\/\"},{\"@type\":\"ListItem\",\"position\":3,\"name\":\"Sch\u00f6now 1600 bis 1830 \u2013 geteiltes Dorf, vereinte Dorfgemeinde\"}]},{\"@type\":\"WebSite\",\"@id\":\"https:\/\/shop.verlag.uni-potsdam.de\/en\/#website\",\"url\":\"https:\/\/shop.verlag.uni-potsdam.de\/en\/\",\"name\":\"Universit\u00e4tsverlag Potsdam\",\"description\":\"\",\"publisher\":{\"@id\":\"https:\/\/shop.verlag.uni-potsdam.de\/en\/#organization\"},\"potentialAction\":[{\"@type\":\"SearchAction\",\"target\":{\"@type\":\"EntryPoint\",\"urlTemplate\":\"https:\/\/shop.verlag.uni-potsdam.de\/en\/?s={search_term_string}\"},\"query-input\":{\"@type\":\"PropertyValueSpecification\",\"valueRequired\":true,\"valueName\":\"search_term_string\"}}],\"inLanguage\":\"en-US\"},{\"@type\":\"Organization\",\"@id\":\"https:\/\/shop.verlag.uni-potsdam.de\/en\/#organization\",\"name\":\"Universit\u00e4tsverlag Potsdam\",\"url\":\"https:\/\/shop.verlag.uni-potsdam.de\/en\/\",\"logo\":{\"@type\":\"ImageObject\",\"inLanguage\":\"en-US\",\"@id\":\"https:\/\/shop.verlag.uni-potsdam.de\/en\/#\/schema\/logo\/image\/\",\"url\":\"https:\/\/shop.verlag.uni-potsdam.de\/wp-content\/uploads\/2017\/04\/up_logo_university_2.png\",\"contentUrl\":\"https:\/\/shop.verlag.uni-potsdam.de\/wp-content\/uploads\/2017\/04\/up_logo_university_2.png\",\"width\":160,\"height\":172,\"caption\":\"Universit\u00e4tsverlag Potsdam\"},\"image\":{\"@id\":\"https:\/\/shop.verlag.uni-potsdam.de\/en\/#\/schema\/logo\/image\/\"}}]}<\/script>\n<!-- \/ Yoast SEO plugin. -->","yoast_head_json":{"title":"Sch\u00f6now 1600 bis 1830 \u2013 geteiltes Dorf, vereinte Dorfgemeinde - Universit\u00e4tsverlag Potsdam","robots":{"index":"index","follow":"follow","max-snippet":"max-snippet:-1","max-image-preview":"max-image-preview:large","max-video-preview":"max-video-preview:-1"},"canonical":"https:\/\/shop.verlag.uni-potsdam.de\/en\/shop\/schoenow-1600-bis-1830-geteiltes-dorf-vereinte-dorfgemeinde\/","og_locale":"en_US","og_type":"article","og_title":"Sch\u00f6now 1600 bis 1830 \u2013 geteiltes Dorf, vereinte Dorfgemeinde - Universit\u00e4tsverlag Potsdam","og_description":"Sch\u00f6now bei Teltow war ein kleines Dorf, das bis ca. 1830 in sich dreifach geteilt war. Diese Dissertation ist eine Mikrostudie, in der die Bev\u00f6lkerung des Dorfes aufgrund eines gro\u00dfen Quellenbestandes demographisch genau untersucht werden kann. Auf diesen Erkenntnissen aufbauend k\u00f6nnen die nach Dorfteil unterschiedlichen Formen von Dorfherrschaft bewertet und ihr Zusammenwirken mit den Herausforderungen der Fr\u00fchen Neuzeit analysiert werden. Eine trotz administrativer Teilung getrennte Dorfgemeinde taucht dabei nach au\u00dfen hin im Kollektiv handelnd auf, w\u00e4hrend ihr jeweiliger Umgang mit den unterschiedlichen Herrschaftsstilen ihrer Gutsherren R\u00fcckschl\u00fcsse auf die Herrschaftspraxis und die Handlungsspielr\u00e4ume der Bauern in der Fr\u00fchen Neuzeit in Brandenburg-Teltow geben.Anhand der Netzwerke durch Eheschlie\u00dfungen und Patenschaften nach au\u00dfen und ihre Ver\u00e4nderungen sowohl in Bezug auf den Ort als auch die Art der Verbindung lassen sich \u00fcbergeordnete zeitgen\u00f6ssische Ereignisse im Dorf darstellen. Quellen \u00fcber die Hofinventare lassen individuelle Analysen der einzelnen Bauernfamilien in ihrer Art der Hoff\u00fchrung zu. Die unterschiedlichen Formen der Dorfherrschaft und ihre Folgen zeigen auf, wie sich unterschiedlich gro\u00dfe Handlungsspielr\u00e4ume auf das Wohlbefinden der Bauern auswirkten und im Gegenzug auch die jeweiligen Gutsherren entweder profitierten oder wirtschaftliche Verluste erlitten.Das Verhalten der Bewohner bei Br\u00e4nden, Seuchen und Kriegen, aber auch in Zeiten des Friedens und sogar des Wohlstandes stellt unterschiedliche Dynamiken dar, die der Forschung zur l\u00e4ndlichen Geschichte Brandenburgs in der Fr\u00fchen Neuzeit erg\u00e4nzende Facetten in Bezug auf Konflikt- und Krisenbew\u00e4ltigung, Selbstbehauptung gegen\u00fcber den Lehensherren und Selbstst\u00e4ndiges Handeln der Dorfgemeinde geben sollen.Der Streit zwischen Sch\u00f6now und der anliegenden Stadt Teltow zeigt einen in der Forschung selten behandelten Dorf-Stadt-Konflikt, in welchem das Verhalten der Bewohner der beiden Orte sowie die Korrespondenzen der einzelnen Guts- und Lehnsherren \u00fcber hundert Jahre lang die Praxis des Aus- und Verhandelns, sowie der Kommunikation aller handelnden Instanzen in einem zeitlich stark begrenzten Raum analysiert und dargestellt werden kann.Insgesamt ist diese Mikrostudie also nicht als eine Ortschronik zu verstehen, die Ihr Forschungsobjekt als \u201eNabel der Welt\u201c zur Analyse zur Geschichte des l\u00e4ndlichen Brandenburgs in der Fr\u00fchen Neuzeit in Bezug setzt. Nat\u00fcrlich spielen demographische Studien und das genaue Betrachten des Dorfes und seinen Bewohnern eine gro\u00dfe Rolle und erg\u00e4nzen den Fundus an Erkenntnissen zur Geschichte der D\u00f6rfer in Brandenburg-Preu\u00dfen. Diese Arbeit soll jedoch vor allem multiperspektiv \u00fcbergeordnete Aspekte wie die Handlungsspielr\u00e4ume der einzelnen Handelnden und die Herrschaftspraxis in Brandenburg-Preu\u00dfen im Hinblick auf die Ereignisse und Herausforderungen der Zeit miteinbeziehen, sodass eine \u201eLebenswelt\u201c oder \u201eLebenswelten\u201c, wie Hans Medick es beschrieb, vom Kleinen ins Gro\u00dfe projiziert und somit zur Diskussion in der l\u00e4ndlichen Forschung offengestellt werden k\u00f6nnen.","og_url":"https:\/\/shop.verlag.uni-potsdam.de\/en\/shop\/schoenow-1600-bis-1830-geteiltes-dorf-vereinte-dorfgemeinde\/","og_site_name":"Universit\u00e4tsverlag Potsdam","article_modified_time":"2026-04-27T07:36:28+00:00","og_image":[{"width":1219,"height":1719,"url":"https:\/\/shop.verlag.uni-potsdam.de\/wp-content\/uploads\/asolmerce\/image-u1_978-3-86956-588-0.jpg","type":"image\/jpeg"}],"twitter_card":"summary_large_image","twitter_misc":{"Est. reading time":"2 minutes"},"schema":{"@context":"https:\/\/schema.org","@graph":[{"@type":"WebPage","@id":"https:\/\/shop.verlag.uni-potsdam.de\/en\/shop\/schoenow-1600-bis-1830-geteiltes-dorf-vereinte-dorfgemeinde\/","url":"https:\/\/shop.verlag.uni-potsdam.de\/en\/shop\/schoenow-1600-bis-1830-geteiltes-dorf-vereinte-dorfgemeinde\/","name":"Sch\u00f6now 1600 bis 1830 \u2013 geteiltes Dorf, vereinte Dorfgemeinde - Universit\u00e4tsverlag Potsdam","isPartOf":{"@id":"https:\/\/shop.verlag.uni-potsdam.de\/en\/#website"},"primaryImageOfPage":{"@id":"https:\/\/shop.verlag.uni-potsdam.de\/en\/shop\/schoenow-1600-bis-1830-geteiltes-dorf-vereinte-dorfgemeinde\/#primaryimage"},"image":{"@id":"https:\/\/shop.verlag.uni-potsdam.de\/shop\/schoenow-1600-bis-1830-geteiltes-dorf-vereinte-dorfgemeinde\/#primaryimage"},"thumbnailUrl":"https:\/\/shop.verlag.uni-potsdam.de\/wp-content\/uploads\/asolmerce\/image-u1_978-3-86956-588-0.jpg","datePublished":"2026-04-27T05:35:27+00:00","dateModified":"2026-04-27T07:36:28+00:00","breadcrumb":{"@id":"https:\/\/shop.verlag.uni-potsdam.de\/en\/shop\/schoenow-1600-bis-1830-geteiltes-dorf-vereinte-dorfgemeinde\/#breadcrumb"},"inLanguage":"en-US","potentialAction":[{"@type":"ReadAction","target":[["https:\/\/shop.verlag.uni-potsdam.de\/en\/shop\/schoenow-1600-bis-1830-geteiltes-dorf-vereinte-dorfgemeinde\/"]]}]},{"@type":"ImageObject","inLanguage":"en-US","@id":"https:\/\/shop.verlag.uni-potsdam.de\/en\/shop\/schoenow-1600-bis-1830-geteiltes-dorf-vereinte-dorfgemeinde\/#primaryimage","url":"https:\/\/shop.verlag.uni-potsdam.de\/wp-content\/uploads\/asolmerce\/image-u1_978-3-86956-588-0.jpg","contentUrl":"https:\/\/shop.verlag.uni-potsdam.de\/wp-content\/uploads\/asolmerce\/image-u1_978-3-86956-588-0.jpg","width":1219,"height":1719},{"@type":"BreadcrumbList","@id":"https:\/\/shop.verlag.uni-potsdam.de\/en\/shop\/schoenow-1600-bis-1830-geteiltes-dorf-vereinte-dorfgemeinde\/#breadcrumb","itemListElement":[{"@type":"ListItem","position":1,"name":"Startseite","item":"https:\/\/shop.verlag.uni-potsdam.de\/en\/"},{"@type":"ListItem","position":2,"name":"Shop","item":"https:\/\/shop.verlag.uni-potsdam.de\/en\/shop\/"},{"@type":"ListItem","position":3,"name":"Sch\u00f6now 1600 bis 1830 \u2013 geteiltes Dorf, vereinte Dorfgemeinde"}]},{"@type":"WebSite","@id":"https:\/\/shop.verlag.uni-potsdam.de\/en\/#website","url":"https:\/\/shop.verlag.uni-potsdam.de\/en\/","name":"Universit\u00e4tsverlag Potsdam","description":"","publisher":{"@id":"https:\/\/shop.verlag.uni-potsdam.de\/en\/#organization"},"potentialAction":[{"@type":"SearchAction","target":{"@type":"EntryPoint","urlTemplate":"https:\/\/shop.verlag.uni-potsdam.de\/en\/?s={search_term_string}"},"query-input":{"@type":"PropertyValueSpecification","valueRequired":true,"valueName":"search_term_string"}}],"inLanguage":"en-US"},{"@type":"Organization","@id":"https:\/\/shop.verlag.uni-potsdam.de\/en\/#organization","name":"Universit\u00e4tsverlag Potsdam","url":"https:\/\/shop.verlag.uni-potsdam.de\/en\/","logo":{"@type":"ImageObject","inLanguage":"en-US","@id":"https:\/\/shop.verlag.uni-potsdam.de\/en\/#\/schema\/logo\/image\/","url":"https:\/\/shop.verlag.uni-potsdam.de\/wp-content\/uploads\/2017\/04\/up_logo_university_2.png","contentUrl":"https:\/\/shop.verlag.uni-potsdam.de\/wp-content\/uploads\/2017\/04\/up_logo_university_2.png","width":160,"height":172,"caption":"Universit\u00e4tsverlag Potsdam"},"image":{"@id":"https:\/\/shop.verlag.uni-potsdam.de\/en\/#\/schema\/logo\/image\/"}}]}},"_links":{"self":[{"href":"https:\/\/shop.verlag.uni-potsdam.de\/en\/wp-json\/wp\/v2\/product\/96344","targetHints":{"allow":["GET"]}}],"collection":[{"href":"https:\/\/shop.verlag.uni-potsdam.de\/en\/wp-json\/wp\/v2\/product"}],"about":[{"href":"https:\/\/shop.verlag.uni-potsdam.de\/en\/wp-json\/wp\/v2\/types\/product"}],"wp:featuredmedia":[{"embeddable":true,"href":"https:\/\/shop.verlag.uni-potsdam.de\/en\/wp-json\/wp\/v2\/media\/96364"}],"wp:attachment":[{"href":"https:\/\/shop.verlag.uni-potsdam.de\/en\/wp-json\/wp\/v2\/media?parent=96344"}],"wp:term":[{"taxonomy":"product_brand","embeddable":true,"href":"https:\/\/shop.verlag.uni-potsdam.de\/en\/wp-json\/wp\/v2\/product_brand?post=96344"},{"taxonomy":"product_cat","embeddable":true,"href":"https:\/\/shop.verlag.uni-potsdam.de\/en\/wp-json\/wp\/v2\/product_cat?post=96344"},{"taxonomy":"product_tag","embeddable":true,"href":"https:\/\/shop.verlag.uni-potsdam.de\/en\/wp-json\/wp\/v2\/product_tag?post=96344"}],"curies":[{"name":"wp","href":"https:\/\/api.w.org\/{rel}","templated":true}]}}