{"id":96401,"date":"2026-03-23T08:55:57","date_gmt":"2026-03-23T08:55:57","guid":{"rendered":"https:\/\/shop.verlag.uni-potsdam.de\/shop\/empty-product-container-13\/"},"modified":"2026-03-23T11:56:57","modified_gmt":"2026-03-23T10:56:57","slug":"100-jahre-falkensee","status":"publish","type":"product","link":"https:\/\/shop.verlag.uni-potsdam.de\/en\/shop\/100-jahre-falkensee\/","title":{"rendered":"100 Jahre Falkensee"},"content":{"rendered":"<p class=\"qtranxs-available-languages-message qtranxs-available-languages-message-en\">Sorry, this entry is only available in <a href=\"https:\/\/shop.verlag.uni-potsdam.de\/de\/wp-json\/wp\/v2\/product\/96401\" class=\"qtranxs-available-language-link qtranxs-available-language-link-de\" title=\"Deutsch\">Deutsch<\/a>.<\/p><p>Die vier Beitr\u00e4ge behandeln die vielf\u00e4ltigen Wandlungen der heutigen Stadt Falkensee vom 18. bis zum 20. Jahrhundert: die k\u00f6nigliche Dom\u00e4ne Falkenhagen und das adlige Gut Seegefeld, die schwierige Vereinigung dieser beiden Landgemeinden zu einer neuen Gemeinde unter neuem Namen nach dem Ersten Weltkrieg, die Schicksale des Berliner Vorortes und Zwangsarbeiter-Lagerortes unter der nationalsozialistischen Diktatur sowie auch die zahlreichen Umnutzungen eines gro\u00dfen Geb\u00e4udekomplexes infolge der politischen Umbr\u00fcche des 20. Jahrhunderts vom Sanatorium \u00fcber die Ausbildungsst\u00e4tte einer NS-Organisation bis zum Alten- bzw. Feierabendheim.<\/p>","protected":false},"excerpt":{"rendered":"<p class=\"qtranxs-available-languages-message qtranxs-available-languages-message-en\">Sorry, this entry is only available in <a href=\"https:\/\/shop.verlag.uni-potsdam.de\/de\/wp-json\/wp\/v2\/product\/96401\" class=\"qtranxs-available-language-link qtranxs-available-language-link-de\" title=\"Deutsch\">Deutsch<\/a>.<\/p>\n<p>Die vier Beitr\u00e4ge behandeln die vielf\u00e4ltigen Wandlungen der heutigen Stadt Falkensee vom 18. bis zum 20. Jahrhundert: die k\u00f6nigliche Dom\u00e4ne Falkenhagen und das adlige Gut Seegefeld, die schwierige Vereinigung dieser beiden Landgemeinden zu einer neuen Gemeinde unter neuem Namen nach dem Ersten Weltkrieg, die Schicksale des Berliner Vorortes und Zwangsarbeiter-Lagerortes unter der nationalsozialistischen Diktatur sowie auch die zahlreichen Umnutzungen eines gro\u00dfen Geb\u00e4udekomplexes infolge der politischen Umbr\u00fcche des 20. Jahrhunderts vom Sanatorium \u00fcber die Ausbildungsst\u00e4tte einer NS-Organisation bis zum Alten- bzw. Feierabendheim.<\/p>\n","protected":false},"featured_media":96445,"template":"","meta":{"_acf_changed":false},"product_brand":[],"product_cat":[6207],"product_tag":[7235],"class_list":{"0":"post-96401","1":"product","2":"type-product","3":"status-publish","4":"has-post-thumbnail","6":"product_cat-geschichte-web-kategorie","7":"product_tag-gemeindevereinigung-ns-lagerort-sanatorium-adliges-gut-koenigliche-domaene","8":"autor-gerd-christian-th-treutler","9":"autor-gisela-dittmer","10":"autor-ines-oberling","11":"autor-klaus-neitmann","12":"autor-uwe-ulrich","14":"first","15":"instock","16":"shipping-taxable","17":"purchasable","18":"product-type-simple"},"acf":[],"yoast_head":"<!-- This site is optimized with the Yoast SEO plugin v27.1.1 - https:\/\/yoast.com\/product\/yoast-seo-wordpress\/ -->\n<title>100 Jahre Falkensee - Universit\u00e4tsverlag Potsdam<\/title>\n<meta name=\"robots\" content=\"index, follow, max-snippet:-1, max-image-preview:large, max-video-preview:-1\" \/>\n<link rel=\"canonical\" href=\"https:\/\/shop.verlag.uni-potsdam.de\/en\/shop\/100-jahre-falkensee\/\" \/>\n<meta property=\"og:locale\" content=\"en_US\" \/>\n<meta property=\"og:type\" content=\"article\" \/>\n<meta property=\"og:title\" content=\"100 Jahre Falkensee - Universit\u00e4tsverlag Potsdam\" \/>\n<meta property=\"og:description\" content=\"Die vier Beitr\u00e4ge behandeln die vielf\u00e4ltigen Wandlungen der heutigen Stadt Falkensee vom 18. bis zum 20. Jahrhundert: die k\u00f6nigliche Dom\u00e4ne Falkenhagen und das adlige Gut Seegefeld, die schwierige Vereinigung dieser beiden Landgemeinden zu einer neuen Gemeinde unter neuem Namen nach dem Ersten Weltkrieg, die Schicksale des Berliner Vorortes und Zwangsarbeiter-Lagerortes unter der nationalsozialistischen Diktatur sowie auch die zahlreichen Umnutzungen eines gro\u00dfen Geb\u00e4udekomplexes infolge der politischen Umbr\u00fcche des 20. Jahrhunderts vom Sanatorium \u00fcber die Ausbildungsst\u00e4tte einer NS-Organisation bis zum Alten- bzw. Feierabendheim.\" \/>\n<meta property=\"og:url\" content=\"https:\/\/shop.verlag.uni-potsdam.de\/en\/shop\/100-jahre-falkensee\/\" \/>\n<meta property=\"og:site_name\" content=\"Universit\u00e4tsverlag Potsdam\" \/>\n<meta property=\"article:modified_time\" content=\"2026-03-23T10:56:57+00:00\" \/>\n<meta property=\"og:image\" content=\"https:\/\/shop.verlag.uni-potsdam.de\/wp-content\/uploads\/asolmerce\/image-u1_arbor02_rgb.jpg\" \/>\n\t<meta property=\"og:image:width\" content=\"1813\" \/>\n\t<meta property=\"og:image:height\" content=\"2560\" \/>\n\t<meta property=\"og:image:type\" content=\"image\/jpeg\" \/>\n<meta name=\"twitter:card\" content=\"summary_large_image\" \/>\n<script type=\"application\/ld+json\" class=\"yoast-schema-graph\">{\"@context\":\"https:\/\/schema.org\",\"@graph\":[{\"@type\":\"WebPage\",\"@id\":\"https:\/\/shop.verlag.uni-potsdam.de\/en\/shop\/100-jahre-falkensee\/\",\"url\":\"https:\/\/shop.verlag.uni-potsdam.de\/en\/shop\/100-jahre-falkensee\/\",\"name\":\"100 Jahre Falkensee - Universit\u00e4tsverlag Potsdam\",\"isPartOf\":{\"@id\":\"https:\/\/shop.verlag.uni-potsdam.de\/en\/#website\"},\"primaryImageOfPage\":{\"@id\":\"https:\/\/shop.verlag.uni-potsdam.de\/en\/shop\/100-jahre-falkensee\/#primaryimage\"},\"image\":{\"@id\":\"https:\/\/shop.verlag.uni-potsdam.de\/shop\/100-jahre-falkensee\/#primaryimage\"},\"thumbnailUrl\":\"https:\/\/shop.verlag.uni-potsdam.de\/wp-content\/uploads\/asolmerce\/image-u1_arbor02_rgb.jpg\",\"datePublished\":\"2026-03-23T08:55:57+00:00\",\"dateModified\":\"2026-03-23T10:56:57+00:00\",\"breadcrumb\":{\"@id\":\"https:\/\/shop.verlag.uni-potsdam.de\/en\/shop\/100-jahre-falkensee\/#breadcrumb\"},\"inLanguage\":\"en-US\",\"potentialAction\":[{\"@type\":\"ReadAction\",\"target\":[[\"https:\/\/shop.verlag.uni-potsdam.de\/en\/shop\/100-jahre-falkensee\/\"]]}]},{\"@type\":\"ImageObject\",\"inLanguage\":\"en-US\",\"@id\":\"https:\/\/shop.verlag.uni-potsdam.de\/en\/shop\/100-jahre-falkensee\/#primaryimage\",\"url\":\"https:\/\/shop.verlag.uni-potsdam.de\/wp-content\/uploads\/asolmerce\/image-u1_arbor02_rgb.jpg\",\"contentUrl\":\"https:\/\/shop.verlag.uni-potsdam.de\/wp-content\/uploads\/asolmerce\/image-u1_arbor02_rgb.jpg\",\"width\":1813,\"height\":2560},{\"@type\":\"BreadcrumbList\",\"@id\":\"https:\/\/shop.verlag.uni-potsdam.de\/en\/shop\/100-jahre-falkensee\/#breadcrumb\",\"itemListElement\":[{\"@type\":\"ListItem\",\"position\":1,\"name\":\"Startseite\",\"item\":\"https:\/\/shop.verlag.uni-potsdam.de\/en\/\"},{\"@type\":\"ListItem\",\"position\":2,\"name\":\"Shop\",\"item\":\"https:\/\/shop.verlag.uni-potsdam.de\/en\/shop\/\"},{\"@type\":\"ListItem\",\"position\":3,\"name\":\"100 Jahre Falkensee\"}]},{\"@type\":\"WebSite\",\"@id\":\"https:\/\/shop.verlag.uni-potsdam.de\/en\/#website\",\"url\":\"https:\/\/shop.verlag.uni-potsdam.de\/en\/\",\"name\":\"Universit\u00e4tsverlag Potsdam\",\"description\":\"\",\"publisher\":{\"@id\":\"https:\/\/shop.verlag.uni-potsdam.de\/en\/#organization\"},\"potentialAction\":[{\"@type\":\"SearchAction\",\"target\":{\"@type\":\"EntryPoint\",\"urlTemplate\":\"https:\/\/shop.verlag.uni-potsdam.de\/en\/?s={search_term_string}\"},\"query-input\":{\"@type\":\"PropertyValueSpecification\",\"valueRequired\":true,\"valueName\":\"search_term_string\"}}],\"inLanguage\":\"en-US\"},{\"@type\":\"Organization\",\"@id\":\"https:\/\/shop.verlag.uni-potsdam.de\/en\/#organization\",\"name\":\"Universit\u00e4tsverlag Potsdam\",\"url\":\"https:\/\/shop.verlag.uni-potsdam.de\/en\/\",\"logo\":{\"@type\":\"ImageObject\",\"inLanguage\":\"en-US\",\"@id\":\"https:\/\/shop.verlag.uni-potsdam.de\/en\/#\/schema\/logo\/image\/\",\"url\":\"https:\/\/shop.verlag.uni-potsdam.de\/wp-content\/uploads\/2017\/04\/up_logo_university_2.png\",\"contentUrl\":\"https:\/\/shop.verlag.uni-potsdam.de\/wp-content\/uploads\/2017\/04\/up_logo_university_2.png\",\"width\":160,\"height\":172,\"caption\":\"Universit\u00e4tsverlag Potsdam\"},\"image\":{\"@id\":\"https:\/\/shop.verlag.uni-potsdam.de\/en\/#\/schema\/logo\/image\/\"}}]}<\/script>\n<!-- \/ Yoast SEO plugin. -->","yoast_head_json":{"title":"100 Jahre Falkensee - Universit\u00e4tsverlag Potsdam","robots":{"index":"index","follow":"follow","max-snippet":"max-snippet:-1","max-image-preview":"max-image-preview:large","max-video-preview":"max-video-preview:-1"},"canonical":"https:\/\/shop.verlag.uni-potsdam.de\/en\/shop\/100-jahre-falkensee\/","og_locale":"en_US","og_type":"article","og_title":"100 Jahre Falkensee - Universit\u00e4tsverlag Potsdam","og_description":"Die vier Beitr\u00e4ge behandeln die vielf\u00e4ltigen Wandlungen der heutigen Stadt Falkensee vom 18. bis zum 20. Jahrhundert: die k\u00f6nigliche Dom\u00e4ne Falkenhagen und das adlige Gut Seegefeld, die schwierige Vereinigung dieser beiden Landgemeinden zu einer neuen Gemeinde unter neuem Namen nach dem Ersten Weltkrieg, die Schicksale des Berliner Vorortes und Zwangsarbeiter-Lagerortes unter der nationalsozialistischen Diktatur sowie auch die zahlreichen Umnutzungen eines gro\u00dfen Geb\u00e4udekomplexes infolge der politischen Umbr\u00fcche des 20. Jahrhunderts vom Sanatorium \u00fcber die Ausbildungsst\u00e4tte einer NS-Organisation bis zum Alten- bzw. Feierabendheim.","og_url":"https:\/\/shop.verlag.uni-potsdam.de\/en\/shop\/100-jahre-falkensee\/","og_site_name":"Universit\u00e4tsverlag Potsdam","article_modified_time":"2026-03-23T10:56:57+00:00","og_image":[{"width":1813,"height":2560,"url":"https:\/\/shop.verlag.uni-potsdam.de\/wp-content\/uploads\/asolmerce\/image-u1_arbor02_rgb.jpg","type":"image\/jpeg"}],"twitter_card":"summary_large_image","schema":{"@context":"https:\/\/schema.org","@graph":[{"@type":"WebPage","@id":"https:\/\/shop.verlag.uni-potsdam.de\/en\/shop\/100-jahre-falkensee\/","url":"https:\/\/shop.verlag.uni-potsdam.de\/en\/shop\/100-jahre-falkensee\/","name":"100 Jahre Falkensee - Universit\u00e4tsverlag Potsdam","isPartOf":{"@id":"https:\/\/shop.verlag.uni-potsdam.de\/en\/#website"},"primaryImageOfPage":{"@id":"https:\/\/shop.verlag.uni-potsdam.de\/en\/shop\/100-jahre-falkensee\/#primaryimage"},"image":{"@id":"https:\/\/shop.verlag.uni-potsdam.de\/shop\/100-jahre-falkensee\/#primaryimage"},"thumbnailUrl":"https:\/\/shop.verlag.uni-potsdam.de\/wp-content\/uploads\/asolmerce\/image-u1_arbor02_rgb.jpg","datePublished":"2026-03-23T08:55:57+00:00","dateModified":"2026-03-23T10:56:57+00:00","breadcrumb":{"@id":"https:\/\/shop.verlag.uni-potsdam.de\/en\/shop\/100-jahre-falkensee\/#breadcrumb"},"inLanguage":"en-US","potentialAction":[{"@type":"ReadAction","target":[["https:\/\/shop.verlag.uni-potsdam.de\/en\/shop\/100-jahre-falkensee\/"]]}]},{"@type":"ImageObject","inLanguage":"en-US","@id":"https:\/\/shop.verlag.uni-potsdam.de\/en\/shop\/100-jahre-falkensee\/#primaryimage","url":"https:\/\/shop.verlag.uni-potsdam.de\/wp-content\/uploads\/asolmerce\/image-u1_arbor02_rgb.jpg","contentUrl":"https:\/\/shop.verlag.uni-potsdam.de\/wp-content\/uploads\/asolmerce\/image-u1_arbor02_rgb.jpg","width":1813,"height":2560},{"@type":"BreadcrumbList","@id":"https:\/\/shop.verlag.uni-potsdam.de\/en\/shop\/100-jahre-falkensee\/#breadcrumb","itemListElement":[{"@type":"ListItem","position":1,"name":"Startseite","item":"https:\/\/shop.verlag.uni-potsdam.de\/en\/"},{"@type":"ListItem","position":2,"name":"Shop","item":"https:\/\/shop.verlag.uni-potsdam.de\/en\/shop\/"},{"@type":"ListItem","position":3,"name":"100 Jahre Falkensee"}]},{"@type":"WebSite","@id":"https:\/\/shop.verlag.uni-potsdam.de\/en\/#website","url":"https:\/\/shop.verlag.uni-potsdam.de\/en\/","name":"Universit\u00e4tsverlag Potsdam","description":"","publisher":{"@id":"https:\/\/shop.verlag.uni-potsdam.de\/en\/#organization"},"potentialAction":[{"@type":"SearchAction","target":{"@type":"EntryPoint","urlTemplate":"https:\/\/shop.verlag.uni-potsdam.de\/en\/?s={search_term_string}"},"query-input":{"@type":"PropertyValueSpecification","valueRequired":true,"valueName":"search_term_string"}}],"inLanguage":"en-US"},{"@type":"Organization","@id":"https:\/\/shop.verlag.uni-potsdam.de\/en\/#organization","name":"Universit\u00e4tsverlag Potsdam","url":"https:\/\/shop.verlag.uni-potsdam.de\/en\/","logo":{"@type":"ImageObject","inLanguage":"en-US","@id":"https:\/\/shop.verlag.uni-potsdam.de\/en\/#\/schema\/logo\/image\/","url":"https:\/\/shop.verlag.uni-potsdam.de\/wp-content\/uploads\/2017\/04\/up_logo_university_2.png","contentUrl":"https:\/\/shop.verlag.uni-potsdam.de\/wp-content\/uploads\/2017\/04\/up_logo_university_2.png","width":160,"height":172,"caption":"Universit\u00e4tsverlag Potsdam"},"image":{"@id":"https:\/\/shop.verlag.uni-potsdam.de\/en\/#\/schema\/logo\/image\/"}}]}},"_links":{"self":[{"href":"https:\/\/shop.verlag.uni-potsdam.de\/en\/wp-json\/wp\/v2\/product\/96401","targetHints":{"allow":["GET"]}}],"collection":[{"href":"https:\/\/shop.verlag.uni-potsdam.de\/en\/wp-json\/wp\/v2\/product"}],"about":[{"href":"https:\/\/shop.verlag.uni-potsdam.de\/en\/wp-json\/wp\/v2\/types\/product"}],"wp:featuredmedia":[{"embeddable":true,"href":"https:\/\/shop.verlag.uni-potsdam.de\/en\/wp-json\/wp\/v2\/media\/96445"}],"wp:attachment":[{"href":"https:\/\/shop.verlag.uni-potsdam.de\/en\/wp-json\/wp\/v2\/media?parent=96401"}],"wp:term":[{"taxonomy":"product_brand","embeddable":true,"href":"https:\/\/shop.verlag.uni-potsdam.de\/en\/wp-json\/wp\/v2\/product_brand?post=96401"},{"taxonomy":"product_cat","embeddable":true,"href":"https:\/\/shop.verlag.uni-potsdam.de\/en\/wp-json\/wp\/v2\/product_cat?post=96401"},{"taxonomy":"product_tag","embeddable":true,"href":"https:\/\/shop.verlag.uni-potsdam.de\/en\/wp-json\/wp\/v2\/product_tag?post=96401"}],"curies":[{"name":"wp","href":"https:\/\/api.w.org\/{rel}","templated":true}]}}