{"id":96402,"date":"2026-04-27T05:38:30","date_gmt":"2026-04-27T05:38:30","guid":{"rendered":"https:\/\/shop.verlag.uni-potsdam.de\/shop\/empty-product-container-13\/"},"modified":"2026-04-27T09:39:30","modified_gmt":"2026-04-27T07:39:30","slug":"das-blutbad-an-italienischen-zwangsarbeitern-am-23-april-1945-bei-treuenbrietzen","status":"publish","type":"product","link":"https:\/\/shop.verlag.uni-potsdam.de\/en\/shop\/das-blutbad-an-italienischen-zwangsarbeitern-am-23-april-1945-bei-treuenbrietzen\/","title":{"rendered":"Das Blutbad an italienischen Zwangsarbeitern am 23. April 1945 bei Treuenbrietzen"},"content":{"rendered":"<p class=\"qtranxs-available-languages-message qtranxs-available-languages-message-en\">Sorry, this entry is only available in <a href=\"https:\/\/shop.verlag.uni-potsdam.de\/de\/wp-json\/wp\/v2\/product\/96402\" class=\"qtranxs-available-language-link qtranxs-available-language-link-de\" title=\"Deutsch\">Deutsch<\/a>.<\/p><p>Der Beitrag rekonstruiert ein Verbrechen vom Ende des Zweiten Weltkriegs. Am 23. April 1945 \u00fcberfielen bewaffnete Deutsche ein zuvor schon von der Roten Armee befreites Zwangsarbeiterlager bei Treuenbrietzen, sonderten um 150 Italiener aus, marschierten mit 130 von ihnen zu einer Sandgrube bei dem Dorf Nichel und erschossen sie dort. Warum man 20 M\u00e4nner verschonte, wurde nie gekl\u00e4rt. Sp\u00e4ter wurden 127 Opfer geborgen. Die T\u00e4ter wurden nie ermittelt. Als ein \u201eBericht \u00fcber Berichte\u201c rekonstruiert der Beitrag die Tat in einer chronologischen Darstellung der \u00fcberkommenen Berichte \u00fcber sie. So treten die subjektive Pr\u00e4gung und die Widerspr\u00fcche von Erinnerungen im Laufe der Zeit hervor. Als Forschungsaufgaben werden die Suche nach Nachl\u00e4ssen der 20 von dem Massaker Verschonten und die Analyse des Scheiterns der Strafverfolgung benannt. Die Bedeutung der mikrohistorischen Rekonstruktion der Tat f\u00fcr die Erinnerungskultur und der Charakter der Tat als Teil der regionalen Geschichte werden betont.<\/p>","protected":false},"excerpt":{"rendered":"<p class=\"qtranxs-available-languages-message qtranxs-available-languages-message-en\">Sorry, this entry is only available in <a href=\"https:\/\/shop.verlag.uni-potsdam.de\/de\/wp-json\/wp\/v2\/product\/96402\" class=\"qtranxs-available-language-link qtranxs-available-language-link-de\" title=\"Deutsch\">Deutsch<\/a>.<\/p>\n<p>Der Beitrag rekonstruiert ein Verbrechen vom Ende des Zweiten Weltkriegs. Am 23. April 1945 \u00fcberfielen bewaffnete Deutsche ein zuvor schon von der Roten Armee befreites Zwangsarbeiterlager bei Treuenbrietzen, sonderten um 150 Italiener aus, marschierten mit 130 von ihnen zu einer Sandgrube bei dem Dorf Nichel und erschossen sie dort. Warum man 20 M\u00e4nner verschonte, wurde nie gekl\u00e4rt. Sp\u00e4ter wurden 127 Opfer geborgen. Die T\u00e4ter wurden nie ermittelt. Als ein \u201eBericht \u00fcber Berichte\u201c rekonstruiert der Beitrag die Tat in einer chronologischen Darstellung der \u00fcberkommenen Berichte \u00fcber sie. So treten die subjektive Pr\u00e4gung und die Widerspr\u00fcche von Erinnerungen im Laufe der Zeit hervor. Als Forschungsaufgaben werden die Suche nach Nachl\u00e4ssen der 20 von dem Massaker Verschonten und die Analyse des Scheiterns der Strafverfolgung benannt. Die Bedeutung der mikrohistorischen Rekonstruktion der Tat f\u00fcr die Erinnerungskultur und der Charakter der Tat als Teil der regionalen Geschichte werden betont.<\/p>\n","protected":false},"featured_media":96431,"template":"","meta":{"_acf_changed":false},"product_brand":[],"product_cat":[6207],"product_tag":[],"class_list":{"0":"post-96402","1":"product","2":"type-product","3":"status-publish","4":"has-post-thumbnail","6":"product_cat-geschichte-web-kategorie","7":"autor-thomas-peter-gallon","9":"first","10":"instock","11":"shipping-taxable","12":"purchasable","13":"product-type-simple"},"acf":[],"yoast_head":"<!-- This site is optimized with the Yoast SEO plugin v27.1.1 - https:\/\/yoast.com\/product\/yoast-seo-wordpress\/ -->\n<title>Das Blutbad an italienischen Zwangsarbeitern am 23. April 1945 bei Treuenbrietzen - Universit\u00e4tsverlag Potsdam<\/title>\n<meta name=\"robots\" content=\"index, follow, max-snippet:-1, max-image-preview:large, max-video-preview:-1\" \/>\n<link rel=\"canonical\" href=\"https:\/\/shop.verlag.uni-potsdam.de\/en\/shop\/das-blutbad-an-italienischen-zwangsarbeitern-am-23-april-1945-bei-treuenbrietzen\/\" \/>\n<meta property=\"og:locale\" content=\"en_US\" \/>\n<meta property=\"og:type\" content=\"article\" \/>\n<meta property=\"og:title\" content=\"Das Blutbad an italienischen Zwangsarbeitern am 23. April 1945 bei Treuenbrietzen - Universit\u00e4tsverlag Potsdam\" \/>\n<meta property=\"og:description\" content=\"Der Beitrag rekonstruiert ein Verbrechen vom Ende des Zweiten Weltkriegs. Am 23. April 1945 \u00fcberfielen bewaffnete Deutsche ein zuvor schon von der Roten Armee befreites Zwangsarbeiterlager bei Treuenbrietzen, sonderten um 150 Italiener aus, marschierten mit 130 von ihnen zu einer Sandgrube bei dem Dorf Nichel und erschossen sie dort. Warum man 20 M\u00e4nner verschonte, wurde nie gekl\u00e4rt. Sp\u00e4ter wurden 127 Opfer geborgen. Die T\u00e4ter wurden nie ermittelt. Als ein \u201eBericht \u00fcber Berichte\u201c rekonstruiert der Beitrag die Tat in einer chronologischen Darstellung der \u00fcberkommenen Berichte \u00fcber sie. So treten die subjektive Pr\u00e4gung und die Widerspr\u00fcche von Erinnerungen im Laufe der Zeit hervor. Als Forschungsaufgaben werden die Suche nach Nachl\u00e4ssen der 20 von dem Massaker Verschonten und die Analyse des Scheiterns der Strafverfolgung benannt. Die Bedeutung der mikrohistorischen Rekonstruktion der Tat f\u00fcr die Erinnerungskultur und der Charakter der Tat als Teil der regionalen Geschichte werden betont.\" \/>\n<meta property=\"og:url\" content=\"https:\/\/shop.verlag.uni-potsdam.de\/en\/shop\/das-blutbad-an-italienischen-zwangsarbeitern-am-23-april-1945-bei-treuenbrietzen\/\" \/>\n<meta property=\"og:site_name\" content=\"Universit\u00e4tsverlag Potsdam\" \/>\n<meta property=\"article:modified_time\" content=\"2026-04-27T07:39:30+00:00\" \/>\n<meta property=\"og:image\" content=\"https:\/\/shop.verlag.uni-potsdam.de\/wp-content\/uploads\/asolmerce\/image-u1_978-3-86956-593-4.jpg\" \/>\n\t<meta property=\"og:image:width\" content=\"1813\" \/>\n\t<meta property=\"og:image:height\" content=\"2560\" \/>\n\t<meta property=\"og:image:type\" content=\"image\/jpeg\" \/>\n<meta name=\"twitter:card\" content=\"summary_large_image\" \/>\n<meta name=\"twitter:label1\" content=\"Est. reading time\" \/>\n\t<meta name=\"twitter:data1\" content=\"1 minute\" \/>\n<script type=\"application\/ld+json\" class=\"yoast-schema-graph\">{\"@context\":\"https:\/\/schema.org\",\"@graph\":[{\"@type\":\"WebPage\",\"@id\":\"https:\/\/shop.verlag.uni-potsdam.de\/en\/shop\/das-blutbad-an-italienischen-zwangsarbeitern-am-23-april-1945-bei-treuenbrietzen\/\",\"url\":\"https:\/\/shop.verlag.uni-potsdam.de\/en\/shop\/das-blutbad-an-italienischen-zwangsarbeitern-am-23-april-1945-bei-treuenbrietzen\/\",\"name\":\"Das Blutbad an italienischen Zwangsarbeitern am 23. April 1945 bei Treuenbrietzen - Universit\u00e4tsverlag Potsdam\",\"isPartOf\":{\"@id\":\"https:\/\/shop.verlag.uni-potsdam.de\/en\/#website\"},\"primaryImageOfPage\":{\"@id\":\"https:\/\/shop.verlag.uni-potsdam.de\/en\/shop\/das-blutbad-an-italienischen-zwangsarbeitern-am-23-april-1945-bei-treuenbrietzen\/#primaryimage\"},\"image\":{\"@id\":\"https:\/\/shop.verlag.uni-potsdam.de\/shop\/das-blutbad-an-italienischen-zwangsarbeitern-am-23-april-1945-bei-treuenbrietzen\/#primaryimage\"},\"thumbnailUrl\":\"https:\/\/shop.verlag.uni-potsdam.de\/wp-content\/uploads\/asolmerce\/image-u1_978-3-86956-593-4.jpg\",\"datePublished\":\"2026-04-27T05:38:30+00:00\",\"dateModified\":\"2026-04-27T07:39:30+00:00\",\"breadcrumb\":{\"@id\":\"https:\/\/shop.verlag.uni-potsdam.de\/en\/shop\/das-blutbad-an-italienischen-zwangsarbeitern-am-23-april-1945-bei-treuenbrietzen\/#breadcrumb\"},\"inLanguage\":\"en-US\",\"potentialAction\":[{\"@type\":\"ReadAction\",\"target\":[[\"https:\/\/shop.verlag.uni-potsdam.de\/en\/shop\/das-blutbad-an-italienischen-zwangsarbeitern-am-23-april-1945-bei-treuenbrietzen\/\"]]}]},{\"@type\":\"ImageObject\",\"inLanguage\":\"en-US\",\"@id\":\"https:\/\/shop.verlag.uni-potsdam.de\/en\/shop\/das-blutbad-an-italienischen-zwangsarbeitern-am-23-april-1945-bei-treuenbrietzen\/#primaryimage\",\"url\":\"https:\/\/shop.verlag.uni-potsdam.de\/wp-content\/uploads\/asolmerce\/image-u1_978-3-86956-593-4.jpg\",\"contentUrl\":\"https:\/\/shop.verlag.uni-potsdam.de\/wp-content\/uploads\/asolmerce\/image-u1_978-3-86956-593-4.jpg\",\"width\":1813,\"height\":2560},{\"@type\":\"BreadcrumbList\",\"@id\":\"https:\/\/shop.verlag.uni-potsdam.de\/en\/shop\/das-blutbad-an-italienischen-zwangsarbeitern-am-23-april-1945-bei-treuenbrietzen\/#breadcrumb\",\"itemListElement\":[{\"@type\":\"ListItem\",\"position\":1,\"name\":\"Startseite\",\"item\":\"https:\/\/shop.verlag.uni-potsdam.de\/en\/\"},{\"@type\":\"ListItem\",\"position\":2,\"name\":\"Shop\",\"item\":\"https:\/\/shop.verlag.uni-potsdam.de\/en\/shop\/\"},{\"@type\":\"ListItem\",\"position\":3,\"name\":\"Das Blutbad an italienischen Zwangsarbeitern am 23. April 1945 bei Treuenbrietzen\"}]},{\"@type\":\"WebSite\",\"@id\":\"https:\/\/shop.verlag.uni-potsdam.de\/en\/#website\",\"url\":\"https:\/\/shop.verlag.uni-potsdam.de\/en\/\",\"name\":\"Universit\u00e4tsverlag Potsdam\",\"description\":\"\",\"publisher\":{\"@id\":\"https:\/\/shop.verlag.uni-potsdam.de\/en\/#organization\"},\"potentialAction\":[{\"@type\":\"SearchAction\",\"target\":{\"@type\":\"EntryPoint\",\"urlTemplate\":\"https:\/\/shop.verlag.uni-potsdam.de\/en\/?s={search_term_string}\"},\"query-input\":{\"@type\":\"PropertyValueSpecification\",\"valueRequired\":true,\"valueName\":\"search_term_string\"}}],\"inLanguage\":\"en-US\"},{\"@type\":\"Organization\",\"@id\":\"https:\/\/shop.verlag.uni-potsdam.de\/en\/#organization\",\"name\":\"Universit\u00e4tsverlag Potsdam\",\"url\":\"https:\/\/shop.verlag.uni-potsdam.de\/en\/\",\"logo\":{\"@type\":\"ImageObject\",\"inLanguage\":\"en-US\",\"@id\":\"https:\/\/shop.verlag.uni-potsdam.de\/en\/#\/schema\/logo\/image\/\",\"url\":\"https:\/\/shop.verlag.uni-potsdam.de\/wp-content\/uploads\/2017\/04\/up_logo_university_2.png\",\"contentUrl\":\"https:\/\/shop.verlag.uni-potsdam.de\/wp-content\/uploads\/2017\/04\/up_logo_university_2.png\",\"width\":160,\"height\":172,\"caption\":\"Universit\u00e4tsverlag Potsdam\"},\"image\":{\"@id\":\"https:\/\/shop.verlag.uni-potsdam.de\/en\/#\/schema\/logo\/image\/\"}}]}<\/script>\n<!-- \/ Yoast SEO plugin. -->","yoast_head_json":{"title":"Das Blutbad an italienischen Zwangsarbeitern am 23. April 1945 bei Treuenbrietzen - Universit\u00e4tsverlag Potsdam","robots":{"index":"index","follow":"follow","max-snippet":"max-snippet:-1","max-image-preview":"max-image-preview:large","max-video-preview":"max-video-preview:-1"},"canonical":"https:\/\/shop.verlag.uni-potsdam.de\/en\/shop\/das-blutbad-an-italienischen-zwangsarbeitern-am-23-april-1945-bei-treuenbrietzen\/","og_locale":"en_US","og_type":"article","og_title":"Das Blutbad an italienischen Zwangsarbeitern am 23. April 1945 bei Treuenbrietzen - Universit\u00e4tsverlag Potsdam","og_description":"Der Beitrag rekonstruiert ein Verbrechen vom Ende des Zweiten Weltkriegs. Am 23. April 1945 \u00fcberfielen bewaffnete Deutsche ein zuvor schon von der Roten Armee befreites Zwangsarbeiterlager bei Treuenbrietzen, sonderten um 150 Italiener aus, marschierten mit 130 von ihnen zu einer Sandgrube bei dem Dorf Nichel und erschossen sie dort. Warum man 20 M\u00e4nner verschonte, wurde nie gekl\u00e4rt. Sp\u00e4ter wurden 127 Opfer geborgen. Die T\u00e4ter wurden nie ermittelt. Als ein \u201eBericht \u00fcber Berichte\u201c rekonstruiert der Beitrag die Tat in einer chronologischen Darstellung der \u00fcberkommenen Berichte \u00fcber sie. So treten die subjektive Pr\u00e4gung und die Widerspr\u00fcche von Erinnerungen im Laufe der Zeit hervor. Als Forschungsaufgaben werden die Suche nach Nachl\u00e4ssen der 20 von dem Massaker Verschonten und die Analyse des Scheiterns der Strafverfolgung benannt. Die Bedeutung der mikrohistorischen Rekonstruktion der Tat f\u00fcr die Erinnerungskultur und der Charakter der Tat als Teil der regionalen Geschichte werden betont.","og_url":"https:\/\/shop.verlag.uni-potsdam.de\/en\/shop\/das-blutbad-an-italienischen-zwangsarbeitern-am-23-april-1945-bei-treuenbrietzen\/","og_site_name":"Universit\u00e4tsverlag Potsdam","article_modified_time":"2026-04-27T07:39:30+00:00","og_image":[{"width":1813,"height":2560,"url":"https:\/\/shop.verlag.uni-potsdam.de\/wp-content\/uploads\/asolmerce\/image-u1_978-3-86956-593-4.jpg","type":"image\/jpeg"}],"twitter_card":"summary_large_image","twitter_misc":{"Est. reading time":"1 minute"},"schema":{"@context":"https:\/\/schema.org","@graph":[{"@type":"WebPage","@id":"https:\/\/shop.verlag.uni-potsdam.de\/en\/shop\/das-blutbad-an-italienischen-zwangsarbeitern-am-23-april-1945-bei-treuenbrietzen\/","url":"https:\/\/shop.verlag.uni-potsdam.de\/en\/shop\/das-blutbad-an-italienischen-zwangsarbeitern-am-23-april-1945-bei-treuenbrietzen\/","name":"Das Blutbad an italienischen Zwangsarbeitern am 23. April 1945 bei Treuenbrietzen - Universit\u00e4tsverlag Potsdam","isPartOf":{"@id":"https:\/\/shop.verlag.uni-potsdam.de\/en\/#website"},"primaryImageOfPage":{"@id":"https:\/\/shop.verlag.uni-potsdam.de\/en\/shop\/das-blutbad-an-italienischen-zwangsarbeitern-am-23-april-1945-bei-treuenbrietzen\/#primaryimage"},"image":{"@id":"https:\/\/shop.verlag.uni-potsdam.de\/shop\/das-blutbad-an-italienischen-zwangsarbeitern-am-23-april-1945-bei-treuenbrietzen\/#primaryimage"},"thumbnailUrl":"https:\/\/shop.verlag.uni-potsdam.de\/wp-content\/uploads\/asolmerce\/image-u1_978-3-86956-593-4.jpg","datePublished":"2026-04-27T05:38:30+00:00","dateModified":"2026-04-27T07:39:30+00:00","breadcrumb":{"@id":"https:\/\/shop.verlag.uni-potsdam.de\/en\/shop\/das-blutbad-an-italienischen-zwangsarbeitern-am-23-april-1945-bei-treuenbrietzen\/#breadcrumb"},"inLanguage":"en-US","potentialAction":[{"@type":"ReadAction","target":[["https:\/\/shop.verlag.uni-potsdam.de\/en\/shop\/das-blutbad-an-italienischen-zwangsarbeitern-am-23-april-1945-bei-treuenbrietzen\/"]]}]},{"@type":"ImageObject","inLanguage":"en-US","@id":"https:\/\/shop.verlag.uni-potsdam.de\/en\/shop\/das-blutbad-an-italienischen-zwangsarbeitern-am-23-april-1945-bei-treuenbrietzen\/#primaryimage","url":"https:\/\/shop.verlag.uni-potsdam.de\/wp-content\/uploads\/asolmerce\/image-u1_978-3-86956-593-4.jpg","contentUrl":"https:\/\/shop.verlag.uni-potsdam.de\/wp-content\/uploads\/asolmerce\/image-u1_978-3-86956-593-4.jpg","width":1813,"height":2560},{"@type":"BreadcrumbList","@id":"https:\/\/shop.verlag.uni-potsdam.de\/en\/shop\/das-blutbad-an-italienischen-zwangsarbeitern-am-23-april-1945-bei-treuenbrietzen\/#breadcrumb","itemListElement":[{"@type":"ListItem","position":1,"name":"Startseite","item":"https:\/\/shop.verlag.uni-potsdam.de\/en\/"},{"@type":"ListItem","position":2,"name":"Shop","item":"https:\/\/shop.verlag.uni-potsdam.de\/en\/shop\/"},{"@type":"ListItem","position":3,"name":"Das Blutbad an italienischen Zwangsarbeitern am 23. April 1945 bei Treuenbrietzen"}]},{"@type":"WebSite","@id":"https:\/\/shop.verlag.uni-potsdam.de\/en\/#website","url":"https:\/\/shop.verlag.uni-potsdam.de\/en\/","name":"Universit\u00e4tsverlag Potsdam","description":"","publisher":{"@id":"https:\/\/shop.verlag.uni-potsdam.de\/en\/#organization"},"potentialAction":[{"@type":"SearchAction","target":{"@type":"EntryPoint","urlTemplate":"https:\/\/shop.verlag.uni-potsdam.de\/en\/?s={search_term_string}"},"query-input":{"@type":"PropertyValueSpecification","valueRequired":true,"valueName":"search_term_string"}}],"inLanguage":"en-US"},{"@type":"Organization","@id":"https:\/\/shop.verlag.uni-potsdam.de\/en\/#organization","name":"Universit\u00e4tsverlag Potsdam","url":"https:\/\/shop.verlag.uni-potsdam.de\/en\/","logo":{"@type":"ImageObject","inLanguage":"en-US","@id":"https:\/\/shop.verlag.uni-potsdam.de\/en\/#\/schema\/logo\/image\/","url":"https:\/\/shop.verlag.uni-potsdam.de\/wp-content\/uploads\/2017\/04\/up_logo_university_2.png","contentUrl":"https:\/\/shop.verlag.uni-potsdam.de\/wp-content\/uploads\/2017\/04\/up_logo_university_2.png","width":160,"height":172,"caption":"Universit\u00e4tsverlag Potsdam"},"image":{"@id":"https:\/\/shop.verlag.uni-potsdam.de\/en\/#\/schema\/logo\/image\/"}}]}},"_links":{"self":[{"href":"https:\/\/shop.verlag.uni-potsdam.de\/en\/wp-json\/wp\/v2\/product\/96402","targetHints":{"allow":["GET"]}}],"collection":[{"href":"https:\/\/shop.verlag.uni-potsdam.de\/en\/wp-json\/wp\/v2\/product"}],"about":[{"href":"https:\/\/shop.verlag.uni-potsdam.de\/en\/wp-json\/wp\/v2\/types\/product"}],"wp:featuredmedia":[{"embeddable":true,"href":"https:\/\/shop.verlag.uni-potsdam.de\/en\/wp-json\/wp\/v2\/media\/96431"}],"wp:attachment":[{"href":"https:\/\/shop.verlag.uni-potsdam.de\/en\/wp-json\/wp\/v2\/media?parent=96402"}],"wp:term":[{"taxonomy":"product_brand","embeddable":true,"href":"https:\/\/shop.verlag.uni-potsdam.de\/en\/wp-json\/wp\/v2\/product_brand?post=96402"},{"taxonomy":"product_cat","embeddable":true,"href":"https:\/\/shop.verlag.uni-potsdam.de\/en\/wp-json\/wp\/v2\/product_cat?post=96402"},{"taxonomy":"product_tag","embeddable":true,"href":"https:\/\/shop.verlag.uni-potsdam.de\/en\/wp-json\/wp\/v2\/product_tag?post=96402"}],"curies":[{"name":"wp","href":"https:\/\/api.w.org\/{rel}","templated":true}]}}